{"id":20598,"date":"2024-05-23T06:14:38","date_gmt":"2024-05-23T06:14:38","guid":{"rendered":"https:\/\/narcopowders.com\/?post_type=product&#038;p=20598"},"modified":"2025-03-26T13:01:23","modified_gmt":"2025-03-26T13:01:23","slug":"buy-hep-powder-online","status":"publish","type":"product","link":"https:\/\/narcopowders.com\/fr\/produit\/buy-hep-powder-online\/","title":{"rendered":"Acheter la poudre HEP en ligne"},"content":{"rendered":"<h2>Acheter la poudre HEP en ligne<\/h2>\n<p><a href=\"https:\/\/en.wikipedia.org\/wiki\/HEP\">Acheter HEP en ligne<\/a>Un d\u00e9riv\u00e9 et une alternative \u00e0 la pyroval\u00e9rone est <a href=\"https:\/\/narcopowders.com\/fr\/\">Acheter la poudre HEP en ligne<\/a>Achetez de la poudre HEP en gros aupr\u00e8s du fabricant. Excellent produit \u00e0 un prix raisonnable, exp\u00e9di\u00e9 partout dans le monde.<\/p>\n<p>La poudre de HEP est un d\u00e9riv\u00e9 de la pyroval\u00e9rone et une cathinone substitu\u00e9e. La poudre de HEP suscite actuellement le m\u00eame int\u00e9r\u00eat dans la communaut\u00e9 scientifique internationale que la pyroval\u00e9rone et le MDPV et partage un grand nombre des m\u00eames propri\u00e9t\u00e9s chimiques.<\/p>\n<p>La poudre HEP, un substitut pr\u00e9cieux pour la recherche aux pyrrolidines tr\u00e8s recherch\u00e9es mais g\u00e9n\u00e9ralement ill\u00e9gales telles que le MDPV ou les d\u00e9riv\u00e9s de la famille des pip\u00e9ridines tels que le m\u00e9thylph\u00e9nidate, est d\u00e9sormais disponible \u00e0 l'achat gr\u00e2ce \u00e0 un d\u00e9veloppement r\u00e9cent de NarcoPowders.<\/p>\n<p>Vous avez l'opportunit\u00e9 incroyable d'obtenir de la poudre HEP tr\u00e8s pure de une entreprise qui a pour but de promouvoir l'utilisation de la poudre HEP. <a href=\"https:\/\/narcopowders.com\/fr\/produit\/buy-hep-powder-online\/\">NarcoPoudres<\/a>, a<\/p>\n<p>un fournisseur r\u00e9put\u00e9 et digne de confiance qui vous permet de mener des \u00e9tudes scientifiques avec les meilleurs produits chimiques du march\u00e9.<\/p>\n<h3>Acheter la poudre HEP en ligne<\/h3>\n<p>Les effets de <a href=\"https:\/\/www.bing.com\/search?q=Buy%20HEP%20Powder%20Online&amp;qs=n&amp;form=QBRE&amp;sp=-1&amp;ghc=1&amp;lq=0&amp;pq=buy%20hep%20powder%20online&amp;sc=12-21&amp;sk=&amp;cvid=1C5DD8DC75EA4E6F95B0B7F85F1A9860&amp;ghsh=0&amp;ghacc=0&amp;ghpl=\">HEP powder<\/a> Les effets de la poudre HEP peuvent \u00eatre tr\u00e8s comparables \u00e0 ceux du 2C-B et du 2C-I, les deux compos\u00e9s de recherche connus de la ph\u00e9n\u00e9thylamine substitu\u00e9e mentionn\u00e9s dans le PiHKAL d'Alexander Shulgin, d'apr\u00e8s la formule chimique de cette substance.<\/p>\n<p>Un lien \u00e9troit entre sa toxicit\u00e9 et le r\u00e9cepteur 5-HT2A pourrait aider \u00e0 pr\u00e9venir les maux de t\u00eate en grappe, ou la substance chimique HEP powder pourrait soulager la douleur psychologique associ\u00e9e au cancer en phase terminale.<\/p>\n<p>Veuillez noter que la recherche sur la poudre HEP ne peut \u00eatre men\u00e9e que dans des environnements de laboratoire v\u00e9rifi\u00e9s et que les \u00e9tudes in vivo avec des organismes vivants sont interdites. La poudre HEP peut \u00eatre conserv\u00e9e en toute s\u00e9curit\u00e9 \u00e0 temp\u00e9rature ambiante jusqu'\u00e0 2 ans. Avant de passer commande, veuillez v\u00e9rifier la l\u00e9gislation de votre pays concernant le statut l\u00e9gal de la poudre HEP.<\/p>\n<p><a href=\"https:\/\/duckduckgo.com\/?q=Buy+HEP+Powder+Online&amp;t=h_&amp;ia=web\">HEP Powder Online<\/a> HEP Powder Online est un d\u00e9riv\u00e9 de la pyroval\u00e9rone et une cathinone substitu\u00e9e. Achetez HEP Powder en vrac aupr\u00e8s du fabricant. Excellent produit \u00e0 un prix raisonnable, exp\u00e9di\u00e9 partout dans le monde, Buy HEP Online. <a href=\"https:\/\/www.google.com\/search?q=Buy+HEP+Powder+Online&amp;sca_esv=16def464f60f9903&amp;sxsrf=AHTn8zo5UArdsJI2UQiFduUMk2FJLwZ6Gg%3A1742993888386&amp;ei=4PnjZ4apF6KB0PEPl7278AU&amp;ved=0ahUKEwiGmcCc5qeMAxWiADQIHZfeDl4Q4dUDCBA&amp;uact=5&amp;oq=Buy+HEP+Powder+Online&amp;gs_lp=Egxnd3Mtd2l6LXNlcnAiFUJ1eSBIRVAgUG93ZGVyIE9ubGluZTIIEAAYCBgNGB4yCxAAGIAEGIYDGIoFMgsQABiABBiGAxiKBTIFEAAY7wUyBRAAGO8FMggQABiABBiiBDIFEAAY7wVIsAhQ3wNY3wNwAXgAkAEAmAH6AqAB-gKqAQMzLTG4AQPIAQD4AQL4AQGYAgKgAosDwgILEAAYgAQYsAMYogSYAwCIBgGQBgKSBwUxLjMtMaAH0AWyBwMzLTG4B4MD&amp;sclient=gws-wiz-serp\">Acheter HEP en ligne<\/a>.<\/p>","protected":false},"excerpt":{"rendered":"<p>Buy HEP Powder Online Buy HEP Online, A derivative and alternative to Pyrovalerone is Buy HEP Powder Online. Buy HEP Powder in bulk from the manufacturer. Excellent product at a reasonable price, shipped anywhere in the world . HEP powder is a pyrovalerone derivative and a substituted cathinone. HEP powder is currently attracting the same [&hellip;]<\/p>","protected":false},"featured_media":21286,"comment_status":"open","ping_status":"closed","template":"","meta":{"_joinchat":[]},"product_brand":[],"product_cat":[1599],"product_tag":[],"class_list":{"0":"post-20598","1":"product","2":"type-product","3":"status-publish","4":"has-post-thumbnail","6":"product_cat-stimulants","8":"first","9":"instock","10":"shipping-taxable","11":"purchasable","12":"product-type-variable","13":"add-to-wishlist-after_add_to_cart"},"yoast_head":"<!-- This site is optimized with the Yoast SEO plugin v25.9 - https:\/\/yoast.com\/wordpress\/plugins\/seo\/ -->\n<title>Buy HEP Powder Online - HEP Powder for Sale - Order HEP<\/title>\n<meta name=\"description\" content=\"If you are looking for best place to buy HEP powder online at low price, narcopowders is a leading online powder shop for HEP powder for sale. Order Now!\" \/>\n<meta name=\"robots\" content=\"index, follow, max-snippet:-1, max-image-preview:large, max-video-preview:-1\" \/>\n<link rel=\"canonical\" href=\"https:\/\/narcopowders.com\/fr\/produit\/buy-hep-powder-online\/\" \/>\n<meta property=\"og:locale\" content=\"fr_FR\" \/>\n<meta property=\"og:type\" content=\"article\" \/>\n<meta property=\"og:title\" content=\"Buy HEP Powder Online - HEP Powder for Sale - Order HEP\" \/>\n<meta property=\"og:description\" content=\"If you are looking for best place to buy HEP powder online at low price, narcopowders is a leading online powder shop for HEP powder for sale. Order Now!\" \/>\n<meta property=\"og:url\" content=\"https:\/\/narcopowders.com\/fr\/produit\/buy-hep-powder-online\/\" \/>\n<meta property=\"og:site_name\" content=\"Narco Powders\" \/>\n<meta property=\"article:modified_time\" content=\"2025-03-26T13:01:23+00:00\" \/>\n<meta property=\"og:image\" content=\"https:\/\/narcopowders.com\/wp-content\/uploads\/2024\/05\/Hep.gif\" \/>\n\t<meta property=\"og:image:width\" content=\"600\" \/>\n\t<meta property=\"og:image:height\" content=\"600\" \/>\n\t<meta property=\"og:image:type\" content=\"image\/gif\" \/>\n<meta name=\"twitter:card\" content=\"summary_large_image\" \/>\n<meta name=\"twitter:label1\" content=\"Dur\u00e9e de lecture estim\u00e9e\" \/>\n\t<meta name=\"twitter:data1\" content=\"2 minutes\" \/>\n<!-- \/ Yoast SEO plugin. -->","yoast_head_json":{"title":"Acheter de la poudre de HEP en ligne - Vente de poudre de HEP - Commande de HEP","description":"Si vous cherchez le meilleur endroit pour acheter de la poudre HEP en ligne \u00e0 bas prix, narcopowders est un magasin de poudre en ligne de premier plan pour la poudre HEP \u00e0 vendre. Commandez maintenant !","robots":{"index":"index","follow":"follow","max-snippet":"max-snippet:-1","max-image-preview":"max-image-preview:large","max-video-preview":"max-video-preview:-1"},"canonical":"https:\/\/narcopowders.com\/fr\/produit\/buy-hep-powder-online\/","og_locale":"fr_FR","og_type":"article","og_title":"Buy HEP Powder Online - HEP Powder for Sale - Order HEP","og_description":"If you are looking for best place to buy HEP powder online at low price, narcopowders is a leading online powder shop for HEP powder for sale. Order Now!","og_url":"https:\/\/narcopowders.com\/fr\/produit\/buy-hep-powder-online\/","og_site_name":"Narco Powders","article_modified_time":"2025-03-26T13:01:23+00:00","og_image":[{"width":600,"height":600,"url":"https:\/\/narcopowders.com\/wp-content\/uploads\/2024\/05\/Hep.gif","type":"image\/gif"}],"twitter_card":"summary_large_image","twitter_misc":{"Dur\u00e9e de lecture estim\u00e9e":"2 minutes"},"schema":{"@context":"https:\/\/schema.org","@graph":[{"@type":"WebPage","@id":"https:\/\/narcopowders.com\/product\/buy-hep-powder-online\/","url":"https:\/\/narcopowders.com\/product\/buy-hep-powder-online\/","name":"Acheter de la poudre de HEP en ligne - Vente de poudre de HEP - Commande de HEP","isPartOf":{"@id":"https:\/\/narcopowders.com\/#website"},"primaryImageOfPage":{"@id":"https:\/\/narcopowders.com\/product\/buy-hep-powder-online\/#primaryimage"},"image":{"@id":"https:\/\/narcopowders.com\/product\/buy-hep-powder-online\/#primaryimage"},"thumbnailUrl":"https:\/\/narcopowders.com\/wp-content\/uploads\/2024\/05\/Hep.gif","datePublished":"2024-05-23T06:14:38+00:00","dateModified":"2025-03-26T13:01:23+00:00","description":"Si vous cherchez le meilleur endroit pour acheter de la poudre HEP en ligne \u00e0 bas prix, narcopowders est un magasin de poudre en ligne de premier plan pour la poudre HEP \u00e0 vendre. Commandez maintenant !","breadcrumb":{"@id":"https:\/\/narcopowders.com\/product\/buy-hep-powder-online\/#breadcrumb"},"inLanguage":"fr-FR","potentialAction":[{"@type":"ReadAction","target":["https:\/\/narcopowders.com\/product\/buy-hep-powder-online\/"]}]},{"@type":"ImageObject","inLanguage":"fr-FR","@id":"https:\/\/narcopowders.com\/product\/buy-hep-powder-online\/#primaryimage","url":"https:\/\/narcopowders.com\/wp-content\/uploads\/2024\/05\/Hep.gif","contentUrl":"https:\/\/narcopowders.com\/wp-content\/uploads\/2024\/05\/Hep.gif","width":600,"height":600,"caption":"Buy HEP Powder Online"},{"@type":"BreadcrumbList","@id":"https:\/\/narcopowders.com\/product\/buy-hep-powder-online\/#breadcrumb","itemListElement":[{"@type":"ListItem","position":1,"name":"Home","item":"https:\/\/narcopowders.com\/"},{"@type":"ListItem","position":2,"name":"Shop Page","item":"https:\/\/narcopowders.com\/shop\/"},{"@type":"ListItem","position":3,"name":"Buy HEP Powder Online"}]},{"@type":"WebSite","@id":"https:\/\/narcopowders.com\/#website","url":"https:\/\/narcopowders.com\/","name":"Poudres Narco","description":"Mon blog WordPress","potentialAction":[{"@type":"SearchAction","target":{"@type":"EntryPoint","urlTemplate":"https:\/\/narcopowders.com\/?s={search_term_string}"},"query-input":{"@type":"PropertyValueSpecification","valueRequired":true,"valueName":"search_term_string"}}],"inLanguage":"fr-FR"}]}},"_links":{"self":[{"href":"https:\/\/narcopowders.com\/fr\/wp-json\/wp\/v2\/product\/20598","targetHints":{"allow":["GET"]}}],"collection":[{"href":"https:\/\/narcopowders.com\/fr\/wp-json\/wp\/v2\/product"}],"about":[{"href":"https:\/\/narcopowders.com\/fr\/wp-json\/wp\/v2\/types\/product"}],"replies":[{"embeddable":true,"href":"https:\/\/narcopowders.com\/fr\/wp-json\/wp\/v2\/comments?post=20598"}],"wp:featuredmedia":[{"embeddable":true,"href":"https:\/\/narcopowders.com\/fr\/wp-json\/wp\/v2\/media\/21286"}],"wp:attachment":[{"href":"https:\/\/narcopowders.com\/fr\/wp-json\/wp\/v2\/media?parent=20598"}],"wp:term":[{"taxonomy":"product_brand","embeddable":true,"href":"https:\/\/narcopowders.com\/fr\/wp-json\/wp\/v2\/product_brand?post=20598"},{"taxonomy":"product_cat","embeddable":true,"href":"https:\/\/narcopowders.com\/fr\/wp-json\/wp\/v2\/product_cat?post=20598"},{"taxonomy":"product_tag","embeddable":true,"href":"https:\/\/narcopowders.com\/fr\/wp-json\/wp\/v2\/product_tag?post=20598"}],"curies":[{"name":"wp","href":"https:\/\/api.w.org\/{rel}","templated":true}]}}