{"id":21031,"date":"2024-05-23T06:16:45","date_gmt":"2024-05-23T06:16:45","guid":{"rendered":"https:\/\/narcopowders.com\/?post_type=product&#038;p=21031"},"modified":"2024-05-24T09:48:18","modified_gmt":"2024-05-24T09:48:18","slug":"buy-5cakb-48-online","status":"publish","type":"product","link":"https:\/\/narcopowders.com\/fr\/produit\/buy-5cakb-48-online\/","title":{"rendered":"Acheter 5CAKB-48 en ligne"},"content":{"rendered":"<h2><strong>Acheter 5CAKB-48 en ligne<\/strong><\/h2>\n<p>Achetez le 5CAKB-48, une version plus puissante de l'AKB-48 qui interagit avec les r\u00e9cepteurs cannabino\u00efdes et qui est un ingr\u00e9dient principal dans de nombreux m\u00e9langes artificiels de cannabis. En raison de la pr\u00e9sence d'un groupe indazole substitu\u00e9, le 5F-AKB48, \u00e9galement connu sous le nom de N-(adamantan-1-yl)-1-(5-fluoropentyl)-1H-indazole-3-carboxamide, est un cannabino\u00efde indazole synth\u00e9tique.<a href=\"https:\/\/narcopowders.com\/fr\/product-category\/cannabinoids\/\">.<\/a><\/p>\n<p>Comme dans le cas du 5F-PB-22, cette fraction indazole est remplac\u00e9e en R1 par une cha\u00eene fluoropentyle. Un groupe carboxamide est \u00e9galement ajout\u00e9 \u00e0 l'indazole en position R3. Ce groupe carboxamide a un groupe adamantane N-substitu\u00e9 \u00e0 son groupe amine terminal. Ce groupe a une structure sp\u00e9ciale connue sous le nom de diamanto\u00efde, qui se compose de quatre anneaux de cyclohexane fusionn\u00e9s. Une base indazole est utilis\u00e9e dans 5F-AKB48, un homologue de STS-135, pour remplacer la structure indole principale.<\/p>\n<p>Shop online for 5CAKB-48 Sur la base de recherches structurelles, on suppose que le 5F-AKB48 partage de nombreuses caract\u00e9ristiques in vivo du \u03949-THC et a un profil de liaison similaire \u00e0 celui d'autres cannabino\u00efdes, bien qu'il n'ait pas \u00e9t\u00e9 enti\u00e8rement examin\u00e9. Mais on ne sait pas encore exactement quelles sont ces interactions et comment elles contribuent \u00e0 la sensation d'\u00eatre sous l'emprise du cannabis<a href=\"https:\/\/en.wikipedia.org\/wiki\/Synthetic_cannabinoids#Synthetic_cannabinoid_products\">.<\/a><\/p>\n<p>Shop online for 5F-AKB48 Les effets list\u00e9s ci-dessous sont issus des exp\u00e9riences des auteurs et de l'index des effets subjectifs sur PsychonautWiki. Il est important de noter que les effets indiqu\u00e9s ne sont pas garantis de se produire tous en m\u00eame temps et doivent \u00eatre consid\u00e9r\u00e9s avec prudence. Cependant, des dosages plus \u00e9lev\u00e9s augmenteront la probabilit\u00e9 de ressentir l'ensemble des sympt\u00f4mes.<\/p>\n<p>5C-AKB48 est appropri\u00e9 pour des recherches similaires sur la fa\u00e7on dont les agonistes interdits affectent les r\u00e9cepteurs CB2. Le 5C-AKB48 est fourni par BAC uniquement \u00e0 des fins de recherche. Il n'est pas destin\u00e9 \u00e0 la consommation humaine ou \u00e0 un usage r\u00e9cr\u00e9atif. Ce site web est exclusivement destin\u00e9 aux utilisateurs adultes. Les visiteurs de ce site doivent \u00eatre \u00e2g\u00e9s d'au moins 18 ans. Les personnes \u00e2g\u00e9es de moins de dix-huit ans ne peuvent acheter aucun de nos produits.<\/p>\n<p>Achat 5F-AKB48 en ligne Nous garantissons des produits de la plus haute qualit\u00e9 pour chaque commande, livr\u00e9s dans le monde entier, gr\u00e2ce \u00e0 notre \u00e9quipe de recherche et d\u00e9veloppement qualifi\u00e9e et \u00e0 nos proc\u00e9dures strictes de contr\u00f4le de la qualit\u00e9. En tout premier lieu, les clients et la r\u00e9putation \u00e0 tout moment. Avec notre qualit\u00e9 sup\u00e9rieure, mais aussi pour la cr\u00e9dibilit\u00e9, apr\u00e8s quoi nous pouvons effectivement \u00e9tablir une connexion \u00e0 long terme mutuellement b\u00e9n\u00e9fique.<\/p>\n<p>Acheter 5F-AKB48 en ligne Notre objectif est de fournir la plus large gamme de produits chimiques de recherche, CANNABINOID, CANNABIS-MARIJUANA et sels de haute qualit\u00e9, en mettant l'accent sur leur grande qualit\u00e9, leur valeur remarquable et notre service client exceptionnel. Nous travaillons dur pour aider nos clients de toutes les mani\u00e8res possibles parce que nous pensons vraiment que leur satisfaction est essentielle au succ\u00e8s de notre entreprise. Avec une excellente qualit\u00e9 et une solide r\u00e9putation, nous gagnons le march\u00e9, Achetez 5CAKB-48.<br \/>\nNos clients nous ach\u00e8tent des marchandises pour plus que des prix \u00e9quitables.<\/p>","protected":false},"excerpt":{"rendered":"<p>Purchase 5CAKB-48 Online Buy 5CAKB-48, a stronger version of AKB-48 that interacts with cannabinoid receptors and is a main ingredient in a lot of artificial cannabis mixes. Because it has a substituted indazole group, 5F-AKB48, also known as N-(adamantan-1-yl)-1-(5-fluoropentyl)-1H-indazole-3-carboxamide, is a synthetic indazole cannabinoid. Similar to 5F-PB-22, this indazole moiety is replaced at R1 with [&hellip;]<\/p>","protected":false},"featured_media":21270,"comment_status":"open","ping_status":"closed","template":"","meta":{"_joinchat":[]},"product_brand":[],"product_cat":[1538],"product_tag":[],"class_list":{"0":"post-21031","1":"product","2":"type-product","3":"status-publish","4":"has-post-thumbnail","6":"product_cat-cannabinoids","8":"first","9":"instock","10":"shipping-taxable","11":"purchasable","12":"product-type-variable","13":"add-to-wishlist-after_add_to_cart"},"yoast_head":"<!-- This site is optimized with the Yoast SEO plugin v25.9 - https:\/\/yoast.com\/wordpress\/plugins\/seo\/ -->\n<title>Buy 5CAKB-48<\/title>\n<meta name=\"description\" content=\"Buy 5CAKB-48, If you are looking for 5F-AKB48 powder, 5F-APINACA or AKB-48F then you have come to the right place! 5C-AKB48 is a synthetic cannabinoid.\" \/>\n<meta name=\"robots\" content=\"index, follow, max-snippet:-1, max-image-preview:large, max-video-preview:-1\" \/>\n<link rel=\"canonical\" href=\"https:\/\/narcopowders.com\/fr\/produit\/buy-5cakb-48-online\/\" \/>\n<meta property=\"og:locale\" content=\"fr_FR\" \/>\n<meta property=\"og:type\" content=\"article\" \/>\n<meta property=\"og:title\" content=\"Buy 5CAKB-48\" \/>\n<meta property=\"og:description\" content=\"Buy 5CAKB-48, If you are looking for 5F-AKB48 powder, 5F-APINACA or AKB-48F then you have come to the right place! 5C-AKB48 is a synthetic cannabinoid.\" \/>\n<meta property=\"og:url\" content=\"https:\/\/narcopowders.com\/fr\/produit\/buy-5cakb-48-online\/\" \/>\n<meta property=\"og:site_name\" content=\"Narco Powders\" \/>\n<meta property=\"article:modified_time\" content=\"2024-05-24T09:48:18+00:00\" \/>\n<meta property=\"og:image\" content=\"https:\/\/narcopowders.com\/wp-content\/uploads\/2024\/05\/5cakb48.gif\" \/>\n\t<meta property=\"og:image:width\" content=\"600\" \/>\n\t<meta property=\"og:image:height\" content=\"600\" \/>\n\t<meta property=\"og:image:type\" content=\"image\/gif\" \/>\n<meta name=\"twitter:card\" content=\"summary_large_image\" \/>\n<meta name=\"twitter:label1\" content=\"Dur\u00e9e de lecture estim\u00e9e\" \/>\n\t<meta name=\"twitter:data1\" content=\"3 minutes\" \/>\n<!-- \/ Yoast SEO plugin. -->","yoast_head_json":{"title":"Acheter 5CAKB-48","description":"Acheter 5CAKB-48, Si vous cherchez de la poudre 5F-AKB48, 5F-APINACA ou AKB-48F, vous \u00eates au bon endroit ! Le 5C-AKB48 est un cannabino\u00efde synth\u00e9tique.","robots":{"index":"index","follow":"follow","max-snippet":"max-snippet:-1","max-image-preview":"max-image-preview:large","max-video-preview":"max-video-preview:-1"},"canonical":"https:\/\/narcopowders.com\/fr\/produit\/buy-5cakb-48-online\/","og_locale":"fr_FR","og_type":"article","og_title":"Buy 5CAKB-48","og_description":"Buy 5CAKB-48, If you are looking for 5F-AKB48 powder, 5F-APINACA or AKB-48F then you have come to the right place! 5C-AKB48 is a synthetic cannabinoid.","og_url":"https:\/\/narcopowders.com\/fr\/produit\/buy-5cakb-48-online\/","og_site_name":"Narco Powders","article_modified_time":"2024-05-24T09:48:18+00:00","og_image":[{"width":600,"height":600,"url":"https:\/\/narcopowders.com\/wp-content\/uploads\/2024\/05\/5cakb48.gif","type":"image\/gif"}],"twitter_card":"summary_large_image","twitter_misc":{"Dur\u00e9e de lecture estim\u00e9e":"3 minutes"},"schema":{"@context":"https:\/\/schema.org","@graph":[{"@type":"WebPage","@id":"https:\/\/narcopowders.com\/product\/buy-5cakb-48-online\/","url":"https:\/\/narcopowders.com\/product\/buy-5cakb-48-online\/","name":"Acheter 5CAKB-48","isPartOf":{"@id":"https:\/\/narcopowders.com\/#website"},"primaryImageOfPage":{"@id":"https:\/\/narcopowders.com\/product\/buy-5cakb-48-online\/#primaryimage"},"image":{"@id":"https:\/\/narcopowders.com\/product\/buy-5cakb-48-online\/#primaryimage"},"thumbnailUrl":"https:\/\/narcopowders.com\/wp-content\/uploads\/2024\/05\/5cakb48.gif","datePublished":"2024-05-23T06:16:45+00:00","dateModified":"2024-05-24T09:48:18+00:00","description":"Acheter 5CAKB-48, Si vous cherchez de la poudre 5F-AKB48, 5F-APINACA ou AKB-48F, vous \u00eates au bon endroit ! Le 5C-AKB48 est un cannabino\u00efde synth\u00e9tique.","breadcrumb":{"@id":"https:\/\/narcopowders.com\/product\/buy-5cakb-48-online\/#breadcrumb"},"inLanguage":"fr-FR","potentialAction":[{"@type":"ReadAction","target":["https:\/\/narcopowders.com\/product\/buy-5cakb-48-online\/"]}]},{"@type":"ImageObject","inLanguage":"fr-FR","@id":"https:\/\/narcopowders.com\/product\/buy-5cakb-48-online\/#primaryimage","url":"https:\/\/narcopowders.com\/wp-content\/uploads\/2024\/05\/5cakb48.gif","contentUrl":"https:\/\/narcopowders.com\/wp-content\/uploads\/2024\/05\/5cakb48.gif","width":600,"height":600,"caption":"Buy 5CAKB-48 online"},{"@type":"BreadcrumbList","@id":"https:\/\/narcopowders.com\/product\/buy-5cakb-48-online\/#breadcrumb","itemListElement":[{"@type":"ListItem","position":1,"name":"Home","item":"https:\/\/narcopowders.com\/"},{"@type":"ListItem","position":2,"name":"Shop Page","item":"https:\/\/narcopowders.com\/shop\/"},{"@type":"ListItem","position":3,"name":"Buy 5CAKB-48 Online"}]},{"@type":"WebSite","@id":"https:\/\/narcopowders.com\/#website","url":"https:\/\/narcopowders.com\/","name":"Poudres Narco","description":"Mon blog WordPress","potentialAction":[{"@type":"SearchAction","target":{"@type":"EntryPoint","urlTemplate":"https:\/\/narcopowders.com\/?s={search_term_string}"},"query-input":{"@type":"PropertyValueSpecification","valueRequired":true,"valueName":"search_term_string"}}],"inLanguage":"fr-FR"}]}},"_links":{"self":[{"href":"https:\/\/narcopowders.com\/fr\/wp-json\/wp\/v2\/product\/21031","targetHints":{"allow":["GET"]}}],"collection":[{"href":"https:\/\/narcopowders.com\/fr\/wp-json\/wp\/v2\/product"}],"about":[{"href":"https:\/\/narcopowders.com\/fr\/wp-json\/wp\/v2\/types\/product"}],"replies":[{"embeddable":true,"href":"https:\/\/narcopowders.com\/fr\/wp-json\/wp\/v2\/comments?post=21031"}],"wp:featuredmedia":[{"embeddable":true,"href":"https:\/\/narcopowders.com\/fr\/wp-json\/wp\/v2\/media\/21270"}],"wp:attachment":[{"href":"https:\/\/narcopowders.com\/fr\/wp-json\/wp\/v2\/media?parent=21031"}],"wp:term":[{"taxonomy":"product_brand","embeddable":true,"href":"https:\/\/narcopowders.com\/fr\/wp-json\/wp\/v2\/product_brand?post=21031"},{"taxonomy":"product_cat","embeddable":true,"href":"https:\/\/narcopowders.com\/fr\/wp-json\/wp\/v2\/product_cat?post=21031"},{"taxonomy":"product_tag","embeddable":true,"href":"https:\/\/narcopowders.com\/fr\/wp-json\/wp\/v2\/product_tag?post=21031"}],"curies":[{"name":"wp","href":"https:\/\/api.w.org\/{rel}","templated":true}]}}