{"id":21239,"date":"2024-05-23T06:34:00","date_gmt":"2024-05-23T06:34:00","guid":{"rendered":"https:\/\/narcopowders.com\/?post_type=product&#038;p=21239"},"modified":"2025-03-26T12:29:14","modified_gmt":"2025-03-26T12:29:14","slug":"buy-etizolam-powder-online","status":"publish","type":"product","link":"https:\/\/narcopowders.com\/fr\/produit\/buy-etizolam-powder-online\/","title":{"rendered":"Acheter Etizolam en poudre"},"content":{"rendered":"<h2>Obtenir Etizolam Powder en ligne au prix le plus bas<\/h2>\n<p><a href=\"https:\/\/narcopowders.com\/fr\/produit\/buy-etizolam-powder-online\/\">Acheter Etizolam en poudre<\/a>L'\u00e9tizolam agit comme une benzodiaz\u00e9pine en se liant au r\u00e9cepteur des benzodiaz\u00e9pines, un d\u00e9riv\u00e9 de la thi\u00e9nodiaz\u00e9pine. Fournisseurs d'\u00e9tizolam, achat de poudre d'\u00e9tizolam, fournisseurs de poudre d'\u00e9tizolam, \u00e9tizolam \u00e0 vendre et vente en gros de poudre d'\u00e9tizolam en provenance de Chine.<\/p>\n<p>Il est vendu par <a href=\"https:\/\/narcopowders.com\/fr\/\">Narcopowders<\/a> \u00e0 des fins de recherche en ligne. L'Etizolam n'a pas re\u00e7u l'approbation de la FDA pour \u00eatre utilis\u00e9 comme m\u00e9dicament. N\u00e9anmoins, vous pouvez facilement obtenir Etizolam en ligne avec l'aide de notre magasin en ligne. De plus, seuls quelques pays ont acc\u00e8s \u00e0 l'\u00e9tizolam en tant que m\u00e9dicament.<\/p>\n<h3>Etizolam en poudre : Qu'est-ce que c'est ?<\/h3>\n<p>Vous pouvez soigner votre trouble anxieux g\u00e9n\u00e9ralis\u00e9 ainsi que la d\u00e9pression, l'insomnie et le trouble panique en utilisant la poudre d'\u00e9tizolam que nous vendons en ligne. <a href=\"https:\/\/www.bing.com\/search?q=Buy+Etizolam+Powder+Online&amp;form=QBLH&amp;sp=-1&amp;lq=0&amp;pq=buy+etizolam+powder+online&amp;sc=1-26&amp;qs=n&amp;sk=&amp;cvid=78A682E5124B459C9E52C7988D6F2866&amp;ghsh=0&amp;ghacc=0&amp;ghpl=\">etizolam powder<\/a> that we sell online.<\/p>\n<h3>O\u00f9 l'Etizolam peut-il \u00eatre utilis\u00e9 ?<\/h3>\n<p><a href=\"https:\/\/en.wikipedia.org\/wiki\/Etizolam\">Etizolam functions<\/a> comme un agoniste complet des r\u00e9cepteurs GABA-A afin d'augmenter la transmission GABAergique et d'am\u00e9liorer les courants Cl induits par le GABA. Le site de liaison de la benzodiaz\u00e9pine, qui est situ\u00e9 sur les r\u00e9cepteurs alpha<\/p>\n<p>L'interface de la sous-unit\u00e9 gamma est suppos\u00e9e \u00eatre le lieu de liaison. Il a \u00e9t\u00e9 signal\u00e9 que seuls les r\u00e9cepteurs dot\u00e9s des sous-unit\u00e9s gamma 2 et alpha 1\/2\/3\/5 peuvent se lier aux benzodiaz\u00e9pines.<\/p>\n<p>Les r\u00e9cepteurs alpha-1 sont responsables des effets s\u00e9datifs de l'\u00e9tizolam, tandis que les r\u00e9cepteurs contenant les sous-unit\u00e9s alpha-2 et alpha-3 sont responsables de l'action anxiolytique. L'\u00e9tizolam poss\u00e8de une grande affinit\u00e9 et efficacit\u00e9 pour le r\u00e9cepteur GABA-A lorsqu'il est associ\u00e9 \u00e0 la combinaison des sous-unit\u00e9s alpha 1 b\u00eata 2 gamma 2S.<\/p>\n<p>En se fixant sur la zone r\u00e9gulatrice du r\u00e9cepteur, l'\u00e9tizolam facilite l'ouverture des canaux chlorures induits par le GABA, augmentant ainsi la transmission du GABA. L'\u00e9tizolam est un antagoniste particulier du PAFR. L'utilisation d'un Pourquoi le meilleur endroit pour acheter de la <a href=\"https:\/\/duckduckgo.com\/?t=h_&amp;q=Buy+Etizolam+Powder+Online&amp;ia=web\">Etizolam Powder<\/a> is Narcopowders?<\/p>\n<p>L'\u00e9tizolam est un s\u00e9datif-hypnotique, un anticonvulsivant, un anxiolytique et un relaxant musculaire qui d\u00e9prime \u00e9galement le syst\u00e8me nerveux central. Il se lie \u00e0 la r\u00e9gion benzodiaz\u00e9pine du r\u00e9cepteur GABA-A, augmentant ainsi la transmission GABAergique inhibitrice dans tout le syst\u00e8me nerveux central en tant qu'agoniste. Des \u00e9tudes sugg\u00e8rent que l'\u00e9tizolam est six \u00e0 dix fois plus puissant que le diaz\u00e9pam dans la m\u00e9diation de ses effets pharmacologiques.<\/p>\n<h3>La pharmacodynamie<\/h3>\n<p>La livraison d'Etizolam est s\u00fbre et s\u00e9curis\u00e9e pour tout le monde avec Narcopowders. Ne laissez pas passer cette opportunit\u00e9 de commander l\u00e9galement de l'Etizolam en ligne si vous \u00eates pr\u00eat \u00e0 payer un prix modeste pour de la poudre. Passez votre commande de poudre d' <a href=\"https:\/\/www.google.com\/search?q=Buy+Etizolam+Powder+Online&amp;sca_esv=16def464f60f9903&amp;sxsrf=AHTn8zo_Lfpu_UvBnQ8OihW9wiv71k0MNA%3A1742991797535&amp;ei=tfHjZ6q3IJLR0PEPssDFuQw&amp;ved=0ahUKEwjq5cC33qeMAxWSKDQIHTJgMccQ4dUDCBA&amp;uact=5&amp;oq=Buy+Etizolam+Powder+Online&amp;gs_lp=Egxnd3Mtd2l6LXNlcnAiGkJ1eSBFdGl6b2xhbSBQb3dkZXIgT25saW5lSKgEUABYAHAAeACQAQCYAYYDoAGGA6oBAzMtMbgBA8gBAPgBAvgBAZgCAKACAJgDAJIHAKAHTrIHALgHAA&amp;sclient=gws-wiz-serp\">Etizolam powder<\/a> order right away!<\/p>","protected":false},"excerpt":{"rendered":"<p>Get Etizolam Powder Online at the Lowest Cost Buy Etizolam Powder, Etizolam functions as a benzodiazepine by binding to the benzodiazepine receptor, which is a thienodiazepine derivative. Etizolam suppliers, buy etizolam powder, suppliers of etizolam powder, etizolam for sale, and wholesale etizolam powder from China. It is sold by Narcopowders for online research purposes. Etizolam [&hellip;]<\/p>","protected":false},"featured_media":21240,"comment_status":"open","ping_status":"closed","template":"","meta":{"_joinchat":[]},"product_brand":[],"product_cat":[1724],"product_tag":[],"class_list":{"0":"post-21239","1":"product","2":"type-product","3":"status-publish","4":"has-post-thumbnail","6":"product_cat-research-chemicals","8":"first","9":"instock","10":"shipping-taxable","11":"purchasable","12":"product-type-variable","13":"add-to-wishlist-after_add_to_cart"},"yoast_head":"<!-- This site is optimized with the Yoast SEO plugin v25.9 - https:\/\/yoast.com\/wordpress\/plugins\/seo\/ -->\n<title>Buy Etizolam Powder - Etizolam<\/title>\n<meta name=\"description\" content=\"Buy Etizolam Powder, We sells high-quality Etizolam powder that aids with sleep and insomnia. Click here to Order Etizolam powder at a discount\" \/>\n<meta name=\"robots\" content=\"index, follow, max-snippet:-1, max-image-preview:large, max-video-preview:-1\" \/>\n<link rel=\"canonical\" href=\"https:\/\/narcopowders.com\/fr\/produit\/buy-etizolam-powder-online\/\" \/>\n<meta property=\"og:locale\" content=\"fr_FR\" \/>\n<meta property=\"og:type\" content=\"article\" \/>\n<meta property=\"og:title\" content=\"Buy Etizolam Powder - Etizolam\" \/>\n<meta property=\"og:description\" content=\"Buy Etizolam Powder, We sells high-quality Etizolam powder that aids with sleep and insomnia. Click here to Order Etizolam powder at a discount\" \/>\n<meta property=\"og:url\" content=\"https:\/\/narcopowders.com\/fr\/produit\/buy-etizolam-powder-online\/\" \/>\n<meta property=\"og:site_name\" content=\"Narco Powders\" \/>\n<meta property=\"article:modified_time\" content=\"2025-03-26T12:29:14+00:00\" \/>\n<meta property=\"og:image\" content=\"https:\/\/narcopowders.com\/wp-content\/uploads\/2024\/05\/Etizolam.gif\" \/>\n\t<meta property=\"og:image:width\" content=\"600\" \/>\n\t<meta property=\"og:image:height\" content=\"600\" \/>\n\t<meta property=\"og:image:type\" content=\"image\/gif\" \/>\n<meta name=\"twitter:card\" content=\"summary_large_image\" \/>\n<meta name=\"twitter:label1\" content=\"Dur\u00e9e de lecture estim\u00e9e\" \/>\n\t<meta name=\"twitter:data1\" content=\"2 minutes\" \/>\n<!-- \/ Yoast SEO plugin. -->","yoast_head_json":{"title":"Acheter Etizolam en poudre - Etizolam","description":"Buy Etizolam Powder, Nous vendons de la poudre d'Etizolam de haute qualit\u00e9 qui aide au sommeil et \u00e0 l'insomnie. Cliquez ici pour commander de la poudre d'Etizolam \u00e0 prix r\u00e9duit.","robots":{"index":"index","follow":"follow","max-snippet":"max-snippet:-1","max-image-preview":"max-image-preview:large","max-video-preview":"max-video-preview:-1"},"canonical":"https:\/\/narcopowders.com\/fr\/produit\/buy-etizolam-powder-online\/","og_locale":"fr_FR","og_type":"article","og_title":"Buy Etizolam Powder - Etizolam","og_description":"Buy Etizolam Powder, We sells high-quality Etizolam powder that aids with sleep and insomnia. Click here to Order Etizolam powder at a discount","og_url":"https:\/\/narcopowders.com\/fr\/produit\/buy-etizolam-powder-online\/","og_site_name":"Narco Powders","article_modified_time":"2025-03-26T12:29:14+00:00","og_image":[{"width":600,"height":600,"url":"https:\/\/narcopowders.com\/wp-content\/uploads\/2024\/05\/Etizolam.gif","type":"image\/gif"}],"twitter_card":"summary_large_image","twitter_misc":{"Dur\u00e9e de lecture estim\u00e9e":"2 minutes"},"schema":{"@context":"https:\/\/schema.org","@graph":[{"@type":"WebPage","@id":"https:\/\/narcopowders.com\/product\/buy-etizolam-powder-online\/","url":"https:\/\/narcopowders.com\/product\/buy-etizolam-powder-online\/","name":"Acheter Etizolam en poudre - Etizolam","isPartOf":{"@id":"https:\/\/narcopowders.com\/#website"},"primaryImageOfPage":{"@id":"https:\/\/narcopowders.com\/product\/buy-etizolam-powder-online\/#primaryimage"},"image":{"@id":"https:\/\/narcopowders.com\/product\/buy-etizolam-powder-online\/#primaryimage"},"thumbnailUrl":"https:\/\/narcopowders.com\/wp-content\/uploads\/2024\/05\/Etizolam.gif","datePublished":"2024-05-23T06:34:00+00:00","dateModified":"2025-03-26T12:29:14+00:00","description":"Buy Etizolam Powder, Nous vendons de la poudre d'Etizolam de haute qualit\u00e9 qui aide au sommeil et \u00e0 l'insomnie. Cliquez ici pour commander de la poudre d'Etizolam \u00e0 prix r\u00e9duit.","breadcrumb":{"@id":"https:\/\/narcopowders.com\/product\/buy-etizolam-powder-online\/#breadcrumb"},"inLanguage":"fr-FR","potentialAction":[{"@type":"ReadAction","target":["https:\/\/narcopowders.com\/product\/buy-etizolam-powder-online\/"]}]},{"@type":"ImageObject","inLanguage":"fr-FR","@id":"https:\/\/narcopowders.com\/product\/buy-etizolam-powder-online\/#primaryimage","url":"https:\/\/narcopowders.com\/wp-content\/uploads\/2024\/05\/Etizolam.gif","contentUrl":"https:\/\/narcopowders.com\/wp-content\/uploads\/2024\/05\/Etizolam.gif","width":600,"height":600,"caption":"Buy Etizolam Online"},{"@type":"BreadcrumbList","@id":"https:\/\/narcopowders.com\/product\/buy-etizolam-powder-online\/#breadcrumb","itemListElement":[{"@type":"ListItem","position":1,"name":"Home","item":"https:\/\/narcopowders.com\/"},{"@type":"ListItem","position":2,"name":"Shop Page","item":"https:\/\/narcopowders.com\/shop\/"},{"@type":"ListItem","position":3,"name":"Buy Etizolam Powder"}]},{"@type":"WebSite","@id":"https:\/\/narcopowders.com\/#website","url":"https:\/\/narcopowders.com\/","name":"Poudres Narco","description":"Mon blog WordPress","potentialAction":[{"@type":"SearchAction","target":{"@type":"EntryPoint","urlTemplate":"https:\/\/narcopowders.com\/?s={search_term_string}"},"query-input":{"@type":"PropertyValueSpecification","valueRequired":true,"valueName":"search_term_string"}}],"inLanguage":"fr-FR"}]}},"_links":{"self":[{"href":"https:\/\/narcopowders.com\/fr\/wp-json\/wp\/v2\/product\/21239","targetHints":{"allow":["GET"]}}],"collection":[{"href":"https:\/\/narcopowders.com\/fr\/wp-json\/wp\/v2\/product"}],"about":[{"href":"https:\/\/narcopowders.com\/fr\/wp-json\/wp\/v2\/types\/product"}],"replies":[{"embeddable":true,"href":"https:\/\/narcopowders.com\/fr\/wp-json\/wp\/v2\/comments?post=21239"}],"wp:featuredmedia":[{"embeddable":true,"href":"https:\/\/narcopowders.com\/fr\/wp-json\/wp\/v2\/media\/21240"}],"wp:attachment":[{"href":"https:\/\/narcopowders.com\/fr\/wp-json\/wp\/v2\/media?parent=21239"}],"wp:term":[{"taxonomy":"product_brand","embeddable":true,"href":"https:\/\/narcopowders.com\/fr\/wp-json\/wp\/v2\/product_brand?post=21239"},{"taxonomy":"product_cat","embeddable":true,"href":"https:\/\/narcopowders.com\/fr\/wp-json\/wp\/v2\/product_cat?post=21239"},{"taxonomy":"product_tag","embeddable":true,"href":"https:\/\/narcopowders.com\/fr\/wp-json\/wp\/v2\/product_tag?post=21239"}],"curies":[{"name":"wp","href":"https:\/\/api.w.org\/{rel}","templated":true}]}}