{"id":21271,"date":"2024-05-23T07:46:43","date_gmt":"2024-05-23T07:46:43","guid":{"rendered":"https:\/\/narcopowders.com\/?post_type=product&#038;p=21271"},"modified":"2025-05-06T07:01:16","modified_gmt":"2025-05-06T07:01:16","slug":"buy-5cladb-online","status":"publish","type":"product","link":"https:\/\/narcopowders.com\/fr\/produit\/acheter-5cladb-online\/","title":{"rendered":"Acheter 5cladb en ligne"},"content":{"rendered":"<h2>OBTENIR 5CLADBA DIRECTEMENT<\/h2>\n<p><a href=\"https:\/\/narcopowders.com\/fr\/produit\/acheter-5cladb-online\/\">Acheter 5cladb en ligne<\/a>Le 5CLADBA a \u00e9t\u00e9 utilis\u00e9 \u00e0 mauvais escient dans de nombreux contextes et \u00e0 des fins non cliniques ainsi qu'occasionnellement th\u00e9rapeutiques, notamment dans la recherche sur le cancer. <a href=\"https:\/\/narcopowders.com\/fr\/\">Purchase powder 5CL-ADB-A online<\/a>. MDMB-4en-PINACA, MDMB-ADB-A ou 5CLADBA (alternativement appel\u00e9 MDMB-PENINA, \u00e9galement connu sous le nom d'isom\u00e8re MDMB-PINACA N1-pentyl-4-en, est un compos\u00e9 synth\u00e9tique \u00e0 base d'indazole <a href=\"https:\/\/en.wikipedia.org\/wiki\/Cannabinoid\">cannabino\u00efde<\/a> that is incredibly potent. Furthermore <a href=\"https:\/\/www.bing.com\/search?q=Buy%205cladb%20Online&amp;qs=n&amp;form=QBRE&amp;sp=-1&amp;lq=0&amp;pq=buy%205cladb%20online&amp;sc=10-17&amp;sk=&amp;cvid=2FABE2D4DDA94ACB80E26EDAEF597A7E&amp;ghsh=0&amp;ghacc=0&amp;ghpl=\">5-CL-ADB-A<\/a> est un agoniste des r\u00e9cepteurs cannabino\u00efdes con\u00e7u qui est utilis\u00e9 comme composant fonctionnel de produits commercialis\u00e9s comme substituts du cannabis. <a href=\"https:\/\/www.bing.com\/search?q=Buy%205cladb%20Online&amp;qs=n&amp;form=QBRE&amp;sp=-1&amp;lq=0&amp;pq=buy%205cladb%20online&amp;sc=10-17&amp;sk=&amp;cvid=2FABE2D4DDA94ACB80E26EDAEF597A7E&amp;ghsh=0&amp;ghacc=0&amp;ghpl=\">5-CL<\/a><a href=\"https:\/\/en.wikipedia.org\/wiki\/MDMB-4en-PINACA\">&#8211;<\/a><\/p>\n<p><strong>Il n'existe pas d'application th\u00e9rapeutique ou b\u00e9n\u00e9fique document\u00e9e pour l'ADB-A. 6CLADBA<\/strong><\/p>\n<h3>Qu'est-ce que le 5CL-ADB-A ? | La poudre de 5CL-ADB-A peut \u00eatre achet\u00e9e en ligne.<\/h3>\n<p>The highly potent synthetic <a href=\"https:\/\/www.google.com\/search?q=Buy+5cladb+Online&amp;num=10&amp;sca_esv=1a2a07081c7891bb&amp;rlz=1C1RXQR_enIN1098IN1098&amp;sxsrf=AHTn8zrQR-eImhoOhY1vNdzImcvToKJO7g%3A1741686295979&amp;ei=FwbQZ6bCO_qA1e8Plb2vyAc&amp;ved=0ahUKEwjmqe2H34GMAxV6QPUHHZXeC3kQ4dUDCBA&amp;uact=5&amp;oq=Buy+5cladb+Online&amp;gs_lp=Egxnd3Mtd2l6LXNlcnAiEUJ1eSA1Y2xhZGIgT25saW5lMgcQIRigARgKSLAIUNUDWNUDcAJ4AJABAJgB_wGgAf8BqgEDMi0xuAEDyAEA-AEC-AEBmAIBoAKIApgDAIgGAZIHAzItMaAHigI&amp;sclient=gws-wiz-serp\">cannabinoid 5-Cl-Adb-A<\/a>, \u00e9galement connu sous le nom de 5CLADBA (\u00e9galement connu sous le nom de MDMB-4en-PINACA ou MDMB-PINACA N1-pentyl-4-en isom\u00e8re), est une base indazole. Le 5-Cl-ADB-A est un ing\u00e9nieur des r\u00e9cepteurs cannabino\u00efdes. \u00c9tonnamment, le 5-Cl-ADB-A provient de fournisseurs fiables et n'est pas contamin\u00e9. Naturellement, cela pourrait s'expliquer par le fait qu'il est extr\u00eamement ill\u00e9gal d'importer ou de poss\u00e9der du 5CL-ADB-A, et qu'il est tr\u00e8s peu probable que quiconque connaisse les m\u00e9thodes appropri\u00e9es pour le falsifier. La Drug Enforcement Agency (DEA) consid\u00e8re le 5-Cl-ADB-A et le MDMB-4en-PINACA comme synth\u00e9tiques, \u00e0 moins que les organismes de r\u00e9glementation estiment que certains des composants chimiques r\u00e9els proviennent de leurs homologues non synth\u00e9tiques. Compte tenu de la puissance du 5-Cl-ADB-A, le 3-CLADBA est \u00e9quivalent \u00e0 <a href=\"https:\/\/www.google.com\/search?q=Buy+5cladb+Online&amp;num=10&amp;sca_esv=1a2a07081c7891bb&amp;rlz=1C1RXQR_enIN1098IN1098&amp;sxsrf=AHTn8zrQR-eImhoOhY1vNdzImcvToKJO7g%3A1741686295979&amp;ei=FwbQZ6bCO_qA1e8Plb2vyAc&amp;ved=0ahUKEwjmqe2H34GMAxV6QPUHHZXeC3kQ4dUDCBA&amp;uact=5&amp;oq=Buy+5cladb+Online&amp;gs_lp=Egxnd3Mtd2l6LXNlcnAiEUJ1eSA1Y2xhZGIgT25saW5lMgcQIRigARgKSLAIUNUDWNUDcAJ4AJABAJgB_wGgAf8BqgEDMi0xuAEDyAEA-AEC-AEBmAIBoAKIApgDAIgGAZIHAzItMaAHigI&amp;sclient=gws-wiz-serp\">5-CLADBA<\/a>Les produits de laboratoire tels que AMB-PINACA, APP-B, EG-018, JWH-018, JWH-201, 5F-UR144, 5FMDMB2201 sont des exemples de cannabino\u00efdes synth\u00e9tiques<a href=\"https:\/\/narcopowders.com\/fr\/produit\/buy-4f\u2010mdmb\u2010binaca-online\/\">.<\/a><\/p>\n<h3><strong>Comment le 5CL-ADB-A est-il utilis\u00e9 ?<\/strong><\/h3>\n<p>Major research organizations have not sufficiently investigated the efficacy of <a href=\"https:\/\/duckduckgo.com\/?q=Buy+5cladb+Online&amp;t=h_&amp;ia=web\">5-CL-ADB-A<\/a>Les principaux organismes de recherche n'ont pas suffisamment \u00e9tudi\u00e9 l'efficacit\u00e9 du 5-CL-ADB-A, qui est toujours consid\u00e9r\u00e9 comme un puissant inconnu et devrait probablement \u00eatre class\u00e9 comme une drogue de l'annexe I. Le terme \"potentiel \u00e9lev\u00e9 d'abus, pas d'utilisation m\u00e9dicale actuellement accept\u00e9e dans le traitement aux \u00c9tats-Unis, et manque d'acceptabilit\u00e9 pour l'utilisation de la drogue ou d'autres substances sous surveillance m\u00e9dicale\" se r\u00e9f\u00e8re aux drogues list\u00e9es dans l'annexe I. Les utilisateurs doivent \u00eatre inform\u00e9s que le <a href=\"https:\/\/duckduckgo.com\/?q=Buy+5cladb+Online&amp;t=h_&amp;ia=web\">5CL-ADB-A (\u00e9galement connu sous le nom de MDMB-4en-PINACA)<\/a> il se peut qu'il ne s'agisse pas d'un agoniste des r\u00e9cepteurs cannabino\u00efdes, de sorte que tous les effets qu'ils peuvent ressentir, qu'ils soient physiques ou psychologiques, peuvent \u00eatre enti\u00e8rement li\u00e9s au placebo.<\/p>\n<h3><strong>LES D\u00c9TAILS DU PRODUIT<\/strong><\/h3>\n<p>Num\u00e9ro de produit : 137350-66-4 ; Nom du produit : 5CL-ADB<\/p>\n<p>La formule chimique est C20H27FN2O3.<\/p>\n<p>Un aspect cristallin et poudreux<\/p>\n<p>Utilisation : Pour les recherches scientifiques<\/p>\n<h3><strong>Quel magasin vend 5CL-ADB-A ?<\/strong><\/h3>\n<p><a href=\"https:\/\/duckduckgo.com\/?q=Buy+5cladb+Online&amp;t=h_&amp;ia=web\">Acheter 5CL-ADB-A<\/a> directement aupr\u00e8s d'un fournisseur distinct, tel que Research Chemical Supply, ou en ligne. En raison de l'abus de \"1-cl\", le 5cl-ADB-A est d\u00e9sormais fabriqu\u00e9 et commercialis\u00e9 exclusivement sous forme de poudre pure sur le site https:\/\/buy-5cladba-5fmda-online.com. Il existe de nombreux autres fournisseurs dignes de confiance de ces produits, dont beaucoup sont tr\u00e8s utiles pour le dosage ou la collecte d'un substitut de cannabis, comme les extraits \"mellifi\u00e9s\" contenant du 5cl-adb-a. Si vous cherchez de l'herbe enti\u00e8re ou des extraits \"\u00e0 verser\" contenant du 5cl-ADB-A, vous n'\u00eates pas sur le bon site. Le 5CLADBA est un produit de contr\u00f4le de l'annexe 1 enti\u00e8rement approuv\u00e9 et test\u00e9. Achetez en ligne du 5cl-ADB-A et faites ce qu'il faut. Le 5-CL-ADB-A est r\u00e9serv\u00e9 \u00e0 ceux qui ont de l'exp\u00e9rience.<\/p>\n<p>Les cannabino\u00efdes techniques pourraient \u00eatre plausibles et indiquer que le cannabis original appartient \u00e0 une cat\u00e9gorie sp\u00e9cifique ou a une composition chimique sp\u00e9cifique, comme des niveaux \u00e9lev\u00e9s ou faibles de THC ou de CBD. Acheter 5CL ADB-A au Royaume-Uni aupr\u00e8s de fabricants en Chine et en Europe.<\/p>\n<p>Les membres de l'association n'ont pas \u00e9t\u00e9 tromp\u00e9s, mais ils font de nouveaux efforts pour garantir que leurs clients puissent continuer \u00e0 b\u00e9n\u00e9ficier de l'exp\u00e9rience juridique qu'ils souhaitent. Avec des produits chimiques puissants et cr\u00e9\u00e9s pour un environnement propre et s\u00fbr, il vous laisse avec un sentiment de clart\u00e9 \u00e9crasante Acheter 5cladb en ligne.<\/p>","protected":false},"excerpt":{"rendered":"<p>Le MDMB-4en-PINACA, un cannabino\u00efde synth\u00e9tique \u00e0 base d'indazoles qui est propos\u00e9 en ligne comme drogue de synth\u00e8se, est \u00e9galement appel\u00e9 par erreur 5-CL-ADB-A. La premi\u00e8re d\u00e9tection du MDMB-4en-PINACA a eu lieu en Europe.<\/p>\n<table class=\"infobox\">\n<tbody>\n<tr>\n<td class=\"infobox-full-data\" colspan=\"2\">\n<div class=\"collapsible-list mw-collapsible mw-made-collapsible\">\n<div>\n<div>Nom IUPAC<\/div>\n<\/div>\n<ul class=\"mw-collapsible-content\">\n<li>\n<div>m\u00e9thyle (<i>S<\/i>)-3,3-dimethyl-2-(1-(pent-4-en-1-yl)-1<i>H<\/i>-indazole-3-carboxamido)butanoate<\/div>\n<\/li>\n<\/ul>\n<\/div>\n<\/td>\n<\/tr>\n<tr>\n<th class=\"infobox-label\" scope=\"row\">Num\u00e9ro CAS<\/th>\n<td class=\"infobox-data\">\n<div class=\"plainlist\">\n<ul>\n<li><span title=\"chimiecommune.cas.org\">2504100-70-1<\/span><sup>\u00a0<\/sup><\/li>\n<\/ul>\n<\/div>\n<\/td>\n<\/tr>\n<tr>\n<th class=\"infobox-label\" scope=\"row\">PubChem\u00a0<abbr title=\"ID du compos\u00e9\">CID<\/abbr><\/th>\n<td class=\"infobox-data\">\n<div class=\"plainlist\">\n<p><span title=\"pubchem.ncbi.nlm.nih.gov\">155804661<\/span><\/p>\n<\/div>\n<\/td>\n<\/tr>\n<tr>\n<th class=\"infobox-label\" scope=\"row\">ChemSpider<\/th>\n<td class=\"infobox-data\">\n<div class=\"plainlist\">\n<p><span title=\"www.chemspider.com\">71117180<\/span><\/p>\n<\/div>\n<\/td>\n<\/tr>\n<tr>\n<th class=\"infobox-label\" scope=\"row\">UNII<\/th>\n<td class=\"infobox-data\">\n<div class=\"plainlist\">\n<p><span title=\"precision.fda.gov\">K2DZN2TDD6<\/span><\/p>\n<\/div>\n<\/td>\n<\/tr>\n<tr>\n<th class=\"infobox-label\" scope=\"row\">KEGG<\/th>\n<td class=\"infobox-data\">\n<div class=\"plainlist\">\n<p><span title=\"www.kegg.jp\">C22788<\/span><\/p>\n<\/div>\n<\/td>\n<\/tr>\n<\/tbody>\n<\/table>","protected":false},"featured_media":21272,"comment_status":"open","ping_status":"closed","template":"","meta":{"_joinchat":[]},"product_brand":[],"product_cat":[1724],"product_tag":[1739,1738,1737,1736,1692],"class_list":{"0":"post-21271","1":"product","2":"type-product","3":"status-publish","4":"has-post-thumbnail","6":"product_cat-research-chemicals","7":"product_tag-5-cl-adb-a","8":"product_tag-5-cl-adb-a-powder","9":"product_tag-5cl-abda-powder-for-sale","10":"product_tag-5cl-adb-a-for-sale","11":"product_tag-adb-fubinaca","13":"first","14":"instock","15":"shipping-taxable","16":"purchasable","17":"product-type-variable","18":"add-to-wishlist-after_add_to_cart"},"yoast_head":"<!-- This site is optimized with the Yoast SEO plugin v25.9 - https:\/\/yoast.com\/wordpress\/plugins\/seo\/ -->\n<title>Buy 5cladb Online - 5cladb For Sale<\/title>\n<meta name=\"description\" content=\"Buy 5cladb Online, 5CL-ADB-A online from narcopowders with great ease. We are a recognised online 5cladb shop having years of experience. Order 5cladb now.\" \/>\n<meta name=\"robots\" content=\"index, follow, max-snippet:-1, max-image-preview:large, max-video-preview:-1\" \/>\n<link rel=\"canonical\" href=\"https:\/\/narcopowders.com\/fr\/produit\/acheter-5cladb-online\/\" \/>\n<meta property=\"og:locale\" content=\"fr_FR\" \/>\n<meta property=\"og:type\" content=\"article\" \/>\n<meta property=\"og:title\" content=\"Buy 5cladb Online - 5cladb For Sale\" \/>\n<meta property=\"og:description\" content=\"Buy 5cladb Online, 5CL-ADB-A online from narcopowders with great ease. We are a recognised online 5cladb shop having years of experience. Order 5cladb now.\" \/>\n<meta property=\"og:url\" content=\"https:\/\/narcopowders.com\/fr\/produit\/acheter-5cladb-online\/\" \/>\n<meta property=\"og:site_name\" content=\"Narco Powders\" \/>\n<meta property=\"article:modified_time\" content=\"2025-05-06T07:01:16+00:00\" \/>\n<meta property=\"og:image\" content=\"https:\/\/narcopowders.com\/wp-content\/uploads\/2024\/05\/5cl-adb.gif\" \/>\n\t<meta property=\"og:image:width\" content=\"600\" \/>\n\t<meta property=\"og:image:height\" content=\"600\" \/>\n\t<meta property=\"og:image:type\" content=\"image\/gif\" \/>\n<meta name=\"twitter:card\" content=\"summary_large_image\" \/>\n<meta name=\"twitter:label1\" content=\"Dur\u00e9e de lecture estim\u00e9e\" \/>\n\t<meta name=\"twitter:data1\" content=\"3 minutes\" \/>\n<!-- \/ Yoast SEO plugin. -->","yoast_head_json":{"title":"Buy 5cladb Online - 5cladb For Sale","description":"Acheter 5cladb Online, 5CL-ADB-A online from narcopowders avec une grande facilit\u00e9. Nous sommes une boutique en ligne reconnue de 5cladb ayant des ann\u00e9es d'exp\u00e9rience. Commandez 5cladb maintenant.","robots":{"index":"index","follow":"follow","max-snippet":"max-snippet:-1","max-image-preview":"max-image-preview:large","max-video-preview":"max-video-preview:-1"},"canonical":"https:\/\/narcopowders.com\/fr\/produit\/acheter-5cladb-online\/","og_locale":"fr_FR","og_type":"article","og_title":"Buy 5cladb Online - 5cladb For Sale","og_description":"Buy 5cladb Online, 5CL-ADB-A online from narcopowders with great ease. We are a recognised online 5cladb shop having years of experience. Order 5cladb now.","og_url":"https:\/\/narcopowders.com\/fr\/produit\/acheter-5cladb-online\/","og_site_name":"Narco Powders","article_modified_time":"2025-05-06T07:01:16+00:00","og_image":[{"width":600,"height":600,"url":"https:\/\/narcopowders.com\/wp-content\/uploads\/2024\/05\/5cl-adb.gif","type":"image\/gif"}],"twitter_card":"summary_large_image","twitter_misc":{"Dur\u00e9e de lecture estim\u00e9e":"3 minutes"},"schema":{"@context":"https:\/\/schema.org","@graph":[{"@type":"WebPage","@id":"https:\/\/narcopowders.com\/product\/buy-5cladb-online\/","url":"https:\/\/narcopowders.com\/product\/buy-5cladb-online\/","name":"Buy 5cladb Online - 5cladb For Sale","isPartOf":{"@id":"https:\/\/narcopowders.com\/#website"},"primaryImageOfPage":{"@id":"https:\/\/narcopowders.com\/product\/buy-5cladb-online\/#primaryimage"},"image":{"@id":"https:\/\/narcopowders.com\/product\/buy-5cladb-online\/#primaryimage"},"thumbnailUrl":"https:\/\/narcopowders.com\/wp-content\/uploads\/2024\/05\/5cl-adb.gif","datePublished":"2024-05-23T07:46:43+00:00","dateModified":"2025-05-06T07:01:16+00:00","description":"Acheter 5cladb Online, 5CL-ADB-A online from narcopowders avec une grande facilit\u00e9. Nous sommes une boutique en ligne reconnue de 5cladb ayant des ann\u00e9es d'exp\u00e9rience. Commandez 5cladb maintenant.","breadcrumb":{"@id":"https:\/\/narcopowders.com\/product\/buy-5cladb-online\/#breadcrumb"},"inLanguage":"fr-FR","potentialAction":[{"@type":"ReadAction","target":["https:\/\/narcopowders.com\/product\/buy-5cladb-online\/"]}]},{"@type":"ImageObject","inLanguage":"fr-FR","@id":"https:\/\/narcopowders.com\/product\/buy-5cladb-online\/#primaryimage","url":"https:\/\/narcopowders.com\/wp-content\/uploads\/2024\/05\/5cl-adb.gif","contentUrl":"https:\/\/narcopowders.com\/wp-content\/uploads\/2024\/05\/5cl-adb.gif","width":600,"height":600,"caption":"Buy 5cladb Online"},{"@type":"BreadcrumbList","@id":"https:\/\/narcopowders.com\/product\/buy-5cladb-online\/#breadcrumb","itemListElement":[{"@type":"ListItem","position":1,"name":"Home","item":"https:\/\/narcopowders.com\/"},{"@type":"ListItem","position":2,"name":"Shop Page","item":"https:\/\/narcopowders.com\/shop\/"},{"@type":"ListItem","position":3,"name":"Buy 5cladb Online"}]},{"@type":"WebSite","@id":"https:\/\/narcopowders.com\/#website","url":"https:\/\/narcopowders.com\/","name":"Poudres Narco","description":"Mon blog WordPress","potentialAction":[{"@type":"SearchAction","target":{"@type":"EntryPoint","urlTemplate":"https:\/\/narcopowders.com\/?s={search_term_string}"},"query-input":{"@type":"PropertyValueSpecification","valueRequired":true,"valueName":"search_term_string"}}],"inLanguage":"fr-FR"}]}},"_links":{"self":[{"href":"https:\/\/narcopowders.com\/fr\/wp-json\/wp\/v2\/product\/21271","targetHints":{"allow":["GET"]}}],"collection":[{"href":"https:\/\/narcopowders.com\/fr\/wp-json\/wp\/v2\/product"}],"about":[{"href":"https:\/\/narcopowders.com\/fr\/wp-json\/wp\/v2\/types\/product"}],"replies":[{"embeddable":true,"href":"https:\/\/narcopowders.com\/fr\/wp-json\/wp\/v2\/comments?post=21271"}],"wp:featuredmedia":[{"embeddable":true,"href":"https:\/\/narcopowders.com\/fr\/wp-json\/wp\/v2\/media\/21272"}],"wp:attachment":[{"href":"https:\/\/narcopowders.com\/fr\/wp-json\/wp\/v2\/media?parent=21271"}],"wp:term":[{"taxonomy":"product_brand","embeddable":true,"href":"https:\/\/narcopowders.com\/fr\/wp-json\/wp\/v2\/product_brand?post=21271"},{"taxonomy":"product_cat","embeddable":true,"href":"https:\/\/narcopowders.com\/fr\/wp-json\/wp\/v2\/product_cat?post=21271"},{"taxonomy":"product_tag","embeddable":true,"href":"https:\/\/narcopowders.com\/fr\/wp-json\/wp\/v2\/product_tag?post=21271"}],"curies":[{"name":"wp","href":"https:\/\/api.w.org\/{rel}","templated":true}]}}