{"id":21309,"date":"2024-05-23T10:04:09","date_gmt":"2024-05-23T10:04:09","guid":{"rendered":"https:\/\/narcopowders.com\/?post_type=product&#038;p=21309"},"modified":"2025-03-26T12:34:58","modified_gmt":"2025-03-26T12:34:58","slug":"buy-hex-online","status":"publish","type":"product","link":"https:\/\/narcopowders.com\/fr\/produit\/acheter-hexagone-en-ligne\/","title":{"rendered":"Acheter Hex en ligne"},"content":{"rendered":"<h2>Acheter HEX-EN en ligne<\/h2>\n<p>Achetez des produits chimiques de recherche de haute qualit\u00e9 en ligne sur HEX-EN.com. N-Ethyl-hexedrone (HEXEN, NEH) est disponible en ligne aux prix de gros d'un fournisseur fiable sur <a href=\"https:\/\/narcopowders.com\/fr\/\">NarcoPowders.com<\/a>.<\/p>\n<p>N-\u00e9thyl-nor-hex\u00e9drone, parfois connue sous le nom de <a href=\"https:\/\/duckduckgo.com\/?q=Buy+Hex+Online&amp;t=h_&amp;ia=web\">HEX-EN<\/a>, est un stimulant du groupe des cat\u00e9hinones. Depuis sa commercialisation en 2015, les seules informations disponibles concernant son efficacit\u00e9 sont un recueil d'avis d'utilisateurs.<\/p>\n<p>Le N-Ethyl-hexedrone, un produit chimique de recherche \u00e9galement appel\u00e9 HEXEN, NEH, a-\u00e9thylaminocaproph\u00e9none et N-\u00e9thylnorhexedrone, appartient au groupe des stimulant. <a href=\"https:\/\/narcopowders.com\/fr\/produit\/acheter-hexagone-en-ligne\/\">Acheter HEX-EN en ligne<\/a>. Dans les ann\u00e9es 1960, Boehringer Ingelheim a fait r\u00e9f\u00e9rence \u00e0 la N-\u00e9thylhex\u00e9drone dans un certain nombre de brevets, ce qui a ouvert la voie \u00e0 la cr\u00e9ation du m\u00e9dicament plus connu, le m\u00e9thyl\u00e8nedioxypyroval\u00e9rone (MDPV). Le N-\u00e9thylhex\u00e9drone est propos\u00e9 en ligne comme m\u00e9dicament de synth\u00e8se depuis le milieu des ann\u00e9es 2010.<\/p>\n<p><a href=\"https:\/\/www.google.com\/search?q=Buy+Hex+Online&amp;sca_esv=16def464f60f9903&amp;sxsrf=AHTn8zrfQV63mHAAIBxrv1rBt11klwcVOA%3A1742992185256&amp;ei=OfPjZ7awD72t0PEPsq2H4Ao&amp;ved=0ahUKEwj2sLHw36eMAxW9FjQIHbLWAawQ4dUDCBA&amp;uact=5&amp;oq=Buy+Hex+Online&amp;gs_lp=Egxnd3Mtd2l6LXNlcnAiDkJ1eSBIZXggT25saW5lMgYQABgWGB4yBhAAGBYYHjIFEAAY7wUyCBAAGIAEGKIEMgUQABjvBTIIEAAYgAQYogRI6g5Q1QtY1QtwAXgAkAEAmAH6AqAB-gKqAQMzLTG4AQPIAQD4AQL4AQGYAgGgAoMDmAMAiAYBkgcDMy0xoAeMA7IHAzMtMbgHgwM&amp;sclient=gws-wiz-serp\">N-Ethyl-hexedrone<\/a>, a research chemical also referred to as HEXEN, NEH, a-ethylaminocaprophenone, and N-ethylnorhexedrone belongs to the group cathinone.<\/p>\n<p>Purchase HEX-EN Online The affinity of <a href=\"https:\/\/en.wikipedia.org\/wiki\/Hexadecimal\">HEXEN (N-Ethyl-hexedrone; NEH)<\/a> en tant qu'inhibiteur de la recapture de la noradr\u00e9naline et de la dopamine (NDRI), on pense qu'il est \u00e0 l'origine de sa stimulation. poss\u00e8de un groupe \u00e9thyle suppl\u00e9mentaire sur la cha\u00eene carbon\u00e9e qui contient l'azote, ce qui le rend \u00e9troitement li\u00e9 \u00e0 <a href=\"https:\/\/www.bing.com\/search?q=Buy%20Hex%20Online&amp;qs=n&amp;form=QBRE&amp;sp=-1&amp;lq=0&amp;pq=buy%20hex%20online&amp;sc=7-14&amp;sk=&amp;cvid=A6B604E0CA39490AAE4D6DF2EC7054BF&amp;ghsh=0&amp;ghacc=0&amp;ghpl=\">hexedrone<\/a>. About three times as potent than hexedrone thanks to this inclusion.<\/p>\n<p>Tr\u00e8s peu d'informations sont actuellement disponibles concernant les caract\u00e9ristiques pharmacologiques, le m\u00e9tabolisme et la toxicit\u00e9 de la N-Ethyl-hexedrone. En tant que nouveau produit chimique de recherche, (HEXEN ; NEH) est vendu sur www.dalianchemicals.com.<\/p>\n<p>En raison de son potentiel r\u00e9cr\u00e9atif, l'HEX-EN gagne en popularit\u00e9. Des personnes ont commenc\u00e9 \u00e0 l'utiliser \u00e0 la place d'autres stimulants r\u00e9cr\u00e9atifs comme la coca\u00efne, la m\u00e9thamph\u00e9tamine, l'alpha-PHP et l'alpha-PVP. La m\u00e9thode d'administration la plus courante est celle de l'action rapide (intranasale) afin d'optimiser au maximum ses effets r\u00e9cr\u00e9atifs sur l'organisme.<\/p>\n<p>La substance peut \u00eatre utilis\u00e9e comme stimulant productif \u00e0 des doses faibles ou \u00e9lev\u00e9es, tandis que la majorit\u00e9 des consommateurs l'utilisent dans l'espoir de ressentir de l'euphorie.<br \/>\nHexen contre Coca-Cola<br \/>\nExamen du m\u00e9dicament Hexen<br \/>\nndh hexen hexin m\u00e9dicament hex-en-1n n-\u00e9thyl-nor-hex\u00e9drone n-\u00e9thyl-hex\u00e9drone synth\u00e8se<\/p>","protected":false},"excerpt":{"rendered":"<p>Purchase HEX-EN Online Purchase high-quality research chemicals online at HEX-EN.com. N-Ethyl-hexedrone (HEXEN, NEH) is available online at a reliable supplier&#8217;s wholesale pricing at NarcoPowders.com. N-ethyl-nor-hexedrone, sometimes known as HEX-EN, is a catehinone group stimulant. Since the drug&#8217;s release in 2015, the only information available regarding its effectiveness is a collection of user reviews. N-Ethylhexedrone, also [&hellip;]<\/p>","protected":false},"featured_media":21310,"comment_status":"open","ping_status":"closed","template":"","meta":{"_joinchat":[]},"product_brand":[],"product_cat":[1724],"product_tag":[],"class_list":{"0":"post-21309","1":"product","2":"type-product","3":"status-publish","4":"has-post-thumbnail","6":"product_cat-research-chemicals","8":"first","9":"instock","10":"shipping-taxable","11":"purchasable","12":"product-type-variable","13":"add-to-wishlist-after_add_to_cart"},"yoast_head":"<!-- This site is optimized with the Yoast SEO plugin v25.9 - https:\/\/yoast.com\/wordpress\/plugins\/seo\/ -->\n<title>Buy Hex Online - Order Hex Online - Hex for Sale Legally<\/title>\n<meta name=\"description\" content=\"Buy Hex Online :: We are a leading chemical powder store to order Hex online at best price. Buy Hex online, Hex for sale, purchase hex powder legally!\" \/>\n<meta name=\"robots\" content=\"index, follow, max-snippet:-1, max-image-preview:large, max-video-preview:-1\" \/>\n<link rel=\"canonical\" href=\"https:\/\/narcopowders.com\/fr\/produit\/acheter-hexagone-en-ligne\/\" \/>\n<meta property=\"og:locale\" content=\"fr_FR\" \/>\n<meta property=\"og:type\" content=\"article\" \/>\n<meta property=\"og:title\" content=\"Buy Hex Online - Order Hex Online - Hex for Sale Legally\" \/>\n<meta property=\"og:description\" content=\"Buy Hex Online :: We are a leading chemical powder store to order Hex online at best price. Buy Hex online, Hex for sale, purchase hex powder legally!\" \/>\n<meta property=\"og:url\" content=\"https:\/\/narcopowders.com\/fr\/produit\/acheter-hexagone-en-ligne\/\" \/>\n<meta property=\"og:site_name\" content=\"Narco Powders\" \/>\n<meta property=\"article:modified_time\" content=\"2025-03-26T12:34:58+00:00\" \/>\n<meta property=\"og:image\" content=\"https:\/\/narcopowders.com\/wp-content\/uploads\/2024\/05\/Hex.gif\" \/>\n\t<meta property=\"og:image:width\" content=\"600\" \/>\n\t<meta property=\"og:image:height\" content=\"600\" \/>\n\t<meta property=\"og:image:type\" content=\"image\/gif\" \/>\n<meta name=\"twitter:card\" content=\"summary_large_image\" \/>\n<meta name=\"twitter:label1\" content=\"Dur\u00e9e de lecture estim\u00e9e\" \/>\n\t<meta name=\"twitter:data1\" content=\"2 minutes\" \/>\n<!-- \/ Yoast SEO plugin. -->","yoast_head_json":{"title":"Acheter Hex en ligne - Commander Hex en ligne - Hex en vente l\u00e9galement","description":"Acheter Hex en ligne : : Nous sommes un magasin de poudre chimique de premier plan pour commander Hex en ligne au meilleur prix. Acheter Hex en ligne, Hex pour la vente, acheter hex poudre l\u00e9galement !","robots":{"index":"index","follow":"follow","max-snippet":"max-snippet:-1","max-image-preview":"max-image-preview:large","max-video-preview":"max-video-preview:-1"},"canonical":"https:\/\/narcopowders.com\/fr\/produit\/acheter-hexagone-en-ligne\/","og_locale":"fr_FR","og_type":"article","og_title":"Buy Hex Online - Order Hex Online - Hex for Sale Legally","og_description":"Buy Hex Online :: We are a leading chemical powder store to order Hex online at best price. Buy Hex online, Hex for sale, purchase hex powder legally!","og_url":"https:\/\/narcopowders.com\/fr\/produit\/acheter-hexagone-en-ligne\/","og_site_name":"Narco Powders","article_modified_time":"2025-03-26T12:34:58+00:00","og_image":[{"width":600,"height":600,"url":"https:\/\/narcopowders.com\/wp-content\/uploads\/2024\/05\/Hex.gif","type":"image\/gif"}],"twitter_card":"summary_large_image","twitter_misc":{"Dur\u00e9e de lecture estim\u00e9e":"2 minutes"},"schema":{"@context":"https:\/\/schema.org","@graph":[{"@type":"WebPage","@id":"https:\/\/narcopowders.com\/product\/buy-hex-online\/","url":"https:\/\/narcopowders.com\/product\/buy-hex-online\/","name":"Acheter Hex en ligne - Commander Hex en ligne - Hex en vente l\u00e9galement","isPartOf":{"@id":"https:\/\/narcopowders.com\/#website"},"primaryImageOfPage":{"@id":"https:\/\/narcopowders.com\/product\/buy-hex-online\/#primaryimage"},"image":{"@id":"https:\/\/narcopowders.com\/product\/buy-hex-online\/#primaryimage"},"thumbnailUrl":"https:\/\/narcopowders.com\/wp-content\/uploads\/2024\/05\/Hex.gif","datePublished":"2024-05-23T10:04:09+00:00","dateModified":"2025-03-26T12:34:58+00:00","description":"Acheter Hex en ligne : : Nous sommes un magasin de poudre chimique de premier plan pour commander Hex en ligne au meilleur prix. Acheter Hex en ligne, Hex pour la vente, acheter hex poudre l\u00e9galement !","breadcrumb":{"@id":"https:\/\/narcopowders.com\/product\/buy-hex-online\/#breadcrumb"},"inLanguage":"fr-FR","potentialAction":[{"@type":"ReadAction","target":["https:\/\/narcopowders.com\/product\/buy-hex-online\/"]}]},{"@type":"ImageObject","inLanguage":"fr-FR","@id":"https:\/\/narcopowders.com\/product\/buy-hex-online\/#primaryimage","url":"https:\/\/narcopowders.com\/wp-content\/uploads\/2024\/05\/Hex.gif","contentUrl":"https:\/\/narcopowders.com\/wp-content\/uploads\/2024\/05\/Hex.gif","width":600,"height":600,"caption":"Buy Hex Online"},{"@type":"BreadcrumbList","@id":"https:\/\/narcopowders.com\/product\/buy-hex-online\/#breadcrumb","itemListElement":[{"@type":"ListItem","position":1,"name":"Home","item":"https:\/\/narcopowders.com\/"},{"@type":"ListItem","position":2,"name":"Shop Page","item":"https:\/\/narcopowders.com\/shop\/"},{"@type":"ListItem","position":3,"name":"Buy Hex Online"}]},{"@type":"WebSite","@id":"https:\/\/narcopowders.com\/#website","url":"https:\/\/narcopowders.com\/","name":"Poudres Narco","description":"Mon blog WordPress","potentialAction":[{"@type":"SearchAction","target":{"@type":"EntryPoint","urlTemplate":"https:\/\/narcopowders.com\/?s={search_term_string}"},"query-input":{"@type":"PropertyValueSpecification","valueRequired":true,"valueName":"search_term_string"}}],"inLanguage":"fr-FR"}]}},"_links":{"self":[{"href":"https:\/\/narcopowders.com\/fr\/wp-json\/wp\/v2\/product\/21309","targetHints":{"allow":["GET"]}}],"collection":[{"href":"https:\/\/narcopowders.com\/fr\/wp-json\/wp\/v2\/product"}],"about":[{"href":"https:\/\/narcopowders.com\/fr\/wp-json\/wp\/v2\/types\/product"}],"replies":[{"embeddable":true,"href":"https:\/\/narcopowders.com\/fr\/wp-json\/wp\/v2\/comments?post=21309"}],"wp:featuredmedia":[{"embeddable":true,"href":"https:\/\/narcopowders.com\/fr\/wp-json\/wp\/v2\/media\/21310"}],"wp:attachment":[{"href":"https:\/\/narcopowders.com\/fr\/wp-json\/wp\/v2\/media?parent=21309"}],"wp:term":[{"taxonomy":"product_brand","embeddable":true,"href":"https:\/\/narcopowders.com\/fr\/wp-json\/wp\/v2\/product_brand?post=21309"},{"taxonomy":"product_cat","embeddable":true,"href":"https:\/\/narcopowders.com\/fr\/wp-json\/wp\/v2\/product_cat?post=21309"},{"taxonomy":"product_tag","embeddable":true,"href":"https:\/\/narcopowders.com\/fr\/wp-json\/wp\/v2\/product_tag?post=21309"}],"curies":[{"name":"wp","href":"https:\/\/api.w.org\/{rel}","templated":true}]}}