{"id":21336,"date":"2024-05-23T10:44:15","date_gmt":"2024-05-23T10:44:15","guid":{"rendered":"https:\/\/narcopowders.com\/?post_type=product&#038;p=21336"},"modified":"2025-05-06T06:59:19","modified_gmt":"2025-05-06T06:59:19","slug":"buy-5cadb-b-online","status":"publish","type":"product","link":"https:\/\/narcopowders.com\/fr\/product\/buy-5cadb-b-online\/","title":{"rendered":"Acheter 5CADB-B en ligne"},"content":{"rendered":"<h2>Acheter 5CADB-B en ligne<\/h2>\n<p><a href=\"https:\/\/narcopowders.com\/fr\/produit\/acheter-5cadb-b-en-ligne\/\">Get 5CADB-B Powder online<\/a> avec livraison internationale gratuite. Ce produit synth\u00e9tique <a href=\"https:\/\/narcopowders.com\/fr\/\">cannabino\u00efde<\/a> appartient \u00e0 la classe des indazoles-3-carboxamides et est d\u00e9riv\u00e9 des indazoles. Autre nom pour <a href=\"https:\/\/en.wikipedia.org\/wiki\/Cannabinoid\">5CADB-B<\/a> Il s'agit du 5F-MDMB-PINACA. Il est un composant de produits de cannabis synth\u00e9tique vendus en ligne comme m\u00e9dicaments de synth\u00e8se.<\/p>\n<h3>L'origine du 5CADB-B<\/h3>\n<p>Les premiers \u00e9l\u00e9ments de preuve ont \u00e9t\u00e9 d\u00e9couverts dans des \u00e9chantillons autopsi\u00e9s d'une personne d\u00e9c\u00e9d\u00e9e ayant utilis\u00e9 un produit contenant ce produit chimique, probablement en novembre 2014. Dix autres personnes, dont le d\u00e9c\u00e8s \u00e9tait inexpliqu\u00e9, ont \u00e9t\u00e9 soumises \u00e0 des analyses plus pouss\u00e9es et, chose choquante, toutes sont d\u00e9c\u00e9d\u00e9es des suites de l'exposition \u00e0 ce m\u00eame produit chimique. Une surdose \u00e9tait \u00e0 l'origine de tous ces d\u00e9c\u00e8s. On ignore toutefois si <a href=\"https:\/\/www.bing.com\/search?q=Buy%205CADB-B%20Online&amp;qs=n&amp;form=QBRE&amp;sp=-1&amp;lq=0&amp;pq=buy%205cadb-b%20online&amp;sc=9-18&amp;sk=&amp;cvid=3CDDBECB84CD42198474134A50793E1E&amp;ghsh=0&amp;ghacc=0&amp;ghpl=\">5CADB-B<\/a> est s\u00e9lectif pour le r\u00e9cepteur CB1, c'est un agoniste puissant de cette cible. Le 5CADB-B est consid\u00e9r\u00e9 comme extr\u00eamement puissant en raison de son taux de d\u00e9tection des tissus corporels extr\u00eamement faible et semble \u00eatre plus toxique que tout autre produit \u00e0 base de cannabis pr\u00e9c\u00e9demment commercialis\u00e9. <a href=\"https:\/\/duckduckgo.com\/?q=Buy+5CADB-B+Online&amp;t=h_&amp;ia=web\">Purchase 5CADB-B Powder Online<\/a> with Free <a href=\"https:\/\/www.google.com\/search?q=Buy+5CADB-B+Online&amp;sca_esv=2a2a93e8be91f013&amp;sxsrf=AHTn8zoTD7-BemMPdoGP6C3Dywefetpcig%3A1742973806011&amp;ei=bqvjZ4shraCx4w_Zrc25Ag&amp;ved=0ahUKEwiLkL20m6eMAxUtUGwGHdlWMycQ4dUDCA8&amp;uact=5&amp;oq=Buy+5CADB-B+Online&amp;gs_lp=Egxnd3Mtd2l6LXNlcnAiEkJ1eSA1Q0FEQi1CIE9ubGluZTIHECEYoAEYCkixZlCeDlieDnABeACQAQCYAckBoAHJAaoBAzItMbgBA8gBAPgBAfgBApgCAqAChAKoAhLCAgcQIxgnGOoCwgINEC4Y0QMYxwEYJxjqAsICFBAAGIAEGJECGLQCGIoFGOoC2AEBwgIUEAAYgAQY4wQYtAIY6QQY6gLYAQGYAybxBc_SHavyblhwugYGCAEQARgBkgcFMS4wLjGgB5YCsgcDMi0xuAfeAQ&amp;sclient=gws-wiz-serp\">Worldwide Shipping<\/a><\/p>\n<h3>Utilisations ill\u00e9gales et distribution sur Internet de 5CADB-B<\/h3>\n<p>Il n\u2019existe actuellement aucune application industrielle ou th\u00e9rapeutique pour <a href=\"https:\/\/www.google.com\/search?q=Buy+5CADB-B+Online&amp;sca_esv=2a2a93e8be91f013&amp;sxsrf=AHTn8zoTD7-BemMPdoGP6C3Dywefetpcig%3A1742973806011&amp;ei=bqvjZ4shraCx4w_Zrc25Ag&amp;ved=0ahUKEwiLkL20m6eMAxUtUGwGHdlWMycQ4dUDCA8&amp;uact=5&amp;oq=Buy+5CADB-B+Online&amp;gs_lp=Egxnd3Mtd2l6LXNlcnAiEkJ1eSA1Q0FEQi1CIE9ubGluZTIHECEYoAEYCkixZlCeDlieDnABeACQAQCYAckBoAHJAaoBAzItMbgBA8gBAPgBAfgBApgCAqAChAKoAhLCAgcQIxgnGOoCwgINEC4Y0QMYxwEYJxjqAsICFBAAGIAEGJECGLQCGIoFGOoC2AEBwgIUEAAYgAQY4wQYtAIY6QQY6gLYAQGYAybxBc_SHavyblhwugYGCAEQARgBkgcFMS4wLjGgB5YCsgcDMi0xuAfeAQ&amp;sclient=gws-wiz-serp\">5f-adb<\/a>On en a retrouv\u00e9 dans plusieurs produits de cannabis artificiel fum\u00e9s pour produire un effet psych\u00e9d\u00e9lique. Il existe peu de donn\u00e9es sur la consommation aux \u00c9tats-Unis et dans d'autres pays. L'usage abusif de cannabino\u00efdes synth\u00e9tiques constitue un probl\u00e8me de sant\u00e9 et de s\u00e9curit\u00e9 publiques, les centres antipoison continuant de signaler des effets n\u00e9fastes sur la sant\u00e9. Plusieurs d\u00e9c\u00e8s par surdose ont \u00e9t\u00e9 signal\u00e9s au Japon entre septembre et novembre 2014.\u00a0 <a href=\"https:\/\/www.bing.com\/search?q=Buy%205CADB-B%20Online&amp;qs=n&amp;form=QBRE&amp;sp=-1&amp;lq=0&amp;pq=buy%205cadb-b%20online&amp;sc=9-18&amp;sk=&amp;cvid=3CDDBECB84CD42198474134A50793E1E&amp;ghsh=0&amp;ghacc=0&amp;ghpl=\">Achetez 5f-adb en ligne<\/a>. Also, get good RC here.<\/p>\n<h3>Groupement 5CADB-B et aspects pharmacologiques<\/h3>\n<p>Ce m\u00e9dicament appartient \u00e0 la classe des indazoles. Les positions 1 et 3 du syst\u00e8me cyclique indazole servent de remplacements dans la structure centrale de l'indazole qui constitue la base du 5F-ADB. La position 1 du 5F-ADB est remplac\u00e9e par une cha\u00eene lin\u00e9aire \u00e0 cinq carbones.<\/p>\n<p>termin\u00e9 par un atome de fluor (F). Avec un lieur amide, la position 3 est substitu\u00e9e et l'atome d'azote (N)<\/p>\n<p>Des groupes 1-m\u00e9thoxy-3,3-dim\u00e9thyl-1-oxobutan-2-yle suppl\u00e9mentaires sont ajout\u00e9s \u00e0 ce lieur. Les donn\u00e9es de recherche pr\u00e9clinique d\u00e9montrent que le 5F-ADB se lie au r\u00e9cepteur CB1 et y agit comme agoniste. <a href=\"https:\/\/duckduckgo.com\/?q=Buy+5CADB-B+Online&amp;t=h_&amp;ia=web\">5CADB-B<\/a> g\u00e9n\u00e9ralis\u00e9 au delta9-t\u00e9trahydrocannabinol dans les essais de discrimination de m\u00e9dicaments chez le rat, produisant des r\u00e9ponses subjectives proches du THC.<\/p>","protected":false},"excerpt":{"rendered":"<p>Buy 5CADB-B Online Get 5CADB-B Powder online with free international shipping. This synthetic cannabinoid belongs to the indazole-3-carboxamide class and is based on indazoles. Another name for 5CADB-B is 5F-MDMB-PINACA. It has been a component of synthetic cannabis products that are offered for sale online as designer medications. The 5CADB-B origin The first evidence of [&hellip;]<\/p>","protected":false},"featured_media":21337,"comment_status":"open","ping_status":"closed","template":"","meta":{"_joinchat":[]},"product_brand":[],"product_cat":[1724],"product_tag":[],"class_list":{"0":"post-21336","1":"product","2":"type-product","3":"status-publish","4":"has-post-thumbnail","6":"product_cat-research-chemicals","8":"first","9":"instock","10":"shipping-taxable","11":"purchasable","12":"product-type-variable","13":"add-to-wishlist-after_add_to_cart"},"yoast_head":"<!-- This site is optimized with the Yoast SEO plugin v27.5 - https:\/\/yoast.com\/product\/yoast-seo-wordpress\/ -->\n<title>Buy 5CADB-B Online - 5CADB-B for Sale | NarcoPowders<\/title>\n<meta name=\"description\" content=\"Find premium 5cadb-b powder for sale at our online store, providing a secure platform to buy 5cadb-b powder online with ease. Place order now!\" \/>\n<meta name=\"robots\" content=\"index, follow, max-snippet:-1, max-image-preview:large, max-video-preview:-1\" \/>\n<link rel=\"canonical\" href=\"https:\/\/narcopowders.com\/fr\/produit\/acheter-5cadb-b-en-ligne\/\" \/>\n<meta property=\"og:locale\" content=\"fr_FR\" \/>\n<meta property=\"og:type\" content=\"article\" \/>\n<meta property=\"og:title\" content=\"Buy 5CADB-B Online - 5CADB-B for Sale | NarcoPowders\" \/>\n<meta property=\"og:description\" content=\"Find premium 5cadb-b powder for sale at our online store, providing a secure platform to buy 5cadb-b powder online with ease. Place order now!\" \/>\n<meta property=\"og:url\" content=\"https:\/\/narcopowders.com\/fr\/produit\/acheter-5cadb-b-en-ligne\/\" \/>\n<meta property=\"og:site_name\" content=\"Narco Powders\" \/>\n<meta property=\"article:modified_time\" content=\"2025-05-06T06:59:19+00:00\" \/>\n<meta property=\"og:image\" content=\"https:\/\/narcopowders.com\/wp-content\/uploads\/2024\/05\/5cadb-b.gif\" \/>\n\t<meta property=\"og:image:width\" content=\"600\" \/>\n\t<meta property=\"og:image:height\" content=\"600\" \/>\n\t<meta property=\"og:image:type\" content=\"image\/gif\" \/>\n<meta name=\"twitter:card\" content=\"summary_large_image\" \/>\n<meta name=\"twitter:label1\" content=\"Dur\u00e9e de lecture estim\u00e9e\" \/>\n\t<meta name=\"twitter:data1\" content=\"2 minutes\" \/>\n<!-- \/ Yoast SEO plugin. -->","yoast_head_json":{"title":"Buy 5CADB-B Online - 5CADB-B for Sale | NarcoPowders","description":"Find premium 5cadb-b powder for sale at our online store, providing a secure platform to buy 5cadb-b powder online with ease. Place order now!","robots":{"index":"index","follow":"follow","max-snippet":"max-snippet:-1","max-image-preview":"max-image-preview:large","max-video-preview":"max-video-preview:-1"},"canonical":"https:\/\/narcopowders.com\/fr\/produit\/acheter-5cadb-b-en-ligne\/","og_locale":"fr_FR","og_type":"article","og_title":"Buy 5CADB-B Online - 5CADB-B for Sale | NarcoPowders","og_description":"Find premium 5cadb-b powder for sale at our online store, providing a secure platform to buy 5cadb-b powder online with ease. Place order now!","og_url":"https:\/\/narcopowders.com\/fr\/produit\/acheter-5cadb-b-en-ligne\/","og_site_name":"Narco Powders","article_modified_time":"2025-05-06T06:59:19+00:00","og_image":[{"width":600,"height":600,"url":"https:\/\/narcopowders.com\/wp-content\/uploads\/2024\/05\/5cadb-b.gif","type":"image\/gif"}],"twitter_card":"summary_large_image","twitter_misc":{"Dur\u00e9e de lecture estim\u00e9e":"2 minutes"},"schema":{"@context":"https:\/\/schema.org","@graph":[{"@type":"WebPage","@id":"https:\/\/narcopowders.com\/product\/buy-5cadb-b-online\/","url":"https:\/\/narcopowders.com\/product\/buy-5cadb-b-online\/","name":"Buy 5CADB-B Online - 5CADB-B for Sale | NarcoPowders","isPartOf":{"@id":"https:\/\/narcopowders.com\/#website"},"primaryImageOfPage":{"@id":"https:\/\/narcopowders.com\/product\/buy-5cadb-b-online\/#primaryimage"},"image":{"@id":"https:\/\/narcopowders.com\/product\/buy-5cadb-b-online\/#primaryimage"},"thumbnailUrl":"https:\/\/narcopowders.com\/wp-content\/uploads\/2024\/05\/5cadb-b.gif","datePublished":"2024-05-23T10:44:15+00:00","dateModified":"2025-05-06T06:59:19+00:00","description":"Find premium 5cadb-b powder for sale at our online store, providing a secure platform to buy 5cadb-b powder online with ease. Place order now!","breadcrumb":{"@id":"https:\/\/narcopowders.com\/product\/buy-5cadb-b-online\/#breadcrumb"},"inLanguage":"fr-FR","potentialAction":[{"@type":"ReadAction","target":["https:\/\/narcopowders.com\/product\/buy-5cadb-b-online\/"]}]},{"@type":"ImageObject","inLanguage":"fr-FR","@id":"https:\/\/narcopowders.com\/product\/buy-5cadb-b-online\/#primaryimage","url":"https:\/\/narcopowders.com\/wp-content\/uploads\/2024\/05\/5cadb-b.gif","contentUrl":"https:\/\/narcopowders.com\/wp-content\/uploads\/2024\/05\/5cadb-b.gif","width":600,"height":600,"caption":"Buy 5cadb-b Online"},{"@type":"BreadcrumbList","@id":"https:\/\/narcopowders.com\/product\/buy-5cadb-b-online\/#breadcrumb","itemListElement":[{"@type":"ListItem","position":1,"name":"Home","item":"https:\/\/narcopowders.com\/"},{"@type":"ListItem","position":2,"name":"Shop Page","item":"https:\/\/narcopowders.com\/shop\/"},{"@type":"ListItem","position":3,"name":"Buy 5CADB-B Online"}]},{"@type":"WebSite","@id":"https:\/\/narcopowders.com\/#website","url":"https:\/\/narcopowders.com\/","name":"Poudres Narco","description":"Mon blog WordPress","potentialAction":[{"@type":"SearchAction","target":{"@type":"EntryPoint","urlTemplate":"https:\/\/narcopowders.com\/?s={search_term_string}"},"query-input":{"@type":"PropertyValueSpecification","valueRequired":true,"valueName":"search_term_string"}}],"inLanguage":"fr-FR"}]}},"_links":{"self":[{"href":"https:\/\/narcopowders.com\/fr\/wp-json\/wp\/v2\/product\/21336","targetHints":{"allow":["GET"]}}],"collection":[{"href":"https:\/\/narcopowders.com\/fr\/wp-json\/wp\/v2\/product"}],"about":[{"href":"https:\/\/narcopowders.com\/fr\/wp-json\/wp\/v2\/types\/product"}],"replies":[{"embeddable":true,"href":"https:\/\/narcopowders.com\/fr\/wp-json\/wp\/v2\/comments?post=21336"}],"wp:featuredmedia":[{"embeddable":true,"href":"https:\/\/narcopowders.com\/fr\/wp-json\/wp\/v2\/media\/21337"}],"wp:attachment":[{"href":"https:\/\/narcopowders.com\/fr\/wp-json\/wp\/v2\/media?parent=21336"}],"wp:term":[{"taxonomy":"product_brand","embeddable":true,"href":"https:\/\/narcopowders.com\/fr\/wp-json\/wp\/v2\/product_brand?post=21336"},{"taxonomy":"product_cat","embeddable":true,"href":"https:\/\/narcopowders.com\/fr\/wp-json\/wp\/v2\/product_cat?post=21336"},{"taxonomy":"product_tag","embeddable":true,"href":"https:\/\/narcopowders.com\/fr\/wp-json\/wp\/v2\/product_tag?post=21336"}],"curies":[{"name":"wp","href":"https:\/\/api.w.org\/{rel}","templated":true}]}}