{"id":19057,"date":"2023-01-02T09:27:48","date_gmt":"2023-01-02T09:27:48","guid":{"rendered":"https:\/\/nembutalhouse.com\/narco\/?post_type=product&#038;p=19057"},"modified":"2025-03-25T12:31:48","modified_gmt":"2025-03-25T12:31:48","slug":"black-tar-heroin","status":"publish","type":"product","link":"https:\/\/narcopowders.com\/it\/product\/black-tar-heroin\/","title":{"rendered":"Acquista eroina di catrame nero online"},"content":{"rendered":"<h2 style=\"text-align: justify;\">Acquista eroina di catrame nero online<\/h2>\n<p style=\"text-align: justify;\"><a href=\"https:\/\/narcopowders.com\/it\/prodotto\/black-tar-eroina\/\">Black tar heroin<\/a> \u00e8 una forma di eroina nota per la sua consistenza nera, appiccicosa e catramata. Sebbene sia considerata una sostanza rischiosa e <a href=\"https:\/\/en.wikipedia.org\/wiki\/Heroin\">powerful drug<\/a>, \u00e8 ancora molto richiesto a causa del suo basso costo e della sua disponibilit\u00e0. Quindi, se desideri\u00a0<strong>eroina di catrame nero online<\/strong>\u00a0at the best price, <a href=\"https:\/\/narcopowders.com\/it\/\">Polveri Narco<\/a> is the best place.<\/p>\n<h3 style=\"text-align: justify;\">Com'\u00e8 l'aspetto e l'odore dell'eroina di catrame nero?<\/h3>\n<p style=\"text-align: justify;\">L'eroina al catrame nero si ottiene dal residuo indurito che rimane dopo che l'eroina \u00e8 stata fumata o iniettata. \u00c8 pi\u00f9 potente di altre forme di eroina e ha un odore e un sapore pi\u00f9 forti. Per\u00a0<a href=\"https:\/\/www.bing.com\/search?q=Buy%20Black%20Tar%20Heroin%20Online&amp;qs=n&amp;form=QBRE&amp;sp=-1&amp;lq=0&amp;pq=buy%20black%20tar%20heroin%20online&amp;sc=0-27&amp;sk=&amp;cvid=F01FA017FD0F4F3EABB14F7ED199BF75&amp;ghsh=0&amp;ghacc=0&amp;ghpl=\"><strong>ordinare eroina di catrame nero online<\/strong><\/a>\u00a0da Narco Powders, fai semplicemente clic su \"Aggiungi al carrello\" e inserisci le tue informazioni nel processo di pagamento. Otterrai quindi il tuo\u00a0<strong><a href=\"https:\/\/www.google.com\/search?q=Buy+Black+Tar+Heroin+Online&amp;num=10&amp;sca_esv=1a2a07081c7891bb&amp;rlz=1C1RXQR_enIN1098IN1098&amp;sxsrf=AHTn8zquBUMCtTjZYnZwT6wlYjztzsC8Wg%3A1741762728195&amp;ei=qDDRZ4LPC83C4-EPh7vMqQk&amp;ved=0ahUKEwiCw8nl-4OMAxVN4TgGHYcdM5UQ4dUDCBA&amp;uact=5&amp;oq=Buy+Black+Tar+Heroin+Online&amp;gs_lp=Egxnd3Mtd2l6LXNlcnAiG0J1eSBCbGFjayBUYXIgSGVyb2luIE9ubGluZUjyBlC6A1i6A3ACeACQAQCYAdMBoAHTAaoBAzItMbgBA8gBAPgBAvgBAZgCAKACAJgDAIgGAZIHAKAHTw&amp;sclient=gws-wiz-serp\">eroina di catrame nero alla rinfusa<\/a>\u00a0<\/strong>consegnato a casa tua<strong>.\u00a0<\/strong>Tuttavia, non dimenticare di conservare i farmaci in modo sicuro lontano da bambini e animali domestici e non condividere mai aghi o siringhe con nessun altro.<\/p>\n<h3 style=\"text-align: justify;\">Das Verfahren zur Herstellung und zum Handel mit schwarzem Teer-Heroin<\/h3>\n<p style=\"text-align: justify;\"><a href=\"https:\/\/www.bing.com\/search?q=Buy%20Black%20Tar%20Heroin%20Online&amp;qs=n&amp;form=QBRE&amp;sp=-1&amp;lq=0&amp;pq=buy%20black%20tar%20heroin%20online&amp;sc=0-27&amp;sk=&amp;cvid=F01FA017FD0F4F3EABB14F7ED199BF75&amp;ghsh=0&amp;ghacc=0&amp;ghpl=\">L'eroina di catrame nero \u00e8 un tipo di eroina<\/a> L'eroina di catrame nero \u00e8 un tipo di eroina prodotta con oppio in polvere. Questa sostanza viene quindi miscelata con altri prodotti chimici e riscaldata fino a diventare una sostanza nera appiccicosa nota come \"catrame\". Il catrame viene poi tagliato in piccoli pezzi e venduto per strada come eroina.<\/p>\n<p style=\"text-align: justify;\">Il processo di produzione e traffico di eroina da catrame nero \u00e8 complesso. Gli spacciatori di eroina navigano nel mondo criminale per mettere le mani sulle materie prime necessarie per produrre la droga e trattare con le forze dell'ordine che potrebbero tentare di fermarli. Tuttavia, la disponibilit\u00e0 di\u00a0<strong><a href=\"https:\/\/duckduckgo.com\/?q=Buy+Black+Tar+Heroin+Online&amp;t=h_&amp;ia=web\">eroina di catrame nero in vendita<\/a>\u00a0<\/strong>online su siti certificati come Narco Powders rende questo processo ancora pi\u00f9 semplice che mai.<\/p>\n<p style=\"text-align: justify;\">Al momento dell'acquisto <a href=\"https:\/\/duckduckgo.com\/?q=Buy+Black+Tar+Heroin+Online&amp;t=h_&amp;ia=web\"><strong>eroina di catrame nero online<\/strong><\/a>, essere consapevoli dei rischi connessi. Non solo corri il rischio di acquistare droghe da una fonte sconosciuta, ma ti esponi anche a ulteriori pericoli, tra cui l'overdose e la contrazione dell'HIV o di altre malattie (MST). Pertanto, acquista questi farmaci solo da una fonte attendibile come Narco Powders.<\/p>\n<h3 style=\"text-align: justify;\">Negative Auswirkungen von Black Tar Heroin<\/h3>\n<p style=\"text-align: justify;\">L'eroina di catrame nero \u00e8 una forma potente e impura di eroina che ha diversi gravi effetti collaterali. Ad esempio, l'eroina di catrame nero pu\u00f2 causare nausea, vomito e mal di testa. L'uso a lungo termine pu\u00f2 anche portare a sintomi di astinenza come depressione, ansia e irrequietezza. L'eroina di catrame nero pu\u00f2 anche aumentare il rischio di problemi cardiaci e polmonari. Per favore, non aver paura di chiedere assistenza se tu o qualcuno che conosci state combattendo una dipendenza da eroina da catrame nero.<\/p>\n<h3 style=\"text-align: justify;\">Perch\u00e9 acquistare eroina di catrame nero online da Narco Powders?<\/h3>\n<p style=\"text-align: justify;\">Alla ricerca di una fonte affidabile e di alta qualit\u00e0 per <a href=\"https:\/\/duckduckgo.com\/?q=Buy+Black+Tar+Heroin+Online&amp;t=h_&amp;ia=web\"><strong>eroina di catrame nero online<\/strong><\/a>? Non cercare oltre Narco Powders. Qui troverai il meglio <strong>prezzo dell'eroina di catrame nero\u00a0<\/strong>con qualit\u00e0 garantita. Inoltre, offriamo i tempi di consegna pi\u00f9 rapidi del settore.<\/p>","protected":false},"excerpt":{"rendered":"<p>Buy Black Tar Heroin Online Black tar heroin is a form of the drug heroin known for its black, sticky, and tar-like consistency. While it is considered a risky and powerful drug, it is still in high demand due to its low cost and availability. So, if you wish to\u00a0buy black tar heroin online\u00a0at the [&hellip;]<\/p>\n","protected":false},"featured_media":19064,"comment_status":"open","ping_status":"closed","template":"","meta":{"_joinchat":[]},"product_brand":[],"product_cat":[1168],"product_tag":[1186,1180,1188,1182,1181,1189,1192,1193,1191,1183,1194,1187,1195,1184,1190,1185],"class_list":{"0":"post-19057","1":"product","2":"type-product","3":"status-publish","4":"has-post-thumbnail","6":"product_cat-buy-heroin-online","7":"product_tag-benefits-of-black-tar-heroin","8":"product_tag-best-place-to-order-black-tar-heroin","9":"product_tag-black-tar-heroin-for-sale","10":"product_tag-black-tar-heroin-price","11":"product_tag-black-tar-heroin-wholesale","12":"product_tag-buy-black-tar-heroin-legally","13":"product_tag-buy-black-tar-heroin-online-australia","14":"product_tag-buy-black-tar-heroin-online-near-me","15":"product_tag-buy-black-tar-heroin-online-usa","16":"product_tag-cheap-black-tar-heroin","17":"product_tag-how-can-i-get-the-best-black-tar-heroin","18":"product_tag-how-to-order-black-tar-heroin","19":"product_tag-legit-black-tar-heroin-online","20":"product_tag-what-is-black-tar-heroin","21":"product_tag-where-can-i-buy-black-tar-heroin","22":"product_tag-where-to-buy-black-tar-heroin","24":"first","25":"instock","26":"shipping-taxable","27":"purchasable","28":"product-type-variable","29":"add-to-wishlist-after_add_to_cart"},"yoast_head":"<!-- This site is optimized with the Yoast SEO plugin v27.5 - https:\/\/yoast.com\/product\/yoast-seo-wordpress\/ -->\n<title>Black Tar Heroin for Sale - Buy Black Tar Heroin Online<\/title>\n<meta name=\"description\" content=\"Looking for best place to buy black tar heroin online? We offer the best quality black tar heroin for sale and at the most affordable prices. Order Now!\" \/>\n<meta name=\"robots\" content=\"index, follow, max-snippet:-1, max-image-preview:large, max-video-preview:-1\" \/>\n<link rel=\"canonical\" href=\"https:\/\/narcopowders.com\/it\/prodotto\/black-tar-eroina\/\" \/>\n<meta property=\"og:locale\" content=\"it_IT\" \/>\n<meta property=\"og:type\" content=\"article\" \/>\n<meta property=\"og:title\" content=\"Black Tar Heroin for Sale - Buy Black Tar Heroin Online\" \/>\n<meta property=\"og:description\" content=\"Looking for best place to buy black tar heroin online? We offer the best quality black tar heroin for sale and at the most affordable prices. Order Now!\" \/>\n<meta property=\"og:url\" content=\"https:\/\/narcopowders.com\/it\/prodotto\/black-tar-eroina\/\" \/>\n<meta property=\"og:site_name\" content=\"Narco Powders\" \/>\n<meta property=\"article:modified_time\" content=\"2025-03-25T12:31:48+00:00\" \/>\n<meta property=\"og:image\" content=\"https:\/\/narcopowders.com\/wp-content\/uploads\/2023\/01\/black-tar-heroin.jpg\" \/>\n\t<meta property=\"og:image:width\" content=\"600\" \/>\n\t<meta property=\"og:image:height\" content=\"600\" \/>\n\t<meta property=\"og:image:type\" content=\"image\/jpeg\" \/>\n<meta name=\"twitter:card\" content=\"summary_large_image\" \/>\n<meta name=\"twitter:label1\" content=\"Tempo di lettura stimato\" \/>\n\t<meta name=\"twitter:data1\" content=\"3 minuti\" \/>\n<!-- \/ Yoast SEO plugin. -->","yoast_head_json":{"title":"Eroina di catrame nero in vendita - Acquista eroina di catrame nero online","description":"Cerchi il posto migliore per acquistare l'eroina di catrame nero online? Offriamo l'eroina di catrame nero della migliore qualit\u00e0 in vendita e ai prezzi pi\u00f9 convenienti. Ordina adesso!","robots":{"index":"index","follow":"follow","max-snippet":"max-snippet:-1","max-image-preview":"max-image-preview:large","max-video-preview":"max-video-preview:-1"},"canonical":"https:\/\/narcopowders.com\/it\/prodotto\/black-tar-eroina\/","og_locale":"it_IT","og_type":"article","og_title":"Black Tar Heroin for Sale - Buy Black Tar Heroin Online","og_description":"Looking for best place to buy black tar heroin online? We offer the best quality black tar heroin for sale and at the most affordable prices. Order Now!","og_url":"https:\/\/narcopowders.com\/it\/prodotto\/black-tar-eroina\/","og_site_name":"Narco Powders","article_modified_time":"2025-03-25T12:31:48+00:00","og_image":[{"width":600,"height":600,"url":"https:\/\/narcopowders.com\/wp-content\/uploads\/2023\/01\/black-tar-heroin.jpg","type":"image\/jpeg"}],"twitter_card":"summary_large_image","twitter_misc":{"Tempo di lettura stimato":"3 minuti"},"schema":{"@context":"https:\/\/schema.org","@graph":[{"@type":"WebPage","@id":"https:\/\/narcopowders.com\/product\/black-tar-heroin\/","url":"https:\/\/narcopowders.com\/product\/black-tar-heroin\/","name":"Eroina di catrame nero in vendita - Acquista eroina di catrame nero online","isPartOf":{"@id":"https:\/\/narcopowders.com\/#website"},"primaryImageOfPage":{"@id":"https:\/\/narcopowders.com\/product\/black-tar-heroin\/#primaryimage"},"image":{"@id":"https:\/\/narcopowders.com\/product\/black-tar-heroin\/#primaryimage"},"thumbnailUrl":"https:\/\/narcopowders.com\/wp-content\/uploads\/2023\/01\/black-tar-heroin.jpg","datePublished":"2023-01-02T09:27:48+00:00","dateModified":"2025-03-25T12:31:48+00:00","description":"Cerchi il posto migliore per acquistare l'eroina di catrame nero online? Offriamo l'eroina di catrame nero della migliore qualit\u00e0 in vendita e ai prezzi pi\u00f9 convenienti. Ordina adesso!","breadcrumb":{"@id":"https:\/\/narcopowders.com\/product\/black-tar-heroin\/#breadcrumb"},"inLanguage":"it-IT","potentialAction":[{"@type":"ReadAction","target":["https:\/\/narcopowders.com\/product\/black-tar-heroin\/"]}]},{"@type":"ImageObject","inLanguage":"it-IT","@id":"https:\/\/narcopowders.com\/product\/black-tar-heroin\/#primaryimage","url":"https:\/\/narcopowders.com\/wp-content\/uploads\/2023\/01\/black-tar-heroin.jpg","contentUrl":"https:\/\/narcopowders.com\/wp-content\/uploads\/2023\/01\/black-tar-heroin.jpg","width":600,"height":600,"caption":"Buy Black Tar Heroin Online"},{"@type":"BreadcrumbList","@id":"https:\/\/narcopowders.com\/product\/black-tar-heroin\/#breadcrumb","itemListElement":[{"@type":"ListItem","position":1,"name":"Home","item":"https:\/\/narcopowders.com\/"},{"@type":"ListItem","position":2,"name":"Shop Page","item":"https:\/\/narcopowders.com\/shop\/"},{"@type":"ListItem","position":3,"name":"Buy Black Tar Heroin Online"}]},{"@type":"WebSite","@id":"https:\/\/narcopowders.com\/#website","url":"https:\/\/narcopowders.com\/","name":"Polveri Narco","description":"Il mio blog WordPress","potentialAction":[{"@type":"SearchAction","target":{"@type":"EntryPoint","urlTemplate":"https:\/\/narcopowders.com\/?s={search_term_string}"},"query-input":{"@type":"PropertyValueSpecification","valueRequired":true,"valueName":"search_term_string"}}],"inLanguage":"it-IT"}]}},"_links":{"self":[{"href":"https:\/\/narcopowders.com\/it\/wp-json\/wp\/v2\/product\/19057","targetHints":{"allow":["GET"]}}],"collection":[{"href":"https:\/\/narcopowders.com\/it\/wp-json\/wp\/v2\/product"}],"about":[{"href":"https:\/\/narcopowders.com\/it\/wp-json\/wp\/v2\/types\/product"}],"replies":[{"embeddable":true,"href":"https:\/\/narcopowders.com\/it\/wp-json\/wp\/v2\/comments?post=19057"}],"wp:featuredmedia":[{"embeddable":true,"href":"https:\/\/narcopowders.com\/it\/wp-json\/wp\/v2\/media\/19064"}],"wp:attachment":[{"href":"https:\/\/narcopowders.com\/it\/wp-json\/wp\/v2\/media?parent=19057"}],"wp:term":[{"taxonomy":"product_brand","embeddable":true,"href":"https:\/\/narcopowders.com\/it\/wp-json\/wp\/v2\/product_brand?post=19057"},{"taxonomy":"product_cat","embeddable":true,"href":"https:\/\/narcopowders.com\/it\/wp-json\/wp\/v2\/product_cat?post=19057"},{"taxonomy":"product_tag","embeddable":true,"href":"https:\/\/narcopowders.com\/it\/wp-json\/wp\/v2\/product_tag?post=19057"}],"curies":[{"name":"wp","href":"https:\/\/api.w.org\/{rel}","templated":true}]}}