{"id":19075,"date":"2023-01-02T09:51:26","date_gmt":"2023-01-02T09:51:26","guid":{"rendered":"https:\/\/nembutalhouse.com\/narco\/?post_type=product&#038;p=19075"},"modified":"2025-03-25T12:30:25","modified_gmt":"2025-03-25T12:30:25","slug":"brown-powder-heroin","status":"publish","type":"product","link":"https:\/\/narcopowders.com\/it\/prodotto\/brown-pulver-eroina\/","title":{"rendered":"Eroina in polvere marrone"},"content":{"rendered":"<h2 style=\"text-align: justify;\">Eroina in polvere marrone<\/h2>\n<p style=\"text-align: justify;\"><a href=\"https:\/\/en.wikipedia.org\/wiki\/Heroin\">Eroina in polvere marrone<\/a> Acquistare eroina in polvere marrone online L'eroina in polvere marrone (BPH) sta diventando sempre pi\u00f9 popolare nel mercato globale. Anche se la BPH esiste da anni, la sua popolarit\u00e0 \u00e8 in aumento grazie ai suoi effetti unici sul corpo umano. Quindi, se state cercando di acquistare eroina in polvere marrone online, Narco Powders \u00e8\u00a0<a href=\"https:\/\/narcopowders.com\/it\/prodotto\/brown-pulver-eroina\/\"><strong>comprare eroina in polvere marrone online<\/strong><\/a>, then <a href=\"https:\/\/narcopowders.com\/it\/\">Polveri Narco<\/a> is your best bet.<\/p>\n<h3 style=\"text-align: justify;\">Di cosa \u00e8 composta l'eroina in polvere marrone?<\/h3>\n<p style=\"text-align: justify;\">L'IPB \u00e8 una forma di oppio trasformata in polvere. <a href=\"https:\/\/www.google.com\/search?q=Buy+Brown+Powder+Heroin+Online&amp;sca_esv=7d1b82273738a5db&amp;sxsrf=AHTn8zoru4nNVmuqppkIBsSuzm4eOnlOrg%3A1742905234477&amp;ei=kp_iZ4jnHNCsseMP_frH2QE&amp;ved=0ahUKEwiI-IL7m6WMAxVQVmwGHX39MRsQ4dUDCA8&amp;uact=5&amp;oq=Buy+Brown+Powder+Heroin+Online&amp;gs_lp=Egxnd3Mtd2l6LXNlcnAiHkJ1eSBCcm93biBQb3dkZXIgSGVyb2luIE9ubGluZUjEB1C9AVi9AXABeACQAQCYAc0BoAHNAaoBAzItMbgBA8gBAPgBAfgBApgCAaACJ6gCEsICBxAjGCcY6gLCAhcQABiABBiRAhi0AhjHAxiKBRjqAtgBAcICFBAAGIAEGJECGLQCGIoFGOoC2AEBwgIQEAAYAxi0AhjqAhiPAdgBAZgDJ_EFH0i-hSkUnOS6BgYIARABGAGSBwExoAdasgcAuAcA&amp;sclient=gws-wiz-serp\">Questa polvere pu\u00f2 essere facilmente fumata o iniettata<\/a>BPH \u00e8 una forma di oppio che \u00e8 stata trasformata in polvere. Questa polvere pu\u00f2 essere facilmente fumata o iniettata, il che la rende pi\u00f9 potente e crea dipendenza rispetto ad altre forme di oppio. Inoltre, l'IPB ha un effetto pi\u00f9 duraturo rispetto ad altri tipi di oppio, il che lo rende ideale per l'uso in attivit\u00e0 ad alta intensit\u00e0 come l'atletica o il sesso.<\/p>\n<h3 style=\"text-align: justify;\">Vantaggi dell'eroina in polvere marrone<\/h3>\n<p style=\"text-align: justify;\">Non c'\u00e8 dubbio che <a href=\"https:\/\/www.google.com\/search?q=Buy+Brown+Powder+Heroin+Online&amp;sca_esv=7d1b82273738a5db&amp;sxsrf=AHTn8zoru4nNVmuqppkIBsSuzm4eOnlOrg%3A1742905234477&amp;ei=kp_iZ4jnHNCsseMP_frH2QE&amp;ved=0ahUKEwiI-IL7m6WMAxVQVmwGHX39MRsQ4dUDCA8&amp;uact=5&amp;oq=Buy+Brown+Powder+Heroin+Online&amp;gs_lp=Egxnd3Mtd2l6LXNlcnAiHkJ1eSBCcm93biBQb3dkZXIgSGVyb2luIE9ubGluZUjEB1C9AVi9AXABeACQAQCYAc0BoAHNAaoBAzItMbgBA8gBAPgBAfgBApgCAaACJ6gCEsICBxAjGCcY6gLCAhcQABiABBiRAhi0AhjHAxiKBRjqAtgBAcICFBAAGIAEGJECGLQCGIoFGOoC2AEBwgIQEAAYAxi0AhjqAhiPAdgBAZgDJ_EFH0i-hSkUnOS6BgYIARABGAGSBwExoAdasgcAuAcA&amp;sclient=gws-wiz-serp\">Brown Powder Heroin (BPH)<\/a> Non c'\u00e8 dubbio che Brown Powder Heroin (BPH) \u00e8 una delle droghe pi\u00f9 popolari oggi sul mercato. \u00c8 facile metterci le mani sopra e offre agli utenti uno sballo rapido e potente. L'IPB \u00e8 anche conosciuta come \"eroina marrone\" perch\u00e9 \u00e8 tipicamente composta da zucchero di canna, caff\u00e8 e lievito.<\/p>\n<p style=\"text-align: justify;\">BPH \u00e8 eroina di alta qualit\u00e0, il che significa che contiene alti livelli di morfina e codeina. Questo lo rende un'ottima scelta per coloro che cercano una dose intensa di sollievo dal dolore. Inoltre, BPH offre consegne rapide in qualsiasi parte del mondo, rendendolo ideale per coloro che hanno bisogno rapidamente del loro farmaco. Infine il <a href=\"https:\/\/www.bing.com\/search?q=Buy%20Brown%20Powder%20Heroin%20Online&amp;qs=n&amp;form=QBRE&amp;sp=-1&amp;lq=0&amp;pq=buy%20brown%20powder%20heroin%20online&amp;sc=0-30&amp;sk=&amp;cvid=FF668C5C3A2C40499C5AF5B2F508E6FF&amp;ghsh=0&amp;ghacc=0&amp;ghpl=\"><strong>prezzo dell'eroina in polvere marrone<\/strong><\/a>\u00a0\u00e8 conveniente rispetto ad altri fornitori, rendendolo un'opzione interessante per gli utenti che desiderano farmaci di qualit\u00e0 senza spendere una fortuna.<\/p>\n<h3 style=\"text-align: justify;\">Effetti collaterali dell'eroina in polvere marrone<\/h3>\n<p style=\"text-align: justify;\">L'eroina in polvere marrone \u00e8 una droga altamente pericolosa e che crea dipendenza, spesso mescolata ad altre sostanze per aumentarne la potenza. Viene solitamente venduta per strada con i nomi di \"brown\", \"black\" o \"gunpowder\". <a href=\"https:\/\/duckduckgo.com\/?q=Buy+Brown+Powder+Heroin+Online&amp;t=h_&amp;ia=web\">Brown powder heroin<\/a> L'eroina in polvere marrone \u00e8 una droga altamente pericolosa e che crea dipendenza che viene spesso mescolata con altre sostanze per aumentarne la potenza. Di solito viene venduto per strada con i nomi marrone, nero o polvere da sparo. L'eroina in polvere marrone \u00e8 un mix di morfina e altri oppiacei, che la rende estremamente potente. Gli effetti a breve termine dell'uso di eroina in polvere marrone includono un aumento della frequenza cardiaca, un intenso senso di calore, respiro accelerato e sentimenti di euforia. Questi effetti sono rapidamente seguiti da sensazioni di sedazione e rilassamento. Nel tempo, l'uso regolare di eroina in polvere marrone pu\u00f2 portare alla dipendenza e alla dipendenza dalla droga.<\/p>\n<h3 style=\"text-align: justify;\">Perch\u00e9 acquistare eroina in polvere marrone da Narco Powders?<\/h3>\n<p style=\"text-align: justify;\">Quando hai intenzione di\u00a0<a href=\"https:\/\/www.bing.com\/search?q=Buy%20Brown%20Powder%20Heroin%20Online&amp;qs=n&amp;form=QBRE&amp;sp=-1&amp;lq=0&amp;pq=buy%20brown%20powder%20heroin%20online&amp;sc=0-30&amp;sk=&amp;cvid=FF668C5C3A2C40499C5AF5B2F508E6FF&amp;ghsh=0&amp;ghacc=0&amp;ghpl=\">Questa polvere pu\u00f2 essere facilmente fumata o iniettata<\/a>Quando prevedi di\u00a0ordinare eroina in polvere marrone online, sono disponibili molte scelte. Tuttavia, non tutte queste scelte sono di buona qualit\u00e0 o sicure. \u00c8 qui che entra in gioco Narco Powders. Offriamo un'ampia variet\u00e0 di forme, marchi e tipi di eroina in polvere marrone in vendita online di cui ti puoi fidare. Inoltre, i nostri tempi di consegna rapidi ti consentono di ottenere i tuoi farmaci rapidamente e senza problemi. Vogliamo che tutti coloro che ordinano da noi abbiano un'esperienza positiva. Con un semplice processo di ordinazione e comodi metodi di pagamento, Narco Powders \u00e8 la scelta migliore per l'acquisto online di eroina in polvere marrone. Pertanto, non aspettare oltre: ordina oggi nel nostro negozio per ottenere le migliori offerte sui tuoi prodotti preferiti! <a href=\"https:\/\/duckduckgo.com\/?q=Buy+Brown+Powder+Heroin+Online&amp;t=h_&amp;ia=web\">purchasing\u00a0brown powder heroin online<\/a>. Therefore, don&#8217;t wait any longer\u2014order at our store today to get the best deals on your favorite products!<\/p>","protected":false},"excerpt":{"rendered":"<p>Buy Brown Powder Heroin Online Brown Powder Heroin (BPH) is becoming more and more popular in the global market. Although BPH has been around for years, its popularity is on the rise due to its unique effects on the human body. So, if you are looking to\u00a0buy brown powder heroin online, then Narco Powders is [&hellip;]<\/p>","protected":false},"featured_media":19091,"comment_status":"open","ping_status":"closed","template":"","meta":{"_joinchat":[]},"product_brand":[],"product_cat":[1168],"product_tag":[1218,1212,1220,1214,1213,1221,1224,1225,1223,1215,1226,1219,1227,1216,1222,1217],"class_list":{"0":"post-19075","1":"product","2":"type-product","3":"status-publish","4":"has-post-thumbnail","6":"product_cat-buy-heroin-online","7":"product_tag-benefits-of-brown-powder-heroin","8":"product_tag-best-place-to-order-brown-powder-heroin","9":"product_tag-brown-powder-heroin-for-sale","10":"product_tag-brown-powder-heroin-price","11":"product_tag-brown-powder-heroin-wholesale","12":"product_tag-buy-brown-powder-heroin-legally","13":"product_tag-buy-brown-powder-heroin-online-australia","14":"product_tag-buy-brown-powder-heroin-online-near-me","15":"product_tag-buy-brown-powder-heroin-online-usa","16":"product_tag-cheap-brown-powder-heroin","17":"product_tag-how-can-i-get-the-best-brown-powder-heroin","18":"product_tag-how-to-order-brown-powder-heroin","19":"product_tag-legit-brown-powder-heroin-online","20":"product_tag-what-is-brown-powder-heroin","21":"product_tag-where-can-i-buy-brown-powder-heroin","22":"product_tag-where-to-buy-brown-powder-heroin","24":"first","25":"instock","26":"shipping-taxable","27":"purchasable","28":"product-type-variable","29":"add-to-wishlist-after_add_to_cart"},"yoast_head":"<!-- This site is optimized with the Yoast SEO plugin v25.9 - https:\/\/yoast.com\/wordpress\/plugins\/seo\/ -->\n<title>Brown Powder Heroin for Sale - Buy Brown Powder Heroin Online<\/title>\n<meta name=\"description\" content=\"Looking to buy brown powder heroin online? Get the highest quality brown powder heroin for sale from our trusted source. Order Brown Heroin Online!\" \/>\n<meta name=\"robots\" content=\"index, follow, max-snippet:-1, max-image-preview:large, max-video-preview:-1\" \/>\n<link rel=\"canonical\" href=\"https:\/\/narcopowders.com\/it\/prodotto\/brown-pulver-eroina\/\" \/>\n<meta property=\"og:locale\" content=\"it_IT\" \/>\n<meta property=\"og:type\" content=\"article\" \/>\n<meta property=\"og:title\" content=\"Brown Powder Heroin for Sale - Buy Brown Powder Heroin Online\" \/>\n<meta property=\"og:description\" content=\"Looking to buy brown powder heroin online? Get the highest quality brown powder heroin for sale from our trusted source. Order Brown Heroin Online!\" \/>\n<meta property=\"og:url\" content=\"https:\/\/narcopowders.com\/it\/prodotto\/brown-pulver-eroina\/\" \/>\n<meta property=\"og:site_name\" content=\"Narco Powders\" \/>\n<meta property=\"article:modified_time\" content=\"2025-03-25T12:30:25+00:00\" \/>\n<meta property=\"og:image\" content=\"https:\/\/narcopowders.com\/wp-content\/uploads\/2023\/01\/brown-powder-heroin.jpg\" \/>\n\t<meta property=\"og:image:width\" content=\"600\" \/>\n\t<meta property=\"og:image:height\" content=\"600\" \/>\n\t<meta property=\"og:image:type\" content=\"image\/jpeg\" \/>\n<meta name=\"twitter:card\" content=\"summary_large_image\" \/>\n<meta name=\"twitter:label1\" content=\"Tempo di lettura stimato\" \/>\n\t<meta name=\"twitter:data1\" content=\"3 minuti\" \/>\n<!-- \/ Yoast SEO plugin. -->","yoast_head_json":{"title":"Eroina in polvere marrone in vendita - Acquista eroina in polvere marrone online","description":"Stai cercando di acquistare eroina in polvere marrone online? Ottieni l'eroina in polvere marrone di altissima qualit\u00e0 in vendita dalla nostra fonte di fiducia. Ordina l'eroina marrone online!","robots":{"index":"index","follow":"follow","max-snippet":"max-snippet:-1","max-image-preview":"max-image-preview:large","max-video-preview":"max-video-preview:-1"},"canonical":"https:\/\/narcopowders.com\/it\/prodotto\/brown-pulver-eroina\/","og_locale":"it_IT","og_type":"article","og_title":"Brown Powder Heroin for Sale - Buy Brown Powder Heroin Online","og_description":"Looking to buy brown powder heroin online? Get the highest quality brown powder heroin for sale from our trusted source. Order Brown Heroin Online!","og_url":"https:\/\/narcopowders.com\/it\/prodotto\/brown-pulver-eroina\/","og_site_name":"Narco Powders","article_modified_time":"2025-03-25T12:30:25+00:00","og_image":[{"width":600,"height":600,"url":"https:\/\/narcopowders.com\/wp-content\/uploads\/2023\/01\/brown-powder-heroin.jpg","type":"image\/jpeg"}],"twitter_card":"summary_large_image","twitter_misc":{"Tempo di lettura stimato":"3 minuti"},"schema":{"@context":"https:\/\/schema.org","@graph":[{"@type":"WebPage","@id":"https:\/\/narcopowders.com\/product\/brown-powder-heroin\/","url":"https:\/\/narcopowders.com\/product\/brown-powder-heroin\/","name":"Eroina in polvere marrone in vendita - Acquista eroina in polvere marrone online","isPartOf":{"@id":"https:\/\/narcopowders.com\/#website"},"primaryImageOfPage":{"@id":"https:\/\/narcopowders.com\/product\/brown-powder-heroin\/#primaryimage"},"image":{"@id":"https:\/\/narcopowders.com\/product\/brown-powder-heroin\/#primaryimage"},"thumbnailUrl":"https:\/\/narcopowders.com\/wp-content\/uploads\/2023\/01\/brown-powder-heroin.jpg","datePublished":"2023-01-02T09:51:26+00:00","dateModified":"2025-03-25T12:30:25+00:00","description":"Stai cercando di acquistare eroina in polvere marrone online? Ottieni l'eroina in polvere marrone di altissima qualit\u00e0 in vendita dalla nostra fonte di fiducia. Ordina l'eroina marrone online!","breadcrumb":{"@id":"https:\/\/narcopowders.com\/product\/brown-powder-heroin\/#breadcrumb"},"inLanguage":"it-IT","potentialAction":[{"@type":"ReadAction","target":["https:\/\/narcopowders.com\/product\/brown-powder-heroin\/"]}]},{"@type":"ImageObject","inLanguage":"it-IT","@id":"https:\/\/narcopowders.com\/product\/brown-powder-heroin\/#primaryimage","url":"https:\/\/narcopowders.com\/wp-content\/uploads\/2023\/01\/brown-powder-heroin.jpg","contentUrl":"https:\/\/narcopowders.com\/wp-content\/uploads\/2023\/01\/brown-powder-heroin.jpg","width":600,"height":600,"caption":"Brown Powder Heroin"},{"@type":"BreadcrumbList","@id":"https:\/\/narcopowders.com\/product\/brown-powder-heroin\/#breadcrumb","itemListElement":[{"@type":"ListItem","position":1,"name":"Home","item":"https:\/\/narcopowders.com\/"},{"@type":"ListItem","position":2,"name":"Shop Page","item":"https:\/\/narcopowders.com\/shop\/"},{"@type":"ListItem","position":3,"name":"Brown Powder Heroin"}]},{"@type":"WebSite","@id":"https:\/\/narcopowders.com\/#website","url":"https:\/\/narcopowders.com\/","name":"Polveri Narco","description":"Il mio blog WordPress","potentialAction":[{"@type":"SearchAction","target":{"@type":"EntryPoint","urlTemplate":"https:\/\/narcopowders.com\/?s={search_term_string}"},"query-input":{"@type":"PropertyValueSpecification","valueRequired":true,"valueName":"search_term_string"}}],"inLanguage":"it-IT"}]}},"_links":{"self":[{"href":"https:\/\/narcopowders.com\/it\/wp-json\/wp\/v2\/product\/19075","targetHints":{"allow":["GET"]}}],"collection":[{"href":"https:\/\/narcopowders.com\/it\/wp-json\/wp\/v2\/product"}],"about":[{"href":"https:\/\/narcopowders.com\/it\/wp-json\/wp\/v2\/types\/product"}],"replies":[{"embeddable":true,"href":"https:\/\/narcopowders.com\/it\/wp-json\/wp\/v2\/comments?post=19075"}],"wp:featuredmedia":[{"embeddable":true,"href":"https:\/\/narcopowders.com\/it\/wp-json\/wp\/v2\/media\/19091"}],"wp:attachment":[{"href":"https:\/\/narcopowders.com\/it\/wp-json\/wp\/v2\/media?parent=19075"}],"wp:term":[{"taxonomy":"product_brand","embeddable":true,"href":"https:\/\/narcopowders.com\/it\/wp-json\/wp\/v2\/product_brand?post=19075"},{"taxonomy":"product_cat","embeddable":true,"href":"https:\/\/narcopowders.com\/it\/wp-json\/wp\/v2\/product_cat?post=19075"},{"taxonomy":"product_tag","embeddable":true,"href":"https:\/\/narcopowders.com\/it\/wp-json\/wp\/v2\/product_tag?post=19075"}],"curies":[{"name":"wp","href":"https:\/\/api.w.org\/{rel}","templated":true}]}}