{"id":19100,"date":"2023-01-02T10:08:30","date_gmt":"2023-01-02T10:08:30","guid":{"rendered":"https:\/\/nembutalhouse.com\/narco\/?post_type=product&#038;p=19100"},"modified":"2025-03-25T11:39:49","modified_gmt":"2025-03-25T11:39:49","slug":"bolivia-cocaine","status":"publish","type":"product","link":"https:\/\/narcopowders.com\/it\/prodotto\/bolivia-cocaina\/","title":{"rendered":"Bolivia cocaina"},"content":{"rendered":"<h2 style=\"text-align: justify;\">Bolivien Kokain online kaufen<\/h2>\n<p style=\"text-align: justify;\">La cocaina \u00e8 una delle droghe pi\u00f9 popolari al mondo e la Bolivia \u00e8 uno dei maggiori produttori di coca al mondo. Stai cercando il posto migliore per\u00a0<a href=\"https:\/\/narcopowders.com\/it\/prodotto\/bolivia-cocaina\/\"><strong>comprare cocaina boliviana online<\/strong><\/a>? Non cercare oltre <a href=\"https:\/\/narcopowders.com\/it\/\">Polveri Narco<\/a>! Offriamo la massima qualit\u00e0\u00a0<a href=\"https:\/\/en.wikipedia.org\/wiki\/Cocaine\"><strong>Cocaina boliviana online<\/strong><\/a>\u00a0ai prezzi pi\u00f9 competitivi.<\/p>\n<h3 style=\"text-align: justify;\">Come viene prodotta la cocaina boliviana?<\/h3>\n<p style=\"text-align: justify;\">La cocaina boliviana deriva dalla pianta della coca e di solito viene venduta sul mercato nero. Il processo di creazione\u00a0<strong><a href=\"https:\/\/www.google.com\/search?q=Buy+Bolivia+Cocaine+Online&amp;sca_esv=7d1b82273738a5db&amp;sxsrf=AHTn8zolrVeV-fQwrnIjqKaeJlc-zvbm8w%3A1742900876467&amp;ei=jI7iZ-KcHKimseMP3fXz-Ac&amp;ved=0ahUKEwjikvvci6WMAxUoU2wGHd36HH8Q4dUDCA8&amp;uact=5&amp;oq=Buy+Bolivia+Cocaine+Online&amp;gs_lp=Egxnd3Mtd2l6LXNlcnAiGkJ1eSBCb2xpdmlhIENvY2FpbmUgT25saW5lSKMUUKwBWKwBcAF4AZABAJgBzwGgAZsFqgEFMC4zLjG4AQPIAQD4AQL4AQGYAgGgAkfCAgoQABiwAxjWBBhHmAMAiAYBkAYIkgcBMaAHtAayBwC4BwA&amp;sclient=gws-wiz-serp\">Cocaina boliviana in vendita<\/a>\u00a0<\/strong>comporta una serie di passaggi, tra cui l'elaborazione chimica e la miscelazione. Per cominciare, le foglie di coca vengono schiacciate ed essiccate. Da queste foglie viene quindi estratta la polvere di cocaina, che spesso viene venduta al mercato nero. La cocaina della Bolivia proveniente da negozi rinomati come Narco Powders pu\u00f2 essere sniffata o iniettata, ed \u00e8 solitamente regolata dal governo boliviano.<\/p>\n<h3 style=\"text-align: justify;\">Benefici della cocaina boliviana<\/h3>\n<p style=\"text-align: justify;\">Se stai cercando un effetto che ti dia un senso di euforia ed energia, <a href=\"https:\/\/www.google.com\/search?q=Buy+Bolivia+Cocaine+Online&amp;sca_esv=7d1b82273738a5db&amp;sxsrf=AHTn8zolrVeV-fQwrnIjqKaeJlc-zvbm8w%3A1742900876467&amp;ei=jI7iZ-KcHKimseMP3fXz-Ac&amp;ved=0ahUKEwjikvvci6WMAxUoU2wGHd36HH8Q4dUDCA8&amp;uact=5&amp;oq=Buy+Bolivia+Cocaine+Online&amp;gs_lp=Egxnd3Mtd2l6LXNlcnAiGkJ1eSBCb2xpdmlhIENvY2FpbmUgT25saW5lSKMUUKwBWKwBcAF4AZABAJgBzwGgAZsFqgEFMC4zLjG4AQPIAQD4AQL4AQGYAgGgAkfCAgoQABiwAxjWBBhHmAMAiAYBkAYIkgcBMaAHtAayBwC4BwA&amp;sclient=gws-wiz-serp\">La cocaina boliviana \u00e8 la scelta migliore<\/a>Se stai cercando uno sballo che ti dia un senso di euforia ed energia, la cocaina boliviana \u00e8 la soluzione migliore. La cocaina della Bolivia pu\u00f2 aiutare ad alleviare i sintomi di condizioni come l'ADHD, il dolore cronico, l'ansia e la depressione, rendendola una preziosa opzione terapeutica per molte persone. Oltre a usare la cocaina sniffandola, fumandola o iniettandola nel corpo, puoi anche usarla in vari altri modi per sperimentarne gli effetti. Ad esempio, mescolare la cocaina con l'alcol pu\u00f2 creare una serata potente che non ti far\u00e0 sentire assonnato il giorno successivo.<\/p>\n<p style=\"text-align: justify;\">Questo potente farmaco \u00e8 prodotto solo in Bolivia ed \u00e8 disponibile online su Narco Powders. Non solo \u00e8 puro e genuino, ma il\u00a0<strong><a href=\"https:\/\/www.bing.com\/search?q=Buy%20Bolivia%20Cocaine%20Online&amp;qs=n&amp;form=QBRE&amp;sp=-1&amp;lq=0&amp;pq=buy%20bolivia%20cocaine%20online&amp;sc=0-26&amp;sk=&amp;cvid=C257DDF1FD2944CFBD7F95C69A143FEA&amp;ghsh=0&amp;ghacc=0&amp;ghpl=\">Prezzo cocaina Bolivia<\/a>\u00a0<\/strong>\u00e8 conveniente, anche inferiore ad alcune droghe da strada. Inoltre, sono disponibili opzioni di consegna in tutto il mondo, quindi puoi farlo <strong><a href=\"https:\/\/duckduckgo.com\/?q=Buy+Bolivia+Cocaine+Online&amp;t=h_&amp;ia=web\">ordinare la cocaina boliviana online<\/a>\u00a0<\/strong>da qualsiasi luogo.<\/p>\n<h3 style=\"text-align: justify;\">Effetti collaterali della cocaina boliviana<\/h3>\n<p style=\"text-align: justify;\"><a href=\"https:\/\/www.bing.com\/search?q=Buy%20Bolivia%20Cocaine%20Online&amp;qs=n&amp;form=QBRE&amp;sp=-1&amp;lq=0&amp;pq=buy%20bolivia%20cocaine%20online&amp;sc=0-26&amp;sk=&amp;cvid=C257DDF1FD2944CFBD7F95C69A143FEA&amp;ghsh=0&amp;ghacc=0&amp;ghpl=\">La cocaina boliviana pu\u00f2 avere vari effetti collaterali<\/a> La cocaina della Bolivia pu\u00f2 avere vari effetti collaterali sulle funzioni e sui sistemi del corpo. Questi effetti possono variare da lievi a pericolosi per la vita e possono verificarsi in qualsiasi momento durante l'uso o dopo la cessazione. Alcuni degli effetti collaterali pi\u00f9 comuni dell'uso della cocaina boliviana includono aumento dell'ansia, attacchi di panico, battito cardiaco accelerato, paranoia, allucinazioni, convulsioni, rischio di ictus, livelli elevati di pressione sanguigna e dipendenza. Sebbene queste siano tutte gravi conseguenze che non dovrebbero essere prese alla leggera, non sono gli unici rischi associati all'uso di questo farmaco. La cocaina della Bolivia ha anche il potenziale per la dipendenza e il deterioramento cognitivo e fisico a lungo termine se usata regolarmente nel tempo.<\/p>\n<h3 style=\"text-align: justify;\">Dove acquistare la cocaina boliviana online?<\/h3>\n<p style=\"text-align: justify;\">Quando scegli di\u00a0<a href=\"https:\/\/duckduckgo.com\/?q=Buy+Bolivia+Cocaine+Online&amp;t=h_&amp;ia=web\"><strong>comprare cocaina boliviana online<\/strong><\/a>, ci sono molti vantaggi nello scegliere Narco Powders come fonte. Ci impegniamo a fornire prodotti di cocaina di qualit\u00e0 a un prezzo accessibile. Tutti i prodotti sul nostro sito Web vengono consegnati in modo sicuro e protetto: nessuno pu\u00f2 rubare i tuoi farmaci mentre sono in transito. Inoltre, \u00e8 disponibile una variet\u00e0 di altri prodotti di cocaina di qualit\u00e0, tra cui cocaina crack, cocaina in polvere, cocaina messicana e cos\u00ec via.<\/p>","protected":false},"excerpt":{"rendered":"<p>Buy Bolivia Cocaine Online Cocaine is one of the most popular drugs in the world, and Bolivia is one of the largest producers of coca in the world. Are you looking for the best place to\u00a0buy Bolivian cocaine online? Look no further than Narco Powders! We offer the highest quality\u00a0Bolivian cocaine online\u00a0at the most competitive [&hellip;]<\/p>","protected":false},"featured_media":19142,"comment_status":"open","ping_status":"closed","template":"","meta":{"_joinchat":[]},"product_brand":[],"product_cat":[1179],"product_tag":[1202,1196,1204,1198,1197,1205,1208,1209,1207,1199,1210,1203,1211,1200,1206,1201],"class_list":{"0":"post-19100","1":"product","2":"type-product","3":"status-publish","4":"has-post-thumbnail","6":"product_cat-buy-cocaine-online","7":"product_tag-benefits-of-bolivia-cocaine","8":"product_tag-best-place-to-order-bolivia-cocaine","9":"product_tag-bolivia-cocaine-for-sale","10":"product_tag-bolivia-cocaine-price","11":"product_tag-bolivia-cocaine-wholesale","12":"product_tag-buy-bolivia-cocaine-legally","13":"product_tag-buy-bolivia-cocaine-online-australia","14":"product_tag-buy-bolivia-cocaine-online-near-me","15":"product_tag-buy-bolivia-cocaine-online-usa","16":"product_tag-cheap-bolivia-cocaine","17":"product_tag-how-can-i-get-the-best-bolivia-cocaine","18":"product_tag-how-to-order-bolivia-cocaine","19":"product_tag-legit-bolivia-cocaine-online","20":"product_tag-what-is-bolivia-cocaine","21":"product_tag-where-can-i-buy-bolivia-cocaine","22":"product_tag-where-to-buy-bolivia-cocaine","24":"first","25":"instock","26":"shipping-taxable","27":"purchasable","28":"product-type-variable","29":"add-to-wishlist-after_add_to_cart"},"yoast_head":"<!-- This site is optimized with the Yoast SEO plugin v25.9 - https:\/\/yoast.com\/wordpress\/plugins\/seo\/ -->\n<title>Buy Bolivia Cocaine Online - Bolivia Cocaine for Sale | NarcoPowders<\/title>\n<meta name=\"description\" content=\"You can buy bolivia cocaine online from the leading supplier. We offer pure bolivia cocaine for sale with the highest quality and at reasonable prices. Order now!\" \/>\n<meta name=\"robots\" content=\"index, follow, max-snippet:-1, max-image-preview:large, max-video-preview:-1\" \/>\n<link rel=\"canonical\" href=\"https:\/\/narcopowders.com\/it\/prodotto\/bolivia-cocaina\/\" \/>\n<meta property=\"og:locale\" content=\"it_IT\" \/>\n<meta property=\"og:type\" content=\"article\" \/>\n<meta property=\"og:title\" content=\"Buy Bolivia Cocaine Online - Bolivia Cocaine for Sale | NarcoPowders\" \/>\n<meta property=\"og:description\" content=\"You can buy bolivia cocaine online from the leading supplier. We offer pure bolivia cocaine for sale with the highest quality and at reasonable prices. Order now!\" \/>\n<meta property=\"og:url\" content=\"https:\/\/narcopowders.com\/it\/prodotto\/bolivia-cocaina\/\" \/>\n<meta property=\"og:site_name\" content=\"Narco Powders\" \/>\n<meta property=\"article:modified_time\" content=\"2025-03-25T11:39:49+00:00\" \/>\n<meta property=\"og:image\" content=\"https:\/\/narcopowders.com\/wp-content\/uploads\/2023\/01\/bolivia-cocaine.jpg\" \/>\n\t<meta property=\"og:image:width\" content=\"600\" \/>\n\t<meta property=\"og:image:height\" content=\"600\" \/>\n\t<meta property=\"og:image:type\" content=\"image\/jpeg\" \/>\n<meta name=\"twitter:card\" content=\"summary_large_image\" \/>\n<meta name=\"twitter:label1\" content=\"Tempo di lettura stimato\" \/>\n\t<meta name=\"twitter:data1\" content=\"3 minuti\" \/>\n<!-- \/ Yoast SEO plugin. -->","yoast_head_json":{"title":"Acquista cocaina boliviana online - Cocaina boliviana in vendita | Narcopolveri","description":"Puoi acquistare cocaina bolivia online dal fornitore leader. Offriamo cocaina bolivia pura in vendita con la massima qualit\u00e0 ea prezzi ragionevoli. Ordina adesso!","robots":{"index":"index","follow":"follow","max-snippet":"max-snippet:-1","max-image-preview":"max-image-preview:large","max-video-preview":"max-video-preview:-1"},"canonical":"https:\/\/narcopowders.com\/it\/prodotto\/bolivia-cocaina\/","og_locale":"it_IT","og_type":"article","og_title":"Buy Bolivia Cocaine Online - Bolivia Cocaine for Sale | NarcoPowders","og_description":"You can buy bolivia cocaine online from the leading supplier. We offer pure bolivia cocaine for sale with the highest quality and at reasonable prices. Order now!","og_url":"https:\/\/narcopowders.com\/it\/prodotto\/bolivia-cocaina\/","og_site_name":"Narco Powders","article_modified_time":"2025-03-25T11:39:49+00:00","og_image":[{"width":600,"height":600,"url":"https:\/\/narcopowders.com\/wp-content\/uploads\/2023\/01\/bolivia-cocaine.jpg","type":"image\/jpeg"}],"twitter_card":"summary_large_image","twitter_misc":{"Tempo di lettura stimato":"3 minuti"},"schema":{"@context":"https:\/\/schema.org","@graph":[{"@type":"WebPage","@id":"https:\/\/narcopowders.com\/product\/bolivia-cocaine\/","url":"https:\/\/narcopowders.com\/product\/bolivia-cocaine\/","name":"Acquista cocaina boliviana online - Cocaina boliviana in vendita | Narcopolveri","isPartOf":{"@id":"https:\/\/narcopowders.com\/#website"},"primaryImageOfPage":{"@id":"https:\/\/narcopowders.com\/product\/bolivia-cocaine\/#primaryimage"},"image":{"@id":"https:\/\/narcopowders.com\/product\/bolivia-cocaine\/#primaryimage"},"thumbnailUrl":"https:\/\/narcopowders.com\/wp-content\/uploads\/2023\/01\/bolivia-cocaine.jpg","datePublished":"2023-01-02T10:08:30+00:00","dateModified":"2025-03-25T11:39:49+00:00","description":"Puoi acquistare cocaina bolivia online dal fornitore leader. Offriamo cocaina bolivia pura in vendita con la massima qualit\u00e0 ea prezzi ragionevoli. Ordina adesso!","breadcrumb":{"@id":"https:\/\/narcopowders.com\/product\/bolivia-cocaine\/#breadcrumb"},"inLanguage":"it-IT","potentialAction":[{"@type":"ReadAction","target":["https:\/\/narcopowders.com\/product\/bolivia-cocaine\/"]}]},{"@type":"ImageObject","inLanguage":"it-IT","@id":"https:\/\/narcopowders.com\/product\/bolivia-cocaine\/#primaryimage","url":"https:\/\/narcopowders.com\/wp-content\/uploads\/2023\/01\/bolivia-cocaine.jpg","contentUrl":"https:\/\/narcopowders.com\/wp-content\/uploads\/2023\/01\/bolivia-cocaine.jpg","width":600,"height":600,"caption":"Buy Bolivia Cocaine Online"},{"@type":"BreadcrumbList","@id":"https:\/\/narcopowders.com\/product\/bolivia-cocaine\/#breadcrumb","itemListElement":[{"@type":"ListItem","position":1,"name":"Home","item":"https:\/\/narcopowders.com\/"},{"@type":"ListItem","position":2,"name":"Shop Page","item":"https:\/\/narcopowders.com\/shop\/"},{"@type":"ListItem","position":3,"name":"Bolivia Cocaine"}]},{"@type":"WebSite","@id":"https:\/\/narcopowders.com\/#website","url":"https:\/\/narcopowders.com\/","name":"Polveri Narco","description":"Il mio blog WordPress","potentialAction":[{"@type":"SearchAction","target":{"@type":"EntryPoint","urlTemplate":"https:\/\/narcopowders.com\/?s={search_term_string}"},"query-input":{"@type":"PropertyValueSpecification","valueRequired":true,"valueName":"search_term_string"}}],"inLanguage":"it-IT"}]}},"_links":{"self":[{"href":"https:\/\/narcopowders.com\/it\/wp-json\/wp\/v2\/product\/19100","targetHints":{"allow":["GET"]}}],"collection":[{"href":"https:\/\/narcopowders.com\/it\/wp-json\/wp\/v2\/product"}],"about":[{"href":"https:\/\/narcopowders.com\/it\/wp-json\/wp\/v2\/types\/product"}],"replies":[{"embeddable":true,"href":"https:\/\/narcopowders.com\/it\/wp-json\/wp\/v2\/comments?post=19100"}],"wp:featuredmedia":[{"embeddable":true,"href":"https:\/\/narcopowders.com\/it\/wp-json\/wp\/v2\/media\/19142"}],"wp:attachment":[{"href":"https:\/\/narcopowders.com\/it\/wp-json\/wp\/v2\/media?parent=19100"}],"wp:term":[{"taxonomy":"product_brand","embeddable":true,"href":"https:\/\/narcopowders.com\/it\/wp-json\/wp\/v2\/product_brand?post=19100"},{"taxonomy":"product_cat","embeddable":true,"href":"https:\/\/narcopowders.com\/it\/wp-json\/wp\/v2\/product_cat?post=19100"},{"taxonomy":"product_tag","embeddable":true,"href":"https:\/\/narcopowders.com\/it\/wp-json\/wp\/v2\/product_tag?post=19100"}],"curies":[{"name":"wp","href":"https:\/\/api.w.org\/{rel}","templated":true}]}}