{"id":19145,"date":"2023-01-02T10:20:37","date_gmt":"2023-01-02T10:20:37","guid":{"rendered":"https:\/\/nembutalhouse.com\/narco\/?post_type=product&#038;p=19145"},"modified":"2025-03-25T11:57:14","modified_gmt":"2025-03-25T11:57:14","slug":"colombian-cocaine","status":"publish","type":"product","link":"https:\/\/narcopowders.com\/it\/prodotto\/colombiano-cocaina\/","title":{"rendered":"Acquista cocaina colombiana online"},"content":{"rendered":"<h2 style=\"text-align: justify;\">Acquista cocaina colombiana online<\/h2>\n<p style=\"text-align: justify;\">Stai cercando di\u00a0<a href=\"https:\/\/narcopowders.com\/it\/prodotto\/colombiano-cocaina\/\"><strong>comprare cocaina colombiana online<\/strong><\/a>? If so, <a href=\"https:\/\/narcopowders.com\/it\/\">Polveri Narco<\/a> \u00e8 il posto perfetto per te. Qui troverai un'ampia variet\u00e0 di <a href=\"https:\/\/en.wikipedia.org\/wiki\/Cocaine\">high-quality cocaine<\/a> prodotti realizzati con foglie di coca colombiane.<\/p>\n<h3 style=\"text-align: justify;\">Come viene prodotta la cocaina colombiana?<\/h3>\n<p style=\"text-align: justify;\"><a href=\"https:\/\/www.bing.com\/search?q=Buy%20Colombian%20Cocaine%20Online&amp;qs=n&amp;form=QBRE&amp;sp=-1&amp;lq=0&amp;pq=buy%20colombian%20cocaine%20online&amp;sc=1-28&amp;sk=&amp;cvid=B9F08B78D28D4CFF9767D05E320B96BB&amp;ghsh=0&amp;ghacc=0&amp;ghpl=\">Colombian cocaine<\/a> La cocaina colombiana \u00e8 tra le droghe pi\u00f9 popolari sul mercato. \u00c8 un potente stimolante che pu\u00f2 aiutare ad aumentare i livelli di energia e migliorare la concentrazione. Per produrre cocaina colombiana, i contadini devono prima coltivare foglie di coca nelle Ande. Una volta che le foglie di coca sono cresciute, vengono raccolte e trasformate in cristalli di cloridrato di cocaina. Questo processo prevede la distillazione delle foglie utilizzando una variet\u00e0 di processi chimici, tra cui il lavaggio con acido e l'estrazione di etere. Infine, la cocaina viene spedita all'estero per essere venduta sul mercato nero.<\/p>\n<p style=\"text-align: justify;\">Drug trafficking networks use different routes and ports to smuggle <a href=\"https:\/\/www.google.de\/search?q=Buy+Colombian+Cocaine+Online&amp;sca_esv=1a2a07081c7891bb&amp;rlz=1C1RXQR_enIN1098IN1098&amp;ei=arjOZ5WFK-z21e8P98PxkAg&amp;ved=0ahUKEwiV4ujroP-LAxVse_UHHfdhHIIQ4dUDCBA&amp;uact=5&amp;oq=Buy+Colombian+Cocaine+Online&amp;gs_lp=Egxnd3Mtd2l6LXNlcnAiHEJ1eSBDb2xvbWJpYW4gQ29jYWluZSBPbmxpbmVIkAhQjQRYjQRwA3gAkAEAmAGqAaABqgGqAQMwLjG4AQPIAQD4AQL4AQGYAgCgAgCYAwCIBgGSBwCgB1A&amp;sclient=gws-wiz-serp\">Colombian cocaine<\/a> Le reti di traffico di droga utilizzano rotte e porti diversi per contrabbandare la cocaina colombiana in Europa e in altre parti del mondo, dove ha pi\u00f9 valore di altri tipi di droga. A causa di questi fattori, ci sono spesso differenze significative tra i\u00a0<a href=\"https:\/\/www.bing.com\/search?q=Buy%20Colombian%20Cocaine%20Online&amp;qs=n&amp;form=QBRE&amp;sp=-1&amp;lq=0&amp;pq=buy%20colombian%20cocaine%20online&amp;sc=1-28&amp;sk=&amp;cvid=B9F08B78D28D4CFF9767D05E320B96BB&amp;ghsh=0&amp;ghacc=0&amp;ghpl=\"><strong>Prezzo della cocaina colombiana <\/strong><\/a>e il prezzo di altri tipi di farmaci sul mercato.<\/p>\n<h3 style=\"text-align: justify;\">Benefici della cocaina colombiana<\/h3>\n<p style=\"text-align: justify;\">The use of <a href=\"https:\/\/www.google.de\/search?q=Buy+Colombian+Cocaine+Online&amp;sca_esv=1a2a07081c7891bb&amp;rlz=1C1RXQR_enIN1098IN1098&amp;ei=arjOZ5WFK-z21e8P98PxkAg&amp;ved=0ahUKEwiV4ujroP-LAxVse_UHHfdhHIIQ4dUDCBA&amp;uact=5&amp;oq=Buy+Colombian+Cocaine+Online&amp;gs_lp=Egxnd3Mtd2l6LXNlcnAiHEJ1eSBDb2xvbWJpYW4gQ29jYWluZSBPbmxpbmVIkAhQjQRYjQRwA3gAkAEAmAGqAaABqgGqAQMwLjG4AQPIAQD4AQL4AQGYAgCgAgCYAwCIBgGSBwCgB1A&amp;sclient=gws-wiz-serp\">Colombian cocaine<\/a> L'uso della cocaina colombiana pu\u00f2 fornire vari benefici a coloro che cercano di sperimentare un'euforia intensificata o che desiderano utilizzare la droga come parte del trattamento della dipendenza. Oltre a fornire una sensazione di piacere e di vigilanza pi\u00f9 intensa rispetto ad altre variet\u00e0 di cocaina, la cocaina colombiana ha anche una potenza maggiore rispetto ad altri tipi di cocaina, consentendo ai consumatori di sperimentare gli effetti con una quantit\u00e0 molto minore.\u00a0<strong>Cocaina colombiana online<\/strong>\u00a0\u00e8 anche spesso considerata pi\u00f9 desiderabile per la sua purezza e la mancanza di contaminazione con altre droghe.<\/p>\n<p style=\"text-align: justify;\">Che tu abbia voglia di sbuffare o fumare, abbiamo quello perfetto <a href=\"https:\/\/duckduckgo.com\/?q=Buy+Colombian+Cocaine+Online&amp;t=h_&amp;ia=web\"><strong>Cocaina colombiana in vendita<\/strong><\/a>. Quindi, perch\u00e9 non provare oggi Narco Powders? Non rimarrai deluso!<\/p>\n<h3 style=\"text-align: justify;\">Effetti collaterali della cocaina colombiana<\/h3>\n<p style=\"text-align: justify;\">Quando si tratta degli effetti collaterali a breve termine del consumo di cocaina, i consumatori possono sperimentare euforia o fretta, oltre a maggiore energia e motivazione. Questi effetti collaterali in genere durano circa un'ora, ma possono variare a seconda della quantit\u00e0 di cocaina assunta. Gli effetti collaterali a lungo termine del consumo di cocaina possono includere problemi di concentrazione e concentrazione, aumento della frequenza cardiaca e della pressione sanguigna, insonnia, rapida perdita o aumento di peso, dipendenza, convulsioni, danni al fegato e persino la morte.<\/p>\n<h3 style=\"text-align: justify;\">Dove ordinare la cocaina colombiana online?<\/h3>\n<p style=\"text-align: justify;\">Ci sono molte ottime ragioni per\u00a0<strong>ordinare cocaina online<\/strong>\u00a0da Narco Polveri. Per prima cosa, la legalit\u00e0 dell'ordinazione di cocaina online \u00e8 ancora oggetto di dibattito da parte di molte autorit\u00e0. Ma puoi ordinare la cocaina colombiana online senza preoccuparti di essere scoperto. Un altro motivo per acquistare cocaina online \u00e8 il fattore convenienza. Con Narco Powders, puoi\u00a0<a href=\"https:\/\/duckduckgo.com\/?q=Buy+Colombian+Cocaine+Online&amp;t=h_&amp;ia=web\"><strong>comprare cocaina colombiana all'ingrosso<\/strong><\/a> con facilit\u00e0 e senza dover uscire di casa o dall'ufficio. Ultimo ma non meno importante, ci sono vari tipi di cocaina disponibili per l'acquisto presso Narco Powders, dalla polvere al crack.<\/p>","protected":false},"excerpt":{"rendered":"<p>Buy Colombian Cocaine Online Are you looking to\u00a0buy Colombian cocaine online? If so, Narco Powders is the perfect place for you. Here, you&#8217;ll find a wide variety of high-quality cocaine products that are made from Colombian coca leaves. How Is Colombian Cocaine Made? Colombian cocaine is among the most popular drugs on the market. It&#8217;s [&hellip;]<\/p>","protected":false},"featured_media":19165,"comment_status":"open","ping_status":"closed","template":"","meta":{"_joinchat":[]},"product_brand":[],"product_cat":[1179],"product_tag":[1250,1244,1253,1257,1247,1252,1246,1245,1258,1251,1259,1248,1254,1249],"class_list":{"0":"post-19145","1":"product","2":"type-product","3":"status-publish","4":"has-post-thumbnail","6":"product_cat-buy-cocaine-online","7":"product_tag-benefits-of-colombian-cocaine","8":"product_tag-best-place-to-order-colombian-cocaine","9":"product_tag-buy-colombian-cocaine-legally","10":"product_tag-buy-colombian-cocaine-online-near-me","11":"product_tag-cheap-colombian-cocaine","12":"product_tag-colombian-cocaine-for-sale","13":"product_tag-colombian-cocaine-price","14":"product_tag-colombian-cocaine-wholesale","15":"product_tag-how-can-i-get-the-best-colombian-cocaine","16":"product_tag-how-to-order-colombian-cocaine","17":"product_tag-legit-colombian-cocaine-online","18":"product_tag-what-is-colombian-cocaine","19":"product_tag-where-can-i-buy-colombian-cocaine","20":"product_tag-where-to-buy-colombian-cocaine","22":"first","23":"instock","24":"shipping-taxable","25":"purchasable","26":"product-type-variable","27":"add-to-wishlist-after_add_to_cart"},"yoast_head":"<!-- This site is optimized with the Yoast SEO plugin v25.9 - https:\/\/yoast.com\/wordpress\/plugins\/seo\/ -->\n<title>Colombian Cocaine for Sale - Buy Colombian Cocaine Online<\/title>\n<meta name=\"description\" content=\"You can get high purity colombian cocaine for sale here. Buy colombian cocaine online, order colombian cocaine in bulk quantity at wholesale price.\" \/>\n<meta name=\"robots\" content=\"index, follow, max-snippet:-1, max-image-preview:large, max-video-preview:-1\" \/>\n<link rel=\"canonical\" href=\"https:\/\/narcopowders.com\/it\/prodotto\/colombiano-cocaina\/\" \/>\n<meta property=\"og:locale\" content=\"it_IT\" \/>\n<meta property=\"og:type\" content=\"article\" \/>\n<meta property=\"og:title\" content=\"Colombian Cocaine for Sale - Buy Colombian Cocaine Online\" \/>\n<meta property=\"og:description\" content=\"You can get high purity colombian cocaine for sale here. Buy colombian cocaine online, order colombian cocaine in bulk quantity at wholesale price.\" \/>\n<meta property=\"og:url\" content=\"https:\/\/narcopowders.com\/it\/prodotto\/colombiano-cocaina\/\" \/>\n<meta property=\"og:site_name\" content=\"Narco Powders\" \/>\n<meta property=\"article:modified_time\" content=\"2025-03-25T11:57:14+00:00\" \/>\n<meta property=\"og:image\" content=\"https:\/\/narcopowders.com\/wp-content\/uploads\/2023\/01\/colombian-cocaine.jpg\" \/>\n\t<meta property=\"og:image:width\" content=\"600\" \/>\n\t<meta property=\"og:image:height\" content=\"600\" \/>\n\t<meta property=\"og:image:type\" content=\"image\/jpeg\" \/>\n<meta name=\"twitter:card\" content=\"summary_large_image\" \/>\n<meta name=\"twitter:label1\" content=\"Tempo di lettura stimato\" \/>\n\t<meta name=\"twitter:data1\" content=\"3 minuti\" \/>\n<!-- \/ Yoast SEO plugin. -->","yoast_head_json":{"title":"Cocaina colombiana in vendita - Acquista cocaina colombiana online","description":"Puoi acquistare cocaina colombiana di elevata purezza in vendita qui. Acquista cocaina colombiana online, ordina cocaina colombiana in grandi quantit\u00e0 a prezzo all'ingrosso.","robots":{"index":"index","follow":"follow","max-snippet":"max-snippet:-1","max-image-preview":"max-image-preview:large","max-video-preview":"max-video-preview:-1"},"canonical":"https:\/\/narcopowders.com\/it\/prodotto\/colombiano-cocaina\/","og_locale":"it_IT","og_type":"article","og_title":"Colombian Cocaine for Sale - Buy Colombian Cocaine Online","og_description":"You can get high purity colombian cocaine for sale here. Buy colombian cocaine online, order colombian cocaine in bulk quantity at wholesale price.","og_url":"https:\/\/narcopowders.com\/it\/prodotto\/colombiano-cocaina\/","og_site_name":"Narco Powders","article_modified_time":"2025-03-25T11:57:14+00:00","og_image":[{"width":600,"height":600,"url":"https:\/\/narcopowders.com\/wp-content\/uploads\/2023\/01\/colombian-cocaine.jpg","type":"image\/jpeg"}],"twitter_card":"summary_large_image","twitter_misc":{"Tempo di lettura stimato":"3 minuti"},"schema":{"@context":"https:\/\/schema.org","@graph":[{"@type":"WebPage","@id":"https:\/\/narcopowders.com\/product\/colombian-cocaine\/","url":"https:\/\/narcopowders.com\/product\/colombian-cocaine\/","name":"Cocaina colombiana in vendita - Acquista cocaina colombiana online","isPartOf":{"@id":"https:\/\/narcopowders.com\/#website"},"primaryImageOfPage":{"@id":"https:\/\/narcopowders.com\/product\/colombian-cocaine\/#primaryimage"},"image":{"@id":"https:\/\/narcopowders.com\/product\/colombian-cocaine\/#primaryimage"},"thumbnailUrl":"https:\/\/narcopowders.com\/wp-content\/uploads\/2023\/01\/colombian-cocaine.jpg","datePublished":"2023-01-02T10:20:37+00:00","dateModified":"2025-03-25T11:57:14+00:00","description":"Puoi acquistare cocaina colombiana di elevata purezza in vendita qui. Acquista cocaina colombiana online, ordina cocaina colombiana in grandi quantit\u00e0 a prezzo all'ingrosso.","breadcrumb":{"@id":"https:\/\/narcopowders.com\/product\/colombian-cocaine\/#breadcrumb"},"inLanguage":"it-IT","potentialAction":[{"@type":"ReadAction","target":["https:\/\/narcopowders.com\/product\/colombian-cocaine\/"]}]},{"@type":"ImageObject","inLanguage":"it-IT","@id":"https:\/\/narcopowders.com\/product\/colombian-cocaine\/#primaryimage","url":"https:\/\/narcopowders.com\/wp-content\/uploads\/2023\/01\/colombian-cocaine.jpg","contentUrl":"https:\/\/narcopowders.com\/wp-content\/uploads\/2023\/01\/colombian-cocaine.jpg","width":600,"height":600,"caption":"Colombian Cocaine for Sale"},{"@type":"BreadcrumbList","@id":"https:\/\/narcopowders.com\/product\/colombian-cocaine\/#breadcrumb","itemListElement":[{"@type":"ListItem","position":1,"name":"Home","item":"https:\/\/narcopowders.com\/"},{"@type":"ListItem","position":2,"name":"Shop Page","item":"https:\/\/narcopowders.com\/shop\/"},{"@type":"ListItem","position":3,"name":"Buy Colombian Cocaine Online"}]},{"@type":"WebSite","@id":"https:\/\/narcopowders.com\/#website","url":"https:\/\/narcopowders.com\/","name":"Polveri Narco","description":"Il mio blog WordPress","potentialAction":[{"@type":"SearchAction","target":{"@type":"EntryPoint","urlTemplate":"https:\/\/narcopowders.com\/?s={search_term_string}"},"query-input":{"@type":"PropertyValueSpecification","valueRequired":true,"valueName":"search_term_string"}}],"inLanguage":"it-IT"}]}},"_links":{"self":[{"href":"https:\/\/narcopowders.com\/it\/wp-json\/wp\/v2\/product\/19145","targetHints":{"allow":["GET"]}}],"collection":[{"href":"https:\/\/narcopowders.com\/it\/wp-json\/wp\/v2\/product"}],"about":[{"href":"https:\/\/narcopowders.com\/it\/wp-json\/wp\/v2\/types\/product"}],"replies":[{"embeddable":true,"href":"https:\/\/narcopowders.com\/it\/wp-json\/wp\/v2\/comments?post=19145"}],"wp:featuredmedia":[{"embeddable":true,"href":"https:\/\/narcopowders.com\/it\/wp-json\/wp\/v2\/media\/19165"}],"wp:attachment":[{"href":"https:\/\/narcopowders.com\/it\/wp-json\/wp\/v2\/media?parent=19145"}],"wp:term":[{"taxonomy":"product_brand","embeddable":true,"href":"https:\/\/narcopowders.com\/it\/wp-json\/wp\/v2\/product_brand?post=19145"},{"taxonomy":"product_cat","embeddable":true,"href":"https:\/\/narcopowders.com\/it\/wp-json\/wp\/v2\/product_cat?post=19145"},{"taxonomy":"product_tag","embeddable":true,"href":"https:\/\/narcopowders.com\/it\/wp-json\/wp\/v2\/product_tag?post=19145"}],"curies":[{"name":"wp","href":"https:\/\/api.w.org\/{rel}","templated":true}]}}