{"id":19217,"date":"2023-01-03T09:19:42","date_gmt":"2023-01-03T09:19:42","guid":{"rendered":"https:\/\/narcopowders.com\/?post_type=product&#038;p=19217"},"modified":"2025-03-25T12:27:06","modified_gmt":"2025-03-25T12:27:06","slug":"afghan-heroin","status":"publish","type":"product","link":"https:\/\/narcopowders.com\/it\/prodotto\/afghan-eroina\/","title":{"rendered":"Eroina afgana"},"content":{"rendered":"<h2 style=\"text-align: justify;\">Acquista eroina afghana online<\/h2>\n<p style=\"text-align: justify;\">Harvesting <a href=\"https:\/\/en.wikipedia.org\/wiki\/Heroin\">Afghan heroin<\/a> La raccolta dell'eroina afghana dai campi di papaveri \u00e8 illegale in molti paesi, ma ci\u00f2 non impedisce alle persone di procurarsi questa droga. Infatti, l'eroina afgana \u00e8 tra i tipi di eroina pi\u00f9 popolari sul mercato, grazie anche ai suoi intensi effetti euforici. Se stai cercando il meglio <a href=\"https:\/\/narcopowders.com\/it\/prodotto\/afghan-eroina\/\"><strong>Eroina afghana in vendita online<\/strong><\/a>, then look no further than <a href=\"https:\/\/narcopowders.com\/it\/\">Polveri Narco<\/a>.<\/p>\n<h3 style=\"text-align: justify;\">Come viene prodotta l'eroina afghana?<\/h3>\n<p style=\"text-align: justify;\">L'eroina afghana \u00e8 un tipo di oppioide derivato dall'oppio. L'oppio proviene dalla pianta del papavero ed \u00e8 un <a href=\"https:\/\/www.google.com\/search?q=Buy+Afghan+Heroin+Online&amp;sca_esv=7d1b82273738a5db&amp;sxsrf=AHTn8zoNL9SAp7Ses5ieQ5J3StmSQ-ZOZA%3A1742904303459&amp;ei=75viZ4PlG4iZseMPpM2fyAk&amp;ved=0ahUKEwjDmIq_mKWMAxWITGwGHaTmB5kQ4dUDCA8&amp;uact=5&amp;oq=Buy+Afghan+Heroin+Online&amp;gs_lp=Egxnd3Mtd2l6LXNlcnAiGEJ1eSBBZmdoYW4gSGVyb2luIE9ubGluZUiRCFCqAViqAXABeACQAQCYAd0BoAHdAaoBAzItMbgBA8gBAPgBAfgBApgCAaACJ6gCEcICBxAjGCcY6gLCAhQQABiABBiRAhi0AhiKBRjqAtgBAcICFBAAGIAEGOMEGLQCGOkEGOoC2AEBwgIQEAAYAxi0AhjqAhiPAdgBAcICEBAuGAMYtAIY6gIYjwHYAQGYAyfxBXk66vEMk5S9ugYGCAEQARgBkgcBMaAHVLIHALgHAA&amp;sclient=gws-wiz-serp\">natural source of morphine and codeine<\/a>L'eroina afghana \u00e8 un tipo di oppioide prodotto dall'oppio. L'oppio deriva dalla pianta del papavero ed \u00e8 una fonte naturale di morfina e codeina. Il processo di trasformazione dell'oppio in eroina afghana prevede diversi passaggi, tra cui l'ebollizione dell'oppio fino a farlo diventare un catrame nero appiccicoso, quindi il filtraggio attraverso una garza per rimuovere le impurit\u00e0. Questo catrame nero viene quindi essiccato e frantumato in polvere prima di essere formato in mattoni o pillole.<\/p>\n<p style=\"text-align: justify;\">Esistono diverse forme di eroina afghana, ciascuna con caratteristiche e utilizzi peculiari. <a href=\"https:\/\/duckduckgo.com\/?q=Buy+Afghan+Heroin+Online&amp;t=h_&amp;ia=web\">Eroina bianca (nota anche come \u201coppio grezzo\u201d)<\/a> Esistono diverse forme di eroina afghana, ognuna con le proprie qualit\u00e0 e usi unici. L'eroina bianca (nota anche come \"oppio grezzo\") \u00e8 il tipo pi\u00f9 comune e in genere ha una qualit\u00e0 inferiore rispetto ad altri tipi di eroina afgana. L'eroina marrone (ottenuta da catrame nero parzialmente essiccato) ha effetti pi\u00f9 forti ed \u00e8 pi\u00f9 popolare tra i consumatori a causa della sua potenza. L'eroina marrone scuro (ottenuta da catrame nero completamente essiccato) ha gli effetti pi\u00f9 forti di tutti, ma ha anche il pi\u00f9 alto potenziale di abuso perch\u00e9 \u00e8 pi\u00f9 difficile controllare i livelli di dosaggio.<\/p>\n<h3 style=\"text-align: justify;\">Vantaggi dell'eroina afgana<\/h3>\n<p style=\"text-align: justify;\">Se stai cercando uno sballo potente ed euforico,\u00a0<a href=\"https:\/\/www.google.com\/search?q=Buy+Afghan+Heroin+Online&amp;sca_esv=7d1b82273738a5db&amp;sxsrf=AHTn8zoNL9SAp7Ses5ieQ5J3StmSQ-ZOZA%3A1742904303459&amp;ei=75viZ4PlG4iZseMPpM2fyAk&amp;ved=0ahUKEwjDmIq_mKWMAxWITGwGHaTmB5kQ4dUDCA8&amp;uact=5&amp;oq=Buy+Afghan+Heroin+Online&amp;gs_lp=Egxnd3Mtd2l6LXNlcnAiGEJ1eSBBZmdoYW4gSGVyb2luIE9ubGluZUiRCFCqAViqAXABeACQAQCYAd0BoAHdAaoBAzItMbgBA8gBAPgBAfgBApgCAaACJ6gCEcICBxAjGCcY6gLCAhQQABiABBiRAhi0AhiKBRjqAtgBAcICFBAAGIAEGOMEGLQCGOkEGOoC2AEBwgIQEAAYAxi0AhjqAhiPAdgBAcICEBAuGAMYtAIY6gIYjwHYAQGYAyfxBXk66vEMk5S9ugYGCAEQARgBkgcBMaAHVLIHALgHAA&amp;sclient=gws-wiz-serp\"><strong>Eroina afgana online<\/strong><\/a>\u00a0\u00e8 la soluzione migliore. Questo tipo di eroina \u00e8 tra le variet\u00e0 pi\u00f9 pure e potenti disponibili ed \u00e8 spesso ricercata per i suoi intensi effetti. Di conseguenza, l'eroina afghana viene utilizzata per trattare il dolore cronico e la dipendenza da oppiacei, condizioni che sono fin troppo comuni nella societ\u00e0 odierna.<\/p>\n<h3 style=\"text-align: justify;\">Effetti collaterali dell'eroina afgana<\/h3>\n<p style=\"text-align: justify;\"><a href=\"https:\/\/www.bing.com\/search?q=Buy%20Afghan%20Heroin%20Online&amp;qs=n&amp;form=QBRE&amp;sp=-1&amp;lq=0&amp;pq=buy%20afghan%20heroin%20online&amp;sc=0-24&amp;sk=&amp;cvid=6B58336F96224C11B4CFC291185C5A1E&amp;ghsh=0&amp;ghacc=0&amp;ghpl=\">Afghan heroin is a type of opioid<\/a> L'eroina afghana \u00e8 un tipo di oppioide derivato dal papavero da oppio, quindi ha anche alcuni effetti collaterali. Gli effetti collaterali a breve termine associati all'uso di eroina afgana possono includere un aumento della frequenza cardiaca, un aumento della pressione sanguigna e sentimenti di euforia (lo sballo che deriva dall'uso di eroina). I problemi di salute a lungo termine legati all'uso di eroina afgana possono includere dipendenza, infezione cronica da epatite C (una malattia del fegato potenzialmente mortale), problemi di salute mentale come ansia e depressione e morte per overdose.<\/p>\n<h3 style=\"text-align: justify;\">Dove acquistare l'eroina afghana online?<\/h3>\n<p style=\"text-align: justify;\">Stai cercando di\u00a0<a href=\"https:\/\/duckduckgo.com\/?q=Buy+Afghan+Heroin+Online&amp;t=h_&amp;ia=web\"><strong>ordinare eroina afgana online<\/strong><\/a> che \u00e8 sicuro, protetto e discreto? Compralo da Narco Powders. Abbiamo anni di esperienza nel settore e offriamo una vasta gamma di prodotti di qualit\u00e0. Puoi scegliere tra una variet\u00e0 di prodotti puri, biologici e testati in laboratorio per trovare il dosaggio giusto per te. Sono disponibili molte opzioni di pagamento convenienti, come carte di credito, PayPal e Western Union, che rendono l'acquisto\u00a0<a href=\"https:\/\/www.bing.com\/search?q=Buy%20Afghan%20Heroin%20Online&amp;qs=n&amp;form=QBRE&amp;sp=-1&amp;lq=0&amp;pq=buy%20afghan%20heroin%20online&amp;sc=0-24&amp;sk=&amp;cvid=6B58336F96224C11B4CFC291185C5A1E&amp;ghsh=0&amp;ghacc=0&amp;ghpl=\"><strong>Eroina afgana all'ingrosso online<\/strong><\/a>\u00a0facile e conveniente per tutti. Quindi, fai il tuo ordine per la migliore eroina afgana oggi!<\/p>","protected":false},"excerpt":{"rendered":"<p>Comprare eroina afghana online La raccolta di eroina afghana dai campi di papavero \u00e8 illegale in molti Paesi, ma ci\u00f2 non impedisce alle persone di procurarsi questa droga. Infatti, l'eroina afgana \u00e8 tra i tipi di eroina pi\u00f9 popolari sul mercato, grazie anche ai suoi intensi effetti euforici. Se state cercando la migliore eroina afgana [...]<\/p>","protected":false},"featured_media":19243,"comment_status":"open","ping_status":"closed","template":"","meta":{"_joinchat":[]},"product_brand":[],"product_cat":[1168],"product_tag":[],"class_list":{"0":"post-19217","1":"product","2":"type-product","3":"status-publish","4":"has-post-thumbnail","6":"product_cat-buy-heroin-online","8":"first","9":"instock","10":"shipping-taxable","11":"purchasable","12":"product-type-variable","13":"has-default-attributes","14":"add-to-wishlist-after_add_to_cart"},"yoast_head":"<!-- This site is optimized with the Yoast SEO plugin v25.9 - https:\/\/yoast.com\/wordpress\/plugins\/seo\/ -->\n<title>Buy Afghan Heroin Online - Afghan Heroin for Sale | NarcoPowders<\/title>\n<meta name=\"description\" content=\"Looking to buy afghan heroin online? Order afghan heroin powder for sale at an affordable prices. Get the highest-purity powder for you.\" \/>\n<meta name=\"robots\" content=\"index, follow, max-snippet:-1, max-image-preview:large, max-video-preview:-1\" \/>\n<link rel=\"canonical\" href=\"https:\/\/narcopowders.com\/it\/prodotto\/afghan-eroina\/\" \/>\n<meta property=\"og:locale\" content=\"it_IT\" \/>\n<meta property=\"og:type\" content=\"article\" \/>\n<meta property=\"og:title\" content=\"Buy Afghan Heroin Online - Afghan Heroin for Sale | NarcoPowders\" \/>\n<meta property=\"og:description\" content=\"Looking to buy afghan heroin online? Order afghan heroin powder for sale at an affordable prices. Get the highest-purity powder for you.\" \/>\n<meta property=\"og:url\" content=\"https:\/\/narcopowders.com\/it\/prodotto\/afghan-eroina\/\" \/>\n<meta property=\"og:site_name\" content=\"Narco Powders\" \/>\n<meta property=\"article:modified_time\" content=\"2025-03-25T12:27:06+00:00\" \/>\n<meta property=\"og:image\" content=\"https:\/\/narcopowders.com\/wp-content\/uploads\/2023\/01\/afghan-heroin.jpg\" \/>\n\t<meta property=\"og:image:width\" content=\"600\" \/>\n\t<meta property=\"og:image:height\" content=\"600\" \/>\n\t<meta property=\"og:image:type\" content=\"image\/jpeg\" \/>\n<meta name=\"twitter:card\" content=\"summary_large_image\" \/>\n<meta name=\"twitter:label1\" content=\"Tempo di lettura stimato\" \/>\n\t<meta name=\"twitter:data1\" content=\"3 minuti\" \/>\n<!-- \/ Yoast SEO plugin. -->","yoast_head_json":{"title":"Acquista eroina afgana online - Eroina afgana in vendita | Narcopolveri","description":"Stai cercando di acquistare eroina afgana online? Ordina la polvere di eroina afgana in vendita a prezzi accessibili. Ottieni la polvere pi\u00f9 pura per te.","robots":{"index":"index","follow":"follow","max-snippet":"max-snippet:-1","max-image-preview":"max-image-preview:large","max-video-preview":"max-video-preview:-1"},"canonical":"https:\/\/narcopowders.com\/it\/prodotto\/afghan-eroina\/","og_locale":"it_IT","og_type":"article","og_title":"Buy Afghan Heroin Online - Afghan Heroin for Sale | NarcoPowders","og_description":"Looking to buy afghan heroin online? Order afghan heroin powder for sale at an affordable prices. Get the highest-purity powder for you.","og_url":"https:\/\/narcopowders.com\/it\/prodotto\/afghan-eroina\/","og_site_name":"Narco Powders","article_modified_time":"2025-03-25T12:27:06+00:00","og_image":[{"width":600,"height":600,"url":"https:\/\/narcopowders.com\/wp-content\/uploads\/2023\/01\/afghan-heroin.jpg","type":"image\/jpeg"}],"twitter_card":"summary_large_image","twitter_misc":{"Tempo di lettura stimato":"3 minuti"},"schema":{"@context":"https:\/\/schema.org","@graph":[{"@type":"WebPage","@id":"https:\/\/narcopowders.com\/product\/afghan-heroin\/","url":"https:\/\/narcopowders.com\/product\/afghan-heroin\/","name":"Acquista eroina afgana online - Eroina afgana in vendita | Narcopolveri","isPartOf":{"@id":"https:\/\/narcopowders.com\/#website"},"primaryImageOfPage":{"@id":"https:\/\/narcopowders.com\/product\/afghan-heroin\/#primaryimage"},"image":{"@id":"https:\/\/narcopowders.com\/product\/afghan-heroin\/#primaryimage"},"thumbnailUrl":"https:\/\/narcopowders.com\/wp-content\/uploads\/2023\/01\/afghan-heroin.jpg","datePublished":"2023-01-03T09:19:42+00:00","dateModified":"2025-03-25T12:27:06+00:00","description":"Stai cercando di acquistare eroina afgana online? Ordina la polvere di eroina afgana in vendita a prezzi accessibili. Ottieni la polvere pi\u00f9 pura per te.","breadcrumb":{"@id":"https:\/\/narcopowders.com\/product\/afghan-heroin\/#breadcrumb"},"inLanguage":"it-IT","potentialAction":[{"@type":"ReadAction","target":["https:\/\/narcopowders.com\/product\/afghan-heroin\/"]}]},{"@type":"ImageObject","inLanguage":"it-IT","@id":"https:\/\/narcopowders.com\/product\/afghan-heroin\/#primaryimage","url":"https:\/\/narcopowders.com\/wp-content\/uploads\/2023\/01\/afghan-heroin.jpg","contentUrl":"https:\/\/narcopowders.com\/wp-content\/uploads\/2023\/01\/afghan-heroin.jpg","width":600,"height":600,"caption":"Buy Afghan Heroin Online"},{"@type":"BreadcrumbList","@id":"https:\/\/narcopowders.com\/product\/afghan-heroin\/#breadcrumb","itemListElement":[{"@type":"ListItem","position":1,"name":"Home","item":"https:\/\/narcopowders.com\/"},{"@type":"ListItem","position":2,"name":"Shop Page","item":"https:\/\/narcopowders.com\/shop\/"},{"@type":"ListItem","position":3,"name":"Afghan Heroin"}]},{"@type":"WebSite","@id":"https:\/\/narcopowders.com\/#website","url":"https:\/\/narcopowders.com\/","name":"Polveri Narco","description":"Il mio blog WordPress","potentialAction":[{"@type":"SearchAction","target":{"@type":"EntryPoint","urlTemplate":"https:\/\/narcopowders.com\/?s={search_term_string}"},"query-input":{"@type":"PropertyValueSpecification","valueRequired":true,"valueName":"search_term_string"}}],"inLanguage":"it-IT"}]}},"_links":{"self":[{"href":"https:\/\/narcopowders.com\/it\/wp-json\/wp\/v2\/product\/19217","targetHints":{"allow":["GET"]}}],"collection":[{"href":"https:\/\/narcopowders.com\/it\/wp-json\/wp\/v2\/product"}],"about":[{"href":"https:\/\/narcopowders.com\/it\/wp-json\/wp\/v2\/types\/product"}],"replies":[{"embeddable":true,"href":"https:\/\/narcopowders.com\/it\/wp-json\/wp\/v2\/comments?post=19217"}],"wp:featuredmedia":[{"embeddable":true,"href":"https:\/\/narcopowders.com\/it\/wp-json\/wp\/v2\/media\/19243"}],"wp:attachment":[{"href":"https:\/\/narcopowders.com\/it\/wp-json\/wp\/v2\/media?parent=19217"}],"wp:term":[{"taxonomy":"product_brand","embeddable":true,"href":"https:\/\/narcopowders.com\/it\/wp-json\/wp\/v2\/product_brand?post=19217"},{"taxonomy":"product_cat","embeddable":true,"href":"https:\/\/narcopowders.com\/it\/wp-json\/wp\/v2\/product_cat?post=19217"},{"taxonomy":"product_tag","embeddable":true,"href":"https:\/\/narcopowders.com\/it\/wp-json\/wp\/v2\/product_tag?post=19217"}],"curies":[{"name":"wp","href":"https:\/\/api.w.org\/{rel}","templated":true}]}}