{"id":19219,"date":"2023-01-03T09:18:43","date_gmt":"2023-01-03T09:18:43","guid":{"rendered":"https:\/\/narcopowders.com\/?post_type=product&#038;p=19219"},"modified":"2025-03-25T12:37:48","modified_gmt":"2025-03-25T12:37:48","slug":"uncut-heroin","status":"publish","type":"product","link":"https:\/\/narcopowders.com\/it\/prodotto\/non-tagliato-eroina\/","title":{"rendered":"Eroina non tagliata"},"content":{"rendered":"<h2 style=\"text-align: justify;\">Acquista eroina non tagliata online<\/h2>\n<p style=\"text-align: justify;\"><a href=\"https:\/\/en.wikipedia.org\/wiki\/Heroin\">Uncut heroin<\/a> L'eroina non tagliata pu\u00f2 essere acquistata online da alcuni venditori, ma questo comporta i suoi rischi. Quindi, se ti stai chiedendo dove acquistare eroina non tagliata online che sia autentica e sicura,\u00a0Narco Powders \u00e8 il tuo negozio di riferimento. <a href=\"https:\/\/narcopowders.com\/it\/prodotto\/non-tagliato-eroina\/\">buy uncut heroin online<\/a> che sia autentico e sicuro,\u00a0<a href=\"https:\/\/narcopowders.com\/it\/\">Polveri Narco<\/a> is your go-to store.<\/p>\n<h3 style=\"text-align: justify;\">Come viene prodotta l'eroina non tagliata?<\/h3>\n<p style=\"text-align: justify;\">L'eroina grezza viene ricavata dai baccelli essiccati della pianta del papavero da oppio. <a href=\"https:\/\/www.google.com\/search?q=Buy+Uncut+Heroin+Online&amp;sca_esv=7d1b82273738a5db&amp;sxsrf=AHTn8zqSop3OM4vkMObcHMIO6R9xb_KCdw%3A1742905711939&amp;ei=b6HiZ_v3OKmeseMP__7noQ0&amp;ved=0ahUKEwi769jenaWMAxUpT2wGHX__OdQQ4dUDCA8&amp;uact=5&amp;oq=Buy+Uncut+Heroin+Online&amp;gs_lp=Egxnd3Mtd2l6LXNlcnAiF0J1eSBVbmN1dCBIZXJvaW4gT25saW5lSLkNUIUCWIUCcAF4AJABAJgB2QGgAdkBqgEDMi0xuAEDyAEA-AEB-AECmAIBoAJbqAIQwgIHECMYJxjqAsICFxAAGIAEGJECGLQCGMcDGIoFGOoC2AEBwgIQEAAYAxi0AhjqAhiPAdgBAZgDW_EFrG91rDpW1GO6BgYIARABGAGSBwExoAdTsgcAuAcA&amp;sclient=gws-wiz-serp\">Viene raccolto e trasformato in un vino bianco<\/a>L'eroina non tagliata \u00e8 prodotta dai baccelli essiccati della pianta del papavero da oppio. Viene raccolto e trasformato in una sostanza bianca e polverosa. Contiene alti livelli di potenti oppioidi e altri farmaci, tra cui morfina e codeina. Il prodotto finale \u00e8 un tipo di oppio non raffinato e privo di additivi e agenti di lavorazione aggiuntivi. La potenza del farmaco varia a seconda della quantit\u00e0 di umidit\u00e0 e alcaloidi presenti.<\/p>\n<h3 style=\"text-align: justify;\">Vantaggi dell'eroina non tagliata<\/h3>\n<p style=\"text-align: justify;\">Se stai cercando uno sballo che sia migliore del resto, l'eroina non tagliata dovrebbe essere la tua scelta. L'eroina non tagliata ha una potenza e una purezza maggiori rispetto ad altri tipi di eroina, il che si traduce in effetti migliori e migliori risultati a lungo termine. Inoltre, pu\u00f2 essere personalizzato in base alle esigenze dell'utente, creando cocktail che offrono un maggiore controllo sul dosaggio e sulla qualit\u00e0 del farmaco.<\/p>\n<p style=\"text-align: justify;\"><a href=\"https:\/\/www.bing.com\/search?q=Buy%20Uncut%20Heroin%20Online&amp;qs=n&amp;form=QBRE&amp;sp=-1&amp;lq=0&amp;pq=buy%20uncut%20heroin%20online&amp;sc=0-23&amp;sk=&amp;cvid=C47FB2A3D0B84EA8801EC7F34ACFAE77&amp;ghsh=0&amp;ghacc=0&amp;ghpl=\"><strong>Eroina non tagliata in vendita<\/strong><\/a> online \u00e8 anche pi\u00f9 sicuro da usare in un ambiente controllato. A causa della sua maggiore potenza, vi \u00e8 un ridotto rischio di sovradosaggio. Inoltre, l'eroina non tagliata fornisce meno effetti collaterali e un minor rischio di dipendenza rispetto ad altre forme di eroina. In effetti, gli utenti hanno persino affermato che \u00e8 pi\u00f9 facile trovarla pura e potente\u00a0<strong><a href=\"https:\/\/www.google.com\/search?q=Buy+Uncut+Heroin+Online&amp;sca_esv=7d1b82273738a5db&amp;sxsrf=AHTn8zqSop3OM4vkMObcHMIO6R9xb_KCdw%3A1742905711939&amp;ei=b6HiZ_v3OKmeseMP__7noQ0&amp;ved=0ahUKEwi769jenaWMAxUpT2wGHX__OdQQ4dUDCA8&amp;uact=5&amp;oq=Buy+Uncut+Heroin+Online&amp;gs_lp=Egxnd3Mtd2l6LXNlcnAiF0J1eSBVbmN1dCBIZXJvaW4gT25saW5lSLkNUIUCWIUCcAF4AJABAJgB2QGgAdkBqgEDMi0xuAEDyAEA-AEB-AECmAIBoAJbqAIQwgIHECMYJxjqAsICFxAAGIAEGJECGLQCGMcDGIoFGOoC2AEBwgIQEAAYAxi0AhjqAhiPAdgBAZgDW_EFrG91rDpW1GO6BgYIARABGAGSBwExoAdTsgcAuAcA&amp;sclient=gws-wiz-serp\">eroina non tagliata online<\/a>\u00a0<\/strong>a Narco Powders.<\/p>\n<h3 style=\"text-align: justify;\">Effetti collaterali dell'eroina non tagliata<\/h3>\n<p style=\"text-align: justify;\">I rischi per la salute associati all'uso di eroina non tagliata includono un rischio maggiore di dipendenza e overdose, nonch\u00e9 tassi pi\u00f9 elevati di HIV e altre infezioni. <a href=\"https:\/\/duckduckgo.com\/?q=Buy+Uncut+Heroin+Online&amp;t=h_&amp;ia=web\">Uncut heroin<\/a> Pu\u00f2 anche causare effetti fisici come nausea, vomito, aumento della frequenza cardiaca e un aumento del rischio di overdose. In alcuni casi, pu\u00f2 anche portare alla morte.<\/p>\n<h3 style=\"text-align: justify;\">Dove acquistare eroina non tagliata online?<\/h3>\n<p style=\"text-align: justify;\">Durante la ricerca\u00a0<a href=\"https:\/\/www.bing.com\/search?q=Buy%20Uncut%20Heroin%20Online&amp;qs=n&amp;form=QBRE&amp;sp=-1&amp;lq=0&amp;pq=buy%20uncut%20heroin%20online&amp;sc=0-23&amp;sk=&amp;cvid=C47FB2A3D0B84EA8801EC7F34ACFAE77&amp;ghsh=0&amp;ghacc=0&amp;ghpl=\"><strong>eroina non tagliata alla rinfusa online<\/strong><\/a>, cerca fonti come Narco Powders che sono state verificate da terze parti come prodotti di alta qualit\u00e0. Quando si considerano i prezzi dell'eroina non tagliata online, tenere presente che i prezzi possono variare in modo significativo in base alla posizione (ad esempio, nelle citt\u00e0 in cui il valore di strada per l'eroina tende ad essere pi\u00f9 alto), all'ora del giorno (le cerimonie di eutanasia spesso comportano prezzi pi\u00f9 elevati), al metodo di pagamento (le carte di credito tendono ad addebitare tariffe pi\u00f9 elevate rispetto a PayPal), ecc. l'attenzione principalmente garantisce solo che i livelli di purezza e freschezza siano mantenuti durante tutto il processo di trasporto e acquisto piuttosto che solo nella fase del prodotto finale.<\/p>\n<h3 style=\"text-align: justify;\">Acquista eroina non tagliata online su Narco Powders<\/h3>\n<p style=\"text-align: justify;\">\u00c8 importante ricordare che l'uso di eroina non tagliata pu\u00f2 avere gravi conseguenze se non utilizzato correttamente o responsabilmente. Quindi, devi solo <a href=\"https:\/\/duckduckgo.com\/?q=Buy+Uncut+Heroin+Online&amp;t=h_&amp;ia=web\"><strong>ordina eroina non tagliata online<\/strong><\/a> da rinomati dispensari come Narco Powders. Vendiamo solo eroina autentica e non tagliata all'ingrosso\u00a0al miglior prezzo.<\/p>","protected":false},"excerpt":{"rendered":"<p>Buy Uncut Heroin Online Uncut heroin can be bought online from certain vendors, but this comes with its own risks. So, if you have been wondering where to buy uncut heroin online that is authentic and safe,\u00a0Narco Powders is your go-to store. How Is Uncut Heroin Made? Uncut heroin is made from the dried pods [&hellip;]<\/p>","protected":false},"featured_media":19241,"comment_status":"open","ping_status":"closed","template":"","meta":{"_joinchat":[]},"product_brand":[],"product_cat":[1168],"product_tag":[],"class_list":{"0":"post-19219","1":"product","2":"type-product","3":"status-publish","4":"has-post-thumbnail","6":"product_cat-buy-heroin-online","8":"first","9":"instock","10":"shipping-taxable","11":"purchasable","12":"product-type-variable","13":"add-to-wishlist-after_add_to_cart"},"yoast_head":"<!-- This site is optimized with the Yoast SEO plugin v25.9 - https:\/\/yoast.com\/wordpress\/plugins\/seo\/ -->\n<title>Buy Uncut Heroin Online - High Purity Uncut Heroin for Sale<\/title>\n<meta name=\"description\" content=\"if you are looking to buy uncut heroin online at best price, we are a reliable source where you can get high purity uncut heroin for sale. Order Now!\" \/>\n<meta name=\"robots\" content=\"index, follow, max-snippet:-1, max-image-preview:large, max-video-preview:-1\" \/>\n<link rel=\"canonical\" href=\"https:\/\/narcopowders.com\/it\/prodotto\/non-tagliato-eroina\/\" \/>\n<meta property=\"og:locale\" content=\"it_IT\" \/>\n<meta property=\"og:type\" content=\"article\" \/>\n<meta property=\"og:title\" content=\"Buy Uncut Heroin Online - High Purity Uncut Heroin for Sale\" \/>\n<meta property=\"og:description\" content=\"if you are looking to buy uncut heroin online at best price, we are a reliable source where you can get high purity uncut heroin for sale. Order Now!\" \/>\n<meta property=\"og:url\" content=\"https:\/\/narcopowders.com\/it\/prodotto\/non-tagliato-eroina\/\" \/>\n<meta property=\"og:site_name\" content=\"Narco Powders\" \/>\n<meta property=\"article:modified_time\" content=\"2025-03-25T12:37:48+00:00\" \/>\n<meta property=\"og:image\" content=\"https:\/\/narcopowders.com\/wp-content\/uploads\/2023\/01\/uncut-heroin.jpg\" \/>\n\t<meta property=\"og:image:width\" content=\"600\" \/>\n\t<meta property=\"og:image:height\" content=\"600\" \/>\n\t<meta property=\"og:image:type\" content=\"image\/jpeg\" \/>\n<meta name=\"twitter:card\" content=\"summary_large_image\" \/>\n<meta name=\"twitter:label1\" content=\"Tempo di lettura stimato\" \/>\n\t<meta name=\"twitter:data1\" content=\"3 minuti\" \/>\n<!-- \/ Yoast SEO plugin. -->","yoast_head_json":{"title":"Acquista eroina non tagliata online - Eroina non tagliata ad alta purezza in vendita","description":"se stai cercando di acquistare eroina non tagliata online al miglior prezzo, siamo una fonte affidabile dove puoi ottenere eroina non tagliata di elevata purezza in vendita. Ordina adesso!","robots":{"index":"index","follow":"follow","max-snippet":"max-snippet:-1","max-image-preview":"max-image-preview:large","max-video-preview":"max-video-preview:-1"},"canonical":"https:\/\/narcopowders.com\/it\/prodotto\/non-tagliato-eroina\/","og_locale":"it_IT","og_type":"article","og_title":"Buy Uncut Heroin Online - High Purity Uncut Heroin for Sale","og_description":"if you are looking to buy uncut heroin online at best price, we are a reliable source where you can get high purity uncut heroin for sale. Order Now!","og_url":"https:\/\/narcopowders.com\/it\/prodotto\/non-tagliato-eroina\/","og_site_name":"Narco Powders","article_modified_time":"2025-03-25T12:37:48+00:00","og_image":[{"width":600,"height":600,"url":"https:\/\/narcopowders.com\/wp-content\/uploads\/2023\/01\/uncut-heroin.jpg","type":"image\/jpeg"}],"twitter_card":"summary_large_image","twitter_misc":{"Tempo di lettura stimato":"3 minuti"},"schema":{"@context":"https:\/\/schema.org","@graph":[{"@type":"WebPage","@id":"https:\/\/narcopowders.com\/product\/uncut-heroin\/","url":"https:\/\/narcopowders.com\/product\/uncut-heroin\/","name":"Acquista eroina non tagliata online - Eroina non tagliata ad alta purezza in vendita","isPartOf":{"@id":"https:\/\/narcopowders.com\/#website"},"primaryImageOfPage":{"@id":"https:\/\/narcopowders.com\/product\/uncut-heroin\/#primaryimage"},"image":{"@id":"https:\/\/narcopowders.com\/product\/uncut-heroin\/#primaryimage"},"thumbnailUrl":"https:\/\/narcopowders.com\/wp-content\/uploads\/2023\/01\/uncut-heroin.jpg","datePublished":"2023-01-03T09:18:43+00:00","dateModified":"2025-03-25T12:37:48+00:00","description":"se stai cercando di acquistare eroina non tagliata online al miglior prezzo, siamo una fonte affidabile dove puoi ottenere eroina non tagliata di elevata purezza in vendita. Ordina adesso!","breadcrumb":{"@id":"https:\/\/narcopowders.com\/product\/uncut-heroin\/#breadcrumb"},"inLanguage":"it-IT","potentialAction":[{"@type":"ReadAction","target":["https:\/\/narcopowders.com\/product\/uncut-heroin\/"]}]},{"@type":"ImageObject","inLanguage":"it-IT","@id":"https:\/\/narcopowders.com\/product\/uncut-heroin\/#primaryimage","url":"https:\/\/narcopowders.com\/wp-content\/uploads\/2023\/01\/uncut-heroin.jpg","contentUrl":"https:\/\/narcopowders.com\/wp-content\/uploads\/2023\/01\/uncut-heroin.jpg","width":600,"height":600,"caption":"Buy Uncut Heroin Online"},{"@type":"BreadcrumbList","@id":"https:\/\/narcopowders.com\/product\/uncut-heroin\/#breadcrumb","itemListElement":[{"@type":"ListItem","position":1,"name":"Home","item":"https:\/\/narcopowders.com\/"},{"@type":"ListItem","position":2,"name":"Shop Page","item":"https:\/\/narcopowders.com\/shop\/"},{"@type":"ListItem","position":3,"name":"Uncut Heroin"}]},{"@type":"WebSite","@id":"https:\/\/narcopowders.com\/#website","url":"https:\/\/narcopowders.com\/","name":"Polveri Narco","description":"Il mio blog WordPress","potentialAction":[{"@type":"SearchAction","target":{"@type":"EntryPoint","urlTemplate":"https:\/\/narcopowders.com\/?s={search_term_string}"},"query-input":{"@type":"PropertyValueSpecification","valueRequired":true,"valueName":"search_term_string"}}],"inLanguage":"it-IT"}]}},"_links":{"self":[{"href":"https:\/\/narcopowders.com\/it\/wp-json\/wp\/v2\/product\/19219","targetHints":{"allow":["GET"]}}],"collection":[{"href":"https:\/\/narcopowders.com\/it\/wp-json\/wp\/v2\/product"}],"about":[{"href":"https:\/\/narcopowders.com\/it\/wp-json\/wp\/v2\/types\/product"}],"replies":[{"embeddable":true,"href":"https:\/\/narcopowders.com\/it\/wp-json\/wp\/v2\/comments?post=19219"}],"wp:featuredmedia":[{"embeddable":true,"href":"https:\/\/narcopowders.com\/it\/wp-json\/wp\/v2\/media\/19241"}],"wp:attachment":[{"href":"https:\/\/narcopowders.com\/it\/wp-json\/wp\/v2\/media?parent=19219"}],"wp:term":[{"taxonomy":"product_brand","embeddable":true,"href":"https:\/\/narcopowders.com\/it\/wp-json\/wp\/v2\/product_brand?post=19219"},{"taxonomy":"product_cat","embeddable":true,"href":"https:\/\/narcopowders.com\/it\/wp-json\/wp\/v2\/product_cat?post=19219"},{"taxonomy":"product_tag","embeddable":true,"href":"https:\/\/narcopowders.com\/it\/wp-json\/wp\/v2\/product_tag?post=19219"}],"curies":[{"name":"wp","href":"https:\/\/api.w.org\/{rel}","templated":true}]}}