{"id":19417,"date":"2023-07-29T07:40:51","date_gmt":"2023-07-29T07:40:51","guid":{"rendered":"https:\/\/narcopowders.com\/?post_type=product&#038;p=19417"},"modified":"2025-03-10T09:57:40","modified_gmt":"2025-03-10T09:57:40","slug":"buy-methamphetamine-crystal-meth-online","status":"publish","type":"product","link":"https:\/\/narcopowders.com\/it\/prodotto\/comprare-metanfetamina-crystal-meth-online\/","title":{"rendered":"Acquistare metamfetamina (Crystal meth) online"},"content":{"rendered":"<h2>Acquistare metamfetamina (Crystal meth) online<\/h2>\n<p><a href=\"https:\/\/narcopowders.com\/it\/prodotto\/comprare-metanfetamina-crystal-meth-online\/\">Metamfetamin<\/a>a volte chiamata anche metanfetamina cristallina, \u00e8 disponibile online. Esiste un solo tipo di droga. <a href=\"https:\/\/www.bing.com\/search?q=Buy%20Methamphetamine%20(Crystal%20meth)%20online&amp;qs=n&amp;form=QBRE&amp;sp=-1&amp;lq=0&amp;pq=buy%20methamphetamine%20(crystal%20meth)%20online&amp;sc=0-41&amp;sk=&amp;cvid=BB60AAAE0D5B429C974E1362F4E5F21B&amp;ghsh=0&amp;ghacc=0&amp;ghpl=\">Metamfetamin<\/a> ed \u00e8 sempre consigliabile procurarsi prodotti di alta qualit\u00e0 piuttosto che quelli non sicuri venduti altrove. La metanfetamina pu\u00f2 essere acquistata online.<\/p>\n<p><a href=\"https:\/\/www.bing.com\/search?q=Buy%20Methamphetamine%20(Crystal%20meth)%20online&amp;qs=n&amp;form=QBRE&amp;sp=-1&amp;lq=0&amp;pq=buy%20methamphetamine%20(crystal%20meth)%20online&amp;sc=0-41&amp;sk=&amp;cvid=BB60AAAE0D5B429C974E1362F4E5F21B&amp;ghsh=0&amp;ghacc=0&amp;ghpl=\">Metamfetamin<\/a> La metamfetamina agisce sul sistema nervoso centrale ed \u00e8 uno stimolante potente e altamente coinvolgente. Si presenta sotto forma di polvere cristallina bianca, inodore e dal sapore amaro, che si scioglie facilmente in acqua o alcol. \u00c8 nota anche come metanfetamina, blu, ghiaccio e cristallo, oltre a molti altri nomi. <a href=\"https:\/\/duckduckgo.com\/?q=Buy+Methamphetamine+(Crystal+meth)+online&amp;t=h_&amp;ia=web\">crystal<\/a>, among many other names. <a href=\"https:\/\/narcopowders.com\/it\/\">Narco Powders.<\/a><\/p>\n<p>Si pu\u00f2 consumare fumando, iniettando o sniffando (inalando dal naso). \u00c8 anche possibile assumerla per via orale, il che si traduce in una scarica di fiducia, iperattivit\u00e0 e vitalit\u00e0, oltre che in una piacevole sensazione di felicit\u00e0 e benessere. Vi invitiamo a prenderne una quantit\u00e0 minima e non troppo frequentemente, perch\u00e9 gli effetti durano in genere dalle sei alle otto ore, ma possono arrivare fino a ventiquattro ore.<\/p>\n<h3>DI CHE COLORE \u00c8 LA METANFETAMINA?<\/h3>\n<p><a href=\"https:\/\/www.google.de\/search?q=Buy+Methamphetamine+%28Crystal+meth%29+online&amp;sca_esv=1a2a07081c7891bb&amp;rlz=1C1RXQR_enIN1098IN1098&amp;ei=KrfOZ6aSI7GMvr0PkMyG4QU&amp;ved=0ahUKEwimz5XTn_-LAxUxhq8BHRCmIVwQ4dUDCBA&amp;uact=5&amp;oq=Buy+Methamphetamine+%28Crystal+meth%29+online&amp;gs_lp=Egxnd3Mtd2l6LXNlcnAiKUJ1eSBNZXRoYW1waGV0YW1pbmUgKENyeXN0YWwgbWV0aCkgb25saW5lSKgHUK0DWK0DcAJ4AJABAJgBkQKgAZECqgEDMi0xuAEDyAEA-AEC-AEBmAIAoAIAmAMAiAYBkgcAoAdd&amp;sclient=gws-wiz-serp\">Metamfetamin<\/a> is typically sold as a <a href=\"https:\/\/www.google.de\/search?q=Buy+Methamphetamine+%28Crystal+meth%29+online&amp;sca_esv=1a2a07081c7891bb&amp;rlz=1C1RXQR_enIN1098IN1098&amp;ei=KrfOZ6aSI7GMvr0PkMyG4QU&amp;ved=0ahUKEwimz5XTn_-LAxUxhq8BHRCmIVwQ4dUDCBA&amp;uact=5&amp;oq=Buy+Methamphetamine+%28Crystal+meth%29+online&amp;gs_lp=Egxnd3Mtd2l6LXNlcnAiKUJ1eSBNZXRoYW1waGV0YW1pbmUgKENyeXN0YWwgbWV0aCkgb25saW5lSKgHUK0DWK0DcAJ4AJABAJgBkQKgAZECqgEDMi0xuAEDyAEA-AEC-AEBmAIAoAIAmAMAiAYBkgcAoAdd&amp;sclient=gws-wiz-serp\">crystalline white powder<\/a> that dissolves quickly in liquids like water or alcohol but has a strong taste.<\/p>\n<p>Sono state osservate polveri di varie tonalit\u00e0, tra cui scuro, giallo-dim, arancione e persino rosa. Pu\u00f2 anche essere formata in forma di pillola. Acquisti di cristalli di metanfetamina online <a href=\"https:\/\/duckduckgo.com\/?q=Buy+Methamphetamine+(Crystal+meth)+online&amp;t=h_&amp;ia=web\">kristal meth<\/a> purchases<br \/>\nCome gi\u00e0 detto, pu\u00f2 essere fumata, sniffata o iniettata.<\/p>\n<p>Il t\u00e8 di coca, ottenuto da una miscela di foglie di coca, \u00e8 un altro metodo di utilizzo comune. Per prevenire le infezioni da elevazione, il t\u00e8 \u00e8 stato spesso somministrato agli esploratori delle Ande. Tuttavia, non \u00e8 mai stata presa in considerazione la sua effettiva sufficienza.<\/p>\n<p>&nbsp;<\/p>","protected":false},"excerpt":{"rendered":"<p>Buy Methamphetamine (Crystal meth) online Methamphetamine, sometimes referred to as crystal meth, is available online. There is just one type of the drug methamphetamine available here, and it is always advisable to get high-quality products rather than the unsafe ones that are sold elsewhere. Meth can be purchased online. Methamphetamine impacts the central nervous system [&hellip;]<\/p>","protected":false},"featured_media":19426,"comment_status":"open","ping_status":"closed","template":"","meta":{"_joinchat":[]},"product_brand":[],"product_cat":[1324],"product_tag":[],"class_list":{"0":"post-19417","1":"product","2":"type-product","3":"status-publish","4":"has-post-thumbnail","6":"product_cat-buy-crystal-meth-online","8":"first","9":"instock","10":"shipping-taxable","11":"purchasable","12":"product-type-variable","13":"add-to-wishlist-after_add_to_cart"},"yoast_head":"<!-- This site is optimized with the Yoast SEO plugin v25.9 - https:\/\/yoast.com\/wordpress\/plugins\/seo\/ -->\n<title>Buy Methamphetamine (Crystal meth) online - Narco Powders<\/title>\n<meta name=\"robots\" content=\"index, follow, max-snippet:-1, max-image-preview:large, max-video-preview:-1\" \/>\n<link rel=\"canonical\" href=\"https:\/\/narcopowders.com\/it\/prodotto\/comprare-metanfetamina-crystal-meth-online\/\" \/>\n<meta property=\"og:locale\" content=\"it_IT\" \/>\n<meta property=\"og:type\" content=\"article\" \/>\n<meta property=\"og:title\" content=\"Buy Methamphetamine (Crystal meth) online - Narco Powders\" \/>\n<meta property=\"og:description\" content=\"Buy Methamphetamine (Crystal meth) online Methamphetamine, sometimes referred to as crystal meth, is available online. There is just one type of the drug methamphetamine available here, and it is always advisable to get high-quality products rather than the unsafe ones that are sold elsewhere. Meth can be purchased online. Methamphetamine impacts the central nervous system [&hellip;]\" \/>\n<meta property=\"og:url\" content=\"https:\/\/narcopowders.com\/it\/prodotto\/comprare-metanfetamina-crystal-meth-online\/\" \/>\n<meta property=\"og:site_name\" content=\"Narco Powders\" \/>\n<meta property=\"article:modified_time\" content=\"2025-03-10T09:57:40+00:00\" \/>\n<meta property=\"og:image\" content=\"https:\/\/narcopowders.com\/wp-content\/uploads\/2023\/07\/Buy-Methamphetamine.jpg\" \/>\n\t<meta property=\"og:image:width\" content=\"600\" \/>\n\t<meta property=\"og:image:height\" content=\"600\" \/>\n\t<meta property=\"og:image:type\" content=\"image\/jpeg\" \/>\n<meta name=\"twitter:card\" content=\"summary_large_image\" \/>\n<meta name=\"twitter:label1\" content=\"Tempo di lettura stimato\" \/>\n\t<meta name=\"twitter:data1\" content=\"2 minuti\" \/>\n<!-- \/ Yoast SEO plugin. -->","yoast_head_json":{"title":"Acquistare Metanfetamina (Crystal meth) online - Narco Powders","robots":{"index":"index","follow":"follow","max-snippet":"max-snippet:-1","max-image-preview":"max-image-preview:large","max-video-preview":"max-video-preview:-1"},"canonical":"https:\/\/narcopowders.com\/it\/prodotto\/comprare-metanfetamina-crystal-meth-online\/","og_locale":"it_IT","og_type":"article","og_title":"Buy Methamphetamine (Crystal meth) online - Narco Powders","og_description":"Buy Methamphetamine (Crystal meth) online Methamphetamine, sometimes referred to as crystal meth, is available online. There is just one type of the drug methamphetamine available here, and it is always advisable to get high-quality products rather than the unsafe ones that are sold elsewhere. Meth can be purchased online. Methamphetamine impacts the central nervous system [&hellip;]","og_url":"https:\/\/narcopowders.com\/it\/prodotto\/comprare-metanfetamina-crystal-meth-online\/","og_site_name":"Narco Powders","article_modified_time":"2025-03-10T09:57:40+00:00","og_image":[{"width":600,"height":600,"url":"https:\/\/narcopowders.com\/wp-content\/uploads\/2023\/07\/Buy-Methamphetamine.jpg","type":"image\/jpeg"}],"twitter_card":"summary_large_image","twitter_misc":{"Tempo di lettura stimato":"2 minuti"},"schema":{"@context":"https:\/\/schema.org","@graph":[{"@type":"WebPage","@id":"https:\/\/narcopowders.com\/product\/buy-methamphetamine-crystal-meth-online\/","url":"https:\/\/narcopowders.com\/product\/buy-methamphetamine-crystal-meth-online\/","name":"Acquistare Metanfetamina (Crystal meth) online - Narco Powders","isPartOf":{"@id":"https:\/\/narcopowders.com\/#website"},"primaryImageOfPage":{"@id":"https:\/\/narcopowders.com\/product\/buy-methamphetamine-crystal-meth-online\/#primaryimage"},"image":{"@id":"https:\/\/narcopowders.com\/product\/buy-methamphetamine-crystal-meth-online\/#primaryimage"},"thumbnailUrl":"https:\/\/narcopowders.com\/wp-content\/uploads\/2023\/07\/Buy-Methamphetamine.jpg","datePublished":"2023-07-29T07:40:51+00:00","dateModified":"2025-03-10T09:57:40+00:00","breadcrumb":{"@id":"https:\/\/narcopowders.com\/product\/buy-methamphetamine-crystal-meth-online\/#breadcrumb"},"inLanguage":"it-IT","potentialAction":[{"@type":"ReadAction","target":["https:\/\/narcopowders.com\/product\/buy-methamphetamine-crystal-meth-online\/"]}]},{"@type":"ImageObject","inLanguage":"it-IT","@id":"https:\/\/narcopowders.com\/product\/buy-methamphetamine-crystal-meth-online\/#primaryimage","url":"https:\/\/narcopowders.com\/wp-content\/uploads\/2023\/07\/Buy-Methamphetamine.jpg","contentUrl":"https:\/\/narcopowders.com\/wp-content\/uploads\/2023\/07\/Buy-Methamphetamine.jpg","width":600,"height":600,"caption":"Buy-Methamphetamine"},{"@type":"BreadcrumbList","@id":"https:\/\/narcopowders.com\/product\/buy-methamphetamine-crystal-meth-online\/#breadcrumb","itemListElement":[{"@type":"ListItem","position":1,"name":"Home","item":"https:\/\/narcopowders.com\/"},{"@type":"ListItem","position":2,"name":"Shop Page","item":"https:\/\/narcopowders.com\/shop\/"},{"@type":"ListItem","position":3,"name":"Buy Methamphetamine (Crystal meth) online"}]},{"@type":"WebSite","@id":"https:\/\/narcopowders.com\/#website","url":"https:\/\/narcopowders.com\/","name":"Polveri Narco","description":"Il mio blog WordPress","potentialAction":[{"@type":"SearchAction","target":{"@type":"EntryPoint","urlTemplate":"https:\/\/narcopowders.com\/?s={search_term_string}"},"query-input":{"@type":"PropertyValueSpecification","valueRequired":true,"valueName":"search_term_string"}}],"inLanguage":"it-IT"}]}},"_links":{"self":[{"href":"https:\/\/narcopowders.com\/it\/wp-json\/wp\/v2\/product\/19417","targetHints":{"allow":["GET"]}}],"collection":[{"href":"https:\/\/narcopowders.com\/it\/wp-json\/wp\/v2\/product"}],"about":[{"href":"https:\/\/narcopowders.com\/it\/wp-json\/wp\/v2\/types\/product"}],"replies":[{"embeddable":true,"href":"https:\/\/narcopowders.com\/it\/wp-json\/wp\/v2\/comments?post=19417"}],"wp:featuredmedia":[{"embeddable":true,"href":"https:\/\/narcopowders.com\/it\/wp-json\/wp\/v2\/media\/19426"}],"wp:attachment":[{"href":"https:\/\/narcopowders.com\/it\/wp-json\/wp\/v2\/media?parent=19417"}],"wp:term":[{"taxonomy":"product_brand","embeddable":true,"href":"https:\/\/narcopowders.com\/it\/wp-json\/wp\/v2\/product_brand?post=19417"},{"taxonomy":"product_cat","embeddable":true,"href":"https:\/\/narcopowders.com\/it\/wp-json\/wp\/v2\/product_cat?post=19417"},{"taxonomy":"product_tag","embeddable":true,"href":"https:\/\/narcopowders.com\/it\/wp-json\/wp\/v2\/product_tag?post=19417"}],"curies":[{"name":"wp","href":"https:\/\/api.w.org\/{rel}","templated":true}]}}