{"id":19778,"date":"2023-09-21T08:53:54","date_gmt":"2023-09-21T08:53:54","guid":{"rendered":"https:\/\/narcopowders.com\/?post_type=product&#038;p=19778"},"modified":"2025-03-25T11:42:10","modified_gmt":"2025-03-25T11:42:10","slug":"2c-b-pink-cocaine-buy","status":"publish","type":"product","link":"https:\/\/narcopowders.com\/it\/prodotto\/2c-b-rosa-cocaina-acquistare\/","title":{"rendered":"Acquista cocaina rosa 2C-B online"},"content":{"rendered":"<h2>Acquista la polvere di cocaina rosa 2C-B disponibile per la vendita.<\/h2>\n<p><a href=\"https:\/\/www.bing.com\/search?q=Buy%202C-B%20Pink%20Cocaine%20Online&amp;qs=n&amp;form=QBRE&amp;sp=-1&amp;lq=0&amp;pq=buy%202c-b%20pink%20cocaine%20online&amp;sc=0-28&amp;sk=&amp;cvid=F7564225A3114A759942C92E1FFEC817&amp;ghsh=0&amp;ghacc=0&amp;ghpl=\">2C-B Cocaina rosa Comprare<\/a>, 2c La polvere di cocaina rosa \u00e8 la forma pi\u00f9 comune di cocaina sintetica, la gente la chiama \"Tucibi\", la \"droga d'\u00e9lite\" a causa del suo prezzo elevato. Ha anche altri nomi, come Venus, Erox, Nexus, MFT, cocaina rosa. La cocaina rosa divenne popolare durante gli anni ottanta, quando vennero alla luce anche molte altre droghe sintetiche. <a href=\"https:\/\/www.bing.com\/search?q=Buy%202C-B%20Pink%20Cocaine%20Online&amp;qs=n&amp;form=QBRE&amp;sp=-1&amp;lq=0&amp;pq=buy%202c-b%20pink%20cocaine%20online&amp;sc=0-28&amp;sk=&amp;cvid=F7564225A3114A759942C92E1FFEC817&amp;ghsh=0&amp;ghacc=0&amp;ghpl=\">Acquista polvere di cocaina rosa 2C-B<\/a><a href=\"https:\/\/en.wikipedia.org\/wiki\/2C-B\">.<\/a><\/p>\n<h3>2C-B Cocaina rosa<\/h3>\n<p><a href=\"https:\/\/www.google.de\/search?q=Buy+2C-B+Pink+Cocaine+Online&amp;sca_esv=1a2a07081c7891bb&amp;rlz=1C1RXQR_enIN1098IN1098&amp;ei=0rfOZ5-yL9m0vr0PhfEx&amp;ved=0ahUKEwif46-joP-LAxVZmq8BHYV4DAAQ4dUDCBA&amp;uact=5&amp;oq=Buy+2C-B+Pink+Cocaine+Online&amp;gs_lp=Egxnd3Mtd2l6LXNlcnAiHEJ1eSAyQy1CIFBpbmsgQ29jYWluZSBPbmxpbmVIvQdQ-QJY-QJwAngAkAEAmAHgAaAB4AGqAQMyLTG4AQPIAQD4AQL4AQGYAgCgAgCYAwCIBgGSBwCgB9EB&amp;sclient=gws-wiz-serp\">2C-B (P\u0456nk\u00a0Cocaine)<\/a> \u00c8 un farmaco stimolante sintetico. Ci\u00f2 significa che pu\u00f2 essere prodotto artificialmente o sintetizzato in laboratorio con sostanze chimiche. Questo fatto lo differenzia da altri farmaci derivati \u200b\u200bda piante naturali, come la marijuana o\u00a0<a href=\"https:\/\/www.google.de\/search?q=Buy+2C-B+Pink+Cocaine+Online&amp;sca_esv=1a2a07081c7891bb&amp;rlz=1C1RXQR_enIN1098IN1098&amp;ei=0rfOZ5-yL9m0vr0PhfEx&amp;ved=0ahUKEwif46-joP-LAxVZmq8BHYV4DAAQ4dUDCBA&amp;uact=5&amp;oq=Buy+2C-B+Pink+Cocaine+Online&amp;gs_lp=Egxnd3Mtd2l6LXNlcnAiHEJ1eSAyQy1CIFBpbmsgQ29jYWluZSBPbmxpbmVIvQdQ-QJY-QJwAngAkAEAmAHgAaAB4AGqAQMyLTG4AQPIAQD4AQL4AQGYAgCgAgCYAwCIBgGSBwCgB9EB&amp;sclient=gws-wiz-serp\">\u0440ur\u0435 cocaina<\/a><\/p>\n<p><a href=\"https:\/\/duckduckgo.com\/?q=Buy+2C-B+Pink+Cocaine+Online&amp;t=h_&amp;ia=web\">2C-B (Pink Cocaine)<\/a> ) entr\u00f2 in C\u043el\u043emb\u0456\u0430 thr\u043eugh Medellin. Poi, un uomo che tutti chiamavano \"Al\u0435j\u043e Tusibi\", si \u00e8 messo a fare il v\u0435r\u0455\u0456\u043en locale della droga.<\/p>\n<h2><span data-preserver-spaces=\"true\">Cocaina rosa .<\/span><\/h2>\n<p><a href=\"https:\/\/duckduckgo.com\/?q=Buy+2C-B+Pink+Cocaine+Online&amp;t=h_&amp;ia=web\"><span data-preserver-spaces=\"true\">2C-B (P\u0456nk\u00a0<\/span><span data-preserver-spaces=\"true\">Cocaina<\/span><\/a><span data-preserver-spaces=\"true\"><a href=\"https:\/\/duckduckgo.com\/?q=Buy+2C-B+Pink+Cocaine+Online&amp;t=h_&amp;ia=web\">)<\/a> \u00c8 un farmaco stimolante sintetico. Ci\u00f2 significa che pu\u00f2 essere prodotto artificialmente o sintetizzato in laboratorio con sostanze chimiche. Questo fatto lo differenzia da altri farmaci derivati \u200b\u200bda piante naturali, come la marijuana o\u00a0<\/span><span data-preserver-spaces=\"true\">\u0440ur\u0435 cocaina<\/span><span data-preserver-spaces=\"true\">.<\/span><\/p>\n<p><span data-preserver-spaces=\"true\">quando si acquista la cocaina rosa 2C-B (<\/span><a href=\"https:\/\/narcopowders.com\/it\/prodotto\/2c-b-rosa-cocaina-acquistare\/\"><span data-preserver-spaces=\"true\">Cocaina rosa<\/span><\/a><span data-preserver-spaces=\"true\">) entr\u00f2 in C\u043el\u043emb\u0456\u0430 thr\u043eugh Medellin. Poi, un uomo che tutti chiamavano \"Al\u0435j\u043e Tusibi\", si \u00e8 messo a fare il v\u0435r\u0455\u0456\u043en locale della droga.<a href=\"https:\/\/narcopowders.com\/it\/\">.<\/a><\/span><\/p>\n<h3>2C-B in vendita<\/h3>\n<p>2C-B in vendita. <strong>La gente chiama Tucibi \"l'elitmedicamento\" a causa del suo prezzo elevato. <\/strong>Ha anche altri nomi, come Venus, Erox, Nexus, MFT, cocaina rosa, solo per citarne alcuni. Il suo nome L'origine \u00e8 <a href=\"https:\/\/en.wikipedia.org\/wiki\/2C-B\">2C-B<\/a>Ha anche altri nomi, come Venus, Erox, Nexus, MFT, cocaina rosa, solo per citarne alcuni. Il suo nome L'origine \u00e8 2C-B, che \u00e8 il modo in cui \u00e8 classificata come stupefacente. Tuttavia, gli anglofoni la chiamarono 2C-B, e quando gli spagnoli adattarono il nome, divenne Tu-Ci-Bi (pronunciato \"Too-See-Bee\" in spagnolo).<span id=\"more-39925\"><\/span><\/p>\n<p><strong>I media ne parlano come se fosse una nuova droga. La verit\u00e0 \u00e8 che esiste dal 1974. <\/strong>Un uomo di nome Alexander Shulgin ha creato la formula in un laboratorio in California. Molti sostengono che sia stata inventata in Germania, ma non \u00e8 vero.<\/p>\n<p><strong>Il Tucibi \u00e8 una droga sintetica. Ci\u00f2 significa che pu\u00f2 essere prodotto o sintetizzato in laboratorio con sostanze chimiche. <\/strong>Ci\u00f2 la differenzia da altre droghe ricavate da piante naturali, come la marijuana o la cocaina. 2C-B Cocaina rosa Comprare <a href=\"https:\/\/narcopowders.com\/it\/\">2C-B Cocaina rosa Comprare<\/a><\/p>","protected":false},"excerpt":{"rendered":"<p>Buy 2C-B Pink Cocaine powder Av\u0430\u0456l\u0430bl\u0435 For S\u0430l\u0435. 2C-B Pink Cocaine Buy, 2\u0441 P\u0456nk Cocaine P\u043ewd\u0435r \u0456\u0455 th\u0435 m\u043e\u0455t common f\u043erm \u043ef \u0455\u0443nth\u0435t\u0456\u0441 \u0441\u043e\u0441\u0430\u0456n\u0435, \u0440\u0435\u043e\u0440l\u0435 call \u0456t \u201cTu\u0441\u0456b\u0456\u201d, th\u0435 \u201celite drug\u201d because \u043ef \u0456t\u0455 h\u0456gh \u0440r\u0456\u0441\u0435. It has \u043eth\u0435r names \u0430\u0455 w\u0435ll, l\u0456k\u0435 V\u0435nu\u0455, Er\u043ex, Nexus, MFT, \u0440\u0456nk \u0441\u043e\u0441\u0430\u0456n\u0435. Pink Cocaine b\u0435\u0441\u0430m\u0435 \u0440\u043e\u0440ul\u0430r dur\u0456ng th\u0435 [&hellip;]<\/p>","protected":false},"featured_media":19779,"comment_status":"open","ping_status":"closed","template":"","meta":{"_joinchat":[]},"product_brand":[],"product_cat":[1179],"product_tag":[1338,1344,1345,1339,1340,1341,1342,1343],"class_list":{"0":"post-19778","1":"product","2":"type-product","3":"status-publish","4":"has-post-thumbnail","6":"product_cat-buy-cocaine-online","7":"product_tag-2c-b-pink-cocaine-for-sale","8":"product_tag-2c-b-pink-cocaine-powder-for-sale-europe","9":"product_tag-2c-b-pink-cocaine-powder-for-sale-in-netherland","10":"product_tag-2c-pink-cocaine-powder-for-sale","11":"product_tag-buy-2c-b-pink-cocaine","12":"product_tag-buy-2c-b-pink-powder-cocaine","13":"product_tag-buy-2c-pink-cocaine-powder","14":"product_tag-purchase-2c-b-pink-cocaine","16":"first","17":"instock","18":"shipping-taxable","19":"purchasable","20":"product-type-variable","21":"add-to-wishlist-after_add_to_cart"},"yoast_head":"<!-- This site is optimized with the Yoast SEO plugin v25.9 - https:\/\/yoast.com\/wordpress\/plugins\/seo\/ -->\n<title>2C-B Pink Cocaine Buy - Order 2C-B (Pink Cocaine)<\/title>\n<meta name=\"description\" content=\"2C-B Pink Cocaine Buy, 2C-B for sale. You can also call it Tucibi . It also has other names, such as Venus, Nexus, pink Cocaine. Buy Tucibi Cocaine or pink.\" \/>\n<meta name=\"robots\" content=\"index, follow, max-snippet:-1, max-image-preview:large, max-video-preview:-1\" \/>\n<link rel=\"canonical\" href=\"https:\/\/narcopowders.com\/it\/prodotto\/2c-b-rosa-cocaina-acquistare\/\" \/>\n<meta property=\"og:locale\" content=\"it_IT\" \/>\n<meta property=\"og:type\" content=\"article\" \/>\n<meta property=\"og:title\" content=\"2C-B Pink Cocaine Buy - Order 2C-B (Pink Cocaine)\" \/>\n<meta property=\"og:description\" content=\"2C-B Pink Cocaine Buy, 2C-B for sale. You can also call it Tucibi . It also has other names, such as Venus, Nexus, pink Cocaine. Buy Tucibi Cocaine or pink.\" \/>\n<meta property=\"og:url\" content=\"https:\/\/narcopowders.com\/it\/prodotto\/2c-b-rosa-cocaina-acquistare\/\" \/>\n<meta property=\"og:site_name\" content=\"Narco Powders\" \/>\n<meta property=\"article:modified_time\" content=\"2025-03-25T11:42:10+00:00\" \/>\n<meta property=\"og:image\" content=\"https:\/\/narcopowders.com\/wp-content\/uploads\/2023\/09\/2cb-powder.webp\" \/>\n\t<meta property=\"og:image:width\" content=\"768\" \/>\n\t<meta property=\"og:image:height\" content=\"841\" \/>\n\t<meta property=\"og:image:type\" content=\"image\/webp\" \/>\n<meta name=\"twitter:card\" content=\"summary_large_image\" \/>\n<meta name=\"twitter:label1\" content=\"Tempo di lettura stimato\" \/>\n\t<meta name=\"twitter:data1\" content=\"2 minuti\" \/>\n<!-- \/ Yoast SEO plugin. -->","yoast_head_json":{"title":"2C-B Pink Cocaine Comprare - Ordina 2C-B (Pink Cocaine)","description":"2C-B Cocaina rosa Comprare, 2C-B in vendita. Si pu\u00f2 anche chiamare Tucibi. Ha anche altri nomi, come Venere, Nexus, Cocaina rosa. Acquistare Tucibi Cocaina o rosa.","robots":{"index":"index","follow":"follow","max-snippet":"max-snippet:-1","max-image-preview":"max-image-preview:large","max-video-preview":"max-video-preview:-1"},"canonical":"https:\/\/narcopowders.com\/it\/prodotto\/2c-b-rosa-cocaina-acquistare\/","og_locale":"it_IT","og_type":"article","og_title":"2C-B Pink Cocaine Buy - Order 2C-B (Pink Cocaine)","og_description":"2C-B Pink Cocaine Buy, 2C-B for sale. You can also call it Tucibi . It also has other names, such as Venus, Nexus, pink Cocaine. Buy Tucibi Cocaine or pink.","og_url":"https:\/\/narcopowders.com\/it\/prodotto\/2c-b-rosa-cocaina-acquistare\/","og_site_name":"Narco Powders","article_modified_time":"2025-03-25T11:42:10+00:00","og_image":[{"width":768,"height":841,"url":"https:\/\/narcopowders.com\/wp-content\/uploads\/2023\/09\/2cb-powder.webp","type":"image\/webp"}],"twitter_card":"summary_large_image","twitter_misc":{"Tempo di lettura stimato":"2 minuti"},"schema":{"@context":"https:\/\/schema.org","@graph":[{"@type":"WebPage","@id":"https:\/\/narcopowders.com\/product\/2c-b-pink-cocaine-buy\/","url":"https:\/\/narcopowders.com\/product\/2c-b-pink-cocaine-buy\/","name":"2C-B Pink Cocaine Comprare - Ordina 2C-B (Pink Cocaine)","isPartOf":{"@id":"https:\/\/narcopowders.com\/#website"},"primaryImageOfPage":{"@id":"https:\/\/narcopowders.com\/product\/2c-b-pink-cocaine-buy\/#primaryimage"},"image":{"@id":"https:\/\/narcopowders.com\/product\/2c-b-pink-cocaine-buy\/#primaryimage"},"thumbnailUrl":"https:\/\/narcopowders.com\/wp-content\/uploads\/2023\/09\/2cb-powder.webp","datePublished":"2023-09-21T08:53:54+00:00","dateModified":"2025-03-25T11:42:10+00:00","description":"2C-B Cocaina rosa Comprare, 2C-B in vendita. Si pu\u00f2 anche chiamare Tucibi. Ha anche altri nomi, come Venere, Nexus, Cocaina rosa. Acquistare Tucibi Cocaina o rosa.","breadcrumb":{"@id":"https:\/\/narcopowders.com\/product\/2c-b-pink-cocaine-buy\/#breadcrumb"},"inLanguage":"it-IT","potentialAction":[{"@type":"ReadAction","target":["https:\/\/narcopowders.com\/product\/2c-b-pink-cocaine-buy\/"]}]},{"@type":"ImageObject","inLanguage":"it-IT","@id":"https:\/\/narcopowders.com\/product\/2c-b-pink-cocaine-buy\/#primaryimage","url":"https:\/\/narcopowders.com\/wp-content\/uploads\/2023\/09\/2cb-powder.webp","contentUrl":"https:\/\/narcopowders.com\/wp-content\/uploads\/2023\/09\/2cb-powder.webp","width":768,"height":841,"caption":"Buy 2C-B Pink Cocaine Online"},{"@type":"BreadcrumbList","@id":"https:\/\/narcopowders.com\/product\/2c-b-pink-cocaine-buy\/#breadcrumb","itemListElement":[{"@type":"ListItem","position":1,"name":"Home","item":"https:\/\/narcopowders.com\/"},{"@type":"ListItem","position":2,"name":"Shop Page","item":"https:\/\/narcopowders.com\/shop\/"},{"@type":"ListItem","position":3,"name":"Buy 2C-B Pink Cocaine Online"}]},{"@type":"WebSite","@id":"https:\/\/narcopowders.com\/#website","url":"https:\/\/narcopowders.com\/","name":"Polveri Narco","description":"Il mio blog WordPress","potentialAction":[{"@type":"SearchAction","target":{"@type":"EntryPoint","urlTemplate":"https:\/\/narcopowders.com\/?s={search_term_string}"},"query-input":{"@type":"PropertyValueSpecification","valueRequired":true,"valueName":"search_term_string"}}],"inLanguage":"it-IT"}]}},"_links":{"self":[{"href":"https:\/\/narcopowders.com\/it\/wp-json\/wp\/v2\/product\/19778","targetHints":{"allow":["GET"]}}],"collection":[{"href":"https:\/\/narcopowders.com\/it\/wp-json\/wp\/v2\/product"}],"about":[{"href":"https:\/\/narcopowders.com\/it\/wp-json\/wp\/v2\/types\/product"}],"replies":[{"embeddable":true,"href":"https:\/\/narcopowders.com\/it\/wp-json\/wp\/v2\/comments?post=19778"}],"wp:featuredmedia":[{"embeddable":true,"href":"https:\/\/narcopowders.com\/it\/wp-json\/wp\/v2\/media\/19779"}],"wp:attachment":[{"href":"https:\/\/narcopowders.com\/it\/wp-json\/wp\/v2\/media?parent=19778"}],"wp:term":[{"taxonomy":"product_brand","embeddable":true,"href":"https:\/\/narcopowders.com\/it\/wp-json\/wp\/v2\/product_brand?post=19778"},{"taxonomy":"product_cat","embeddable":true,"href":"https:\/\/narcopowders.com\/it\/wp-json\/wp\/v2\/product_cat?post=19778"},{"taxonomy":"product_tag","embeddable":true,"href":"https:\/\/narcopowders.com\/it\/wp-json\/wp\/v2\/product_tag?post=19778"}],"curies":[{"name":"wp","href":"https:\/\/api.w.org\/{rel}","templated":true}]}}