{"id":20461,"date":"2024-05-23T06:14:04","date_gmt":"2024-05-23T06:14:04","guid":{"rendered":"https:\/\/narcopowders.com\/?post_type=product&#038;p=20461"},"modified":"2025-05-06T06:57:52","modified_gmt":"2025-05-06T06:57:52","slug":"buy-6clbca-online","status":"publish","type":"product","link":"https:\/\/narcopowders.com\/it\/prodotto\/buy-6clbca-online\/","title":{"rendered":"Comprare 6CLBCA online"},"content":{"rendered":"<h2><strong>Acquista 6clbca online su NarcoPowders a prezzi ragionevoli<a href=\"https:\/\/narcopowders.com\/it\/prodotto\/acquistare-5cladb-online\/\">!<\/a><\/strong><\/h2>\n<p><a href=\"https:\/\/narcopowders.com\/it\/prodotto\/buy-6clbca-online\/\">Buy 6clbca is at Narco Powders<\/a>. We have been offering a 100% customer satisfaction guarantee on this <a href=\"https:\/\/narcopowders.com\/it\/\">ricerca chimica<\/a> Da molti anni. Qui sono disponibili solo prodotti di alta qualit\u00e0. Il 6clbca \u00e8 riconosciuto come materiale di riferimento analitico a livello globale. \u00c8 stato anche classificato strutturalmente come catinone. Garantiamo che questo materiale specifico \u00e8 puro al 98%. Per questo prodotto \u00e8 disponibile la polvere bianca o gialla. Ora \u00e8 pi\u00f9 conveniente e pu\u00f2 superare la dogana senza problemi grazie alla ricetta aggiornata. <a href=\"https:\/\/en.wikipedia.org\/wiki\/Cannabinoid\">Get 6clbca from us right now online!<\/a><\/p>\n<h3><strong>Quali sono le applicazioni del 6CLBC?<\/strong><\/h3>\n<p><a href=\"https:\/\/www.bing.com\/search?q=Buy%206CLBCA%20Online&amp;qs=n&amp;form=QBRE&amp;sp=-1&amp;lq=0&amp;pq=buy%206clbca%20online&amp;sc=9-17&amp;sk=&amp;cvid=71E329B7FCCB43489843A04C111E8871&amp;ghsh=0&amp;ghacc=0&amp;ghpl=\">6clbca<\/a> is only meant to be used in <a href=\"https:\/\/duckduckgo.com\/?q=Buy+6CLBCA+Online&amp;t=h_&amp;ia=web\">forensic investigations and applications<\/a>. In any form, it is not recommended for human consumption. It is merely a chemical for research.<\/p>\n<h3><strong>Quali sono gli effetti noti del 6CLBC?<\/strong><\/h3>\n<p>Come droga di design, presenta una variet\u00e0 di effetti clinici, tra cui propriet\u00e0 stimolanti, psichedeliche e simili agli oppioidi. \u00c8 riconosciuto che questa sostanza chimica da studio \u00e8 il pi\u00f9 grande generatore di creativit\u00e0 ed energia.<\/p>\n<h3><strong>Quali sono le istruzioni per la conservazione di 6clbca?<\/strong><\/h3>\n<p>Si consiglia di conservare 6clbca lontano dalla luce diretta del sole, in un luogo fresco e asciutto, se si desidera mantenerlo sicuro e protetto. Se conservato correttamente, questo prodotto ha una durata di conservazione di due anni.<\/p>\n<h3><strong>Dove posso trovare articoli 6clbca online?<\/strong><\/h3>\n<p>Un gruppo affidabile di produttori e commercianti che offre 6clbca in vendita si chiama <a href=\"https:\/\/www.google.com\/search?q=Buy+6CLBCA+Online&amp;sca_esv=2a2a93e8be91f013&amp;sxsrf=AHTn8zqA_NV8LNCBQt3mCcPk2b8R0Oa6EQ%3A1742971932640&amp;ei=HKTjZ_XeJte5seMPsrGo-Q0&amp;ved=0ahUKEwj13Je3lKeMAxXXXGwGHbIYKt8Q4dUDCA8&amp;uact=5&amp;oq=Buy+6CLBCA+Online&amp;gs_lp=Egxnd3Mtd2l6LXNlcnAiEUJ1eSA2Q0xCQ0EgT25saW5lMgUQIRigATIFECEYoAFI_wdQlQRYlQRwA3gAkAEAmAGzAaABswGqAQMwLjG4AQPIAQD4AQL4AQGYAgGgArsBmAMAiAYBkgcDMC4xoAfnAbIHAzAuMbgHuwE&amp;sclient=gws-wiz-serp\">NarcoPowder<\/a>Spediamo 6clbca online ovunque, senza mai lasciare il Paese. Lavoriamo esclusivamente con 6clbca premium. Di conseguenza, non devi preoccuparti minimamente del prezzo di 6clbca. Acquista 6clbca online.<\/p>\n<p>Siamo la scelta migliore se state cercando un rivenditore online a prezzi ragionevoli per acquistare 6clbca. Il vostro ordine sar\u00e0 consegnato da noi in modo sicuro e tempestivo. Contattateci per effettuare un acquisto online per comprare 6CLBCA online proprio ora!<\/p>","protected":false},"excerpt":{"rendered":"<p><em>Acquista<\/em>\u00a06cladba, 6cladb-a, 6cl-adb-a,\u00a0<em>6clbca<\/em>,\u00a0<em>6-cl-bca<\/em>,\u00a0<em>6cl-bca<\/em>Forniamo ed esportiamo prodotti chimici di ricerca puri e di alta qualit\u00e0 in grandi e piccole quantit\u00e0.<\/p>","protected":false},"featured_media":21306,"comment_status":"open","ping_status":"closed","template":"","meta":{"_joinchat":[]},"product_brand":[],"product_cat":[1724,1538],"product_tag":[],"class_list":{"0":"post-20461","1":"product","2":"type-product","3":"status-publish","4":"has-post-thumbnail","6":"product_cat-research-chemicals","7":"product_cat-cannabinoids","9":"first","10":"instock","11":"shipping-taxable","12":"purchasable","13":"product-type-variable","14":"add-to-wishlist-after_add_to_cart"},"yoast_head":"<!-- This site is optimized with the Yoast SEO plugin v25.9 - https:\/\/yoast.com\/wordpress\/plugins\/seo\/ -->\n<title>Buy 6CLBCA Online - 6CLBCA Powder for Sale<\/title>\n<meta name=\"description\" content=\"Where to buy 6clbca online at the best price? Find high-quality 6clbca powder for sale at our secure online store, catering to your research requirements. Order Now!\" \/>\n<meta name=\"robots\" content=\"index, follow, max-snippet:-1, max-image-preview:large, max-video-preview:-1\" \/>\n<link rel=\"canonical\" href=\"https:\/\/narcopowders.com\/it\/prodotto\/buy-6clbca-online\/\" \/>\n<meta property=\"og:locale\" content=\"it_IT\" \/>\n<meta property=\"og:type\" content=\"article\" \/>\n<meta property=\"og:title\" content=\"Buy 6CLBCA Online - 6CLBCA Powder for Sale\" \/>\n<meta property=\"og:description\" content=\"Where to buy 6clbca online at the best price? Find high-quality 6clbca powder for sale at our secure online store, catering to your research requirements. Order Now!\" \/>\n<meta property=\"og:url\" content=\"https:\/\/narcopowders.com\/it\/prodotto\/buy-6clbca-online\/\" \/>\n<meta property=\"og:site_name\" content=\"Narco Powders\" \/>\n<meta property=\"article:modified_time\" content=\"2025-05-06T06:57:52+00:00\" \/>\n<meta property=\"og:image\" content=\"https:\/\/narcopowders.com\/wp-content\/uploads\/2024\/05\/6clbca.gif\" \/>\n\t<meta property=\"og:image:width\" content=\"600\" \/>\n\t<meta property=\"og:image:height\" content=\"600\" \/>\n\t<meta property=\"og:image:type\" content=\"image\/gif\" \/>\n<meta name=\"twitter:card\" content=\"summary_large_image\" \/>\n<meta name=\"twitter:label1\" content=\"Tempo di lettura stimato\" \/>\n\t<meta name=\"twitter:data1\" content=\"2 minuti\" \/>\n<!-- \/ Yoast SEO plugin. -->","yoast_head_json":{"title":"Comprare 6CLBCA online - 6CLBCA in polvere in vendita","description":"Dove acquistare 6clbca online al miglior prezzo? Trova la polvere 6clbca di alta qualit\u00e0 in vendita nel nostro negozio online sicuro, in grado di soddisfare le tue esigenze di ricerca. Ordina ora!","robots":{"index":"index","follow":"follow","max-snippet":"max-snippet:-1","max-image-preview":"max-image-preview:large","max-video-preview":"max-video-preview:-1"},"canonical":"https:\/\/narcopowders.com\/it\/prodotto\/buy-6clbca-online\/","og_locale":"it_IT","og_type":"article","og_title":"Buy 6CLBCA Online - 6CLBCA Powder for Sale","og_description":"Where to buy 6clbca online at the best price? Find high-quality 6clbca powder for sale at our secure online store, catering to your research requirements. Order Now!","og_url":"https:\/\/narcopowders.com\/it\/prodotto\/buy-6clbca-online\/","og_site_name":"Narco Powders","article_modified_time":"2025-05-06T06:57:52+00:00","og_image":[{"width":600,"height":600,"url":"https:\/\/narcopowders.com\/wp-content\/uploads\/2024\/05\/6clbca.gif","type":"image\/gif"}],"twitter_card":"summary_large_image","twitter_misc":{"Tempo di lettura stimato":"2 minuti"},"schema":{"@context":"https:\/\/schema.org","@graph":[{"@type":"WebPage","@id":"https:\/\/narcopowders.com\/product\/buy-6clbca-online\/","url":"https:\/\/narcopowders.com\/product\/buy-6clbca-online\/","name":"Comprare 6CLBCA online - 6CLBCA in polvere in vendita","isPartOf":{"@id":"https:\/\/narcopowders.com\/#website"},"primaryImageOfPage":{"@id":"https:\/\/narcopowders.com\/product\/buy-6clbca-online\/#primaryimage"},"image":{"@id":"https:\/\/narcopowders.com\/product\/buy-6clbca-online\/#primaryimage"},"thumbnailUrl":"https:\/\/narcopowders.com\/wp-content\/uploads\/2024\/05\/6clbca.gif","datePublished":"2024-05-23T06:14:04+00:00","dateModified":"2025-05-06T06:57:52+00:00","description":"Dove acquistare 6clbca online al miglior prezzo? Trova la polvere 6clbca di alta qualit\u00e0 in vendita nel nostro negozio online sicuro, in grado di soddisfare le tue esigenze di ricerca. Ordina ora!","breadcrumb":{"@id":"https:\/\/narcopowders.com\/product\/buy-6clbca-online\/#breadcrumb"},"inLanguage":"it-IT","potentialAction":[{"@type":"ReadAction","target":["https:\/\/narcopowders.com\/product\/buy-6clbca-online\/"]}]},{"@type":"ImageObject","inLanguage":"it-IT","@id":"https:\/\/narcopowders.com\/product\/buy-6clbca-online\/#primaryimage","url":"https:\/\/narcopowders.com\/wp-content\/uploads\/2024\/05\/6clbca.gif","contentUrl":"https:\/\/narcopowders.com\/wp-content\/uploads\/2024\/05\/6clbca.gif","width":600,"height":600,"caption":"Buy 6CLBCA Online"},{"@type":"BreadcrumbList","@id":"https:\/\/narcopowders.com\/product\/buy-6clbca-online\/#breadcrumb","itemListElement":[{"@type":"ListItem","position":1,"name":"Home","item":"https:\/\/narcopowders.com\/"},{"@type":"ListItem","position":2,"name":"Shop Page","item":"https:\/\/narcopowders.com\/shop\/"},{"@type":"ListItem","position":3,"name":"Buy 6CLBCA Online"}]},{"@type":"WebSite","@id":"https:\/\/narcopowders.com\/#website","url":"https:\/\/narcopowders.com\/","name":"Polveri Narco","description":"Il mio blog WordPress","potentialAction":[{"@type":"SearchAction","target":{"@type":"EntryPoint","urlTemplate":"https:\/\/narcopowders.com\/?s={search_term_string}"},"query-input":{"@type":"PropertyValueSpecification","valueRequired":true,"valueName":"search_term_string"}}],"inLanguage":"it-IT"}]}},"_links":{"self":[{"href":"https:\/\/narcopowders.com\/it\/wp-json\/wp\/v2\/product\/20461","targetHints":{"allow":["GET"]}}],"collection":[{"href":"https:\/\/narcopowders.com\/it\/wp-json\/wp\/v2\/product"}],"about":[{"href":"https:\/\/narcopowders.com\/it\/wp-json\/wp\/v2\/types\/product"}],"replies":[{"embeddable":true,"href":"https:\/\/narcopowders.com\/it\/wp-json\/wp\/v2\/comments?post=20461"}],"wp:featuredmedia":[{"embeddable":true,"href":"https:\/\/narcopowders.com\/it\/wp-json\/wp\/v2\/media\/21306"}],"wp:attachment":[{"href":"https:\/\/narcopowders.com\/it\/wp-json\/wp\/v2\/media?parent=20461"}],"wp:term":[{"taxonomy":"product_brand","embeddable":true,"href":"https:\/\/narcopowders.com\/it\/wp-json\/wp\/v2\/product_brand?post=20461"},{"taxonomy":"product_cat","embeddable":true,"href":"https:\/\/narcopowders.com\/it\/wp-json\/wp\/v2\/product_cat?post=20461"},{"taxonomy":"product_tag","embeddable":true,"href":"https:\/\/narcopowders.com\/it\/wp-json\/wp\/v2\/product_tag?post=20461"}],"curies":[{"name":"wp","href":"https:\/\/api.w.org\/{rel}","templated":true}]}}