{"id":20462,"date":"2024-05-23T06:14:04","date_gmt":"2024-05-23T06:14:04","guid":{"rendered":"https:\/\/narcopowders.com\/?post_type=product&#038;p=20462"},"modified":"2025-03-26T07:25:04","modified_gmt":"2025-03-26T07:25:04","slug":"buy-4f-bca","status":"publish","type":"product","link":"https:\/\/narcopowders.com\/it\/prodotto\/acquistare-4f-bca\/","title":{"rendered":"Comprare 4F-BCA online"},"content":{"rendered":"<h2>Acquista 4F-BCA online su NarcoPowder a prezzi convenienti!<\/h2>\n<p><a href=\"https:\/\/narcopowders.com\/it\/prodotto\/acquistare-4f-bca\/\">Comprare 4F-BCA<\/a>Il termine 4F-BCA si riferisce al 4-fluoro-BCA, disponibile in forma liquida e solida. In passato era impiegato come stimolante e apparteneva alla classe degli <a href=\"https:\/\/narcopowders.com\/it\/\">cannabinoid indazoles<\/a>Fa parte di una miscela di piante erbacee che vengono vendute online come droghe sintetiche. Il suo processo di preparazione potrebbe non essere preciso e semplice.<\/p>\n<p>It is a strong <a href=\"https:\/\/en.wikipedia.org\/wiki\/4F-MDMB-BINACA\">ricerca chimica<\/a> that is not recommended for human consumption. <a href=\"https:\/\/www.bing.com\/search?q=Buy%204F-BCA%20Online&amp;qs=n&amp;form=QBRE&amp;sp=-1&amp;lq=0&amp;pq=buy%204f-bca%20online&amp;sc=9-17&amp;sk=&amp;cvid=DBD53E1596B54DBDB3ADE646F740F343&amp;ghsh=0&amp;ghacc=0&amp;ghpl=\">4F-BCA<\/a> seems to have effects that are comparable to those of other cannabinoids. Chemists and researchers can purchase 4F-BCA at <a href=\"https:\/\/duckduckgo.com\/?q=Buy+4F-BCA+Online&amp;t=h_&amp;ia=web\">NarcoPowder<\/a> for use in testing, research, and forensic applications.<\/p>\n<h3>Farmacologia generale 4F-BCA<\/h3>\n<p>Il 4F-BCA \u00e8 un membro della famiglia delle molecole di cannabis. Il 4F-ADB era destinato a essere sostituito. Gli effetti del 4F-BCA sono simili a quelli del 5F-ADB e del 4F-ADB. \u00c8 pubblicizzato come un nuovo composto di ricerca destinato esclusivamente alla ricerca sull'industria della droga della cannabis. \u00c8 un buon sostituto sia del 4F-ADB che del 5F-ADB. Acquistate il <a href=\"https:\/\/www.bing.com\/search?q=Buy%204F-BCA%20Online&amp;qs=n&amp;form=QBRE&amp;sp=-1&amp;lq=0&amp;pq=buy%204f-bca%20online&amp;sc=9-17&amp;sk=&amp;cvid=DBD53E1596B54DBDB3ADE646F740F343&amp;ghsh=0&amp;ghacc=0&amp;ghpl=\">4F-BCA<\/a> from us today at a discounted price online!<\/p>\n<p>Il 4F-BCA pu\u00f2 essere consumato o fumato perch\u00e9 si presenta in forma liquida e solida.<\/p>\n<p>La <a href=\"https:\/\/www.google.com\/search?q=Buy+4F-BCA+Online&amp;sca_esv=2a2a93e8be91f013&amp;sxsrf=AHTn8zqzaehfD_tD-MQTXjuTUgHWTKl5mQ%3A1742973503660&amp;ei=P6rjZ7_zJ62gseMP2a3NuQI&amp;ved=0ahUKEwj_jqekmqeMAxUtUGwGHdlWMycQ4dUDCA8&amp;uact=5&amp;oq=Buy+4F-BCA+Online&amp;gs_lp=Egxnd3Mtd2l6LXNlcnAiEUJ1eSA0Ri1CQ0EgT25saW5lMgUQABjvBTIIEAAYogQYiQUyCBAAGIAEGKIEMggQABiABBiiBEjNBlChAlihAnABeACQAQCYAdoBoAHaAaoBAzItMbgBA8gBAPgBAfgBApgCAqAC_QGoAhDCAgcQIxgnGOoCwgINEC4Y0QMYxwEYJxjqAsICFBAAGIAEGJECGLQCGIoFGOoC2AEBmAMZ8QUqGGdK6G0bSboGBggBEAEYAZIHBTEuMC4xoAeIArIHAzItMbgH5AE&amp;sclient=gws-wiz-serp\">formula chimica per 4F-BCA<\/a> \u00e8 C23H22FN3O. La descrizione dice che si tratta di un composto di ricerca in polvere di colore giallo. Conservarlo in un luogo fresco e asciutto per periodi prolungati.<\/p>\n<p><strong>Metodo di utilizzo<\/strong><\/p>\n<p>Regarding the <a href=\"https:\/\/www.google.com\/search?q=Buy+4F-BCA+Online&amp;sca_esv=2a2a93e8be91f013&amp;sxsrf=AHTn8zqzaehfD_tD-MQTXjuTUgHWTKl5mQ%3A1742973503660&amp;ei=P6rjZ7_zJ62gseMP2a3NuQI&amp;ved=0ahUKEwj_jqekmqeMAxUtUGwGHdlWMycQ4dUDCA8&amp;uact=5&amp;oq=Buy+4F-BCA+Online&amp;gs_lp=Egxnd3Mtd2l6LXNlcnAiEUJ1eSA0Ri1CQ0EgT25saW5lMgUQABjvBTIIEAAYogQYiQUyCBAAGIAEGKIEMggQABiABBiiBEjNBlChAlihAnABeACQAQCYAdoBoAHaAaoBAzItMbgBA8gBAPgBAfgBApgCAqAC_QGoAhDCAgcQIxgnGOoCwgINEC4Y0QMYxwEYJxjqAsICFBAAGIAEGJECGLQCGIoFGOoC2AEBmAMZ8QUqGGdK6G0bSboGBggBEAEYAZIHBTEuMC4xoAeIArIHAzItMbgH5AE&amp;sclient=gws-wiz-serp\">specific application of 4F-BCA<\/a>Per quanto riguarda l'applicazione specifica del 4F-BCA, non ci sono prove. I senzatetto e altre persone molto ansiose utilizzano questi farmaci. Anche se possono essere assunti per via orale, il fumo \u00e8 il metodo principale di consumo. La quantit\u00e0 esatta e il numero di farmaci, che sono oggetto di discussione, sono pi\u00f9 importanti della tecnica.<\/p>\n<p>La maggior parte delle persone non ha idea di quale farmaco o quantit\u00e0 specifica stia ingerendo. Le indagini mediche indicano che non esistono usi commerciali, industriali o terapeutici per queste droghe come il Buy 4F-BCA.<\/p>\n<p>Ottieni 4F-BCA adesso su <a href=\"https:\/\/duckduckgo.com\/?q=Buy+4F-BCA+Online&amp;t=h_&amp;ia=web\">Narcopowders.com<\/a>!<\/p>","protected":false},"excerpt":{"rendered":"<p>Purchase 4F-BCA Online at NarcoPowder for Affordable Prices! Buy 4F-BCA, The term 4F-BCA refers to 4-fluoro-BCA, which is available in liquid and solid forms. It was formerly employed as a stimulant and belonged to the class of cannabinoid indazoles. It&#8217;s part of a blend of herbal plants that are offered for sale online as designer [&hellip;]<\/p>","protected":false},"featured_media":21304,"comment_status":"open","ping_status":"closed","template":"","meta":{"_joinchat":[]},"product_brand":[],"product_cat":[1724,1538],"product_tag":[1725,1726,1727,1728,1729,1730,1731,1732,1733,1734,1735],"class_list":{"0":"post-20462","1":"product","2":"type-product","3":"status-publish","4":"has-post-thumbnail","6":"product_cat-research-chemicals","7":"product_cat-cannabinoids","8":"product_tag-4f-adb-psychonaut","9":"product_tag-4f-bca-reddit","10":"product_tag-4f-mdmb-2201","11":"product_tag-4f-mdmb-binaca-effects","12":"product_tag-4f-mdmb-binaca-reddit","13":"product_tag-4f-mdmb-pinaca","14":"product_tag-4fbca-effects","15":"product_tag-4fbca-reddit","16":"product_tag-5cl-adb-a","17":"product_tag-cannabinoid-sales","18":"product_tag-what-is-4f-mdmb-binaca-description-additional-information-what-is-4f-mdmb-binaca-description","20":"first","21":"instock","22":"shipping-taxable","23":"purchasable","24":"product-type-variable","25":"add-to-wishlist-after_add_to_cart"},"yoast_head":"<!-- This site is optimized with the Yoast SEO plugin v25.9 - https:\/\/yoast.com\/wordpress\/plugins\/seo\/ -->\n<title>Buy 4F-BCA Online - 4F-BCA for Sale | Narcopowders<\/title>\n<meta name=\"description\" content=\"Explore our online store for 4f-bca for sale, offering high-quality 4f-bca powder. Buy 4f-bca online securely and embark on your research journey with confidence.\" \/>\n<meta name=\"robots\" content=\"index, follow, max-snippet:-1, max-image-preview:large, max-video-preview:-1\" \/>\n<link rel=\"canonical\" href=\"https:\/\/narcopowders.com\/it\/prodotto\/acquistare-4f-bca\/\" \/>\n<meta property=\"og:locale\" content=\"it_IT\" \/>\n<meta property=\"og:type\" content=\"article\" \/>\n<meta property=\"og:title\" content=\"Buy 4F-BCA Online - 4F-BCA for Sale | Narcopowders\" \/>\n<meta property=\"og:description\" content=\"Explore our online store for 4f-bca for sale, offering high-quality 4f-bca powder. Buy 4f-bca online securely and embark on your research journey with confidence.\" \/>\n<meta property=\"og:url\" content=\"https:\/\/narcopowders.com\/it\/prodotto\/acquistare-4f-bca\/\" \/>\n<meta property=\"og:site_name\" content=\"Narco Powders\" \/>\n<meta property=\"article:modified_time\" content=\"2025-03-26T07:25:04+00:00\" \/>\n<meta property=\"og:image\" content=\"https:\/\/narcopowders.com\/wp-content\/uploads\/2024\/05\/4f-bca.gif\" \/>\n\t<meta property=\"og:image:width\" content=\"600\" \/>\n\t<meta property=\"og:image:height\" content=\"600\" \/>\n\t<meta property=\"og:image:type\" content=\"image\/gif\" \/>\n<meta name=\"twitter:card\" content=\"summary_large_image\" \/>\n<meta name=\"twitter:label1\" content=\"Tempo di lettura stimato\" \/>\n\t<meta name=\"twitter:data1\" content=\"2 minuti\" \/>\n<!-- \/ Yoast SEO plugin. -->","yoast_head_json":{"title":"Comprare 4F-BCA online - 4F-BCA in vendita | Narcopolveri","description":"Esplora il nostro negozio online per la vendita di 4f-bca, che offre polvere di 4f-bca di alta qualit\u00e0. Acquistate 4f-bca online in modo sicuro e intraprendete il vostro viaggio di ricerca con fiducia.","robots":{"index":"index","follow":"follow","max-snippet":"max-snippet:-1","max-image-preview":"max-image-preview:large","max-video-preview":"max-video-preview:-1"},"canonical":"https:\/\/narcopowders.com\/it\/prodotto\/acquistare-4f-bca\/","og_locale":"it_IT","og_type":"article","og_title":"Buy 4F-BCA Online - 4F-BCA for Sale | Narcopowders","og_description":"Explore our online store for 4f-bca for sale, offering high-quality 4f-bca powder. Buy 4f-bca online securely and embark on your research journey with confidence.","og_url":"https:\/\/narcopowders.com\/it\/prodotto\/acquistare-4f-bca\/","og_site_name":"Narco Powders","article_modified_time":"2025-03-26T07:25:04+00:00","og_image":[{"width":600,"height":600,"url":"https:\/\/narcopowders.com\/wp-content\/uploads\/2024\/05\/4f-bca.gif","type":"image\/gif"}],"twitter_card":"summary_large_image","twitter_misc":{"Tempo di lettura stimato":"2 minuti"},"schema":{"@context":"https:\/\/schema.org","@graph":[{"@type":"WebPage","@id":"https:\/\/narcopowders.com\/product\/buy-4f-bca\/","url":"https:\/\/narcopowders.com\/product\/buy-4f-bca\/","name":"Comprare 4F-BCA online - 4F-BCA in vendita | Narcopolveri","isPartOf":{"@id":"https:\/\/narcopowders.com\/#website"},"primaryImageOfPage":{"@id":"https:\/\/narcopowders.com\/product\/buy-4f-bca\/#primaryimage"},"image":{"@id":"https:\/\/narcopowders.com\/product\/buy-4f-bca\/#primaryimage"},"thumbnailUrl":"https:\/\/narcopowders.com\/wp-content\/uploads\/2024\/05\/4f-bca.gif","datePublished":"2024-05-23T06:14:04+00:00","dateModified":"2025-03-26T07:25:04+00:00","description":"Esplora il nostro negozio online per la vendita di 4f-bca, che offre polvere di 4f-bca di alta qualit\u00e0. Acquistate 4f-bca online in modo sicuro e intraprendete il vostro viaggio di ricerca con fiducia.","breadcrumb":{"@id":"https:\/\/narcopowders.com\/product\/buy-4f-bca\/#breadcrumb"},"inLanguage":"it-IT","potentialAction":[{"@type":"ReadAction","target":["https:\/\/narcopowders.com\/product\/buy-4f-bca\/"]}]},{"@type":"ImageObject","inLanguage":"it-IT","@id":"https:\/\/narcopowders.com\/product\/buy-4f-bca\/#primaryimage","url":"https:\/\/narcopowders.com\/wp-content\/uploads\/2024\/05\/4f-bca.gif","contentUrl":"https:\/\/narcopowders.com\/wp-content\/uploads\/2024\/05\/4f-bca.gif","width":600,"height":600,"caption":"Buy 4F-BCA Online"},{"@type":"BreadcrumbList","@id":"https:\/\/narcopowders.com\/product\/buy-4f-bca\/#breadcrumb","itemListElement":[{"@type":"ListItem","position":1,"name":"Home","item":"https:\/\/narcopowders.com\/"},{"@type":"ListItem","position":2,"name":"Shop Page","item":"https:\/\/narcopowders.com\/shop\/"},{"@type":"ListItem","position":3,"name":"Buy 4F-BCA Online"}]},{"@type":"WebSite","@id":"https:\/\/narcopowders.com\/#website","url":"https:\/\/narcopowders.com\/","name":"Polveri Narco","description":"Il mio blog WordPress","potentialAction":[{"@type":"SearchAction","target":{"@type":"EntryPoint","urlTemplate":"https:\/\/narcopowders.com\/?s={search_term_string}"},"query-input":{"@type":"PropertyValueSpecification","valueRequired":true,"valueName":"search_term_string"}}],"inLanguage":"it-IT"}]}},"_links":{"self":[{"href":"https:\/\/narcopowders.com\/it\/wp-json\/wp\/v2\/product\/20462","targetHints":{"allow":["GET"]}}],"collection":[{"href":"https:\/\/narcopowders.com\/it\/wp-json\/wp\/v2\/product"}],"about":[{"href":"https:\/\/narcopowders.com\/it\/wp-json\/wp\/v2\/types\/product"}],"replies":[{"embeddable":true,"href":"https:\/\/narcopowders.com\/it\/wp-json\/wp\/v2\/comments?post=20462"}],"wp:featuredmedia":[{"embeddable":true,"href":"https:\/\/narcopowders.com\/it\/wp-json\/wp\/v2\/media\/21304"}],"wp:attachment":[{"href":"https:\/\/narcopowders.com\/it\/wp-json\/wp\/v2\/media?parent=20462"}],"wp:term":[{"taxonomy":"product_brand","embeddable":true,"href":"https:\/\/narcopowders.com\/it\/wp-json\/wp\/v2\/product_brand?post=20462"},{"taxonomy":"product_cat","embeddable":true,"href":"https:\/\/narcopowders.com\/it\/wp-json\/wp\/v2\/product_cat?post=20462"},{"taxonomy":"product_tag","embeddable":true,"href":"https:\/\/narcopowders.com\/it\/wp-json\/wp\/v2\/product_tag?post=20462"}],"curies":[{"name":"wp","href":"https:\/\/api.w.org\/{rel}","templated":true}]}}