{"id":20481,"date":"2024-05-23T06:14:06","date_gmt":"2024-05-23T06:14:06","guid":{"rendered":"https:\/\/narcopowders.com\/?post_type=product&#038;p=20481"},"modified":"2025-03-26T07:53:12","modified_gmt":"2025-03-26T07:53:12","slug":"buy-5f-mdp-online","status":"publish","type":"product","link":"https:\/\/narcopowders.com\/it\/product\/buy-5f-mdp-online\/","title":{"rendered":"Comprare 5F-MDP online"},"content":{"rendered":"<h2>Acquistare 5F-MDP online<\/h2>\n<p><a href=\"https:\/\/narcopowders.com\/it\/prodotto\/5f-mdp\/\">Buy 5F-MDP<\/a>, L'indazolo sintetico 5F-MDP \u00e8 strettamente correlato al 5f-mdmb-2201. \u00c8 una forma sintetica di indazolo-3-carbossamide ampiamente utilizzata. Si tratta di agonisti CB1 molto potenti. Non \u00e8 riconosciuta come sostanza riconosciuta in nessuna parte del Paese o giurisdizione. Si ritiene che si tratti di analoghi del 5F o di composti correlati. Essendo commercializzati come sostanze chimiche per la ricerca, non sono adatti al consumo umano o animale. Possono essere utilizzati solo da specialisti forensi o di laboratorio qualificati. \u00c8 possibile <a href=\"https:\/\/narcopowders.com\/it\/\">purchase 5F-MDP online<\/a> at a reasonable price from <a href=\"https:\/\/en.wikipedia.org\/wiki\/5F-MDMB-PICA\">NarcoPolveri<\/a> .<\/p>\n<h3>Il passato di 5F-MDP<\/h3>\n<p>5F-MDP crystals are also known as <a href=\"https:\/\/www.bing.com\/search?q=Buy%205F-MDP%20online&amp;qs=n&amp;form=QBRE&amp;sp=-1&amp;lq=0&amp;pq=buy%205f-mdp%20online&amp;sc=9-17&amp;sk=&amp;cvid=6901E34219794B65A3244E12C26E5706&amp;ghsh=0&amp;ghacc=0&amp;ghpl=\">5F-AMB-PICA<\/a>, 5F-MMB-PICA e I-AMB. Questo cannabinoide artificiale deriva dall'indolo-3-carbossamide. \u00c8 commercializzato come droga di design ed \u00e8 considerato un ingrediente attivo nelle miscele di cannabis sintetica. \u00c8 stato distribuito in Bielorussia e Russia nel gennaio 2014. L'analogo \u00e8 un nucleo indolico 5F-AMB. I nuovi composti cannabinoidi sintetici con un nucleo di indolo-3-carbossamide o indazolo-3-carbossamide, compreso un gruppo N-1-metossicarbonilico con un sostituente isopropilico o t-butilico, sono risultati meno pericolosi dei vecchi composti sintetici di cannabis.<\/p>\n<h3>Perch\u00e9 siamo il posto migliore per acquistare 5F-MDP?<\/h3>\n<p>If you want to <a href=\"https:\/\/www.bing.com\/search?q=Buy%205F-MDP%20online&amp;qs=n&amp;form=QBRE&amp;sp=-1&amp;lq=0&amp;pq=buy%205f-mdp%20online&amp;sc=9-17&amp;sk=&amp;cvid=6901E34219794B65A3244E12C26E5706&amp;ghsh=0&amp;ghacc=0&amp;ghpl=\">acquista un 5F-MDP online<\/a> Senza dover mostrare la tua prescrizione a nessuno, sei nel posto giusto. Forniamo una vasta gamma di prodotti chimici a prezzi competitivi.<\/p>\n<p>Il nostro obiettivo \u00e8 quello di offrire il miglior servizio di consegna possibile per le merci di prima qualit\u00e0 nel pi\u00f9 breve tempo possibile.<\/p>\n<p>Con una massa molare di 376,5 g mol -1, il nostro negozio online \u00e8 di colore marrone o giallo. La formula molecolare della molecola \u00e8 C21H29FN203 e la sua purezza \u00e8 superiore a 99,7%. Il prodotto chimico pu\u00f2 essere trasportato anche negli angoli pi\u00f9 remoti della terra. Promettiamo inoltre che i prodotti saranno consegnati in perfette condizioni.<\/p>\n<p>Contact our online store to buy 5F-MDP. We will securely pack your entire order and deliver it to you. <a href=\"https:\/\/duckduckgo.com\/?q=Buy+5F-MDP+online&amp;t=h_&amp;ia=web\">Get 5F-MDP now<\/a>!<\/p>\n<h3>Ordina 5F-MDP da Buy Nembutal oggi stesso!<\/h3>\n<p>5F-MDMB-2201 for sale is a powerful <a href=\"https:\/\/www.google.com\/search?q=Buy+5F-MDP+online&amp;sca_esv=2a2a93e8be91f013&amp;sxsrf=AHTn8zrFZUv2vyzplVAmMnvJTgMv8Ix2Ag%3A1742975117935&amp;ei=jbDjZ8DhOI-hseMPieTPsQU&amp;ved=0ahUKEwiA3IamoKeMAxWPUGwGHQnyM1YQ4dUDCA8&amp;uact=5&amp;oq=Buy+5F-MDP+online&amp;gs_lp=Egxnd3Mtd2l6LXNlcnAiEUJ1eSA1Ri1NRFAgb25saW5lMgQQIxgnMgUQABjvBUjzBlDCAVjCAXABeACQAQCYAfoBoAH6AaoBAzItMbgBA8gBAPgBAfgBApgCAqACqAKoAhTCAgcQIxgnGOoCwgIUEAAYgAQYkQIYtAIYigUY6gLYAQHCAhQQABiABBjjBBi0AhjpBBjqAtgBAcICEBAAGAMYtAIY6gIYjwHYAQHCAhAQLhgDGLQCGOoCGI8B2AEBmAMk8QU8T4IcLrT-_boGBggBEAEYAZIHBTEuMC4xoAfXArIHAzItMbgHhAI&amp;sclient=gws-wiz-serp\">ricerca chimica<\/a> Il 5F-MDMB-2201 in vendita \u00e8 una potente sostanza chimica di ricerca che sta diventando sempre pi\u00f9 popolare tra scienziati, ricercatori e hobbisti. Questo composto \u00e8 noto per i suoi vari benefici medici ed \u00e8 stato anche identificato come un potenziale candidato farmaco. Su NarcoPowders \u00e8 possibile acquistare facilmente 5F-MDMB-2201 online a prezzi accessibili. <a href=\"https:\/\/duckduckgo.com\/?q=Buy+5F-MDP+online&amp;t=h_&amp;ia=web\">NarcoPolveri<\/a>, you can easily buy 5F-MDMB-2201 online at affordable prices.<\/p>\n<h3>Vantaggi e utilizzo della 5F-MDP.<\/h3>\n<p><a href=\"https:\/\/www.google.com\/search?q=Buy+5F-MDP+online&amp;sca_esv=2a2a93e8be91f013&amp;sxsrf=AHTn8zrFZUv2vyzplVAmMnvJTgMv8Ix2Ag%3A1742975117935&amp;ei=jbDjZ8DhOI-hseMPieTPsQU&amp;ved=0ahUKEwiA3IamoKeMAxWPUGwGHQnyM1YQ4dUDCA8&amp;uact=5&amp;oq=Buy+5F-MDP+online&amp;gs_lp=Egxnd3Mtd2l6LXNlcnAiEUJ1eSA1Ri1NRFAgb25saW5lMgQQIxgnMgUQABjvBUjzBlDCAVjCAXABeACQAQCYAfoBoAH6AaoBAzItMbgBA8gBAPgBAfgBApgCAqACqAKoAhTCAgcQIxgnGOoCwgIUEAAYgAQYkQIYtAIYigUY6gLYAQHCAhQQABiABBjjBBi0AhjpBBjqAtgBAcICEBAAGAMYtAIY6gIYjwHYAQHCAhAQLhgDGLQCGOoCGI8B2AEBmAMk8QU8T4IcLrT-_boGBggBEAEYAZIHBTEuMC4xoAfXArIHAzItMbgHhAI&amp;sclient=gws-wiz-serp\">5f Mdmb 2201<\/a> \u00e8 un cannabinoide sintetico che si ritiene abbia molti degli stessi benefici medicinali del THC. Questo composto \u00e8 attualmente oggetto di studio per il suo potenziale valore terapeutico in una variet\u00e0 di malattie. Alcune delle condizioni in cui il 5F MDMB 2201 online ha dimostrato di essere efficace contro l'epilessia e l'ansia. Inoltre, il 5f Mdmb 2201 si \u00e8 dimostrato efficace contro il morbo di Alzheimer e altre forme di demenza. Sebbene vi siano ancora alcune incertezze riguardo all'intera gamma di effetti terapeutici del 5f Mdmb 2201, vi \u00e8 un grande potenziale per questo composto di diventare un attore importante nel trattamento medico in futuro.<\/p>","protected":false},"excerpt":{"rendered":"<p>Buy 5F-MDP online Buy 5F-MDP, The synthetic indazole 5F-MDP is closely related to 5f-mdmb-2201. It is a synthetic form of indazole-3-carboxamide that is widely used. They are highly potent CB1 agonists. It is not recognized as a recognized substance in any part of the country or jurisdiction. These are believed to be analogues of 5F [&hellip;]<\/p>","protected":false},"featured_media":21302,"comment_status":"open","ping_status":"closed","template":"","meta":{"_joinchat":[]},"product_brand":[],"product_cat":[1724,1538],"product_tag":[],"class_list":{"0":"post-20481","1":"product","2":"type-product","3":"status-publish","4":"has-post-thumbnail","6":"product_cat-research-chemicals","7":"product_cat-cannabinoids","9":"first","10":"instock","11":"shipping-taxable","12":"purchasable","13":"product-type-variable","14":"add-to-wishlist-after_add_to_cart"},"yoast_head":"<!-- This site is optimized with the Yoast SEO plugin v27.5 - https:\/\/yoast.com\/product\/yoast-seo-wordpress\/ -->\n<title>Buy 5F-MDP Online - 5F-MDP for Sale | NarcoPowders<\/title>\n<meta name=\"description\" content=\"Discover top-notch 5f-mdp for sale at our online store - buy 5f-mdp powder conveniently and securely to fuel your research. Explore and buy 5f-mdp online, advancing your scientific endeavors with ease. Order Now!\" \/>\n<meta name=\"robots\" content=\"index, follow, max-snippet:-1, max-image-preview:large, max-video-preview:-1\" \/>\n<link rel=\"canonical\" href=\"https:\/\/narcopowders.com\/it\/prodotto\/5f-mdp\/\" \/>\n<meta property=\"og:locale\" content=\"it_IT\" \/>\n<meta property=\"og:type\" content=\"article\" \/>\n<meta property=\"og:title\" content=\"Buy 5F-MDP Online - 5F-MDP for Sale | NarcoPowders\" \/>\n<meta property=\"og:description\" content=\"Discover top-notch 5f-mdp for sale at our online store - buy 5f-mdp powder conveniently and securely to fuel your research. Explore and buy 5f-mdp online, advancing your scientific endeavors with ease. Order Now!\" \/>\n<meta property=\"og:url\" content=\"https:\/\/narcopowders.com\/it\/prodotto\/5f-mdp\/\" \/>\n<meta property=\"og:site_name\" content=\"Narco Powders\" \/>\n<meta property=\"article:modified_time\" content=\"2025-03-26T07:53:12+00:00\" \/>\n<meta property=\"og:image\" content=\"https:\/\/narcopowders.com\/wp-content\/uploads\/2024\/05\/5f-mdp.gif\" \/>\n\t<meta property=\"og:image:width\" content=\"600\" \/>\n\t<meta property=\"og:image:height\" content=\"600\" \/>\n\t<meta property=\"og:image:type\" content=\"image\/gif\" \/>\n<meta name=\"twitter:card\" content=\"summary_large_image\" \/>\n<meta name=\"twitter:label1\" content=\"Tempo di lettura stimato\" \/>\n\t<meta name=\"twitter:data1\" content=\"3 minuti\" \/>\n<!-- \/ Yoast SEO plugin. -->","yoast_head_json":{"title":"Comprare 5F-MDP online - 5F-MDP in vendita | NarcoPowders","description":"Scoprite il 5f-mdp di prima qualit\u00e0 in vendita nel nostro negozio online - acquistate la polvere di 5f-mdp in modo comodo e sicuro per alimentare la vostra ricerca. Esplorate e acquistate il 5f-mdp online, per far progredire i vostri sforzi scientifici con facilit\u00e0. Ordinate ora!","robots":{"index":"index","follow":"follow","max-snippet":"max-snippet:-1","max-image-preview":"max-image-preview:large","max-video-preview":"max-video-preview:-1"},"canonical":"https:\/\/narcopowders.com\/it\/prodotto\/5f-mdp\/","og_locale":"it_IT","og_type":"article","og_title":"Buy 5F-MDP Online - 5F-MDP for Sale | NarcoPowders","og_description":"Discover top-notch 5f-mdp for sale at our online store - buy 5f-mdp powder conveniently and securely to fuel your research. Explore and buy 5f-mdp online, advancing your scientific endeavors with ease. Order Now!","og_url":"https:\/\/narcopowders.com\/it\/prodotto\/5f-mdp\/","og_site_name":"Narco Powders","article_modified_time":"2025-03-26T07:53:12+00:00","og_image":[{"width":600,"height":600,"url":"https:\/\/narcopowders.com\/wp-content\/uploads\/2024\/05\/5f-mdp.gif","type":"image\/gif"}],"twitter_card":"summary_large_image","twitter_misc":{"Tempo di lettura stimato":"3 minuti"},"schema":{"@context":"https:\/\/schema.org","@graph":[{"@type":"WebPage","@id":"https:\/\/narcopowders.com\/product\/buy-5f-mdp-online\/","url":"https:\/\/narcopowders.com\/product\/buy-5f-mdp-online\/","name":"Comprare 5F-MDP online - 5F-MDP in vendita | NarcoPowders","isPartOf":{"@id":"https:\/\/narcopowders.com\/#website"},"primaryImageOfPage":{"@id":"https:\/\/narcopowders.com\/product\/buy-5f-mdp-online\/#primaryimage"},"image":{"@id":"https:\/\/narcopowders.com\/product\/buy-5f-mdp-online\/#primaryimage"},"thumbnailUrl":"https:\/\/narcopowders.com\/wp-content\/uploads\/2024\/05\/5f-mdp.gif","datePublished":"2024-05-23T06:14:06+00:00","dateModified":"2025-03-26T07:53:12+00:00","description":"Scoprite il 5f-mdp di prima qualit\u00e0 in vendita nel nostro negozio online - acquistate la polvere di 5f-mdp in modo comodo e sicuro per alimentare la vostra ricerca. Esplorate e acquistate il 5f-mdp online, per far progredire i vostri sforzi scientifici con facilit\u00e0. Ordinate ora!","breadcrumb":{"@id":"https:\/\/narcopowders.com\/product\/buy-5f-mdp-online\/#breadcrumb"},"inLanguage":"it-IT","potentialAction":[{"@type":"ReadAction","target":["https:\/\/narcopowders.com\/product\/buy-5f-mdp-online\/"]}]},{"@type":"ImageObject","inLanguage":"it-IT","@id":"https:\/\/narcopowders.com\/product\/buy-5f-mdp-online\/#primaryimage","url":"https:\/\/narcopowders.com\/wp-content\/uploads\/2024\/05\/5f-mdp.gif","contentUrl":"https:\/\/narcopowders.com\/wp-content\/uploads\/2024\/05\/5f-mdp.gif","width":600,"height":600,"caption":"Buy 5f-mdp Online"},{"@type":"BreadcrumbList","@id":"https:\/\/narcopowders.com\/product\/buy-5f-mdp-online\/#breadcrumb","itemListElement":[{"@type":"ListItem","position":1,"name":"Home","item":"https:\/\/narcopowders.com\/"},{"@type":"ListItem","position":2,"name":"Shop Page","item":"https:\/\/narcopowders.com\/shop\/"},{"@type":"ListItem","position":3,"name":"Buy 5F-MDP Online"}]},{"@type":"WebSite","@id":"https:\/\/narcopowders.com\/#website","url":"https:\/\/narcopowders.com\/","name":"Polveri Narco","description":"Il mio blog WordPress","potentialAction":[{"@type":"SearchAction","target":{"@type":"EntryPoint","urlTemplate":"https:\/\/narcopowders.com\/?s={search_term_string}"},"query-input":{"@type":"PropertyValueSpecification","valueRequired":true,"valueName":"search_term_string"}}],"inLanguage":"it-IT"}]}},"_links":{"self":[{"href":"https:\/\/narcopowders.com\/it\/wp-json\/wp\/v2\/product\/20481","targetHints":{"allow":["GET"]}}],"collection":[{"href":"https:\/\/narcopowders.com\/it\/wp-json\/wp\/v2\/product"}],"about":[{"href":"https:\/\/narcopowders.com\/it\/wp-json\/wp\/v2\/types\/product"}],"replies":[{"embeddable":true,"href":"https:\/\/narcopowders.com\/it\/wp-json\/wp\/v2\/comments?post=20481"}],"wp:featuredmedia":[{"embeddable":true,"href":"https:\/\/narcopowders.com\/it\/wp-json\/wp\/v2\/media\/21302"}],"wp:attachment":[{"href":"https:\/\/narcopowders.com\/it\/wp-json\/wp\/v2\/media?parent=20481"}],"wp:term":[{"taxonomy":"product_brand","embeddable":true,"href":"https:\/\/narcopowders.com\/it\/wp-json\/wp\/v2\/product_brand?post=20481"},{"taxonomy":"product_cat","embeddable":true,"href":"https:\/\/narcopowders.com\/it\/wp-json\/wp\/v2\/product_cat?post=20481"},{"taxonomy":"product_tag","embeddable":true,"href":"https:\/\/narcopowders.com\/it\/wp-json\/wp\/v2\/product_tag?post=20481"}],"curies":[{"name":"wp","href":"https:\/\/api.w.org\/{rel}","templated":true}]}}