{"id":20488,"date":"2024-05-23T06:14:11","date_gmt":"2024-05-23T06:14:11","guid":{"rendered":"https:\/\/narcopowders.com\/?post_type=product&#038;p=20488"},"modified":"2025-03-26T12:54:51","modified_gmt":"2025-03-26T12:54:51","slug":"buy-3f-pvp-online","status":"publish","type":"product","link":"https:\/\/narcopowders.com\/it\/prodotto\/buy-3f-pvp-online\/","title":{"rendered":"\u00a0Comprare 3F-PVP online"},"content":{"rendered":"<h2>Acquistare 3F-PVP (3FPVP) CRISTALLI online in USA.<\/h2>\n<p><a href=\"https:\/\/narcopowders.com\/it\/prodotto\/buy-3f-pvp-online\/\">Acquistare 3F-PVP (3FPVP) CRISTALLI<\/a> at <a href=\"https:\/\/narcopowders.com\/it\/\">NarcoPolveri<\/a> to meet all your chemical needs. The company<\/p>\n<p>si impegna a fornire ai propri clienti il miglior servizio possibile e ha conquistato la fiducia di molte persone.<\/p>\n<h3>3F-PVP: COS'\u00c8?<\/h3>\n<p><a href=\"https:\/\/en.wikipedia.org\/wiki\/3F-PVP\">3F-PVP online<\/a> Il \u00e8 un catinone della classe NarcoPowders e ha le stesse propriet\u00e0 dell'A-PHP. 3F-alfa-PVP \u00e8 il nome chimico di 3F-PVP. Il 3f-PVP ha un peso molecolare di 249,32 e la formula C15H20FNO .<\/p>\n<p>Il dosaggio di 3F-PVP produce una sensazione di euforia da moderata a intensa che pervade tutto il corpo. In secondo luogo, pu\u00f2 essere travolgente ad alti dosaggi. Promuove attivit\u00e0 ricreative come la danza, l'arrampicata e la corsa.<\/p>\n<p>A volte diventa impossibile. Gravi tremori alle mani e una generale mancanza di controllo motorio sono causati dal serrare le mascelle, dai tremori involontari del corpo e dalle vibrazioni, che rendono difficile o spesso impossibile rimanere immobili. Sebbene questo farmaco abbia alcuni effetti negativi come: Tuttavia, a causa di alcuni sintomi, come la capacit\u00e0 di muovere gli occhi avanti e indietro a scatti, che pu\u00f2 causare un temporaneo offuscamento della vista, si raccomanda di parlarne sempre con il proprio medico prima di utilizzarlo. Acquistare 3F-PVP (3FPVP) CRYSTALS online in Italia. <a href=\"https:\/\/www.bing.com\/search?q=%C2%A0Buy%203F-PVP%20Online&amp;qs=n&amp;form=QBRE&amp;sp=-1&amp;lq=0&amp;pq=%C2%A0buy%203f-pvp%20online&amp;sc=9-18&amp;sk=&amp;cvid=F12718026CAD4580A2F80BB8B3515159&amp;ghsh=0&amp;ghacc=0&amp;ghpl=\">Acquistare 3F-PVP (3FPVP) CRISTALLI online in USA.<\/a>.<\/p>\n<h3>IL SITO IDEALE PER ACQUISTARE 3F-PVP ONLINE<\/h3>\n<p>Uno dei rivenditori online di 3F-PVP pi\u00f9 rinomati e affidabili \u00e8 NarcoPowders. I clienti hanno espresso molti commenti positivi sull'azienda, affermando di ricevere prodotti della massima qualit\u00e0 possibile.<\/p>\n<p>Per acquistare il 3F-PVP online \u00e8 necessario avere almeno diciotto anni. Sono disponibili ordini online di 3F-PVP in quantit\u00e0 che vanno da pochi milligrammi a 25 chilogrammi. L'azienda offre servizi di spedizione in tutto il mondo. Per garantire che nessuno scopra il contenuto del pacco, ogni confezione \u00e8 confezionata singolarmente. Tutte le vostre informazioni sono memorizzate nel nostro sistema. Pertanto, non c'\u00e8 alcuna possibilit\u00e0 che i vostri dati vengano compromessi. La merce verr\u00e0 consegnata nel pi\u00f9 breve tempo possibile.<\/p>\n<h3>ACQUISTARE CRISTALLI DI 3F-PVP (3FPVP) ONLINE.<\/h3>\n<p><strong>Descrizione<\/strong><\/p>\n<p>Would you like to <a href=\"https:\/\/duckduckgo.com\/?q=%C2%A0Buy+3F-PVP+Online&amp;t=h_&amp;ia=web\">acquistare polvere 3F-PVP<\/a>Desiderate acquistare la polvere 3F-PVP, 3-fluoro-\u03b1-pirrolidinovalerofenone? Allora siete nel posto giusto! Tutti i prodotti chimici di ricerca presenti nel nostro webshop sono testati in laboratorio e di altissima qualit\u00e0. Gli ordini sono confezionati in modo discreto e spediti entro 24 ore. Inoltre, \u00e8 possibile pagare in modo sicuro e veloce con Bitcoin e criptovalute.<\/p>\n<h3>Dove posso acquistare il 3F-PVP?<\/h3>\n<p>Nel nostro webshop troverete tutti i prodotti chimici per la ricerca e potrete ordinare il 3F-PVP nella migliore qualit\u00e0. <a href=\"https:\/\/www.google.com\/search?q=%C2%A0Buy+3F-PVP+Online&amp;sca_esv=2a2a93e8be91f013&amp;sxsrf=AHTn8zpPPsmwzj6zJPLCOE80jLMxwLxZgA%3A1742973216562&amp;ei=IKnjZ-eFIpO4seMP8OfD6A4&amp;ved=0ahUKEwjnlbSbmaeMAxUTXGwGHfDzEO0Q4dUDCA8&amp;uact=5&amp;oq=%C2%A0Buy+3F-PVP+Online&amp;gs_lp=Egxnd3Mtd2l6LXNlcnAiE8KgQnV5IDNGLVBWUCBPbmxpbmUyBBAjGCcyCBAAGIAEGKIEMgUQABjvBTIFEAAY7wUyBRAAGO8FSI4HUM4BWM4BcAF4AJABAJgBtwGgAbcBqgEDMC4xuAEDyAEA-AEB-AECmAICoALyAagCFMICBxAjGCcY6gLCAg0QLhjRAxjHARgnGOoCwgIUEAAYgAQYkQIYtAIYigUY6gLYAQHCAhQQLhiABBiRAhi0AhiKBRjqAtgBAcICEBAAGAMYtAIY6gIYjwHYAQGYAzDxBYUf81X8VCZnugYGCAEQARgBkgcDMS4xoAfeA7IHAzAuMbgHwgE&amp;sclient=gws-wiz-serp\">ordina 3F-PVP nella migliore qualit\u00e0<\/a>.<\/p>\n<p>Questa sostanza \u00e8 destinata esclusivamente all'uso in laboratorio.<\/p>\n<p>Assicuratevi sempre di adottare le opportune precauzioni di sicurezza. Ad esempio, ricordatevi di coprire la pelle esposta e di indossare occhiali di sicurezza.<\/p>\n<p>Nota bene: come altre sostanze chimiche per la ricerca, il 3F-PVP \u00e8 destinato esclusivamente a scopi di ricerca e non deve essere consumato da persone, animali o altri esseri viventi.<\/p>\n<p>Conservare in un luogo asciutto e fresco per garantire la massima durata di conservazione.<\/p>\n<p>Non vendiamo prodotti chimici di ricerca a persone di et\u00e0 inferiore ai 18 anni.<\/p>","protected":false},"excerpt":{"rendered":"<p>Buy 3F-PVP (3FPVP) CRYSTALS online in USA. Buy 3F-PVP (3FPVP) CRYSTALS at NarcoPowders to meet all your chemical needs. The company strives to provide its customers with the greatest possible service as it has won the trust of many people . 3F-PVP: WHAT IS IT? 3F-PVP online is a cathinone class NarcoPowders and has the [&hellip;]<\/p>","protected":false},"featured_media":21283,"comment_status":"open","ping_status":"closed","template":"","meta":{"_joinchat":[]},"product_brand":[],"product_cat":[1539,1724],"product_tag":[1549,1550,1551,1552],"class_list":{"0":"post-20488","1":"product","2":"type-product","3":"status-publish","4":"has-post-thumbnail","6":"product_cat-cathinone","7":"product_cat-research-chemicals","8":"product_tag-3f-pihp","9":"product_tag-4cl-pvp","10":"product_tag-4f-php","11":"product_tag-4f-pvp","13":"first","14":"instock","15":"shipping-taxable","16":"purchasable","17":"product-type-variable","18":"add-to-wishlist-after_add_to_cart"},"yoast_head":"<!-- This site is optimized with the Yoast SEO plugin v25.9 - https:\/\/yoast.com\/wordpress\/plugins\/seo\/ -->\n<title>Buy 3F-PVP Online - 3F-PVP for Sale | NarcoPowders<\/title>\n<meta name=\"description\" content=\"Looking to further your research? Buy 3f-pvp conveniently and securely online, with a straightforward ordering process for 3f-pvp for sale.\" \/>\n<meta name=\"robots\" content=\"index, follow, max-snippet:-1, max-image-preview:large, max-video-preview:-1\" \/>\n<link rel=\"canonical\" href=\"https:\/\/narcopowders.com\/it\/prodotto\/buy-3f-pvp-online\/\" \/>\n<meta property=\"og:locale\" content=\"it_IT\" \/>\n<meta property=\"og:type\" content=\"article\" \/>\n<meta property=\"og:title\" content=\"Buy 3F-PVP Online - 3F-PVP for Sale | NarcoPowders\" \/>\n<meta property=\"og:description\" content=\"Looking to further your research? Buy 3f-pvp conveniently and securely online, with a straightforward ordering process for 3f-pvp for sale.\" \/>\n<meta property=\"og:url\" content=\"https:\/\/narcopowders.com\/it\/prodotto\/buy-3f-pvp-online\/\" \/>\n<meta property=\"og:site_name\" content=\"Narco Powders\" \/>\n<meta property=\"article:modified_time\" content=\"2025-03-26T12:54:51+00:00\" \/>\n<meta property=\"og:image\" content=\"https:\/\/narcopowders.com\/wp-content\/uploads\/2024\/05\/3fpvp.gif\" \/>\n\t<meta property=\"og:image:width\" content=\"600\" \/>\n\t<meta property=\"og:image:height\" content=\"600\" \/>\n\t<meta property=\"og:image:type\" content=\"image\/gif\" \/>\n<meta name=\"twitter:card\" content=\"summary_large_image\" \/>\n<meta name=\"twitter:label1\" content=\"Tempo di lettura stimato\" \/>\n\t<meta name=\"twitter:data1\" content=\"3 minuti\" \/>\n<!-- \/ Yoast SEO plugin. -->","yoast_head_json":{"title":"Comprare 3F-PVP online - 3F-PVP in vendita | NarcoPowders","description":"Volete approfondire la vostra ricerca? Comprate 3f-pvp in modo comodo e sicuro online, con un processo di ordinazione semplice per 3f-pvp in vendita.","robots":{"index":"index","follow":"follow","max-snippet":"max-snippet:-1","max-image-preview":"max-image-preview:large","max-video-preview":"max-video-preview:-1"},"canonical":"https:\/\/narcopowders.com\/it\/prodotto\/buy-3f-pvp-online\/","og_locale":"it_IT","og_type":"article","og_title":"Buy 3F-PVP Online - 3F-PVP for Sale | NarcoPowders","og_description":"Looking to further your research? Buy 3f-pvp conveniently and securely online, with a straightforward ordering process for 3f-pvp for sale.","og_url":"https:\/\/narcopowders.com\/it\/prodotto\/buy-3f-pvp-online\/","og_site_name":"Narco Powders","article_modified_time":"2025-03-26T12:54:51+00:00","og_image":[{"width":600,"height":600,"url":"https:\/\/narcopowders.com\/wp-content\/uploads\/2024\/05\/3fpvp.gif","type":"image\/gif"}],"twitter_card":"summary_large_image","twitter_misc":{"Tempo di lettura stimato":"3 minuti"},"schema":{"@context":"https:\/\/schema.org","@graph":[{"@type":"WebPage","@id":"https:\/\/narcopowders.com\/product\/buy-3f-pvp-online\/","url":"https:\/\/narcopowders.com\/product\/buy-3f-pvp-online\/","name":"Comprare 3F-PVP online - 3F-PVP in vendita | NarcoPowders","isPartOf":{"@id":"https:\/\/narcopowders.com\/#website"},"primaryImageOfPage":{"@id":"https:\/\/narcopowders.com\/product\/buy-3f-pvp-online\/#primaryimage"},"image":{"@id":"https:\/\/narcopowders.com\/product\/buy-3f-pvp-online\/#primaryimage"},"thumbnailUrl":"https:\/\/narcopowders.com\/wp-content\/uploads\/2024\/05\/3fpvp.gif","datePublished":"2024-05-23T06:14:11+00:00","dateModified":"2025-03-26T12:54:51+00:00","description":"Volete approfondire la vostra ricerca? Comprate 3f-pvp in modo comodo e sicuro online, con un processo di ordinazione semplice per 3f-pvp in vendita.","breadcrumb":{"@id":"https:\/\/narcopowders.com\/product\/buy-3f-pvp-online\/#breadcrumb"},"inLanguage":"it-IT","potentialAction":[{"@type":"ReadAction","target":["https:\/\/narcopowders.com\/product\/buy-3f-pvp-online\/"]}]},{"@type":"ImageObject","inLanguage":"it-IT","@id":"https:\/\/narcopowders.com\/product\/buy-3f-pvp-online\/#primaryimage","url":"https:\/\/narcopowders.com\/wp-content\/uploads\/2024\/05\/3fpvp.gif","contentUrl":"https:\/\/narcopowders.com\/wp-content\/uploads\/2024\/05\/3fpvp.gif","width":600,"height":600,"caption":"\u00a0Buy 3F-PVP Online"},{"@type":"BreadcrumbList","@id":"https:\/\/narcopowders.com\/product\/buy-3f-pvp-online\/#breadcrumb","itemListElement":[{"@type":"ListItem","position":1,"name":"Home","item":"https:\/\/narcopowders.com\/"},{"@type":"ListItem","position":2,"name":"Shop Page","item":"https:\/\/narcopowders.com\/shop\/"},{"@type":"ListItem","position":3,"name":"\u00a0Buy 3F-PVP Online"}]},{"@type":"WebSite","@id":"https:\/\/narcopowders.com\/#website","url":"https:\/\/narcopowders.com\/","name":"Polveri Narco","description":"Il mio blog WordPress","potentialAction":[{"@type":"SearchAction","target":{"@type":"EntryPoint","urlTemplate":"https:\/\/narcopowders.com\/?s={search_term_string}"},"query-input":{"@type":"PropertyValueSpecification","valueRequired":true,"valueName":"search_term_string"}}],"inLanguage":"it-IT"}]}},"_links":{"self":[{"href":"https:\/\/narcopowders.com\/it\/wp-json\/wp\/v2\/product\/20488","targetHints":{"allow":["GET"]}}],"collection":[{"href":"https:\/\/narcopowders.com\/it\/wp-json\/wp\/v2\/product"}],"about":[{"href":"https:\/\/narcopowders.com\/it\/wp-json\/wp\/v2\/types\/product"}],"replies":[{"embeddable":true,"href":"https:\/\/narcopowders.com\/it\/wp-json\/wp\/v2\/comments?post=20488"}],"wp:featuredmedia":[{"embeddable":true,"href":"https:\/\/narcopowders.com\/it\/wp-json\/wp\/v2\/media\/21283"}],"wp:attachment":[{"href":"https:\/\/narcopowders.com\/it\/wp-json\/wp\/v2\/media?parent=20488"}],"wp:term":[{"taxonomy":"product_brand","embeddable":true,"href":"https:\/\/narcopowders.com\/it\/wp-json\/wp\/v2\/product_brand?post=20488"},{"taxonomy":"product_cat","embeddable":true,"href":"https:\/\/narcopowders.com\/it\/wp-json\/wp\/v2\/product_cat?post=20488"},{"taxonomy":"product_tag","embeddable":true,"href":"https:\/\/narcopowders.com\/it\/wp-json\/wp\/v2\/product_tag?post=20488"}],"curies":[{"name":"wp","href":"https:\/\/api.w.org\/{rel}","templated":true}]}}