{"id":20495,"date":"2024-05-23T06:14:12","date_gmt":"2024-05-23T06:14:12","guid":{"rendered":"https:\/\/narcopowders.com\/?post_type=product&#038;p=20495"},"modified":"2024-05-24T10:11:45","modified_gmt":"2024-05-24T10:11:45","slug":"buy-5faeb-online","status":"publish","type":"product","link":"https:\/\/narcopowders.com\/it\/prodotto\/acquistare-5faeb-online\/","title":{"rendered":"Comprare 5FAEB online"},"content":{"rendered":"<h2>Comprare 5FAEB online<\/h2>\n<p>Comprare 5F-AEB, I cannabinoidi sono le sostanze chimiche attive della marijuana medica. In quanto tali, sono simili alle sostanze chimiche prodotte dal corpo e coinvolte nell'appetito, nella memoria, nel movimento e nel dolore.<a href=\"https:\/\/narcopowders.com\/it\/prodotto\/acquistare-5cladb-online\/\">.<\/a><\/p>\n<p>La ricerca suggerisce che i cannabinoidi (5FAEB2201) potrebbero<a href=\"https:\/\/en.wikipedia.org\/wiki\/5F-EMB-PINACA\">:<\/a><\/p>\n<p>Ridurre l'ansia<\/p>\n<p>Ridurre l'infiammazione e alleviare il dolore<\/p>\n<p>Controllo della nausea e del vomito causati dalla chemioterapia<\/p>\n<p>Uccidono le cellule cancerose e rallentano la crescita del tumore<\/p>\n<p>Rilassare i muscoli tesi nelle persone affette da sclerosi multipla<\/p>\n<h3>Stimola l'appetito e migliora l'aumento di peso nelle persone affette da cancro e AIDS 5FAEB2201<\/h3>\n<p>Allo stesso modo, spesso si legge che le piante cannabinoidi prodotte dalla cannabis sono decine o addirittura pi\u00f9 di 100. Ma \u00e8 difficile conoscere il numero preciso. Ma \u00e8 difficile conoscere il numero preciso. Inoltre, la maggior parte del 5FAEB2201 \u00e8 presente a livelli molto bassi, soprattutto nei prodotti commerciali di cannabis. Per questo motivo, \u00e8 difficile per gli scienziati rilevarli con precisione. Tuttavia, il punto importante \u00e8 che ce ne sono molti. Infine, diamo un'occhiata pi\u00f9 da vicino ad alcuni dei principali cannabinoidi che si possono trovare nei prodotti a base di cannabis.<\/p>\n<p>In definitiva, la Cannabis non produce direttamente i pi\u00f9 famosi cannabinoidi associati alla pianta, il THC e il CBD. Invece, sintetizza diversi acidi cannabinoidi. Come tali, questi acidi cannabinoidi devono essere \"attivati\" (decarbossilati), di solito con il calore, per produrre i composti che la maggior parte dei consumatori cerca (THC o CBD). Soprattutto, oltre al THCA e al CBDA, esistono diversi acidi cannabinoidi correlati che possono essere prodotti dalla cannabis.<\/p>\n<h3><span lang=\"EN-US\">perch\u00e9 acquistare 5F-AEB-2201<\/span><span lang=\"EN-US\">\u00a0da LegitChemicals<\/span><\/h3>\n<p><span lang=\"EN-US\">\u00a0<\/span><span lang=\"EN-US\">Invece di confondersi su\u00a0<strong>dove acquistare 5F-AEB-2201,\u00a0<\/strong>\u00e8 bene scegliere queste NarcoPowders. \u00c8 pi\u00f9 comodo per gli utenti ordinarli attraverso la piattaforma online e farsi consegnare il prodotto in pochi giorni o addirittura il giorno stesso. L'imballaggio del prodotto sar\u00e0 perfetto, sicuro e protetto da usare in quanto i prodotti sono fabbricati in questa agenzia con la formula standard e legale. I professionisti sono sempre in grado di fornire il prodotto richiesto e applicano un prezzo ragionevole in base alla quantit\u00e0 richiesta.\u00a0<\/span><\/p>\n<h4><strong><span lang=\"EN-US\">\u00a0<\/span><\/strong><span lang=\"EN-US\">Come utilizzare 5F-AEB-2201<\/span><\/h4>\n<p><span lang=\"EN-US\">\u00a0<\/span><span lang=\"EN-US\">Si tratta di un prodotto a base di cannabinoidi sintetici che provoca malattie mentali e altri problemi se assunto senza un dosaggio e una conoscenza adeguati. Pertanto, \u00e8 meglio rivolgersi al medico e ottenere il farmaco con il giusto dosaggio. Il prodotto sar\u00e0 utile per vari scopi, ma \u00e8 meglio conoscere le istruzioni prima di ordinarlo. I farmaci che si ottengono sono puri, di buona qualit\u00e0, convenienti e pronti all'uso per ulteriori ricerche. Questa azienda vender\u00e0 il prodotto solo per scopi di ricerca, e inoltre, i loro prodotti sono legali e sotto le regole e il regolamento del governo degli Stati Uniti, Buy 5F-AEB .\u00a0<\/span><\/p>","protected":false},"excerpt":{"rendered":"<p>Buy 5FAEB Online Buy 5F-AEB,\u00a0 Cannabinoids is the active chemicals in medical marijuana. As such, they are similar to chemicals the body makes that are involved in appetite, memory, movement, and pain. Research suggests cannabinoids (5FAEB2201) might: Reduce anxiety Reduce inflammation and relieve pain Control nausea and vomiting caused by chemotherapy Kill cancer cells and [&hellip;]<\/p>","protected":false},"featured_media":21282,"comment_status":"open","ping_status":"closed","template":"","meta":{"_joinchat":[]},"product_brand":[],"product_cat":[15],"product_tag":[],"class_list":{"0":"post-20495","1":"product","2":"type-product","3":"status-publish","4":"has-post-thumbnail","6":"product_cat-uncategorized","8":"first","9":"instock","10":"shipping-taxable","11":"purchasable","12":"product-type-variable","13":"add-to-wishlist-after_add_to_cart"},"yoast_head":"<!-- This site is optimized with the Yoast SEO plugin v25.9 - https:\/\/yoast.com\/wordpress\/plugins\/seo\/ -->\n<title>Buy 5FAEB Online - Order 5FAEB Powder<\/title>\n<meta name=\"description\" content=\"Buy 5FAEB Online, 5F-ADB-33 is a synthetic indazole-based cannabinoid that belongs to the indazole-3-carboxamide family. 5faeb available at our onlinestore.\" \/>\n<meta name=\"robots\" content=\"index, follow, max-snippet:-1, max-image-preview:large, max-video-preview:-1\" \/>\n<link rel=\"canonical\" href=\"https:\/\/narcopowders.com\/it\/prodotto\/acquistare-5faeb-online\/\" \/>\n<meta property=\"og:locale\" content=\"it_IT\" \/>\n<meta property=\"og:type\" content=\"article\" \/>\n<meta property=\"og:title\" content=\"Buy 5FAEB Online - Order 5FAEB Powder\" \/>\n<meta property=\"og:description\" content=\"Buy 5FAEB Online, 5F-ADB-33 is a synthetic indazole-based cannabinoid that belongs to the indazole-3-carboxamide family. 5faeb available at our onlinestore.\" \/>\n<meta property=\"og:url\" content=\"https:\/\/narcopowders.com\/it\/prodotto\/acquistare-5faeb-online\/\" \/>\n<meta property=\"og:site_name\" content=\"Narco Powders\" \/>\n<meta property=\"article:modified_time\" content=\"2024-05-24T10:11:45+00:00\" \/>\n<meta property=\"og:image\" content=\"https:\/\/narcopowders.com\/wp-content\/uploads\/2024\/05\/5f-AEB.gif\" \/>\n\t<meta property=\"og:image:width\" content=\"600\" \/>\n\t<meta property=\"og:image:height\" content=\"600\" \/>\n\t<meta property=\"og:image:type\" content=\"image\/gif\" \/>\n<meta name=\"twitter:card\" content=\"summary_large_image\" \/>\n<meta name=\"twitter:label1\" content=\"Tempo di lettura stimato\" \/>\n\t<meta name=\"twitter:data1\" content=\"3 minuti\" \/>\n<!-- \/ Yoast SEO plugin. -->","yoast_head_json":{"title":"Comprare 5FAEB online - Ordinare 5FAEB in polvere","description":"Comprare 5FAEB Online, 5F-ADB-33 \u00e8 un cannabinoide sintetico a base di indazolo che appartiene alla famiglia degli indazoli-3-carbossidi. 5faeb \u00e8 disponibile nel nostro negozio online.","robots":{"index":"index","follow":"follow","max-snippet":"max-snippet:-1","max-image-preview":"max-image-preview:large","max-video-preview":"max-video-preview:-1"},"canonical":"https:\/\/narcopowders.com\/it\/prodotto\/acquistare-5faeb-online\/","og_locale":"it_IT","og_type":"article","og_title":"Buy 5FAEB Online - Order 5FAEB Powder","og_description":"Buy 5FAEB Online, 5F-ADB-33 is a synthetic indazole-based cannabinoid that belongs to the indazole-3-carboxamide family. 5faeb available at our onlinestore.","og_url":"https:\/\/narcopowders.com\/it\/prodotto\/acquistare-5faeb-online\/","og_site_name":"Narco Powders","article_modified_time":"2024-05-24T10:11:45+00:00","og_image":[{"width":600,"height":600,"url":"https:\/\/narcopowders.com\/wp-content\/uploads\/2024\/05\/5f-AEB.gif","type":"image\/gif"}],"twitter_card":"summary_large_image","twitter_misc":{"Tempo di lettura stimato":"3 minuti"},"schema":{"@context":"https:\/\/schema.org","@graph":[{"@type":"WebPage","@id":"https:\/\/narcopowders.com\/product\/buy-5faeb-online\/","url":"https:\/\/narcopowders.com\/product\/buy-5faeb-online\/","name":"Comprare 5FAEB online - Ordinare 5FAEB in polvere","isPartOf":{"@id":"https:\/\/narcopowders.com\/#website"},"primaryImageOfPage":{"@id":"https:\/\/narcopowders.com\/product\/buy-5faeb-online\/#primaryimage"},"image":{"@id":"https:\/\/narcopowders.com\/product\/buy-5faeb-online\/#primaryimage"},"thumbnailUrl":"https:\/\/narcopowders.com\/wp-content\/uploads\/2024\/05\/5f-AEB.gif","datePublished":"2024-05-23T06:14:12+00:00","dateModified":"2024-05-24T10:11:45+00:00","description":"Comprare 5FAEB Online, 5F-ADB-33 \u00e8 un cannabinoide sintetico a base di indazolo che appartiene alla famiglia degli indazoli-3-carbossidi. 5faeb \u00e8 disponibile nel nostro negozio online.","breadcrumb":{"@id":"https:\/\/narcopowders.com\/product\/buy-5faeb-online\/#breadcrumb"},"inLanguage":"it-IT","potentialAction":[{"@type":"ReadAction","target":["https:\/\/narcopowders.com\/product\/buy-5faeb-online\/"]}]},{"@type":"ImageObject","inLanguage":"it-IT","@id":"https:\/\/narcopowders.com\/product\/buy-5faeb-online\/#primaryimage","url":"https:\/\/narcopowders.com\/wp-content\/uploads\/2024\/05\/5f-AEB.gif","contentUrl":"https:\/\/narcopowders.com\/wp-content\/uploads\/2024\/05\/5f-AEB.gif","width":600,"height":600,"caption":"Buy 5FAEB Online"},{"@type":"BreadcrumbList","@id":"https:\/\/narcopowders.com\/product\/buy-5faeb-online\/#breadcrumb","itemListElement":[{"@type":"ListItem","position":1,"name":"Home","item":"https:\/\/narcopowders.com\/"},{"@type":"ListItem","position":2,"name":"Shop Page","item":"https:\/\/narcopowders.com\/shop\/"},{"@type":"ListItem","position":3,"name":"Buy 5FAEB Online"}]},{"@type":"WebSite","@id":"https:\/\/narcopowders.com\/#website","url":"https:\/\/narcopowders.com\/","name":"Polveri Narco","description":"Il mio blog WordPress","potentialAction":[{"@type":"SearchAction","target":{"@type":"EntryPoint","urlTemplate":"https:\/\/narcopowders.com\/?s={search_term_string}"},"query-input":{"@type":"PropertyValueSpecification","valueRequired":true,"valueName":"search_term_string"}}],"inLanguage":"it-IT"}]}},"_links":{"self":[{"href":"https:\/\/narcopowders.com\/it\/wp-json\/wp\/v2\/product\/20495","targetHints":{"allow":["GET"]}}],"collection":[{"href":"https:\/\/narcopowders.com\/it\/wp-json\/wp\/v2\/product"}],"about":[{"href":"https:\/\/narcopowders.com\/it\/wp-json\/wp\/v2\/types\/product"}],"replies":[{"embeddable":true,"href":"https:\/\/narcopowders.com\/it\/wp-json\/wp\/v2\/comments?post=20495"}],"wp:featuredmedia":[{"embeddable":true,"href":"https:\/\/narcopowders.com\/it\/wp-json\/wp\/v2\/media\/21282"}],"wp:attachment":[{"href":"https:\/\/narcopowders.com\/it\/wp-json\/wp\/v2\/media?parent=20495"}],"wp:term":[{"taxonomy":"product_brand","embeddable":true,"href":"https:\/\/narcopowders.com\/it\/wp-json\/wp\/v2\/product_brand?post=20495"},{"taxonomy":"product_cat","embeddable":true,"href":"https:\/\/narcopowders.com\/it\/wp-json\/wp\/v2\/product_cat?post=20495"},{"taxonomy":"product_tag","embeddable":true,"href":"https:\/\/narcopowders.com\/it\/wp-json\/wp\/v2\/product_tag?post=20495"}],"curies":[{"name":"wp","href":"https:\/\/api.w.org\/{rel}","templated":true}]}}