{"id":20502,"date":"2024-05-23T06:14:12","date_gmt":"2024-05-23T06:14:12","guid":{"rendered":"https:\/\/narcopowders.com\/?post_type=product&#038;p=20502"},"modified":"2024-05-24T07:20:11","modified_gmt":"2024-05-24T07:20:11","slug":"buy-4f%e2%80%90mdmb%e2%80%90binaca-online","status":"publish","type":"product","link":"https:\/\/narcopowders.com\/it\/prodotto\/buy-4f\u2010mdmb\u2010binaca-online\/","title":{"rendered":"Comprare 4F-MDMB-BINACA Online"},"content":{"rendered":"<h2>Comprare 4f-mdmb-b Online<\/h2>\n<p>Acquistare 4F-MDMB-B, \u00c8 possibile acquistare 4f-mdmb-b online su NarcoPowders a prezzi accessibili che non romperanno la banca. Per molti anni, abbiamo trattato solo 4f-mdmb-b che \u00e8 in vendita. Controlliamo ogni prodotto per garantire che i nostri consumatori ricevano solo il meglio su scala mondiale. Il nostro personale esperto lavora instancabilmente per completare gli ordini relativi a 4f-mdmb-b online. I nostri commercianti e fornitori online finiscono di consegnare 4f-mdmb-b in modo tempestivo.<a href=\"https:\/\/narcopowders.com\/it\/product\/buy-5f-akb48-online\/\">.<\/a><\/p>\n<p>Se stai ordinando 4f-mdmb-b da noi, non preoccuparti di nulla. Il personale addetto all'imballaggio confezioner\u00e0 in modo sicuro il vostro ordine. Contattateci subito per discutere le vostre esigenze e avere questo prodotto il prima possibile.<\/p>\n<p>Acquista subito 4f-mdmb-b online<a href=\"https:\/\/en.wikipedia.org\/wiki\/MDMB-FUBINACA\">!<\/a><\/p>\n<h3>4f-mdmb-b: cos'\u00e8?<\/h3>\n<p>Un sintetico a base di indazolo della famiglia delle indazole-3-carbossammidi \u00e8 chiamato 4f-mdmb-b. Non \u00e8 noto se sia selettivo per questo bersaglio, tuttavia \u00e8 stato impiegato come principio attivo in prodotti e commercializzato come nofollow external noopener noreferrer.<\/p>\n<h3>Quali effetti negativi ha il 4f-mdmb-b?<\/h3>\n<p>Gli effetti collaterali di 4f-mdmb-b sono i seguenti:<\/p>\n<ul>\n<li>Delusioni<\/li>\n<li>Gettarsi in aria confusi<\/li>\n<li>Dolore al petto<\/li>\n<\/ul>\n<h3>Come posso trovare 4f-mdmb-b in vendita?<\/h3>\n<p>Rinunciate a cercare di capire dove trovare 4f-mdmb-b. Questo prodotto \u00e8 stato sviluppato da NarcoPowders ad un prezzo ragionevole. Ci impegniamo a fornire lo stesso in un breve lasso di tempo. Non dovrete aspettare a lungo. Affidatevi a noi e vi consegneremo il vostro ordine in tempi brevi!<\/p>\n<p>Siamo un team di specialisti impegnati e laboriosi che si sforzano di garantire che tutti possano utilizzare i nostri servizi e beni. Siamo consapevoli delle vostre esigenze e siamo qui per assistervi fornendovi uno sportello unico per prodotti a prezzi ragionevoli e di alta qualit\u00e0, Buy 4F-MDMB-B.<\/p>\n<h2>Principi attivi in MDMB-CHMINACA<\/h2>\n<p>Contiene\u00a0<strong>un grammo di min 98%+ puro MDMB-CHMINACA<\/strong>\u00a0per unit\u00e0 d'ordine.<\/p>\n<h2>Dosaggio di MDMB-CHMINACA<\/h2>\n<p>Non esiste una dose raccomandata poich\u00e9\u00a0<strong>MDMB-CHMINACA<\/strong>\u00a0non \u00e8 destinato al consumo umano, ma \u00e8 venduto solo come sostanza chimica per la ricerca.<\/p>\n<h2>Effetti di MDMB-CHMINACA :<\/h2>\n<p>Gli effetti clinici della maggior parte dei nuovi\u00a0<strong>droghe di design<\/strong>\u00a0come\u00a0<strong>MDMB-CHMINACA<\/strong>\u00a0possono essere descritte come allucinogene, stimolanti o simili agli oppioidi. Possono anche avere una combinazione di questi effetti grazie alle sostituzioni della catena laterale.<\/p>\n<h2>Effetti collaterali di MDMB-CHMINACA<\/h2>\n<p>Come per altre droghe sintetiche, l'uso di\u00a0<strong>MDMB-CHMINACA<\/strong>\u00a0pu\u00f2 causare forti effetti collaterali; la sostanza non \u00e8 stata testata clinicamente n\u00e9 autorizzata in alcun modo come prodotto per il consumo! Pertanto l'MDMB-CHMINACA non \u00e8 destinato al consumo umano, ma solo alla ricerca scientifica!<\/p>\n<h2>Come conservare MDMB-CHMINACA<\/h2>\n<p>Conservare MDMB-CHMINACA a una temperatura inferiore a 30 gradi Celsius. Conservare MDMB-CHMINACA nella confezione originale, al riparo dalla luce solare diretta e dall'umidit\u00e0.<\/p>","protected":false},"excerpt":{"rendered":"<p>Il 4F-MDMB-BINACA, spesso indicato come MDMB-4F-BINACA, 4F-MDMB-BUTINACA o 4F-ADB, \u00e8 un cannabinoide sintetico derivato dagli indazoli e membro della famiglia degli indazoli-3-carbossidi. Dalla fine del 2018 \u00e8 stato commercializzato come farmaco di design e utilizzato come componente attivo nei prodotti a base di cannabis sintetica.<\/p>\n<div class=\"l_ecrd_vqfcts_row\">\n<div class=\"lc_expfact\">\n<div class=\"lc_expfact_default\">Stato giuridico Classe F2 (Psicotropi vietati) - : Schedule II - : Anlage II (Solo commercio autorizzato, non prescrivibile) - Classe B - Psicotropo Schedule II<\/div>\n<div class=\"lc_expfact_plus\" tabindex=\"0\"><\/div>\n<\/div>\n<\/div>\n<div class=\"l_ecrd_vqfcts_row l_ecrd_vqfcts_row_space\">\n<div class=\"lc_expfact\">\n<div class=\"lc_expfact_default\">Numero CAS: 2390036-46-9<\/div>\n<\/div>\n<\/div>\n<div class=\"l_ecrd_vqfcts_row l_ecrd_vqfcts_row_space\">\n<div class=\"lc_expfact\">\n<div class=\"lc_expfact_default\">PubChem CID:145707216<\/div>\n<\/div>\n<\/div>\n<div class=\"l_ecrd_vqfcts_row l_ecrd_vqfcts_row_space\">\n<div class=\"lc_expfact\">\n<div class=\"lc_expfact_default\">ChemSpider:71117201<\/div>\n<\/div>\n<\/div>\n<div id=\"wire0\" class=\"b_expandable_inline_container\" data-rinterval=\"-1\" data-errormessage=\"We can't find any more info about this page right now\">\n<div class=\"l_ecrd_vqfcts_row l_ecrd_vqfcts_row_space\">\n<div class=\"lc_expfact\">\n<div class=\"lc_expfact_default\">UNII:ZH38UTM145<\/div>\n<\/div>\n<\/div>\n<div class=\"l_ecrd_vqfcts_row l_ecrd_vqfcts_row_space\">\n<div class=\"lc_expfact\">\n<div class=\"lc_expfact_default\">KEGG:C22799<\/div>\n<\/div>\n<\/div>\n<div class=\"l_ecrd_vqfcts_row l_ecrd_vqfcts_row_space\">\n<div class=\"lc_expfact\">\n<div class=\"lc_expfact_default\">Cruscotto CompTox (EPA) DTXSID001017266<\/div>\n<div class=\"lc_expfact_plus\" tabindex=\"0\"><\/div>\n<\/div>\n<\/div>\n<div class=\"l_ecrd_vqfcts_row l_ecrd_vqfcts_row_space\">\n<div class=\"lc_expfact\">\n<div class=\"lc_expfact_default\">Formula:C\u2081\u2089H\u2082\u2086FN\u2083O\u2083<\/div>\n<\/div>\n<\/div>\n<\/div>","protected":false},"featured_media":21261,"comment_status":"open","ping_status":"closed","template":"","meta":{"_joinchat":[]},"product_brand":[],"product_cat":[1538],"product_tag":[],"class_list":{"0":"post-20502","1":"product","2":"type-product","3":"status-publish","4":"has-post-thumbnail","6":"product_cat-cannabinoids","8":"first","9":"instock","10":"shipping-taxable","11":"purchasable","12":"product-type-variable","13":"add-to-wishlist-after_add_to_cart"},"yoast_head":"<!-- This site is optimized with the Yoast SEO plugin v25.9 - https:\/\/yoast.com\/wordpress\/plugins\/seo\/ -->\n<title>Buy 4F-MDMB-B<\/title>\n<meta name=\"description\" content=\"Buy 4F-MDMB-B, 4F-MDMB-Binaca can be purchased at NarcoPowders. We sell the highest quality 4F-MDMB-Binaca available. Order Now.\" \/>\n<meta name=\"robots\" content=\"index, follow, max-snippet:-1, max-image-preview:large, max-video-preview:-1\" \/>\n<link rel=\"canonical\" href=\"https:\/\/narcopowders.com\/it\/prodotto\/buy-4f\u2010mdmb\u2010binaca-online\/\" \/>\n<meta property=\"og:locale\" content=\"it_IT\" \/>\n<meta property=\"og:type\" content=\"article\" \/>\n<meta property=\"og:title\" content=\"Buy 4F-MDMB-B\" \/>\n<meta property=\"og:description\" content=\"Buy 4F-MDMB-B, 4F-MDMB-Binaca can be purchased at NarcoPowders. We sell the highest quality 4F-MDMB-Binaca available. Order Now.\" \/>\n<meta property=\"og:url\" content=\"https:\/\/narcopowders.com\/it\/prodotto\/buy-4f\u2010mdmb\u2010binaca-online\/\" \/>\n<meta property=\"og:site_name\" content=\"Narco Powders\" \/>\n<meta property=\"article:modified_time\" content=\"2024-05-24T07:20:11+00:00\" \/>\n<meta property=\"og:image\" content=\"https:\/\/narcopowders.com\/wp-content\/uploads\/2024\/05\/4f-mdmb2201.gif\" \/>\n\t<meta property=\"og:image:width\" content=\"600\" \/>\n\t<meta property=\"og:image:height\" content=\"600\" \/>\n\t<meta property=\"og:image:type\" content=\"image\/gif\" \/>\n<meta name=\"twitter:card\" content=\"summary_large_image\" \/>\n<meta name=\"twitter:label1\" content=\"Tempo di lettura stimato\" \/>\n\t<meta name=\"twitter:data1\" content=\"3 minuti\" \/>\n<!-- \/ Yoast SEO plugin. -->","yoast_head_json":{"title":"Comprare 4F-MDMB-B","description":"Comprare 4F-MDMB-B, 4F-MDMB-Binaca pu\u00f2 essere acquistato su NarcoPowders. Vendiamo la pi\u00f9 alta qualit\u00e0 di 4F-MDMB-Binaca disponibile. Ordina ora.","robots":{"index":"index","follow":"follow","max-snippet":"max-snippet:-1","max-image-preview":"max-image-preview:large","max-video-preview":"max-video-preview:-1"},"canonical":"https:\/\/narcopowders.com\/it\/prodotto\/buy-4f\u2010mdmb\u2010binaca-online\/","og_locale":"it_IT","og_type":"article","og_title":"Buy 4F-MDMB-B","og_description":"Buy 4F-MDMB-B, 4F-MDMB-Binaca can be purchased at NarcoPowders. We sell the highest quality 4F-MDMB-Binaca available. Order Now.","og_url":"https:\/\/narcopowders.com\/it\/prodotto\/buy-4f\u2010mdmb\u2010binaca-online\/","og_site_name":"Narco Powders","article_modified_time":"2024-05-24T07:20:11+00:00","og_image":[{"width":600,"height":600,"url":"https:\/\/narcopowders.com\/wp-content\/uploads\/2024\/05\/4f-mdmb2201.gif","type":"image\/gif"}],"twitter_card":"summary_large_image","twitter_misc":{"Tempo di lettura stimato":"3 minuti"},"schema":{"@context":"https:\/\/schema.org","@graph":[{"@type":"WebPage","@id":"https:\/\/narcopowders.com\/product\/buy-4f%e2%80%90mdmb%e2%80%90binaca-online\/","url":"https:\/\/narcopowders.com\/product\/buy-4f%e2%80%90mdmb%e2%80%90binaca-online\/","name":"Comprare 4F-MDMB-B","isPartOf":{"@id":"https:\/\/narcopowders.com\/#website"},"primaryImageOfPage":{"@id":"https:\/\/narcopowders.com\/product\/buy-4f%e2%80%90mdmb%e2%80%90binaca-online\/#primaryimage"},"image":{"@id":"https:\/\/narcopowders.com\/product\/buy-4f%e2%80%90mdmb%e2%80%90binaca-online\/#primaryimage"},"thumbnailUrl":"https:\/\/narcopowders.com\/wp-content\/uploads\/2024\/05\/4f-mdmb2201.gif","datePublished":"2024-05-23T06:14:12+00:00","dateModified":"2024-05-24T07:20:11+00:00","description":"Comprare 4F-MDMB-B, 4F-MDMB-Binaca pu\u00f2 essere acquistato su NarcoPowders. Vendiamo la pi\u00f9 alta qualit\u00e0 di 4F-MDMB-Binaca disponibile. Ordina ora.","breadcrumb":{"@id":"https:\/\/narcopowders.com\/product\/buy-4f%e2%80%90mdmb%e2%80%90binaca-online\/#breadcrumb"},"inLanguage":"it-IT","potentialAction":[{"@type":"ReadAction","target":["https:\/\/narcopowders.com\/product\/buy-4f%e2%80%90mdmb%e2%80%90binaca-online\/"]}]},{"@type":"ImageObject","inLanguage":"it-IT","@id":"https:\/\/narcopowders.com\/product\/buy-4f%e2%80%90mdmb%e2%80%90binaca-online\/#primaryimage","url":"https:\/\/narcopowders.com\/wp-content\/uploads\/2024\/05\/4f-mdmb2201.gif","contentUrl":"https:\/\/narcopowders.com\/wp-content\/uploads\/2024\/05\/4f-mdmb2201.gif","width":600,"height":600,"caption":"Buy 4F-MDMB-B online"},{"@type":"BreadcrumbList","@id":"https:\/\/narcopowders.com\/product\/buy-4f%e2%80%90mdmb%e2%80%90binaca-online\/#breadcrumb","itemListElement":[{"@type":"ListItem","position":1,"name":"Home","item":"https:\/\/narcopowders.com\/"},{"@type":"ListItem","position":2,"name":"Shop Page","item":"https:\/\/narcopowders.com\/shop\/"},{"@type":"ListItem","position":3,"name":"Buy 4F\u2010MDMB\u2010BINACA Online"}]},{"@type":"WebSite","@id":"https:\/\/narcopowders.com\/#website","url":"https:\/\/narcopowders.com\/","name":"Polveri Narco","description":"Il mio blog WordPress","potentialAction":[{"@type":"SearchAction","target":{"@type":"EntryPoint","urlTemplate":"https:\/\/narcopowders.com\/?s={search_term_string}"},"query-input":{"@type":"PropertyValueSpecification","valueRequired":true,"valueName":"search_term_string"}}],"inLanguage":"it-IT"}]}},"_links":{"self":[{"href":"https:\/\/narcopowders.com\/it\/wp-json\/wp\/v2\/product\/20502","targetHints":{"allow":["GET"]}}],"collection":[{"href":"https:\/\/narcopowders.com\/it\/wp-json\/wp\/v2\/product"}],"about":[{"href":"https:\/\/narcopowders.com\/it\/wp-json\/wp\/v2\/types\/product"}],"replies":[{"embeddable":true,"href":"https:\/\/narcopowders.com\/it\/wp-json\/wp\/v2\/comments?post=20502"}],"wp:featuredmedia":[{"embeddable":true,"href":"https:\/\/narcopowders.com\/it\/wp-json\/wp\/v2\/media\/21261"}],"wp:attachment":[{"href":"https:\/\/narcopowders.com\/it\/wp-json\/wp\/v2\/media?parent=20502"}],"wp:term":[{"taxonomy":"product_brand","embeddable":true,"href":"https:\/\/narcopowders.com\/it\/wp-json\/wp\/v2\/product_brand?post=20502"},{"taxonomy":"product_cat","embeddable":true,"href":"https:\/\/narcopowders.com\/it\/wp-json\/wp\/v2\/product_cat?post=20502"},{"taxonomy":"product_tag","embeddable":true,"href":"https:\/\/narcopowders.com\/it\/wp-json\/wp\/v2\/product_tag?post=20502"}],"curies":[{"name":"wp","href":"https:\/\/api.w.org\/{rel}","templated":true}]}}