{"id":20503,"date":"2024-05-23T06:14:12","date_gmt":"2024-05-23T06:14:12","guid":{"rendered":"https:\/\/narcopowders.com\/?post_type=product&#038;p=20503"},"modified":"2024-05-24T06:29:43","modified_gmt":"2024-05-24T06:29:43","slug":"buy-4f-akb-online","status":"publish","type":"product","link":"https:\/\/narcopowders.com\/it\/prodotto\/buy-4f-akb-online\/","title":{"rendered":"Comprare 4F-AKB online"},"content":{"rendered":"<h2><strong>Comprare 4F-AKB online su NarcoPowders.com<\/strong><\/h2>\n<p>4F-AKB \u00e8 un cannabinoide sintetico a base di indazoli. \u00c8 un potente agonista dei recettori dei cannabinoidi. Assomiglia molto ad altri cannabinoidi sintetici, tra cui il 5F-ADB. Se si vuole sperimentare, non \u00e8 necessaria una grande quantit\u00e0 di questa cannabis per ottenere effetti apprezzabili. Ci\u00f2 \u00e8 dovuto all'estrema efficacia della sostanza chimica. Per evitare esperimenti eccessivi, assicuratevi di seguire i corretti protocolli di sicurezza in laboratorio. I risultati degli esperimenti con il 4F-AKB includono sensazioni di leggerezza corporea, rilassamento, disinibizione e aumento della musica. <a href=\"https:\/\/narcopowders.com\/it\/prodotto\/buy-3b-rpvp-online\/\">.<\/a><\/p>\n<h3><strong>Autorizzazione 4F-AKB<\/strong><\/h3>\n<p>Poich\u00e9 il 4F-ADB non \u00e8 pi\u00f9 prescritto nella maggior parte dei Paesi, \u00e8 consentito in molti di essi. Tuttavia, poich\u00e9 pu\u00f2 essere considerato un analogo del 5F-ADB, potrebbe essere vietato in paesi come gli Stati Uniti, dove la legislazione in materia di analoghi \u00e8 molto severa.<\/p>\n<h3><strong>4F-AKB 4FADB polvere di conservazione con il miglior effetto 4F-AKB polvere bianca e potente<a href=\"https:\/\/en.wikipedia.org\/wiki\/4F-MDMB-BINACA\">.<\/a><\/strong><\/h3>\n<p>Una nuovissima sostanza chimica per la ricerca da utilizzare negli studi scientifici \u00e8 il 4F-AKB! Si tratta di un analogo del 5fadb; per maggiori dettagli, consultate il sito 5fadb! Il cannabinoide pi\u00f9 recente e pi\u00f9 popolare, di qualit\u00e0 eccellente, \u00e8 il 4F-AKB. I ricercatori esperti che hanno lavorato in precedenza su potenti cannabinoidi sintetici e sostanze chimiche come il 5f-adb possono ottenere il 4F-AKB. Il risultato \u00e8 paragonabile al 5f-adb.<\/p>\n<p><strong>La nostra comprensione dei cannabinoidi:<\/strong><\/p>\n<p>Abbiamo una grande esperienza. I nostri clienti ricevono sempre i loro prodotti di alta qualit\u00e0 nel pi\u00f9 breve tempo possibile. Che si tratti di una grande citt\u00e0 o di un piccolo villaggio, consegniamo gli articoli anche nei luoghi pi\u00f9 remoti del pianeta. Inoltre, promettiamo la consegna della merce al 100%.<\/p>\n<h3><strong>Purezza:<\/strong><\/h3>\n<p>(talvolta indicato come 5F-MDMB-PINACA) \u00e8 un cannabinoide sintetico a base di indazoli. \u00e8 un potente agonista del recettore CB1, ma non \u00e8 chiaro se sia specifico per questo bersaglio. Abbiamo a disposizione la migliore qualit\u00e0 che sembra essere molto meno dannosa dei precedenti cannabinoidi sintetici presenti sul mercato. A causa delle quantit\u00e0 estremamente ridotte trovate nei campioni di tessuto, si ritiene che sia incredibilmente potente.<\/p>\n<h3><strong>Che cos'\u00e8 la polvere 4F-ADB?<\/strong><\/h3>\n<p>Il 4F-ADB \u00e8 un cannabinoide sintetico a base di indazolo. \u00c8 un potente agonista dei recettori dei cannabinoidi. \u00c8 molto simile ad altri cannabinoidi sintetici come il 5F-ADB. Se volete sperimentare questo cannabinoide, vi bastano piccole quantit\u00e0 per ottenere risultati potenti, acquistate il 4F-AKB.<\/p>\n<p>Questo perch\u00e9 la sostanza chimica \u00e8 molto forte. Seguire attentamente le norme di sicurezza per evitare esperimenti eccessivi.<\/p>\n<h3><strong>Acquistare 4F-ADB<\/strong><\/h3>\n<p>Chemical Planet vende la migliore qualit\u00e0 di 4F-ADB. Il 4F-ADB che offriamo \u00e8 disponibile in polvere. Per acquistare il 4F-ADB da noi \u00e8 necessario avere almeno 18 anni.<\/p>\n<p>Il prodotto non \u00e8 destinato all'uso umano o animale. \u00c8 destinato esclusivamente a scopi sperimentali. Inoltre, l'acquisto deve essere effettuato nel pieno rispetto delle leggi del proprio Paese.<\/p>\n<h3><strong>Lo stato giuridico di 4F-ADB<\/strong><\/h3>\n<p>Il 4F-ADB \u00e8 attualmente sconosciuto in molti Paesi e quindi legale in molti luoghi. Tuttavia, potrebbe essere considerato un analogo del 5F-ADB, il che potrebbe renderlo illegale in paesi con leggi severe in materia, come gli Stati Uniti. Per ulteriori informazioni, contattateci.<\/p>","protected":false},"excerpt":{"rendered":"<p>Buy 4F-AKB online at NarcoPowders.com 4F-AKB is a synthetic cannabinoid based on indazoles. It is a powerful cannabinoid receptor agonist. It closely resembles other synthetic cannabinoids, including 5F-ADB. If you want to experiment with it, you don&#8217;t need a lot of this cannabis to get noticeable effects. This is due to the extreme effectiveness of [&hellip;]<\/p>","protected":false},"featured_media":21264,"comment_status":"open","ping_status":"closed","template":"","meta":{"_joinchat":[]},"product_brand":[],"product_cat":[1538],"product_tag":[],"class_list":{"0":"post-20503","1":"product","2":"type-product","3":"status-publish","4":"has-post-thumbnail","6":"product_cat-cannabinoids","8":"first","9":"instock","10":"shipping-taxable","11":"purchasable","12":"product-type-variable","13":"add-to-wishlist-after_add_to_cart"},"yoast_head":"<!-- This site is optimized with the Yoast SEO plugin v25.9 - https:\/\/yoast.com\/wordpress\/plugins\/seo\/ -->\n<title>Buy 4F-AKB Online<\/title>\n<meta name=\"description\" content=\"Buy 4F-AKB, buyembutal sells 4F-ADB in best quality. The 4F-AKB we offer is 4F-AKB-48, be the first to review this product. Order now at narcopowders.\" \/>\n<meta name=\"robots\" content=\"index, follow, max-snippet:-1, max-image-preview:large, max-video-preview:-1\" \/>\n<link rel=\"canonical\" href=\"https:\/\/narcopowders.com\/it\/prodotto\/buy-4f-akb-online\/\" \/>\n<meta property=\"og:locale\" content=\"it_IT\" \/>\n<meta property=\"og:type\" content=\"article\" \/>\n<meta property=\"og:title\" content=\"Buy 4F-AKB Online\" \/>\n<meta property=\"og:description\" content=\"Buy 4F-AKB, buyembutal sells 4F-ADB in best quality. The 4F-AKB we offer is 4F-AKB-48, be the first to review this product. Order now at narcopowders.\" \/>\n<meta property=\"og:url\" content=\"https:\/\/narcopowders.com\/it\/prodotto\/buy-4f-akb-online\/\" \/>\n<meta property=\"og:site_name\" content=\"Narco Powders\" \/>\n<meta property=\"article:modified_time\" content=\"2024-05-24T06:29:43+00:00\" \/>\n<meta property=\"og:image\" content=\"https:\/\/narcopowders.com\/wp-content\/uploads\/2024\/05\/4f-akb.gif\" \/>\n\t<meta property=\"og:image:width\" content=\"600\" \/>\n\t<meta property=\"og:image:height\" content=\"600\" \/>\n\t<meta property=\"og:image:type\" content=\"image\/gif\" \/>\n<meta name=\"twitter:card\" content=\"summary_large_image\" \/>\n<meta name=\"twitter:label1\" content=\"Tempo di lettura stimato\" \/>\n\t<meta name=\"twitter:data1\" content=\"3 minuti\" \/>\n<!-- \/ Yoast SEO plugin. -->","yoast_head_json":{"title":"Comprare 4F-AKB online","description":"Comprare 4F-AKB, buyembutal vende 4F-ADB nella migliore qualit\u00e0. Il 4F-AKB che offriamo \u00e8 4F-AKB-48, sii il primo a recensire questo prodotto. Ordina ora su narcopowders.","robots":{"index":"index","follow":"follow","max-snippet":"max-snippet:-1","max-image-preview":"max-image-preview:large","max-video-preview":"max-video-preview:-1"},"canonical":"https:\/\/narcopowders.com\/it\/prodotto\/buy-4f-akb-online\/","og_locale":"it_IT","og_type":"article","og_title":"Buy 4F-AKB Online","og_description":"Buy 4F-AKB, buyembutal sells 4F-ADB in best quality. The 4F-AKB we offer is 4F-AKB-48, be the first to review this product. Order now at narcopowders.","og_url":"https:\/\/narcopowders.com\/it\/prodotto\/buy-4f-akb-online\/","og_site_name":"Narco Powders","article_modified_time":"2024-05-24T06:29:43+00:00","og_image":[{"width":600,"height":600,"url":"https:\/\/narcopowders.com\/wp-content\/uploads\/2024\/05\/4f-akb.gif","type":"image\/gif"}],"twitter_card":"summary_large_image","twitter_misc":{"Tempo di lettura stimato":"3 minuti"},"schema":{"@context":"https:\/\/schema.org","@graph":[{"@type":"WebPage","@id":"https:\/\/narcopowders.com\/product\/buy-4f-akb-online\/","url":"https:\/\/narcopowders.com\/product\/buy-4f-akb-online\/","name":"Comprare 4F-AKB online","isPartOf":{"@id":"https:\/\/narcopowders.com\/#website"},"primaryImageOfPage":{"@id":"https:\/\/narcopowders.com\/product\/buy-4f-akb-online\/#primaryimage"},"image":{"@id":"https:\/\/narcopowders.com\/product\/buy-4f-akb-online\/#primaryimage"},"thumbnailUrl":"https:\/\/narcopowders.com\/wp-content\/uploads\/2024\/05\/4f-akb.gif","datePublished":"2024-05-23T06:14:12+00:00","dateModified":"2024-05-24T06:29:43+00:00","description":"Comprare 4F-AKB, buyembutal vende 4F-ADB nella migliore qualit\u00e0. Il 4F-AKB che offriamo \u00e8 4F-AKB-48, sii il primo a recensire questo prodotto. Ordina ora su narcopowders.","breadcrumb":{"@id":"https:\/\/narcopowders.com\/product\/buy-4f-akb-online\/#breadcrumb"},"inLanguage":"it-IT","potentialAction":[{"@type":"ReadAction","target":["https:\/\/narcopowders.com\/product\/buy-4f-akb-online\/"]}]},{"@type":"ImageObject","inLanguage":"it-IT","@id":"https:\/\/narcopowders.com\/product\/buy-4f-akb-online\/#primaryimage","url":"https:\/\/narcopowders.com\/wp-content\/uploads\/2024\/05\/4f-akb.gif","contentUrl":"https:\/\/narcopowders.com\/wp-content\/uploads\/2024\/05\/4f-akb.gif","width":600,"height":600,"caption":"Buy 4f-akb Online"},{"@type":"BreadcrumbList","@id":"https:\/\/narcopowders.com\/product\/buy-4f-akb-online\/#breadcrumb","itemListElement":[{"@type":"ListItem","position":1,"name":"Home","item":"https:\/\/narcopowders.com\/"},{"@type":"ListItem","position":2,"name":"Shop Page","item":"https:\/\/narcopowders.com\/shop\/"},{"@type":"ListItem","position":3,"name":"Buy 4F-AKB Online"}]},{"@type":"WebSite","@id":"https:\/\/narcopowders.com\/#website","url":"https:\/\/narcopowders.com\/","name":"Polveri Narco","description":"Il mio blog WordPress","potentialAction":[{"@type":"SearchAction","target":{"@type":"EntryPoint","urlTemplate":"https:\/\/narcopowders.com\/?s={search_term_string}"},"query-input":{"@type":"PropertyValueSpecification","valueRequired":true,"valueName":"search_term_string"}}],"inLanguage":"it-IT"}]}},"_links":{"self":[{"href":"https:\/\/narcopowders.com\/it\/wp-json\/wp\/v2\/product\/20503","targetHints":{"allow":["GET"]}}],"collection":[{"href":"https:\/\/narcopowders.com\/it\/wp-json\/wp\/v2\/product"}],"about":[{"href":"https:\/\/narcopowders.com\/it\/wp-json\/wp\/v2\/types\/product"}],"replies":[{"embeddable":true,"href":"https:\/\/narcopowders.com\/it\/wp-json\/wp\/v2\/comments?post=20503"}],"wp:featuredmedia":[{"embeddable":true,"href":"https:\/\/narcopowders.com\/it\/wp-json\/wp\/v2\/media\/21264"}],"wp:attachment":[{"href":"https:\/\/narcopowders.com\/it\/wp-json\/wp\/v2\/media?parent=20503"}],"wp:term":[{"taxonomy":"product_brand","embeddable":true,"href":"https:\/\/narcopowders.com\/it\/wp-json\/wp\/v2\/product_brand?post=20503"},{"taxonomy":"product_cat","embeddable":true,"href":"https:\/\/narcopowders.com\/it\/wp-json\/wp\/v2\/product_cat?post=20503"},{"taxonomy":"product_tag","embeddable":true,"href":"https:\/\/narcopowders.com\/it\/wp-json\/wp\/v2\/product_tag?post=20503"}],"curies":[{"name":"wp","href":"https:\/\/api.w.org\/{rel}","templated":true}]}}