{"id":20523,"date":"2024-05-23T06:14:19","date_gmt":"2024-05-23T06:14:19","guid":{"rendered":"https:\/\/narcopowders.com\/?post_type=product&#038;p=20523"},"modified":"2025-03-26T12:20:50","modified_gmt":"2025-03-26T12:20:50","slug":"buy-adb-butinaca-online","status":"publish","type":"product","link":"https:\/\/narcopowders.com\/it\/prodotto\/buy-adb-butinaca-online\/","title":{"rendered":"Acquistare ADB-Butinaca Online"},"content":{"rendered":"<h2><strong>Acquistare polvere di ADBB online<\/strong><\/h2>\n<p><a href=\"https:\/\/narcopowders.com\/it\/prodotto\/buy-adb-butinaca-online\/\">Buy ADBB Online<\/a>, Some synthetic <a href=\"https:\/\/en.wikipedia.org\/wiki\/ADB-BUTINACA\">cannabis products<\/a> contain components of a recently created synthetic drug called <a href=\"https:\/\/www.bing.com\/search?q=Buy%20ADB-Butinaca%20Online&amp;qs=n&amp;form=QBRE&amp;sp=-1&amp;lq=0&amp;pq=buy%20adb-butinaca%20online&amp;sc=2-23&amp;sk=&amp;cvid=763F2B36D18543F698FC47811A3FD525&amp;ghsh=0&amp;ghacc=0&amp;ghpl=\">ADBB<\/a>. With EC50 values \u200b\u200bof 0.52 nM and 0.88 nM respectively, they are the strong agonist. <a href=\"https:\/\/narcopowders.com\/it\/\">Narco Powders.<\/a><\/p>\n<p>dei recettori CB1 e CB2. Tuttavia, le propriet\u00e0 fisiologiche e tossicologiche di questo composto sono ancora sconosciute.<a href=\"http:\/\/: https:\/\/narcopowders.com\/product\/buy-a-pvp-online\/\">.<\/a><\/p>\n<h3><strong>Come viene utilizzato l'ADBB?<\/strong><\/h3>\n<p>Il farmaco ADBB non \u00e8 adatto al consumo umano. Questo farmaco viene utilizzato come sostanza chimica di ricerca dai ricercatori dei laboratori forensi.<\/p>\n<h3><strong>Quali sono gli effetti collaterali dell'ADBB?<\/strong><\/h3>\n<p>L'uso prolungato di ADBB in polvere pu\u00f2 causare i seguenti effetti collaterali:<\/p>\n<p>o Delirio<\/p>\n<p>o Cardiotossicit\u00e0<\/p>\n<p>o Convulsioni<\/p>\n<p>o Ipotermia<\/p>\n<h3><strong>Come conoscete l'ADB Butinaca?<\/strong><\/h3>\n<p>It is difficult to identify <a href=\"https:\/\/www.google.de\/search?q=Buy+ADB-Butinaca+Online&amp;sca_esv=1a2a07081c7891bb&amp;rlz=1C1RXQR_enIN1098IN1098&amp;ei=2bbOZ_CHF_S2vr0PgN6FqAs&amp;ved=0ahUKEwiw2Lmsn_-LAxV0m68BHQBvAbUQ4dUDCBA&amp;uact=5&amp;oq=Buy+ADB-Butinaca+Online&amp;gs_lp=Egxnd3Mtd2l6LXNlcnAiF0J1eSBBREItQnV0aW5hY2EgT25saW5lSLEHUMEDWMEDcAJ4AJABAJgB1AGgAdQBqgEDMi0xuAEDyAEA-AEC-AEBmAIAoAIAmAMAiAYBkgcAoAdL&amp;sclient=gws-wiz-serp\">ADB Butinaca<\/a> \u00c8 difficile identificare la Butinaca ADB senza un test logico. Si presenta naturalmente in particelle di colore marrone chiaro o giallastro e si confonde facilmente con le altre Butinaca ADB in vendita. Una piccola quantit\u00e0 di ADB Butinaca in un assaggiatore rende difficile l'identificazione, poich\u00e9 altri dispositivi possono utilizzare identificatori di facciata come tonalit\u00e0, aroma e sapore. Inoltre, possono essere vampirizzati o ispirati oralmente. Per l'ADB Butinaca, i campioni racchiusi sono venduti come droghe da strada; la gente li inserisce. I clienti hanno riferito in modo significativo dell'ADB Butinaca solo dopo averla usata. Poich\u00e9 si sa cos\u00ec poco delle sue propriet\u00e0 chimiche, i ricercatori e gli appassionati di chimica hanno la grande opportunit\u00e0 di condurre esperimenti entusiasmanti e di aprire la strada alla determinazione delle propriet\u00e0 chimiche e fisiche essenziali del composto.<\/p>\n<h3><strong>Perch\u00e9 le persone acquistano la Butinaca ADB?<\/strong><\/h3>\n<p>\u00c8 un ingrediente di alcuni prodotti sintetici a base di cannabis. Questo farmaco di design \u00e8 stato sviluppato dalla nota azienda farmaceutica americana Pfizer come potenziale analgesico. Se siete ricercatori e volete usarla per scopi di ricerca, dovete essere consapevoli dei potenziali rischi ed effetti collaterali. Come altri cannabinoidi sintetici, ha propriet\u00e0 psicoattive. Inoltre, sono stati dimostrati diversi effetti collaterali associati a questa sostanza. Orange Hems, una piattaforma affidabile, \u00e8 il luogo in cui \u00e8 possibile ottenere questo farmaco per <a href=\"https:\/\/duckduckgo.com\/?q=Buy+ADB-Butinaca+Online&amp;t=h_&amp;ia=web\">acquista ADB Butinaca online<\/a>.<\/p>\n<h3><strong>Quali sono gli effetti di ADB Butinaca?<\/strong><\/h3>\n<p>L'ADB-BUTINACA \u00e8 una sorta di nuova sostanza schiacciante generalmente utilizzata per la ricerca.<\/p>\n<p>Questi nuovi cannabinoidi sintetici sono sostanze prodotte dall'uomo che si legano ai recettori CB1 e CB2 dell'organismo.<\/p>\n<p>I recettori dei cannabinoidi CB1 e CB2 sono coinvolti in numerosi processi fisiologici.<\/p>\n<p>Il nostro sistema nervoso centrale, che aiuta a mediare gli effetti psicoattivi della cannabis, contiene CB1 nel cervello e nel midollo spinale.<\/p>\n<p>I globuli bianchi contengono recettori CB2, che regolano le funzioni delle cellule immunitarie.<\/p>\n<p>Inoltre, si parla a livelli cerebrali pi\u00f9 bassi. Gli effetti dell'ADB-BIANCA non sono ben documentati e non \u00e8 legale acquistare l'ADB Butinaca. Sono dopaminergici sintetici, quindi agiscono sullo stesso accettore di clearing nel cervello come il TCH, che \u00e8 l'elemento che altera la mente nella cannabis, e ordinare ADB Butinaca. Non vi \u00e8 alcuna responsabilit\u00e0 per eventuali azioni o costi derivanti dall'inserimento dell'ordine di ADB Butinaca online. adb butinaca cayman buy, adb butinaca dea buy, adb butinaca cayman, adb butinaca for sale<\/p>\n<p>Come acquistare adb butinaca, qualit\u00e0 adb butinaca in vendita, negozio adb butinaca, dove acquistare adb butinaca, 5f-adb acquistare<\/p>\n<p>7-adb, trrcshop, 5f-adb-33n, adb-butinaca psychonaut, adb-butinaca uses, adb-butinaca side effects, buy adb butinaca legally.<\/p>","protected":false},"excerpt":{"rendered":"<p>L'ADB-BUTINACA \u00e8 una molecola di cannabis sintetica che \u00e8 stata commercializzata come designer drug. Secondo le linee guida dell'OEDT, \u00e8 nota anche come ADMB-BINACA. Con una EC50 di 6,36 nM per il CB1, \u00e8 un forte agonista CB1, con affinit\u00e0 di legame di 0,29 nM per il CB1 e 0,91 nM per il CB2.<\/p>","protected":false},"featured_media":21268,"comment_status":"open","ping_status":"closed","template":"","meta":{"_joinchat":[]},"product_brand":[],"product_cat":[1724,1538],"product_tag":[],"class_list":{"0":"post-20523","1":"product","2":"type-product","3":"status-publish","4":"has-post-thumbnail","6":"product_cat-research-chemicals","7":"product_cat-cannabinoids","9":"first","10":"instock","11":"shipping-taxable","12":"purchasable","13":"product-type-variable","14":"add-to-wishlist-after_add_to_cart"},"yoast_head":"<!-- This site is optimized with the Yoast SEO plugin v25.9 - https:\/\/yoast.com\/wordpress\/plugins\/seo\/ -->\n<title>Buy ADB-Butinaca - ADB-Butinaca for Sale | NarcoPowders<\/title>\n<meta name=\"description\" content=\"Buy ADB-Butinaca - ADB-BUTINACA (also known as ADMB-BINACA under the EMCDDA naming standards) is a synthetic cannabinoid compound. Order Now!\" \/>\n<meta name=\"robots\" content=\"index, follow, max-snippet:-1, max-image-preview:large, max-video-preview:-1\" \/>\n<link rel=\"canonical\" href=\"https:\/\/narcopowders.com\/it\/prodotto\/buy-adb-butinaca-online\/\" \/>\n<meta property=\"og:locale\" content=\"it_IT\" \/>\n<meta property=\"og:type\" content=\"article\" \/>\n<meta property=\"og:title\" content=\"Buy ADB-Butinaca - ADB-Butinaca for Sale | NarcoPowders\" \/>\n<meta property=\"og:description\" content=\"Buy ADB-Butinaca - ADB-BUTINACA (also known as ADMB-BINACA under the EMCDDA naming standards) is a synthetic cannabinoid compound. Order Now!\" \/>\n<meta property=\"og:url\" content=\"https:\/\/narcopowders.com\/it\/prodotto\/buy-adb-butinaca-online\/\" \/>\n<meta property=\"og:site_name\" content=\"Narco Powders\" \/>\n<meta property=\"article:modified_time\" content=\"2025-03-26T12:20:50+00:00\" \/>\n<meta property=\"og:image\" content=\"https:\/\/narcopowders.com\/wp-content\/uploads\/2024\/05\/Add-b.gif\" \/>\n\t<meta property=\"og:image:width\" content=\"600\" \/>\n\t<meta property=\"og:image:height\" content=\"600\" \/>\n\t<meta property=\"og:image:type\" content=\"image\/gif\" \/>\n<meta name=\"twitter:card\" content=\"summary_large_image\" \/>\n<meta name=\"twitter:label1\" content=\"Tempo di lettura stimato\" \/>\n\t<meta name=\"twitter:data1\" content=\"3 minuti\" \/>\n<!-- \/ Yoast SEO plugin. -->","yoast_head_json":{"title":"Comprare ADB-Butinaca - ADB-Butinaca in vendita | NarcoPowders","description":"Comprare ADB-Butinaca - ADB-BUTINACA (noto anche come ADMB-BINACA secondo gli standard di denominazione dell'OEDT) \u00e8 un composto cannabinoide sintetico. Ordina ora!","robots":{"index":"index","follow":"follow","max-snippet":"max-snippet:-1","max-image-preview":"max-image-preview:large","max-video-preview":"max-video-preview:-1"},"canonical":"https:\/\/narcopowders.com\/it\/prodotto\/buy-adb-butinaca-online\/","og_locale":"it_IT","og_type":"article","og_title":"Buy ADB-Butinaca - ADB-Butinaca for Sale | NarcoPowders","og_description":"Buy ADB-Butinaca - ADB-BUTINACA (also known as ADMB-BINACA under the EMCDDA naming standards) is a synthetic cannabinoid compound. Order Now!","og_url":"https:\/\/narcopowders.com\/it\/prodotto\/buy-adb-butinaca-online\/","og_site_name":"Narco Powders","article_modified_time":"2025-03-26T12:20:50+00:00","og_image":[{"width":600,"height":600,"url":"https:\/\/narcopowders.com\/wp-content\/uploads\/2024\/05\/Add-b.gif","type":"image\/gif"}],"twitter_card":"summary_large_image","twitter_misc":{"Tempo di lettura stimato":"3 minuti"},"schema":{"@context":"https:\/\/schema.org","@graph":[{"@type":"WebPage","@id":"https:\/\/narcopowders.com\/product\/buy-adb-butinaca-online\/","url":"https:\/\/narcopowders.com\/product\/buy-adb-butinaca-online\/","name":"Comprare ADB-Butinaca - ADB-Butinaca in vendita | NarcoPowders","isPartOf":{"@id":"https:\/\/narcopowders.com\/#website"},"primaryImageOfPage":{"@id":"https:\/\/narcopowders.com\/product\/buy-adb-butinaca-online\/#primaryimage"},"image":{"@id":"https:\/\/narcopowders.com\/product\/buy-adb-butinaca-online\/#primaryimage"},"thumbnailUrl":"https:\/\/narcopowders.com\/wp-content\/uploads\/2024\/05\/Add-b.gif","datePublished":"2024-05-23T06:14:19+00:00","dateModified":"2025-03-26T12:20:50+00:00","description":"Comprare ADB-Butinaca - ADB-BUTINACA (noto anche come ADMB-BINACA secondo gli standard di denominazione dell'OEDT) \u00e8 un composto cannabinoide sintetico. Ordina ora!","breadcrumb":{"@id":"https:\/\/narcopowders.com\/product\/buy-adb-butinaca-online\/#breadcrumb"},"inLanguage":"it-IT","potentialAction":[{"@type":"ReadAction","target":["https:\/\/narcopowders.com\/product\/buy-adb-butinaca-online\/"]}]},{"@type":"ImageObject","inLanguage":"it-IT","@id":"https:\/\/narcopowders.com\/product\/buy-adb-butinaca-online\/#primaryimage","url":"https:\/\/narcopowders.com\/wp-content\/uploads\/2024\/05\/Add-b.gif","contentUrl":"https:\/\/narcopowders.com\/wp-content\/uploads\/2024\/05\/Add-b.gif","width":600,"height":600,"caption":"Buy ADB-Butinaca Online"},{"@type":"BreadcrumbList","@id":"https:\/\/narcopowders.com\/product\/buy-adb-butinaca-online\/#breadcrumb","itemListElement":[{"@type":"ListItem","position":1,"name":"Home","item":"https:\/\/narcopowders.com\/"},{"@type":"ListItem","position":2,"name":"Shop Page","item":"https:\/\/narcopowders.com\/shop\/"},{"@type":"ListItem","position":3,"name":"Buy ADB-Butinaca Online"}]},{"@type":"WebSite","@id":"https:\/\/narcopowders.com\/#website","url":"https:\/\/narcopowders.com\/","name":"Polveri Narco","description":"Il mio blog WordPress","potentialAction":[{"@type":"SearchAction","target":{"@type":"EntryPoint","urlTemplate":"https:\/\/narcopowders.com\/?s={search_term_string}"},"query-input":{"@type":"PropertyValueSpecification","valueRequired":true,"valueName":"search_term_string"}}],"inLanguage":"it-IT"}]}},"_links":{"self":[{"href":"https:\/\/narcopowders.com\/it\/wp-json\/wp\/v2\/product\/20523","targetHints":{"allow":["GET"]}}],"collection":[{"href":"https:\/\/narcopowders.com\/it\/wp-json\/wp\/v2\/product"}],"about":[{"href":"https:\/\/narcopowders.com\/it\/wp-json\/wp\/v2\/types\/product"}],"replies":[{"embeddable":true,"href":"https:\/\/narcopowders.com\/it\/wp-json\/wp\/v2\/comments?post=20523"}],"wp:featuredmedia":[{"embeddable":true,"href":"https:\/\/narcopowders.com\/it\/wp-json\/wp\/v2\/media\/21268"}],"wp:attachment":[{"href":"https:\/\/narcopowders.com\/it\/wp-json\/wp\/v2\/media?parent=20523"}],"wp:term":[{"taxonomy":"product_brand","embeddable":true,"href":"https:\/\/narcopowders.com\/it\/wp-json\/wp\/v2\/product_brand?post=20523"},{"taxonomy":"product_cat","embeddable":true,"href":"https:\/\/narcopowders.com\/it\/wp-json\/wp\/v2\/product_cat?post=20523"},{"taxonomy":"product_tag","embeddable":true,"href":"https:\/\/narcopowders.com\/it\/wp-json\/wp\/v2\/product_tag?post=20523"}],"curies":[{"name":"wp","href":"https:\/\/api.w.org\/{rel}","templated":true}]}}