{"id":20562,"date":"2024-05-23T06:14:29","date_gmt":"2024-05-23T06:14:29","guid":{"rendered":"https:\/\/narcopowders.com\/?post_type=product&#038;p=20562"},"modified":"2025-05-06T07:05:50","modified_gmt":"2025-05-06T07:05:50","slug":"buy-isotonitazene-online","status":"publish","type":"product","link":"https:\/\/narcopowders.com\/it\/prodotto\/buy-isotonitazene-online\/","title":{"rendered":"Comprare Isotonitazene online"},"content":{"rendered":"<h2>Comprare Isopropylphenidate in polvere<\/h2>\n<p><a href=\"https:\/\/narcopowders.com\/it\/prodotto\/buy-isotonitazene-online\/\">Acquista isopropilfenidato, isopropilfenidato<\/a> (noto anche come IPH e IPPD) \u00e8 un farmaco stimolante della classe delle piperidine. L'isopropilfenidato produce un effetto motivante e stimolante che favorisce anche la concentrazione. \u00c8 un analogo strutturale del farmaco comunemente prescritto. <a href=\"https:\/\/www.bing.com\/search?q=Buy%20Isotonitazene%20Online&amp;qs=n&amp;form=QBRE&amp;sp=-1&amp;lq=0&amp;pq=buy%20isotonitazene%20online&amp;sc=0-24&amp;sk=&amp;cvid=C13213C671EB4FA6BE3F236B93414129&amp;ghsh=0&amp;ghacc=0&amp;ghpl=\">ADHD<\/a> farmaco metilfenidato e si dice che produca effetti cognitivi e fisici quasi identici, ma con una componente euforica di \u201csballo\u201d minore e una durata d\u2019azione pi\u00f9 lunga.<\/p>\n<h3>Che cos'\u00e8 l'isopropilfenidato (IPH)?<\/h3>\n<p><a href=\"https:\/\/narcopowders.com\/it\/prodotto\/buy-isotonitazene-online\/\">IPH<\/a> \u00e8 una sostanza chimica di ricerca appartenente alla classe delle piperdine. \u00c8 uno stimolante sintetico. L'IPH \u00e8 molto simile alla sostanza chimica metilfenidato e produce risultati di ricerca quasi identici. Utilizzare sempre procedure di sicurezza adeguate in laboratorio, poich\u00e9 dosaggi pi\u00f9 elevati possono essere molto pi\u00f9 efficaci.<\/p>\n<p><strong>Isopropilfenidato - Legalit\u00e0<\/strong><\/p>\n<p><a href=\"https:\/\/www.google.com\/search?q=Buy+Isotonitazene+Online&amp;num=10&amp;sca_esv=1a2a07081c7891bb&amp;rlz=1C1RXQR_enIN1098IN1098&amp;sxsrf=AHTn8zqQPHas8JyshcunHpWRxD6b4X8gUg%3A1741762913457&amp;ei=YTHRZ9DDG8mS4-EP--yscA&amp;ved=0ahUKEwiQ-PS9_IOMAxVJyTgGHXs2Cw4Q4dUDCBA&amp;uact=5&amp;oq=Buy+Isotonitazene+Online&amp;gs_lp=Egxnd3Mtd2l6LXNlcnAiGEJ1eSBJc290b25pdGF6ZW5lIE9ubGluZUjuBlCyA1iyA3ADeACQAQCYAdABoAHQAaoBAzItMbgBA8gBAPgBAvgBAZgCAKACAJgDAIgGAZIHAKAHTA&amp;sclient=gws-wiz-serp\">IPH<\/a> \u00e8 illegale nei Paesi Bassi, in Germania e nel Regno Unito. Tuttavia, non \u00e8 approvato in molti altri Paesi ed \u00e8 quindi legale in molti luoghi. Tuttavia, nei Paesi con leggi analogiche severe, come gli Stati Uniti, potrebbe essere potenzialmente illegale acquistare l'isopropilfenidato.<\/p>\n<p><strong>Effetti dell'isopropilfenidato<\/strong><\/p>\n<p><a href=\"https:\/\/duckduckgo.com\/?q=Buy+Isotonitazene+Online&amp;t=h_&amp;ia=web\">Isopropylphenidate<\/a>, noto anche come IPH o IPPD, \u00e8 un farmaco stimolante della classe delle piperidine. Ha un effetto energizzante e motivante e pu\u00f2 anche migliorare la concentrazione. \u00c8 strutturalmente simile al metilfenidato, farmaco per l'ADHD, e si ritiene che abbia effetti cognitivi e fisici simili. Ha una durata d'azione pi\u00f9 breve e una componente meno euforica.<\/p>\n<p>L'isopropilfenidato \u00e8 stato usato solo di recente come droga ricreativa negli esseri umani e non \u00e8 ancora stato venduto per strada.<\/p>\n<h3>Dove posso acquistare l'IPH?<\/h3>\n<p>At <a href=\"https:\/\/en.wikipedia.org\/wiki\/Isotonitazene\">Narcopowders<\/a>, you can purchase research chemicals containing <a href=\"https:\/\/narcopowders.com\/it\/\">'isopropilfenidato<\/a> sul nostro sito web. Tutti i nostri prodotti chimici di ricerca vengono testati e analizzati prima di essere immessi sul mercato. Solo cos\u00ec possiamo garantire l'alta qualit\u00e0 dei nostri prodotti. <a href=\"https:\/\/www.bing.com\/search?q=Buy%20Isotonitazene%20Online&amp;qs=n&amp;form=QBRE&amp;sp=-1&amp;lq=0&amp;pq=buy%20isotonitazene%20online&amp;sc=0-24&amp;sk=&amp;cvid=C13213C671EB4FA6BE3F236B93414129&amp;ghsh=0&amp;ghacc=0&amp;ghpl=\">'isopropilfenidato<\/a> prodotti. Saremo lieti di rispondere alle vostre domande o di fornirvi ulteriori informazioni.<\/p>\n<p>Questo prodotto \u00e8 destinato esclusivamente a scopi didattici. Achemic non vende IPH se non per scopi scientifici ed educativi. NON \u00e8 destinato al consumo umano o all'uso veterinario. Spediamo in tutto il mondo, compresi gli Stati Uniti.<\/p>","protected":false},"excerpt":{"rendered":"<p>Buy Isopropylphenidate Powder Isopropylphenidate Buy, Isopropylphenidate (also known as IPH and IPPD) is a stimulant drug of the piperidine class. Isopropylphenidate produces a motivating, stimulating effect that also promotes concentration. It is a structural analogue of the commonly prescribed ADHD medication methylphenidate and is said to produce nearly identical cognitive and physical effects, but with [&hellip;]<\/p>","protected":false},"featured_media":21300,"comment_status":"open","ping_status":"closed","template":"","meta":{"_joinchat":[]},"product_brand":[],"product_cat":[1724],"product_tag":[],"class_list":{"0":"post-20562","1":"product","2":"type-product","3":"status-publish","4":"has-post-thumbnail","6":"product_cat-research-chemicals","8":"first","9":"instock","10":"shipping-taxable","11":"purchasable","12":"product-type-variable","13":"add-to-wishlist-after_add_to_cart"},"yoast_head":"<!-- This site is optimized with the Yoast SEO plugin v25.9 - https:\/\/yoast.com\/wordpress\/plugins\/seo\/ -->\n<title>Buy Isotonitazene Online - Isotonitazene for Sale Online Shop<\/title>\n<meta name=\"description\" content=\"You can buy Isotonitazene online from #1 chemical powder store NarcoPowders. We have high-quality Isotonitazene powder for sale online, Order Now!\" \/>\n<meta name=\"robots\" content=\"index, follow, max-snippet:-1, max-image-preview:large, max-video-preview:-1\" \/>\n<link rel=\"canonical\" href=\"https:\/\/narcopowders.com\/it\/prodotto\/buy-isotonitazene-online\/\" \/>\n<meta property=\"og:locale\" content=\"it_IT\" \/>\n<meta property=\"og:type\" content=\"article\" \/>\n<meta property=\"og:title\" content=\"Buy Isotonitazene Online - Isotonitazene for Sale Online Shop\" \/>\n<meta property=\"og:description\" content=\"You can buy Isotonitazene online from #1 chemical powder store NarcoPowders. We have high-quality Isotonitazene powder for sale online, Order Now!\" \/>\n<meta property=\"og:url\" content=\"https:\/\/narcopowders.com\/it\/prodotto\/buy-isotonitazene-online\/\" \/>\n<meta property=\"og:site_name\" content=\"Narco Powders\" \/>\n<meta property=\"article:modified_time\" content=\"2025-05-06T07:05:50+00:00\" \/>\n<meta property=\"og:image\" content=\"https:\/\/narcopowders.com\/wp-content\/uploads\/2024\/05\/Isotonitazene.gif\" \/>\n\t<meta property=\"og:image:width\" content=\"600\" \/>\n\t<meta property=\"og:image:height\" content=\"600\" \/>\n\t<meta property=\"og:image:type\" content=\"image\/gif\" \/>\n<meta name=\"twitter:card\" content=\"summary_large_image\" \/>\n<meta name=\"twitter:label1\" content=\"Tempo di lettura stimato\" \/>\n\t<meta name=\"twitter:data1\" content=\"2 minuti\" \/>\n<!-- \/ Yoast SEO plugin. -->","yoast_head_json":{"title":"Comprare Isotonitazene online - Isotonitazene in vendita Online Shop","description":"\u00c8 possibile acquistare Isotonitazene online dal negozio di polveri chimiche #1 NarcoPowders. Abbiamo polvere di Isotonitazene di alta qualit\u00e0 in vendita online, Ordina ora!","robots":{"index":"index","follow":"follow","max-snippet":"max-snippet:-1","max-image-preview":"max-image-preview:large","max-video-preview":"max-video-preview:-1"},"canonical":"https:\/\/narcopowders.com\/it\/prodotto\/buy-isotonitazene-online\/","og_locale":"it_IT","og_type":"article","og_title":"Buy Isotonitazene Online - Isotonitazene for Sale Online Shop","og_description":"You can buy Isotonitazene online from #1 chemical powder store NarcoPowders. We have high-quality Isotonitazene powder for sale online, Order Now!","og_url":"https:\/\/narcopowders.com\/it\/prodotto\/buy-isotonitazene-online\/","og_site_name":"Narco Powders","article_modified_time":"2025-05-06T07:05:50+00:00","og_image":[{"width":600,"height":600,"url":"https:\/\/narcopowders.com\/wp-content\/uploads\/2024\/05\/Isotonitazene.gif","type":"image\/gif"}],"twitter_card":"summary_large_image","twitter_misc":{"Tempo di lettura stimato":"2 minuti"},"schema":{"@context":"https:\/\/schema.org","@graph":[{"@type":"WebPage","@id":"https:\/\/narcopowders.com\/product\/buy-isotonitazene-online\/","url":"https:\/\/narcopowders.com\/product\/buy-isotonitazene-online\/","name":"Comprare Isotonitazene online - Isotonitazene in vendita Online Shop","isPartOf":{"@id":"https:\/\/narcopowders.com\/#website"},"primaryImageOfPage":{"@id":"https:\/\/narcopowders.com\/product\/buy-isotonitazene-online\/#primaryimage"},"image":{"@id":"https:\/\/narcopowders.com\/product\/buy-isotonitazene-online\/#primaryimage"},"thumbnailUrl":"https:\/\/narcopowders.com\/wp-content\/uploads\/2024\/05\/Isotonitazene.gif","datePublished":"2024-05-23T06:14:29+00:00","dateModified":"2025-05-06T07:05:50+00:00","description":"\u00c8 possibile acquistare Isotonitazene online dal negozio di polveri chimiche #1 NarcoPowders. Abbiamo polvere di Isotonitazene di alta qualit\u00e0 in vendita online, Ordina ora!","breadcrumb":{"@id":"https:\/\/narcopowders.com\/product\/buy-isotonitazene-online\/#breadcrumb"},"inLanguage":"it-IT","potentialAction":[{"@type":"ReadAction","target":["https:\/\/narcopowders.com\/product\/buy-isotonitazene-online\/"]}]},{"@type":"ImageObject","inLanguage":"it-IT","@id":"https:\/\/narcopowders.com\/product\/buy-isotonitazene-online\/#primaryimage","url":"https:\/\/narcopowders.com\/wp-content\/uploads\/2024\/05\/Isotonitazene.gif","contentUrl":"https:\/\/narcopowders.com\/wp-content\/uploads\/2024\/05\/Isotonitazene.gif","width":600,"height":600,"caption":"Buy Isotonitazene Online"},{"@type":"BreadcrumbList","@id":"https:\/\/narcopowders.com\/product\/buy-isotonitazene-online\/#breadcrumb","itemListElement":[{"@type":"ListItem","position":1,"name":"Home","item":"https:\/\/narcopowders.com\/"},{"@type":"ListItem","position":2,"name":"Shop Page","item":"https:\/\/narcopowders.com\/shop\/"},{"@type":"ListItem","position":3,"name":"Buy Isotonitazene Online"}]},{"@type":"WebSite","@id":"https:\/\/narcopowders.com\/#website","url":"https:\/\/narcopowders.com\/","name":"Polveri Narco","description":"Il mio blog WordPress","potentialAction":[{"@type":"SearchAction","target":{"@type":"EntryPoint","urlTemplate":"https:\/\/narcopowders.com\/?s={search_term_string}"},"query-input":{"@type":"PropertyValueSpecification","valueRequired":true,"valueName":"search_term_string"}}],"inLanguage":"it-IT"}]}},"_links":{"self":[{"href":"https:\/\/narcopowders.com\/it\/wp-json\/wp\/v2\/product\/20562","targetHints":{"allow":["GET"]}}],"collection":[{"href":"https:\/\/narcopowders.com\/it\/wp-json\/wp\/v2\/product"}],"about":[{"href":"https:\/\/narcopowders.com\/it\/wp-json\/wp\/v2\/types\/product"}],"replies":[{"embeddable":true,"href":"https:\/\/narcopowders.com\/it\/wp-json\/wp\/v2\/comments?post=20562"}],"wp:featuredmedia":[{"embeddable":true,"href":"https:\/\/narcopowders.com\/it\/wp-json\/wp\/v2\/media\/21300"}],"wp:attachment":[{"href":"https:\/\/narcopowders.com\/it\/wp-json\/wp\/v2\/media?parent=20562"}],"wp:term":[{"taxonomy":"product_brand","embeddable":true,"href":"https:\/\/narcopowders.com\/it\/wp-json\/wp\/v2\/product_brand?post=20562"},{"taxonomy":"product_cat","embeddable":true,"href":"https:\/\/narcopowders.com\/it\/wp-json\/wp\/v2\/product_cat?post=20562"},{"taxonomy":"product_tag","embeddable":true,"href":"https:\/\/narcopowders.com\/it\/wp-json\/wp\/v2\/product_tag?post=20562"}],"curies":[{"name":"wp","href":"https:\/\/api.w.org\/{rel}","templated":true}]}}