{"id":20810,"date":"2024-05-23T06:15:37","date_gmt":"2024-05-23T06:15:37","guid":{"rendered":"https:\/\/narcopowders.com\/?post_type=product&#038;p=20810"},"modified":"2025-03-26T13:03:50","modified_gmt":"2025-03-26T13:03:50","slug":"buy-neh-online","status":"publish","type":"product","link":"https:\/\/narcopowders.com\/it\/prodotto\/buy-neh-online\/","title":{"rendered":"Acquista NEH online"},"content":{"rendered":"<h2>Acquistare la polvere NEH online<\/h2>\n<p><a href=\"https:\/\/narcopowders.com\/it\/prodotto\/buy-neh-online\/\">Acquista NEH Powder<\/a> La polvere NEH \u00e8 un prodotto chimico di ricerca di prima qualit\u00e0 che pu\u00f2 essere acquistato online. La polvere NDH pu\u00f2 essere acquistata online a un prezzo scontato dal fornitore affidabile NarcoPowders.com <a href=\"https:\/\/duckduckgo.com\/?q=Buy+NEH+Online&amp;t=h_&amp;ia=web\">NarcoPowders.com<\/a>.<\/p>\n<p>Noi di NarcoPowders siamo lieti di presentare la polvere NEH che viene fornita solo per uso di ricerca e non deve essere utilizzata per nessun altro scopo, compresi, ma non solo, la diagnostica in vivo, i pasti, i farmaci, i dispositivi medici o i cosmetici per l'uomo o gli animali. <a href=\"https:\/\/kaufennembutal.com\/product\/kaufen-meth-online\/\">.<\/a><\/p>\n<p>Assicurati di avere gli strumenti necessari per gestire <a href=\"https:\/\/narcopowders.com\/it\/\">research chemicals<\/a> Prima di acquistare questo prodotto, assicuratevi di avere gli strumenti necessari per maneggiare le sostanze chimiche di ricerca e che il vostro posto di lavoro sia adeguatamente ventilato.<\/p>\n<p>L'et\u00e0 minima per ordinare questo prodotto \u00e8 di diciotto anni.<br \/>\n<a href=\"https:\/\/www.google.com\/search?q=Buy+NEH+Online&amp;sca_esv=16def464f60f9903&amp;sxsrf=AHTn8zprhLXQkmjX4zWLFlAUfnIDxqmXxQ%3A1742993998974&amp;ei=TvrjZ7uXO4i_0PEPkamV6QM&amp;ved=0ahUKEwi79p3R5qeMAxWIHzQIHZFUJT0Q4dUDCBA&amp;uact=5&amp;oq=Buy+NEH+Online&amp;gs_lp=Egxnd3Mtd2l6LXNlcnAiDkJ1eSBORUggT25saW5lMgYQABgNGB4yCBAAGAgYDRgeMggQABgIGA0YHjIIEAAYCBgNGB4yCBAAGAgYDRgeMggQABgIGA0YHjIIEAAYCBgNGB4yCBAAGAgYDRgeMggQABgIGA0YHjIIEAAYCBgNGB5ItQdQ6QNY6QNwAXgBkAEAmAH_AqAB_wKqAQMzLTG4AQPIAQD4AQL4AQGYAgKgApMDwgIKEAAYsAMY1gQYR5gDAIgGAZAGCJIHBTEuMy0xoAeMB7IHAzMtMbgHhQM&amp;sclient=gws-wiz-serp\">NEH powder<\/a> La polvere di NEH \u00e8 legale nel paese di origine. \u00c8 vostro dovere conoscere e rispettare il sistema legale del vostro paese. Decliniamo ogni responsabilit\u00e0 per qualsiasi azione o risultato derivante dalla vostra decisione di ordinare o utilizzare questo prodotto.<\/p>\n<h3>Storia e cultura<\/h3>\n<p><a href=\"https:\/\/en.wikipedia.org\/wiki\/N-Ethylhexedrone\">N-ethylhexedrone<\/a> La sostanza \u00e8 stata identificata per la prima volta in un campione del laboratorio doganale belga, ricevuto dal JRC nel novembre 2015. Nel gennaio 2016, \u00e8 stata identificata presso il JRC in un campione fornito dalla dogana francese. Successivamente, nel febbraio 2016, l'EMCDDA ha ricevuto segnalazioni di identificazione di questa sostanza da altri paesi, come Svezia, Paesi Bassi, Francia, Belgio e Slovenia.<\/p>\n<p><strong>Chimica<\/strong><\/p>\n<p><a href=\"https:\/\/www.bing.com\/search?q=Buy%20NEH%20Online&amp;qs=n&amp;form=QBRE&amp;sp=-1&amp;lq=0&amp;pq=buy%20neh%20online&amp;sc=6-14&amp;sk=&amp;cvid=776E2B25F4C04B25AD64839FD87D4C95&amp;ghsh=0&amp;ghacc=0&amp;ghpl=\">n-Ethylhexedrone<\/a> L'n-etilesedrone \u00e8 una molecola appartenente alla classe chimica dei catinoni. Il termine \"catinone sostituito\" si riferisce a un'ampia gamma di sostanze basate sul catinone, il principale componente attivo della pianta di khat. Il catinone consiste essenzialmente in un nucleo di anfetamina (un nucleo di fenetilammina con un gruppo alchilico attaccato all'atomo di carbonio alfa) e un gruppo di ossigeno attaccato all'atomo di carbonio beta. I catinoni sono noti anche come analoghi beta-chetonici (\u03b2k) (ossigeno a doppio legame sull'atomo di carbonio \u03b2) delle anfetamine.<\/p>\n<p>In particolare, la spina dorsale del catinone pu\u00f2 essere modificata in tre siti diversi, dando vita a centinaia di possibili composti, tra cui i sostituenti come quelli<br \/>\nsull'anello aromatico, sul carbonio alfa o sul gruppo amminico.<\/p>\n<p><strong>farmacologia<\/strong><\/p>\n<p>Sono disponibili pochissimi dati sulla farmacocinetica e sulla farmacodinamica del n-etilesedrone e di altri catinoni sostituiti nell'uomo. Come le anfetamine, i catinoni sintetici esercitano i loro effetti stimolanti e simpaticomimetici attraverso l'aumento delle concentrazioni sinaptiche di catecolamine come dopamina, serotonina e noradrenalina. Queste molecole sono in grado di inibire i trasportatori della ricaptazione delle monoamine, con conseguente riduzione della clearance dei neurotrasmettitori dalla sinapsi. Possono anche causare il rilascio di amine biogene dai depositi intracellulari.<\/p>\n<p>I catinoni sintetici sono generalmente meno in grado di attraversare la barriera emato-encefalica rispetto alle anfetamine, perch\u00e9 il gruppo beta-cheto causa una maggiore polarit\u00e0. A differenza di altri catinoni sintetici, i derivati della pirrolidina hanno una maggiore capacit\u00e0 di attraversare la barriera emato-encefalica perch\u00e9 l'anello pirrolidinico conferisce a queste molecole una bassa polarit\u00e0. Gli studi sul metabolismo dei catinoni sintetici hanno dimostrato che vengono n-demetilati, il gruppo cheto viene ridotto a idrossile e i gruppi alchilici dell'anello vengono ossidati.<\/p>","protected":false},"excerpt":{"rendered":"<p>Buy NEH powder online Buy NEH Powder is a premium research chemical that can be purchased online. NDH powder can be purchased online at a discounted price from reliable supplier NarcoPowders.com. We at NarcoPowders are pleased to introduce NEH powder which is supplied for research use only and is not to be used for any [&hellip;]<\/p>","protected":false},"featured_media":21285,"comment_status":"open","ping_status":"closed","template":"","meta":{"_joinchat":[]},"product_brand":[],"product_cat":[1599],"product_tag":[],"class_list":{"0":"post-20810","1":"product","2":"type-product","3":"status-publish","4":"has-post-thumbnail","6":"product_cat-stimulants","8":"first","9":"instock","10":"shipping-taxable","11":"purchasable","12":"product-type-variable","13":"add-to-wishlist-after_add_to_cart"},"yoast_head":"<!-- This site is optimized with the Yoast SEO plugin v25.9 - https:\/\/yoast.com\/wordpress\/plugins\/seo\/ -->\n<title>Buy NEH Online - NEH Powder for Sale - Order NEH Online<\/title>\n<meta name=\"description\" content=\"Buy NEH Online ~ Looking for the best place where to buy NEH powder online legally? NarcoPowders is 365 days available to get best NEH for sale.\" \/>\n<meta name=\"robots\" content=\"index, follow, max-snippet:-1, max-image-preview:large, max-video-preview:-1\" \/>\n<link rel=\"canonical\" href=\"https:\/\/narcopowders.com\/it\/prodotto\/buy-neh-online\/\" \/>\n<meta property=\"og:locale\" content=\"it_IT\" \/>\n<meta property=\"og:type\" content=\"article\" \/>\n<meta property=\"og:title\" content=\"Buy NEH Online - NEH Powder for Sale - Order NEH Online\" \/>\n<meta property=\"og:description\" content=\"Buy NEH Online ~ Looking for the best place where to buy NEH powder online legally? NarcoPowders is 365 days available to get best NEH for sale.\" \/>\n<meta property=\"og:url\" content=\"https:\/\/narcopowders.com\/it\/prodotto\/buy-neh-online\/\" \/>\n<meta property=\"og:site_name\" content=\"Narco Powders\" \/>\n<meta property=\"article:modified_time\" content=\"2025-03-26T13:03:50+00:00\" \/>\n<meta property=\"og:image\" content=\"https:\/\/narcopowders.com\/wp-content\/uploads\/2024\/05\/NEH.gif\" \/>\n\t<meta property=\"og:image:width\" content=\"600\" \/>\n\t<meta property=\"og:image:height\" content=\"600\" \/>\n\t<meta property=\"og:image:type\" content=\"image\/gif\" \/>\n<meta name=\"twitter:card\" content=\"summary_large_image\" \/>\n<meta name=\"twitter:label1\" content=\"Tempo di lettura stimato\" \/>\n\t<meta name=\"twitter:data1\" content=\"3 minuti\" \/>\n<!-- \/ Yoast SEO plugin. -->","yoast_head_json":{"title":"Compra NEH online - NEH Powder in vendita - Ordina NEH online","description":"Comprare NEH online ~ Stai cercando il posto migliore dove comprare polvere NEH online legalmente? NarcoPowders \u00e8 disponibile 365 giorni per ottenere la migliore NEH in vendita.","robots":{"index":"index","follow":"follow","max-snippet":"max-snippet:-1","max-image-preview":"max-image-preview:large","max-video-preview":"max-video-preview:-1"},"canonical":"https:\/\/narcopowders.com\/it\/prodotto\/buy-neh-online\/","og_locale":"it_IT","og_type":"article","og_title":"Buy NEH Online - NEH Powder for Sale - Order NEH Online","og_description":"Buy NEH Online ~ Looking for the best place where to buy NEH powder online legally? NarcoPowders is 365 days available to get best NEH for sale.","og_url":"https:\/\/narcopowders.com\/it\/prodotto\/buy-neh-online\/","og_site_name":"Narco Powders","article_modified_time":"2025-03-26T13:03:50+00:00","og_image":[{"width":600,"height":600,"url":"https:\/\/narcopowders.com\/wp-content\/uploads\/2024\/05\/NEH.gif","type":"image\/gif"}],"twitter_card":"summary_large_image","twitter_misc":{"Tempo di lettura stimato":"3 minuti"},"schema":{"@context":"https:\/\/schema.org","@graph":[{"@type":"WebPage","@id":"https:\/\/narcopowders.com\/product\/buy-neh-online\/","url":"https:\/\/narcopowders.com\/product\/buy-neh-online\/","name":"Compra NEH online - NEH Powder in vendita - Ordina NEH online","isPartOf":{"@id":"https:\/\/narcopowders.com\/#website"},"primaryImageOfPage":{"@id":"https:\/\/narcopowders.com\/product\/buy-neh-online\/#primaryimage"},"image":{"@id":"https:\/\/narcopowders.com\/product\/buy-neh-online\/#primaryimage"},"thumbnailUrl":"https:\/\/narcopowders.com\/wp-content\/uploads\/2024\/05\/NEH.gif","datePublished":"2024-05-23T06:15:37+00:00","dateModified":"2025-03-26T13:03:50+00:00","description":"Comprare NEH online ~ Stai cercando il posto migliore dove comprare polvere NEH online legalmente? NarcoPowders \u00e8 disponibile 365 giorni per ottenere la migliore NEH in vendita.","breadcrumb":{"@id":"https:\/\/narcopowders.com\/product\/buy-neh-online\/#breadcrumb"},"inLanguage":"it-IT","potentialAction":[{"@type":"ReadAction","target":["https:\/\/narcopowders.com\/product\/buy-neh-online\/"]}]},{"@type":"ImageObject","inLanguage":"it-IT","@id":"https:\/\/narcopowders.com\/product\/buy-neh-online\/#primaryimage","url":"https:\/\/narcopowders.com\/wp-content\/uploads\/2024\/05\/NEH.gif","contentUrl":"https:\/\/narcopowders.com\/wp-content\/uploads\/2024\/05\/NEH.gif","width":600,"height":600,"caption":"Buy NEH Online"},{"@type":"BreadcrumbList","@id":"https:\/\/narcopowders.com\/product\/buy-neh-online\/#breadcrumb","itemListElement":[{"@type":"ListItem","position":1,"name":"Home","item":"https:\/\/narcopowders.com\/"},{"@type":"ListItem","position":2,"name":"Shop Page","item":"https:\/\/narcopowders.com\/shop\/"},{"@type":"ListItem","position":3,"name":"Buy NEH Online"}]},{"@type":"WebSite","@id":"https:\/\/narcopowders.com\/#website","url":"https:\/\/narcopowders.com\/","name":"Polveri Narco","description":"Il mio blog WordPress","potentialAction":[{"@type":"SearchAction","target":{"@type":"EntryPoint","urlTemplate":"https:\/\/narcopowders.com\/?s={search_term_string}"},"query-input":{"@type":"PropertyValueSpecification","valueRequired":true,"valueName":"search_term_string"}}],"inLanguage":"it-IT"}]}},"_links":{"self":[{"href":"https:\/\/narcopowders.com\/it\/wp-json\/wp\/v2\/product\/20810","targetHints":{"allow":["GET"]}}],"collection":[{"href":"https:\/\/narcopowders.com\/it\/wp-json\/wp\/v2\/product"}],"about":[{"href":"https:\/\/narcopowders.com\/it\/wp-json\/wp\/v2\/types\/product"}],"replies":[{"embeddable":true,"href":"https:\/\/narcopowders.com\/it\/wp-json\/wp\/v2\/comments?post=20810"}],"wp:featuredmedia":[{"embeddable":true,"href":"https:\/\/narcopowders.com\/it\/wp-json\/wp\/v2\/media\/21285"}],"wp:attachment":[{"href":"https:\/\/narcopowders.com\/it\/wp-json\/wp\/v2\/media?parent=20810"}],"wp:term":[{"taxonomy":"product_brand","embeddable":true,"href":"https:\/\/narcopowders.com\/it\/wp-json\/wp\/v2\/product_brand?post=20810"},{"taxonomy":"product_cat","embeddable":true,"href":"https:\/\/narcopowders.com\/it\/wp-json\/wp\/v2\/product_cat?post=20810"},{"taxonomy":"product_tag","embeddable":true,"href":"https:\/\/narcopowders.com\/it\/wp-json\/wp\/v2\/product_tag?post=20810"}],"curies":[{"name":"wp","href":"https:\/\/api.w.org\/{rel}","templated":true}]}}