{"id":20812,"date":"2024-05-23T06:15:37","date_gmt":"2024-05-23T06:15:37","guid":{"rendered":"https:\/\/narcopowders.com\/?post_type=product&#038;p=20812"},"modified":"2025-03-26T12:41:03","modified_gmt":"2025-03-26T12:41:03","slug":"buy-mdma-online","status":"publish","type":"product","link":"https:\/\/narcopowders.com\/it\/prodotto\/buy-mdma-online\/","title":{"rendered":"Comprare MDMA online"},"content":{"rendered":"<h2>Comprare MDMA: che cos'\u00e8?<\/h2>\n<p>Chemically speaking, <a href=\"https:\/\/narcopowders.com\/it\/prodotto\/buy-mdma-online\/\">bk-MDMA<\/a> \u00e8 una sostanza sintetica simile all'MDMA. Viene comunemente commercializzata come polvere iniettabile, inalabile o orale di colore bianco o biancastro. Sebbene venga spesso pubblicizzata come \"<a href=\"https:\/\/en.wikipedia.org\/wiki\/MDMA\">legal high<\/a>\u201d or an alternative to <a href=\"https:\/\/www.bing.com\/search?q=Buy%20MDMA%20Online&amp;qs=n&amp;form=QBRE&amp;sp=-1&amp;lq=0&amp;pq=buy%20mdma%20online&amp;sc=0-15&amp;sk=&amp;cvid=C093DEB07D394A5092E3D792F4460CE4&amp;ghsh=0&amp;ghacc=0&amp;ghpl=\">MDMA<\/a>Es fundamental recordar que todav\u00eda es ilegal en muchos pa\u00edses.<\/p>\n<h3>L'impatto dei cristalli di bk-MDMA<\/h3>\n<p><a href=\"https:\/\/www.google.com\/search?q=Buy+MDMA+Online&amp;num=10&amp;sca_esv=1a2a07081c7891bb&amp;rlz=1C1RXQR_enIN1098IN1098&amp;sxsrf=AHTn8zrzxshgJalzibnjHAANoPdPlPO_tg%3A1741686227372&amp;ei=0wXQZ-y2Fs6jvr0PkaTH0Ao&amp;ved=0ahUKEwis7JHn3oGMAxXOka8BHRHSEaoQ4dUDCBA&amp;uact=5&amp;oq=Buy+MDMA+Online&amp;gs_lp=Egxnd3Mtd2l6LXNlcnAiD0J1eSBNRE1BIE9ubGluZUirB1CwA1iwA3ACeACQAQCYAd8BoAHfAaoBAzItMbgBA8gBAPgBAvgBAZgCAKACAJgDAIgGAZIHAKAHQw&amp;sclient=gws-wiz-serp\">Bk-MDMA crystals<\/a> forniscono gli stessi effetti euforici ed empatici dell'MDMA. I possibili effetti collaterali per gli utilizzatori sono una maggiore sensazione di benessere, una maggiore socievolezza e un pi\u00f9 forte senso di comunit\u00e0. Questo perch\u00e9 il farmaco aumenta i livelli di noradrenalina, dopamina e serotonina nel cervello.<\/p>\n<p>Potenziamento della vitalit\u00e0 e della vigilanza<\/p>\n<p>Poich\u00e9 i cristalli di bk-MDMA sono stimolanti, possono anche aumentare la vigilanza e i livelli di energia. Ci\u00f2 pu\u00f2 comportare una minore necessit\u00e0 di dormire e una maggiore attivit\u00e0 fisica. \u00c8 possibile che gli utilizzatori perdano anche l'appetito. <a href=\"https:\/\/narcopowders.com\/it\/\">Purchase MDMA USA<\/a><\/p>\n<p>A common side effect of <a href=\"https:\/\/duckduckgo.com\/?q=Buy+MDMA+Online&amp;t=h_&amp;ia=web\">bk-MDMA crystals<\/a> \u00e8 un senso distorto della realt\u00e0, dello spazio e del tempo. Gli utenti potrebbero notare miglioramenti nei colori e nei suoni, cos\u00ec come cambiamenti nella loro percezione della realt\u00e0, rendendo pi\u00f9 difficile distinguere ci\u00f2 che \u00e8 reale da ci\u00f2 che \u00e8 falso.<\/p>\n<h3>Ripercussioni negative<\/h3>\n<p>Sebbene l'uso dei cristalli bk-MDMA possa presentare dei vantaggi, gli utenti devono essere consapevoli che possono esserci anche degli svantaggi. Questi possono consistere in:<\/p>\n<ul>\n<li>Aumento della frequenza cardiaca e della pressione sanguigna<\/li>\n<li>Nausea e vomito<\/li>\n<li>Tensione muscolare e serramento della mandibola<\/li>\n<li>Ansia e attacchi di panico<\/li>\n<li>Insonnia<\/li>\n<li>Disidratazione<\/li>\n<li>Mal di testa<\/li>\n<li>Perdita di appetito<\/li>\n<li>Difficolt\u00e0 di concentrazione<\/li>\n<li>Problemi di memoria<\/li>\n<\/ul>","protected":false},"excerpt":{"rendered":"<p>Buy MDMA: What is it? Chemically speaking, bk-MDMA is a synthetic substance that resembles MDMA. It is commonly marketed as an injectable, inhaled, or oral powder that is white or off-white in color. Although it is frequently promoted as a \u201clegal high\u201d or an alternative to MDMA, it is crucial to remember that it is [&hellip;]<\/p>","protected":false},"featured_media":21294,"comment_status":"open","ping_status":"closed","template":"","meta":{"_joinchat":[]},"product_brand":[],"product_cat":[1724],"product_tag":[],"class_list":{"0":"post-20812","1":"product","2":"type-product","3":"status-publish","4":"has-post-thumbnail","6":"product_cat-research-chemicals","8":"first","9":"instock","10":"shipping-taxable","11":"purchasable","12":"product-type-variable","13":"add-to-wishlist-after_add_to_cart"},"yoast_head":"<!-- This site is optimized with the Yoast SEO plugin v25.9 - https:\/\/yoast.com\/wordpress\/plugins\/seo\/ -->\n<title>Buy MDMA Online - MDMA for Sale Online | NarcoPowders<\/title>\n<meta name=\"description\" content=\"Do you want to buy MDMA online from a trustable chemical store? NarcoPowders is the best place to order MDMA online, MDMA for sale online legally.\" \/>\n<meta name=\"robots\" content=\"index, follow, max-snippet:-1, max-image-preview:large, max-video-preview:-1\" \/>\n<link rel=\"canonical\" href=\"https:\/\/narcopowders.com\/it\/prodotto\/buy-mdma-online\/\" \/>\n<meta property=\"og:locale\" content=\"it_IT\" \/>\n<meta property=\"og:type\" content=\"article\" \/>\n<meta property=\"og:title\" content=\"Buy MDMA Online - MDMA for Sale Online | NarcoPowders\" \/>\n<meta property=\"og:description\" content=\"Do you want to buy MDMA online from a trustable chemical store? NarcoPowders is the best place to order MDMA online, MDMA for sale online legally.\" \/>\n<meta property=\"og:url\" content=\"https:\/\/narcopowders.com\/it\/prodotto\/buy-mdma-online\/\" \/>\n<meta property=\"og:site_name\" content=\"Narco Powders\" \/>\n<meta property=\"article:modified_time\" content=\"2025-03-26T12:41:03+00:00\" \/>\n<meta property=\"og:image\" content=\"https:\/\/narcopowders.com\/wp-content\/uploads\/2024\/05\/MDMA.gif\" \/>\n\t<meta property=\"og:image:width\" content=\"600\" \/>\n\t<meta property=\"og:image:height\" content=\"600\" \/>\n\t<meta property=\"og:image:type\" content=\"image\/gif\" \/>\n<meta name=\"twitter:card\" content=\"summary_large_image\" \/>\n<meta name=\"twitter:label1\" content=\"Tempo di lettura stimato\" \/>\n\t<meta name=\"twitter:data1\" content=\"2 minuti\" \/>\n<!-- \/ Yoast SEO plugin. -->","yoast_head_json":{"title":"Comprare MDMA online - MDMA in vendita online | NarcoPowders","description":"Volete acquistare MDMA online da un negozio di prodotti chimici affidabile? NarcoPowders \u00e8 il posto migliore per ordinare MDMA online, MDMA in vendita online legalmente.","robots":{"index":"index","follow":"follow","max-snippet":"max-snippet:-1","max-image-preview":"max-image-preview:large","max-video-preview":"max-video-preview:-1"},"canonical":"https:\/\/narcopowders.com\/it\/prodotto\/buy-mdma-online\/","og_locale":"it_IT","og_type":"article","og_title":"Buy MDMA Online - MDMA for Sale Online | NarcoPowders","og_description":"Do you want to buy MDMA online from a trustable chemical store? NarcoPowders is the best place to order MDMA online, MDMA for sale online legally.","og_url":"https:\/\/narcopowders.com\/it\/prodotto\/buy-mdma-online\/","og_site_name":"Narco Powders","article_modified_time":"2025-03-26T12:41:03+00:00","og_image":[{"width":600,"height":600,"url":"https:\/\/narcopowders.com\/wp-content\/uploads\/2024\/05\/MDMA.gif","type":"image\/gif"}],"twitter_card":"summary_large_image","twitter_misc":{"Tempo di lettura stimato":"2 minuti"},"schema":{"@context":"https:\/\/schema.org","@graph":[{"@type":"WebPage","@id":"https:\/\/narcopowders.com\/product\/buy-mdma-online\/","url":"https:\/\/narcopowders.com\/product\/buy-mdma-online\/","name":"Comprare MDMA online - MDMA in vendita online | NarcoPowders","isPartOf":{"@id":"https:\/\/narcopowders.com\/#website"},"primaryImageOfPage":{"@id":"https:\/\/narcopowders.com\/product\/buy-mdma-online\/#primaryimage"},"image":{"@id":"https:\/\/narcopowders.com\/product\/buy-mdma-online\/#primaryimage"},"thumbnailUrl":"https:\/\/narcopowders.com\/wp-content\/uploads\/2024\/05\/MDMA.gif","datePublished":"2024-05-23T06:15:37+00:00","dateModified":"2025-03-26T12:41:03+00:00","description":"Volete acquistare MDMA online da un negozio di prodotti chimici affidabile? NarcoPowders \u00e8 il posto migliore per ordinare MDMA online, MDMA in vendita online legalmente.","breadcrumb":{"@id":"https:\/\/narcopowders.com\/product\/buy-mdma-online\/#breadcrumb"},"inLanguage":"it-IT","potentialAction":[{"@type":"ReadAction","target":["https:\/\/narcopowders.com\/product\/buy-mdma-online\/"]}]},{"@type":"ImageObject","inLanguage":"it-IT","@id":"https:\/\/narcopowders.com\/product\/buy-mdma-online\/#primaryimage","url":"https:\/\/narcopowders.com\/wp-content\/uploads\/2024\/05\/MDMA.gif","contentUrl":"https:\/\/narcopowders.com\/wp-content\/uploads\/2024\/05\/MDMA.gif","width":600,"height":600,"caption":"Buy MDMA Online"},{"@type":"BreadcrumbList","@id":"https:\/\/narcopowders.com\/product\/buy-mdma-online\/#breadcrumb","itemListElement":[{"@type":"ListItem","position":1,"name":"Home","item":"https:\/\/narcopowders.com\/"},{"@type":"ListItem","position":2,"name":"Shop Page","item":"https:\/\/narcopowders.com\/shop\/"},{"@type":"ListItem","position":3,"name":"Buy MDMA Online"}]},{"@type":"WebSite","@id":"https:\/\/narcopowders.com\/#website","url":"https:\/\/narcopowders.com\/","name":"Polveri Narco","description":"Il mio blog WordPress","potentialAction":[{"@type":"SearchAction","target":{"@type":"EntryPoint","urlTemplate":"https:\/\/narcopowders.com\/?s={search_term_string}"},"query-input":{"@type":"PropertyValueSpecification","valueRequired":true,"valueName":"search_term_string"}}],"inLanguage":"it-IT"}]}},"_links":{"self":[{"href":"https:\/\/narcopowders.com\/it\/wp-json\/wp\/v2\/product\/20812","targetHints":{"allow":["GET"]}}],"collection":[{"href":"https:\/\/narcopowders.com\/it\/wp-json\/wp\/v2\/product"}],"about":[{"href":"https:\/\/narcopowders.com\/it\/wp-json\/wp\/v2\/types\/product"}],"replies":[{"embeddable":true,"href":"https:\/\/narcopowders.com\/it\/wp-json\/wp\/v2\/comments?post=20812"}],"wp:featuredmedia":[{"embeddable":true,"href":"https:\/\/narcopowders.com\/it\/wp-json\/wp\/v2\/media\/21294"}],"wp:attachment":[{"href":"https:\/\/narcopowders.com\/it\/wp-json\/wp\/v2\/media?parent=20812"}],"wp:term":[{"taxonomy":"product_brand","embeddable":true,"href":"https:\/\/narcopowders.com\/it\/wp-json\/wp\/v2\/product_brand?post=20812"},{"taxonomy":"product_cat","embeddable":true,"href":"https:\/\/narcopowders.com\/it\/wp-json\/wp\/v2\/product_cat?post=20812"},{"taxonomy":"product_tag","embeddable":true,"href":"https:\/\/narcopowders.com\/it\/wp-json\/wp\/v2\/product_tag?post=20812"}],"curies":[{"name":"wp","href":"https:\/\/api.w.org\/{rel}","templated":true}]}}