{"id":20881,"date":"2024-05-23T06:16:01","date_gmt":"2024-05-23T06:16:01","guid":{"rendered":"https:\/\/narcopowders.com\/?post_type=product&#038;p=20881"},"modified":"2025-03-26T12:31:28","modified_gmt":"2025-03-26T12:31:28","slug":"buy-eutylone-online","status":"publish","type":"product","link":"https:\/\/narcopowders.com\/it\/prodotto\/acquistare-eutylone-online\/","title":{"rendered":"Comprare EUTYLONE Online"},"content":{"rendered":"<h2><strong>Acquistare Eutylone online<\/strong><\/h2>\n<p><a href=\"https:\/\/narcopowders.com\/it\/\">Narcopowders<\/a> is a leading platform where you can <a href=\"https:\/\/narcopowders.com\/it\/prodotto\/acquistare-eutylone-online\/\">buy Eutylone online<\/a>.senza alcun tipo di problema. Essendo un fornitore affidabile di Eutylone (cloridrato), faremo del nostro meglio per soddisfare tutte le vostre esigenze.<\/p>\n<p>L'Eutylone in vendita \u00e8 un farmaco stimolante unico chiamato eutylone, creato nel 1960. Aumenta le esperienze euforiche e migliora le funzioni cerebrali negli esseri umani. Il farmaco \u00e8 stato utilizzato a scopo ricreativo e per trattare una vasta gamma di malattie. \u00c8 tipicamente di colore giallo pallido e si presenta sotto forma di cristalli. \u03b2-Keto-1, 3-benzodiossolo-N-metilbutanamina \u00e8 il nome chimico del farmaco, mentre C13H17NO3 \u00e8 la sua formula molecolare. L'eutilone ha un peso molecolare di 235,278 g\/mol. Nelle sue forme pi\u00f9 pure, i cristalli di eutilone hanno una purezza di 97-98%.<\/p>\n<p><a href=\"https:\/\/duckduckgo.com\/?q=Buy+Eutylone+Online&amp;t=h_&amp;ia=web\">Purchase Eutylone online<\/a>, a medication that has characteristics with <a href=\"https:\/\/www.google.com\/search?q=Buy+Eutylone+Online&amp;sca_esv=16def464f60f9903&amp;sxsrf=AHTn8zpF1aSO4rFCm6dFMRC0UGovrZP6Ug%3A1742991950664&amp;ei=TvLjZ7ahKKi_0PEPx_OSsQI&amp;ved=0ahUKEwi2gMOA36eMAxWoHzQIHce5JCYQ4dUDCBA&amp;uact=5&amp;oq=Buy+Eutylone+Online&amp;gs_lp=Egxnd3Mtd2l6LXNlcnAiE0J1eSBFdXR5bG9uZSBPbmxpbmVI9AZQiwNYiwNwAXgAkAEAmAGFA6ABhQOqAQMzLTG4AQPIAQD4AQL4AQGYAgCgAgCYAwCIBgGSBwCgB0eyBwC4BwA&amp;sclient=gws-wiz-serp\">Ethylone<\/a> and is classified as a cathinone. Because of its stimulating properties, it affects how the the body&#8217;s central nerve system.<\/p>\n<p>I farmaci sono conservati in un ambiente freddo con una temperatura tipica di 20-25 gradi Celsius e senza segni di umidit\u00e0.<\/p>\n<p>Eutylone is available for purchase through our online store, Narcopowders, and can be used as a <a href=\"https:\/\/www.bing.com\/search?q=Buy%20Eutylone%20Online&amp;qs=n&amp;form=QBRE&amp;sp=-1&amp;lq=0&amp;pq=buy%20eutylone%20online&amp;sc=0-19&amp;sk=&amp;cvid=48E10A6CF37F4DCE9A7893D18BDA464F&amp;ghsh=0&amp;ghacc=0&amp;ghpl=\">ricerca chimica<\/a> or pharmaceutical. We provide discreet shipping services and have global shipping capabilities.<\/p>\n<p><a href=\"https:\/\/en.wikipedia.org\/wiki\/Eutylone\">Purchase Eutylone online<\/a> Acquistare Eutylone online perch\u00e9 agisce come stimolante sul sistema neurologico dell'organismo. Pu\u00f2 intensificare le sensazioni di euforia e il desiderio di impegnarsi in un'attivit\u00e0 fisica eccessiva. Gli impatti a breve termine includono la perdita del controllo motorio e il movimento incontrollabile del corpo; le ripercussioni a lungo termine includono dipendenza e ansia.<\/p>\n<p>Acquistare prodotti chimici per la ricerca online dal nostro sito web \u00e8 sicuro e pratico. Manteniamo la sicurezza di tutte le informazioni dei clienti all'interno del nostro sistema e garantiamo anche la sicurezza di tutte le transazioni di pagamento. Ci assicuriamo costantemente che non vi siano contaminanti in nessuno dei prodotti offerti prima di spedire i prodotti chimici a casa vostra.<\/p>","protected":false},"excerpt":{"rendered":"<p>Buy Eutylone Online Narcopowders is a leading platform where you can buy Eutylone online. without facing any kind of hassle. Being a reliable vendor and supplier of Eutylone (hydrochloride) we will try to take care of all your needs. Eutylone for sale is a unique stimulant-type designer medicine called eutylone, which was created in 1960. [&hellip;]<\/p>","protected":false},"featured_media":21288,"comment_status":"open","ping_status":"closed","template":"","meta":{"_joinchat":[]},"product_brand":[],"product_cat":[1724,1538],"product_tag":[],"class_list":{"0":"post-20881","1":"product","2":"type-product","3":"status-publish","4":"has-post-thumbnail","6":"product_cat-research-chemicals","7":"product_cat-cannabinoids","9":"first","10":"instock","11":"shipping-taxable","12":"purchasable","13":"product-type-variable","14":"add-to-wishlist-after_add_to_cart"},"yoast_head":"<!-- This site is optimized with the Yoast SEO plugin v25.9 - https:\/\/yoast.com\/wordpress\/plugins\/seo\/ -->\n<title>Buy Eutylone Online - Eutylone for Sale - Order Eutylone Online<\/title>\n<meta name=\"description\" content=\"If you are willing to get eutylone for sale, then we are the right choice for you. Our staff members will help you buy eutylone online at cheap rates. Place your order with us!\" \/>\n<meta name=\"robots\" content=\"index, follow, max-snippet:-1, max-image-preview:large, max-video-preview:-1\" \/>\n<link rel=\"canonical\" href=\"https:\/\/narcopowders.com\/it\/prodotto\/acquistare-eutylone-online\/\" \/>\n<meta property=\"og:locale\" content=\"it_IT\" \/>\n<meta property=\"og:type\" content=\"article\" \/>\n<meta property=\"og:title\" content=\"Buy Eutylone Online - Eutylone for Sale - Order Eutylone Online\" \/>\n<meta property=\"og:description\" content=\"If you are willing to get eutylone for sale, then we are the right choice for you. Our staff members will help you buy eutylone online at cheap rates. Place your order with us!\" \/>\n<meta property=\"og:url\" content=\"https:\/\/narcopowders.com\/it\/prodotto\/acquistare-eutylone-online\/\" \/>\n<meta property=\"og:site_name\" content=\"Narco Powders\" \/>\n<meta property=\"article:modified_time\" content=\"2025-03-26T12:31:28+00:00\" \/>\n<meta property=\"og:image\" content=\"https:\/\/narcopowders.com\/wp-content\/uploads\/2024\/05\/EUTYLONE.gif\" \/>\n\t<meta property=\"og:image:width\" content=\"600\" \/>\n\t<meta property=\"og:image:height\" content=\"600\" \/>\n\t<meta property=\"og:image:type\" content=\"image\/gif\" \/>\n<meta name=\"twitter:card\" content=\"summary_large_image\" \/>\n<meta name=\"twitter:label1\" content=\"Tempo di lettura stimato\" \/>\n\t<meta name=\"twitter:data1\" content=\"2 minuti\" \/>\n<!-- \/ Yoast SEO plugin. -->","yoast_head_json":{"title":"Comprare Eutylone online - Eutylone in vendita - Ordinare Eutylone online","description":"Se siete disposti a ottenere eutylone in vendita, allora siamo la scelta giusta per voi. Il nostro personale vi aiuter\u00e0 a comprare eutylone online a prezzi economici. Fate il vostro ordine con noi!","robots":{"index":"index","follow":"follow","max-snippet":"max-snippet:-1","max-image-preview":"max-image-preview:large","max-video-preview":"max-video-preview:-1"},"canonical":"https:\/\/narcopowders.com\/it\/prodotto\/acquistare-eutylone-online\/","og_locale":"it_IT","og_type":"article","og_title":"Buy Eutylone Online - Eutylone for Sale - Order Eutylone Online","og_description":"If you are willing to get eutylone for sale, then we are the right choice for you. Our staff members will help you buy eutylone online at cheap rates. Place your order with us!","og_url":"https:\/\/narcopowders.com\/it\/prodotto\/acquistare-eutylone-online\/","og_site_name":"Narco Powders","article_modified_time":"2025-03-26T12:31:28+00:00","og_image":[{"width":600,"height":600,"url":"https:\/\/narcopowders.com\/wp-content\/uploads\/2024\/05\/EUTYLONE.gif","type":"image\/gif"}],"twitter_card":"summary_large_image","twitter_misc":{"Tempo di lettura stimato":"2 minuti"},"schema":{"@context":"https:\/\/schema.org","@graph":[{"@type":"WebPage","@id":"https:\/\/narcopowders.com\/product\/buy-eutylone-online\/","url":"https:\/\/narcopowders.com\/product\/buy-eutylone-online\/","name":"Comprare Eutylone online - Eutylone in vendita - Ordinare Eutylone online","isPartOf":{"@id":"https:\/\/narcopowders.com\/#website"},"primaryImageOfPage":{"@id":"https:\/\/narcopowders.com\/product\/buy-eutylone-online\/#primaryimage"},"image":{"@id":"https:\/\/narcopowders.com\/product\/buy-eutylone-online\/#primaryimage"},"thumbnailUrl":"https:\/\/narcopowders.com\/wp-content\/uploads\/2024\/05\/EUTYLONE.gif","datePublished":"2024-05-23T06:16:01+00:00","dateModified":"2025-03-26T12:31:28+00:00","description":"Se siete disposti a ottenere eutylone in vendita, allora siamo la scelta giusta per voi. Il nostro personale vi aiuter\u00e0 a comprare eutylone online a prezzi economici. Fate il vostro ordine con noi!","breadcrumb":{"@id":"https:\/\/narcopowders.com\/product\/buy-eutylone-online\/#breadcrumb"},"inLanguage":"it-IT","potentialAction":[{"@type":"ReadAction","target":["https:\/\/narcopowders.com\/product\/buy-eutylone-online\/"]}]},{"@type":"ImageObject","inLanguage":"it-IT","@id":"https:\/\/narcopowders.com\/product\/buy-eutylone-online\/#primaryimage","url":"https:\/\/narcopowders.com\/wp-content\/uploads\/2024\/05\/EUTYLONE.gif","contentUrl":"https:\/\/narcopowders.com\/wp-content\/uploads\/2024\/05\/EUTYLONE.gif","width":600,"height":600,"caption":"Buy EUTYLONE Online"},{"@type":"BreadcrumbList","@id":"https:\/\/narcopowders.com\/product\/buy-eutylone-online\/#breadcrumb","itemListElement":[{"@type":"ListItem","position":1,"name":"Home","item":"https:\/\/narcopowders.com\/"},{"@type":"ListItem","position":2,"name":"Shop Page","item":"https:\/\/narcopowders.com\/shop\/"},{"@type":"ListItem","position":3,"name":"Buy EUTYLONE Online"}]},{"@type":"WebSite","@id":"https:\/\/narcopowders.com\/#website","url":"https:\/\/narcopowders.com\/","name":"Polveri Narco","description":"Il mio blog WordPress","potentialAction":[{"@type":"SearchAction","target":{"@type":"EntryPoint","urlTemplate":"https:\/\/narcopowders.com\/?s={search_term_string}"},"query-input":{"@type":"PropertyValueSpecification","valueRequired":true,"valueName":"search_term_string"}}],"inLanguage":"it-IT"}]}},"_links":{"self":[{"href":"https:\/\/narcopowders.com\/it\/wp-json\/wp\/v2\/product\/20881","targetHints":{"allow":["GET"]}}],"collection":[{"href":"https:\/\/narcopowders.com\/it\/wp-json\/wp\/v2\/product"}],"about":[{"href":"https:\/\/narcopowders.com\/it\/wp-json\/wp\/v2\/types\/product"}],"replies":[{"embeddable":true,"href":"https:\/\/narcopowders.com\/it\/wp-json\/wp\/v2\/comments?post=20881"}],"wp:featuredmedia":[{"embeddable":true,"href":"https:\/\/narcopowders.com\/it\/wp-json\/wp\/v2\/media\/21288"}],"wp:attachment":[{"href":"https:\/\/narcopowders.com\/it\/wp-json\/wp\/v2\/media?parent=20881"}],"wp:term":[{"taxonomy":"product_brand","embeddable":true,"href":"https:\/\/narcopowders.com\/it\/wp-json\/wp\/v2\/product_brand?post=20881"},{"taxonomy":"product_cat","embeddable":true,"href":"https:\/\/narcopowders.com\/it\/wp-json\/wp\/v2\/product_cat?post=20881"},{"taxonomy":"product_tag","embeddable":true,"href":"https:\/\/narcopowders.com\/it\/wp-json\/wp\/v2\/product_tag?post=20881"}],"curies":[{"name":"wp","href":"https:\/\/api.w.org\/{rel}","templated":true}]}}