{"id":20923,"date":"2024-05-23T06:16:11","date_gmt":"2024-05-23T06:16:11","guid":{"rendered":"https:\/\/narcopowders.com\/?post_type=product&#038;p=20923"},"modified":"2024-05-24T05:50:28","modified_gmt":"2024-05-24T05:50:28","slug":"buy-2fdck-online","status":"publish","type":"product","link":"https:\/\/narcopowders.com\/it\/prodotto\/buy-2fdck-online\/","title":{"rendered":"Comprare 2FDCK in linea"},"content":{"rendered":"<h2>Acquistare 2-FDCK da NarcoPowders Online<\/h2>\n<p>Comprare 2-FDCK Online, L'anestetico dissociativo 2-Fl-2\u2032-Oxo-PCM \u00e8 noto anche come 2-FDCK, Fluoroketamina e 2-Fl-2\u2032-Oxo-PCM. \u00c8 l'equivalente della ketamina a base di fluoro senza il gruppo cloro. Acquistare 2-FDCK online<\/p>\n<p>Il nuovo farmaco dissociativo della classe delle arilcicloesilammine 2-Fl-2\u2032-Oxo-PCM \u00e8 noto anche come 2-Fluorodescloroketamina, 2-FDCK, ed erroneamente come 2-Fluroketamina, Fluoroketamina e 2-FDCK.<a href=\"https:\/\/narcopowders.com\/it\/product\/5f-mdp\/\">.<\/a><\/p>\n<p>Dal punto di vista chimico, la ketamina e la desclorocetamina sono correlate (DCK). Nonostante la scarsit\u00e0 di studi, si ritiene che funzioni come antagonista dei recettori NMDA. La struttura delle arilcicloesilammine, come la 2-FDCK, si basa sul legame di un gruppo amminico e di un anello aromatico a un anello cicloesanico.<\/p>\n<p>NarcoPowders \u00e8 la migliore opzione se si desidera acquistare 2-FDCK online!<\/p>\n<h3>Come si procede all'acquisto di 2fdck?<\/h3>\n<p>La nostra interfaccia utente \u00e8 incredibilmente rapida, facile da usare ed efficace. Poich\u00e9 offriamo la consegna in tutti i Paesi, chiunque pu\u00f2 acquistare il prodotto da qualsiasi luogo. Abbiamo anni di esperienza nel settore chimico e siamo il fornitore legittimo e affidabile di 2FDCK. \u00c8 sufficiente accedere al nostro sito web, cercare l'articolo, aggiungerlo al carrello e procedere al check-out. Tutto ci\u00f2 che dovete fare \u00e8 fornirci alcune informazioni, come il vostro indirizzo o il luogo in cui volete che sia consegnato, e noi lo trasporteremo in modo sicuro completando la transazione richiesta. Acquisto di 2fdck negli Stati Uniti.<\/p>\n<h3>Qual \u00e8 l'et\u00e0 migliore per acquistare online 2fdck?<\/h3>\n<p>Per acquistare 2fdck online, \u00e8 necessario avere almeno 18 anni. Siamo accessibili per il servizio clienti. 24 ore su 24, 7 giorni su 7 e un anno intero per assistervi e rispondere alle vostre domande. Acquistare 2fdck con uno sconto.<\/p>\n<h3>Quali vantaggi offre 2fdck?<\/h3>\n<ul>\n<li>pu\u00f2 essere utile per ridurre momentaneamente l'ansia, la tensione e la tristezza.<\/li>\n<li>Aiuta a prevenire il suicidio perch\u00e9 agisce istantaneamente.<\/li>\n<li>utile per potenziare la neuroplasticit\u00e0<\/li>\n<\/ul>\n<h3>Quali conseguenze ha il 2fdck?<\/h3>\n<ul>\n<li>pu\u00f2 provocare neurotossicit\u00e0 se assunto frequentemente.<\/li>\n<li>possono danneggiare la memoria se usati con maggiore frequenza o su base regolare.<\/li>\n<li>pu\u00f2 danneggiare i reni.<\/li>\n<\/ul>\n<p>Prendersi cura del proprio 2-FDCK<\/p>\n<p>Suggeriamo di prestare la massima attenzione quando si maneggia il cloridrato 2-FDCK, ad esempio utilizzando guanti o una maschera FFP-2.<\/p>\n<h3>Dove \u00e8 legale acquistare 2-FDCK online?<\/h3>\n<p>NarcoPowders \u00e8 un sito web in cui vendiamo sostanze chimiche di ricerca come il 2-FDCK. Ogni nostra sostanza di ricerca viene esaminata e valutata prima di essere messa in vendita. Questo \u00e8 l'unico metodo per garantire la migliore qualit\u00e0 possibile per il nostro 2-FDCK.<\/p>\n<p>Non esitate a contattarci se avete bisogno dei risultati o di qualsiasi altro aiuto. 2. L'unica variet\u00e0 di FDCK che vendiamo \u00e8 la polvere, anche se disponiamo di versioni blotter e pellet di diversi altri composti di ricerca.<\/p>\n<p>Abbiamo un'ampia scelta di prodotti altamente efficaci per soddisfare le vostre esigenze di ricerca chimica. Siamo stati Quando abbiamo lanciato inizialmente per gli affari, siamo stati in grado di mantenere la nostra posizione nel mercato come un fornitore superiore. Ordina 2-FDCK online e ricevi il tuo pacco al pi\u00f9 presto, Compra 2-FDCK online.<\/p>","protected":false},"excerpt":{"rendered":"<p>La 2-Fluorodescloroketamina (nota anche come 2\u2032-Fl-2-Oxo-PCM, Fluoroketamina e 2-FDCK) \u00e8 un anestetico dissociativo simile alla ketamina. La sua vendita e il suo uso come droga di design sono stati documentati in diversi Paesi.<\/p>\n<p>Il metabolismo del 2-FDCK \u00e8 simile a quello della ketamina: gli enzimi CYP2B6 e CYP3A4, quest'ultimo in misura minore, convertono il 2-FDCK in Nor-2FDCK tramite N-demetilazione. Quest'ultimo viene successivamente metabolizzato a deidronor-2FDCK dal CYP2B6 o a hydroxynor-2FDCK dal CYP2A6 e dal CYP2B6.<\/p>","protected":false},"featured_media":21242,"comment_status":"open","ping_status":"closed","template":"","meta":{"_joinchat":[]},"product_brand":[],"product_cat":[1538],"product_tag":[],"class_list":{"0":"post-20923","1":"product","2":"type-product","3":"status-publish","4":"has-post-thumbnail","6":"product_cat-cannabinoids","8":"first","9":"instock","10":"shipping-taxable","11":"purchasable","12":"product-type-variable","13":"add-to-wishlist-after_add_to_cart"},"yoast_head":"<!-- This site is optimized with the Yoast SEO plugin v25.9 - https:\/\/yoast.com\/wordpress\/plugins\/seo\/ -->\n<title>Buy 2-FDCK Online - Narco Powders<\/title>\n<meta name=\"description\" content=\"Buy 2-FDCK Online, Looking to Order 2fdck ? Look no further than narcopowders.! As a trusted supplier of research chemicals, we offer premium-grade 2fdck.\" \/>\n<meta name=\"robots\" content=\"index, follow, max-snippet:-1, max-image-preview:large, max-video-preview:-1\" \/>\n<link rel=\"canonical\" href=\"https:\/\/narcopowders.com\/it\/prodotto\/buy-2fdck-online\/\" \/>\n<meta property=\"og:locale\" content=\"it_IT\" \/>\n<meta property=\"og:type\" content=\"article\" \/>\n<meta property=\"og:title\" content=\"Buy 2-FDCK Online - Narco Powders\" \/>\n<meta property=\"og:description\" content=\"Buy 2-FDCK Online, Looking to Order 2fdck ? Look no further than narcopowders.! As a trusted supplier of research chemicals, we offer premium-grade 2fdck.\" \/>\n<meta property=\"og:url\" content=\"https:\/\/narcopowders.com\/it\/prodotto\/buy-2fdck-online\/\" \/>\n<meta property=\"og:site_name\" content=\"Narco Powders\" \/>\n<meta property=\"article:modified_time\" content=\"2024-05-24T05:50:28+00:00\" \/>\n<meta property=\"og:image\" content=\"https:\/\/narcopowders.com\/wp-content\/uploads\/2024\/05\/2fdck.gif\" \/>\n\t<meta property=\"og:image:width\" content=\"600\" \/>\n\t<meta property=\"og:image:height\" content=\"600\" \/>\n\t<meta property=\"og:image:type\" content=\"image\/gif\" \/>\n<meta name=\"twitter:card\" content=\"summary_large_image\" \/>\n<meta name=\"twitter:label1\" content=\"Tempo di lettura stimato\" \/>\n\t<meta name=\"twitter:data1\" content=\"3 minuti\" \/>\n<!-- \/ Yoast SEO plugin. -->","yoast_head_json":{"title":"Comprare 2-FDCK online - Narco Powders","description":"Acquista 2-FDCK online, Vuoi ordinare 2fdck? Non cercate oltre le narcopolveri! Come fornitore di fiducia di prodotti chimici per la ricerca, offriamo 2fdck di prima qualit\u00e0.","robots":{"index":"index","follow":"follow","max-snippet":"max-snippet:-1","max-image-preview":"max-image-preview:large","max-video-preview":"max-video-preview:-1"},"canonical":"https:\/\/narcopowders.com\/it\/prodotto\/buy-2fdck-online\/","og_locale":"it_IT","og_type":"article","og_title":"Buy 2-FDCK Online - Narco Powders","og_description":"Buy 2-FDCK Online, Looking to Order 2fdck ? Look no further than narcopowders.! As a trusted supplier of research chemicals, we offer premium-grade 2fdck.","og_url":"https:\/\/narcopowders.com\/it\/prodotto\/buy-2fdck-online\/","og_site_name":"Narco Powders","article_modified_time":"2024-05-24T05:50:28+00:00","og_image":[{"width":600,"height":600,"url":"https:\/\/narcopowders.com\/wp-content\/uploads\/2024\/05\/2fdck.gif","type":"image\/gif"}],"twitter_card":"summary_large_image","twitter_misc":{"Tempo di lettura stimato":"3 minuti"},"schema":{"@context":"https:\/\/schema.org","@graph":[{"@type":"WebPage","@id":"https:\/\/narcopowders.com\/product\/buy-2fdck-online\/","url":"https:\/\/narcopowders.com\/product\/buy-2fdck-online\/","name":"Comprare 2-FDCK online - Narco Powders","isPartOf":{"@id":"https:\/\/narcopowders.com\/#website"},"primaryImageOfPage":{"@id":"https:\/\/narcopowders.com\/product\/buy-2fdck-online\/#primaryimage"},"image":{"@id":"https:\/\/narcopowders.com\/product\/buy-2fdck-online\/#primaryimage"},"thumbnailUrl":"https:\/\/narcopowders.com\/wp-content\/uploads\/2024\/05\/2fdck.gif","datePublished":"2024-05-23T06:16:11+00:00","dateModified":"2024-05-24T05:50:28+00:00","description":"Acquista 2-FDCK online, Vuoi ordinare 2fdck? Non cercate oltre le narcopolveri! Come fornitore di fiducia di prodotti chimici per la ricerca, offriamo 2fdck di prima qualit\u00e0.","breadcrumb":{"@id":"https:\/\/narcopowders.com\/product\/buy-2fdck-online\/#breadcrumb"},"inLanguage":"it-IT","potentialAction":[{"@type":"ReadAction","target":["https:\/\/narcopowders.com\/product\/buy-2fdck-online\/"]}]},{"@type":"ImageObject","inLanguage":"it-IT","@id":"https:\/\/narcopowders.com\/product\/buy-2fdck-online\/#primaryimage","url":"https:\/\/narcopowders.com\/wp-content\/uploads\/2024\/05\/2fdck.gif","contentUrl":"https:\/\/narcopowders.com\/wp-content\/uploads\/2024\/05\/2fdck.gif","width":600,"height":600,"caption":"Buy 2fdck Online"},{"@type":"BreadcrumbList","@id":"https:\/\/narcopowders.com\/product\/buy-2fdck-online\/#breadcrumb","itemListElement":[{"@type":"ListItem","position":1,"name":"Home","item":"https:\/\/narcopowders.com\/"},{"@type":"ListItem","position":2,"name":"Shop Page","item":"https:\/\/narcopowders.com\/shop\/"},{"@type":"ListItem","position":3,"name":"Buy 2FDCK Online"}]},{"@type":"WebSite","@id":"https:\/\/narcopowders.com\/#website","url":"https:\/\/narcopowders.com\/","name":"Polveri Narco","description":"Il mio blog WordPress","potentialAction":[{"@type":"SearchAction","target":{"@type":"EntryPoint","urlTemplate":"https:\/\/narcopowders.com\/?s={search_term_string}"},"query-input":{"@type":"PropertyValueSpecification","valueRequired":true,"valueName":"search_term_string"}}],"inLanguage":"it-IT"}]}},"_links":{"self":[{"href":"https:\/\/narcopowders.com\/it\/wp-json\/wp\/v2\/product\/20923","targetHints":{"allow":["GET"]}}],"collection":[{"href":"https:\/\/narcopowders.com\/it\/wp-json\/wp\/v2\/product"}],"about":[{"href":"https:\/\/narcopowders.com\/it\/wp-json\/wp\/v2\/types\/product"}],"replies":[{"embeddable":true,"href":"https:\/\/narcopowders.com\/it\/wp-json\/wp\/v2\/comments?post=20923"}],"wp:featuredmedia":[{"embeddable":true,"href":"https:\/\/narcopowders.com\/it\/wp-json\/wp\/v2\/media\/21242"}],"wp:attachment":[{"href":"https:\/\/narcopowders.com\/it\/wp-json\/wp\/v2\/media?parent=20923"}],"wp:term":[{"taxonomy":"product_brand","embeddable":true,"href":"https:\/\/narcopowders.com\/it\/wp-json\/wp\/v2\/product_brand?post=20923"},{"taxonomy":"product_cat","embeddable":true,"href":"https:\/\/narcopowders.com\/it\/wp-json\/wp\/v2\/product_cat?post=20923"},{"taxonomy":"product_tag","embeddable":true,"href":"https:\/\/narcopowders.com\/it\/wp-json\/wp\/v2\/product_tag?post=20923"}],"curies":[{"name":"wp","href":"https:\/\/api.w.org\/{rel}","templated":true}]}}