{"id":21031,"date":"2024-05-23T06:16:45","date_gmt":"2024-05-23T06:16:45","guid":{"rendered":"https:\/\/narcopowders.com\/?post_type=product&#038;p=21031"},"modified":"2024-05-24T09:48:18","modified_gmt":"2024-05-24T09:48:18","slug":"buy-5cakb-48-online","status":"publish","type":"product","link":"https:\/\/narcopowders.com\/it\/prodotto\/buy-5cakb-48-online\/","title":{"rendered":"Acquistare 5CAKB-48 in linea"},"content":{"rendered":"<h2><strong>Acquisto online di 5CAKB-48<\/strong><\/h2>\n<p>Acquistate il 5CAKB-48, una versione pi\u00f9 forte dell'AKB-48 che interagisce con i recettori dei cannabinoidi ed \u00e8 un ingrediente principale di molte miscele artificiali di cannabis. Poich\u00e9 ha un gruppo indazolico sostituito, il 5F-AKB48, noto anche come N-(adamantan-1-il)-1-(5-fluoropentil)-1H-indazolo-3-carbossamide, \u00e8 un cannabinoide indazolico sintetico.<a href=\"https:\/\/narcopowders.com\/it\/product-category\/cannabinoids\/\">.<\/a><\/p>\n<p>Analogamente al 5F-PB-22, questa moiet\u00e0 di indazolo \u00e8 sostituita in posizione R1 con una catena fluoropentilica. All'indazolo viene aggiunto anche un gruppo carbossammidico in posizione R3. Questo gruppo carbossammidico ha un gruppo adamantano N-sostituito al suo gruppo amminico terminale. Questo gruppo ha una struttura speciale nota come diamondoide, composta da quattro anelli di cicloesano fusi. In 5F-AKB48, un omologo di STS-135, viene utilizzata una base indazolica per sostituire la struttura principale dell'indolo.<\/p>\n<p>Acquista online il 5CAKB-48 Sulla base di ricerche strutturali, si presume che il 5F-AKB48 condivida molte delle caratteristiche in vivo del \u03949-THC e abbia un profilo di legame simile a quello di altri cannabinoidi, anche se non \u00e8 stato esaminato a fondo. Ma non \u00e8 ancora chiaro quali siano queste interazioni e in che modo contribuiscano alla sensazione di sballare con la cannabis.<a href=\"https:\/\/en.wikipedia.org\/wiki\/Synthetic_cannabinoids#Synthetic_cannabinoid_products\">.<\/a><\/p>\n<p>Acquista online 5F-AKB48 Gli effetti elencati di seguito sono derivati dalle esperienze degli autori e dall'indice degli effetti soggettivi su PsychonautWiki. \u00c8 importante notare che gli effetti indicati non sono garantiti e devono essere considerati con cautela. Tuttavia, dosaggi pi\u00f9 elevati aumentano la probabilit\u00e0 di sperimentare l'intera gamma di sintomi.<\/p>\n<p>5C-AKB48 \u00e8 adatto per indagini simili su come gli agonisti proibiti influenzano i recettori CB2. 5C-AKB48 \u00e8 fornito da BAC solo a scopo di ricerca. Non \u00e8 destinato al consumo umano o all'uso ricreativo. Questo sito web \u00e8 destinato esclusivamente a utenti adulti. \u00c8 necessario che i visitatori di questo sito abbiano almeno 18 anni. Nessuno al di sotto dei diciotto anni pu\u00f2 acquistare i nostri prodotti.<\/p>\n<p>Acquisto 5F-AKB48 Online Garantiamo la massima qualit\u00e0 dei prodotti ad ogni ordine, consegnati in qualsiasi parte del mondo, grazie al nostro team di ricerca e sviluppo qualificato e alle rigorose procedure di controllo della qualit\u00e0. Prima di tutto i clienti e la reputazione in ogni momento. Con la nostra qualit\u00e0 superiore, ma anche per la credibilit\u00e0, dopo di che possiamo effettivamente stabilire una connessione a lungo termine reciprocamente vantaggiosa.<\/p>\n<p>Acquisto 5F-AKB48 Online Il nostro obiettivo \u00e8 quello di fornire la pi\u00f9 ampia gamma di CHIMICHE DI RICERCA, CANNABINOIDI, CANNABIS-MARIJUANA e Sali di alta qualit\u00e0, con particolare attenzione alla loro grande qualit\u00e0, al valore notevole e al nostro eccezionale servizio clienti. Lavoriamo duramente per aiutare i nostri clienti in ogni modo possibile, perch\u00e9 pensiamo davvero che la loro soddisfazione sia essenziale per il successo della nostra attivit\u00e0. qualit\u00e0 eccellente e solida reputazione, vinciamo il mercato, Acquista 5CAKB-48.<br \/>\nI nostri clienti acquistano da noi per qualcosa di pi\u00f9 di un semplice prezzo equo.<\/p>","protected":false},"excerpt":{"rendered":"<p>Purchase 5CAKB-48 Online Buy 5CAKB-48, a stronger version of AKB-48 that interacts with cannabinoid receptors and is a main ingredient in a lot of artificial cannabis mixes. Because it has a substituted indazole group, 5F-AKB48, also known as N-(adamantan-1-yl)-1-(5-fluoropentyl)-1H-indazole-3-carboxamide, is a synthetic indazole cannabinoid. Similar to 5F-PB-22, this indazole moiety is replaced at R1 with [&hellip;]<\/p>","protected":false},"featured_media":21270,"comment_status":"open","ping_status":"closed","template":"","meta":{"_joinchat":[]},"product_brand":[],"product_cat":[1538],"product_tag":[],"class_list":{"0":"post-21031","1":"product","2":"type-product","3":"status-publish","4":"has-post-thumbnail","6":"product_cat-cannabinoids","8":"first","9":"instock","10":"shipping-taxable","11":"purchasable","12":"product-type-variable","13":"add-to-wishlist-after_add_to_cart"},"yoast_head":"<!-- This site is optimized with the Yoast SEO plugin v25.9 - https:\/\/yoast.com\/wordpress\/plugins\/seo\/ -->\n<title>Buy 5CAKB-48<\/title>\n<meta name=\"description\" content=\"Buy 5CAKB-48, If you are looking for 5F-AKB48 powder, 5F-APINACA or AKB-48F then you have come to the right place! 5C-AKB48 is a synthetic cannabinoid.\" \/>\n<meta name=\"robots\" content=\"index, follow, max-snippet:-1, max-image-preview:large, max-video-preview:-1\" \/>\n<link rel=\"canonical\" href=\"https:\/\/narcopowders.com\/it\/prodotto\/buy-5cakb-48-online\/\" \/>\n<meta property=\"og:locale\" content=\"it_IT\" \/>\n<meta property=\"og:type\" content=\"article\" \/>\n<meta property=\"og:title\" content=\"Buy 5CAKB-48\" \/>\n<meta property=\"og:description\" content=\"Buy 5CAKB-48, If you are looking for 5F-AKB48 powder, 5F-APINACA or AKB-48F then you have come to the right place! 5C-AKB48 is a synthetic cannabinoid.\" \/>\n<meta property=\"og:url\" content=\"https:\/\/narcopowders.com\/it\/prodotto\/buy-5cakb-48-online\/\" \/>\n<meta property=\"og:site_name\" content=\"Narco Powders\" \/>\n<meta property=\"article:modified_time\" content=\"2024-05-24T09:48:18+00:00\" \/>\n<meta property=\"og:image\" content=\"https:\/\/narcopowders.com\/wp-content\/uploads\/2024\/05\/5cakb48.gif\" \/>\n\t<meta property=\"og:image:width\" content=\"600\" \/>\n\t<meta property=\"og:image:height\" content=\"600\" \/>\n\t<meta property=\"og:image:type\" content=\"image\/gif\" \/>\n<meta name=\"twitter:card\" content=\"summary_large_image\" \/>\n<meta name=\"twitter:label1\" content=\"Tempo di lettura stimato\" \/>\n\t<meta name=\"twitter:data1\" content=\"3 minuti\" \/>\n<!-- \/ Yoast SEO plugin. -->","yoast_head_json":{"title":"Comprare 5CAKB-48","description":"Acquista 5CAKB-48, Se stai cercando la polvere 5F-AKB48, 5F-APINACA o AKB-48F sei nel posto giusto! 5C-AKB48 \u00e8 un cannabinoide sintetico.","robots":{"index":"index","follow":"follow","max-snippet":"max-snippet:-1","max-image-preview":"max-image-preview:large","max-video-preview":"max-video-preview:-1"},"canonical":"https:\/\/narcopowders.com\/it\/prodotto\/buy-5cakb-48-online\/","og_locale":"it_IT","og_type":"article","og_title":"Buy 5CAKB-48","og_description":"Buy 5CAKB-48, If you are looking for 5F-AKB48 powder, 5F-APINACA or AKB-48F then you have come to the right place! 5C-AKB48 is a synthetic cannabinoid.","og_url":"https:\/\/narcopowders.com\/it\/prodotto\/buy-5cakb-48-online\/","og_site_name":"Narco Powders","article_modified_time":"2024-05-24T09:48:18+00:00","og_image":[{"width":600,"height":600,"url":"https:\/\/narcopowders.com\/wp-content\/uploads\/2024\/05\/5cakb48.gif","type":"image\/gif"}],"twitter_card":"summary_large_image","twitter_misc":{"Tempo di lettura stimato":"3 minuti"},"schema":{"@context":"https:\/\/schema.org","@graph":[{"@type":"WebPage","@id":"https:\/\/narcopowders.com\/product\/buy-5cakb-48-online\/","url":"https:\/\/narcopowders.com\/product\/buy-5cakb-48-online\/","name":"Comprare 5CAKB-48","isPartOf":{"@id":"https:\/\/narcopowders.com\/#website"},"primaryImageOfPage":{"@id":"https:\/\/narcopowders.com\/product\/buy-5cakb-48-online\/#primaryimage"},"image":{"@id":"https:\/\/narcopowders.com\/product\/buy-5cakb-48-online\/#primaryimage"},"thumbnailUrl":"https:\/\/narcopowders.com\/wp-content\/uploads\/2024\/05\/5cakb48.gif","datePublished":"2024-05-23T06:16:45+00:00","dateModified":"2024-05-24T09:48:18+00:00","description":"Acquista 5CAKB-48, Se stai cercando la polvere 5F-AKB48, 5F-APINACA o AKB-48F sei nel posto giusto! 5C-AKB48 \u00e8 un cannabinoide sintetico.","breadcrumb":{"@id":"https:\/\/narcopowders.com\/product\/buy-5cakb-48-online\/#breadcrumb"},"inLanguage":"it-IT","potentialAction":[{"@type":"ReadAction","target":["https:\/\/narcopowders.com\/product\/buy-5cakb-48-online\/"]}]},{"@type":"ImageObject","inLanguage":"it-IT","@id":"https:\/\/narcopowders.com\/product\/buy-5cakb-48-online\/#primaryimage","url":"https:\/\/narcopowders.com\/wp-content\/uploads\/2024\/05\/5cakb48.gif","contentUrl":"https:\/\/narcopowders.com\/wp-content\/uploads\/2024\/05\/5cakb48.gif","width":600,"height":600,"caption":"Buy 5CAKB-48 online"},{"@type":"BreadcrumbList","@id":"https:\/\/narcopowders.com\/product\/buy-5cakb-48-online\/#breadcrumb","itemListElement":[{"@type":"ListItem","position":1,"name":"Home","item":"https:\/\/narcopowders.com\/"},{"@type":"ListItem","position":2,"name":"Shop Page","item":"https:\/\/narcopowders.com\/shop\/"},{"@type":"ListItem","position":3,"name":"Buy 5CAKB-48 Online"}]},{"@type":"WebSite","@id":"https:\/\/narcopowders.com\/#website","url":"https:\/\/narcopowders.com\/","name":"Polveri Narco","description":"Il mio blog WordPress","potentialAction":[{"@type":"SearchAction","target":{"@type":"EntryPoint","urlTemplate":"https:\/\/narcopowders.com\/?s={search_term_string}"},"query-input":{"@type":"PropertyValueSpecification","valueRequired":true,"valueName":"search_term_string"}}],"inLanguage":"it-IT"}]}},"_links":{"self":[{"href":"https:\/\/narcopowders.com\/it\/wp-json\/wp\/v2\/product\/21031","targetHints":{"allow":["GET"]}}],"collection":[{"href":"https:\/\/narcopowders.com\/it\/wp-json\/wp\/v2\/product"}],"about":[{"href":"https:\/\/narcopowders.com\/it\/wp-json\/wp\/v2\/types\/product"}],"replies":[{"embeddable":true,"href":"https:\/\/narcopowders.com\/it\/wp-json\/wp\/v2\/comments?post=21031"}],"wp:featuredmedia":[{"embeddable":true,"href":"https:\/\/narcopowders.com\/it\/wp-json\/wp\/v2\/media\/21270"}],"wp:attachment":[{"href":"https:\/\/narcopowders.com\/it\/wp-json\/wp\/v2\/media?parent=21031"}],"wp:term":[{"taxonomy":"product_brand","embeddable":true,"href":"https:\/\/narcopowders.com\/it\/wp-json\/wp\/v2\/product_brand?post=21031"},{"taxonomy":"product_cat","embeddable":true,"href":"https:\/\/narcopowders.com\/it\/wp-json\/wp\/v2\/product_cat?post=21031"},{"taxonomy":"product_tag","embeddable":true,"href":"https:\/\/narcopowders.com\/it\/wp-json\/wp\/v2\/product_tag?post=21031"}],"curies":[{"name":"wp","href":"https:\/\/api.w.org\/{rel}","templated":true}]}}