{"id":21168,"date":"2024-05-23T06:17:24","date_gmt":"2024-05-23T06:17:24","guid":{"rendered":"https:\/\/narcopowders.com\/?post_type=product&#038;p=21168"},"modified":"2025-03-25T11:53:53","modified_gmt":"2025-03-25T11:53:53","slug":"buy-cocaine-online","status":"publish","type":"product","link":"https:\/\/narcopowders.com\/it\/prodotto\/acquistare-cocaina-online-2\/","title":{"rendered":"Acquista cocaina online"},"content":{"rendered":"<h2><strong>Acquistare cocaina in polvere online<\/strong><\/h2>\n<p><a href=\"https:\/\/narcopowders.com\/it\/product\/kaufen-cocaine-online\/\">Acquista COCAINA online<\/a>, La forma pi\u00f9 popolare di <a href=\"https:\/\/narcopowders.com\/it\/\">Acquistare Nembutal \u00e8 cocaina in polvere<\/a>Per questo motivo viene anche chiamata droga da strada. Per produrre questa polvere si utilizzano le piante di coca, diffuse principalmente nei paesi del sud del mondo.<\/p>\n<p>\u00c8 un potente stimolante che agisce direttamente sul cervello centrale, curando una serie di malattie. Le sostanze chimiche specifiche del cervello vengono potenziate da questo stimolante, consentendo al sistema degli organi umani di rispondere come richiesto. Grazie ai suoi numerosi benefici, \u00e8 il tipo di cocaina pi\u00f9 utilizzato in tutto il mondo. <a href=\"https:\/\/en.wikipedia.org\/wiki\/Cocaine\">cocaina<\/a> worldwide .<\/p>\n<h3><strong>Rispetto a un altro tipo di cocaina, la cocaina in polvere. Come usare la cocaina in polvere<\/strong><\/h3>\n<p>La cocaina in polvere ha benefici anche al di fuori del corpo umano. Tuttavia, il motivo principale della sua popolarit\u00e0 \u00e8 che \u00e8 anche meno pericolosa per la salute. Per l'uso, viene spesso combinata con altri farmaci professionali come il talco, il fentanil, ecc. Tuttavia, se combinato con il fentanil senza supervisione, pu\u00f2 essere pericoloso per la salute. <a href=\"https:\/\/www.google.com\/search?q=Buy+cocaine+powder+online&amp;sca_esv=7d1b82273738a5db&amp;sxsrf=AHTn8zrpCV8se75n1P5zO_BMxsJNg31gNg%3A1742902621086&amp;ei=XZXiZ7r8BIuQseMPh-T8gAk&amp;ved=0ahUKEwj6nu6ckqWMAxULSGwGHQcyH5AQ4dUDCA8&amp;uact=5&amp;oq=Buy+cocaine+powder+online&amp;gs_lp=Egxnd3Mtd2l6LXNlcnAiGUJ1eSBjb2NhaW5lIHBvd2RlciBvbmxpbmVI1QpQ2ANY2ANwAXgAkAEAmAG9AaABvQGqAQMwLjG4AQPIAQD4AQH4AQKYAgGgAjmoAhTCAgcQIxgnGOoCwgIQEAAYAxi0AhjqAhiPAdgBAZgDOfEFP9FMYW7Zscm6BgYIARABGAqSBwExoAdNsgcAuAcA&amp;sclient=gws-wiz-serp\">pu\u00f2 essere pericoloso per la tua salute<\/a>.<\/p>\n<p>Pertanto, prima di utilizzare un farmaco cos\u00ec efficace, \u00e8 necessario controllarlo. Le persone utilizzano questa sostanza in polvere in vari modi, come iniettarla direttamente in vena o fumarla come una sigaretta. La tecnica migliore da utilizzare dipende dalle circostanze fisiche e mentali uniche di ciascun individuo.<\/p>\n<p>Sebbene sia estremamente rischioso, alcune persone hanno utilizzato questa polvere mescolandola a bevande analcoliche.<\/p>\n<h3><strong>Cocaina in polvere per scopi medici<\/strong><\/h3>\n<p>Aggiungendo pi\u00f9 sostanze chimiche al cervello, <a href=\"https:\/\/www.google.com\/search?q=Buy+cocaine+powder+online&amp;sca_esv=7d1b82273738a5db&amp;sxsrf=AHTn8zrpCV8se75n1P5zO_BMxsJNg31gNg%3A1742902621086&amp;ei=XZXiZ7r8BIuQseMPh-T8gAk&amp;ved=0ahUKEwj6nu6ckqWMAxULSGwGHQcyH5AQ4dUDCA8&amp;uact=5&amp;oq=Buy+cocaine+powder+online&amp;gs_lp=Egxnd3Mtd2l6LXNlcnAiGUJ1eSBjb2NhaW5lIHBvd2RlciBvbmxpbmVI1QpQ2ANY2ANwAXgAkAEAmAG9AaABvQGqAQMwLjG4AQPIAQD4AQH4AQKYAgGgAjmoAhTCAgcQIxgnGOoCwgIQEAAYAxi0AhjqAhiPAdgBAZgDOfEFP9FMYW7Zscm6BgYIARABGAqSBwExoAdNsgcAuAcA&amp;sclient=gws-wiz-serp\">la polvere di cocaina rafforza anche il suo sistema di risposta<\/a>. Quando trattano pazienti che soffrono di apatia nel comportamento e nei movimenti, i medici prescrivono questo farmaco.<\/p>\n<h3><strong>In vendita: Cocaina cloridrato<\/strong><\/h3>\n<p>I medici la usano anche per alleviare il disagio durante molti interventi chirurgici. Poich\u00e9 d\u00e0 una sensazione di gioia e vitalit\u00e0 alla mente, la sua breve durata \u00e8 estremamente benefica per l'uomo. Grazie a queste propriet\u00e0, \u00e8 popolare tra molte persone in tutto il mondo.<\/p>\n<p>Tutti hanno facile accesso alla disponibilit\u00e0 di cocaina in polvere sul mercato internet. Inoltre, il nostro negozio web offre questa polvere eccezionale a prezzi incredibilmente convenienti. Inoltre, offriamo la consegna pi\u00f9 rapida possibile del prodotto direttamente a casa vostra.<\/p>\n<h3><strong>Acquistare cocaina online: Come funziona il processo di ordinazione discreta<\/strong><\/h3>\n<p>Con noi puoi <a href=\"https:\/\/www.bing.com\/search?q=Buy%20cocaine%20powder%20online&amp;qs=n&amp;form=QBRE&amp;sp=-1&amp;lq=0&amp;pq=buy%20cocaine%20powder%20online&amp;sc=0-25&amp;sk=&amp;cvid=052784CD6D47407798C456B3F3F56911&amp;ghsh=0&amp;ghacc=0&amp;ghpl=\">ordina la cocaina facilmente e comodamente online<\/a>Con noi potete ordinare la cocaina facilmente e comodamente online. Il nostro negozio \u00e8 strutturato in modo molto chiaro, in modo che possiate trovare rapidamente il prodotto giusto. Potete scegliere tra diverse quantit\u00e0 e qualit\u00e0 e ottenere sempre il miglior rapporto qualit\u00e0-prezzo. Inoltre, offriamo regolarmente offerte speciali e sconti, in modo che possiate acquistare la cocaina a un prezzo ancora pi\u00f9 conveniente.<\/p>\n<h3><strong>Ordinare cocaina online: Approfittate della nostra ampia gamma di prodotti a base di cocaina<\/strong><\/h3>\n<p><a href=\"https:\/\/www.bing.com\/search?q=Buy%20cocaine%20powder%20online&amp;qs=n&amp;form=QBRE&amp;sp=-1&amp;lq=0&amp;pq=buy%20cocaine%20powder%20online&amp;sc=0-25&amp;sk=&amp;cvid=052784CD6D47407798C456B3F3F56911&amp;ghsh=0&amp;ghacc=0&amp;ghpl=\">La nostra elaborazione dei pagamenti \u00e8 molto sicura e semplice<\/a>La nostra elaborazione dei pagamenti \u00e8 molto sicura e semplice. Accettiamo solo pagamenti in Bitcoin per garantire che tutte le transazioni siano anonime e sicure. Se decidete di acquistare cocaina da noi, non dovete preoccuparvi di essere scoperti perch\u00e9 prendiamo tutte le precauzioni necessarie per proteggere la vostra privacy.<\/p>\n<p>Il nostro obiettivo \u00e8 assicurarci che tu possa acquistare il <a href=\"https:\/\/duckduckgo.com\/?q=Buy+cocaine+powder+online&amp;t=h_&amp;ia=web\">best cocaine online<\/a>Il nostro obiettivo \u00e8 fare in modo che possiate acquistare la migliore cocaina online. Lavoriamo solo con i migliori produttori e controlliamo ogni prodotto prima di aggiungerlo al nostro negozio. Siamo sicuri che rimarrete stupiti dalla qualit\u00e0 della nostra cocaina.<\/p>\n<h3><strong>Cocaina premium online: Il nostro negozio di cocaina vi offre la migliore cocaina ad un prezzo giusto<\/strong><\/h3>\n<p>Siamo sempre pronti ad aiutarvi per qualsiasi domanda o problema. Se avete bisogno di ulteriori informazioni, non esitate a contattarci. Saremo lieti di assistervi per qualsiasi domanda o richiesta.<\/p>\n<p>Nel complesso, acquistare cocaina da noi \u00e8 facile e sicuro. Offriamo una vasta gamma di prodotti di qualit\u00e0 superiore e disponibili ad un prezzo accessibile. Se volete acquistare la migliore cocaina online, allora siete nel posto giusto. Non vediamo l'ora di aiutarvi ad acquistare la vostra prossima cocaina. Ordinate oggi stesso e vivete la migliore esperienza di cocaina che abbiate mai avuto!<\/p>\n<h3><strong>Il posto migliore per acquistare cocaina online: Affidati al nostro negozio professionale di cocaina<\/strong><\/h3>\n<p><a href=\"https:\/\/duckduckgo.com\/?q=Buy+cocaine+powder+online&amp;t=h_&amp;ia=web\">Acquista COCAINA online<\/a>, Si prega di non guidare se si \u00e8 assunta cocaina o altre droghe. Nel nostro negozio non \u00e8 possibile ordinare solo cocaina. Potete anche acquistare facilmente altre droghe online. Qui \u00e8 possibile ad es.<\/p>","protected":false},"excerpt":{"rendered":"<p>Buy cocaine powder online Buy COCAINE Online, The most popular form of Buy Nembutal is powder cocaine. For this reason it is also called a street drug. The coca plants, which are mainly found in southern countries, are used to make this powder . It is a powerful stimulant that acts directly on the central [&hellip;]<\/p>","protected":false},"featured_media":21238,"comment_status":"open","ping_status":"closed","template":"","meta":{"_joinchat":[]},"product_brand":[],"product_cat":[1179],"product_tag":[],"class_list":{"0":"post-21168","1":"product","2":"type-product","3":"status-publish","4":"has-post-thumbnail","6":"product_cat-buy-cocaine-online","8":"first","9":"instock","10":"shipping-taxable","11":"purchasable","12":"product-type-variable","13":"has-default-attributes","14":"add-to-wishlist-after_add_to_cart"},"yoast_head":"<!-- This site is optimized with the Yoast SEO plugin v25.9 - https:\/\/yoast.com\/wordpress\/plugins\/seo\/ -->\n<title>Buy Cocaine Online - Narco Powders<\/title>\n<meta name=\"description\" content=\"Kaufen COCAINE Online, kaufen ( cocain kaufen ) \u2013 schnell, einfach und diskret mit Bank\u00fcberweisung und Bitcoin heute. cocain bestllen.\" \/>\n<meta name=\"robots\" content=\"index, follow, max-snippet:-1, max-image-preview:large, max-video-preview:-1\" \/>\n<link rel=\"canonical\" href=\"https:\/\/narcopowders.com\/it\/prodotto\/acquistare-cocaina-online-2\/\" \/>\n<meta property=\"og:locale\" content=\"it_IT\" \/>\n<meta property=\"og:type\" content=\"article\" \/>\n<meta property=\"og:title\" content=\"Buy Cocaine Online - Narco Powders\" \/>\n<meta property=\"og:description\" content=\"Kaufen COCAINE Online, kaufen ( cocain kaufen ) \u2013 schnell, einfach und diskret mit Bank\u00fcberweisung und Bitcoin heute. cocain bestllen.\" \/>\n<meta property=\"og:url\" content=\"https:\/\/narcopowders.com\/it\/prodotto\/acquistare-cocaina-online-2\/\" \/>\n<meta property=\"og:site_name\" content=\"Narco Powders\" \/>\n<meta property=\"article:modified_time\" content=\"2025-03-25T11:53:53+00:00\" \/>\n<meta property=\"og:image\" content=\"https:\/\/narcopowders.com\/wp-content\/uploads\/2024\/05\/Cocaine.gif\" \/>\n\t<meta property=\"og:image:width\" content=\"600\" \/>\n\t<meta property=\"og:image:height\" content=\"600\" \/>\n\t<meta property=\"og:image:type\" content=\"image\/gif\" \/>\n<meta name=\"twitter:card\" content=\"summary_large_image\" \/>\n<meta name=\"twitter:label1\" content=\"Tempo di lettura stimato\" \/>\n\t<meta name=\"twitter:data1\" content=\"4 minuti\" \/>\n<!-- \/ Yoast SEO plugin. -->","yoast_head_json":{"title":"Comprare Cocaina Online - Polveri Narco","description":"Acquistare COCAINA online, acquistare ( cocain kaufen ) - in modo rapido, semplice e veloce con Bank\u00fcberweisung e Bitcoin. cocain bestllen.","robots":{"index":"index","follow":"follow","max-snippet":"max-snippet:-1","max-image-preview":"max-image-preview:large","max-video-preview":"max-video-preview:-1"},"canonical":"https:\/\/narcopowders.com\/it\/prodotto\/acquistare-cocaina-online-2\/","og_locale":"it_IT","og_type":"article","og_title":"Buy Cocaine Online - Narco Powders","og_description":"Kaufen COCAINE Online, kaufen ( cocain kaufen ) \u2013 schnell, einfach und diskret mit Bank\u00fcberweisung und Bitcoin heute. cocain bestllen.","og_url":"https:\/\/narcopowders.com\/it\/prodotto\/acquistare-cocaina-online-2\/","og_site_name":"Narco Powders","article_modified_time":"2025-03-25T11:53:53+00:00","og_image":[{"width":600,"height":600,"url":"https:\/\/narcopowders.com\/wp-content\/uploads\/2024\/05\/Cocaine.gif","type":"image\/gif"}],"twitter_card":"summary_large_image","twitter_misc":{"Tempo di lettura stimato":"4 minuti"},"schema":{"@context":"https:\/\/schema.org","@graph":[{"@type":"WebPage","@id":"https:\/\/narcopowders.com\/product\/buy-cocaine-online\/","url":"https:\/\/narcopowders.com\/product\/buy-cocaine-online\/","name":"Comprare Cocaina Online - Polveri Narco","isPartOf":{"@id":"https:\/\/narcopowders.com\/#website"},"primaryImageOfPage":{"@id":"https:\/\/narcopowders.com\/product\/buy-cocaine-online\/#primaryimage"},"image":{"@id":"https:\/\/narcopowders.com\/product\/buy-cocaine-online\/#primaryimage"},"thumbnailUrl":"https:\/\/narcopowders.com\/wp-content\/uploads\/2024\/05\/Cocaine.gif","datePublished":"2024-05-23T06:17:24+00:00","dateModified":"2025-03-25T11:53:53+00:00","description":"Acquistare COCAINA online, acquistare ( cocain kaufen ) - in modo rapido, semplice e veloce con Bank\u00fcberweisung e Bitcoin. cocain bestllen.","breadcrumb":{"@id":"https:\/\/narcopowders.com\/product\/buy-cocaine-online\/#breadcrumb"},"inLanguage":"it-IT","potentialAction":[{"@type":"ReadAction","target":["https:\/\/narcopowders.com\/product\/buy-cocaine-online\/"]}]},{"@type":"ImageObject","inLanguage":"it-IT","@id":"https:\/\/narcopowders.com\/product\/buy-cocaine-online\/#primaryimage","url":"https:\/\/narcopowders.com\/wp-content\/uploads\/2024\/05\/Cocaine.gif","contentUrl":"https:\/\/narcopowders.com\/wp-content\/uploads\/2024\/05\/Cocaine.gif","width":600,"height":600,"caption":"Buy Cocaine online"},{"@type":"BreadcrumbList","@id":"https:\/\/narcopowders.com\/product\/buy-cocaine-online\/#breadcrumb","itemListElement":[{"@type":"ListItem","position":1,"name":"Home","item":"https:\/\/narcopowders.com\/"},{"@type":"ListItem","position":2,"name":"Shop Page","item":"https:\/\/narcopowders.com\/shop\/"},{"@type":"ListItem","position":3,"name":"Buy Cocaine Online"}]},{"@type":"WebSite","@id":"https:\/\/narcopowders.com\/#website","url":"https:\/\/narcopowders.com\/","name":"Polveri Narco","description":"Il mio blog WordPress","potentialAction":[{"@type":"SearchAction","target":{"@type":"EntryPoint","urlTemplate":"https:\/\/narcopowders.com\/?s={search_term_string}"},"query-input":{"@type":"PropertyValueSpecification","valueRequired":true,"valueName":"search_term_string"}}],"inLanguage":"it-IT"}]}},"_links":{"self":[{"href":"https:\/\/narcopowders.com\/it\/wp-json\/wp\/v2\/product\/21168","targetHints":{"allow":["GET"]}}],"collection":[{"href":"https:\/\/narcopowders.com\/it\/wp-json\/wp\/v2\/product"}],"about":[{"href":"https:\/\/narcopowders.com\/it\/wp-json\/wp\/v2\/types\/product"}],"replies":[{"embeddable":true,"href":"https:\/\/narcopowders.com\/it\/wp-json\/wp\/v2\/comments?post=21168"}],"wp:featuredmedia":[{"embeddable":true,"href":"https:\/\/narcopowders.com\/it\/wp-json\/wp\/v2\/media\/21238"}],"wp:attachment":[{"href":"https:\/\/narcopowders.com\/it\/wp-json\/wp\/v2\/media?parent=21168"}],"wp:term":[{"taxonomy":"product_brand","embeddable":true,"href":"https:\/\/narcopowders.com\/it\/wp-json\/wp\/v2\/product_brand?post=21168"},{"taxonomy":"product_cat","embeddable":true,"href":"https:\/\/narcopowders.com\/it\/wp-json\/wp\/v2\/product_cat?post=21168"},{"taxonomy":"product_tag","embeddable":true,"href":"https:\/\/narcopowders.com\/it\/wp-json\/wp\/v2\/product_tag?post=21168"}],"curies":[{"name":"wp","href":"https:\/\/api.w.org\/{rel}","templated":true}]}}