{"id":4182,"date":"2015-06-20T16:11:19","date_gmt":"2015-06-20T16:11:19","guid":{"rendered":"https:\/\/sophiechems.com\/?page_id=4182"},"modified":"2023-01-05T12:09:35","modified_gmt":"2023-01-05T12:09:35","slug":"about-us","status":"publish","type":"page","link":"https:\/\/narcopowders.com\/nl\/over-ons\/","title":{"rendered":"Over ons"},"content":{"rendered":"<div data-elementor-type=\"wp-page\" data-elementor-id=\"4182\" class=\"elementor elementor-4182\">\n\t\t\t\t\t\t<section class=\"elementor-section elementor-top-section elementor-element elementor-element-56550d3 elementor-section-boxed elementor-section-height-default elementor-section-height-default\" data-id=\"56550d3\" data-element_type=\"section\">\n\t\t\t\t\t\t<div class=\"elementor-container elementor-column-gap-default\">\n\t\t\t\t\t<div class=\"elementor-column elementor-col-100 elementor-top-column elementor-element elementor-element-ccd29ae\" data-id=\"ccd29ae\" data-element_type=\"column\">\n\t\t\t<div class=\"elementor-widget-wrap elementor-element-populated\">\n\t\t\t\t\t\t<div class=\"elementor-element elementor-element-ef9364e elementor-widget-tablet__width-initial elementor-widget elementor-widget-text-editor\" data-id=\"ef9364e\" data-element_type=\"widget\" data-widget_type=\"text-editor.default\">\n\t\t\t\t<div class=\"elementor-widget-container\">\n\t\t\t<style>\/*! elementor - v3.23.0 - 05-08-2024 *\/\n.elementor-widget-text-editor.elementor-drop-cap-view-stacked .elementor-drop-cap{background-color:#69727d;color:#fff}.elementor-widget-text-editor.elementor-drop-cap-view-framed .elementor-drop-cap{color:#69727d;border:3px solid;background-color:transparent}.elementor-widget-text-editor:not(.elementor-drop-cap-view-default) .elementor-drop-cap{margin-top:8px}.elementor-widget-text-editor:not(.elementor-drop-cap-view-default) .elementor-drop-cap-letter{width:1em;height:1em}.elementor-widget-text-editor .elementor-drop-cap{float:left;text-align:center;line-height:1;font-size:50px}.elementor-widget-text-editor .elementor-drop-cap-letter{display:inline-block}<\/style>\t\t\t\t<h2 style=\"font-weight: bold; text-align: center;\">NarcoPowders wel <span style=\"color: #f50000;\">Grootste<\/span> Winkel voor coca\u00efne en hero\u00efne<\/h2><p style=\"text-align: center; max-width: 900px; margin: 0 auto;\">Als u op zoek bent naar coca\u00efne en hero\u00efne en niet weet waar u kunt bestellen. NarcoPowder is een betrouwbare leverancier van 100% pure en hoogwaardige coca\u00efne en hero\u00efne in Nederland, Japan, het VK en Europa.\u00a0<\/p>\t\t\t\t\t\t<\/div>\n\t\t\t\t<\/div>\n\t\t\t\t<div class=\"elementor-element elementor-element-595bf7e elementor-widget-tablet__width-initial elementor-widget elementor-widget-image\" data-id=\"595bf7e\" data-element_type=\"widget\" data-widget_type=\"image.default\">\n\t\t\t\t<div class=\"elementor-widget-container\">\n\t\t\t<style>\/*! elementor - v3.23.0 - 05-08-2024 *\/\n.elementor-widget-image{text-align:center}.elementor-widget-image a{display:inline-block}.elementor-widget-image a img[src$=\".svg\"]{width:48px}.elementor-widget-image img{vertical-align:middle;display:inline-block}<\/style>\t\t\t\t\t\t\t\t\t\t<img fetchpriority=\"high\" decoding=\"async\" width=\"1300\" height=\"460\" src=\"https:\/\/narcopowders.com\/wp-content\/uploads\/2023\/01\/about-us.jpg\" class=\"attachment-full size-full wp-image-19078\" alt=\"\" srcset=\"https:\/\/narcopowders.com\/wp-content\/uploads\/2023\/01\/about-us.jpg 1300w, https:\/\/narcopowders.com\/wp-content\/uploads\/2023\/01\/about-us-600x212.jpg 600w, https:\/\/narcopowders.com\/wp-content\/uploads\/2023\/01\/about-us-300x106.jpg 300w, https:\/\/narcopowders.com\/wp-content\/uploads\/2023\/01\/about-us-1024x362.jpg 1024w, https:\/\/narcopowders.com\/wp-content\/uploads\/2023\/01\/about-us-768x272.jpg 768w\" sizes=\"(max-width: 1300px) 100vw, 1300px\" \/>\t\t\t\t\t\t\t\t\t\t\t\t\t<\/div>\n\t\t\t\t<\/div>\n\t\t\t\t\t<\/div>\n\t\t<\/div>\n\t\t\t\t\t<\/div>\n\t\t<\/section>\n\t\t\t\t<section class=\"elementor-section elementor-top-section elementor-element elementor-element-818ccaf elementor-section-content-middle elementor-section-boxed elementor-section-height-default elementor-section-height-default\" data-id=\"818ccaf\" data-element_type=\"section\">\n\t\t\t\t\t\t<div class=\"elementor-container elementor-column-gap-no\">\n\t\t\t\t\t<div class=\"elementor-column elementor-col-50 elementor-top-column elementor-element elementor-element-0f669b6\" data-id=\"0f669b6\" data-element_type=\"column\">\n\t\t\t<div class=\"elementor-widget-wrap elementor-element-populated\">\n\t\t\t\t\t\t<div class=\"elementor-element elementor-element-fc721aa elementor-widget__width-initial elementor-widget-tablet__width-initial elementor-widget elementor-widget-text-editor\" data-id=\"fc721aa\" data-element_type=\"widget\" data-widget_type=\"text-editor.default\">\n\t\t\t\t<div class=\"elementor-widget-container\">\n\t\t\t\t\t\t\t<p><label class=\"label-info\">WIE ZIJN WE?<\/label><\/p><h3 style=\"font-weight: bold;\">ZOEKEN, SELECTEREN,<br \/>ONLINE KOPEN<\/h3><p>Narco Powders is een internationale leverancier van een breed scala aan drugs, waaronder coca\u00efne, hero\u00efne, enz. Gevestigd in Californi\u00eb, VS, leveren we drugs in Nederland, Duitsland, Oekra\u00efne en meer. Ons enige doel is om u alles te geven wat u nodig heeft om uw mentale en fysieke gezondheid te verbeteren.\u00a0<\/p>\t\t\t\t\t\t<\/div>\n\t\t\t\t<\/div>\n\t\t\t\t<div class=\"elementor-element elementor-element-b85c89d elementor-widget__width-initial elementor-widget-tablet__width-initial elementor-widget elementor-widget-text-editor\" data-id=\"b85c89d\" data-element_type=\"widget\" data-widget_type=\"text-editor.default\">\n\t\t\t\t<div class=\"elementor-widget-container\">\n\t\t\t\t\t\t\t<a class=\"button-text\" href=\"#\">Bekijk meer<\/a>\t\t\t\t\t\t<\/div>\n\t\t\t\t<\/div>\n\t\t\t\t\t<\/div>\n\t\t<\/div>\n\t\t\t\t<div class=\"elementor-column elementor-col-50 elementor-top-column elementor-element elementor-element-a5d50e5\" data-id=\"a5d50e5\" data-element_type=\"column\">\n\t\t\t<div class=\"elementor-widget-wrap elementor-element-populated\">\n\t\t\t\t\t\t<div class=\"elementor-element elementor-element-3f3ffcc elementor-widget elementor-widget-image\" data-id=\"3f3ffcc\" data-element_type=\"widget\" data-widget_type=\"image.default\">\n\t\t\t\t<div class=\"elementor-widget-container\">\n\t\t\t\t\t\t\t\t\t\t\t\t\t<img decoding=\"async\" width=\"600\" height=\"600\" src=\"https:\/\/narcopowders.com\/wp-content\/uploads\/2023\/01\/afghan-heroin.jpg\" class=\"attachment-full size-full wp-image-19243\" alt=\"Koop Afghaanse hero\u00efne online\" srcset=\"https:\/\/narcopowders.com\/wp-content\/uploads\/2023\/01\/afghan-heroin.jpg 600w, https:\/\/narcopowders.com\/wp-content\/uploads\/2023\/01\/afghan-heroin-300x300.jpg 300w, https:\/\/narcopowders.com\/wp-content\/uploads\/2023\/01\/afghan-heroin-100x100.jpg 100w, https:\/\/narcopowders.com\/wp-content\/uploads\/2023\/01\/afghan-heroin-150x150.jpg 150w, https:\/\/narcopowders.com\/wp-content\/uploads\/2023\/01\/afghan-heroin-440x440.jpg 440w, https:\/\/narcopowders.com\/wp-content\/uploads\/2023\/01\/afghan-heroin-120x120.jpg 120w, https:\/\/narcopowders.com\/wp-content\/uploads\/2023\/01\/afghan-heroin-46x46.jpg 46w\" sizes=\"(max-width: 600px) 100vw, 600px\" \/>\t\t\t\t\t\t\t\t\t\t\t\t\t<\/div>\n\t\t\t\t<\/div>\n\t\t\t\t\t<\/div>\n\t\t<\/div>\n\t\t\t\t\t<\/div>\n\t\t<\/section>\n\t\t\t\t<section class=\"elementor-section elementor-top-section elementor-element elementor-element-91a89b3 elementor-section-boxed elementor-section-height-default elementor-section-height-default\" data-id=\"91a89b3\" data-element_type=\"section\">\n\t\t\t\t\t\t<div class=\"elementor-container elementor-column-gap-default\">\n\t\t\t\t\t<div class=\"elementor-column elementor-col-100 elementor-top-column elementor-element elementor-element-f9b13fb\" data-id=\"f9b13fb\" data-element_type=\"column\">\n\t\t\t<div class=\"elementor-widget-wrap elementor-element-populated\">\n\t\t\t\t\t\t<div class=\"elementor-element elementor-element-bb6c3b3 elementor-widget elementor-widget-text-editor\" data-id=\"bb6c3b3\" data-element_type=\"widget\" data-widget_type=\"text-editor.default\">\n\t\t\t\t<div class=\"elementor-widget-container\">\n\t\t\t\t\t\t\t<h2><strong>Koop crack-coca\u00efne online bij Narco Powders<\/strong><\/h2><p>Onze medicijnen zijn verkrijgbaar in 97% pure poedervorm en te bestellen vanaf 3 gram. Jij kan\u00a0<strong>online crack-coca\u00efne bestellen<\/strong>\u00a0in bulk uit onze winkel. Het hydrochloride is ge\u00eblimineerd en er zijn geen verontreinigingen in de stof. Net als coca\u00efnepoeder kan crack-coca\u00efne worden gebruikt om de neus dicht te schroeien om het bloeden te stoppen en zenuwsignalen te remmen.<\/p><h3><strong>Wij zorgen voor de veilige en snelle levering van medicijnen<\/strong><\/h3><p>Onze levertijden zijn snel en effici\u00ebnt, wat betekent dat u er altijd op kunt rekenen dat wij uw bestellingen snel leveren. En als we nog iets anders voor je kunnen doen, staat ons team van experts 24\/7 voor je klaar. We begrijpen dat klantenservice belangrijk is, dus we zijn trots op ons uitgebreide ondersteuningssysteem.<\/p><p>Om maximale veiligheid voor al onze klanten te garanderen, voeren we uitgebreide beoordelingen en analyses van de buitenlandse markt uit voordat we besluiten nemen over uitbreiding naar nieuwe markten. Dit helpt ons om potenti\u00eble risico's te vermijden en toch geweldige resultaten te leveren aan onze klanten.<\/p><p>Van het beantwoorden van vragen over onze producten tot het oplossen van problemen na aankoop, we zijn er om te helpen.<\/p><h2><strong>Waarom kiezen voor Narco Powders?<\/strong><\/h2><ul><li><strong>Hoogwaardige medicijnen:<\/strong>Met Narco Powders hoef je je nooit zorgen te maken dat je een verkeerde dosering krijgt of een medicijn krijgt dat niet aan je eisen voldoet.<\/li><li><strong>Volledige privacy gegarandeerd:\u00a0<\/strong>U hoeft zich geen zorgen te maken dat financi\u00eble gegevens of persoonlijke gegevens worden gedeeld met derden. Alles is volledig vertrouwelijk en veilig.<\/li><li><strong>Gemakkelijke betalingsopties:<\/strong>Narco Powders accepteert ook verschillende vormen van traditionele valuta, zoals Amerikaanse dollars en euro's. Als u niet vertrouwd bent met cryptocurrency of mobiele betalingen, zijn er altijd meer opties voor u beschikbaar.<\/li><li><strong>Deskundig team van professionals\u00a0<\/strong>Bij ons bedrijf weten we wat er nodig is om kwaliteitsproducten en -diensten te leveren die zowel u als uw klanten ten goede komen.<\/li><li><strong>Kosteneffectieve medicijnen\u00a0<\/strong>Narco Powders streeft ernaar alleen hoogwaardige, veilige medicijnen te leveren tegen een betaalbare prijs.<\/li><\/ul><p><strong>Tijdige levering over de hele wereld\u00a0<\/strong>Onze leveringsnetwerken zijn nationaal en internationaal bereikbaar, zodat we u altijd op tijd kunnen voorzien van de producten die u nodig heeft.<\/p>\t\t\t\t\t\t<\/div>\n\t\t\t\t<\/div>\n\t\t\t\t\t<\/div>\n\t\t<\/div>\n\t\t\t\t\t<\/div>\n\t\t<\/section>\n\t\t\t\t<\/div>","protected":false},"excerpt":{"rendered":"<p>NarcoPowders is Largest Cocaine &amp; Heroin Store If you are searching to buy Cocaine and Heroin and don&#8217;t know from where you can order. NarcoPowder is a trustworthy supplier of 100% pure and high quality cocaine and heroin in USA, Canada, UK, Europe.\u00a0 WHO ARE WE? SEARCH, SELECT,BUY ONLINE Narco Powders is an international supplier [&hellip;]<\/p>","protected":false},"author":1,"featured_media":0,"parent":0,"menu_order":0,"comment_status":"closed","ping_status":"closed","template":"","meta":{"_joinchat":[],"footnotes":""},"class_list":["post-4182","page","type-page","status-publish","hentry"],"yoast_head":"<!-- This site is optimized with the Yoast SEO plugin v27.5 - https:\/\/yoast.com\/product\/yoast-seo-wordpress\/ -->\n<title>About us - Narco Powders<\/title>\n<meta name=\"robots\" content=\"index, follow, max-snippet:-1, max-image-preview:large, max-video-preview:-1\" \/>\n<link rel=\"canonical\" href=\"https:\/\/narcopowders.com\/nl\/over-ons\/\" \/>\n<meta property=\"og:locale\" content=\"nl_NL\" \/>\n<meta property=\"og:type\" content=\"article\" \/>\n<meta property=\"og:title\" content=\"About us - Narco Powders\" \/>\n<meta property=\"og:description\" content=\"NarcoPowders is Largest Cocaine &amp; Heroin Store If you are searching to buy Cocaine and Heroin and don&#8217;t know from where you can order. NarcoPowder is a trustworthy supplier of 100% pure and high quality cocaine and heroin in USA, Canada, UK, Europe.\u00a0 WHO ARE WE? SEARCH, SELECT,BUY ONLINE Narco Powders is an international supplier [&hellip;]\" \/>\n<meta property=\"og:url\" content=\"https:\/\/narcopowders.com\/nl\/over-ons\/\" \/>\n<meta property=\"og:site_name\" content=\"Narco Powders\" \/>\n<meta property=\"article:modified_time\" content=\"2023-01-05T12:09:35+00:00\" \/>\n<meta property=\"og:image\" content=\"https:\/\/narcopowders.com\/wp-content\/uploads\/2023\/01\/about-us.jpg\" \/>\n<meta name=\"twitter:card\" content=\"summary_large_image\" \/>\n<meta name=\"twitter:label1\" content=\"Geschatte leestijd\" \/>\n\t<meta name=\"twitter:data1\" content=\"2 minuten\" \/>\n<!-- \/ Yoast SEO plugin. -->","yoast_head_json":{"title":"Over ons - Narco Powders","robots":{"index":"index","follow":"follow","max-snippet":"max-snippet:-1","max-image-preview":"max-image-preview:large","max-video-preview":"max-video-preview:-1"},"canonical":"https:\/\/narcopowders.com\/nl\/over-ons\/","og_locale":"nl_NL","og_type":"article","og_title":"About us - Narco Powders","og_description":"NarcoPowders is Largest Cocaine &amp; Heroin Store If you are searching to buy Cocaine and Heroin and don&#8217;t know from where you can order. NarcoPowder is a trustworthy supplier of 100% pure and high quality cocaine and heroin in USA, Canada, UK, Europe.\u00a0 WHO ARE WE? SEARCH, SELECT,BUY ONLINE Narco Powders is an international supplier [&hellip;]","og_url":"https:\/\/narcopowders.com\/nl\/over-ons\/","og_site_name":"Narco Powders","article_modified_time":"2023-01-05T12:09:35+00:00","og_image":[{"url":"https:\/\/narcopowders.com\/wp-content\/uploads\/2023\/01\/about-us.jpg","type":"","width":"","height":""}],"twitter_card":"summary_large_image","twitter_misc":{"Geschatte leestijd":"2 minuten"},"schema":{"@context":"https:\/\/schema.org","@graph":[{"@type":"WebPage","@id":"https:\/\/narcopowders.com\/about-us\/","url":"https:\/\/narcopowders.com\/about-us\/","name":"Over ons - Narco Powders","isPartOf":{"@id":"https:\/\/narcopowders.com\/#website"},"primaryImageOfPage":{"@id":"https:\/\/narcopowders.com\/about-us\/#primaryimage"},"image":{"@id":"https:\/\/narcopowders.com\/about-us\/#primaryimage"},"thumbnailUrl":"https:\/\/narcopowders.com\/wp-content\/uploads\/2023\/01\/about-us.jpg","datePublished":"2015-06-20T16:11:19+00:00","dateModified":"2023-01-05T12:09:35+00:00","breadcrumb":{"@id":"https:\/\/narcopowders.com\/about-us\/#breadcrumb"},"inLanguage":"nl-NL","potentialAction":[{"@type":"ReadAction","target":["https:\/\/narcopowders.com\/about-us\/"]}]},{"@type":"ImageObject","inLanguage":"nl-NL","@id":"https:\/\/narcopowders.com\/about-us\/#primaryimage","url":"https:\/\/narcopowders.com\/wp-content\/uploads\/2023\/01\/about-us.jpg","contentUrl":"https:\/\/narcopowders.com\/wp-content\/uploads\/2023\/01\/about-us.jpg"},{"@type":"BreadcrumbList","@id":"https:\/\/narcopowders.com\/about-us\/#breadcrumb","itemListElement":[{"@type":"ListItem","position":1,"name":"Home","item":"https:\/\/narcopowders.com\/"},{"@type":"ListItem","position":2,"name":"About us"}]},{"@type":"WebSite","@id":"https:\/\/narcopowders.com\/#website","url":"https:\/\/narcopowders.com\/","name":"Narco Poeders","description":"Mijn WordPress Blog","potentialAction":[{"@type":"SearchAction","target":{"@type":"EntryPoint","urlTemplate":"https:\/\/narcopowders.com\/?s={search_term_string}"},"query-input":{"@type":"PropertyValueSpecification","valueRequired":true,"valueName":"search_term_string"}}],"inLanguage":"nl-NL"}]}},"_links":{"self":[{"href":"https:\/\/narcopowders.com\/nl\/wp-json\/wp\/v2\/pages\/4182","targetHints":{"allow":["GET"]}}],"collection":[{"href":"https:\/\/narcopowders.com\/nl\/wp-json\/wp\/v2\/pages"}],"about":[{"href":"https:\/\/narcopowders.com\/nl\/wp-json\/wp\/v2\/types\/page"}],"author":[{"embeddable":true,"href":"https:\/\/narcopowders.com\/nl\/wp-json\/wp\/v2\/users\/1"}],"replies":[{"embeddable":true,"href":"https:\/\/narcopowders.com\/nl\/wp-json\/wp\/v2\/comments?post=4182"}],"version-history":[{"count":28,"href":"https:\/\/narcopowders.com\/nl\/wp-json\/wp\/v2\/pages\/4182\/revisions"}],"predecessor-version":[{"id":19275,"href":"https:\/\/narcopowders.com\/nl\/wp-json\/wp\/v2\/pages\/4182\/revisions\/19275"}],"wp:attachment":[{"href":"https:\/\/narcopowders.com\/nl\/wp-json\/wp\/v2\/media?parent=4182"}],"curies":[{"name":"wp","href":"https:\/\/api.w.org\/{rel}","templated":true}]}}