{"id":19145,"date":"2023-01-02T10:20:37","date_gmt":"2023-01-02T10:20:37","guid":{"rendered":"https:\/\/nembutalhouse.com\/narco\/?post_type=product&#038;p=19145"},"modified":"2025-03-25T11:57:14","modified_gmt":"2025-03-25T11:57:14","slug":"colombian-cocaine","status":"publish","type":"product","link":"https:\/\/narcopowders.com\/nl\/product\/colombiaanse-cocaine\/","title":{"rendered":"Koop Colombiaanse coca\u00efne online"},"content":{"rendered":"<h2 style=\"text-align: justify;\">Koop Colombiaanse coca\u00efne online<\/h2>\n<p style=\"text-align: justify;\">Ben je op zoek naar\u00a0<a href=\"https:\/\/narcopowders.com\/nl\/product\/colombiaanse-cocaine\/\"><strong>Colombiaanse coca\u00efne online kopen<\/strong><\/a>? If so, <a href=\"https:\/\/narcopowders.com\/nl\/\">Narco Poeders<\/a> is de perfecte plek voor jou. Hier vind je een ruime keuze aan <a href=\"https:\/\/en.wikipedia.org\/wiki\/Cocaine\">hoogwaardige coca\u00efne<\/a> producten die gemaakt zijn van Colombiaanse cocabladeren.<\/p>\n<h3 style=\"text-align: justify;\">Hoe wordt Colombiaanse coca\u00efne gemaakt?<\/h3>\n<p style=\"text-align: justify;\"><a href=\"https:\/\/www.bing.com\/search?q=Buy%20Colombian%20Cocaine%20Online&amp;qs=n&amp;form=QBRE&amp;sp=-1&amp;lq=0&amp;pq=buy%20colombian%20cocaine%20online&amp;sc=1-28&amp;sk=&amp;cvid=B9F08B78D28D4CFF9767D05E320B96BB&amp;ghsh=0&amp;ghacc=0&amp;ghpl=\">Colombian cocaine<\/a> Colombiaanse coca\u00efne is een van de meest populaire drugs op de markt. Het is een krachtig stimulerend middel dat kan helpen het energieniveau te verhogen en de focus te verbeteren. Om Colombiaanse coca\u00efne te produceren, moeten boeren eerst cocabladeren telen in het Andesgebergte. Zodra de cocabladeren zijn gegroeid, worden ze geoogst en verwerkt tot coca\u00efnehydrochloridekristallen. Dit proces omvat het destilleren van de bladeren met behulp van verschillende chemische processen, waaronder wassen met zuur en etherextractie. Ten slotte wordt coca\u00efne naar het buitenland verscheept om op de zwarte markt te worden verkocht.<\/p>\n<p style=\"text-align: justify;\">Drugshandelnetwerken gebruiken verschillende routes en havens om drugs te smokkelen <a href=\"https:\/\/www.google.de\/search?q=Buy+Colombian+Cocaine+Online&amp;sca_esv=1a2a07081c7891bb&amp;rlz=1C1RXQR_enIN1098IN1098&amp;ei=arjOZ5WFK-z21e8P98PxkAg&amp;ved=0ahUKEwiV4ujroP-LAxVse_UHHfdhHIIQ4dUDCBA&amp;uact=5&amp;oq=Buy+Colombian+Cocaine+Online&amp;gs_lp=Egxnd3Mtd2l6LXNlcnAiHEJ1eSBDb2xvbWJpYW4gQ29jYWluZSBPbmxpbmVIkAhQjQRYjQRwA3gAkAEAmAGqAaABqgGqAQMwLjG4AQPIAQD4AQL4AQGYAgCgAgCYAwCIBgGSBwCgB1A&amp;sclient=gws-wiz-serp\">Colombian cocaine<\/a> Netwerken voor drugshandel gebruiken verschillende routes en havens om Colombiaanse coca\u00efne naar Europa en andere delen van de wereld te smokkelen, waar het waardevoller is dan andere soorten drugs. Vanwege deze factoren zijn er vaak aanzienlijke verschillen tussen de\u00a0<a href=\"https:\/\/www.bing.com\/search?q=Buy%20Colombian%20Cocaine%20Online&amp;qs=n&amp;form=QBRE&amp;sp=-1&amp;lq=0&amp;pq=buy%20colombian%20cocaine%20online&amp;sc=1-28&amp;sk=&amp;cvid=B9F08B78D28D4CFF9767D05E320B96BB&amp;ghsh=0&amp;ghacc=0&amp;ghpl=\"><strong>Colombiaanse coca\u00efneprijs <\/strong><\/a>en de prijs van andere soorten drugs op de markt.<\/p>\n<h3 style=\"text-align: justify;\">Voordelen van Colombiaanse coca\u00efne<\/h3>\n<p style=\"text-align: justify;\">The use of <a href=\"https:\/\/www.google.de\/search?q=Buy+Colombian+Cocaine+Online&amp;sca_esv=1a2a07081c7891bb&amp;rlz=1C1RXQR_enIN1098IN1098&amp;ei=arjOZ5WFK-z21e8P98PxkAg&amp;ved=0ahUKEwiV4ujroP-LAxVse_UHHfdhHIIQ4dUDCBA&amp;uact=5&amp;oq=Buy+Colombian+Cocaine+Online&amp;gs_lp=Egxnd3Mtd2l6LXNlcnAiHEJ1eSBDb2xvbWJpYW4gQ29jYWluZSBPbmxpbmVIkAhQjQRYjQRwA3gAkAEAmAGqAaABqgGqAQMwLjG4AQPIAQD4AQL4AQGYAgCgAgCYAwCIBgGSBwCgB1A&amp;sclient=gws-wiz-serp\">Colombian cocaine<\/a> Het gebruik van Colombiaanse coca\u00efne kan verschillende voordelen bieden aan mensen die een sterkere euforie willen ervaren of die de drug willen gebruiken als onderdeel van een verslavingsbehandeling. Naast een intenser gevoel van plezier en alertheid dan andere coca\u00efnesoorten, heeft Colombiaanse coca\u00efne ook een hogere potentie dan andere soorten coca\u00efne, waardoor gebruikers de effecten kunnen ervaren met een veel kleinere hoeveelheid.\u00a0<strong>Colombiaanse coca\u00efne online<\/strong>\u00a0wordt ook vaak als wenselijker gezien vanwege de zuiverheid en het ontbreken van vervuiling met andere drugs.<\/p>\n<p style=\"text-align: justify;\">Of je nu in de stemming bent om te snuiven of te roken, wij hebben de perfecte <a href=\"https:\/\/duckduckgo.com\/?q=Buy+Colombian+Cocaine+Online&amp;t=h_&amp;ia=web\"><strong>Colombiaanse coca\u00efne te koop<\/strong><\/a>. Dus waarom probeer je Narco Powders vandaag niet eens? Je zult niet teleurgesteld zijn!<\/p>\n<h3 style=\"text-align: justify;\">Bijwerkingen van Colombiaanse coca\u00efne<\/h3>\n<p style=\"text-align: justify;\">Als het gaat om de bijwerkingen op korte termijn van coca\u00efnegebruik, kunnen gebruikers euforie of een rush ervaren, evenals meer energie en motivatie. Deze bijwerkingen duren meestal ongeveer een uur, maar ze kunnen vari\u00ebren afhankelijk van hoeveel coca\u00efne iemand heeft ingenomen. Langdurige bijwerkingen van coca\u00efnegebruik kunnen zijn: problemen met concentratie en focus, verhoogde hartslag en bloeddruk, slapeloosheid, snel gewichtsverlies of gewichtstoename, verslaving, toevallen, leverschade en zelfs de dood.<\/p>\n<h3 style=\"text-align: justify;\">Waar online Colombiaanse coca\u00efne bestellen?<\/h3>\n<p style=\"text-align: justify;\">Daar zijn veel goede redenen voor\u00a0<strong>coca\u00efne online bestellen<\/strong>\u00a0van Narco Powders. Ten eerste wordt door veel autoriteiten nog steeds gedebatteerd over de legaliteit van het online bestellen van coca\u00efne. Maar je kunt Colombiaanse coca\u00efne online bestellen zonder je zorgen te hoeven maken dat je gepakt wordt. Een andere reden om online coca\u00efne te kopen is de gemaksfactor. Met Narco-poeders kan dat\u00a0<a href=\"https:\/\/duckduckgo.com\/?q=Buy+Colombian+Cocaine+Online&amp;t=h_&amp;ia=web\"><strong>nakupovat kolumbijsk\u00fd kokain ve velk\u00e9m<\/strong><\/a> met gemak en zonder dat u uw huis of kantoor hoeft te verlaten. Last but not least zijn er verschillende soorten coca\u00efne te koop bij Narco Powders, van poeder tot crackstenen.<\/p>","protected":false},"excerpt":{"rendered":"<p>Buy Colombian Cocaine Online Are you looking to\u00a0buy Colombian cocaine online? If so, Narco Powders is the perfect place for you. Here, you&#8217;ll find a wide variety of high-quality cocaine products that are made from Colombian coca leaves. How Is Colombian Cocaine Made? Colombian cocaine is among the most popular drugs on the market. It&#8217;s [&hellip;]<\/p>","protected":false},"featured_media":19165,"comment_status":"open","ping_status":"closed","template":"","meta":{"_joinchat":[]},"product_brand":[],"product_cat":[1179],"product_tag":[1250,1244,1253,1257,1247,1252,1246,1245,1258,1251,1259,1248,1254,1249],"class_list":{"0":"post-19145","1":"product","2":"type-product","3":"status-publish","4":"has-post-thumbnail","6":"product_cat-buy-cocaine-online","7":"product_tag-benefits-of-colombian-cocaine","8":"product_tag-best-place-to-order-colombian-cocaine","9":"product_tag-buy-colombian-cocaine-legally","10":"product_tag-buy-colombian-cocaine-online-near-me","11":"product_tag-cheap-colombian-cocaine","12":"product_tag-colombian-cocaine-for-sale","13":"product_tag-colombian-cocaine-price","14":"product_tag-colombian-cocaine-wholesale","15":"product_tag-how-can-i-get-the-best-colombian-cocaine","16":"product_tag-how-to-order-colombian-cocaine","17":"product_tag-legit-colombian-cocaine-online","18":"product_tag-what-is-colombian-cocaine","19":"product_tag-where-can-i-buy-colombian-cocaine","20":"product_tag-where-to-buy-colombian-cocaine","22":"first","23":"instock","24":"shipping-taxable","25":"purchasable","26":"product-type-variable","27":"add-to-wishlist-after_add_to_cart"},"yoast_head":"<!-- This site is optimized with the Yoast SEO plugin v25.9 - https:\/\/yoast.com\/wordpress\/plugins\/seo\/ -->\n<title>Colombian Cocaine for Sale - Buy Colombian Cocaine Online<\/title>\n<meta name=\"description\" content=\"You can get high purity colombian cocaine for sale here. Buy colombian cocaine online, order colombian cocaine in bulk quantity at wholesale price.\" \/>\n<meta name=\"robots\" content=\"index, follow, max-snippet:-1, max-image-preview:large, max-video-preview:-1\" \/>\n<link rel=\"canonical\" href=\"https:\/\/narcopowders.com\/nl\/product\/colombiaanse-cocaine\/\" \/>\n<meta property=\"og:locale\" content=\"nl_NL\" \/>\n<meta property=\"og:type\" content=\"article\" \/>\n<meta property=\"og:title\" content=\"Colombian Cocaine for Sale - Buy Colombian Cocaine Online\" \/>\n<meta property=\"og:description\" content=\"You can get high purity colombian cocaine for sale here. Buy colombian cocaine online, order colombian cocaine in bulk quantity at wholesale price.\" \/>\n<meta property=\"og:url\" content=\"https:\/\/narcopowders.com\/nl\/product\/colombiaanse-cocaine\/\" \/>\n<meta property=\"og:site_name\" content=\"Narco Powders\" \/>\n<meta property=\"article:modified_time\" content=\"2025-03-25T11:57:14+00:00\" \/>\n<meta property=\"og:image\" content=\"https:\/\/narcopowders.com\/wp-content\/uploads\/2023\/01\/colombian-cocaine.jpg\" \/>\n\t<meta property=\"og:image:width\" content=\"600\" \/>\n\t<meta property=\"og:image:height\" content=\"600\" \/>\n\t<meta property=\"og:image:type\" content=\"image\/jpeg\" \/>\n<meta name=\"twitter:card\" content=\"summary_large_image\" \/>\n<meta name=\"twitter:label1\" content=\"Geschatte leestijd\" \/>\n\t<meta name=\"twitter:data1\" content=\"3 minuten\" \/>\n<!-- \/ Yoast SEO plugin. -->","yoast_head_json":{"title":"Colombiaanse coca\u00efne te koop - Koop Colombiaanse coca\u00efne online","description":"Je kunt hier zeer zuivere Colombiaanse coca\u00efne te koop krijgen. Koop Colombiaanse coca\u00efne online, bestel Colombiaanse coca\u00efne in grote hoeveelheden tegen groothandelsprijs.","robots":{"index":"index","follow":"follow","max-snippet":"max-snippet:-1","max-image-preview":"max-image-preview:large","max-video-preview":"max-video-preview:-1"},"canonical":"https:\/\/narcopowders.com\/nl\/product\/colombiaanse-cocaine\/","og_locale":"nl_NL","og_type":"article","og_title":"Colombian Cocaine for Sale - Buy Colombian Cocaine Online","og_description":"You can get high purity colombian cocaine for sale here. Buy colombian cocaine online, order colombian cocaine in bulk quantity at wholesale price.","og_url":"https:\/\/narcopowders.com\/nl\/product\/colombiaanse-cocaine\/","og_site_name":"Narco Powders","article_modified_time":"2025-03-25T11:57:14+00:00","og_image":[{"width":600,"height":600,"url":"https:\/\/narcopowders.com\/wp-content\/uploads\/2023\/01\/colombian-cocaine.jpg","type":"image\/jpeg"}],"twitter_card":"summary_large_image","twitter_misc":{"Geschatte leestijd":"3 minuten"},"schema":{"@context":"https:\/\/schema.org","@graph":[{"@type":"WebPage","@id":"https:\/\/narcopowders.com\/product\/colombian-cocaine\/","url":"https:\/\/narcopowders.com\/product\/colombian-cocaine\/","name":"Colombiaanse coca\u00efne te koop - Koop Colombiaanse coca\u00efne online","isPartOf":{"@id":"https:\/\/narcopowders.com\/#website"},"primaryImageOfPage":{"@id":"https:\/\/narcopowders.com\/product\/colombian-cocaine\/#primaryimage"},"image":{"@id":"https:\/\/narcopowders.com\/product\/colombian-cocaine\/#primaryimage"},"thumbnailUrl":"https:\/\/narcopowders.com\/wp-content\/uploads\/2023\/01\/colombian-cocaine.jpg","datePublished":"2023-01-02T10:20:37+00:00","dateModified":"2025-03-25T11:57:14+00:00","description":"Je kunt hier zeer zuivere Colombiaanse coca\u00efne te koop krijgen. Koop Colombiaanse coca\u00efne online, bestel Colombiaanse coca\u00efne in grote hoeveelheden tegen groothandelsprijs.","breadcrumb":{"@id":"https:\/\/narcopowders.com\/product\/colombian-cocaine\/#breadcrumb"},"inLanguage":"nl-NL","potentialAction":[{"@type":"ReadAction","target":["https:\/\/narcopowders.com\/product\/colombian-cocaine\/"]}]},{"@type":"ImageObject","inLanguage":"nl-NL","@id":"https:\/\/narcopowders.com\/product\/colombian-cocaine\/#primaryimage","url":"https:\/\/narcopowders.com\/wp-content\/uploads\/2023\/01\/colombian-cocaine.jpg","contentUrl":"https:\/\/narcopowders.com\/wp-content\/uploads\/2023\/01\/colombian-cocaine.jpg","width":600,"height":600,"caption":"Colombian Cocaine for Sale"},{"@type":"BreadcrumbList","@id":"https:\/\/narcopowders.com\/product\/colombian-cocaine\/#breadcrumb","itemListElement":[{"@type":"ListItem","position":1,"name":"Home","item":"https:\/\/narcopowders.com\/"},{"@type":"ListItem","position":2,"name":"Shop Page","item":"https:\/\/narcopowders.com\/shop\/"},{"@type":"ListItem","position":3,"name":"Buy Colombian Cocaine Online"}]},{"@type":"WebSite","@id":"https:\/\/narcopowders.com\/#website","url":"https:\/\/narcopowders.com\/","name":"Narco Poeders","description":"Mijn WordPress Blog","potentialAction":[{"@type":"SearchAction","target":{"@type":"EntryPoint","urlTemplate":"https:\/\/narcopowders.com\/?s={search_term_string}"},"query-input":{"@type":"PropertyValueSpecification","valueRequired":true,"valueName":"search_term_string"}}],"inLanguage":"nl-NL"}]}},"_links":{"self":[{"href":"https:\/\/narcopowders.com\/nl\/wp-json\/wp\/v2\/product\/19145","targetHints":{"allow":["GET"]}}],"collection":[{"href":"https:\/\/narcopowders.com\/nl\/wp-json\/wp\/v2\/product"}],"about":[{"href":"https:\/\/narcopowders.com\/nl\/wp-json\/wp\/v2\/types\/product"}],"replies":[{"embeddable":true,"href":"https:\/\/narcopowders.com\/nl\/wp-json\/wp\/v2\/comments?post=19145"}],"wp:featuredmedia":[{"embeddable":true,"href":"https:\/\/narcopowders.com\/nl\/wp-json\/wp\/v2\/media\/19165"}],"wp:attachment":[{"href":"https:\/\/narcopowders.com\/nl\/wp-json\/wp\/v2\/media?parent=19145"}],"wp:term":[{"taxonomy":"product_brand","embeddable":true,"href":"https:\/\/narcopowders.com\/nl\/wp-json\/wp\/v2\/product_brand?post=19145"},{"taxonomy":"product_cat","embeddable":true,"href":"https:\/\/narcopowders.com\/nl\/wp-json\/wp\/v2\/product_cat?post=19145"},{"taxonomy":"product_tag","embeddable":true,"href":"https:\/\/narcopowders.com\/nl\/wp-json\/wp\/v2\/product_tag?post=19145"}],"curies":[{"name":"wp","href":"https:\/\/api.w.org\/{rel}","templated":true}]}}