{"id":19146,"date":"2023-01-02T10:32:30","date_gmt":"2023-01-02T10:32:30","guid":{"rendered":"https:\/\/nembutalhouse.com\/narco\/?post_type=product&#038;p=19146"},"modified":"2025-03-25T12:04:02","modified_gmt":"2025-03-25T12:04:02","slug":"peruvian-cocaine","status":"publish","type":"product","link":"https:\/\/narcopowders.com\/nl\/product\/peruaanse-cocaine\/","title":{"rendered":"Koop Peruaanse coca\u00efne online"},"content":{"rendered":"<h2 style=\"text-align: justify;\">Koop Peruaanse coca\u00efne online<\/h2>\n<p style=\"text-align: justify;\">Ben je op zoek naar een authentieke en krachtige high?\u00a0<a href=\"https:\/\/en.wikipedia.org\/wiki\/Cocaine\"><strong>Peruaanse coca\u00efne online bestellen<\/strong><\/a>\u00a0from <a href=\"https:\/\/narcopowders.com\/nl\/\">Narco Poeders<\/a>. We specialize in providing only the highest-grade\u00a0<a href=\"https:\/\/narcopowders.com\/nl\/product\/peruaanse-cocaine\/\"><strong>Peruaanse coca\u00efne online<\/strong><\/a>, met een productieproces dat elke keer kwaliteit garandeert.<\/p>\n<h3 style=\"text-align: justify;\">Hoe wordt Peruaanse coca\u00efne geproduceerd?<\/h3>\n<p style=\"text-align: justify;\">Als je coca\u00efne wilt kopen, is het belangrijk om op de hoogte te zijn van de productiemethoden die worden gebruikt. Peruaanse coca\u00efne wordt op verschillende manieren vervaardigd. <a href=\"https:\/\/www.bing.com\/search?q=Buy%20Peruvian%20Cocaine%20Online&amp;qs=n&amp;form=QBRE&amp;sp=-1&amp;lq=0&amp;pq=buy%20peruvian%20cocaine%20online&amp;sc=0-27&amp;sk=&amp;cvid=876C4E7595D14B1B8CAAC2FBA0DFA998&amp;ghsh=0&amp;ghacc=0&amp;ghpl=\">Peruvian cocaine<\/a> wordt op verschillende manieren vervaardigd.<\/p>\n<p style=\"text-align: justify;\">De meest voorkomende manier om te produceren <a href=\"https:\/\/www.bing.com\/search?q=Buy%20Peruvian%20Cocaine%20Online&amp;qs=n&amp;form=QBRE&amp;sp=-1&amp;lq=0&amp;pq=buy%20peruvian%20cocaine%20online&amp;sc=0-27&amp;sk=&amp;cvid=876C4E7595D14B1B8CAAC2FBA0DFA998&amp;ghsh=0&amp;ghacc=0&amp;ghpl=\">Peruvian cocaine<\/a> De meest gebruikelijke manier om Peruaanse coca\u00efne te produceren is door middel van fermentatie. Tijdens de fermentatie worden cocabladeren gedrenkt in water en vervolgens verwerkt tot coca\u00efnehydrochloridekristallen. Dit proces levert een product van hoge kwaliteit op dat gemakkelijk te doseren is en geen speciale apparatuur of vaardigheden vereist.<\/p>\n<p style=\"text-align: justify;\">Een andere veelgebruikte methode voor de productie van Peruaanse coca\u00efne is extractie met ether. Tijdens de extractie worden cocabladeren geweekt in een etheroplossing en vervolgens verwerkt tot coca\u00efne. <a href=\"https:\/\/www.google.com\/search?q=Buy+Peruvian+Cocaine+Online&amp;num=10&amp;sca_esv=1a2a07081c7891bb&amp;rlz=1C1RXQR_enIN1098IN1098&amp;sxsrf=AHTn8zpGRXphTjpY2t0xOyM4zkE9wYTz3w%3A1741681471644&amp;ei=P_PPZ9b9JtSZvr0PpdysyQY&amp;ved=0ahUKEwiWmbeLzYGMAxXUjK8BHSUuK2kQ4dUDCBA&amp;uact=5&amp;oq=Buy+Peruvian+Cocaine+Online&amp;gs_lp=Egxnd3Mtd2l6LXNlcnAiG0J1eSBQZXJ1dmlhbiBDb2NhaW5lIE9ubGluZUjPGFD4Elj4EnADeACQAQCYAZ8BoAGfAaoBAzAuMbgBA8gBAPgBAvgBAZgCAKACAJgDAIgGAZIHAKAHTw&amp;sclient=gws-wiz-serp\">cocaine hydrochloride crystals<\/a>Dit proces is sneller dan fermentatie, maar de kwaliteit is minder consistent vanwege mogelijke variaties in de extractieomstandigheden.<\/p>\n<p style=\"text-align: justify;\">Eindelijk, <a href=\"https:\/\/www.google.com\/search?q=Buy+Peruvian+Cocaine+Online&amp;num=10&amp;sca_esv=1a2a07081c7891bb&amp;rlz=1C1RXQR_enIN1098IN1098&amp;sxsrf=AHTn8zpGRXphTjpY2t0xOyM4zkE9wYTz3w%3A1741681471644&amp;ei=P_PPZ9b9JtSZvr0PpdysyQY&amp;ved=0ahUKEwiWmbeLzYGMAxXUjK8BHSUuK2kQ4dUDCBA&amp;uact=5&amp;oq=Buy+Peruvian+Cocaine+Online&amp;gs_lp=Egxnd3Mtd2l6LXNlcnAiG0J1eSBQZXJ1dmlhbiBDb2NhaW5lIE9ubGluZUjPGFD4Elj4EnADeACQAQCYAZ8BoAGfAaoBAzAuMbgBA8gBAPgBAvgBAZgCAKACAJgDAIgGAZIHAKAHTw&amp;sclient=gws-wiz-serp\">Peruvian cocaine<\/a> Ten slotte wordt Peruaanse coca\u00efne ook geproduceerd met behulp van subkritische wateronderdompelingstechnieken (SWIM). SWIM omvat het weken van cocabladeren in water onder atmosferische druk totdat ze oplossen in vloeibare vorm, en vervolgens de opgeloste vaste stoffen extraheren met behulp van traditionele oplosmiddelextractietechnieken zoals destillatie of kristallisatie.<\/p>\n<p style=\"text-align: justify;\">Uiteindelijk, wanneer je\u00a0<a href=\"https:\/\/duckduckgo.com\/?q=Buy+Peruvian+Cocaine+Online&amp;t=h_&amp;ia=web\"><strong>Peruaanse coca\u00efne online kopen<\/strong><\/a> van Narco Powders, kunt u er zeker van zijn dat u een product van hoge kwaliteit krijgt dat aan uw specifieke behoeften voldoet.<\/p>\n<h3 style=\"text-align: justify;\">Voordelen van Peruaanse coca\u00efne<\/h3>\n<p style=\"text-align: justify;\">Daar bestaat geen twijfel over\u00a0<a href=\"https:\/\/duckduckgo.com\/?q=Buy+Peruvian+Cocaine+Online&amp;t=h_&amp;ia=web\"><strong>Peruaanse coca\u00efne te koop<\/strong><\/a> is een van de meest populaire drugs ter wereld. En met een goede reden: het is een krachtig stimulerend middel dat je energie kan stimuleren en je een gevoel van euforie kan geven. Veel gebruikers van Peruaanse coca\u00efne melden dat ze zich energieker en alerter voelen na het gebruik van de drug. Deze verbeterde energie kan helpen bij productiviteit, focus en probleemoplossing. <strong>Peruaanse coca\u00efne in bulk\u00a0<\/strong>op Narco Powders<strong>\u00a0<\/strong>kan ook helpen om plezierige gevoelens te vergroten, waardoor gebruikers meer kunnen genieten van recreatieve activiteiten, sociale gelegenheden en artistieke activiteiten dan ze zouden doen zonder het medicijn te gebruiken.<\/p>\n<h3 style=\"text-align: justify;\">Wat zijn de bijwerkingen van het gebruik van Peruaanse coca\u00efne?<\/h3>\n<p style=\"text-align: justify;\">Peruaanse coca\u00efne is een soort crack-coca\u00efne die vaak krachtiger is dan andere soorten crack-coca\u00efne. Dit betekent dat het mogelijk is om meer fysieke bijwerkingen te ervaren bij het gebruik van Peruaanse coca\u00efne dan bij andere soorten crack-coca\u00efne. Enkele mogelijke fysieke bijwerkingen van het gebruik van Peruaanse coca\u00efne zijn een verhoogde hartslag en bloeddruk, een hoger risico op ademhalingscomplicaties, verslaving en gedragsveranderingen, psychologische bijwerkingen zoals depressie, angst en parano\u00efde gedachten, ontwenningsverschijnselen, langdurige schade aan inwendige organen, zwangerschapsrisico's en andere gezondheidsproblemen.<\/p>\n<h3 style=\"text-align: justify;\">Waar kan ik authentieke Peruaanse coca\u00efne online kopen?<\/h3>\n<p style=\"text-align: justify;\">Ben je op zoek naar een manier om de volledige kracht van Peruaanse coca\u00efne te ervaren zonder het risico te lopen gepakt te worden? Zoek niet verder dan Narco Powders Hier kunt u hoogwaardige kwaliteit kopen\u00a0<strong>Peruaanse coca\u00efnegroothandel<\/strong>\u00a0online in een veilige omgeving. Onze producten zijn uniek omdat ze krachtiger zijn dan andere soorten coca\u00efne die op de markt verkrijgbaar zijn. Plaats nu uw bestelling!<\/p>","protected":false},"excerpt":{"rendered":"<p>Buy Peruvian Cocaine Online Are you looking for an authentic and powerful high?\u00a0Order Peruvian cocaine online\u00a0from Narco Powders. We specialize in providing only the highest-grade\u00a0Peruvian cocaine online, with a manufacturing process that ensures quality every time. How Is Peruvian Cocaine Manufactured? When you&#8217;re looking to buy cocaine, it&#8217;s important to be aware of the production [&hellip;]<\/p>","protected":false},"featured_media":19198,"comment_status":"open","ping_status":"closed","template":"","meta":{"_joinchat":[]},"product_brand":[],"product_cat":[1179],"product_tag":[1298,1292,1301,1304,1305,1303,1295,1306,1299,1307,1300,1294,1293,1296,1302,1297],"class_list":{"0":"post-19146","1":"product","2":"type-product","3":"status-publish","4":"has-post-thumbnail","6":"product_cat-buy-cocaine-online","7":"product_tag-benefits-of-peruvian-cocaine","8":"product_tag-best-place-to-order-peruvian-cocaine","9":"product_tag-buy-peruvian-cocaine-legally","10":"product_tag-buy-peruvian-cocaine-online-australia","11":"product_tag-buy-peruvian-cocaine-online-near-me","12":"product_tag-buy-peruvian-cocaine-online-usa","13":"product_tag-cheap-peruvian-cocaine","14":"product_tag-how-can-i-get-the-best-peruvian-cocaine","15":"product_tag-how-to-order-peruvian-cocaine","16":"product_tag-legit-peruvian-cocaine-online","17":"product_tag-peruvian-cocaine-for-sale","18":"product_tag-peruvian-cocaine-price","19":"product_tag-peruvian-cocaine-wholesale","20":"product_tag-what-is-peruvian-cocaine","21":"product_tag-where-can-i-buy-peruvian-cocaine","22":"product_tag-where-to-buy-peruvian-cocaine","24":"first","25":"instock","26":"shipping-taxable","27":"purchasable","28":"product-type-variable","29":"add-to-wishlist-after_add_to_cart"},"yoast_head":"<!-- This site is optimized with the Yoast SEO plugin v25.9 - https:\/\/yoast.com\/wordpress\/plugins\/seo\/ -->\n<title>Buy Peruvian Cocaine Online - Pure Peruvian Cocaine for Sale<\/title>\n<meta name=\"description\" content=\"Looking for peruvian cocaine powder for sale in bulk quantity? You can buy peruvian cocaine online at wholesale price. Order Peruvian Cocaine Now!\" \/>\n<meta name=\"robots\" content=\"index, follow, max-snippet:-1, max-image-preview:large, max-video-preview:-1\" \/>\n<link rel=\"canonical\" href=\"https:\/\/narcopowders.com\/nl\/product\/peruaanse-cocaine\/\" \/>\n<meta property=\"og:locale\" content=\"nl_NL\" \/>\n<meta property=\"og:type\" content=\"article\" \/>\n<meta property=\"og:title\" content=\"Buy Peruvian Cocaine Online - Pure Peruvian Cocaine for Sale\" \/>\n<meta property=\"og:description\" content=\"Looking for peruvian cocaine powder for sale in bulk quantity? You can buy peruvian cocaine online at wholesale price. Order Peruvian Cocaine Now!\" \/>\n<meta property=\"og:url\" content=\"https:\/\/narcopowders.com\/nl\/product\/peruaanse-cocaine\/\" \/>\n<meta property=\"og:site_name\" content=\"Narco Powders\" \/>\n<meta property=\"article:modified_time\" content=\"2025-03-25T12:04:02+00:00\" \/>\n<meta property=\"og:image\" content=\"https:\/\/narcopowders.com\/wp-content\/uploads\/2023\/01\/peruvian-cocaine.jpg\" \/>\n\t<meta property=\"og:image:width\" content=\"600\" \/>\n\t<meta property=\"og:image:height\" content=\"600\" \/>\n\t<meta property=\"og:image:type\" content=\"image\/jpeg\" \/>\n<meta name=\"twitter:card\" content=\"summary_large_image\" \/>\n<meta name=\"twitter:label1\" content=\"Geschatte leestijd\" \/>\n\t<meta name=\"twitter:data1\" content=\"3 minuten\" \/>\n<!-- \/ Yoast SEO plugin. -->","yoast_head_json":{"title":"Koop Peruaanse coca\u00efne online - Pure Peruaanse coca\u00efne te koop","description":"Op zoek naar Peruaans coca\u00efnepoeder dat in grote hoeveelheden te koop is? U kunt Peruaanse coca\u00efne online tegen groothandelsprijs kopen. Bestel Peruaanse Coca\u00efne Nu!","robots":{"index":"index","follow":"follow","max-snippet":"max-snippet:-1","max-image-preview":"max-image-preview:large","max-video-preview":"max-video-preview:-1"},"canonical":"https:\/\/narcopowders.com\/nl\/product\/peruaanse-cocaine\/","og_locale":"nl_NL","og_type":"article","og_title":"Buy Peruvian Cocaine Online - Pure Peruvian Cocaine for Sale","og_description":"Looking for peruvian cocaine powder for sale in bulk quantity? You can buy peruvian cocaine online at wholesale price. Order Peruvian Cocaine Now!","og_url":"https:\/\/narcopowders.com\/nl\/product\/peruaanse-cocaine\/","og_site_name":"Narco Powders","article_modified_time":"2025-03-25T12:04:02+00:00","og_image":[{"width":600,"height":600,"url":"https:\/\/narcopowders.com\/wp-content\/uploads\/2023\/01\/peruvian-cocaine.jpg","type":"image\/jpeg"}],"twitter_card":"summary_large_image","twitter_misc":{"Geschatte leestijd":"3 minuten"},"schema":{"@context":"https:\/\/schema.org","@graph":[{"@type":"WebPage","@id":"https:\/\/narcopowders.com\/product\/peruvian-cocaine\/","url":"https:\/\/narcopowders.com\/product\/peruvian-cocaine\/","name":"Koop Peruaanse coca\u00efne online - Pure Peruaanse coca\u00efne te koop","isPartOf":{"@id":"https:\/\/narcopowders.com\/#website"},"primaryImageOfPage":{"@id":"https:\/\/narcopowders.com\/product\/peruvian-cocaine\/#primaryimage"},"image":{"@id":"https:\/\/narcopowders.com\/product\/peruvian-cocaine\/#primaryimage"},"thumbnailUrl":"https:\/\/narcopowders.com\/wp-content\/uploads\/2023\/01\/peruvian-cocaine.jpg","datePublished":"2023-01-02T10:32:30+00:00","dateModified":"2025-03-25T12:04:02+00:00","description":"Op zoek naar Peruaans coca\u00efnepoeder dat in grote hoeveelheden te koop is? U kunt Peruaanse coca\u00efne online tegen groothandelsprijs kopen. Bestel Peruaanse Coca\u00efne Nu!","breadcrumb":{"@id":"https:\/\/narcopowders.com\/product\/peruvian-cocaine\/#breadcrumb"},"inLanguage":"nl-NL","potentialAction":[{"@type":"ReadAction","target":["https:\/\/narcopowders.com\/product\/peruvian-cocaine\/"]}]},{"@type":"ImageObject","inLanguage":"nl-NL","@id":"https:\/\/narcopowders.com\/product\/peruvian-cocaine\/#primaryimage","url":"https:\/\/narcopowders.com\/wp-content\/uploads\/2023\/01\/peruvian-cocaine.jpg","contentUrl":"https:\/\/narcopowders.com\/wp-content\/uploads\/2023\/01\/peruvian-cocaine.jpg","width":600,"height":600,"caption":"peruvian cocaine"},{"@type":"BreadcrumbList","@id":"https:\/\/narcopowders.com\/product\/peruvian-cocaine\/#breadcrumb","itemListElement":[{"@type":"ListItem","position":1,"name":"Home","item":"https:\/\/narcopowders.com\/"},{"@type":"ListItem","position":2,"name":"Shop Page","item":"https:\/\/narcopowders.com\/shop\/"},{"@type":"ListItem","position":3,"name":"Buy Peruvian Cocaine Online"}]},{"@type":"WebSite","@id":"https:\/\/narcopowders.com\/#website","url":"https:\/\/narcopowders.com\/","name":"Narco Poeders","description":"Mijn WordPress Blog","potentialAction":[{"@type":"SearchAction","target":{"@type":"EntryPoint","urlTemplate":"https:\/\/narcopowders.com\/?s={search_term_string}"},"query-input":{"@type":"PropertyValueSpecification","valueRequired":true,"valueName":"search_term_string"}}],"inLanguage":"nl-NL"}]}},"_links":{"self":[{"href":"https:\/\/narcopowders.com\/nl\/wp-json\/wp\/v2\/product\/19146","targetHints":{"allow":["GET"]}}],"collection":[{"href":"https:\/\/narcopowders.com\/nl\/wp-json\/wp\/v2\/product"}],"about":[{"href":"https:\/\/narcopowders.com\/nl\/wp-json\/wp\/v2\/types\/product"}],"replies":[{"embeddable":true,"href":"https:\/\/narcopowders.com\/nl\/wp-json\/wp\/v2\/comments?post=19146"}],"wp:featuredmedia":[{"embeddable":true,"href":"https:\/\/narcopowders.com\/nl\/wp-json\/wp\/v2\/media\/19198"}],"wp:attachment":[{"href":"https:\/\/narcopowders.com\/nl\/wp-json\/wp\/v2\/media?parent=19146"}],"wp:term":[{"taxonomy":"product_brand","embeddable":true,"href":"https:\/\/narcopowders.com\/nl\/wp-json\/wp\/v2\/product_brand?post=19146"},{"taxonomy":"product_cat","embeddable":true,"href":"https:\/\/narcopowders.com\/nl\/wp-json\/wp\/v2\/product_cat?post=19146"},{"taxonomy":"product_tag","embeddable":true,"href":"https:\/\/narcopowders.com\/nl\/wp-json\/wp\/v2\/product_tag?post=19146"}],"curies":[{"name":"wp","href":"https:\/\/api.w.org\/{rel}","templated":true}]}}