{"id":19217,"date":"2023-01-03T09:19:42","date_gmt":"2023-01-03T09:19:42","guid":{"rendered":"https:\/\/narcopowders.com\/?post_type=product&#038;p=19217"},"modified":"2025-03-25T12:27:06","modified_gmt":"2025-03-25T12:27:06","slug":"afghan-heroin","status":"publish","type":"product","link":"https:\/\/narcopowders.com\/nl\/product\/afghan-heroin\/","title":{"rendered":"Afghaanse hero\u00efne"},"content":{"rendered":"<h2 style=\"text-align: justify;\">Koop Afghaanse hero\u00efne online<\/h2>\n<p style=\"text-align: justify;\">Oogsten <a href=\"https:\/\/en.wikipedia.org\/wiki\/Heroin\">Afghan heroin<\/a> Het oogsten van Afghaanse hero\u00efne uit papavervelden is in veel landen illegaal, maar dit weerhoudt mensen er niet van om deze drug te krijgen. In feite is Afghaanse hero\u00efne een van de meest populaire soorten hero\u00efne op de markt, mede dankzij de intense euforische effecten. Als u op zoek bent naar het beste <a href=\"https:\/\/narcopowders.com\/nl\/product\/afghaanse-heroine\/\"><strong>Afghaanse hero\u00efne online te koop<\/strong><\/a>, dan hoeft u niet verder te zoeken dan <a href=\"https:\/\/narcopowders.com\/nl\/\">Narco Poeders<\/a>.<\/p>\n<h3 style=\"text-align: justify;\">Hoe wordt Afghaanse hero\u00efne gemaakt?<\/h3>\n<p style=\"text-align: justify;\">Afghaanse hero\u00efne is een soort opio\u00efde die wordt gemaakt van opium. Opium komt van de papaverplant en is een <a href=\"https:\/\/www.google.com\/search?q=Buy+Afghan+Heroin+Online&amp;sca_esv=7d1b82273738a5db&amp;sxsrf=AHTn8zoNL9SAp7Ses5ieQ5J3StmSQ-ZOZA%3A1742904303459&amp;ei=75viZ4PlG4iZseMPpM2fyAk&amp;ved=0ahUKEwjDmIq_mKWMAxWITGwGHaTmB5kQ4dUDCA8&amp;uact=5&amp;oq=Buy+Afghan+Heroin+Online&amp;gs_lp=Egxnd3Mtd2l6LXNlcnAiGEJ1eSBBZmdoYW4gSGVyb2luIE9ubGluZUiRCFCqAViqAXABeACQAQCYAd0BoAHdAaoBAzItMbgBA8gBAPgBAfgBApgCAaACJ6gCEcICBxAjGCcY6gLCAhQQABiABBiRAhi0AhiKBRjqAtgBAcICFBAAGIAEGOMEGLQCGOkEGOoC2AEBwgIQEAAYAxi0AhjqAhiPAdgBAcICEBAuGAMYtAIY6gIYjwHYAQGYAyfxBXk66vEMk5S9ugYGCAEQARgBkgcBMaAHVLIHALgHAA&amp;sclient=gws-wiz-serp\">natuurlijke bron van morfine en code\u00efne<\/a>Afghaanse hero\u00efne is een type opio\u00efde dat is gemaakt van opium. Opium komt van de papaverplant en is een natuurlijke bron van morfine en code\u00efne. Het proces om opium om te zetten in Afghaanse hero\u00efne omvat verschillende stappen, waaronder het inkoken van de opium totdat het een kleverige zwarte teer wordt en het vervolgens door kaasdoek filteren om onzuiverheden te verwijderen. Deze zwarte teer wordt vervolgens gedroogd en verpulverd tot een poeder voordat het wordt gevormd tot stenen of pillen.<\/p>\n<p style=\"text-align: justify;\">Er bestaan \u200b\u200bverschillende vormen van Afghaanse hero\u00efne, elk met zijn eigen unieke eigenschappen en toepassingen. <a href=\"https:\/\/duckduckgo.com\/?q=Buy+Afghan+Heroin+Online&amp;t=h_&amp;ia=web\">Witte hero\u00efne (ook bekend als \u201crauwe opium\u201d)<\/a> Er zijn verschillende vormen van Afghaanse hero\u00efne, elk met zijn eigen unieke eigenschappen en toepassingen. Witte hero\u00efne (ook bekend als \"rauwe opium\") is het meest voorkomende type en heeft doorgaans een lagere kwaliteit dan andere soorten Afghaanse hero\u00efne. Bruine hero\u00efne (gemaakt van gedeeltelijk gedroogde zwarte teer) heeft sterkere effecten en is populairder onder gebruikers vanwege de potentie. Donkerbruine hero\u00efne (gemaakt van volledig gedroogde zwarte teer) heeft de sterkste effecten van allemaal, maar heeft ook het grootste potentieel voor misbruik omdat het moeilijker is om de dosering te controleren.<\/p>\n<h3 style=\"text-align: justify;\">Voordelen van Afghaanse hero\u00efne<\/h3>\n<p style=\"text-align: justify;\">Als je op zoek bent naar een krachtige en euforische high,\u00a0<a href=\"https:\/\/www.google.com\/search?q=Buy+Afghan+Heroin+Online&amp;sca_esv=7d1b82273738a5db&amp;sxsrf=AHTn8zoNL9SAp7Ses5ieQ5J3StmSQ-ZOZA%3A1742904303459&amp;ei=75viZ4PlG4iZseMPpM2fyAk&amp;ved=0ahUKEwjDmIq_mKWMAxWITGwGHaTmB5kQ4dUDCA8&amp;uact=5&amp;oq=Buy+Afghan+Heroin+Online&amp;gs_lp=Egxnd3Mtd2l6LXNlcnAiGEJ1eSBBZmdoYW4gSGVyb2luIE9ubGluZUiRCFCqAViqAXABeACQAQCYAd0BoAHdAaoBAzItMbgBA8gBAPgBAfgBApgCAaACJ6gCEcICBxAjGCcY6gLCAhQQABiABBiRAhi0AhiKBRjqAtgBAcICFBAAGIAEGOMEGLQCGOkEGOoC2AEBwgIQEAAYAxi0AhjqAhiPAdgBAcICEBAuGAMYtAIY6gIYjwHYAQGYAyfxBXk66vEMk5S9ugYGCAEQARgBkgcBMaAHVLIHALgHAA&amp;sclient=gws-wiz-serp\"><strong>Afghaanse hero\u00efne online<\/strong><\/a>\u00a0is uw beste keuze. Dit type hero\u00efne behoort tot de zuiverste en krachtigste varianten die verkrijgbaar zijn en is vaak gewild vanwege de intense effecten. Als gevolg hiervan wordt Afghaanse hero\u00efne gebruikt voor de behandeling van chronische pijn en opio\u00efdenverslaving \u2013 aandoeningen die maar al te vaak voorkomen in de huidige samenleving.<\/p>\n<h3 style=\"text-align: justify;\">Bijwerkingen van Afghaanse hero\u00efne<\/h3>\n<p style=\"text-align: justify;\"><a href=\"https:\/\/www.bing.com\/search?q=Buy%20Afghan%20Heroin%20Online&amp;qs=n&amp;form=QBRE&amp;sp=-1&amp;lq=0&amp;pq=buy%20afghan%20heroin%20online&amp;sc=0-24&amp;sk=&amp;cvid=6B58336F96224C11B4CFC291185C5A1E&amp;ghsh=0&amp;ghacc=0&amp;ghpl=\">Afghaanse hero\u00efne is een soort opio\u00efde<\/a> Afghaanse hero\u00efne is een type opio\u00efde dat is afgeleid van de papaver, dus het heeft ook enkele bijwerkingen. Bijwerkingen op de korte termijn die verband houden met het gebruik van Afghaanse hero\u00efne kunnen zijn: een verhoogde hartslag, verhoogde bloeddruk en gevoelens van euforie (de roes die voortkomt uit hero\u00efnegebruik). Gezondheidsproblemen op de lange termijn die verband houden met het gebruik van Afghaanse hero\u00efne kunnen zijn: verslaving, chronische hepatitis C-infectie (een mogelijk dodelijke leverziekte), psychische problemen zoals angst en depressie, en overlijden als gevolg van een overdosis.<\/p>\n<h3 style=\"text-align: justify;\">Waar Afghaanse hero\u00efne online kopen?<\/h3>\n<p style=\"text-align: justify;\">Ben je op zoek naar\u00a0<a href=\"https:\/\/duckduckgo.com\/?q=Buy+Afghan+Heroin+Online&amp;t=h_&amp;ia=web\"><strong>Afghaanse hero\u00efne online bestellen<\/strong><\/a> dat veilig, zeker en discreet is? Koop het bij Narco Powders. We hebben jarenlange ervaring in de branche en bieden een breed scala aan kwaliteitsproducten. U kunt kiezen uit een verscheidenheid aan pure, biologische en in het laboratorium geteste producten om de juiste dosering voor u te vinden. Er zijn veel handige betalingsopties beschikbaar, zoals creditcards, PayPal en Western Union, waardoor kopen mogelijk wordt\u00a0<a href=\"https:\/\/www.bing.com\/search?q=Buy%20Afghan%20Heroin%20Online&amp;qs=n&amp;form=QBRE&amp;sp=-1&amp;lq=0&amp;pq=buy%20afghan%20heroin%20online&amp;sc=0-24&amp;sk=&amp;cvid=6B58336F96224C11B4CFC291185C5A1E&amp;ghsh=0&amp;ghacc=0&amp;ghpl=\"><strong>Afghaanse hero\u00efne groothandel online<\/strong><\/a>\u00a0gemakkelijk en handig voor iedereen. Plaats dus vandaag nog je bestelling voor de beste Afghaanse hero\u00efne!<\/p>","protected":false},"excerpt":{"rendered":"<p>Buy Afghan Heroin Online Harvesting Afghan heroin from poppy fields is illegal in many countries, but this doesn&#8217;t stop people from getting this drug. In fact, Afghani heroin is among the most popular types of heroin on the market, thanks in part to its intense euphoric effects. If you are looking for the best Afghan [&hellip;]<\/p>\n","protected":false},"featured_media":19243,"comment_status":"open","ping_status":"closed","template":"","meta":{"_joinchat":[]},"product_brand":[],"product_cat":[1168],"product_tag":[],"class_list":{"0":"post-19217","1":"product","2":"type-product","3":"status-publish","4":"has-post-thumbnail","6":"product_cat-buy-heroin-online","8":"first","9":"instock","10":"shipping-taxable","11":"purchasable","12":"product-type-variable","13":"has-default-attributes","14":"add-to-wishlist-after_add_to_cart"},"yoast_head":"<!-- This site is optimized with the Yoast SEO plugin v27.5 - https:\/\/yoast.com\/product\/yoast-seo-wordpress\/ -->\n<title>Buy Afghan Heroin Online - Afghan Heroin for Sale | NarcoPowders<\/title>\n<meta name=\"description\" content=\"Looking to buy afghan heroin online? Order afghan heroin powder for sale at an affordable prices. Get the highest-purity powder for you.\" \/>\n<meta name=\"robots\" content=\"index, follow, max-snippet:-1, max-image-preview:large, max-video-preview:-1\" \/>\n<link rel=\"canonical\" href=\"https:\/\/narcopowders.com\/nl\/product\/afghaanse-heroine\/\" \/>\n<meta property=\"og:locale\" content=\"nl_NL\" \/>\n<meta property=\"og:type\" content=\"article\" \/>\n<meta property=\"og:title\" content=\"Buy Afghan Heroin Online - Afghan Heroin for Sale | NarcoPowders\" \/>\n<meta property=\"og:description\" content=\"Looking to buy afghan heroin online? Order afghan heroin powder for sale at an affordable prices. Get the highest-purity powder for you.\" \/>\n<meta property=\"og:url\" content=\"https:\/\/narcopowders.com\/nl\/product\/afghaanse-heroine\/\" \/>\n<meta property=\"og:site_name\" content=\"Narco Powders\" \/>\n<meta property=\"article:modified_time\" content=\"2025-03-25T12:27:06+00:00\" \/>\n<meta property=\"og:image\" content=\"https:\/\/narcopowders.com\/wp-content\/uploads\/2023\/01\/afghan-heroin.jpg\" \/>\n\t<meta property=\"og:image:width\" content=\"600\" \/>\n\t<meta property=\"og:image:height\" content=\"600\" \/>\n\t<meta property=\"og:image:type\" content=\"image\/jpeg\" \/>\n<meta name=\"twitter:card\" content=\"summary_large_image\" \/>\n<meta name=\"twitter:label1\" content=\"Geschatte leestijd\" \/>\n\t<meta name=\"twitter:data1\" content=\"3 minuten\" \/>\n<!-- \/ Yoast SEO plugin. -->","yoast_head_json":{"title":"Koop Afghaanse hero\u00efne online - Afghaanse hero\u00efne te koop | Narco Poeders","description":"Afghaanse hero\u00efne online kopen? Afghaans hero\u00efnepoeder te koop bestellen tegen betaalbare prijzen. Koop het poeder met de hoogste zuiverheid voor jou.","robots":{"index":"index","follow":"follow","max-snippet":"max-snippet:-1","max-image-preview":"max-image-preview:large","max-video-preview":"max-video-preview:-1"},"canonical":"https:\/\/narcopowders.com\/nl\/product\/afghaanse-heroine\/","og_locale":"nl_NL","og_type":"article","og_title":"Buy Afghan Heroin Online - Afghan Heroin for Sale | NarcoPowders","og_description":"Looking to buy afghan heroin online? Order afghan heroin powder for sale at an affordable prices. Get the highest-purity powder for you.","og_url":"https:\/\/narcopowders.com\/nl\/product\/afghaanse-heroine\/","og_site_name":"Narco Powders","article_modified_time":"2025-03-25T12:27:06+00:00","og_image":[{"width":600,"height":600,"url":"https:\/\/narcopowders.com\/wp-content\/uploads\/2023\/01\/afghan-heroin.jpg","type":"image\/jpeg"}],"twitter_card":"summary_large_image","twitter_misc":{"Geschatte leestijd":"3 minuten"},"schema":{"@context":"https:\/\/schema.org","@graph":[{"@type":"WebPage","@id":"https:\/\/narcopowders.com\/product\/afghan-heroin\/","url":"https:\/\/narcopowders.com\/product\/afghan-heroin\/","name":"Koop Afghaanse hero\u00efne online - Afghaanse hero\u00efne te koop | Narco Poeders","isPartOf":{"@id":"https:\/\/narcopowders.com\/#website"},"primaryImageOfPage":{"@id":"https:\/\/narcopowders.com\/product\/afghan-heroin\/#primaryimage"},"image":{"@id":"https:\/\/narcopowders.com\/product\/afghan-heroin\/#primaryimage"},"thumbnailUrl":"https:\/\/narcopowders.com\/wp-content\/uploads\/2023\/01\/afghan-heroin.jpg","datePublished":"2023-01-03T09:19:42+00:00","dateModified":"2025-03-25T12:27:06+00:00","description":"Afghaanse hero\u00efne online kopen? Afghaans hero\u00efnepoeder te koop bestellen tegen betaalbare prijzen. Koop het poeder met de hoogste zuiverheid voor jou.","breadcrumb":{"@id":"https:\/\/narcopowders.com\/product\/afghan-heroin\/#breadcrumb"},"inLanguage":"nl-NL","potentialAction":[{"@type":"ReadAction","target":["https:\/\/narcopowders.com\/product\/afghan-heroin\/"]}]},{"@type":"ImageObject","inLanguage":"nl-NL","@id":"https:\/\/narcopowders.com\/product\/afghan-heroin\/#primaryimage","url":"https:\/\/narcopowders.com\/wp-content\/uploads\/2023\/01\/afghan-heroin.jpg","contentUrl":"https:\/\/narcopowders.com\/wp-content\/uploads\/2023\/01\/afghan-heroin.jpg","width":600,"height":600,"caption":"Buy Afghan Heroin Online"},{"@type":"BreadcrumbList","@id":"https:\/\/narcopowders.com\/product\/afghan-heroin\/#breadcrumb","itemListElement":[{"@type":"ListItem","position":1,"name":"Home","item":"https:\/\/narcopowders.com\/"},{"@type":"ListItem","position":2,"name":"Shop Page","item":"https:\/\/narcopowders.com\/shop\/"},{"@type":"ListItem","position":3,"name":"Afghan Heroin"}]},{"@type":"WebSite","@id":"https:\/\/narcopowders.com\/#website","url":"https:\/\/narcopowders.com\/","name":"Narco Poeders","description":"Mijn WordPress Blog","potentialAction":[{"@type":"SearchAction","target":{"@type":"EntryPoint","urlTemplate":"https:\/\/narcopowders.com\/?s={search_term_string}"},"query-input":{"@type":"PropertyValueSpecification","valueRequired":true,"valueName":"search_term_string"}}],"inLanguage":"nl-NL"}]}},"_links":{"self":[{"href":"https:\/\/narcopowders.com\/nl\/wp-json\/wp\/v2\/product\/19217","targetHints":{"allow":["GET"]}}],"collection":[{"href":"https:\/\/narcopowders.com\/nl\/wp-json\/wp\/v2\/product"}],"about":[{"href":"https:\/\/narcopowders.com\/nl\/wp-json\/wp\/v2\/types\/product"}],"replies":[{"embeddable":true,"href":"https:\/\/narcopowders.com\/nl\/wp-json\/wp\/v2\/comments?post=19217"}],"wp:featuredmedia":[{"embeddable":true,"href":"https:\/\/narcopowders.com\/nl\/wp-json\/wp\/v2\/media\/19243"}],"wp:attachment":[{"href":"https:\/\/narcopowders.com\/nl\/wp-json\/wp\/v2\/media?parent=19217"}],"wp:term":[{"taxonomy":"product_brand","embeddable":true,"href":"https:\/\/narcopowders.com\/nl\/wp-json\/wp\/v2\/product_brand?post=19217"},{"taxonomy":"product_cat","embeddable":true,"href":"https:\/\/narcopowders.com\/nl\/wp-json\/wp\/v2\/product_cat?post=19217"},{"taxonomy":"product_tag","embeddable":true,"href":"https:\/\/narcopowders.com\/nl\/wp-json\/wp\/v2\/product_tag?post=19217"}],"curies":[{"name":"wp","href":"https:\/\/api.w.org\/{rel}","templated":true}]}}