{"id":19219,"date":"2023-01-03T09:18:43","date_gmt":"2023-01-03T09:18:43","guid":{"rendered":"https:\/\/narcopowders.com\/?post_type=product&#038;p=19219"},"modified":"2025-03-25T12:37:48","modified_gmt":"2025-03-25T12:37:48","slug":"uncut-heroin","status":"publish","type":"product","link":"https:\/\/narcopowders.com\/nl\/product\/ongesneden-heroine\/","title":{"rendered":"Ongesneden hero\u00efne"},"content":{"rendered":"<h2 style=\"text-align: justify;\">Koop onversneden hero\u00efne online<\/h2>\n<p style=\"text-align: justify;\"><a href=\"https:\/\/en.wikipedia.org\/wiki\/Heroin\">Uncut heroin<\/a> Onversneden hero\u00efne kan bij bepaalde verkopers online worden gekocht, maar dit brengt zijn eigen risico's met zich mee. Dus als je je afvraagt \u200b\u200bwaar je ongesneden hero\u00efne online kunt kopen die authentiek en veilig is, dan is Narco Powders jouw go-to-store. <a href=\"https:\/\/narcopowders.com\/nl\/product\/ongesneden-heroine\/\">buy uncut heroin online<\/a> dat authentiek en veilig is,\u00a0<a href=\"https:\/\/narcopowders.com\/nl\/\">Narco Poeders<\/a> is your go-to store.<\/p>\n<h3 style=\"text-align: justify;\">Hoe wordt onversneden hero\u00efne gemaakt?<\/h3>\n<p style=\"text-align: justify;\">Ongesneden hero\u00efne wordt gemaakt van de gedroogde peulen van de opiumplant. <a href=\"https:\/\/www.google.com\/search?q=Buy+Uncut+Heroin+Online&amp;sca_esv=7d1b82273738a5db&amp;sxsrf=AHTn8zqSop3OM4vkMObcHMIO6R9xb_KCdw%3A1742905711939&amp;ei=b6HiZ_v3OKmeseMP__7noQ0&amp;ved=0ahUKEwi769jenaWMAxUpT2wGHX__OdQQ4dUDCA8&amp;uact=5&amp;oq=Buy+Uncut+Heroin+Online&amp;gs_lp=Egxnd3Mtd2l6LXNlcnAiF0J1eSBVbmN1dCBIZXJvaW4gT25saW5lSLkNUIUCWIUCcAF4AJABAJgB2QGgAdkBqgEDMi0xuAEDyAEA-AEB-AECmAIBoAJbqAIQwgIHECMYJxjqAsICFxAAGIAEGJECGLQCGMcDGIoFGOoC2AEBwgIQEAAYAxi0AhjqAhiPAdgBAZgDW_EFrG91rDpW1GO6BgYIARABGAGSBwExoAdTsgcAuAcA&amp;sclient=gws-wiz-serp\">Het wordt geoogst en verwerkt tot een witte<\/a>Ongesneden hero\u00efne wordt gemaakt van de gedroogde peulen van de papaverplant. Het wordt geoogst en verwerkt tot een witte, poederachtige substantie. Het bevat hoge niveaus van krachtige opio\u00efden en andere medicijnen, waaronder morfine en code\u00efne. Het eindproduct is een soort opium die ongeraffineerd is en vrij van toegevoegde additieven en verwerkingsmiddelen. De potentie van het medicijn varieert afhankelijk van de hoeveelheid vocht en alkalo\u00efden die aanwezig zijn.<\/p>\n<h3 style=\"text-align: justify;\">Voordelen van onversneden hero\u00efne<\/h3>\n<p style=\"text-align: justify;\">Als je op zoek bent naar een high die beter is dan de rest, zou onversneden hero\u00efne jouw keuze moeten zijn. Onversneden hero\u00efne heeft een hogere potentie en zuiverheid dan andere soorten hero\u00efne, wat resulteert in verbeterde highs en betere resultaten op de lange termijn. Bovendien kan het worden aangepast aan de behoeften van de gebruiker, waardoor cocktails worden gecre\u00eberd die meer controle bieden over de dosering en kwaliteit van het medicijn.<\/p>\n<p style=\"text-align: justify;\"><a href=\"https:\/\/www.bing.com\/search?q=Buy%20Uncut%20Heroin%20Online&amp;qs=n&amp;form=QBRE&amp;sp=-1&amp;lq=0&amp;pq=buy%20uncut%20heroin%20online&amp;sc=0-23&amp;sk=&amp;cvid=C47FB2A3D0B84EA8801EC7F34ACFAE77&amp;ghsh=0&amp;ghacc=0&amp;ghpl=\"><strong>Onversneden hero\u00efne te koop<\/strong><\/a> online is ook veiliger om te gebruiken in een gecontroleerde omgeving. Vanwege de hogere potentie is er een verminderd risico op een overdosis. Bovendien geeft onversneden hero\u00efne minder bijwerkingen en een lager verslavingsrisico dan andere vormen van hero\u00efne. Gebruikers hebben zelfs verklaard dat het gemakkelijker is om puur en krachtig te vinden\u00a0<strong><a href=\"https:\/\/www.google.com\/search?q=Buy+Uncut+Heroin+Online&amp;sca_esv=7d1b82273738a5db&amp;sxsrf=AHTn8zqSop3OM4vkMObcHMIO6R9xb_KCdw%3A1742905711939&amp;ei=b6HiZ_v3OKmeseMP__7noQ0&amp;ved=0ahUKEwi769jenaWMAxUpT2wGHX__OdQQ4dUDCA8&amp;uact=5&amp;oq=Buy+Uncut+Heroin+Online&amp;gs_lp=Egxnd3Mtd2l6LXNlcnAiF0J1eSBVbmN1dCBIZXJvaW4gT25saW5lSLkNUIUCWIUCcAF4AJABAJgB2QGgAdkBqgEDMi0xuAEDyAEA-AEB-AECmAIBoAJbqAIQwgIHECMYJxjqAsICFxAAGIAEGJECGLQCGMcDGIoFGOoC2AEBwgIQEAAYAxi0AhjqAhiPAdgBAZgDW_EFrG91rDpW1GO6BgYIARABGAGSBwExoAdTsgcAuAcA&amp;sclient=gws-wiz-serp\">ongesneden hero\u00efne online<\/a>\u00a0<\/strong>bij Narco Powders.<\/p>\n<h3 style=\"text-align: justify;\">Bijwerkingen van onversneden hero\u00efne<\/h3>\n<p style=\"text-align: justify;\">Gezondheidsrisico's die samenhangen met het gebruik van onversneden hero\u00efne zijn onder andere een verhoogd risico op verslaving en overdosering, evenals een hogere kans op hiv en andere infecties. <a href=\"https:\/\/duckduckgo.com\/?q=Buy+Uncut+Heroin+Online&amp;t=h_&amp;ia=web\">Uncut heroin<\/a> Kan ook fysieke effecten veroorzaken zoals misselijkheid, braken, een verhoogde hartslag en een verhoogd risico op overdosering. In sommige gevallen kan het zelfs tot de dood leiden.<\/p>\n<h3 style=\"text-align: justify;\">Waar kan ik onversneden hero\u00efne online kopen?<\/h3>\n<p style=\"text-align: justify;\">Bij het onderzoeken\u00a0<a href=\"https:\/\/www.bing.com\/search?q=Buy%20Uncut%20Heroin%20Online&amp;qs=n&amp;form=QBRE&amp;sp=-1&amp;lq=0&amp;pq=buy%20uncut%20heroin%20online&amp;sc=0-23&amp;sk=&amp;cvid=C47FB2A3D0B84EA8801EC7F34ACFAE77&amp;ghsh=0&amp;ghacc=0&amp;ghpl=\"><strong>ongesneden hero\u00efne bulk online<\/strong><\/a>, zoek naar bronnen zoals Narco Powders die door externe bronnen zijn geverifieerd als producten van hoge kwaliteit. Houd er bij het online overwegen van prijzen voor onversneden hero\u00efne rekening mee dat de prijzen aanzienlijk kunnen vari\u00ebren op basis van locatie (bijv. betaling (creditcards hebben de neiging om hogere tarieven in rekening te brengen dan PayPal), enz. Het is belangrijk om niet te verzanden in prijsdetails, aangezien uiteindelijk wat u koopt waarschijnlijk toch zal worden bezuinigd met andere stoffen, ongeacht de bron, dus betalen aandacht zorgt er meestal alleen voor dat de zuiverheid en versheid tijdens het transport- en aankoopproces worden gehandhaafd in plaats van alleen in het stadium van het eindproduct.<\/p>\n<h3 style=\"text-align: justify;\">Koop onversneden hero\u00efne online bij Narco Powders<\/h3>\n<p style=\"text-align: justify;\">Het is belangrijk om te onthouden dat het gebruik van onversneden hero\u00efne ernstige gevolgen kan hebben als het niet correct of verantwoord wordt gebruikt. Dus je moet alleen <a href=\"https:\/\/duckduckgo.com\/?q=Buy+Uncut+Heroin+Online&amp;t=h_&amp;ia=web\"><strong>Het is belangrijk om te onthouden dat het gebruik van onversneden hero\u00efne ernstige gevolgen kan hebben als het niet correct of verantwoord wordt gebruikt. Dus je moet alleen<\/strong><\/a> van gereputeerde apotheken zoals Narco Powders. We verkopen alleen authentieke, onversneden hero\u00efne in de groothandel tegen de beste prijs.<\/p>","protected":false},"excerpt":{"rendered":"<p>Buy Uncut Heroin Online Uncut heroin can be bought online from certain vendors, but this comes with its own risks. So, if you have been wondering where to buy uncut heroin online that is authentic and safe,\u00a0Narco Powders is your go-to store. How Is Uncut Heroin Made? Uncut heroin is made from the dried pods [&hellip;]<\/p>","protected":false},"featured_media":19241,"comment_status":"open","ping_status":"closed","template":"","meta":{"_joinchat":[]},"product_brand":[],"product_cat":[1168],"product_tag":[],"class_list":{"0":"post-19219","1":"product","2":"type-product","3":"status-publish","4":"has-post-thumbnail","6":"product_cat-buy-heroin-online","8":"first","9":"instock","10":"shipping-taxable","11":"purchasable","12":"product-type-variable","13":"add-to-wishlist-after_add_to_cart"},"yoast_head":"<!-- This site is optimized with the Yoast SEO plugin v25.9 - https:\/\/yoast.com\/wordpress\/plugins\/seo\/ -->\n<title>Buy Uncut Heroin Online - High Purity Uncut Heroin for Sale<\/title>\n<meta name=\"description\" content=\"if you are looking to buy uncut heroin online at best price, we are a reliable source where you can get high purity uncut heroin for sale. Order Now!\" \/>\n<meta name=\"robots\" content=\"index, follow, max-snippet:-1, max-image-preview:large, max-video-preview:-1\" \/>\n<link rel=\"canonical\" href=\"https:\/\/narcopowders.com\/nl\/product\/ongesneden-heroine\/\" \/>\n<meta property=\"og:locale\" content=\"nl_NL\" \/>\n<meta property=\"og:type\" content=\"article\" \/>\n<meta property=\"og:title\" content=\"Buy Uncut Heroin Online - High Purity Uncut Heroin for Sale\" \/>\n<meta property=\"og:description\" content=\"if you are looking to buy uncut heroin online at best price, we are a reliable source where you can get high purity uncut heroin for sale. Order Now!\" \/>\n<meta property=\"og:url\" content=\"https:\/\/narcopowders.com\/nl\/product\/ongesneden-heroine\/\" \/>\n<meta property=\"og:site_name\" content=\"Narco Powders\" \/>\n<meta property=\"article:modified_time\" content=\"2025-03-25T12:37:48+00:00\" \/>\n<meta property=\"og:image\" content=\"https:\/\/narcopowders.com\/wp-content\/uploads\/2023\/01\/uncut-heroin.jpg\" \/>\n\t<meta property=\"og:image:width\" content=\"600\" \/>\n\t<meta property=\"og:image:height\" content=\"600\" \/>\n\t<meta property=\"og:image:type\" content=\"image\/jpeg\" \/>\n<meta name=\"twitter:card\" content=\"summary_large_image\" \/>\n<meta name=\"twitter:label1\" content=\"Geschatte leestijd\" \/>\n\t<meta name=\"twitter:data1\" content=\"3 minuten\" \/>\n<!-- \/ Yoast SEO plugin. -->","yoast_head_json":{"title":"Koop onversneden hero\u00efne online - Hoge zuiverheid onversneden hero\u00efne te koop","description":"als u onversneden hero\u00efne online wilt kopen tegen de beste prijs, zijn wij een betrouwbare bron waar u onversneden hero\u00efne van hoge zuiverheid te koop kunt krijgen. Bestel nu!","robots":{"index":"index","follow":"follow","max-snippet":"max-snippet:-1","max-image-preview":"max-image-preview:large","max-video-preview":"max-video-preview:-1"},"canonical":"https:\/\/narcopowders.com\/nl\/product\/ongesneden-heroine\/","og_locale":"nl_NL","og_type":"article","og_title":"Buy Uncut Heroin Online - High Purity Uncut Heroin for Sale","og_description":"if you are looking to buy uncut heroin online at best price, we are a reliable source where you can get high purity uncut heroin for sale. Order Now!","og_url":"https:\/\/narcopowders.com\/nl\/product\/ongesneden-heroine\/","og_site_name":"Narco Powders","article_modified_time":"2025-03-25T12:37:48+00:00","og_image":[{"width":600,"height":600,"url":"https:\/\/narcopowders.com\/wp-content\/uploads\/2023\/01\/uncut-heroin.jpg","type":"image\/jpeg"}],"twitter_card":"summary_large_image","twitter_misc":{"Geschatte leestijd":"3 minuten"},"schema":{"@context":"https:\/\/schema.org","@graph":[{"@type":"WebPage","@id":"https:\/\/narcopowders.com\/product\/uncut-heroin\/","url":"https:\/\/narcopowders.com\/product\/uncut-heroin\/","name":"Koop onversneden hero\u00efne online - Hoge zuiverheid onversneden hero\u00efne te koop","isPartOf":{"@id":"https:\/\/narcopowders.com\/#website"},"primaryImageOfPage":{"@id":"https:\/\/narcopowders.com\/product\/uncut-heroin\/#primaryimage"},"image":{"@id":"https:\/\/narcopowders.com\/product\/uncut-heroin\/#primaryimage"},"thumbnailUrl":"https:\/\/narcopowders.com\/wp-content\/uploads\/2023\/01\/uncut-heroin.jpg","datePublished":"2023-01-03T09:18:43+00:00","dateModified":"2025-03-25T12:37:48+00:00","description":"als u onversneden hero\u00efne online wilt kopen tegen de beste prijs, zijn wij een betrouwbare bron waar u onversneden hero\u00efne van hoge zuiverheid te koop kunt krijgen. Bestel nu!","breadcrumb":{"@id":"https:\/\/narcopowders.com\/product\/uncut-heroin\/#breadcrumb"},"inLanguage":"nl-NL","potentialAction":[{"@type":"ReadAction","target":["https:\/\/narcopowders.com\/product\/uncut-heroin\/"]}]},{"@type":"ImageObject","inLanguage":"nl-NL","@id":"https:\/\/narcopowders.com\/product\/uncut-heroin\/#primaryimage","url":"https:\/\/narcopowders.com\/wp-content\/uploads\/2023\/01\/uncut-heroin.jpg","contentUrl":"https:\/\/narcopowders.com\/wp-content\/uploads\/2023\/01\/uncut-heroin.jpg","width":600,"height":600,"caption":"Buy Uncut Heroin Online"},{"@type":"BreadcrumbList","@id":"https:\/\/narcopowders.com\/product\/uncut-heroin\/#breadcrumb","itemListElement":[{"@type":"ListItem","position":1,"name":"Home","item":"https:\/\/narcopowders.com\/"},{"@type":"ListItem","position":2,"name":"Shop Page","item":"https:\/\/narcopowders.com\/shop\/"},{"@type":"ListItem","position":3,"name":"Uncut Heroin"}]},{"@type":"WebSite","@id":"https:\/\/narcopowders.com\/#website","url":"https:\/\/narcopowders.com\/","name":"Narco Poeders","description":"Mijn WordPress Blog","potentialAction":[{"@type":"SearchAction","target":{"@type":"EntryPoint","urlTemplate":"https:\/\/narcopowders.com\/?s={search_term_string}"},"query-input":{"@type":"PropertyValueSpecification","valueRequired":true,"valueName":"search_term_string"}}],"inLanguage":"nl-NL"}]}},"_links":{"self":[{"href":"https:\/\/narcopowders.com\/nl\/wp-json\/wp\/v2\/product\/19219","targetHints":{"allow":["GET"]}}],"collection":[{"href":"https:\/\/narcopowders.com\/nl\/wp-json\/wp\/v2\/product"}],"about":[{"href":"https:\/\/narcopowders.com\/nl\/wp-json\/wp\/v2\/types\/product"}],"replies":[{"embeddable":true,"href":"https:\/\/narcopowders.com\/nl\/wp-json\/wp\/v2\/comments?post=19219"}],"wp:featuredmedia":[{"embeddable":true,"href":"https:\/\/narcopowders.com\/nl\/wp-json\/wp\/v2\/media\/19241"}],"wp:attachment":[{"href":"https:\/\/narcopowders.com\/nl\/wp-json\/wp\/v2\/media?parent=19219"}],"wp:term":[{"taxonomy":"product_brand","embeddable":true,"href":"https:\/\/narcopowders.com\/nl\/wp-json\/wp\/v2\/product_brand?post=19219"},{"taxonomy":"product_cat","embeddable":true,"href":"https:\/\/narcopowders.com\/nl\/wp-json\/wp\/v2\/product_cat?post=19219"},{"taxonomy":"product_tag","embeddable":true,"href":"https:\/\/narcopowders.com\/nl\/wp-json\/wp\/v2\/product_tag?post=19219"}],"curies":[{"name":"wp","href":"https:\/\/api.w.org\/{rel}","templated":true}]}}