{"id":20526,"date":"2024-05-23T06:14:19","date_gmt":"2024-05-23T06:14:19","guid":{"rendered":"https:\/\/narcopowders.com\/?post_type=product&#038;p=20526"},"modified":"2025-03-26T12:51:13","modified_gmt":"2025-03-26T12:51:13","slug":"buy-sgt-263-online","status":"publish","type":"product","link":"https:\/\/narcopowders.com\/nl\/product\/sgt-263-online-kopen\/","title":{"rendered":"Sgt -263 online kopen"},"content":{"rendered":"<h2>SGT-263 online kopen<\/h2>\n<p><a href=\"https:\/\/narcopowders.com\/nl\/\">Koop SGT-263<\/a>, The use of the cannabinoid <a href=\"https:\/\/en.wikipedia.org\/wiki\/Sgt._Frog\">SGT-263<\/a> is legaal in ons land van herkomst. Het is jouw verantwoordelijkheid om de lokale, staats-, federale en provinciale wetten te kennen en na te leven. Mocht je besluiten een bestelling te plaatsen, dan zijn wij niet aansprakelijk voor acties of resultaten.<\/p>\n<h3>Waarom zou je de cannabino\u00efde SGT-263 bij ons kopen?<\/h3>\n<p>We have been supplying <a href=\"https:\/\/narcopowders.com\/nl\/product\/sgt-263-online-kopen\/\">onderzoekschemicali\u00ebn<\/a> for a long time and are a reliable source.<\/p>\n<p>Live chat is 24\/7 beschikbaar. Als je vragen hebt, aarzel dan niet om ze te stellen.<\/p>\n<p>Verschillende betaalmethoden om aan je behoeften te voldoen<\/p>\n<p>We verzenden nog dezelfde dag als je bestelling voor 16:00 uur is ontvangen.<\/p>\n<p>Eerlijke getuigenissen van onze klanten geven je de mogelijkheid om met vertrouwen te winkelen.<\/p>\n<p><a href=\"https:\/\/duckduckgo.com\/?q=Buy+Sgt+-263+Online&amp;t=h_&amp;ia=web\">NarcoPowders.com<\/a> is een wereldleider in de distributie van researchchemicali\u00ebn en een wereldwijde fabrikant van researchchemicali\u00ebn, opgericht in 2008. Wij werken. Alle producten worden verzonden vanuit onze magazijnen in Hong Kong, China, de EU en Oekra\u00efne. We zijn snel en betrouwbaar en ons uitgebreide distributienetwerk zorgt ervoor dat elk product dat u bestelt op tijd aankomt, wordt afgeleverd op de afhaallocaties van uw keuze en op tijd aankomt op de plaats van bestemming.<\/p>\n<p>Ons belangrijkste doel is klanttevredenheid en daarom streven we naar een uitstekende klantenservice. Als je een bestelling plaatst bij Top Cannabinoids Shop, kun je er zeker van zijn dat deze snel op het door jou opgegeven adres wordt afgeleverd. Daarnaast bieden we een aantal verzendopties waarmee we goederen op talloze markten en locaties over de hele wereld bij onze klanten kunnen afleveren. Elk artikel op deze website<\/p>\n<p>wordt alleen te koop aangeboden ter ondersteuning van onderzoek en onderwijs. We verkopen geen van onze artikelen voor illegaal gebruik of consumptie door mensen of dieren.<\/p>\n<p>1-(5-fluoropentyl) of SGT-263(2-fenylpropaan-2-yl)-N-gelijk aan MMB-CHMINACA, -7-azaindool-3-carboxamide is een zeer krachtige verbinding. SGT-263, verkocht als designer drug, is een synthetische cannabino\u00efde op basis van pyrrolopyridine-3-carboxamide.<\/p>\n<h3>SGT-263 is gepatenteerd door een wereldleider.<\/h3>\n<p>SGT-263, een unieke cannabino\u00efde die nog maar net op de markt is, is goedgekeurd in vrijwel elk land, inclusief Duitsland.<\/p>\n<p>Daarnaast is SGT-263 verkrijgbaar onder de ipac-naam 1-(5-fluoropentyl).(2-fenylpropan-2-yl)-N-3-carboxamide van -1H-pyrrolo[2,3-b]pyridine <a href=\"https:\/\/www.bing.com\/search?q=Buy%20Sgt%20-263%20Online&amp;qs=n&amp;form=QBRE&amp;sp=-1&amp;lq=0&amp;pq=buy%20sgt%20-263%20online&amp;sc=12-19&amp;sk=&amp;cvid=F24FE2F21C0348B9B9F359F348D4BA91&amp;ghsh=0&amp;ghacc=0&amp;ghpl=\">SGT- 263<\/a> .<\/p>\n<p>SGT-25 is nauw verwant aan 1-(5-fluoropentyl)-N-(2-fenylpropaan-2-yl)-7-azaindool-3-carboxamide, een cannabino\u00efde. Bovendien is RC-poeder nu legaal in elk Europees land. SGT-263 is de afkorting van Street Names: SGT-25 is een stof die af en toe recreatief gebruikt wordt en zit in \"C-Liquid\", een toevoeging voor e-sigaretvloeistof.<\/p>\n<p>Farmacologie: 1. (Fluoropentyl-5-)(2-fenylpropaan-2-yl)-N - Ondanks een gecompliceerde farmacologische werking is -7-azaindool-3-carboxamide een synthetisch cannabino\u00efde dat behoort tot de indazool-3-carboxamidefamilie . De selectiviteit voor de CB1-receptor is naar verwachting ongeveer vier keer zo hoog als die van 5F-CUMYL-PINACA.<\/p>\n<p>Vergelijkbare producten: MMB-CHMINACA; CUMYL PICA; 5F-SDB-006<\/p>\n<ul>\n<li>SDB-006; CUMYL PINACA; CUMYL-THPINACA<\/li>\n<\/ul>\n<p>Zorg ervoor dat je werkruimte goed geventileerd is en dat je voldoende voorbereid bent om met chemicali\u00ebn voor onderzoek om te gaan voordat je een bestelling plaatst.<\/p>\n<h3>Wat is SGT-263?<\/h3>\n<p>SGT-263 is een nieuwe synthetische cannabino\u00efde die pas sinds 2016 bestaat. Deze chemische stof voor onderzoek is een krachtige agonist van de CB1- en CB2-receptoren. SGT-263 is door scheikundige onderzoekers beschreven als een stof die vergelijkbare resultaten oplevert als ADB-FUBINACA, een andere populaire synthetische cannabino\u00efde. De experimentele resultaten met SGT-263 zijn over het algemeen vergelijkbaar met veel andere synthetische cannabino\u00efden. Dus als je graag experimenteert met andere synthetische cannabino\u00efden, dan zul je SGT-263 waarschijnlijk graag in je lab hebben.<\/p>\n<h3>Waar kan ik SGT-263 kopen?<\/h3>\n<p>SGT-263 kan worden gekocht op de website van Buy NarcoPowders. Onze SGT-263 wordt meestal geleverd in poedervorm. Als je echter de voorkeur geeft aan andere vormen van deze chemische stof, neem dan gerust contact met ons op om te zien of we een andere vorm beschikbaar hebben. We hebben vaak meerdere vormen beschikbaar. Je moet ten minste 18 jaar oud zijn om <a href=\"https:\/\/www.google.com\/search?q=Buy+Sgt+-263+Online&amp;sca_esv=16def464f60f9903&amp;sxsrf=AHTn8zoPPZu82pwiT2LkmFR2ChE5PQ1veQ%3A1742993009664&amp;ei=cfbjZ_OhKNmS0PEP6OHzoQk&amp;ved=0ahUKEwiznr_54qeMAxVZCTQIHejwPJQQ4dUDCBA&amp;uact=5&amp;oq=Buy+Sgt+-263+Online&amp;gs_lp=Egxnd3Mtd2l6LXNlcnAiE0J1eSBTZ3QgLTI2MyBPbmxpbmVIjghQoARYoARwAXgAkAEAmAHNAqABzQKqAQMzLTG4AQPIAQD4AQL4AQGYAgCgAgCYAwCIBgGSBwCgB0SyBwC4BwA&amp;sclient=gws-wiz-serp\">purchase SGT-263<\/a> van ons en voldoen aan de wetgeving inzake onderzoekschemicali\u00ebn in uw land. Onze SGT-263 is niet bedoeld voor gebruik op mensen of dieren, maar uitsluitend voor onderzoeksdoeleinden.<\/p>\n<h3>SGT-263 Wettigheid<\/h3>\n<p>Omdat SGT-263 zo nieuw is, is het momenteel niet goedgekeurd in de meeste landen, waardoor het legaal is. Sommige landen, zoals de Verenigde Staten, hebben echter strenge analoge wetten waardoor deze chemische stof mogelijk illegaal is.<\/p>","protected":false},"excerpt":{"rendered":"<p>Buy SGT-263 online Buy SGT-263, The use of the cannabinoid SGT-263 is legal in our country of origin. It is your responsibility to know and comply with local, state, federal, provincial and local laws. Should you decide to place an order, we will not be liable for any actions or results . Why should you [&hellip;]<\/p>","protected":false},"featured_media":21249,"comment_status":"open","ping_status":"closed","template":"","meta":{"_joinchat":[]},"product_brand":[],"product_cat":[1724,1538],"product_tag":[],"class_list":{"0":"post-20526","1":"product","2":"type-product","3":"status-publish","4":"has-post-thumbnail","6":"product_cat-research-chemicals","7":"product_cat-cannabinoids","9":"first","10":"instock","11":"shipping-taxable","12":"purchasable","13":"product-type-variable","14":"add-to-wishlist-after_add_to_cart"},"yoast_head":"<!-- This site is optimized with the Yoast SEO plugin v25.9 - https:\/\/yoast.com\/wordpress\/plugins\/seo\/ -->\n<title>Buy SGT-263 Online - SGT-263 for sale | NarcoPowders<\/title>\n<meta name=\"description\" content=\"NarcoPowders is one of the leading chemical stores where you can get high-quality Sgt-263 powder for sale. Order Sgt-263, buy Sgt-263 online!\" \/>\n<meta name=\"robots\" content=\"index, follow, max-snippet:-1, max-image-preview:large, max-video-preview:-1\" \/>\n<link rel=\"canonical\" href=\"https:\/\/narcopowders.com\/nl\/product\/sgt-263-online-kopen\/\" \/>\n<meta property=\"og:locale\" content=\"nl_NL\" \/>\n<meta property=\"og:type\" content=\"article\" \/>\n<meta property=\"og:title\" content=\"Buy SGT-263 Online - SGT-263 for sale | NarcoPowders\" \/>\n<meta property=\"og:description\" content=\"NarcoPowders is one of the leading chemical stores where you can get high-quality Sgt-263 powder for sale. Order Sgt-263, buy Sgt-263 online!\" \/>\n<meta property=\"og:url\" content=\"https:\/\/narcopowders.com\/nl\/product\/sgt-263-online-kopen\/\" \/>\n<meta property=\"og:site_name\" content=\"Narco Powders\" \/>\n<meta property=\"article:modified_time\" content=\"2025-03-26T12:51:13+00:00\" \/>\n<meta property=\"og:image\" content=\"https:\/\/narcopowders.com\/wp-content\/uploads\/2024\/05\/Sgt-263.gif\" \/>\n\t<meta property=\"og:image:width\" content=\"600\" \/>\n\t<meta property=\"og:image:height\" content=\"600\" \/>\n\t<meta property=\"og:image:type\" content=\"image\/gif\" \/>\n<meta name=\"twitter:card\" content=\"summary_large_image\" \/>\n<meta name=\"twitter:label1\" content=\"Geschatte leestijd\" \/>\n\t<meta name=\"twitter:data1\" content=\"4 minuten\" \/>\n<!-- \/ Yoast SEO plugin. -->","yoast_head_json":{"title":"Online SGT-263 kopen - SGT-263 te koop | NarcoPowders","description":"NarcoPowders is een van de toonaangevende chemische winkels waar je Sgt-263 poeder van hoge kwaliteit te koop kunt krijgen. Sgt-263 bestellen, Sgt-263 online kopen!","robots":{"index":"index","follow":"follow","max-snippet":"max-snippet:-1","max-image-preview":"max-image-preview:large","max-video-preview":"max-video-preview:-1"},"canonical":"https:\/\/narcopowders.com\/nl\/product\/sgt-263-online-kopen\/","og_locale":"nl_NL","og_type":"article","og_title":"Buy SGT-263 Online - SGT-263 for sale | NarcoPowders","og_description":"NarcoPowders is one of the leading chemical stores where you can get high-quality Sgt-263 powder for sale. Order Sgt-263, buy Sgt-263 online!","og_url":"https:\/\/narcopowders.com\/nl\/product\/sgt-263-online-kopen\/","og_site_name":"Narco Powders","article_modified_time":"2025-03-26T12:51:13+00:00","og_image":[{"width":600,"height":600,"url":"https:\/\/narcopowders.com\/wp-content\/uploads\/2024\/05\/Sgt-263.gif","type":"image\/gif"}],"twitter_card":"summary_large_image","twitter_misc":{"Geschatte leestijd":"4 minuten"},"schema":{"@context":"https:\/\/schema.org","@graph":[{"@type":"WebPage","@id":"https:\/\/narcopowders.com\/product\/buy-sgt-263-online\/","url":"https:\/\/narcopowders.com\/product\/buy-sgt-263-online\/","name":"Online SGT-263 kopen - SGT-263 te koop | NarcoPowders","isPartOf":{"@id":"https:\/\/narcopowders.com\/#website"},"primaryImageOfPage":{"@id":"https:\/\/narcopowders.com\/product\/buy-sgt-263-online\/#primaryimage"},"image":{"@id":"https:\/\/narcopowders.com\/product\/buy-sgt-263-online\/#primaryimage"},"thumbnailUrl":"https:\/\/narcopowders.com\/wp-content\/uploads\/2024\/05\/Sgt-263.gif","datePublished":"2024-05-23T06:14:19+00:00","dateModified":"2025-03-26T12:51:13+00:00","description":"NarcoPowders is een van de toonaangevende chemische winkels waar je Sgt-263 poeder van hoge kwaliteit te koop kunt krijgen. Sgt-263 bestellen, Sgt-263 online kopen!","breadcrumb":{"@id":"https:\/\/narcopowders.com\/product\/buy-sgt-263-online\/#breadcrumb"},"inLanguage":"nl-NL","potentialAction":[{"@type":"ReadAction","target":["https:\/\/narcopowders.com\/product\/buy-sgt-263-online\/"]}]},{"@type":"ImageObject","inLanguage":"nl-NL","@id":"https:\/\/narcopowders.com\/product\/buy-sgt-263-online\/#primaryimage","url":"https:\/\/narcopowders.com\/wp-content\/uploads\/2024\/05\/Sgt-263.gif","contentUrl":"https:\/\/narcopowders.com\/wp-content\/uploads\/2024\/05\/Sgt-263.gif","width":600,"height":600,"caption":"Buy Sgt -263 Online"},{"@type":"BreadcrumbList","@id":"https:\/\/narcopowders.com\/product\/buy-sgt-263-online\/#breadcrumb","itemListElement":[{"@type":"ListItem","position":1,"name":"Home","item":"https:\/\/narcopowders.com\/"},{"@type":"ListItem","position":2,"name":"Shop Page","item":"https:\/\/narcopowders.com\/shop\/"},{"@type":"ListItem","position":3,"name":"Buy Sgt -263 Online"}]},{"@type":"WebSite","@id":"https:\/\/narcopowders.com\/#website","url":"https:\/\/narcopowders.com\/","name":"Narco Poeders","description":"Mijn WordPress Blog","potentialAction":[{"@type":"SearchAction","target":{"@type":"EntryPoint","urlTemplate":"https:\/\/narcopowders.com\/?s={search_term_string}"},"query-input":{"@type":"PropertyValueSpecification","valueRequired":true,"valueName":"search_term_string"}}],"inLanguage":"nl-NL"}]}},"_links":{"self":[{"href":"https:\/\/narcopowders.com\/nl\/wp-json\/wp\/v2\/product\/20526","targetHints":{"allow":["GET"]}}],"collection":[{"href":"https:\/\/narcopowders.com\/nl\/wp-json\/wp\/v2\/product"}],"about":[{"href":"https:\/\/narcopowders.com\/nl\/wp-json\/wp\/v2\/types\/product"}],"replies":[{"embeddable":true,"href":"https:\/\/narcopowders.com\/nl\/wp-json\/wp\/v2\/comments?post=20526"}],"wp:featuredmedia":[{"embeddable":true,"href":"https:\/\/narcopowders.com\/nl\/wp-json\/wp\/v2\/media\/21249"}],"wp:attachment":[{"href":"https:\/\/narcopowders.com\/nl\/wp-json\/wp\/v2\/media?parent=20526"}],"wp:term":[{"taxonomy":"product_brand","embeddable":true,"href":"https:\/\/narcopowders.com\/nl\/wp-json\/wp\/v2\/product_brand?post=20526"},{"taxonomy":"product_cat","embeddable":true,"href":"https:\/\/narcopowders.com\/nl\/wp-json\/wp\/v2\/product_cat?post=20526"},{"taxonomy":"product_tag","embeddable":true,"href":"https:\/\/narcopowders.com\/nl\/wp-json\/wp\/v2\/product_tag?post=20526"}],"curies":[{"name":"wp","href":"https:\/\/api.w.org\/{rel}","templated":true}]}}