{"id":21168,"date":"2024-05-23T06:17:24","date_gmt":"2024-05-23T06:17:24","guid":{"rendered":"https:\/\/narcopowders.com\/?post_type=product&#038;p=21168"},"modified":"2025-03-25T11:53:53","modified_gmt":"2025-03-25T11:53:53","slug":"buy-cocaine-online","status":"publish","type":"product","link":"https:\/\/narcopowders.com\/nl\/product\/online-cocaine-kopen\/","title":{"rendered":"Koop coca\u00efne online"},"content":{"rendered":"<h2><strong>Online coca\u00efnepoeder kopen<\/strong><\/h2>\n<p><a href=\"https:\/\/narcopowders.com\/nl\/product\/kaufen-cocaine-online\/\">COCA\u00cfNE online kopen<\/a>De meest populaire vorm van <a href=\"https:\/\/narcopowders.com\/nl\/\">Nembutal kopen is coca\u00efnepoeder<\/a>Om deze reden wordt het ook wel een straatdrug genoemd. De cocaplanten, die vooral in zuidelijke landen voorkomen, worden gebruikt om dit poeder te maken.<\/p>\n<p>Het is een krachtig stimulerend middel dat rechtstreeks inwerkt op de centrale hersenen, waardoor het verschillende ziekten geneest. De specifieke chemicali\u00ebn in de hersenen worden door dit stimulerende middel versterkt, waardoor het menselijk orgaansysteem naar behoefte kan reageren. Vanwege de vele voordelen is het wereldwijd de meest gebruikte vorm van coca\u00efne. <a href=\"https:\/\/en.wikipedia.org\/wiki\/Cocaine\">coca\u00efne<\/a> worldwide .<\/p>\n<h3><strong>Vergeleken met een andere soort coca\u00efne, poedercoca\u00efne. Hoe coca\u00efne in poedervorm gebruiken<\/strong><\/h3>\n<p>Coca\u00efnepoeder heeft ook voordelen buiten het menselijk lichaam. De belangrijkste reden voor de populariteit is echter dat het ook minder gevaarlijk is voor de gezondheid. Voor gebruik wordt het vaak gecombineerd met andere professionele medicijnen zoals talk, fentanyl, enz. Als het echter zonder toezicht met fentanyl wordt gecombineerd, kan het gevaarlijk zijn voor de gezondheid. <a href=\"https:\/\/www.google.com\/search?q=Buy+cocaine+powder+online&amp;sca_esv=7d1b82273738a5db&amp;sxsrf=AHTn8zrpCV8se75n1P5zO_BMxsJNg31gNg%3A1742902621086&amp;ei=XZXiZ7r8BIuQseMPh-T8gAk&amp;ved=0ahUKEwj6nu6ckqWMAxULSGwGHQcyH5AQ4dUDCA8&amp;uact=5&amp;oq=Buy+cocaine+powder+online&amp;gs_lp=Egxnd3Mtd2l6LXNlcnAiGUJ1eSBjb2NhaW5lIHBvd2RlciBvbmxpbmVI1QpQ2ANY2ANwAXgAkAEAmAG9AaABvQGqAQMwLjG4AQPIAQD4AQH4AQKYAgGgAjmoAhTCAgcQIxgnGOoCwgIQEAAYAxi0AhjqAhiPAdgBAZgDOfEFP9FMYW7Zscm6BgYIARABGAqSBwExoAdNsgcAuAcA&amp;sclient=gws-wiz-serp\">het kan gevaarlijk zijn voor uw gezondheid<\/a>.<\/p>\n<p>Daarom moet het gecontroleerd worden voordat je zo'n effectief pro-medicijn gebruikt. Mensen gebruiken deze poederachtige substantie op verschillende manieren, zoals door het direct in een ader te injecteren of door het te roken als een sigaret. De beste techniek hangt af van de unieke fysieke en mentale omstandigheden van elk individu.<\/p>\n<p>Hoewel het extreem riskant is, hebben sommige mensen dit poeder ook gebruikt door het te mengen met frisdrank.<\/p>\n<h3><strong>Coca\u00efnepoeder voor medische doeleinden<\/strong><\/h3>\n<p>By adding more chemicals to the brain, <a href=\"https:\/\/www.google.com\/search?q=Buy+cocaine+powder+online&amp;sca_esv=7d1b82273738a5db&amp;sxsrf=AHTn8zrpCV8se75n1P5zO_BMxsJNg31gNg%3A1742902621086&amp;ei=XZXiZ7r8BIuQseMPh-T8gAk&amp;ved=0ahUKEwj6nu6ckqWMAxULSGwGHQcyH5AQ4dUDCA8&amp;uact=5&amp;oq=Buy+cocaine+powder+online&amp;gs_lp=Egxnd3Mtd2l6LXNlcnAiGUJ1eSBjb2NhaW5lIHBvd2RlciBvbmxpbmVI1QpQ2ANY2ANwAXgAkAEAmAG9AaABvQGqAQMwLjG4AQPIAQD4AQH4AQKYAgGgAjmoAhTCAgcQIxgnGOoCwgIQEAAYAxi0AhjqAhiPAdgBAZgDOfEFP9FMYW7Zscm6BgYIARABGAqSBwExoAdNsgcAuAcA&amp;sclient=gws-wiz-serp\">cocaine powder also strengthens its response system<\/a>. Bij de behandeling van pati\u00ebnten die lijden aan apathie in hun gedrag en bewegingen, schrijven artsen recepten uit voor deze drug.<\/p>\n<h3><strong>Te koop aangeboden: Coca\u00efnehydrochloride<\/strong><\/h3>\n<p>Artsen gebruiken het ook om het ongemak tijdens veel chirurgische ingrepen te verlichten. Omdat het een gevoel van vreugde en vitaliteit geeft aan de geest, is de korte duur ervan zeer heilzaam voor mensen. Door deze eigenschappen is het populair bij veel mensen over de hele wereld.<\/p>\n<p>Iedereen heeft gemakkelijk toegang tot de beschikbaarheid van coca\u00efnepoeder op de internetmarkt. Bovendien biedt onze webshop dit uitzonderlijke poeder aan tegen ongelooflijk betaalbare prijzen. Daarnaast bieden we de snelst mogelijke productlevering, rechtstreeks naar jouw deur.<\/p>\n<h3><strong>Online coca\u00efne kopen: Hoe het discrete bestelproces werkt<\/strong><\/h3>\n<p>Bij ons kunt u <a href=\"https:\/\/www.bing.com\/search?q=Buy%20cocaine%20powder%20online&amp;qs=n&amp;form=QBRE&amp;sp=-1&amp;lq=0&amp;pq=buy%20cocaine%20powder%20online&amp;sc=0-25&amp;sk=&amp;cvid=052784CD6D47407798C456B3F3F56911&amp;ghsh=0&amp;ghacc=0&amp;ghpl=\">order cocaine easily and conveniently online<\/a>Bij ons kun je coca\u00efne eenvoudig en gemakkelijk online bestellen. Onze shop is heel overzichtelijk ingedeeld, zodat je snel het juiste product kunt vinden. Je kunt kiezen uit verschillende hoeveelheden en kwaliteiten en altijd de beste prijs-kwaliteitverhouding krijgen. We hebben ook regelmatig speciale aanbiedingen en kortingen, zodat je coca\u00efne nog goedkoper kunt kopen.<\/p>\n<h3><strong>Bestel coca\u00efne online: Profiteer van ons uitgebreide assortiment coca\u00efne producten<\/strong><\/h3>\n<p><a href=\"https:\/\/www.bing.com\/search?q=Buy%20cocaine%20powder%20online&amp;qs=n&amp;form=QBRE&amp;sp=-1&amp;lq=0&amp;pq=buy%20cocaine%20powder%20online&amp;sc=0-25&amp;sk=&amp;cvid=052784CD6D47407798C456B3F3F56911&amp;ghsh=0&amp;ghacc=0&amp;ghpl=\">Onze betalingsverwerking is zeer veilig en eenvoudig<\/a>Onze betalingsverwerking is zeer veilig en gemakkelijk. We accepteren alleen Bitcoin-betalingen om ervoor te zorgen dat alle transacties anoniem en veilig zijn. Als je besluit om coca\u00efne bij ons te kopen, hoef je je geen zorgen te maken dat je betrapt wordt, want we nemen alle nodige voorzorgsmaatregelen om jouw privacy te beschermen.<\/p>\n<p>Ons doel is ervoor te zorgen dat u de <a href=\"https:\/\/duckduckgo.com\/?q=Buy+cocaine+powder+online&amp;t=h_&amp;ia=web\">best cocaine online<\/a>Ons doel is om ervoor te zorgen dat je online de beste coca\u00efne kunt kopen. We werken alleen met de beste fabrikanten en controleren elk product voordat we het aan onze winkel toevoegen. We weten zeker dat je versteld zult staan van de kwaliteit van onze coca\u00efne.<\/p>\n<h3><strong>Eersteklas coca\u00efne online: Onze coca\u00efneshop biedt je de beste coca\u00efne voor een eerlijke prijs.<\/strong><\/h3>\n<p>We staan altijd klaar om je te helpen met vragen of problemen. Als je meer informatie nodig hebt, aarzel dan niet om contact met ons op te nemen. We helpen je graag met al je vragen en verzoeken.<\/p>\n<p>Over het algemeen is het kopen van coca\u00efne bij ons gemakkelijk en veilig. Wij bieden een breed scala aan producten van superieure kwaliteit tegen een betaalbare prijs. Als je de beste coca\u00efne online wilt kopen, dan ben je bij ons aan het juiste adres. Wij helpen je graag bij het kopen van je volgende coca\u00efne. Bestel vandaag nog en beleef de beste coca\u00efne-ervaring die je ooit zult hebben!<\/p>\n<h3><strong>De beste plek om online coca\u00efne te kopen: Vertrouw op onze professionele coca\u00efneshop<\/strong><\/h3>\n<p><a href=\"https:\/\/duckduckgo.com\/?q=Buy+cocaine+powder+online&amp;t=h_&amp;ia=web\">COCA\u00cfNE online kopen<\/a>, rij alsjeblieft niet als je coca\u00efne of andere drugs hebt gebruikt. In onze winkel kun je niet alleen coca\u00efne bestellen. Je kunt ook gemakkelijk andere drugs online kopen. Hier kunt u bijv.<\/p>","protected":false},"excerpt":{"rendered":"<p>Buy cocaine powder online Buy COCAINE Online, The most popular form of Buy Nembutal is powder cocaine. For this reason it is also called a street drug. The coca plants, which are mainly found in southern countries, are used to make this powder . It is a powerful stimulant that acts directly on the central [&hellip;]<\/p>","protected":false},"featured_media":21238,"comment_status":"open","ping_status":"closed","template":"","meta":{"_joinchat":[]},"product_brand":[],"product_cat":[1179],"product_tag":[],"class_list":{"0":"post-21168","1":"product","2":"type-product","3":"status-publish","4":"has-post-thumbnail","6":"product_cat-buy-cocaine-online","8":"first","9":"instock","10":"shipping-taxable","11":"purchasable","12":"product-type-variable","13":"has-default-attributes","14":"add-to-wishlist-after_add_to_cart"},"yoast_head":"<!-- This site is optimized with the Yoast SEO plugin v25.9 - https:\/\/yoast.com\/wordpress\/plugins\/seo\/ -->\n<title>Buy Cocaine Online - Narco Powders<\/title>\n<meta name=\"description\" content=\"Kaufen COCAINE Online, kaufen ( cocain kaufen ) \u2013 schnell, einfach und diskret mit Bank\u00fcberweisung und Bitcoin heute. cocain bestllen.\" \/>\n<meta name=\"robots\" content=\"index, follow, max-snippet:-1, max-image-preview:large, max-video-preview:-1\" \/>\n<link rel=\"canonical\" href=\"https:\/\/narcopowders.com\/nl\/product\/online-cocaine-kopen\/\" \/>\n<meta property=\"og:locale\" content=\"nl_NL\" \/>\n<meta property=\"og:type\" content=\"article\" \/>\n<meta property=\"og:title\" content=\"Buy Cocaine Online - Narco Powders\" \/>\n<meta property=\"og:description\" content=\"Kaufen COCAINE Online, kaufen ( cocain kaufen ) \u2013 schnell, einfach und diskret mit Bank\u00fcberweisung und Bitcoin heute. cocain bestllen.\" \/>\n<meta property=\"og:url\" content=\"https:\/\/narcopowders.com\/nl\/product\/online-cocaine-kopen\/\" \/>\n<meta property=\"og:site_name\" content=\"Narco Powders\" \/>\n<meta property=\"article:modified_time\" content=\"2025-03-25T11:53:53+00:00\" \/>\n<meta property=\"og:image\" content=\"https:\/\/narcopowders.com\/wp-content\/uploads\/2024\/05\/Cocaine.gif\" \/>\n\t<meta property=\"og:image:width\" content=\"600\" \/>\n\t<meta property=\"og:image:height\" content=\"600\" \/>\n\t<meta property=\"og:image:type\" content=\"image\/gif\" \/>\n<meta name=\"twitter:card\" content=\"summary_large_image\" \/>\n<meta name=\"twitter:label1\" content=\"Geschatte leestijd\" \/>\n\t<meta name=\"twitter:data1\" content=\"4 minuten\" \/>\n<!-- \/ Yoast SEO plugin. -->","yoast_head_json":{"title":"Online coca\u00efne kopen - Narco-poeders","description":"Kaufen COCAINE Online, kaufen ( coca\u00efne kopen ) - schnell, einfach und diskret mit Bank\u00fcberweisung und Bitcoin heute. coca\u00efne bestllen.","robots":{"index":"index","follow":"follow","max-snippet":"max-snippet:-1","max-image-preview":"max-image-preview:large","max-video-preview":"max-video-preview:-1"},"canonical":"https:\/\/narcopowders.com\/nl\/product\/online-cocaine-kopen\/","og_locale":"nl_NL","og_type":"article","og_title":"Buy Cocaine Online - Narco Powders","og_description":"Kaufen COCAINE Online, kaufen ( cocain kaufen ) \u2013 schnell, einfach und diskret mit Bank\u00fcberweisung und Bitcoin heute. cocain bestllen.","og_url":"https:\/\/narcopowders.com\/nl\/product\/online-cocaine-kopen\/","og_site_name":"Narco Powders","article_modified_time":"2025-03-25T11:53:53+00:00","og_image":[{"width":600,"height":600,"url":"https:\/\/narcopowders.com\/wp-content\/uploads\/2024\/05\/Cocaine.gif","type":"image\/gif"}],"twitter_card":"summary_large_image","twitter_misc":{"Geschatte leestijd":"4 minuten"},"schema":{"@context":"https:\/\/schema.org","@graph":[{"@type":"WebPage","@id":"https:\/\/narcopowders.com\/product\/buy-cocaine-online\/","url":"https:\/\/narcopowders.com\/product\/buy-cocaine-online\/","name":"Online coca\u00efne kopen - Narco-poeders","isPartOf":{"@id":"https:\/\/narcopowders.com\/#website"},"primaryImageOfPage":{"@id":"https:\/\/narcopowders.com\/product\/buy-cocaine-online\/#primaryimage"},"image":{"@id":"https:\/\/narcopowders.com\/product\/buy-cocaine-online\/#primaryimage"},"thumbnailUrl":"https:\/\/narcopowders.com\/wp-content\/uploads\/2024\/05\/Cocaine.gif","datePublished":"2024-05-23T06:17:24+00:00","dateModified":"2025-03-25T11:53:53+00:00","description":"Kaufen COCAINE Online, kaufen ( coca\u00efne kopen ) - schnell, einfach und diskret mit Bank\u00fcberweisung und Bitcoin heute. coca\u00efne bestllen.","breadcrumb":{"@id":"https:\/\/narcopowders.com\/product\/buy-cocaine-online\/#breadcrumb"},"inLanguage":"nl-NL","potentialAction":[{"@type":"ReadAction","target":["https:\/\/narcopowders.com\/product\/buy-cocaine-online\/"]}]},{"@type":"ImageObject","inLanguage":"nl-NL","@id":"https:\/\/narcopowders.com\/product\/buy-cocaine-online\/#primaryimage","url":"https:\/\/narcopowders.com\/wp-content\/uploads\/2024\/05\/Cocaine.gif","contentUrl":"https:\/\/narcopowders.com\/wp-content\/uploads\/2024\/05\/Cocaine.gif","width":600,"height":600,"caption":"Buy Cocaine online"},{"@type":"BreadcrumbList","@id":"https:\/\/narcopowders.com\/product\/buy-cocaine-online\/#breadcrumb","itemListElement":[{"@type":"ListItem","position":1,"name":"Home","item":"https:\/\/narcopowders.com\/"},{"@type":"ListItem","position":2,"name":"Shop Page","item":"https:\/\/narcopowders.com\/shop\/"},{"@type":"ListItem","position":3,"name":"Buy Cocaine Online"}]},{"@type":"WebSite","@id":"https:\/\/narcopowders.com\/#website","url":"https:\/\/narcopowders.com\/","name":"Narco Poeders","description":"Mijn WordPress Blog","potentialAction":[{"@type":"SearchAction","target":{"@type":"EntryPoint","urlTemplate":"https:\/\/narcopowders.com\/?s={search_term_string}"},"query-input":{"@type":"PropertyValueSpecification","valueRequired":true,"valueName":"search_term_string"}}],"inLanguage":"nl-NL"}]}},"_links":{"self":[{"href":"https:\/\/narcopowders.com\/nl\/wp-json\/wp\/v2\/product\/21168","targetHints":{"allow":["GET"]}}],"collection":[{"href":"https:\/\/narcopowders.com\/nl\/wp-json\/wp\/v2\/product"}],"about":[{"href":"https:\/\/narcopowders.com\/nl\/wp-json\/wp\/v2\/types\/product"}],"replies":[{"embeddable":true,"href":"https:\/\/narcopowders.com\/nl\/wp-json\/wp\/v2\/comments?post=21168"}],"wp:featuredmedia":[{"embeddable":true,"href":"https:\/\/narcopowders.com\/nl\/wp-json\/wp\/v2\/media\/21238"}],"wp:attachment":[{"href":"https:\/\/narcopowders.com\/nl\/wp-json\/wp\/v2\/media?parent=21168"}],"wp:term":[{"taxonomy":"product_brand","embeddable":true,"href":"https:\/\/narcopowders.com\/nl\/wp-json\/wp\/v2\/product_brand?post=21168"},{"taxonomy":"product_cat","embeddable":true,"href":"https:\/\/narcopowders.com\/nl\/wp-json\/wp\/v2\/product_cat?post=21168"},{"taxonomy":"product_tag","embeddable":true,"href":"https:\/\/narcopowders.com\/nl\/wp-json\/wp\/v2\/product_tag?post=21168"}],"curies":[{"name":"wp","href":"https:\/\/api.w.org\/{rel}","templated":true}]}}