{"id":18697,"date":"2022-02-09T10:40:11","date_gmt":"2022-02-09T10:40:11","guid":{"rendered":"https:\/\/sophiechems.com\/?page_id=18697"},"modified":"2023-01-02T09:53:26","modified_gmt":"2023-01-02T09:53:26","slug":"payment-shipping","status":"publish","type":"page","link":"https:\/\/narcopowders.com\/pl\/platnosc-wysylka\/","title":{"rendered":"P\u0142atno\u015b\u0107 i wysy\u0142ka"},"content":{"rendered":"<div data-elementor-type=\"wp-page\" data-elementor-id=\"18697\" class=\"elementor elementor-18697\">\n\t\t\t\t\t\t<section class=\"elementor-section elementor-top-section elementor-element elementor-element-7c4ed06 elementor-section-boxed elementor-section-height-default elementor-section-height-default\" data-id=\"7c4ed06\" data-element_type=\"section\">\n\t\t\t\t\t\t<div class=\"elementor-container elementor-column-gap-default\">\n\t\t\t\t\t<div class=\"elementor-column elementor-col-100 elementor-top-column elementor-element elementor-element-5ec700d\" data-id=\"5ec700d\" data-element_type=\"column\">\n\t\t\t<div class=\"elementor-widget-wrap elementor-element-populated\">\n\t\t\t\t\t\t<div class=\"elementor-element elementor-element-64b233c elementor-widget elementor-widget-heading\" data-id=\"64b233c\" data-element_type=\"widget\" data-widget_type=\"heading.default\">\n\t\t\t\t<div class=\"elementor-widget-container\">\n\t\t\t<style>\/*! elementor - v3.23.0 - 05-08-2024 *\/\n.elementor-heading-title{padding:0;margin:0;line-height:1}.elementor-widget-heading .elementor-heading-title[class*=elementor-size-]>a{color:inherit;font-size:inherit;line-height:inherit}.elementor-widget-heading .elementor-heading-title.elementor-size-small{font-size:15px}.elementor-widget-heading .elementor-heading-title.elementor-size-medium{font-size:19px}.elementor-widget-heading .elementor-heading-title.elementor-size-large{font-size:29px}.elementor-widget-heading .elementor-heading-title.elementor-size-xl{font-size:39px}.elementor-widget-heading .elementor-heading-title.elementor-size-xxl{font-size:59px}<\/style><h2 class=\"elementor-heading-title elementor-size-default\">Opcje p\u0142atno\u015bci i wysy\u0142ki<\/h2>\t\t<\/div>\n\t\t\t\t<\/div>\n\t\t\t\t\t<\/div>\n\t\t<\/div>\n\t\t\t\t\t<\/div>\n\t\t<\/section>\n\t\t\t\t<section class=\"elementor-section elementor-top-section elementor-element elementor-element-becee20 elementor-section-boxed elementor-section-height-default elementor-section-height-default\" data-id=\"becee20\" data-element_type=\"section\">\n\t\t\t\t\t\t<div class=\"elementor-container elementor-column-gap-default\">\n\t\t\t\t\t<div class=\"elementor-column elementor-col-100 elementor-top-column elementor-element elementor-element-49cbab2\" data-id=\"49cbab2\" data-element_type=\"column\">\n\t\t\t<div class=\"elementor-widget-wrap elementor-element-populated\">\n\t\t\t\t\t\t<div class=\"elementor-element elementor-element-c364813 elementor-widget elementor-widget-text-editor\" data-id=\"c364813\" data-element_type=\"widget\" data-widget_type=\"text-editor.default\">\n\t\t\t\t<div class=\"elementor-widget-container\">\n\t\t\t<style>\/*! elementor - v3.23.0 - 05-08-2024 *\/\n.elementor-widget-text-editor.elementor-drop-cap-view-stacked .elementor-drop-cap{background-color:#69727d;color:#fff}.elementor-widget-text-editor.elementor-drop-cap-view-framed .elementor-drop-cap{color:#69727d;border:3px solid;background-color:transparent}.elementor-widget-text-editor:not(.elementor-drop-cap-view-default) .elementor-drop-cap{margin-top:8px}.elementor-widget-text-editor:not(.elementor-drop-cap-view-default) .elementor-drop-cap-letter{width:1em;height:1em}.elementor-widget-text-editor .elementor-drop-cap{float:left;text-align:center;line-height:1;font-size:50px}.elementor-widget-text-editor .elementor-drop-cap-letter{display:inline-block}<\/style>\t\t\t\t<h2 style=\"text-align: center;\"><span style=\"color: #000000;\">BITCOIN<\/span><\/h2><p><span style=\"color: #000000;\"><img decoding=\"async\" class=\"size-medium wp-image-18721 aligncenter\" src=\"https:\/\/narcopowders.com\/wp-content\/uploads\/2022\/02\/bitcoin-300x63.png\" alt=\"\" width=\"300\" height=\"63\" srcset=\"https:\/\/narcopowders.com\/wp-content\/uploads\/2022\/02\/bitcoin-300x63.png 300w, https:\/\/narcopowders.com\/wp-content\/uploads\/2022\/02\/bitcoin-600x125.png 600w, https:\/\/narcopowders.com\/wp-content\/uploads\/2022\/02\/bitcoin-1024x214.png 1024w, https:\/\/narcopowders.com\/wp-content\/uploads\/2022\/02\/bitcoin-768x160.png 768w, https:\/\/narcopowders.com\/wp-content\/uploads\/2022\/02\/bitcoin-1536x320.png 1536w, https:\/\/narcopowders.com\/wp-content\/uploads\/2022\/02\/bitcoin-2048x427.png 2048w, https:\/\/narcopowders.com\/wp-content\/uploads\/2022\/02\/bitcoin-1300x271.png 1300w\" sizes=\"(max-width: 300px) 100vw, 300px\" \/>Nasz\u0105 preferowan\u0105 i najszybsz\u0105 metod\u0105 p\u0142atno\u015bci jest Bitcoin. Klienci przyzwyczajeni do tej techniki uwa\u017caj\u0105 j\u0105 za do\u015b\u0107 prost\u0105. Skontaktuj si\u0119 z nami, je\u015bli masz pytania dotycz\u0105ce bitcoin\u00f3w, a my pomo\u017cemy Ci przej\u015b\u0107 przez procedur\u0119.<br \/><\/span><\/p><h3><span style=\"color: #000000;\">Jak kupowa\u0107 za bitcoiny<\/span><\/h3><ul><li>Po wybraniu przedmiotu, kt\u00f3ry chcesz kupi\u0107, umie\u015b\u0107 go w koszyku.<\/li><li>Kliknij koszyk, aby wy\u015bwietli\u0107 koszyk.<\/li><li>Aby uzyska\u0107 dost\u0119p do strony kasy, kliknij przycisk \u201ePrzejd\u017a do kasy\u201d.<\/li><li>Na stronie kasy potwierd\u017a zakup i naci\u015bnij przycisk p\u0142atno\u015bci Bitcoin. Zostaniesz przeniesiony na stron\u0119, na kt\u00f3rej mo\u017cesz zap\u0142aci\u0107, skanuj\u0105c kod QR portfelem lub wpisuj\u0105c adres portfela bitcoin bezpo\u015brednio pod kodem.<\/li><\/ul><p><span style=\"color: #000000;\"><strong>Wa\u017cna uwaga<\/strong><\/span><\/p><p>Wy\u015blij wiadomo\u015b\u0107 e-mail z transakcj\u0105 p\u0142atnicz\u0105 po dokonaniu p\u0142atno\u015bci na adres contact@narcopowders.com, aby\u015bmy mogli j\u0105 zweryfikowa\u0107 i wys\u0142a\u0107 zam\u00f3wienie.<\/p>\t\t\t\t\t\t<\/div>\n\t\t\t\t<\/div>\n\t\t\t\t\t<\/div>\n\t\t<\/div>\n\t\t\t\t\t<\/div>\n\t\t<\/section>\n\t\t\t\t<section class=\"elementor-section elementor-top-section elementor-element elementor-element-d7b1ead elementor-section-boxed elementor-section-height-default elementor-section-height-default\" data-id=\"d7b1ead\" data-element_type=\"section\">\n\t\t\t\t\t\t<div class=\"elementor-container elementor-column-gap-default\">\n\t\t\t\t\t<div class=\"elementor-column elementor-col-100 elementor-top-column elementor-element elementor-element-5cafb0b\" data-id=\"5cafb0b\" data-element_type=\"column\">\n\t\t\t<div class=\"elementor-widget-wrap elementor-element-populated\">\n\t\t\t\t\t\t<div class=\"elementor-element elementor-element-3e7b34a elementor-widget elementor-widget-text-editor\" data-id=\"3e7b34a\" data-element_type=\"widget\" data-widget_type=\"text-editor.default\">\n\t\t\t\t<div class=\"elementor-widget-container\">\n\t\t\t\t\t\t\t<h2 style=\"text-align: center;\"><span style=\"color: #000000;\">WESTERN UNION I MONEY GRAM<\/span><\/h2><p><span style=\"color: #000000;\"><img decoding=\"async\" class=\"size-medium wp-image-18720 aligncenter\" src=\"https:\/\/narcopowders.com\/wp-content\/uploads\/2022\/02\/wu-300x87.png\" alt=\"\" width=\"300\" height=\"87\" srcset=\"https:\/\/narcopowders.com\/wp-content\/uploads\/2022\/02\/wu-300x87.png 300w, https:\/\/narcopowders.com\/wp-content\/uploads\/2022\/02\/wu-600x175.png 600w, https:\/\/narcopowders.com\/wp-content\/uploads\/2022\/02\/wu.png 724w\" sizes=\"(max-width: 300px) 100vw, 300px\" \/><img decoding=\"async\" class=\"size-medium wp-image-18719 aligncenter\" src=\"https:\/\/narcopowders.com\/wp-content\/uploads\/2022\/02\/mg-300x100.jpeg\" alt=\"\" width=\"300\" height=\"100\" srcset=\"https:\/\/narcopowders.com\/wp-content\/uploads\/2022\/02\/mg-300x100.jpeg 300w, https:\/\/narcopowders.com\/wp-content\/uploads\/2022\/02\/mg-600x200.jpeg 600w, https:\/\/narcopowders.com\/wp-content\/uploads\/2022\/02\/mg-1024x341.jpeg 1024w, https:\/\/narcopowders.com\/wp-content\/uploads\/2022\/02\/mg-768x256.jpeg 768w, https:\/\/narcopowders.com\/wp-content\/uploads\/2022\/02\/mg-1536x512.jpeg 1536w, https:\/\/narcopowders.com\/wp-content\/uploads\/2022\/02\/mg-2048x683.jpeg 2048w, https:\/\/narcopowders.com\/wp-content\/uploads\/2022\/02\/mg-1300x433.jpeg 1300w\" sizes=\"(max-width: 300px) 100vw, 300px\" \/>Akceptujemy r\u00f3wnie\u017c metody p\u0142atno\u015bci moneygram i western union. Chocia\u017c wolniej ni\u017c bitcoin, ta waluta jest jednak przydatna.<br \/><\/span><\/p><h3><span style=\"color: #000000;\">Jak zap\u0142aci\u0107 przez Western Union lub Money Gram<\/span><\/h3><ul><li>Zaczynasz od wybrania przedmiot\u00f3w, kt\u00f3re chcesz kupi\u0107 w naszym sklepie.<\/li><li>Klikaj\u0105c w koszyk, mo\u017cesz doda\u0107 je do koszyka i przej\u015b\u0107 do strony kasy.<\/li><li>Dost\u0119p do strony kasy mo\u017cna uzyska\u0107 ze strony koszyka.<\/li><li>Teraz nale\u017cy sfotografowa\u0107 zam\u00f3wienie i wys\u0142a\u0107 je do nas na adres contact@narcopowders.com.<\/li><li>Po sprawdzeniu zam\u00f3wienia wy\u015blemy Ci wiadomo\u015b\u0107 e-mail z danymi odbiorcy money-gram lub Western Union.<\/li><li>Po zako\u0144czeniu transakcji wy\u015blij potwierdzenie na adres contact@narcopowders.com.<\/li><li>Po otrzymaniu p\u0142atno\u015bci i potwierdzeniu zam\u00f3wienia, Twoje zam\u00f3wienie zostanie wys\u0142ane.<\/li><\/ul><p><span style=\"color: #000000;\"><strong>Wa\u017cna uwaga<\/strong><\/span><\/p><p>Wy\u015blij wiadomo\u015b\u0107 e-mail z transakcj\u0105 p\u0142atnicz\u0105 po dokonaniu p\u0142atno\u015bci na adres contact@narcopowders.com, aby\u015bmy mogli j\u0105 zweryfikowa\u0107 i wys\u0142a\u0107 zam\u00f3wienie.<\/p>\t\t\t\t\t\t<\/div>\n\t\t\t\t<\/div>\n\t\t\t\t\t<\/div>\n\t\t<\/div>\n\t\t\t\t\t<\/div>\n\t\t<\/section>\n\t\t\t\t<section class=\"elementor-section elementor-top-section elementor-element elementor-element-e56d5ec elementor-section-boxed elementor-section-height-default elementor-section-height-default\" data-id=\"e56d5ec\" data-element_type=\"section\">\n\t\t\t\t\t\t<div class=\"elementor-container elementor-column-gap-default\">\n\t\t\t\t\t<div class=\"elementor-column elementor-col-100 elementor-top-column elementor-element elementor-element-274ba1f\" data-id=\"274ba1f\" data-element_type=\"column\">\n\t\t\t<div class=\"elementor-widget-wrap elementor-element-populated\">\n\t\t\t\t\t\t<div class=\"elementor-element elementor-element-c67d700 elementor-widget elementor-widget-text-editor\" data-id=\"c67d700\" data-element_type=\"widget\" data-widget_type=\"text-editor.default\">\n\t\t\t\t<div class=\"elementor-widget-container\">\n\t\t\t\t\t\t\t<h2 style=\"text-align: center;\"><span style=\"color: #000000;\">Wysy\u0142ka i Dostawa<\/span><\/h2><p>Ca\u0142y nasz produkt wysy\u0142amy w podstawowym pude\u0142ku lub kopercie. Wytrzyma\u0142e worki bezzapachowe s\u0105 u\u017cywane dwukrotnie do uszczelnienia pojemnika, a nast\u0119pnie s\u0105 zaklejane ta\u015bm\u0105, aby upewni\u0107 si\u0119, \u017ce nie pozostanie \u017caden zapach. Nawet je\u015bli wysy\u0142amy zam\u00f3wienia tego samego dnia, je\u015bli dotr\u0105 przed godzin\u0105 17:00, nadal istnieje ryzyko op\u00f3\u017anienia, poniewa\u017c nie mamy kontroli nad us\u0142ugodawc\u0105 obs\u0142uguj\u0105cym proces dostawy. Poinformuj nas, je\u015bli produkt nie dotrze zgodnie z obietnic\u0105, aby\u015bmy mogli go sprawdzi\u0107 lub wy\u015bledzi\u0107.<\/p><p><strong>ZASTRZE\u017bENIE:<\/strong> Pomimo faktu, \u017ce 99% naszych produkt\u00f3w jest dostarczanych, istnieje niewielkie prawdopodobie\u0144stwo, \u017ce mog\u0105 zosta\u0107 zgubione lub skradzione podczas transportu. Je\u015bli tak jest i nie otrzyma\u0142e\u015b zam\u00f3wienia w ci\u0105gu 14 dni, skontaktuj si\u0119 z nami. Zrobimy co w naszej mocy, aby pom\u00f3c.<\/p>\t\t\t\t\t\t<\/div>\n\t\t\t\t<\/div>\n\t\t\t\t\t<\/div>\n\t\t<\/div>\n\t\t\t\t\t<\/div>\n\t\t<\/section>\n\t\t\t\t<\/div>","protected":false},"excerpt":{"rendered":"<p>Payment &#038; Shipping Options BITCOIN Our preferred and fastest method of payment is Bitcoin. Customers that are accustomed to this technique find it to be quite simple. Get in contact with us if you have questions about bitcoin, and we&#8217;ll help you through the procedure. How to buy with bitcoin Put the item you want [&hellip;]<\/p>","protected":false},"author":1,"featured_media":0,"parent":0,"menu_order":0,"comment_status":"closed","ping_status":"closed","template":"","meta":{"_joinchat":[],"footnotes":""},"class_list":["post-18697","page","type-page","status-publish","hentry"],"yoast_head":"<!-- This site is optimized with the Yoast SEO plugin v25.9 - https:\/\/yoast.com\/wordpress\/plugins\/seo\/ -->\n<title>Payment &amp; Shipping - Narco Powders<\/title>\n<meta name=\"robots\" content=\"index, follow, max-snippet:-1, max-image-preview:large, max-video-preview:-1\" \/>\n<link rel=\"canonical\" href=\"https:\/\/narcopowders.com\/pl\/platnosc-wysylka\/\" \/>\n<meta property=\"og:locale\" content=\"pl_PL\" \/>\n<meta property=\"og:type\" content=\"article\" \/>\n<meta property=\"og:title\" content=\"Payment &amp; Shipping - Narco Powders\" \/>\n<meta property=\"og:description\" content=\"Payment &#038; Shipping Options BITCOIN Our preferred and fastest method of payment is Bitcoin. Customers that are accustomed to this technique find it to be quite simple. Get in contact with us if you have questions about bitcoin, and we&#8217;ll help you through the procedure. How to buy with bitcoin Put the item you want [&hellip;]\" \/>\n<meta property=\"og:url\" content=\"https:\/\/narcopowders.com\/pl\/platnosc-wysylka\/\" \/>\n<meta property=\"og:site_name\" content=\"Narco Powders\" \/>\n<meta property=\"article:modified_time\" content=\"2023-01-02T09:53:26+00:00\" \/>\n<meta property=\"og:image\" content=\"https:\/\/narcopowders.com\/wp-content\/uploads\/2022\/02\/bitcoin-300x63.png\" \/>\n<meta name=\"twitter:card\" content=\"summary_large_image\" \/>\n<meta name=\"twitter:label1\" content=\"Szacowany czas czytania\" \/>\n\t<meta name=\"twitter:data1\" content=\"2 minuty\" \/>\n<!-- \/ Yoast SEO plugin. -->","yoast_head_json":{"title":"P\u0142atno\u015b\u0107 i wysy\u0142ka - Narco Powders","robots":{"index":"index","follow":"follow","max-snippet":"max-snippet:-1","max-image-preview":"max-image-preview:large","max-video-preview":"max-video-preview:-1"},"canonical":"https:\/\/narcopowders.com\/pl\/platnosc-wysylka\/","og_locale":"pl_PL","og_type":"article","og_title":"Payment & Shipping - Narco Powders","og_description":"Payment &#038; Shipping Options BITCOIN Our preferred and fastest method of payment is Bitcoin. Customers that are accustomed to this technique find it to be quite simple. Get in contact with us if you have questions about bitcoin, and we&#8217;ll help you through the procedure. How to buy with bitcoin Put the item you want [&hellip;]","og_url":"https:\/\/narcopowders.com\/pl\/platnosc-wysylka\/","og_site_name":"Narco Powders","article_modified_time":"2023-01-02T09:53:26+00:00","og_image":[{"url":"https:\/\/narcopowders.com\/wp-content\/uploads\/2022\/02\/bitcoin-300x63.png","type":"","width":"","height":""}],"twitter_card":"summary_large_image","twitter_misc":{"Szacowany czas czytania":"2 minuty"},"schema":{"@context":"https:\/\/schema.org","@graph":[{"@type":"WebPage","@id":"https:\/\/narcopowders.com\/payment-shipping\/","url":"https:\/\/narcopowders.com\/payment-shipping\/","name":"P\u0142atno\u015b\u0107 i wysy\u0142ka - Narco Powders","isPartOf":{"@id":"https:\/\/narcopowders.com\/#website"},"primaryImageOfPage":{"@id":"https:\/\/narcopowders.com\/payment-shipping\/#primaryimage"},"image":{"@id":"https:\/\/narcopowders.com\/payment-shipping\/#primaryimage"},"thumbnailUrl":"https:\/\/narcopowders.com\/wp-content\/uploads\/2022\/02\/bitcoin-300x63.png","datePublished":"2022-02-09T10:40:11+00:00","dateModified":"2023-01-02T09:53:26+00:00","breadcrumb":{"@id":"https:\/\/narcopowders.com\/payment-shipping\/#breadcrumb"},"inLanguage":"pl-PL","potentialAction":[{"@type":"ReadAction","target":["https:\/\/narcopowders.com\/payment-shipping\/"]}]},{"@type":"ImageObject","inLanguage":"pl-PL","@id":"https:\/\/narcopowders.com\/payment-shipping\/#primaryimage","url":"https:\/\/narcopowders.com\/wp-content\/uploads\/2022\/02\/bitcoin-300x63.png","contentUrl":"https:\/\/narcopowders.com\/wp-content\/uploads\/2022\/02\/bitcoin-300x63.png"},{"@type":"BreadcrumbList","@id":"https:\/\/narcopowders.com\/payment-shipping\/#breadcrumb","itemListElement":[{"@type":"ListItem","position":1,"name":"Home","item":"https:\/\/narcopowders.com\/"},{"@type":"ListItem","position":2,"name":"Payment &#038; Shipping"}]},{"@type":"WebSite","@id":"https:\/\/narcopowders.com\/#website","url":"https:\/\/narcopowders.com\/","name":"Proszki Narco","description":"M\u00f3j blog WordPress","potentialAction":[{"@type":"SearchAction","target":{"@type":"EntryPoint","urlTemplate":"https:\/\/narcopowders.com\/?s={search_term_string}"},"query-input":{"@type":"PropertyValueSpecification","valueRequired":true,"valueName":"search_term_string"}}],"inLanguage":"pl-PL"}]}},"_links":{"self":[{"href":"https:\/\/narcopowders.com\/pl\/wp-json\/wp\/v2\/pages\/18697","targetHints":{"allow":["GET"]}}],"collection":[{"href":"https:\/\/narcopowders.com\/pl\/wp-json\/wp\/v2\/pages"}],"about":[{"href":"https:\/\/narcopowders.com\/pl\/wp-json\/wp\/v2\/types\/page"}],"author":[{"embeddable":true,"href":"https:\/\/narcopowders.com\/pl\/wp-json\/wp\/v2\/users\/1"}],"replies":[{"embeddable":true,"href":"https:\/\/narcopowders.com\/pl\/wp-json\/wp\/v2\/comments?post=18697"}],"version-history":[{"count":23,"href":"https:\/\/narcopowders.com\/pl\/wp-json\/wp\/v2\/pages\/18697\/revisions"}],"predecessor-version":[{"id":19103,"href":"https:\/\/narcopowders.com\/pl\/wp-json\/wp\/v2\/pages\/18697\/revisions\/19103"}],"wp:attachment":[{"href":"https:\/\/narcopowders.com\/pl\/wp-json\/wp\/v2\/media?parent=18697"}],"curies":[{"name":"wp","href":"https:\/\/api.w.org\/{rel}","templated":true}]}}