{"id":19057,"date":"2023-01-02T09:27:48","date_gmt":"2023-01-02T09:27:48","guid":{"rendered":"https:\/\/nembutalhouse.com\/narco\/?post_type=product&#038;p=19057"},"modified":"2025-03-25T12:31:48","modified_gmt":"2025-03-25T12:31:48","slug":"black-tar-heroin","status":"publish","type":"product","link":"https:\/\/narcopowders.com\/pl\/product\/black-tar-heroin\/","title":{"rendered":"Kup czarn\u0105 smo\u0142owan\u0105 heroin\u0119 online"},"content":{"rendered":"<h2 style=\"text-align: justify;\">Kup czarn\u0105 smo\u0142owan\u0105 heroin\u0119 online<\/h2>\n<p style=\"text-align: justify;\"><a href=\"https:\/\/narcopowders.com\/pl\/produkt\/heroina-z-czarnej-smoly\/\">Black tar heroin<\/a> to forma heroiny, znana ze swojej czarnej, lepkiej i smolistej konsystencji. Chocia\u017c jest uwa\u017cana za substancj\u0119 niebezpieczn\u0105 i <a href=\"https:\/\/en.wikipedia.org\/wiki\/Heroin\">powerful drug<\/a>, nadal cieszy si\u0119 du\u017cym popytem ze wzgl\u0119du na nisk\u0105 cen\u0119 i dost\u0119pno\u015b\u0107. Je\u015bli wi\u0119c chcesz\u00a0<strong>heroina z czarnej smo\u0142y online<\/strong>\u00a0at the best price, <a href=\"https:\/\/narcopowders.com\/pl\/\">Proszki Narco<\/a> is the best place.<\/p>\n<h3 style=\"text-align: justify;\">Jaki jest wygl\u0105d i zapach czarnej smo\u0142owej heroiny?<\/h3>\n<p style=\"text-align: justify;\">Czarna heroina smolista jest wytwarzana ze stwardnia\u0142ych pozosta\u0142o\u015bci, kt\u00f3re pozostaj\u0105 po paleniu lub wstrzykiwaniu heroiny. Jest silniejsza ni\u017c inne formy heroiny i ma silniejszy zapach i smak. Do\u00a0<a href=\"https:\/\/www.bing.com\/search?q=Buy%20Black%20Tar%20Heroin%20Online&amp;qs=n&amp;form=QBRE&amp;sp=-1&amp;lq=0&amp;pq=buy%20black%20tar%20heroin%20online&amp;sc=0-27&amp;sk=&amp;cvid=F01FA017FD0F4F3EABB14F7ED199BF75&amp;ghsh=0&amp;ghacc=0&amp;ghpl=\"><strong>zam\u00f3w czarn\u0105 heroin\u0119 smo\u0142ow\u0105 przez Internet<\/strong><\/a>\u00a0z Narco Powders, po prostu kliknij \u201eDodaj do koszyka\u201d i wprowad\u017a swoje dane w procesie realizacji transakcji. Wtedy dostaniesz swoje\u00a0<strong><a href=\"https:\/\/www.google.com\/search?q=Buy+Black+Tar+Heroin+Online&amp;num=10&amp;sca_esv=1a2a07081c7891bb&amp;rlz=1C1RXQR_enIN1098IN1098&amp;sxsrf=AHTn8zquBUMCtTjZYnZwT6wlYjztzsC8Wg%3A1741762728195&amp;ei=qDDRZ4LPC83C4-EPh7vMqQk&amp;ved=0ahUKEwiCw8nl-4OMAxVN4TgGHYcdM5UQ4dUDCBA&amp;uact=5&amp;oq=Buy+Black+Tar+Heroin+Online&amp;gs_lp=Egxnd3Mtd2l6LXNlcnAiG0J1eSBCbGFjayBUYXIgSGVyb2luIE9ubGluZUjyBlC6A1i6A3ACeACQAQCYAdMBoAHTAaoBAzItMbgBA8gBAPgBAvgBAZgCAKACAJgDAIgGAZIHAKAHTw&amp;sclient=gws-wiz-serp\">luzem czarna heroina smo\u0142owa<\/a>\u00a0<\/strong>dostarczone do twoich drzwi<strong>.\u00a0<\/strong>Nie zapomnij jednak o bezpiecznym przechowywaniu lek\u00f3w z dala od dzieci i zwierz\u0105t domowych i nigdy nie udost\u0119pniaj igie\u0142 ani strzykawek innym osobom.<\/p>\n<h3 style=\"text-align: justify;\">Procedura Produkcja i handel czarn\u0105 smo\u0142owan\u0105 heroin\u0105<\/h3>\n<p style=\"text-align: justify;\"><a href=\"https:\/\/www.bing.com\/search?q=Buy%20Black%20Tar%20Heroin%20Online&amp;qs=n&amp;form=QBRE&amp;sp=-1&amp;lq=0&amp;pq=buy%20black%20tar%20heroin%20online&amp;sc=0-27&amp;sk=&amp;cvid=F01FA017FD0F4F3EABB14F7ED199BF75&amp;ghsh=0&amp;ghacc=0&amp;ghpl=\">Czarna heroina smo\u0142owa to rodzaj heroiny<\/a> Czarna heroina smo\u0142owa to rodzaj heroiny wytwarzanej ze sproszkowanego opium. Substancja ta jest nast\u0119pnie mieszana z innymi chemikaliami i podgrzewana, a\u017c stanie si\u0119 lepk\u0105 czarn\u0105 substancj\u0105 znan\u0105 jako \u201esmo\u0142a\u201d. Smo\u0142a jest nast\u0119pnie ci\u0119ta na ma\u0142e kawa\u0142ki i sprzedawana na ulicach jako heroina.<\/p>\n<p style=\"text-align: justify;\">Proces produkcji czarnej heroiny smo\u0142owej i handlu ni\u0105 jest z\u0142o\u017cony. Dilerzy heroiny poruszaj\u0105 si\u0119 po przest\u0119pczym p\u00f3\u0142\u015bwiatku, aby zdoby\u0107 surowce potrzebne do produkcji narkotyku i radzi\u0107 sobie z funkcjonariuszami organ\u00f3w \u015bcigania, kt\u00f3rzy mog\u0105 pr\u00f3bowa\u0107 ich powstrzyma\u0107. Jednak dost\u0119pno\u015b\u0107\u00a0<strong><a href=\"https:\/\/duckduckgo.com\/?q=Buy+Black+Tar+Heroin+Online&amp;t=h_&amp;ia=web\">sprzedam czarn\u0105 smo\u0142\u0119 heroin\u0119<\/a>\u00a0<\/strong>online na certyfikowanych stronach, takich jak Narco Powders, sprawia, \u017ce \u200b\u200bproces ten jest jeszcze \u0142atwiejszy ni\u017c kiedykolwiek wcze\u015bniej.<\/p>\n<p style=\"text-align: justify;\">przy zakupie <a href=\"https:\/\/duckduckgo.com\/?q=Buy+Black+Tar+Heroin+Online&amp;t=h_&amp;ia=web\"><strong>heroina z czarnej smo\u0142y online<\/strong><\/a>, b\u0105d\u017a \u015bwiadomy zwi\u0105zanego z tym ryzyka. Nie tylko ryzykujesz zakup lek\u00f3w z nieznanego \u017ar\u00f3d\u0142a, ale tak\u017ce nara\u017casz si\u0119 na dodatkowe niebezpiecze\u0144stwa, w tym przedawkowanie i zara\u017cenie si\u0119 wirusem HIV lub innymi chorobami przenoszonymi drog\u0105 p\u0142ciow\u0105. Dlatego kupuj te leki tylko z zaufanego \u017ar\u00f3d\u0142a, takiego jak Narco Powders.<\/p>\n<h3 style=\"text-align: justify;\">Negatywne skutki czarnej heroiny smo\u0142owej<\/h3>\n<p style=\"text-align: justify;\">Czarna heroina smo\u0142owa jest siln\u0105, nieczyst\u0105 postaci\u0105 heroiny, kt\u00f3ra ma kilka powa\u017cnych skutk\u00f3w ubocznych. Na przyk\u0142ad czarna heroina smo\u0142owa mo\u017ce powodowa\u0107 nudno\u015bci, wymioty i b\u00f3le g\u0142owy. D\u0142ugotrwa\u0142e stosowanie mo\u017ce r\u00f3wnie\u017c prowadzi\u0107 do objaw\u00f3w odstawiennych, takich jak depresja, l\u0119k i niepok\u00f3j. Czarna heroina smo\u0142owa mo\u017ce r\u00f3wnie\u017c zwi\u0119ksza\u0107 ryzyko problem\u00f3w z sercem i p\u0142ucami. Nie b\u00f3j si\u0119 prosi\u0107 o pomoc, je\u015bli ty lub kto\u015b, kogo znasz, walczy z uzale\u017cnieniem od czarnej smo\u0142y.<\/p>\n<h3 style=\"text-align: justify;\">Dlaczego warto kupowa\u0107 czarn\u0105 smo\u0142ow\u0105 heroin\u0119 online od Narco Powders?<\/h3>\n<p style=\"text-align: justify;\">Szukasz wiarygodnego i wysokiej jako\u015bci \u017ar\u00f3d\u0142a do <a href=\"https:\/\/duckduckgo.com\/?q=Buy+Black+Tar+Heroin+Online&amp;t=h_&amp;ia=web\"><strong>heroina z czarnej smo\u0142y online<\/strong><\/a>? Nie szukaj dalej ni\u017c Narco Powders. Tutaj znajdziesz najlepsze <strong>cena heroiny czarnej smo\u0142y\u00a0<\/strong>z gwarancj\u0105 jako\u015bci. Ponadto oferujemy najszybsze terminy dostaw w bran\u017cy.<\/p>","protected":false},"excerpt":{"rendered":"<p>Buy Black Tar Heroin Online Black tar heroin is a form of the drug heroin known for its black, sticky, and tar-like consistency. While it is considered a risky and powerful drug, it is still in high demand due to its low cost and availability. So, if you wish to\u00a0buy black tar heroin online\u00a0at the [&hellip;]<\/p>\n","protected":false},"featured_media":19064,"comment_status":"open","ping_status":"closed","template":"","meta":{"_joinchat":[]},"product_brand":[],"product_cat":[1168],"product_tag":[1186,1180,1188,1182,1181,1189,1192,1193,1191,1183,1194,1187,1195,1184,1190,1185],"class_list":{"0":"post-19057","1":"product","2":"type-product","3":"status-publish","4":"has-post-thumbnail","6":"product_cat-buy-heroin-online","7":"product_tag-benefits-of-black-tar-heroin","8":"product_tag-best-place-to-order-black-tar-heroin","9":"product_tag-black-tar-heroin-for-sale","10":"product_tag-black-tar-heroin-price","11":"product_tag-black-tar-heroin-wholesale","12":"product_tag-buy-black-tar-heroin-legally","13":"product_tag-buy-black-tar-heroin-online-australia","14":"product_tag-buy-black-tar-heroin-online-near-me","15":"product_tag-buy-black-tar-heroin-online-usa","16":"product_tag-cheap-black-tar-heroin","17":"product_tag-how-can-i-get-the-best-black-tar-heroin","18":"product_tag-how-to-order-black-tar-heroin","19":"product_tag-legit-black-tar-heroin-online","20":"product_tag-what-is-black-tar-heroin","21":"product_tag-where-can-i-buy-black-tar-heroin","22":"product_tag-where-to-buy-black-tar-heroin","24":"first","25":"instock","26":"shipping-taxable","27":"purchasable","28":"product-type-variable","29":"add-to-wishlist-after_add_to_cart"},"yoast_head":"<!-- This site is optimized with the Yoast SEO plugin v27.5 - https:\/\/yoast.com\/product\/yoast-seo-wordpress\/ -->\n<title>Black Tar Heroin for Sale - Buy Black Tar Heroin Online<\/title>\n<meta name=\"description\" content=\"Looking for best place to buy black tar heroin online? We offer the best quality black tar heroin for sale and at the most affordable prices. Order Now!\" \/>\n<meta name=\"robots\" content=\"index, follow, max-snippet:-1, max-image-preview:large, max-video-preview:-1\" \/>\n<link rel=\"canonical\" href=\"https:\/\/narcopowders.com\/pl\/produkt\/heroina-z-czarnej-smoly\/\" \/>\n<meta property=\"og:locale\" content=\"pl_PL\" \/>\n<meta property=\"og:type\" content=\"article\" \/>\n<meta property=\"og:title\" content=\"Black Tar Heroin for Sale - Buy Black Tar Heroin Online\" \/>\n<meta property=\"og:description\" content=\"Looking for best place to buy black tar heroin online? We offer the best quality black tar heroin for sale and at the most affordable prices. Order Now!\" \/>\n<meta property=\"og:url\" content=\"https:\/\/narcopowders.com\/pl\/produkt\/heroina-z-czarnej-smoly\/\" \/>\n<meta property=\"og:site_name\" content=\"Narco Powders\" \/>\n<meta property=\"article:modified_time\" content=\"2025-03-25T12:31:48+00:00\" \/>\n<meta property=\"og:image\" content=\"https:\/\/narcopowders.com\/wp-content\/uploads\/2023\/01\/black-tar-heroin.jpg\" \/>\n\t<meta property=\"og:image:width\" content=\"600\" \/>\n\t<meta property=\"og:image:height\" content=\"600\" \/>\n\t<meta property=\"og:image:type\" content=\"image\/jpeg\" \/>\n<meta name=\"twitter:card\" content=\"summary_large_image\" \/>\n<meta name=\"twitter:label1\" content=\"Szacowany czas czytania\" \/>\n\t<meta name=\"twitter:data1\" content=\"3 minuty\" \/>\n<!-- \/ Yoast SEO plugin. -->","yoast_head_json":{"title":"Sprzeda\u017c Czarnej Tar Heroiny - Kup Czarn\u0105 Tar Heroin\u0119 Online","description":"Szukasz najlepszego miejsca do zakupu czarnej heroiny smo\u0142owej online? Oferujemy najwy\u017cszej jako\u015bci czarn\u0105 heroin\u0119 smo\u0142ow\u0105 na sprzeda\u017c w najbardziej przyst\u0119pnych cenach. Zam\u00f3w teraz!","robots":{"index":"index","follow":"follow","max-snippet":"max-snippet:-1","max-image-preview":"max-image-preview:large","max-video-preview":"max-video-preview:-1"},"canonical":"https:\/\/narcopowders.com\/pl\/produkt\/heroina-z-czarnej-smoly\/","og_locale":"pl_PL","og_type":"article","og_title":"Black Tar Heroin for Sale - Buy Black Tar Heroin Online","og_description":"Looking for best place to buy black tar heroin online? We offer the best quality black tar heroin for sale and at the most affordable prices. Order Now!","og_url":"https:\/\/narcopowders.com\/pl\/produkt\/heroina-z-czarnej-smoly\/","og_site_name":"Narco Powders","article_modified_time":"2025-03-25T12:31:48+00:00","og_image":[{"width":600,"height":600,"url":"https:\/\/narcopowders.com\/wp-content\/uploads\/2023\/01\/black-tar-heroin.jpg","type":"image\/jpeg"}],"twitter_card":"summary_large_image","twitter_misc":{"Szacowany czas czytania":"3 minuty"},"schema":{"@context":"https:\/\/schema.org","@graph":[{"@type":"WebPage","@id":"https:\/\/narcopowders.com\/product\/black-tar-heroin\/","url":"https:\/\/narcopowders.com\/product\/black-tar-heroin\/","name":"Sprzeda\u017c Czarnej Tar Heroiny - Kup Czarn\u0105 Tar Heroin\u0119 Online","isPartOf":{"@id":"https:\/\/narcopowders.com\/#website"},"primaryImageOfPage":{"@id":"https:\/\/narcopowders.com\/product\/black-tar-heroin\/#primaryimage"},"image":{"@id":"https:\/\/narcopowders.com\/product\/black-tar-heroin\/#primaryimage"},"thumbnailUrl":"https:\/\/narcopowders.com\/wp-content\/uploads\/2023\/01\/black-tar-heroin.jpg","datePublished":"2023-01-02T09:27:48+00:00","dateModified":"2025-03-25T12:31:48+00:00","description":"Szukasz najlepszego miejsca do zakupu czarnej heroiny smo\u0142owej online? Oferujemy najwy\u017cszej jako\u015bci czarn\u0105 heroin\u0119 smo\u0142ow\u0105 na sprzeda\u017c w najbardziej przyst\u0119pnych cenach. Zam\u00f3w teraz!","breadcrumb":{"@id":"https:\/\/narcopowders.com\/product\/black-tar-heroin\/#breadcrumb"},"inLanguage":"pl-PL","potentialAction":[{"@type":"ReadAction","target":["https:\/\/narcopowders.com\/product\/black-tar-heroin\/"]}]},{"@type":"ImageObject","inLanguage":"pl-PL","@id":"https:\/\/narcopowders.com\/product\/black-tar-heroin\/#primaryimage","url":"https:\/\/narcopowders.com\/wp-content\/uploads\/2023\/01\/black-tar-heroin.jpg","contentUrl":"https:\/\/narcopowders.com\/wp-content\/uploads\/2023\/01\/black-tar-heroin.jpg","width":600,"height":600,"caption":"Buy Black Tar Heroin Online"},{"@type":"BreadcrumbList","@id":"https:\/\/narcopowders.com\/product\/black-tar-heroin\/#breadcrumb","itemListElement":[{"@type":"ListItem","position":1,"name":"Home","item":"https:\/\/narcopowders.com\/"},{"@type":"ListItem","position":2,"name":"Shop Page","item":"https:\/\/narcopowders.com\/shop\/"},{"@type":"ListItem","position":3,"name":"Buy Black Tar Heroin Online"}]},{"@type":"WebSite","@id":"https:\/\/narcopowders.com\/#website","url":"https:\/\/narcopowders.com\/","name":"Proszki Narco","description":"M\u00f3j blog WordPress","potentialAction":[{"@type":"SearchAction","target":{"@type":"EntryPoint","urlTemplate":"https:\/\/narcopowders.com\/?s={search_term_string}"},"query-input":{"@type":"PropertyValueSpecification","valueRequired":true,"valueName":"search_term_string"}}],"inLanguage":"pl-PL"}]}},"_links":{"self":[{"href":"https:\/\/narcopowders.com\/pl\/wp-json\/wp\/v2\/product\/19057","targetHints":{"allow":["GET"]}}],"collection":[{"href":"https:\/\/narcopowders.com\/pl\/wp-json\/wp\/v2\/product"}],"about":[{"href":"https:\/\/narcopowders.com\/pl\/wp-json\/wp\/v2\/types\/product"}],"replies":[{"embeddable":true,"href":"https:\/\/narcopowders.com\/pl\/wp-json\/wp\/v2\/comments?post=19057"}],"wp:featuredmedia":[{"embeddable":true,"href":"https:\/\/narcopowders.com\/pl\/wp-json\/wp\/v2\/media\/19064"}],"wp:attachment":[{"href":"https:\/\/narcopowders.com\/pl\/wp-json\/wp\/v2\/media?parent=19057"}],"wp:term":[{"taxonomy":"product_brand","embeddable":true,"href":"https:\/\/narcopowders.com\/pl\/wp-json\/wp\/v2\/product_brand?post=19057"},{"taxonomy":"product_cat","embeddable":true,"href":"https:\/\/narcopowders.com\/pl\/wp-json\/wp\/v2\/product_cat?post=19057"},{"taxonomy":"product_tag","embeddable":true,"href":"https:\/\/narcopowders.com\/pl\/wp-json\/wp\/v2\/product_tag?post=19057"}],"curies":[{"name":"wp","href":"https:\/\/api.w.org\/{rel}","templated":true}]}}