{"id":19075,"date":"2023-01-02T09:51:26","date_gmt":"2023-01-02T09:51:26","guid":{"rendered":"https:\/\/nembutalhouse.com\/narco\/?post_type=product&#038;p=19075"},"modified":"2025-03-25T12:30:25","modified_gmt":"2025-03-25T12:30:25","slug":"brown-powder-heroin","status":"publish","type":"product","link":"https:\/\/narcopowders.com\/pl\/produkt\/brown-pulver-heroina\/","title":{"rendered":"Heroina w br\u0105zowym proszku"},"content":{"rendered":"<h2 style=\"text-align: justify;\">Heroina w br\u0105zowym proszku<\/h2>\n<p style=\"text-align: justify;\"><a href=\"https:\/\/en.wikipedia.org\/wiki\/Heroin\">Heroina w br\u0105zowym proszku<\/a> Kup Heroin\u0119 w Proszku Br\u0105zowym Online Heroina w Proszku Br\u0105zowym (BPH) staje si\u0119 coraz bardziej popularna na rynku globalnym. Chocia\u017c BPH istnieje od lat, jego popularno\u015b\u0107 ro\u015bnie ze wzgl\u0119du na jego wyj\u0105tkowy wp\u0142yw na ludzkie cia\u0142o. Tak wi\u0119c, je\u015bli chcesz kupi\u0107 br\u0105zow\u0105 heroin\u0119 w proszku online, to Narco Powders jest\u00a0<a href=\"https:\/\/narcopowders.com\/pl\/produkt\/brown-pulver-heroina\/\"><strong>kup heroin\u0119 w br\u0105zowym proszku online<\/strong><\/a>, then <a href=\"https:\/\/narcopowders.com\/pl\/\">Proszki Narco<\/a> is your best bet.<\/p>\n<h3 style=\"text-align: justify;\">Z czego sk\u0142ada si\u0119 heroina z br\u0105zowego proszku?<\/h3>\n<p style=\"text-align: justify;\">BPH to forma opium przetworzona do postaci proszku. <a href=\"https:\/\/www.google.com\/search?q=Buy+Brown+Powder+Heroin+Online&amp;sca_esv=7d1b82273738a5db&amp;sxsrf=AHTn8zoru4nNVmuqppkIBsSuzm4eOnlOrg%3A1742905234477&amp;ei=kp_iZ4jnHNCsseMP_frH2QE&amp;ved=0ahUKEwiI-IL7m6WMAxVQVmwGHX39MRsQ4dUDCA8&amp;uact=5&amp;oq=Buy+Brown+Powder+Heroin+Online&amp;gs_lp=Egxnd3Mtd2l6LXNlcnAiHkJ1eSBCcm93biBQb3dkZXIgSGVyb2luIE9ubGluZUjEB1C9AVi9AXABeACQAQCYAc0BoAHNAaoBAzItMbgBA8gBAPgBAfgBApgCAaACJ6gCEsICBxAjGCcY6gLCAhcQABiABBiRAhi0AhjHAxiKBRjqAtgBAcICFBAAGIAEGJECGLQCGIoFGOoC2AEBwgIQEAAYAxi0AhjqAhiPAdgBAZgDJ_EFH0i-hSkUnOS6BgYIARABGAGSBwExoAdasgcAuAcA&amp;sclient=gws-wiz-serp\">Ten proszek mo\u017cna \u0142atwo pali\u0107 lub wstrzykiwa\u0107<\/a>BPH to forma opium, kt\u00f3ra zosta\u0142a przetworzona na proszek. Ten proszek mo\u017cna \u0142atwo pali\u0107 lub wstrzykiwa\u0107, co czyni go silniejszym i uzale\u017cniaj\u0105cym ni\u017c inne formy opium. Ponadto BPH ma trwalsze dzia\u0142anie ni\u017c inne rodzaje opium, co czyni go idealnym do stosowania w przypadku aktywno\u015bci o wysokiej intensywno\u015bci, takich jak lekkoatletyka lub seks.<\/p>\n<h3 style=\"text-align: justify;\">Korzy\u015bci z br\u0105zowego proszku heroiny<\/h3>\n<p style=\"text-align: justify;\">Nie ma co do tego w\u0105tpliwo\u015bci <a href=\"https:\/\/www.google.com\/search?q=Buy+Brown+Powder+Heroin+Online&amp;sca_esv=7d1b82273738a5db&amp;sxsrf=AHTn8zoru4nNVmuqppkIBsSuzm4eOnlOrg%3A1742905234477&amp;ei=kp_iZ4jnHNCsseMP_frH2QE&amp;ved=0ahUKEwiI-IL7m6WMAxVQVmwGHX39MRsQ4dUDCA8&amp;uact=5&amp;oq=Buy+Brown+Powder+Heroin+Online&amp;gs_lp=Egxnd3Mtd2l6LXNlcnAiHkJ1eSBCcm93biBQb3dkZXIgSGVyb2luIE9ubGluZUjEB1C9AVi9AXABeACQAQCYAc0BoAHNAaoBAzItMbgBA8gBAPgBAfgBApgCAaACJ6gCEsICBxAjGCcY6gLCAhcQABiABBiRAhi0AhjHAxiKBRjqAtgBAcICFBAAGIAEGJECGLQCGIoFGOoC2AEBwgIQEAAYAxi0AhjqAhiPAdgBAZgDJ_EFH0i-hSkUnOS6BgYIARABGAGSBwExoAdasgcAuAcA&amp;sclient=gws-wiz-serp\">Brown Powder Heroin (BPH)<\/a> Nie ma w\u0105tpliwo\u015bci, \u017ce Brown Powder Heroin (BPH) jest jednym z najpopularniejszych obecnie narkotyk\u00f3w na rynku. \u0141atwo j\u0105 zdoby\u0107 i zapewnia u\u017cytkownikom szybki i mocny haj. BPH jest r\u00f3wnie\u017c znany jako \u201ebr\u0105zowa heroina\u201d, poniewa\u017c jest zwykle wytwarzany z br\u0105zowego cukru, kawy i proszku do pieczenia.<\/p>\n<p style=\"text-align: justify;\">BPH to wysokiej jako\u015bci heroina, co oznacza, \u017ce \u200b\u200bzawiera du\u017ce ilo\u015bci morfiny i kodeiny. To sprawia, \u017ce \u200b\u200bjest to doskona\u0142y wyb\u00f3r dla os\u00f3b poszukuj\u0105cych intensywnej dawki u\u015bmierzenia b\u00f3lu. Dodatkowo BPH oferuje szybk\u0105 dostaw\u0119 w dowolne miejsce na \u015bwiecie, dzi\u0119ki czemu jest idealnym rozwi\u0105zaniem dla tych, kt\u00f3rzy potrzebuj\u0105 szybko swojego leku. Wreszcie, <a href=\"https:\/\/www.bing.com\/search?q=Buy%20Brown%20Powder%20Heroin%20Online&amp;qs=n&amp;form=QBRE&amp;sp=-1&amp;lq=0&amp;pq=buy%20brown%20powder%20heroin%20online&amp;sc=0-30&amp;sk=&amp;cvid=FF668C5C3A2C40499C5AF5B2F508E6FF&amp;ghsh=0&amp;ghacc=0&amp;ghpl=\"><strong>cena br\u0105zowego proszku heroiny<\/strong><\/a>\u00a0jest przyst\u0119pny cenowo w por\u00f3wnaniu z innymi dostawcami, co czyni go atrakcyjn\u0105 opcj\u0105 dla u\u017cytkownik\u00f3w, kt\u00f3rzy chc\u0105 wysokiej jako\u015bci lek\u00f3w bez rozbijania banku.<\/p>\n<h3 style=\"text-align: justify;\">Skutki uboczne br\u0105zowej heroiny w proszku<\/h3>\n<p style=\"text-align: justify;\">Br\u0105zowa heroina w proszku to niezwykle niebezpieczny i uzale\u017cniaj\u0105cy narkotyk, cz\u0119sto mieszany z innymi substancjami w celu zwi\u0119kszenia jego dzia\u0142ania. Zazwyczaj jest sprzedawana na ulicy pod nazwami: br\u0105zowa, czarna lub proch strzelniczy. <a href=\"https:\/\/duckduckgo.com\/?q=Buy+Brown+Powder+Heroin+Online&amp;t=h_&amp;ia=web\">Brown powder heroin<\/a> Br\u0105zowy proszek heroiny jest bardzo niebezpiecznym i uzale\u017cniaj\u0105cym narkotykiem, cz\u0119sto mieszanym z innymi substancjami w celu zwi\u0119kszenia jego si\u0142y dzia\u0142ania. Zwykle jest sprzedawany na ulicy pod nazwami br\u0105zowy, czarny lub proch strzelniczy. Br\u0105zowy proszek heroiny to mieszanka morfiny i innych opiat\u00f3w, co czyni j\u0105 niezwykle siln\u0105. Kr\u00f3tkoterminowe skutki u\u017cywania br\u0105zowej heroiny w proszku obejmuj\u0105 przyspieszenie akcji serca, intensywne uczucie ciep\u0142a, szybki oddech i uczucie euforii. Po tych efektach szybko nast\u0119puje uczucie uspokojenia i relaksu. Z biegiem czasu regularne stosowanie br\u0105zowego proszku heroiny mo\u017ce prowadzi\u0107 do uzale\u017cnienia i uzale\u017cnienia od narkotyku.<\/p>\n<h3 style=\"text-align: justify;\">Dlaczego warto kupi\u0107 heroin\u0119 z br\u0105zowego proszku od Narco Powders?<\/h3>\n<p style=\"text-align: justify;\">Kiedy planujesz\u00a0<a href=\"https:\/\/www.bing.com\/search?q=Buy%20Brown%20Powder%20Heroin%20Online&amp;qs=n&amp;form=QBRE&amp;sp=-1&amp;lq=0&amp;pq=buy%20brown%20powder%20heroin%20online&amp;sc=0-30&amp;sk=&amp;cvid=FF668C5C3A2C40499C5AF5B2F508E6FF&amp;ghsh=0&amp;ghacc=0&amp;ghpl=\">zam\u00f3w heroin\u0119 w proszku br\u0105zowym online<\/a>Je\u015bli planujesz zam\u00f3wi\u0107 heroin\u0119 w postaci br\u0105zowego proszku przez Internet, masz do wyboru wiele opcji. Jednak nie wszystkie z tych wybor\u00f3w s\u0105 dobrej jako\u015bci lub bezpieczne. W tym miejscu wkracza Narco Powders. Oferujemy szerok\u0105 gam\u0119 form, marek i rodzaj\u00f3w br\u0105zowej heroiny w proszku do sprzeda\u017cy online, kt\u00f3rej mo\u017cesz zaufa\u0107. Ponadto nasze szybkie terminy dostaw oznaczaj\u0105, \u017ce mo\u017cesz szybko i bezproblemowo otrzyma\u0107 swoje leki. Chcemy, aby ka\u017cdy, kto zamawia u nas, mia\u0142 pozytywne do\u015bwiadczenia. Dzi\u0119ki \u0142atwemu procesowi zamawiania i wygodnym metodom p\u0142atno\u015bci Narco Powders to najlepszy wyb\u00f3r do zakupu heroiny w br\u0105zowym proszku przez Internet. Dlatego nie czekaj d\u0142u\u017cej \u2014 zam\u00f3w w naszym sklepie ju\u017c dzi\u015b, aby uzyska\u0107 najlepsze oferty na swoje ulubione produkty! <a href=\"https:\/\/duckduckgo.com\/?q=Buy+Brown+Powder+Heroin+Online&amp;t=h_&amp;ia=web\">purchasing\u00a0brown powder heroin online<\/a>Dlatego nie czekaj d\u0142u\u017cej \u2014 z\u0142\u00f3\u017c zam\u00f3wienie w naszym sklepie ju\u017c dzi\u015b i skorzystaj z najlepszych ofert na swoje ulubione produkty!<\/p>","protected":false},"excerpt":{"rendered":"<p>Buy Brown Powder Heroin Online Brown Powder Heroin (BPH) is becoming more and more popular in the global market. Although BPH has been around for years, its popularity is on the rise due to its unique effects on the human body. So, if you are looking to\u00a0buy brown powder heroin online, then Narco Powders is [&hellip;]<\/p>","protected":false},"featured_media":19091,"comment_status":"open","ping_status":"closed","template":"","meta":{"_joinchat":[]},"product_brand":[],"product_cat":[1168],"product_tag":[1218,1212,1220,1214,1213,1221,1224,1225,1223,1215,1226,1219,1227,1216,1222,1217],"class_list":{"0":"post-19075","1":"product","2":"type-product","3":"status-publish","4":"has-post-thumbnail","6":"product_cat-buy-heroin-online","7":"product_tag-benefits-of-brown-powder-heroin","8":"product_tag-best-place-to-order-brown-powder-heroin","9":"product_tag-brown-powder-heroin-for-sale","10":"product_tag-brown-powder-heroin-price","11":"product_tag-brown-powder-heroin-wholesale","12":"product_tag-buy-brown-powder-heroin-legally","13":"product_tag-buy-brown-powder-heroin-online-australia","14":"product_tag-buy-brown-powder-heroin-online-near-me","15":"product_tag-buy-brown-powder-heroin-online-usa","16":"product_tag-cheap-brown-powder-heroin","17":"product_tag-how-can-i-get-the-best-brown-powder-heroin","18":"product_tag-how-to-order-brown-powder-heroin","19":"product_tag-legit-brown-powder-heroin-online","20":"product_tag-what-is-brown-powder-heroin","21":"product_tag-where-can-i-buy-brown-powder-heroin","22":"product_tag-where-to-buy-brown-powder-heroin","24":"first","25":"instock","26":"shipping-taxable","27":"purchasable","28":"product-type-variable","29":"add-to-wishlist-after_add_to_cart"},"yoast_head":"<!-- This site is optimized with the Yoast SEO plugin v25.9 - https:\/\/yoast.com\/wordpress\/plugins\/seo\/ -->\n<title>Brown Powder Heroin for Sale - Buy Brown Powder Heroin Online<\/title>\n<meta name=\"description\" content=\"Looking to buy brown powder heroin online? Get the highest quality brown powder heroin for sale from our trusted source. Order Brown Heroin Online!\" \/>\n<meta name=\"robots\" content=\"index, follow, max-snippet:-1, max-image-preview:large, max-video-preview:-1\" \/>\n<link rel=\"canonical\" href=\"https:\/\/narcopowders.com\/pl\/produkt\/brown-pulver-heroina\/\" \/>\n<meta property=\"og:locale\" content=\"pl_PL\" \/>\n<meta property=\"og:type\" content=\"article\" \/>\n<meta property=\"og:title\" content=\"Brown Powder Heroin for Sale - Buy Brown Powder Heroin Online\" \/>\n<meta property=\"og:description\" content=\"Looking to buy brown powder heroin online? Get the highest quality brown powder heroin for sale from our trusted source. Order Brown Heroin Online!\" \/>\n<meta property=\"og:url\" content=\"https:\/\/narcopowders.com\/pl\/produkt\/brown-pulver-heroina\/\" \/>\n<meta property=\"og:site_name\" content=\"Narco Powders\" \/>\n<meta property=\"article:modified_time\" content=\"2025-03-25T12:30:25+00:00\" \/>\n<meta property=\"og:image\" content=\"https:\/\/narcopowders.com\/wp-content\/uploads\/2023\/01\/brown-powder-heroin.jpg\" \/>\n\t<meta property=\"og:image:width\" content=\"600\" \/>\n\t<meta property=\"og:image:height\" content=\"600\" \/>\n\t<meta property=\"og:image:type\" content=\"image\/jpeg\" \/>\n<meta name=\"twitter:card\" content=\"summary_large_image\" \/>\n<meta name=\"twitter:label1\" content=\"Szacowany czas czytania\" \/>\n\t<meta name=\"twitter:data1\" content=\"3 minuty\" \/>\n<!-- \/ Yoast SEO plugin. -->","yoast_head_json":{"title":"Sprzeda\u017c br\u0105zowej heroiny w proszku - Kup heroin\u0119 w br\u0105zowym proszku online","description":"Chcesz kupi\u0107 heroin\u0119 w br\u0105zowym proszku przez Internet? Zdob\u0105d\u017a na sprzeda\u017c najwy\u017cszej jako\u015bci br\u0105zowy proszek heroiny z naszego zaufanego \u017ar\u00f3d\u0142a. Zam\u00f3w br\u0105zow\u0105 heroin\u0119 online!","robots":{"index":"index","follow":"follow","max-snippet":"max-snippet:-1","max-image-preview":"max-image-preview:large","max-video-preview":"max-video-preview:-1"},"canonical":"https:\/\/narcopowders.com\/pl\/produkt\/brown-pulver-heroina\/","og_locale":"pl_PL","og_type":"article","og_title":"Brown Powder Heroin for Sale - Buy Brown Powder Heroin Online","og_description":"Looking to buy brown powder heroin online? Get the highest quality brown powder heroin for sale from our trusted source. Order Brown Heroin Online!","og_url":"https:\/\/narcopowders.com\/pl\/produkt\/brown-pulver-heroina\/","og_site_name":"Narco Powders","article_modified_time":"2025-03-25T12:30:25+00:00","og_image":[{"width":600,"height":600,"url":"https:\/\/narcopowders.com\/wp-content\/uploads\/2023\/01\/brown-powder-heroin.jpg","type":"image\/jpeg"}],"twitter_card":"summary_large_image","twitter_misc":{"Szacowany czas czytania":"3 minuty"},"schema":{"@context":"https:\/\/schema.org","@graph":[{"@type":"WebPage","@id":"https:\/\/narcopowders.com\/product\/brown-powder-heroin\/","url":"https:\/\/narcopowders.com\/product\/brown-powder-heroin\/","name":"Sprzeda\u017c br\u0105zowej heroiny w proszku - Kup heroin\u0119 w br\u0105zowym proszku online","isPartOf":{"@id":"https:\/\/narcopowders.com\/#website"},"primaryImageOfPage":{"@id":"https:\/\/narcopowders.com\/product\/brown-powder-heroin\/#primaryimage"},"image":{"@id":"https:\/\/narcopowders.com\/product\/brown-powder-heroin\/#primaryimage"},"thumbnailUrl":"https:\/\/narcopowders.com\/wp-content\/uploads\/2023\/01\/brown-powder-heroin.jpg","datePublished":"2023-01-02T09:51:26+00:00","dateModified":"2025-03-25T12:30:25+00:00","description":"Chcesz kupi\u0107 heroin\u0119 w br\u0105zowym proszku przez Internet? Zdob\u0105d\u017a na sprzeda\u017c najwy\u017cszej jako\u015bci br\u0105zowy proszek heroiny z naszego zaufanego \u017ar\u00f3d\u0142a. Zam\u00f3w br\u0105zow\u0105 heroin\u0119 online!","breadcrumb":{"@id":"https:\/\/narcopowders.com\/product\/brown-powder-heroin\/#breadcrumb"},"inLanguage":"pl-PL","potentialAction":[{"@type":"ReadAction","target":["https:\/\/narcopowders.com\/product\/brown-powder-heroin\/"]}]},{"@type":"ImageObject","inLanguage":"pl-PL","@id":"https:\/\/narcopowders.com\/product\/brown-powder-heroin\/#primaryimage","url":"https:\/\/narcopowders.com\/wp-content\/uploads\/2023\/01\/brown-powder-heroin.jpg","contentUrl":"https:\/\/narcopowders.com\/wp-content\/uploads\/2023\/01\/brown-powder-heroin.jpg","width":600,"height":600,"caption":"Brown Powder Heroin"},{"@type":"BreadcrumbList","@id":"https:\/\/narcopowders.com\/product\/brown-powder-heroin\/#breadcrumb","itemListElement":[{"@type":"ListItem","position":1,"name":"Home","item":"https:\/\/narcopowders.com\/"},{"@type":"ListItem","position":2,"name":"Shop Page","item":"https:\/\/narcopowders.com\/shop\/"},{"@type":"ListItem","position":3,"name":"Brown Powder Heroin"}]},{"@type":"WebSite","@id":"https:\/\/narcopowders.com\/#website","url":"https:\/\/narcopowders.com\/","name":"Proszki Narco","description":"M\u00f3j blog WordPress","potentialAction":[{"@type":"SearchAction","target":{"@type":"EntryPoint","urlTemplate":"https:\/\/narcopowders.com\/?s={search_term_string}"},"query-input":{"@type":"PropertyValueSpecification","valueRequired":true,"valueName":"search_term_string"}}],"inLanguage":"pl-PL"}]}},"_links":{"self":[{"href":"https:\/\/narcopowders.com\/pl\/wp-json\/wp\/v2\/product\/19075","targetHints":{"allow":["GET"]}}],"collection":[{"href":"https:\/\/narcopowders.com\/pl\/wp-json\/wp\/v2\/product"}],"about":[{"href":"https:\/\/narcopowders.com\/pl\/wp-json\/wp\/v2\/types\/product"}],"replies":[{"embeddable":true,"href":"https:\/\/narcopowders.com\/pl\/wp-json\/wp\/v2\/comments?post=19075"}],"wp:featuredmedia":[{"embeddable":true,"href":"https:\/\/narcopowders.com\/pl\/wp-json\/wp\/v2\/media\/19091"}],"wp:attachment":[{"href":"https:\/\/narcopowders.com\/pl\/wp-json\/wp\/v2\/media?parent=19075"}],"wp:term":[{"taxonomy":"product_brand","embeddable":true,"href":"https:\/\/narcopowders.com\/pl\/wp-json\/wp\/v2\/product_brand?post=19075"},{"taxonomy":"product_cat","embeddable":true,"href":"https:\/\/narcopowders.com\/pl\/wp-json\/wp\/v2\/product_cat?post=19075"},{"taxonomy":"product_tag","embeddable":true,"href":"https:\/\/narcopowders.com\/pl\/wp-json\/wp\/v2\/product_tag?post=19075"}],"curies":[{"name":"wp","href":"https:\/\/api.w.org\/{rel}","templated":true}]}}