{"id":19099,"date":"2023-01-02T10:01:34","date_gmt":"2023-01-02T10:01:34","guid":{"rendered":"https:\/\/nembutalhouse.com\/narco\/?post_type=product&#038;p=19099"},"modified":"2025-03-25T11:59:16","modified_gmt":"2025-03-25T11:59:16","slug":"crack-cocaine","status":"publish","type":"product","link":"https:\/\/narcopowders.com\/pl\/produkt\/crack-kokaina\/","title":{"rendered":"Kup crack online"},"content":{"rendered":"<h2 style=\"text-align: justify;\">Kup crack online<\/h2>\n<p style=\"text-align: justify;\">Je\u015bli szukasz haju, kt\u00f3ry zapewni Ci intensywny przyp\u0142yw energii, kokaina crack jest narkotykiem dla Ciebie. Crack kokaina jest silnym stymulantem pochodz\u0105cym z ro\u015bliny koki. Wywo\u0142uje intensywne, kr\u00f3tkotrwa\u0142e efekty, w tym eufori\u0119 i wzrost energii. Wi\u0119c szukasz\u00a0<a href=\"https:\/\/narcopowders.com\/pl\/produkt\/crack-kokaina\/\"><strong>kup crack przez internet<\/strong><\/a>? If so, <a href=\"https:\/\/narcopowders.com\/pl\/\">Proszki Narco<\/a> ? Je\u015bli tak, Narco Powders to Tw\u00f3j punkt kompleksowej obs\u0142ugi we wszystkich sprawach zwi\u0105zanych\u00a0<a href=\"https:\/\/www.bing.com\/search?q=Buy%20Crack%20Cocaine%20Online&amp;qs=n&amp;form=QBRE&amp;sp=-1&amp;lq=0&amp;pq=buy%20crack%20cocaine%20online&amp;sc=0-24&amp;sk=&amp;cvid=5A9C510B114D4A079A7AC55020730BE4&amp;ghsh=0&amp;ghacc=0&amp;ghpl=\"><strong>kokaina crack online<\/strong><\/a>.<\/p>\n<h3 style=\"text-align: justify;\">Z czego jest zrobiona kokaina crack?<\/h3>\n<p style=\"text-align: justify;\"><a href=\"https:\/\/www.google.com\/search?q=Buy+Crack+Cocaine+Online&amp;num=10&amp;sca_esv=1a2a07081c7891bb&amp;rlz=1C1RXQR_enIN1098IN1098&amp;sxsrf=AHTn8zqSQPNqBnznlXjjKSal3EstteuNmw%3A1741685751392&amp;ei=9wPQZ7LZF47U1e8P8drDiQ0&amp;ved=0ahUKEwjysJaE3YGMAxUOavUHHXHtMNEQ4dUDCBA&amp;uact=5&amp;oq=Buy+Crack+Cocaine+Online&amp;gs_lp=Egxnd3Mtd2l6LXNlcnAiGEJ1eSBDcmFjayBDb2NhaW5lIE9ubGluZUjMB1DBA1jBA3ACeACQAQCYAc8BoAHPAaoBAzItMbgBA8gBAPgBAvgBAZgCAKACAJgDAIgGAZIHAKAHTA&amp;sclient=gws-wiz-serp\">Kokaina<\/a> to rodzaj stymulanta pozyskiwanego z li\u015bci krzewu koki. Cz\u0119sto sprzedawany jako \u201e<a href=\"https:\/\/en.wikipedia.org\/wiki\/Cocaine\">crack kokaina<\/a>\u201d, czyli mieszanki kokainy i wody. Dzi\u0119ki bogatemu wyborowi wysokiej jako\u015bci <a href=\"https:\/\/www.bing.com\/search?q=Buy%20Crack%20Cocaine%20Online&amp;qs=n&amp;form=QBRE&amp;sp=-1&amp;lq=0&amp;pq=buy%20crack%20cocaine%20online&amp;sc=0-24&amp;sk=&amp;cvid=5A9C510B114D4A079A7AC55020730BE4&amp;ghsh=0&amp;ghacc=0&amp;ghpl=\"><strong>crack kokainy luzem<\/strong><\/a>, bezpieczne metody p\u0142atno\u015bci i dyskretna dostawa, Narco Powders to najlepsza opcja dla ka\u017cdego, kto chce bezpiecznie kupi\u0107 t\u0119 siln\u0105 substancj\u0119.<\/p>\n<h3 style=\"text-align: justify;\">Korzy\u015bci z cracku<\/h3>\n<p style=\"text-align: justify;\"><a href=\"https:\/\/www.google.com\/search?q=Buy+Crack+Cocaine+Online&amp;num=10&amp;sca_esv=1a2a07081c7891bb&amp;rlz=1C1RXQR_enIN1098IN1098&amp;sxsrf=AHTn8zqSQPNqBnznlXjjKSal3EstteuNmw%3A1741685751392&amp;ei=9wPQZ7LZF47U1e8P8drDiQ0&amp;ved=0ahUKEwjysJaE3YGMAxUOavUHHXHtMNEQ4dUDCBA&amp;uact=5&amp;oq=Buy+Crack+Cocaine+Online&amp;gs_lp=Egxnd3Mtd2l6LXNlcnAiGEJ1eSBDcmFjayBDb2NhaW5lIE9ubGluZUjMB1DBA1jBA3ACeACQAQCYAc8BoAHPAaoBAzItMbgBA8gBAPgBAvgBAZgCAKACAJgDAIgGAZIHAKAHTA&amp;sclient=gws-wiz-serp\">Crack cocaine<\/a> Crack jest jednym z najpopularniejszych narkotyk\u00f3w na rynku i nie bez powodu. To szybki i \u0142atwy spos\u00f3b na uzyskanie intensywnego haju, kt\u00f3ry trwa d\u0142u\u017cej ni\u017c inne narkotyki. W przeciwie\u0144stwie do innych narkotyk\u00f3w, w przypadku kt\u00f3rych efekty mog\u0105 czasami zaj\u0105\u0107 kilka godzin, kokaina wywo\u0142uje natychmiastow\u0105 reakcj\u0119. Efekty odczujesz w ci\u0105gu kilku minut, co oznacza, \u017ce \u200b\u200bod razu b\u0119dziesz m\u00f3g\u0142 zacz\u0105\u0107 cieszy\u0107 si\u0119 hajem. Ponadto wiadomo, \u017ce crack w por\u00f3wnaniu z innymi narkotykami, takimi jak marihuana czy ecstasy, zwi\u0119ksza kreatywno\u015b\u0107 i intensywno\u015b\u0107 uczu\u0107. <a href=\"https:\/\/duckduckgo.com\/?q=Buy+Crack+Cocaine+Online&amp;t=h_&amp;ia=web\">crack kokaina<\/a> is known to increase creativity and intensity of feelings.<\/p>\n<p style=\"text-align: justify;\">W Narco Powders oferujemy wysok\u0105 jako\u015b\u0107\u00a0<strong><a href=\"https:\/\/duckduckgo.com\/?q=Buy+Crack+Cocaine+Online&amp;t=h_&amp;ia=web\">Sprzedam kokain\u0119 crack<\/a>\u00a0<\/strong>online po niskich kosztach, kt\u00f3re s\u0105 dost\u0119pne dla u\u017cytkownik\u00f3w we wszystkich krajach. Nasza kokaina jest wytwarzana z zachowaniem najwy\u017cszych mo\u017cliwych standard\u00f3w czysto\u015bci, wi\u0119c mo\u017cesz mie\u0107 pewno\u015b\u0107, \u017ce uzyskujesz najlepsze mo\u017cliwe wyniki.<\/p>\n<h3 style=\"text-align: justify;\">Skutki uboczne cracku<\/h3>\n<p style=\"text-align: justify;\">Crack jest silnie uzale\u017cniaj\u0105cym i niebezpiecznym narkotykiem, kt\u00f3ry mo\u017ce mie\u0107 powa\u017cne konsekwencje dla zdrowia. Kr\u00f3tko- i d\u0142ugoterminowe skutki uboczne cracku obejmuj\u0105 uzale\u017cnienie, problemy ze zdrowiem psychicznym i \u015bmier\u0107. Kokaina crack mo\u017ce r\u00f3wnie\u017c powodowa\u0107 kr\u00f3tkotrwa\u0142e skutki fizyczne, takie jak przyspieszenie akcji serca, paranoja i przemoc. D\u0142ugoterminowe skutki uboczne mog\u0105 nie by\u0107 widoczne przez wiele lat po rozpocz\u0119ciu u\u017cywania cracku, dlatego wa\u017cne jest, aby zdawa\u0107 sobie spraw\u0119 z ryzyka przed za\u017cyciem tego leku.<\/p>\n<h3 style=\"text-align: justify;\">Kup Crack Cocaine Online od Narco Powders<\/h3>\n<p style=\"text-align: justify;\">Szukasz sposobu na haj? Sprawd\u017a Narco Powders, internetowe miejsce docelowe kontroli jako\u015bci <strong>sprzeda\u017c hurtowa cracku<\/strong>. Oferujemy szerok\u0105 gam\u0119 produkt\u00f3w, w tym kokain\u0119 crack w ma\u0142ych ilo\u015bciach do kilogramowych. W dodatku nasz\u00a0<strong>cena cracku<\/strong> jest nie do pobicia \u2014 lepszej oferty nie znajdziesz nigdzie indziej.<\/p>\n<p style=\"text-align: justify;\">Rozumiemy, \u017ce prywatno\u015b\u0107 jest wa\u017cna, dlatego przyk\u0142adamy du\u017c\u0105 wag\u0119 do pakowania naszych produkt\u00f3w, aby dotar\u0142y bezpiecznie i dyskretnie. Mamy nadziej\u0119, \u017ce rozwa\u017cysz u\u017cycie Narco Powders jako swojego podstawowego \u017ar\u00f3d\u0142a\u00a0<strong>zam\u00f3w crack przez Internet<\/strong>.<\/p>","protected":false},"excerpt":{"rendered":"<p>Buy Crack Cocaine Online If you&#8217;re looking for a high that will give you an intense burst of energy, crack cocaine is the drug for you. Crack cocaine is a potent stimulant that is derived from the coca plant. It produces intense, short-term effects, including euphoria and increased energy. So, are you looking to\u00a0buy crack [&hellip;]<\/p>","protected":false},"featured_media":19114,"comment_status":"open","ping_status":"closed","template":"","meta":{"_joinchat":[]},"product_brand":[],"product_cat":[1179],"product_tag":[1234,1228,1237,1240,1241,1239,1231,1236,1230,1229,1242,1235,1243,1232,1238,1233],"class_list":{"0":"post-19099","1":"product","2":"type-product","3":"status-publish","4":"has-post-thumbnail","6":"product_cat-buy-cocaine-online","7":"product_tag-benefits-of-crack-cocaine","8":"product_tag-best-place-to-order-crack-cocaine","9":"product_tag-buy-crack-cocaine-legally","10":"product_tag-buy-crack-cocaine-online-australia","11":"product_tag-buy-crack-cocaine-online-near-me","12":"product_tag-buy-crack-cocaine-online-usa","13":"product_tag-cheap-crack-cocaine","14":"product_tag-crack-cocaine-for-sale","15":"product_tag-crack-cocaine-price","16":"product_tag-crack-cocaine-wholesale","17":"product_tag-how-can-i-get-the-best-crack-cocaine","18":"product_tag-how-to-order-crack-cocaine","19":"product_tag-legit-crack-cocaine-online","20":"product_tag-what-is-crack-cocaine","21":"product_tag-where-can-i-buy-crack-cocaine","22":"product_tag-where-to-buy-crack-cocaine","24":"first","25":"instock","26":"shipping-taxable","27":"purchasable","28":"product-type-variable","29":"add-to-wishlist-after_add_to_cart"},"yoast_head":"<!-- This site is optimized with the Yoast SEO plugin v25.9 - https:\/\/yoast.com\/wordpress\/plugins\/seo\/ -->\n<title>Buy Crack Cocaine Online - Crack Cocaine for Sale Online<\/title>\n<meta name=\"description\" content=\"Looking for the best quality crack cocaine for sale in bulk quantity? At here, you can buy crack cocaine online with highest purity at the best price. Order Now!\" \/>\n<meta name=\"robots\" content=\"index, follow, max-snippet:-1, max-image-preview:large, max-video-preview:-1\" \/>\n<link rel=\"canonical\" href=\"https:\/\/narcopowders.com\/pl\/produkt\/crack-kokaina\/\" \/>\n<meta property=\"og:locale\" content=\"pl_PL\" \/>\n<meta property=\"og:type\" content=\"article\" \/>\n<meta property=\"og:title\" content=\"Buy Crack Cocaine Online - Crack Cocaine for Sale Online\" \/>\n<meta property=\"og:description\" content=\"Looking for the best quality crack cocaine for sale in bulk quantity? At here, you can buy crack cocaine online with highest purity at the best price. Order Now!\" \/>\n<meta property=\"og:url\" content=\"https:\/\/narcopowders.com\/pl\/produkt\/crack-kokaina\/\" \/>\n<meta property=\"og:site_name\" content=\"Narco Powders\" \/>\n<meta property=\"article:modified_time\" content=\"2025-03-25T11:59:16+00:00\" \/>\n<meta property=\"og:image\" content=\"https:\/\/narcopowders.com\/wp-content\/uploads\/2023\/01\/crack-cocaine.jpg\" \/>\n\t<meta property=\"og:image:width\" content=\"600\" \/>\n\t<meta property=\"og:image:height\" content=\"600\" \/>\n\t<meta property=\"og:image:type\" content=\"image\/jpeg\" \/>\n<meta name=\"twitter:card\" content=\"summary_large_image\" \/>\n<meta name=\"twitter:label1\" content=\"Szacowany czas czytania\" \/>\n\t<meta name=\"twitter:data1\" content=\"3 minuty\" \/>\n<!-- \/ Yoast SEO plugin. -->","yoast_head_json":{"title":"Kup Crack Cocaine Online - Crack Cocaine do sprzeda\u017cy online","description":"Szukasz kokainy najlepszej jako\u015bci na sprzeda\u017c hurtow\u0105? Tutaj mo\u017cesz kupi\u0107 crack online o najwy\u017cszej czysto\u015bci w najlepszej cenie. Zam\u00f3w teraz!","robots":{"index":"index","follow":"follow","max-snippet":"max-snippet:-1","max-image-preview":"max-image-preview:large","max-video-preview":"max-video-preview:-1"},"canonical":"https:\/\/narcopowders.com\/pl\/produkt\/crack-kokaina\/","og_locale":"pl_PL","og_type":"article","og_title":"Buy Crack Cocaine Online - Crack Cocaine for Sale Online","og_description":"Looking for the best quality crack cocaine for sale in bulk quantity? At here, you can buy crack cocaine online with highest purity at the best price. Order Now!","og_url":"https:\/\/narcopowders.com\/pl\/produkt\/crack-kokaina\/","og_site_name":"Narco Powders","article_modified_time":"2025-03-25T11:59:16+00:00","og_image":[{"width":600,"height":600,"url":"https:\/\/narcopowders.com\/wp-content\/uploads\/2023\/01\/crack-cocaine.jpg","type":"image\/jpeg"}],"twitter_card":"summary_large_image","twitter_misc":{"Szacowany czas czytania":"3 minuty"},"schema":{"@context":"https:\/\/schema.org","@graph":[{"@type":"WebPage","@id":"https:\/\/narcopowders.com\/product\/crack-cocaine\/","url":"https:\/\/narcopowders.com\/product\/crack-cocaine\/","name":"Kup Crack Cocaine Online - Crack Cocaine do sprzeda\u017cy online","isPartOf":{"@id":"https:\/\/narcopowders.com\/#website"},"primaryImageOfPage":{"@id":"https:\/\/narcopowders.com\/product\/crack-cocaine\/#primaryimage"},"image":{"@id":"https:\/\/narcopowders.com\/product\/crack-cocaine\/#primaryimage"},"thumbnailUrl":"https:\/\/narcopowders.com\/wp-content\/uploads\/2023\/01\/crack-cocaine.jpg","datePublished":"2023-01-02T10:01:34+00:00","dateModified":"2025-03-25T11:59:16+00:00","description":"Szukasz kokainy najlepszej jako\u015bci na sprzeda\u017c hurtow\u0105? Tutaj mo\u017cesz kupi\u0107 crack online o najwy\u017cszej czysto\u015bci w najlepszej cenie. Zam\u00f3w teraz!","breadcrumb":{"@id":"https:\/\/narcopowders.com\/product\/crack-cocaine\/#breadcrumb"},"inLanguage":"pl-PL","potentialAction":[{"@type":"ReadAction","target":["https:\/\/narcopowders.com\/product\/crack-cocaine\/"]}]},{"@type":"ImageObject","inLanguage":"pl-PL","@id":"https:\/\/narcopowders.com\/product\/crack-cocaine\/#primaryimage","url":"https:\/\/narcopowders.com\/wp-content\/uploads\/2023\/01\/crack-cocaine.jpg","contentUrl":"https:\/\/narcopowders.com\/wp-content\/uploads\/2023\/01\/crack-cocaine.jpg","width":600,"height":600,"caption":"Buy Crack Cocaine Online"},{"@type":"BreadcrumbList","@id":"https:\/\/narcopowders.com\/product\/crack-cocaine\/#breadcrumb","itemListElement":[{"@type":"ListItem","position":1,"name":"Home","item":"https:\/\/narcopowders.com\/"},{"@type":"ListItem","position":2,"name":"Shop Page","item":"https:\/\/narcopowders.com\/shop\/"},{"@type":"ListItem","position":3,"name":"Buy Crack Cocaine Online"}]},{"@type":"WebSite","@id":"https:\/\/narcopowders.com\/#website","url":"https:\/\/narcopowders.com\/","name":"Proszki Narco","description":"M\u00f3j blog WordPress","potentialAction":[{"@type":"SearchAction","target":{"@type":"EntryPoint","urlTemplate":"https:\/\/narcopowders.com\/?s={search_term_string}"},"query-input":{"@type":"PropertyValueSpecification","valueRequired":true,"valueName":"search_term_string"}}],"inLanguage":"pl-PL"}]}},"_links":{"self":[{"href":"https:\/\/narcopowders.com\/pl\/wp-json\/wp\/v2\/product\/19099","targetHints":{"allow":["GET"]}}],"collection":[{"href":"https:\/\/narcopowders.com\/pl\/wp-json\/wp\/v2\/product"}],"about":[{"href":"https:\/\/narcopowders.com\/pl\/wp-json\/wp\/v2\/types\/product"}],"replies":[{"embeddable":true,"href":"https:\/\/narcopowders.com\/pl\/wp-json\/wp\/v2\/comments?post=19099"}],"wp:featuredmedia":[{"embeddable":true,"href":"https:\/\/narcopowders.com\/pl\/wp-json\/wp\/v2\/media\/19114"}],"wp:attachment":[{"href":"https:\/\/narcopowders.com\/pl\/wp-json\/wp\/v2\/media?parent=19099"}],"wp:term":[{"taxonomy":"product_brand","embeddable":true,"href":"https:\/\/narcopowders.com\/pl\/wp-json\/wp\/v2\/product_brand?post=19099"},{"taxonomy":"product_cat","embeddable":true,"href":"https:\/\/narcopowders.com\/pl\/wp-json\/wp\/v2\/product_cat?post=19099"},{"taxonomy":"product_tag","embeddable":true,"href":"https:\/\/narcopowders.com\/pl\/wp-json\/wp\/v2\/product_tag?post=19099"}],"curies":[{"name":"wp","href":"https:\/\/api.w.org\/{rel}","templated":true}]}}