{"id":19100,"date":"2023-01-02T10:08:30","date_gmt":"2023-01-02T10:08:30","guid":{"rendered":"https:\/\/nembutalhouse.com\/narco\/?post_type=product&#038;p=19100"},"modified":"2025-03-25T11:39:49","modified_gmt":"2025-03-25T11:39:49","slug":"bolivia-cocaine","status":"publish","type":"product","link":"https:\/\/narcopowders.com\/pl\/produkt\/boliwia-kokaina\/","title":{"rendered":"Kokaina z Boliwii"},"content":{"rendered":"<h2 style=\"text-align: justify;\">Kup kokain\u0119 z Boliwii online<\/h2>\n<p style=\"text-align: justify;\">Kokaina to jeden z najpopularniejszych narkotyk\u00f3w na \u015bwiecie, a Boliwia to jeden z najwi\u0119kszych producent\u00f3w koki na \u015bwiecie. Szukasz najlepszego miejsca\u00a0<a href=\"https:\/\/narcopowders.com\/pl\/produkt\/boliwia-kokaina\/\"><strong>kup boliwijsk\u0105 kokain\u0119 online<\/strong><\/a>? Nie szukaj dalej ni\u017c <a href=\"https:\/\/narcopowders.com\/pl\/\">Proszki Narco<\/a>! Oferujemy najwy\u017csz\u0105 jako\u015b\u0107\u00a0<a href=\"https:\/\/en.wikipedia.org\/wiki\/Cocaine\"><strong>Boliwijska kokaina online<\/strong><\/a>\u00a0w najbardziej konkurencyjnych cenach.<\/p>\n<h3 style=\"text-align: justify;\">Jak powstaje kokaina w Boliwii?<\/h3>\n<p style=\"text-align: justify;\">Boliwijska kokaina pochodzi z ro\u015bliny koki i jest zwykle sprzedawana na czarnym rynku. Proces tworzenia\u00a0<strong><a href=\"https:\/\/www.google.com\/search?q=Buy+Bolivia+Cocaine+Online&amp;sca_esv=7d1b82273738a5db&amp;sxsrf=AHTn8zolrVeV-fQwrnIjqKaeJlc-zvbm8w%3A1742900876467&amp;ei=jI7iZ-KcHKimseMP3fXz-Ac&amp;ved=0ahUKEwjikvvci6WMAxUoU2wGHd36HH8Q4dUDCA8&amp;uact=5&amp;oq=Buy+Bolivia+Cocaine+Online&amp;gs_lp=Egxnd3Mtd2l6LXNlcnAiGkJ1eSBCb2xpdmlhIENvY2FpbmUgT25saW5lSKMUUKwBWKwBcAF4AZABAJgBzwGgAZsFqgEFMC4zLjG4AQPIAQD4AQL4AQGYAgGgAkfCAgoQABiwAxjWBBhHmAMAiAYBkAYIkgcBMaAHtAayBwC4BwA&amp;sclient=gws-wiz-serp\">Sprzedam kokain\u0119 z Boliwii<\/a>\u00a0<\/strong>obejmuje szereg etap\u00f3w, w tym obr\u00f3bk\u0119 chemiczn\u0105 i mieszanie. Na pocz\u0105tek li\u015bcie koki s\u0105 mia\u017cd\u017cone i suszone. Kokaina w proszku jest nast\u0119pnie ekstrahowana z tych li\u015bci i cz\u0119sto sprzedawana na czarnym rynku. Boliwijska kokaina z renomowanych sklep\u00f3w, takich jak Narco Powders, mo\u017ce by\u0107 wci\u0105gana przez nos lub wstrzykiwana i zazwyczaj jest regulowana przez rz\u0105d Boliwii.<\/p>\n<h3 style=\"text-align: justify;\">Korzy\u015bci z Boliwii Kokaina<\/h3>\n<p style=\"text-align: justify;\">Je\u015bli szukasz haju, kt\u00f3ry da ci poczucie euforii i energii, <a href=\"https:\/\/www.google.com\/search?q=Buy+Bolivia+Cocaine+Online&amp;sca_esv=7d1b82273738a5db&amp;sxsrf=AHTn8zolrVeV-fQwrnIjqKaeJlc-zvbm8w%3A1742900876467&amp;ei=jI7iZ-KcHKimseMP3fXz-Ac&amp;ved=0ahUKEwjikvvci6WMAxUoU2wGHd36HH8Q4dUDCA8&amp;uact=5&amp;oq=Buy+Bolivia+Cocaine+Online&amp;gs_lp=Egxnd3Mtd2l6LXNlcnAiGkJ1eSBCb2xpdmlhIENvY2FpbmUgT25saW5lSKMUUKwBWKwBcAF4AZABAJgBzwGgAZsFqgEFMC4zLjG4AQPIAQD4AQL4AQGYAgGgAkfCAgoQABiwAxjWBBhHmAMAiAYBkAYIkgcBMaAHtAayBwC4BwA&amp;sclient=gws-wiz-serp\">Najlepszym wyborem b\u0119dzie boliwijska kokaina<\/a>Je\u015bli szukasz haju, kt\u00f3ry da ci poczucie euforii i energii, boliwijska kokaina jest najlepszym wyborem. Kokaina z Boliwii mo\u017ce z\u0142agodzi\u0107 objawy takich stan\u00f3w, jak ADHD, przewlek\u0142y b\u00f3l, niepok\u00f3j i depresja, co czyni j\u0105 cenn\u0105 opcj\u0105 leczenia dla wielu os\u00f3b. Opr\u00f3cz u\u017cywania kokainy poprzez wci\u0105ganie jej, palenie lub wstrzykiwanie jej do organizmu, mo\u017cna j\u0105 r\u00f3wnie\u017c stosowa\u0107 na r\u00f3\u017cne inne sposoby, aby do\u015bwiadczy\u0107 jej skutk\u00f3w. Na przyk\u0142ad zmieszanie kokainy z alkoholem mo\u017ce stworzy\u0107 mocn\u0105 noc, kt\u00f3ra nie sprawi, \u017ce nast\u0119pnego dnia poczujesz si\u0119 senny.<\/p>\n<p style=\"text-align: justify;\">Ten silny narkotyk jest wytwarzany tylko w Boliwii i jest dost\u0119pny online w Narco Powders. Nie tylko jest czysty i nieska\u017cony, ale\u00a0<strong><a href=\"https:\/\/www.bing.com\/search?q=Buy%20Bolivia%20Cocaine%20Online&amp;qs=n&amp;form=QBRE&amp;sp=-1&amp;lq=0&amp;pq=buy%20bolivia%20cocaine%20online&amp;sc=0-26&amp;sk=&amp;cvid=C257DDF1FD2944CFBD7F95C69A143FEA&amp;ghsh=0&amp;ghacc=0&amp;ghpl=\">Cena kokainy w Boliwii<\/a>\u00a0<\/strong>jest przyst\u0119pny cenowo \u2014 nawet ni\u017cszy ni\u017c niekt\u00f3re narkotyki uliczne. Dost\u0119pne s\u0105 r\u00f3wnie\u017c opcje dostawy na ca\u0142ym \u015bwiecie, wi\u0119c mo\u017cesz <strong><a href=\"https:\/\/duckduckgo.com\/?q=Buy+Bolivia+Cocaine+Online&amp;t=h_&amp;ia=web\">zam\u00f3w kokain\u0119 z Boliwii przez Internet<\/a>\u00a0<\/strong>sk\u0105dkolwiek.<\/p>\n<h3 style=\"text-align: justify;\">Skutki uboczne kokainy z Boliwii<\/h3>\n<p style=\"text-align: justify;\"><a href=\"https:\/\/www.bing.com\/search?q=Buy%20Bolivia%20Cocaine%20Online&amp;qs=n&amp;form=QBRE&amp;sp=-1&amp;lq=0&amp;pq=buy%20bolivia%20cocaine%20online&amp;sc=0-26&amp;sk=&amp;cvid=C257DDF1FD2944CFBD7F95C69A143FEA&amp;ghsh=0&amp;ghacc=0&amp;ghpl=\">Kokaina z Boliwii mo\u017ce mie\u0107 r\u00f3\u017cne skutki uboczne<\/a> Boliwijska kokaina mo\u017ce mie\u0107 r\u00f3\u017cne skutki uboczne dla funkcji i uk\u0142ad\u00f3w organizmu. Efekty te mog\u0105 waha\u0107 si\u0119 od \u0142agodnych do zagra\u017caj\u0105cych \u017cyciu i mog\u0105 wyst\u0105pi\u0107 w dowolnym momencie podczas u\u017cywania lub po zaprzestaniu stosowania. Niekt\u00f3re z bardziej powszechnych skutk\u00f3w ubocznych u\u017cywania kokainy z Boliwii obejmuj\u0105 zwi\u0119kszony niepok\u00f3j, ataki paniki, szybkie bicie serca, paranoj\u0119, halucynacje, drgawki, ryzyko udaru, podwy\u017cszone ci\u015bnienie krwi i uzale\u017cnienie. Chocia\u017c s\u0105 to powa\u017cne konsekwencje, kt\u00f3rych nie nale\u017cy lekcewa\u017cy\u0107, nie s\u0105 to jedyne zagro\u017cenia zwi\u0105zane z u\u017cywaniem tego leku. Kokaina z Boliwii mo\u017ce r\u00f3wnie\u017c uzale\u017cnia\u0107 i powodowa\u0107 d\u0142ugotrwa\u0142e upo\u015bledzenie funkcji poznawczych i fizycznych, je\u015bli jest stosowana regularnie przez d\u0142u\u017cszy czas.<\/p>\n<h3 style=\"text-align: justify;\">Gdzie kupi\u0107 kokain\u0119 z Boliwii online?<\/h3>\n<p style=\"text-align: justify;\">Kiedy si\u0119 zdecydujesz\u00a0<a href=\"https:\/\/duckduckgo.com\/?q=Buy+Bolivia+Cocaine+Online&amp;t=h_&amp;ia=web\"><strong>kup kokain\u0119 z Boliwii przez Internet<\/strong><\/a>, wyb\u00f3r Narco Powders jako \u017ar\u00f3d\u0142a ma wiele zalet. Naszym celem jest dostarczanie wysokiej jako\u015bci produkt\u00f3w kokainowych w przyst\u0119pnej cenie. Wszystkie produkty na naszej stronie s\u0105 dostarczane bezpiecznie \u2014 nikt nie mo\u017ce ukra\u015b\u0107 Twoich lek\u00f3w podczas transportu. Ponadto dost\u0119pnych jest wiele innych wysokiej jako\u015bci produkt\u00f3w kokainowych, w tym kokaina crack, kokaina w proszku, kokaina meksyka\u0144ska i tak dalej.<\/p>","protected":false},"excerpt":{"rendered":"<p>Buy Bolivia Cocaine Online Cocaine is one of the most popular drugs in the world, and Bolivia is one of the largest producers of coca in the world. Are you looking for the best place to\u00a0buy Bolivian cocaine online? Look no further than Narco Powders! We offer the highest quality\u00a0Bolivian cocaine online\u00a0at the most competitive [&hellip;]<\/p>","protected":false},"featured_media":19142,"comment_status":"open","ping_status":"closed","template":"","meta":{"_joinchat":[]},"product_brand":[],"product_cat":[1179],"product_tag":[1202,1196,1204,1198,1197,1205,1208,1209,1207,1199,1210,1203,1211,1200,1206,1201],"class_list":{"0":"post-19100","1":"product","2":"type-product","3":"status-publish","4":"has-post-thumbnail","6":"product_cat-buy-cocaine-online","7":"product_tag-benefits-of-bolivia-cocaine","8":"product_tag-best-place-to-order-bolivia-cocaine","9":"product_tag-bolivia-cocaine-for-sale","10":"product_tag-bolivia-cocaine-price","11":"product_tag-bolivia-cocaine-wholesale","12":"product_tag-buy-bolivia-cocaine-legally","13":"product_tag-buy-bolivia-cocaine-online-australia","14":"product_tag-buy-bolivia-cocaine-online-near-me","15":"product_tag-buy-bolivia-cocaine-online-usa","16":"product_tag-cheap-bolivia-cocaine","17":"product_tag-how-can-i-get-the-best-bolivia-cocaine","18":"product_tag-how-to-order-bolivia-cocaine","19":"product_tag-legit-bolivia-cocaine-online","20":"product_tag-what-is-bolivia-cocaine","21":"product_tag-where-can-i-buy-bolivia-cocaine","22":"product_tag-where-to-buy-bolivia-cocaine","24":"first","25":"instock","26":"shipping-taxable","27":"purchasable","28":"product-type-variable","29":"add-to-wishlist-after_add_to_cart"},"yoast_head":"<!-- This site is optimized with the Yoast SEO plugin v25.9 - https:\/\/yoast.com\/wordpress\/plugins\/seo\/ -->\n<title>Buy Bolivia Cocaine Online - Bolivia Cocaine for Sale | NarcoPowders<\/title>\n<meta name=\"description\" content=\"You can buy bolivia cocaine online from the leading supplier. We offer pure bolivia cocaine for sale with the highest quality and at reasonable prices. Order now!\" \/>\n<meta name=\"robots\" content=\"index, follow, max-snippet:-1, max-image-preview:large, max-video-preview:-1\" \/>\n<link rel=\"canonical\" href=\"https:\/\/narcopowders.com\/pl\/produkt\/boliwia-kokaina\/\" \/>\n<meta property=\"og:locale\" content=\"pl_PL\" \/>\n<meta property=\"og:type\" content=\"article\" \/>\n<meta property=\"og:title\" content=\"Buy Bolivia Cocaine Online - Bolivia Cocaine for Sale | NarcoPowders\" \/>\n<meta property=\"og:description\" content=\"You can buy bolivia cocaine online from the leading supplier. We offer pure bolivia cocaine for sale with the highest quality and at reasonable prices. Order now!\" \/>\n<meta property=\"og:url\" content=\"https:\/\/narcopowders.com\/pl\/produkt\/boliwia-kokaina\/\" \/>\n<meta property=\"og:site_name\" content=\"Narco Powders\" \/>\n<meta property=\"article:modified_time\" content=\"2025-03-25T11:39:49+00:00\" \/>\n<meta property=\"og:image\" content=\"https:\/\/narcopowders.com\/wp-content\/uploads\/2023\/01\/bolivia-cocaine.jpg\" \/>\n\t<meta property=\"og:image:width\" content=\"600\" \/>\n\t<meta property=\"og:image:height\" content=\"600\" \/>\n\t<meta property=\"og:image:type\" content=\"image\/jpeg\" \/>\n<meta name=\"twitter:card\" content=\"summary_large_image\" \/>\n<meta name=\"twitter:label1\" content=\"Szacowany czas czytania\" \/>\n\t<meta name=\"twitter:data1\" content=\"3 minuty\" \/>\n<!-- \/ Yoast SEO plugin. -->","yoast_head_json":{"title":"Kup kokain\u0119 z Boliwii online - sprzeda\u017c kokainy z Boliwii | NarcoProszki","description":"Mo\u017cesz kupi\u0107 boliwia kokain\u0119 online od wiod\u0105cego dostawcy. Oferujemy do sprzeda\u017cy czyst\u0105 boliwijsk\u0105 kokain\u0119 o najwy\u017cszej jako\u015bci i po rozs\u0105dnych cenach. Zam\u00f3w teraz!","robots":{"index":"index","follow":"follow","max-snippet":"max-snippet:-1","max-image-preview":"max-image-preview:large","max-video-preview":"max-video-preview:-1"},"canonical":"https:\/\/narcopowders.com\/pl\/produkt\/boliwia-kokaina\/","og_locale":"pl_PL","og_type":"article","og_title":"Buy Bolivia Cocaine Online - Bolivia Cocaine for Sale | NarcoPowders","og_description":"You can buy bolivia cocaine online from the leading supplier. We offer pure bolivia cocaine for sale with the highest quality and at reasonable prices. Order now!","og_url":"https:\/\/narcopowders.com\/pl\/produkt\/boliwia-kokaina\/","og_site_name":"Narco Powders","article_modified_time":"2025-03-25T11:39:49+00:00","og_image":[{"width":600,"height":600,"url":"https:\/\/narcopowders.com\/wp-content\/uploads\/2023\/01\/bolivia-cocaine.jpg","type":"image\/jpeg"}],"twitter_card":"summary_large_image","twitter_misc":{"Szacowany czas czytania":"3 minuty"},"schema":{"@context":"https:\/\/schema.org","@graph":[{"@type":"WebPage","@id":"https:\/\/narcopowders.com\/product\/bolivia-cocaine\/","url":"https:\/\/narcopowders.com\/product\/bolivia-cocaine\/","name":"Kup kokain\u0119 z Boliwii online - sprzeda\u017c kokainy z Boliwii | NarcoProszki","isPartOf":{"@id":"https:\/\/narcopowders.com\/#website"},"primaryImageOfPage":{"@id":"https:\/\/narcopowders.com\/product\/bolivia-cocaine\/#primaryimage"},"image":{"@id":"https:\/\/narcopowders.com\/product\/bolivia-cocaine\/#primaryimage"},"thumbnailUrl":"https:\/\/narcopowders.com\/wp-content\/uploads\/2023\/01\/bolivia-cocaine.jpg","datePublished":"2023-01-02T10:08:30+00:00","dateModified":"2025-03-25T11:39:49+00:00","description":"Mo\u017cesz kupi\u0107 boliwia kokain\u0119 online od wiod\u0105cego dostawcy. Oferujemy do sprzeda\u017cy czyst\u0105 boliwijsk\u0105 kokain\u0119 o najwy\u017cszej jako\u015bci i po rozs\u0105dnych cenach. Zam\u00f3w teraz!","breadcrumb":{"@id":"https:\/\/narcopowders.com\/product\/bolivia-cocaine\/#breadcrumb"},"inLanguage":"pl-PL","potentialAction":[{"@type":"ReadAction","target":["https:\/\/narcopowders.com\/product\/bolivia-cocaine\/"]}]},{"@type":"ImageObject","inLanguage":"pl-PL","@id":"https:\/\/narcopowders.com\/product\/bolivia-cocaine\/#primaryimage","url":"https:\/\/narcopowders.com\/wp-content\/uploads\/2023\/01\/bolivia-cocaine.jpg","contentUrl":"https:\/\/narcopowders.com\/wp-content\/uploads\/2023\/01\/bolivia-cocaine.jpg","width":600,"height":600,"caption":"Buy Bolivia Cocaine Online"},{"@type":"BreadcrumbList","@id":"https:\/\/narcopowders.com\/product\/bolivia-cocaine\/#breadcrumb","itemListElement":[{"@type":"ListItem","position":1,"name":"Home","item":"https:\/\/narcopowders.com\/"},{"@type":"ListItem","position":2,"name":"Shop Page","item":"https:\/\/narcopowders.com\/shop\/"},{"@type":"ListItem","position":3,"name":"Bolivia Cocaine"}]},{"@type":"WebSite","@id":"https:\/\/narcopowders.com\/#website","url":"https:\/\/narcopowders.com\/","name":"Proszki Narco","description":"M\u00f3j blog WordPress","potentialAction":[{"@type":"SearchAction","target":{"@type":"EntryPoint","urlTemplate":"https:\/\/narcopowders.com\/?s={search_term_string}"},"query-input":{"@type":"PropertyValueSpecification","valueRequired":true,"valueName":"search_term_string"}}],"inLanguage":"pl-PL"}]}},"_links":{"self":[{"href":"https:\/\/narcopowders.com\/pl\/wp-json\/wp\/v2\/product\/19100","targetHints":{"allow":["GET"]}}],"collection":[{"href":"https:\/\/narcopowders.com\/pl\/wp-json\/wp\/v2\/product"}],"about":[{"href":"https:\/\/narcopowders.com\/pl\/wp-json\/wp\/v2\/types\/product"}],"replies":[{"embeddable":true,"href":"https:\/\/narcopowders.com\/pl\/wp-json\/wp\/v2\/comments?post=19100"}],"wp:featuredmedia":[{"embeddable":true,"href":"https:\/\/narcopowders.com\/pl\/wp-json\/wp\/v2\/media\/19142"}],"wp:attachment":[{"href":"https:\/\/narcopowders.com\/pl\/wp-json\/wp\/v2\/media?parent=19100"}],"wp:term":[{"taxonomy":"product_brand","embeddable":true,"href":"https:\/\/narcopowders.com\/pl\/wp-json\/wp\/v2\/product_brand?post=19100"},{"taxonomy":"product_cat","embeddable":true,"href":"https:\/\/narcopowders.com\/pl\/wp-json\/wp\/v2\/product_cat?post=19100"},{"taxonomy":"product_tag","embeddable":true,"href":"https:\/\/narcopowders.com\/pl\/wp-json\/wp\/v2\/product_tag?post=19100"}],"curies":[{"name":"wp","href":"https:\/\/api.w.org\/{rel}","templated":true}]}}