{"id":19144,"date":"2023-01-02T10:31:30","date_gmt":"2023-01-02T10:31:30","guid":{"rendered":"https:\/\/nembutalhouse.com\/narco\/?post_type=product&#038;p=19144"},"modified":"2025-03-25T12:01:17","modified_gmt":"2025-03-25T12:01:17","slug":"fishscale-cocaine","status":"publish","type":"product","link":"https:\/\/narcopowders.com\/pl\/produkt\/rybia-luska-kokaina\/","title":{"rendered":"Kup rybi\u0105 \u0142usk\u0119 przez Internet"},"content":{"rendered":"<h2 style=\"text-align: justify;\">Kup rybi\u0105 \u0142usk\u0119 przez Internet<\/h2>\n<p style=\"text-align: justify;\"><a href=\"https:\/\/en.wikipedia.org\/wiki\/Cocaine\">Fishscale cocaine<\/a> Kokaina rybia \u0142uska jest obecnie jedn\u0105 z najczystszych postaci kokainy na rynku i staje si\u0119 coraz bardziej popularna w\u015br\u00f3d u\u017cytkownik\u00f3w poszukuj\u0105cych produktu wysokiej jako\u015bci. Kokaina rybia \u0142uska ma silniejsze dzia\u0142anie ni\u017c tradycyjne formy kokainy i jest cz\u0119sto stosowana w po\u0142\u0105czeniu z innymi narkotykami w celu zwi\u0119kszenia jej si\u0142y dzia\u0142ania. Je\u015bli szukasz\u00a0<a href=\"https:\/\/narcopowders.com\/pl\/produkt\/rybia-luska-kokaina\/\"><strong>kup kokain\u0119 rybi\u0105 \u0142usk\u0119 przez Internet<\/strong><\/a>\u00a0w najlepszej cenie, nie szukaj dalej ni\u017c Narco Powders. <a href=\"https:\/\/narcopowders.com\/pl\/\">Narco Powders.<\/a><\/p>\n<h3 style=\"text-align: justify;\">Jak powstaje kokaina rybiej \u0142uski?<\/h3>\n<p style=\"text-align: justify;\">Je\u015bli szukasz nowego sposobu na odurzenie, mo\u017cesz spr\u00f3bowa\u0107\u00a0<a href=\"https:\/\/www.bing.com\/search?q=Buy%20Fishscale%20Cocaine%20Online&amp;qs=n&amp;form=QBRE&amp;sp=-1&amp;lq=0&amp;pq=buy%20fishscale%20cocaine%20online&amp;sc=0-28&amp;sk=&amp;cvid=8FE7DAB42F414985AD75C408BEAB99B0&amp;ghsh=0&amp;ghacc=0&amp;ghpl=\"><strong>Sprzedam rybi\u0105 \u0142usk\u0119 kokain\u0119<\/strong><\/a>. Jest to kokaina o wysokiej intensywno\u015bci, kt\u00f3ra ma per\u0142owo-bia\u0142y kolor. Ze wzgl\u0119du na sw\u00f3j wyj\u0105tkowy wygl\u0105d nazywana jest \u201ekokain\u0105 rybiej \u0142uski\u201d. Kokaina rybiej \u0142uski jest wytwarzana przez po\u0142\u0105czenie czystego proszku kokainowego z sod\u0105 oczyszczon\u0105 lub aktywnym \u015brodkiem znieczulaj\u0105cym miejscowo w celu utworzenia bazy, a nast\u0119pnie podgrzanie tej bazy do up\u0142ynnienia przed odcedzeniem, wlaniem do foremek i pozostawieniem do ostygni\u0119cia. Po sch\u0142odzeniu formy te wytwarzaj\u0105 substancj\u0119 przypominaj\u0105c\u0105 kit, kt\u00f3ra jest rozbijana na r\u00f3wne cz\u0119\u015bci \u201erybiej \u0142uski\u201d produktu na bazie kokainy. Sekcje te mo\u017cna nast\u0119pnie podzieli\u0107 na proszek lub sprzeda\u0107, tworz\u0105c du\u017cy rynek dla tych, kt\u00f3rzy chc\u0105 go u\u017cywa\u0107 do cel\u00f3w rekreacyjnych.<a href=\"https:\/\/www.bing.com\/search?q=Buy%20Fishscale%20Cocaine%20Online&amp;qs=n&amp;form=QBRE&amp;sp=-1&amp;lq=0&amp;pq=buy%20fishscale%20cocaine%20online&amp;sc=0-28&amp;sk=&amp;cvid=8FE7DAB42F414985AD75C408BEAB99B0&amp;ghsh=0&amp;ghacc=0&amp;ghpl=\">fishscale<\/a>\u201eSekcje produktu na bazie kokainy. Sekcje te mo\u017cna nast\u0119pnie rozbi\u0107 na proszek lub sprzeda\u0107 w stanie surowym, co stwarza du\u017cy rynek dla os\u00f3b chc\u0105cych wykorzysta\u0107 go w celach rekreacyjnych.<\/p>\n<p style=\"text-align: justify;\"><a href=\"https:\/\/www.google.de\/search?q=Buy+Fishscale+Cocaine+Online&amp;sca_esv=1a2a07081c7891bb&amp;rlz=1C1RXQR_enIN1098IN1098&amp;ei=mbPOZ-GmPLTq1e8PlZ_wwAw&amp;ved=0ahUKEwih14GgnP-LAxU0dfUHHZUPHMgQ4dUDCBA&amp;uact=5&amp;oq=Buy+Fishscale+Cocaine+Online&amp;gs_lp=Egxnd3Mtd2l6LXNlcnAiHEJ1eSBGaXNoc2NhbGUgQ29jYWluZSBPbmxpbmVIggdQ4AJY4AJwAngAkAEAmAHNAaABzQGqAQMyLTG4AQPIAQD4AQL4AQGYAgCgAgCYAwCIBgGSBwCgB9MB&amp;sclient=gws-wiz-serp\"><strong>Kokaina rybia \u0142uska online<\/strong><\/a>\u00a0jest dost\u0119pny na Narco Powders, gdzie mo\u017cna go kupi\u0107 luzem lub na gram.<\/p>\n<h3 style=\"text-align: justify;\">Korzy\u015bci i skutki uboczne kokainy rybiej \u0142uski<\/h3>\n<p style=\"text-align: justify;\">Je\u015bli szukasz silnej i uzale\u017cniaj\u0105cej formy kokainy, <a href=\"https:\/\/www.google.de\/search?q=Buy+Fishscale+Cocaine+Online&amp;sca_esv=1a2a07081c7891bb&amp;rlz=1C1RXQR_enIN1098IN1098&amp;ei=mbPOZ-GmPLTq1e8PlZ_wwAw&amp;ved=0ahUKEwih14GgnP-LAxU0dfUHHZUPHMgQ4dUDCBA&amp;uact=5&amp;oq=Buy+Fishscale+Cocaine+Online&amp;gs_lp=Egxnd3Mtd2l6LXNlcnAiHEJ1eSBGaXNoc2NhbGUgQ29jYWluZSBPbmxpbmVIggdQ4AJY4AJwAngAkAEAmAHNAaABzQGqAQMyLTG4AQPIAQD4AQL4AQGYAgCgAgCYAwCIBgGSBwCgB9MB&amp;sclient=gws-wiz-serp\">fishscale cocaine<\/a> is the best choice. <a href=\"https:\/\/www.google.de\/search?q=Buy+Fishscale+Cocaine+Online&amp;sca_esv=1a2a07081c7891bb&amp;rlz=1C1RXQR_enIN1098IN1098&amp;ei=mbPOZ-GmPLTq1e8PlZ_wwAw&amp;ved=0ahUKEwih14GgnP-LAxU0dfUHHZUPHMgQ4dUDCBA&amp;uact=5&amp;oq=Buy+Fishscale+Cocaine+Online&amp;gs_lp=Egxnd3Mtd2l6LXNlcnAiHEJ1eSBGaXNoc2NhbGUgQ29jYWluZSBPbmxpbmVIggdQ4AJY4AJwAngAkAEAmAHNAaABzQGqAQMyLTG4AQPIAQD4AQL4AQGYAgCgAgCYAwCIBgGSBwCgB9MB&amp;sclient=gws-wiz-serp\">Fishscale cocaine<\/a> ma kilka zalet, kt\u00f3re wyr\u00f3\u017cniaj\u0105 go od innych rodzaj\u00f3w kokainy, w tym zdolno\u015b\u0107 do wywo\u0142ywania intensywnych wzlot\u00f3w i upadk\u00f3w.<\/p>\n<p style=\"text-align: justify;\">Kokaina Fishscale jest r\u00f3wnie\u017c dost\u0119pna w wysokiej jako\u015bci, wi\u0119c mo\u017cesz mie\u0107 pewno\u015b\u0107, \u017ce otrzymujesz najlepsze mo\u017cliwe wra\u017cenia. Po u\u017cyciu starcza na oko\u0142o dwie godziny, wi\u0119c idealnie nadaje si\u0119 do przyjmowania w kr\u00f3tkich seriach lub gdy nie masz czasu na pe\u0142n\u0105 dawk\u0119. Nie ma \u017cadnych problem\u00f3w prawnych ani zdrowotnych zwi\u0105zanych z u\u017cywaniem kokainy rybiej \u0142uski \u2013 to po prostu inny rodzaj narkotyku, kt\u00f3rego ludzie lubi\u0105 u\u017cywa\u0107. <a href=\"https:\/\/duckduckgo.com\/?q=Buy+Fishscale+Cocaine+Online&amp;t=h_&amp;ia=web\">fishscale cocaine<\/a>\u2014to po prostu kolejny rodzaj narkotyku, kt\u00f3ry ludzie ch\u0119tnie za\u017cywaj\u0105.<\/p>\n<p style=\"text-align: justify;\">Kokaina rybia \u0142uska to pot\u0119\u017cna forma kokainy, kt\u00f3ra w ostatnich latach staje si\u0119 coraz bardziej popularna. Chocia\u017c mo\u017ce zapewni\u0107 intensywny haj, mo\u017ce r\u00f3wnie\u017c wi\u0105za\u0107 si\u0119 z potencjalnie niebezpiecznymi skutkami ubocznymi. Wa\u017cne jest, aby zrozumie\u0107, w jaki spos\u00f3b narkotyk jest wytwarzany, jego potencjalne korzy\u015bci i zagro\u017cenia oraz gdzie mo\u017cna go bezpiecznie kupi\u0107 przed u\u017cyciem kokainy rybiej \u0142uski. Ostatecznie to od jednostek zale\u017cy podejmowanie \u015bwiadomych decyzji dotycz\u0105cych w\u0142asnego zdrowia i dobrego samopoczucia, kiedy zdecyduj\u0105 si\u0119 na to <a href=\"https:\/\/duckduckgo.com\/?q=Buy+Fishscale+Cocaine+Online&amp;t=h_&amp;ia=web\"><strong>zam\u00f3w kokain\u0119 rybi\u0105 \u0142usk\u0119 przez Internet<\/strong><\/a>\u00a0luzem lub w ma\u0142ych ilo\u015bciach.<\/p>\n<h3 style=\"text-align: justify;\">Gdzie kupi\u0107 rybi\u0105 \u0142usk\u0119 przez Internet?<\/h3>\n<p style=\"text-align: justify;\">Bezpieczne przechowywanie narkotyk\u00f3w jest naszym g\u0142\u00f3wnym celem w Narco Powders, dlatego kokain\u0119 rybi\u0105 \u0142usk\u0119 pozyskujemy wy\u0142\u0105cznie od wiarygodnych dostawc\u00f3w. Ca\u0142a nasza kokaina rybiej \u0142uski przechodzi rygorystyczn\u0105 kontrol\u0119 jako\u015bci i procedury testowe, aby mie\u0107 pewno\u015b\u0107, \u017ce otrzymujesz produkt wysokiej jako\u015bci. Zawsze pakujemy i wysy\u0142amy nasze\u00a0<strong>Kokaina rybia \u0142uska na sprzeda\u017c online\u00a0<\/strong>dyskretnie i podj\u0105\u0107 wszelkie \u015brodki w celu zapewnienia bezpiecznej dostawy. Z\u0142\u00f3\u017c zam\u00f3wienie na\u00a0<strong>sprzeda\u017c hurtowa kokainy rybiej \u0142uski\u00a0<\/strong>Dzi\u015b!<\/p>","protected":false},"excerpt":{"rendered":"<p>Buy Fishscale Cocaine Online Fishscale cocaine is one of the purest forms of cocaine on the market today and is becoming increasingly popular with users looking for a high-quality product. Fishscale cocaine has a stronger effect than traditional forms of cocaine and is often used in combination with other drugs to increase its potency. If [&hellip;]<\/p>","protected":false},"featured_media":19196,"comment_status":"open","ping_status":"closed","template":"","meta":{"_joinchat":[]},"product_brand":[],"product_cat":[1179],"product_tag":[1266,1260,1269,1272,1273,1271,1263,1348,1268,1262,1261,1274,1267,1275,1264,1270,1265],"class_list":{"0":"post-19144","1":"product","2":"type-product","3":"status-publish","4":"has-post-thumbnail","6":"product_cat-buy-cocaine-online","7":"product_tag-benefits-of-fishscale-cocaine","8":"product_tag-best-place-to-order-fishscale-cocaine","9":"product_tag-buy-fishscale-cocaine-legally","10":"product_tag-buy-fishscale-cocaine-online-australia","11":"product_tag-buy-fishscale-cocaine-online-near-me","12":"product_tag-buy-fishscale-cocaine-online-usa","13":"product_tag-cheap-fishscale-cocaine","14":"product_tag-cocaine-fish-scale","15":"product_tag-fishscale-cocaine-for-sale","16":"product_tag-fishscale-cocaine-price","17":"product_tag-fishscale-cocaine-wholesale","18":"product_tag-how-can-i-get-the-best-fishscale-cocaine","19":"product_tag-how-to-order-fishscale-cocaine","20":"product_tag-legit-fishscale-cocaine-online","21":"product_tag-what-is-fishscale-cocaine","22":"product_tag-where-can-i-buy-fishscale-cocaine","23":"product_tag-where-to-buy-fishscale-cocaine","25":"first","26":"instock","27":"shipping-taxable","28":"purchasable","29":"product-type-variable","30":"add-to-wishlist-after_add_to_cart"},"yoast_head":"<!-- This site is optimized with the Yoast SEO plugin v25.9 - https:\/\/yoast.com\/wordpress\/plugins\/seo\/ -->\n<title>Fishscale Cocaine for Sale - Buy Fish scale Cocaine Online<\/title>\n<meta name=\"description\" content=\"Looking for high purity fishscale cocaine for sale in bulk quantity? At here, you can buy fishscale cocaine online, order fishscale cocaine online.\" \/>\n<meta name=\"robots\" content=\"index, follow, max-snippet:-1, max-image-preview:large, max-video-preview:-1\" \/>\n<link rel=\"canonical\" href=\"https:\/\/narcopowders.com\/pl\/produkt\/rybia-luska-kokaina\/\" \/>\n<meta property=\"og:locale\" content=\"pl_PL\" \/>\n<meta property=\"og:type\" content=\"article\" \/>\n<meta property=\"og:title\" content=\"Fishscale Cocaine for Sale - Buy Fish scale Cocaine Online\" \/>\n<meta property=\"og:description\" content=\"Looking for high purity fishscale cocaine for sale in bulk quantity? At here, you can buy fishscale cocaine online, order fishscale cocaine online.\" \/>\n<meta property=\"og:url\" content=\"https:\/\/narcopowders.com\/pl\/produkt\/rybia-luska-kokaina\/\" \/>\n<meta property=\"og:site_name\" content=\"Narco Powders\" \/>\n<meta property=\"article:modified_time\" content=\"2025-03-25T12:01:17+00:00\" \/>\n<meta property=\"og:image\" content=\"https:\/\/narcopowders.com\/wp-content\/uploads\/2023\/01\/fishscale-cocaine.jpg\" \/>\n\t<meta property=\"og:image:width\" content=\"600\" \/>\n\t<meta property=\"og:image:height\" content=\"600\" \/>\n\t<meta property=\"og:image:type\" content=\"image\/jpeg\" \/>\n<meta name=\"twitter:card\" content=\"summary_large_image\" \/>\n<meta name=\"twitter:label1\" content=\"Szacowany czas czytania\" \/>\n\t<meta name=\"twitter:data1\" content=\"3 minuty\" \/>\n<!-- \/ Yoast SEO plugin. -->","yoast_head_json":{"title":"Sprzedam kokain\u0119 w rybiej \u0142usce - Kup kokain\u0119 w rybiej \u0142usce online","description":"Szukasz kokainy rybiej \u0142uski o wysokiej czysto\u015bci na sprzeda\u017c w ilo\u015bciach hurtowych? Tutaj mo\u017cesz kupi\u0107 rybi\u0105 \u0142usk\u0119 online, zam\u00f3wi\u0107 rybi\u0105 \u0142usk\u0119 przez Internet.","robots":{"index":"index","follow":"follow","max-snippet":"max-snippet:-1","max-image-preview":"max-image-preview:large","max-video-preview":"max-video-preview:-1"},"canonical":"https:\/\/narcopowders.com\/pl\/produkt\/rybia-luska-kokaina\/","og_locale":"pl_PL","og_type":"article","og_title":"Fishscale Cocaine for Sale - Buy Fish scale Cocaine Online","og_description":"Looking for high purity fishscale cocaine for sale in bulk quantity? At here, you can buy fishscale cocaine online, order fishscale cocaine online.","og_url":"https:\/\/narcopowders.com\/pl\/produkt\/rybia-luska-kokaina\/","og_site_name":"Narco Powders","article_modified_time":"2025-03-25T12:01:17+00:00","og_image":[{"width":600,"height":600,"url":"https:\/\/narcopowders.com\/wp-content\/uploads\/2023\/01\/fishscale-cocaine.jpg","type":"image\/jpeg"}],"twitter_card":"summary_large_image","twitter_misc":{"Szacowany czas czytania":"3 minuty"},"schema":{"@context":"https:\/\/schema.org","@graph":[{"@type":"WebPage","@id":"https:\/\/narcopowders.com\/product\/fishscale-cocaine\/","url":"https:\/\/narcopowders.com\/product\/fishscale-cocaine\/","name":"Sprzedam kokain\u0119 w rybiej \u0142usce - Kup kokain\u0119 w rybiej \u0142usce online","isPartOf":{"@id":"https:\/\/narcopowders.com\/#website"},"primaryImageOfPage":{"@id":"https:\/\/narcopowders.com\/product\/fishscale-cocaine\/#primaryimage"},"image":{"@id":"https:\/\/narcopowders.com\/product\/fishscale-cocaine\/#primaryimage"},"thumbnailUrl":"https:\/\/narcopowders.com\/wp-content\/uploads\/2023\/01\/fishscale-cocaine.jpg","datePublished":"2023-01-02T10:31:30+00:00","dateModified":"2025-03-25T12:01:17+00:00","description":"Szukasz kokainy rybiej \u0142uski o wysokiej czysto\u015bci na sprzeda\u017c w ilo\u015bciach hurtowych? Tutaj mo\u017cesz kupi\u0107 rybi\u0105 \u0142usk\u0119 online, zam\u00f3wi\u0107 rybi\u0105 \u0142usk\u0119 przez Internet.","breadcrumb":{"@id":"https:\/\/narcopowders.com\/product\/fishscale-cocaine\/#breadcrumb"},"inLanguage":"pl-PL","potentialAction":[{"@type":"ReadAction","target":["https:\/\/narcopowders.com\/product\/fishscale-cocaine\/"]}]},{"@type":"ImageObject","inLanguage":"pl-PL","@id":"https:\/\/narcopowders.com\/product\/fishscale-cocaine\/#primaryimage","url":"https:\/\/narcopowders.com\/wp-content\/uploads\/2023\/01\/fishscale-cocaine.jpg","contentUrl":"https:\/\/narcopowders.com\/wp-content\/uploads\/2023\/01\/fishscale-cocaine.jpg","width":600,"height":600,"caption":"Fishscale Cocaine for Sale"},{"@type":"BreadcrumbList","@id":"https:\/\/narcopowders.com\/product\/fishscale-cocaine\/#breadcrumb","itemListElement":[{"@type":"ListItem","position":1,"name":"Home","item":"https:\/\/narcopowders.com\/"},{"@type":"ListItem","position":2,"name":"Shop Page","item":"https:\/\/narcopowders.com\/shop\/"},{"@type":"ListItem","position":3,"name":"Buy Fishscale Cocaine Online"}]},{"@type":"WebSite","@id":"https:\/\/narcopowders.com\/#website","url":"https:\/\/narcopowders.com\/","name":"Proszki Narco","description":"M\u00f3j blog WordPress","potentialAction":[{"@type":"SearchAction","target":{"@type":"EntryPoint","urlTemplate":"https:\/\/narcopowders.com\/?s={search_term_string}"},"query-input":{"@type":"PropertyValueSpecification","valueRequired":true,"valueName":"search_term_string"}}],"inLanguage":"pl-PL"}]}},"_links":{"self":[{"href":"https:\/\/narcopowders.com\/pl\/wp-json\/wp\/v2\/product\/19144","targetHints":{"allow":["GET"]}}],"collection":[{"href":"https:\/\/narcopowders.com\/pl\/wp-json\/wp\/v2\/product"}],"about":[{"href":"https:\/\/narcopowders.com\/pl\/wp-json\/wp\/v2\/types\/product"}],"replies":[{"embeddable":true,"href":"https:\/\/narcopowders.com\/pl\/wp-json\/wp\/v2\/comments?post=19144"}],"wp:featuredmedia":[{"embeddable":true,"href":"https:\/\/narcopowders.com\/pl\/wp-json\/wp\/v2\/media\/19196"}],"wp:attachment":[{"href":"https:\/\/narcopowders.com\/pl\/wp-json\/wp\/v2\/media?parent=19144"}],"wp:term":[{"taxonomy":"product_brand","embeddable":true,"href":"https:\/\/narcopowders.com\/pl\/wp-json\/wp\/v2\/product_brand?post=19144"},{"taxonomy":"product_cat","embeddable":true,"href":"https:\/\/narcopowders.com\/pl\/wp-json\/wp\/v2\/product_cat?post=19144"},{"taxonomy":"product_tag","embeddable":true,"href":"https:\/\/narcopowders.com\/pl\/wp-json\/wp\/v2\/product_tag?post=19144"}],"curies":[{"name":"wp","href":"https:\/\/api.w.org\/{rel}","templated":true}]}}