{"id":19145,"date":"2023-01-02T10:20:37","date_gmt":"2023-01-02T10:20:37","guid":{"rendered":"https:\/\/nembutalhouse.com\/narco\/?post_type=product&#038;p=19145"},"modified":"2025-03-25T11:57:14","modified_gmt":"2025-03-25T11:57:14","slug":"colombian-cocaine","status":"publish","type":"product","link":"https:\/\/narcopowders.com\/pl\/produkt\/kolumbijska-kokaina\/","title":{"rendered":"Kup kolumbijsk\u0105 kokain\u0119 online"},"content":{"rendered":"<h2 style=\"text-align: justify;\">Kup kolumbijsk\u0105 kokain\u0119 online<\/h2>\n<p style=\"text-align: justify;\">szukasz\u00a0<a href=\"https:\/\/narcopowders.com\/pl\/produkt\/kolumbijska-kokaina\/\"><strong>kup kolumbijsk\u0105 kokain\u0119 online<\/strong><\/a>? If so, <a href=\"https:\/\/narcopowders.com\/pl\/\">Proszki Narco<\/a> to idealne miejsce dla Ciebie. Znajdziesz tu szeroki wyb\u00f3r <a href=\"https:\/\/en.wikipedia.org\/wiki\/Cocaine\">high-quality cocaine<\/a> produkty wytwarzane z kolumbijskich li\u015bci koki.<\/p>\n<h3 style=\"text-align: justify;\">Jak powstaje kolumbijska kokaina?<\/h3>\n<p style=\"text-align: justify;\"><a href=\"https:\/\/www.bing.com\/search?q=Buy%20Colombian%20Cocaine%20Online&amp;qs=n&amp;form=QBRE&amp;sp=-1&amp;lq=0&amp;pq=buy%20colombian%20cocaine%20online&amp;sc=1-28&amp;sk=&amp;cvid=B9F08B78D28D4CFF9767D05E320B96BB&amp;ghsh=0&amp;ghacc=0&amp;ghpl=\">Colombian cocaine<\/a> Kolumbijska kokaina jest jednym z najpopularniejszych narkotyk\u00f3w na rynku. Jest silnym stymulantem, kt\u00f3ry mo\u017ce pom\u00f3c zwi\u0119kszy\u0107 poziom energii i poprawi\u0107 koncentracj\u0119. Aby wyprodukowa\u0107 kolumbijsk\u0105 kokain\u0119, rolnicy musz\u0105 najpierw wyhodowa\u0107 li\u015bcie koki w Andach. Gdy li\u015bcie koki wyrosn\u0105, s\u0105 zbierane i przetwarzane na kryszta\u0142y chlorowodorku kokainy. Proces ten obejmuje destylacj\u0119 li\u015bci przy u\u017cyciu r\u00f3\u017cnych proces\u00f3w chemicznych, w tym przemywania kwasem i ekstrakcji eterem. Wreszcie kokaina jest wysy\u0142ana za granic\u0119 w celu sprzeda\u017cy na czarnym rynku.<\/p>\n<p style=\"text-align: justify;\">Drug trafficking networks use different routes and ports to smuggle <a href=\"https:\/\/www.google.de\/search?q=Buy+Colombian+Cocaine+Online&amp;sca_esv=1a2a07081c7891bb&amp;rlz=1C1RXQR_enIN1098IN1098&amp;ei=arjOZ5WFK-z21e8P98PxkAg&amp;ved=0ahUKEwiV4ujroP-LAxVse_UHHfdhHIIQ4dUDCBA&amp;uact=5&amp;oq=Buy+Colombian+Cocaine+Online&amp;gs_lp=Egxnd3Mtd2l6LXNlcnAiHEJ1eSBDb2xvbWJpYW4gQ29jYWluZSBPbmxpbmVIkAhQjQRYjQRwA3gAkAEAmAGqAaABqgGqAQMwLjG4AQPIAQD4AQL4AQGYAgCgAgCYAwCIBgGSBwCgB1A&amp;sclient=gws-wiz-serp\">Colombian cocaine<\/a> Sieci handluj\u0105ce narkotykami wykorzystuj\u0105 r\u00f3\u017cne trasy i porty do przemycania kolumbijskiej kokainy do Europy i innych cz\u0119\u015bci \u015bwiata, gdzie jest ona cenniejsza ni\u017c inne rodzaje narkotyk\u00f3w. Z powodu tych czynnik\u00f3w cz\u0119sto wyst\u0119puj\u0105 znaczne r\u00f3\u017cnice mi\u0119dzy\u00a0<a href=\"https:\/\/www.bing.com\/search?q=Buy%20Colombian%20Cocaine%20Online&amp;qs=n&amp;form=QBRE&amp;sp=-1&amp;lq=0&amp;pq=buy%20colombian%20cocaine%20online&amp;sc=1-28&amp;sk=&amp;cvid=B9F08B78D28D4CFF9767D05E320B96BB&amp;ghsh=0&amp;ghacc=0&amp;ghpl=\"><strong>Cena kolumbijskiej kokainy <\/strong><\/a>oraz ceny innych rodzaj\u00f3w lek\u00f3w na rynku.<\/p>\n<h3 style=\"text-align: justify;\">Korzy\u015bci z kolumbijskiej kokainy<\/h3>\n<p style=\"text-align: justify;\">The use of <a href=\"https:\/\/www.google.de\/search?q=Buy+Colombian+Cocaine+Online&amp;sca_esv=1a2a07081c7891bb&amp;rlz=1C1RXQR_enIN1098IN1098&amp;ei=arjOZ5WFK-z21e8P98PxkAg&amp;ved=0ahUKEwiV4ujroP-LAxVse_UHHfdhHIIQ4dUDCBA&amp;uact=5&amp;oq=Buy+Colombian+Cocaine+Online&amp;gs_lp=Egxnd3Mtd2l6LXNlcnAiHEJ1eSBDb2xvbWJpYW4gQ29jYWluZSBPbmxpbmVIkAhQjQRYjQRwA3gAkAEAmAGqAaABqgGqAQMwLjG4AQPIAQD4AQL4AQGYAgCgAgCYAwCIBgGSBwCgB1A&amp;sclient=gws-wiz-serp\">Colombian cocaine<\/a> U\u017cywanie kolumbijskiej kokainy mo\u017ce przynie\u015b\u0107 r\u00f3\u017cne korzy\u015bci osobom pragn\u0105cym do\u015bwiadczy\u0107 wzmo\u017conej euforii lub chc\u0105cym stosowa\u0107 narkotyk w ramach leczenia uzale\u017cnie\u0144. Opr\u00f3cz zapewniania bardziej intensywnego uczucia przyjemno\u015bci i czujno\u015bci ni\u017c inne odmiany kokainy, kokaina kolumbijska ma r\u00f3wnie\u017c wi\u0119ksz\u0105 moc ni\u017c inne rodzaje kokainy, dzi\u0119ki czemu u\u017cytkownicy mog\u0105 do\u015bwiadczy\u0107 efekt\u00f3w przy znacznie mniejszej ilo\u015bci.\u00a0<strong>\u041a\u043e\u043b\u0443\u043c\u0431\u0456\u0439\u0441\u044c\u043a\u0438\u0439 \u043a\u043e\u043a\u0430\u0457\u043d \u043e\u043d\u043b\u0430\u0439\u043d<\/strong>\u00a0jest r\u00f3wnie\u017c cz\u0119sto postrzegany jako bardziej po\u017c\u0105dany ze wzgl\u0119du na jego czysto\u015b\u0107 i brak zanieczyszczenia innymi narkotykami.<\/p>\n<p style=\"text-align: justify;\">Niezale\u017cnie od tego, czy masz ochot\u0119 na prychni\u0119cie, czy na papierosa, mamy co\u015b idealnego <a href=\"https:\/\/duckduckgo.com\/?q=Buy+Colombian+Cocaine+Online&amp;t=h_&amp;ia=web\"><strong>Sprzedam kolumbijsk\u0105 kokain\u0119<\/strong><\/a>. Dlaczego wi\u0119c nie spr\u00f3bowa\u0107 dzi\u015b Narco Powders? Nie zawiedziesz si\u0119!<\/p>\n<h3 style=\"text-align: justify;\">Skutki uboczne kolumbijskiej kokainy<\/h3>\n<p style=\"text-align: justify;\">Je\u015bli chodzi o kr\u00f3tkoterminowe skutki uboczne u\u017cywania kokainy, u\u017cytkownicy mog\u0105 odczuwa\u0107 eufori\u0119 lub po\u015bpiech, a tak\u017ce zwi\u0119kszon\u0105 energi\u0119 i motywacj\u0119. Te dzia\u0142ania niepo\u017c\u0105dane zwykle trwaj\u0105 oko\u0142o godziny, ale mog\u0105 si\u0119 r\u00f3\u017cni\u0107 w zale\u017cno\u015bci od tego, ile kokainy kto\u015b za\u017cy\u0142. D\u0142ugoterminowe skutki uboczne u\u017cywania kokainy mog\u0105 obejmowa\u0107 problemy z koncentracj\u0105 i skupieniem, przyspieszone t\u0119tno i ci\u015bnienie krwi, bezsenno\u015b\u0107, szybk\u0105 utrat\u0119 lub przybranie na wadze, uzale\u017cnienie, drgawki, uszkodzenie w\u0105troby, a nawet \u015bmier\u0107.<\/p>\n<h3 style=\"text-align: justify;\">\u0414\u0435 \u0437\u0430\u043c\u043e\u0432\u0438\u0442\u0438 \u043a\u043e\u043b\u0443\u043c\u0431\u0456\u0439\u0441\u044c\u043a\u0438\u0439 \u043a\u043e\u043a\u0430\u0457\u043d \u043e\u043d\u043b\u0430\u0439\u043d?<\/h3>\n<p style=\"text-align: justify;\">Istnieje wiele wspania\u0142ych powod\u00f3w\u00a0<strong>\u0437\u0430\u043c\u043e\u0432\u0438\u0442\u0438 \u043a\u043e\u043a\u0430\u0457\u043d \u043e\u043d\u043b\u0430\u0439\u043d<\/strong>\u00a0z Narco Powders. Po pierwsze, legalno\u015b\u0107 zamawiania kokainy przez Internet jest nadal przedmiotem debaty wielu w\u0142adz. Ale mo\u017cesz zam\u00f3wi\u0107 kolumbijsk\u0105 kokain\u0119 online, nie martwi\u0105c si\u0119, \u017ce zostaniesz z\u0142apany. Innym powodem kupowania kokainy przez Internet jest wygoda. Z Narco Powders jest to mo\u017cliwe\u00a0<a href=\"https:\/\/duckduckgo.com\/?q=Buy+Colombian+Cocaine+Online&amp;t=h_&amp;ia=web\"><strong>kup kolumbijsk\u0105 kokain\u0119 hurtowo<\/strong><\/a> z \u0142atwo\u015bci\u0105 i bez konieczno\u015bci wychodzenia z domu lub biura. Wreszcie, w Narco Powders mo\u017cna kupi\u0107 r\u00f3\u017cne rodzaje kokainy \u2014 od proszku po crack.<\/p>","protected":false},"excerpt":{"rendered":"<p>Buy Colombian Cocaine Online Are you looking to\u00a0buy Colombian cocaine online? If so, Narco Powders is the perfect place for you. Here, you&#8217;ll find a wide variety of high-quality cocaine products that are made from Colombian coca leaves. How Is Colombian Cocaine Made? Colombian cocaine is among the most popular drugs on the market. It&#8217;s [&hellip;]<\/p>","protected":false},"featured_media":19165,"comment_status":"open","ping_status":"closed","template":"","meta":{"_joinchat":[]},"product_brand":[],"product_cat":[1179],"product_tag":[1250,1244,1253,1257,1247,1252,1246,1245,1258,1251,1259,1248,1254,1249],"class_list":{"0":"post-19145","1":"product","2":"type-product","3":"status-publish","4":"has-post-thumbnail","6":"product_cat-buy-cocaine-online","7":"product_tag-benefits-of-colombian-cocaine","8":"product_tag-best-place-to-order-colombian-cocaine","9":"product_tag-buy-colombian-cocaine-legally","10":"product_tag-buy-colombian-cocaine-online-near-me","11":"product_tag-cheap-colombian-cocaine","12":"product_tag-colombian-cocaine-for-sale","13":"product_tag-colombian-cocaine-price","14":"product_tag-colombian-cocaine-wholesale","15":"product_tag-how-can-i-get-the-best-colombian-cocaine","16":"product_tag-how-to-order-colombian-cocaine","17":"product_tag-legit-colombian-cocaine-online","18":"product_tag-what-is-colombian-cocaine","19":"product_tag-where-can-i-buy-colombian-cocaine","20":"product_tag-where-to-buy-colombian-cocaine","22":"first","23":"instock","24":"shipping-taxable","25":"purchasable","26":"product-type-variable","27":"add-to-wishlist-after_add_to_cart"},"yoast_head":"<!-- This site is optimized with the Yoast SEO plugin v25.9 - https:\/\/yoast.com\/wordpress\/plugins\/seo\/ -->\n<title>Colombian Cocaine for Sale - Buy Colombian Cocaine Online<\/title>\n<meta name=\"description\" content=\"You can get high purity colombian cocaine for sale here. Buy colombian cocaine online, order colombian cocaine in bulk quantity at wholesale price.\" \/>\n<meta name=\"robots\" content=\"index, follow, max-snippet:-1, max-image-preview:large, max-video-preview:-1\" \/>\n<link rel=\"canonical\" href=\"https:\/\/narcopowders.com\/pl\/produkt\/kolumbijska-kokaina\/\" \/>\n<meta property=\"og:locale\" content=\"pl_PL\" \/>\n<meta property=\"og:type\" content=\"article\" \/>\n<meta property=\"og:title\" content=\"Colombian Cocaine for Sale - Buy Colombian Cocaine Online\" \/>\n<meta property=\"og:description\" content=\"You can get high purity colombian cocaine for sale here. Buy colombian cocaine online, order colombian cocaine in bulk quantity at wholesale price.\" \/>\n<meta property=\"og:url\" content=\"https:\/\/narcopowders.com\/pl\/produkt\/kolumbijska-kokaina\/\" \/>\n<meta property=\"og:site_name\" content=\"Narco Powders\" \/>\n<meta property=\"article:modified_time\" content=\"2025-03-25T11:57:14+00:00\" \/>\n<meta property=\"og:image\" content=\"https:\/\/narcopowders.com\/wp-content\/uploads\/2023\/01\/colombian-cocaine.jpg\" \/>\n\t<meta property=\"og:image:width\" content=\"600\" \/>\n\t<meta property=\"og:image:height\" content=\"600\" \/>\n\t<meta property=\"og:image:type\" content=\"image\/jpeg\" \/>\n<meta name=\"twitter:card\" content=\"summary_large_image\" \/>\n<meta name=\"twitter:label1\" content=\"Szacowany czas czytania\" \/>\n\t<meta name=\"twitter:data1\" content=\"3 minuty\" \/>\n<!-- \/ Yoast SEO plugin. -->","yoast_head_json":{"title":"Sprzeda\u017c kolumbijskiej kokainy - Kup kolumbijsk\u0105 kokain\u0119 online","description":"Tutaj mo\u017cesz kupi\u0107 kolumbijsk\u0105 kokain\u0119 o wysokiej czysto\u015bci. Kup kolumbijsk\u0105 kokain\u0119 online, zam\u00f3w kolumbijsk\u0105 kokain\u0119 hurtowo w cenie hurtowej.","robots":{"index":"index","follow":"follow","max-snippet":"max-snippet:-1","max-image-preview":"max-image-preview:large","max-video-preview":"max-video-preview:-1"},"canonical":"https:\/\/narcopowders.com\/pl\/produkt\/kolumbijska-kokaina\/","og_locale":"pl_PL","og_type":"article","og_title":"Colombian Cocaine for Sale - Buy Colombian Cocaine Online","og_description":"You can get high purity colombian cocaine for sale here. Buy colombian cocaine online, order colombian cocaine in bulk quantity at wholesale price.","og_url":"https:\/\/narcopowders.com\/pl\/produkt\/kolumbijska-kokaina\/","og_site_name":"Narco Powders","article_modified_time":"2025-03-25T11:57:14+00:00","og_image":[{"width":600,"height":600,"url":"https:\/\/narcopowders.com\/wp-content\/uploads\/2023\/01\/colombian-cocaine.jpg","type":"image\/jpeg"}],"twitter_card":"summary_large_image","twitter_misc":{"Szacowany czas czytania":"3 minuty"},"schema":{"@context":"https:\/\/schema.org","@graph":[{"@type":"WebPage","@id":"https:\/\/narcopowders.com\/product\/colombian-cocaine\/","url":"https:\/\/narcopowders.com\/product\/colombian-cocaine\/","name":"Sprzeda\u017c kolumbijskiej kokainy - Kup kolumbijsk\u0105 kokain\u0119 online","isPartOf":{"@id":"https:\/\/narcopowders.com\/#website"},"primaryImageOfPage":{"@id":"https:\/\/narcopowders.com\/product\/colombian-cocaine\/#primaryimage"},"image":{"@id":"https:\/\/narcopowders.com\/product\/colombian-cocaine\/#primaryimage"},"thumbnailUrl":"https:\/\/narcopowders.com\/wp-content\/uploads\/2023\/01\/colombian-cocaine.jpg","datePublished":"2023-01-02T10:20:37+00:00","dateModified":"2025-03-25T11:57:14+00:00","description":"Tutaj mo\u017cesz kupi\u0107 kolumbijsk\u0105 kokain\u0119 o wysokiej czysto\u015bci. Kup kolumbijsk\u0105 kokain\u0119 online, zam\u00f3w kolumbijsk\u0105 kokain\u0119 hurtowo w cenie hurtowej.","breadcrumb":{"@id":"https:\/\/narcopowders.com\/product\/colombian-cocaine\/#breadcrumb"},"inLanguage":"pl-PL","potentialAction":[{"@type":"ReadAction","target":["https:\/\/narcopowders.com\/product\/colombian-cocaine\/"]}]},{"@type":"ImageObject","inLanguage":"pl-PL","@id":"https:\/\/narcopowders.com\/product\/colombian-cocaine\/#primaryimage","url":"https:\/\/narcopowders.com\/wp-content\/uploads\/2023\/01\/colombian-cocaine.jpg","contentUrl":"https:\/\/narcopowders.com\/wp-content\/uploads\/2023\/01\/colombian-cocaine.jpg","width":600,"height":600,"caption":"Colombian Cocaine for Sale"},{"@type":"BreadcrumbList","@id":"https:\/\/narcopowders.com\/product\/colombian-cocaine\/#breadcrumb","itemListElement":[{"@type":"ListItem","position":1,"name":"Home","item":"https:\/\/narcopowders.com\/"},{"@type":"ListItem","position":2,"name":"Shop Page","item":"https:\/\/narcopowders.com\/shop\/"},{"@type":"ListItem","position":3,"name":"Buy Colombian Cocaine Online"}]},{"@type":"WebSite","@id":"https:\/\/narcopowders.com\/#website","url":"https:\/\/narcopowders.com\/","name":"Proszki Narco","description":"M\u00f3j blog WordPress","potentialAction":[{"@type":"SearchAction","target":{"@type":"EntryPoint","urlTemplate":"https:\/\/narcopowders.com\/?s={search_term_string}"},"query-input":{"@type":"PropertyValueSpecification","valueRequired":true,"valueName":"search_term_string"}}],"inLanguage":"pl-PL"}]}},"_links":{"self":[{"href":"https:\/\/narcopowders.com\/pl\/wp-json\/wp\/v2\/product\/19145","targetHints":{"allow":["GET"]}}],"collection":[{"href":"https:\/\/narcopowders.com\/pl\/wp-json\/wp\/v2\/product"}],"about":[{"href":"https:\/\/narcopowders.com\/pl\/wp-json\/wp\/v2\/types\/product"}],"replies":[{"embeddable":true,"href":"https:\/\/narcopowders.com\/pl\/wp-json\/wp\/v2\/comments?post=19145"}],"wp:featuredmedia":[{"embeddable":true,"href":"https:\/\/narcopowders.com\/pl\/wp-json\/wp\/v2\/media\/19165"}],"wp:attachment":[{"href":"https:\/\/narcopowders.com\/pl\/wp-json\/wp\/v2\/media?parent=19145"}],"wp:term":[{"taxonomy":"product_brand","embeddable":true,"href":"https:\/\/narcopowders.com\/pl\/wp-json\/wp\/v2\/product_brand?post=19145"},{"taxonomy":"product_cat","embeddable":true,"href":"https:\/\/narcopowders.com\/pl\/wp-json\/wp\/v2\/product_cat?post=19145"},{"taxonomy":"product_tag","embeddable":true,"href":"https:\/\/narcopowders.com\/pl\/wp-json\/wp\/v2\/product_tag?post=19145"}],"curies":[{"name":"wp","href":"https:\/\/api.w.org\/{rel}","templated":true}]}}