{"id":19217,"date":"2023-01-03T09:19:42","date_gmt":"2023-01-03T09:19:42","guid":{"rendered":"https:\/\/narcopowders.com\/?post_type=product&#038;p=19217"},"modified":"2025-03-25T12:27:06","modified_gmt":"2025-03-25T12:27:06","slug":"afghan-heroin","status":"publish","type":"product","link":"https:\/\/narcopowders.com\/pl\/produkt\/afganska-heroina\/","title":{"rendered":"heroina afga\u0144ska"},"content":{"rendered":"<h2 style=\"text-align: justify;\">Kup afga\u0144sk\u0105 heroin\u0119 online<\/h2>\n<p style=\"text-align: justify;\">Harvesting <a href=\"https:\/\/en.wikipedia.org\/wiki\/Heroin\">Afghan heroin<\/a> Zbieranie afga\u0144skiej heroiny z p\u00f3l makowych jest nielegalne w wielu krajach, ale to nie powstrzymuje ludzi przed zdobywaniem tego narkotyku. W rzeczywisto\u015bci heroina afga\u0144ska jest jednym z najpopularniejszych rodzaj\u00f3w heroiny na rynku, cz\u0119\u015bciowo dzi\u0119ki swoim intensywnym efektom euforycznym. Je\u015bli szukasz najlepszego <a href=\"https:\/\/narcopowders.com\/pl\/produkt\/afganska-heroina\/\"><strong>Sprzeda\u017c heroiny afga\u0144skiej przez Internet<\/strong><\/a>, then look no further than <a href=\"https:\/\/narcopowders.com\/pl\/\">Proszki Narco<\/a>.<\/p>\n<h3 style=\"text-align: justify;\">Jak powstaje afga\u0144ska heroina?<\/h3>\n<p style=\"text-align: justify;\">Afga\u0144ska heroina to rodzaj opioidu wytwarzanego z opium. Opium pochodzi z maku i jest <a href=\"https:\/\/www.google.com\/search?q=Buy+Afghan+Heroin+Online&amp;sca_esv=7d1b82273738a5db&amp;sxsrf=AHTn8zoNL9SAp7Ses5ieQ5J3StmSQ-ZOZA%3A1742904303459&amp;ei=75viZ4PlG4iZseMPpM2fyAk&amp;ved=0ahUKEwjDmIq_mKWMAxWITGwGHaTmB5kQ4dUDCA8&amp;uact=5&amp;oq=Buy+Afghan+Heroin+Online&amp;gs_lp=Egxnd3Mtd2l6LXNlcnAiGEJ1eSBBZmdoYW4gSGVyb2luIE9ubGluZUiRCFCqAViqAXABeACQAQCYAd0BoAHdAaoBAzItMbgBA8gBAPgBAfgBApgCAaACJ6gCEcICBxAjGCcY6gLCAhQQABiABBiRAhi0AhiKBRjqAtgBAcICFBAAGIAEGOMEGLQCGOkEGOoC2AEBwgIQEAAYAxi0AhjqAhiPAdgBAcICEBAuGAMYtAIY6gIYjwHYAQGYAyfxBXk66vEMk5S9ugYGCAEQARgBkgcBMaAHVLIHALgHAA&amp;sclient=gws-wiz-serp\">natural source of morphine and codeine<\/a>Afga\u0144ska heroina to rodzaj opioidu wytwarzany z opium. Opium pochodzi z maku i jest naturalnym \u017ar\u00f3d\u0142em morfiny i kodeiny. Proces przekszta\u0142cania opium w afga\u0144sk\u0105 heroin\u0119 obejmuje kilka etap\u00f3w, w tym gotowanie opium, a\u017c stanie si\u0119 lepk\u0105 czarn\u0105 smo\u0142\u0105, a nast\u0119pnie filtrowanie go przez gaz\u0119 w celu usuni\u0119cia zanieczyszcze\u0144. Ta czarna smo\u0142a jest nast\u0119pnie suszona i kruszona na proszek, zanim zostanie uformowana w ceg\u0142y lub pigu\u0142ki.<\/p>\n<p style=\"text-align: justify;\">Istnieje kilka r\u00f3\u017cnych form heroiny afga\u0144skiej, z kt\u00f3rych ka\u017cda ma swoje unikalne w\u0142a\u015bciwo\u015bci i zastosowania. <a href=\"https:\/\/duckduckgo.com\/?q=Buy+Afghan+Heroin+Online&amp;t=h_&amp;ia=web\">Bia\u0142a heroina (znana r\u00f3wnie\u017c jako \u201esurowe opium\u201d)<\/a> Istnieje kilka r\u00f3\u017cnych postaci afga\u0144skiej heroiny, z kt\u00f3rych ka\u017cda ma swoje unikalne w\u0142a\u015bciwo\u015bci i zastosowania. Bia\u0142a heroina (znana r\u00f3wnie\u017c jako \u201esurowe opium\u201d) jest najbardziej rozpowszechnionym rodzajem heroiny i zazwyczaj ma ni\u017csz\u0105 jako\u015b\u0107 ni\u017c inne rodzaje afga\u0144skiej heroiny. Br\u0105zowa heroina (wytwarzana z cz\u0119\u015bciowo wysuszonej czarnej smo\u0142y) ma silniejsze dzia\u0142anie i jest bardziej popularna w\u015br\u00f3d u\u017cytkownik\u00f3w ze wzgl\u0119du na swoj\u0105 moc. Ciemnobr\u0105zowa heroina (wytwarzana z ca\u0142kowicie wysuszonej czarnej smo\u0142y) ma najsilniejsze dzia\u0142anie ze wszystkich, ale ma r\u00f3wnie\u017c najwi\u0119kszy potencja\u0142 do nadu\u017cy\u0107, poniewa\u017c trudniej jest kontrolowa\u0107 poziomy dawek.<\/p>\n<h3 style=\"text-align: justify;\">Korzy\u015bci z afga\u0144skiej heroiny<\/h3>\n<p style=\"text-align: justify;\">Je\u015bli szukasz pot\u0119\u017cnego i euforycznego haju,\u00a0<a href=\"https:\/\/www.google.com\/search?q=Buy+Afghan+Heroin+Online&amp;sca_esv=7d1b82273738a5db&amp;sxsrf=AHTn8zoNL9SAp7Ses5ieQ5J3StmSQ-ZOZA%3A1742904303459&amp;ei=75viZ4PlG4iZseMPpM2fyAk&amp;ved=0ahUKEwjDmIq_mKWMAxWITGwGHaTmB5kQ4dUDCA8&amp;uact=5&amp;oq=Buy+Afghan+Heroin+Online&amp;gs_lp=Egxnd3Mtd2l6LXNlcnAiGEJ1eSBBZmdoYW4gSGVyb2luIE9ubGluZUiRCFCqAViqAXABeACQAQCYAd0BoAHdAaoBAzItMbgBA8gBAPgBAfgBApgCAaACJ6gCEcICBxAjGCcY6gLCAhQQABiABBiRAhi0AhiKBRjqAtgBAcICFBAAGIAEGOMEGLQCGOkEGOoC2AEBwgIQEAAYAxi0AhjqAhiPAdgBAcICEBAuGAMYtAIY6gIYjwHYAQGYAyfxBXk66vEMk5S9ugYGCAEQARgBkgcBMaAHVLIHALgHAA&amp;sclient=gws-wiz-serp\"><strong>Afga\u0144ska heroina online<\/strong><\/a>\u00a0to tw\u00f3j najlepszy zak\u0142ad. Ten rodzaj heroiny nale\u017cy do najczystszych i najsilniejszych dost\u0119pnych odmian i cz\u0119sto jest poszukiwany ze wzgl\u0119du na intensywne dzia\u0142anie. W rezultacie afga\u0144ska heroina jest stosowana w leczeniu przewlek\u0142ego b\u00f3lu i uzale\u017cnienia od opioid\u00f3w \u2013 schorze\u0144, kt\u00f3re s\u0105 zbyt powszechne w dzisiejszym spo\u0142ecze\u0144stwie.<\/p>\n<h3 style=\"text-align: justify;\">Skutki uboczne afga\u0144skiej heroiny<\/h3>\n<p style=\"text-align: justify;\"><a href=\"https:\/\/www.bing.com\/search?q=Buy%20Afghan%20Heroin%20Online&amp;qs=n&amp;form=QBRE&amp;sp=-1&amp;lq=0&amp;pq=buy%20afghan%20heroin%20online&amp;sc=0-24&amp;sk=&amp;cvid=6B58336F96224C11B4CFC291185C5A1E&amp;ghsh=0&amp;ghacc=0&amp;ghpl=\">Afghan heroin is a type of opioid<\/a> Afga\u0144ska heroina jest rodzajem opioidu, kt\u00f3ry pochodzi z maku lekarskiego, wi\u0119c ma r\u00f3wnie\u017c pewne skutki uboczne. Kr\u00f3tkoterminowe skutki uboczne zwi\u0105zane z u\u017cywaniem afga\u0144skiej heroiny mog\u0105 obejmowa\u0107 przyspieszenie akcji serca, podwy\u017cszone ci\u015bnienie krwi i uczucie euforii (haju, kt\u00f3ry pochodzi z u\u017cywania heroiny). D\u0142ugoterminowe problemy zdrowotne zwi\u0105zane z u\u017cywaniem afga\u0144skiej heroiny mog\u0105 obejmowa\u0107 uzale\u017cnienie, przewlek\u0142e zapalenie w\u0105troby typu C (potencjalnie \u015bmierteln\u0105 chorob\u0119 w\u0105troby), problemy ze zdrowiem psychicznym, takie jak l\u0119k i depresja oraz \u015bmier\u0107 z powodu przedawkowania.<\/p>\n<h3 style=\"text-align: justify;\">Gdzie kupi\u0107 afga\u0144sk\u0105 heroin\u0119 online?<\/h3>\n<p style=\"text-align: justify;\">szukasz\u00a0<a href=\"https:\/\/duckduckgo.com\/?q=Buy+Afghan+Heroin+Online&amp;t=h_&amp;ia=web\"><strong>zam\u00f3w afga\u0144sk\u0105 heroin\u0119 online<\/strong><\/a> to jest bezpieczne i dyskretne? Kupi\u0107 w Narco Powders. Posiadamy wieloletnie do\u015bwiadczenie w bran\u017cy i oferujemy szerok\u0105 gam\u0119 wysokiej jako\u015bci produkt\u00f3w. Mo\u017cesz wybiera\u0107 spo\u015br\u00f3d wielu czystych, organicznych i testowanych laboratoryjnie produkt\u00f3w, aby znale\u017a\u0107 odpowiedni\u0105 dawk\u0119 dla siebie. Dost\u0119pnych jest wiele wygodnych opcji p\u0142atno\u015bci, takich jak karty kredytowe, PayPal i Western Union, kt\u00f3re u\u0142atwiaj\u0105 zakupy\u00a0<a href=\"https:\/\/www.bing.com\/search?q=Buy%20Afghan%20Heroin%20Online&amp;qs=n&amp;form=QBRE&amp;sp=-1&amp;lq=0&amp;pq=buy%20afghan%20heroin%20online&amp;sc=0-24&amp;sk=&amp;cvid=6B58336F96224C11B4CFC291185C5A1E&amp;ghsh=0&amp;ghacc=0&amp;ghpl=\"><strong>Sprzeda\u017c hurtowa afga\u0144skiej heroiny online<\/strong><\/a>\u00a0\u0142atwe i wygodne dla ka\u017cdego. Wi\u0119c z\u0142\u00f3\u017c zam\u00f3wienie na najlepsz\u0105 afga\u0144sk\u0105 heroin\u0119 ju\u017c dzi\u015b!<\/p>","protected":false},"excerpt":{"rendered":"<p>Kup afga\u0144sk\u0105 heroin\u0119 online Zbieranie afga\u0144skiej heroiny z p\u00f3l makowych jest nielegalne w wielu krajach, ale nie powstrzymuje to ludzi przed zdobywaniem tego narkotyku. W rzeczywisto\u015bci afga\u0144ska heroina jest jednym z najpopularniejszych rodzaj\u00f3w heroiny na rynku, cz\u0119\u015bciowo dzi\u0119ki jej intensywnym efektom euforycznym. Je\u015bli szukasz najlepszej afga\u0144skiej [...]<\/p>","protected":false},"featured_media":19243,"comment_status":"open","ping_status":"closed","template":"","meta":{"_joinchat":[]},"product_brand":[],"product_cat":[1168],"product_tag":[],"class_list":{"0":"post-19217","1":"product","2":"type-product","3":"status-publish","4":"has-post-thumbnail","6":"product_cat-buy-heroin-online","8":"first","9":"instock","10":"shipping-taxable","11":"purchasable","12":"product-type-variable","13":"has-default-attributes","14":"add-to-wishlist-after_add_to_cart"},"yoast_head":"<!-- This site is optimized with the Yoast SEO plugin v25.9 - https:\/\/yoast.com\/wordpress\/plugins\/seo\/ -->\n<title>Buy Afghan Heroin Online - Afghan Heroin for Sale | NarcoPowders<\/title>\n<meta name=\"description\" content=\"Looking to buy afghan heroin online? Order afghan heroin powder for sale at an affordable prices. Get the highest-purity powder for you.\" \/>\n<meta name=\"robots\" content=\"index, follow, max-snippet:-1, max-image-preview:large, max-video-preview:-1\" \/>\n<link rel=\"canonical\" href=\"https:\/\/narcopowders.com\/pl\/produkt\/afganska-heroina\/\" \/>\n<meta property=\"og:locale\" content=\"pl_PL\" \/>\n<meta property=\"og:type\" content=\"article\" \/>\n<meta property=\"og:title\" content=\"Buy Afghan Heroin Online - Afghan Heroin for Sale | NarcoPowders\" \/>\n<meta property=\"og:description\" content=\"Looking to buy afghan heroin online? Order afghan heroin powder for sale at an affordable prices. Get the highest-purity powder for you.\" \/>\n<meta property=\"og:url\" content=\"https:\/\/narcopowders.com\/pl\/produkt\/afganska-heroina\/\" \/>\n<meta property=\"og:site_name\" content=\"Narco Powders\" \/>\n<meta property=\"article:modified_time\" content=\"2025-03-25T12:27:06+00:00\" \/>\n<meta property=\"og:image\" content=\"https:\/\/narcopowders.com\/wp-content\/uploads\/2023\/01\/afghan-heroin.jpg\" \/>\n\t<meta property=\"og:image:width\" content=\"600\" \/>\n\t<meta property=\"og:image:height\" content=\"600\" \/>\n\t<meta property=\"og:image:type\" content=\"image\/jpeg\" \/>\n<meta name=\"twitter:card\" content=\"summary_large_image\" \/>\n<meta name=\"twitter:label1\" content=\"Szacowany czas czytania\" \/>\n\t<meta name=\"twitter:data1\" content=\"3 minuty\" \/>\n<!-- \/ Yoast SEO plugin. -->","yoast_head_json":{"title":"Kup afga\u0144sk\u0105 heroin\u0119 online - sprzeda\u017c afga\u0144skiej heroiny | NarcoProszki","description":"Chcesz kupi\u0107 afga\u0144sk\u0105 heroin\u0119 przez Internet? Zam\u00f3w afga\u0144sk\u0105 heroin\u0119 w proszku na sprzeda\u017c w przyst\u0119pnych cenach. Zdob\u0105d\u017a dla siebie proszek o najwy\u017cszej czysto\u015bci.","robots":{"index":"index","follow":"follow","max-snippet":"max-snippet:-1","max-image-preview":"max-image-preview:large","max-video-preview":"max-video-preview:-1"},"canonical":"https:\/\/narcopowders.com\/pl\/produkt\/afganska-heroina\/","og_locale":"pl_PL","og_type":"article","og_title":"Buy Afghan Heroin Online - Afghan Heroin for Sale | NarcoPowders","og_description":"Looking to buy afghan heroin online? Order afghan heroin powder for sale at an affordable prices. Get the highest-purity powder for you.","og_url":"https:\/\/narcopowders.com\/pl\/produkt\/afganska-heroina\/","og_site_name":"Narco Powders","article_modified_time":"2025-03-25T12:27:06+00:00","og_image":[{"width":600,"height":600,"url":"https:\/\/narcopowders.com\/wp-content\/uploads\/2023\/01\/afghan-heroin.jpg","type":"image\/jpeg"}],"twitter_card":"summary_large_image","twitter_misc":{"Szacowany czas czytania":"3 minuty"},"schema":{"@context":"https:\/\/schema.org","@graph":[{"@type":"WebPage","@id":"https:\/\/narcopowders.com\/product\/afghan-heroin\/","url":"https:\/\/narcopowders.com\/product\/afghan-heroin\/","name":"Kup afga\u0144sk\u0105 heroin\u0119 online - sprzeda\u017c afga\u0144skiej heroiny | NarcoProszki","isPartOf":{"@id":"https:\/\/narcopowders.com\/#website"},"primaryImageOfPage":{"@id":"https:\/\/narcopowders.com\/product\/afghan-heroin\/#primaryimage"},"image":{"@id":"https:\/\/narcopowders.com\/product\/afghan-heroin\/#primaryimage"},"thumbnailUrl":"https:\/\/narcopowders.com\/wp-content\/uploads\/2023\/01\/afghan-heroin.jpg","datePublished":"2023-01-03T09:19:42+00:00","dateModified":"2025-03-25T12:27:06+00:00","description":"Chcesz kupi\u0107 afga\u0144sk\u0105 heroin\u0119 przez Internet? Zam\u00f3w afga\u0144sk\u0105 heroin\u0119 w proszku na sprzeda\u017c w przyst\u0119pnych cenach. Zdob\u0105d\u017a dla siebie proszek o najwy\u017cszej czysto\u015bci.","breadcrumb":{"@id":"https:\/\/narcopowders.com\/product\/afghan-heroin\/#breadcrumb"},"inLanguage":"pl-PL","potentialAction":[{"@type":"ReadAction","target":["https:\/\/narcopowders.com\/product\/afghan-heroin\/"]}]},{"@type":"ImageObject","inLanguage":"pl-PL","@id":"https:\/\/narcopowders.com\/product\/afghan-heroin\/#primaryimage","url":"https:\/\/narcopowders.com\/wp-content\/uploads\/2023\/01\/afghan-heroin.jpg","contentUrl":"https:\/\/narcopowders.com\/wp-content\/uploads\/2023\/01\/afghan-heroin.jpg","width":600,"height":600,"caption":"Buy Afghan Heroin Online"},{"@type":"BreadcrumbList","@id":"https:\/\/narcopowders.com\/product\/afghan-heroin\/#breadcrumb","itemListElement":[{"@type":"ListItem","position":1,"name":"Home","item":"https:\/\/narcopowders.com\/"},{"@type":"ListItem","position":2,"name":"Shop Page","item":"https:\/\/narcopowders.com\/shop\/"},{"@type":"ListItem","position":3,"name":"Afghan Heroin"}]},{"@type":"WebSite","@id":"https:\/\/narcopowders.com\/#website","url":"https:\/\/narcopowders.com\/","name":"Proszki Narco","description":"M\u00f3j blog WordPress","potentialAction":[{"@type":"SearchAction","target":{"@type":"EntryPoint","urlTemplate":"https:\/\/narcopowders.com\/?s={search_term_string}"},"query-input":{"@type":"PropertyValueSpecification","valueRequired":true,"valueName":"search_term_string"}}],"inLanguage":"pl-PL"}]}},"_links":{"self":[{"href":"https:\/\/narcopowders.com\/pl\/wp-json\/wp\/v2\/product\/19217","targetHints":{"allow":["GET"]}}],"collection":[{"href":"https:\/\/narcopowders.com\/pl\/wp-json\/wp\/v2\/product"}],"about":[{"href":"https:\/\/narcopowders.com\/pl\/wp-json\/wp\/v2\/types\/product"}],"replies":[{"embeddable":true,"href":"https:\/\/narcopowders.com\/pl\/wp-json\/wp\/v2\/comments?post=19217"}],"wp:featuredmedia":[{"embeddable":true,"href":"https:\/\/narcopowders.com\/pl\/wp-json\/wp\/v2\/media\/19243"}],"wp:attachment":[{"href":"https:\/\/narcopowders.com\/pl\/wp-json\/wp\/v2\/media?parent=19217"}],"wp:term":[{"taxonomy":"product_brand","embeddable":true,"href":"https:\/\/narcopowders.com\/pl\/wp-json\/wp\/v2\/product_brand?post=19217"},{"taxonomy":"product_cat","embeddable":true,"href":"https:\/\/narcopowders.com\/pl\/wp-json\/wp\/v2\/product_cat?post=19217"},{"taxonomy":"product_tag","embeddable":true,"href":"https:\/\/narcopowders.com\/pl\/wp-json\/wp\/v2\/product_tag?post=19217"}],"curies":[{"name":"wp","href":"https:\/\/api.w.org\/{rel}","templated":true}]}}