{"id":19219,"date":"2023-01-03T09:18:43","date_gmt":"2023-01-03T09:18:43","guid":{"rendered":"https:\/\/narcopowders.com\/?post_type=product&#038;p=19219"},"modified":"2025-03-25T12:37:48","modified_gmt":"2025-03-25T12:37:48","slug":"uncut-heroin","status":"publish","type":"product","link":"https:\/\/narcopowders.com\/pl\/produkt\/nieoszlifowana-heroina\/","title":{"rendered":"Nieoszlifowana heroina"},"content":{"rendered":"<h2 style=\"text-align: justify;\">Kup nieoszlifowan\u0105 heroin\u0119 online<\/h2>\n<p style=\"text-align: justify;\"><a href=\"https:\/\/en.wikipedia.org\/wiki\/Heroin\">Uncut heroin<\/a> Nieoszlifowan\u0105 heroin\u0119 mo\u017cna kupi\u0107 online od niekt\u00f3rych sprzedawc\u00f3w, ale wi\u0105\u017ce si\u0119 to z w\u0142asnym ryzykiem. Je\u015bli wi\u0119c zastanawiasz si\u0119, gdzie kupi\u0107 online nieoszlifowan\u0105 heroin\u0119, kt\u00f3ra jest autentyczna i bezpieczna,\u00a0Narco Powders to sklep, do kt\u00f3rego si\u0119 udasz. <a href=\"https:\/\/narcopowders.com\/pl\/produkt\/nieoszlifowana-heroina\/\">buy uncut heroin online<\/a> kt\u00f3ry jest autentyczny i bezpieczny,\u00a0<a href=\"https:\/\/narcopowders.com\/pl\/\">Proszki Narco<\/a> is your go-to store.<\/p>\n<h3 style=\"text-align: justify;\">Jak powstaje nieoszlifowana heroina?<\/h3>\n<p style=\"text-align: justify;\">Nieoczyszczon\u0105 heroin\u0119 uzyskuje si\u0119 z suszonych str\u0105k\u00f3w maku lekarskiego. <a href=\"https:\/\/www.google.com\/search?q=Buy+Uncut+Heroin+Online&amp;sca_esv=7d1b82273738a5db&amp;sxsrf=AHTn8zqSop3OM4vkMObcHMIO6R9xb_KCdw%3A1742905711939&amp;ei=b6HiZ_v3OKmeseMP__7noQ0&amp;ved=0ahUKEwi769jenaWMAxUpT2wGHX__OdQQ4dUDCA8&amp;uact=5&amp;oq=Buy+Uncut+Heroin+Online&amp;gs_lp=Egxnd3Mtd2l6LXNlcnAiF0J1eSBVbmN1dCBIZXJvaW4gT25saW5lSLkNUIUCWIUCcAF4AJABAJgB2QGgAdkBqgEDMi0xuAEDyAEA-AEB-AECmAIBoAJbqAIQwgIHECMYJxjqAsICFxAAGIAEGJECGLQCGMcDGIoFGOoC2AEBwgIQEAAYAxi0AhjqAhiPAdgBAZgDW_EFrG91rDpW1GO6BgYIARABGAGSBwExoAdTsgcAuAcA&amp;sclient=gws-wiz-serp\">Zbiera si\u0119 go i przetwarza na bia\u0142\u0105<\/a>Nieoszlifowana heroina jest wytwarzana z suszonych str\u0105k\u00f3w maku lekarskiego. Jest zbierany i przetwarzany na bia\u0142\u0105, sproszkowan\u0105 substancj\u0119. Zawiera wysokie poziomy silnych opioid\u00f3w i innych lek\u00f3w, w tym morfiny i kodeiny. Produkt ko\u0144cowy to rodzaj opium, kt\u00f3re jest nierafinowane i wolne od dodatkowych dodatk\u00f3w i \u015brodk\u00f3w przetwarzaj\u0105cych. Si\u0142a dzia\u0142ania leku zmienia si\u0119 w zale\u017cno\u015bci od ilo\u015bci wilgoci i obecnych alkaloid\u00f3w.<\/p>\n<h3 style=\"text-align: justify;\">Korzy\u015bci z nieoszlifowanej heroiny<\/h3>\n<p style=\"text-align: justify;\">Je\u015bli szukasz haju, kt\u00f3ry jest lepszy ni\u017c reszta, nieoszlifowana heroina powinna by\u0107 twoim wyborem. Nieoszlifowana heroina ma wy\u017csz\u0105 moc i czysto\u015b\u0107 ni\u017c inne rodzaje heroiny, co skutkuje lepszymi odlotami i lepszymi wynikami d\u0142ugoterminowymi. Co wi\u0119cej, mo\u017cna go dostosowa\u0107 do potrzeb u\u017cytkownika, tworz\u0105c koktajle, kt\u00f3re zapewniaj\u0105 wi\u0119ksz\u0105 kontrol\u0119 nad dawkowaniem i jako\u015bci\u0105 leku.<\/p>\n<p style=\"text-align: justify;\"><a href=\"https:\/\/www.bing.com\/search?q=Buy%20Uncut%20Heroin%20Online&amp;qs=n&amp;form=QBRE&amp;sp=-1&amp;lq=0&amp;pq=buy%20uncut%20heroin%20online&amp;sc=0-23&amp;sk=&amp;cvid=C47FB2A3D0B84EA8801EC7F34ACFAE77&amp;ghsh=0&amp;ghacc=0&amp;ghpl=\"><strong>Do sprzedania nieoszlifowana heroina<\/strong><\/a> online jest r\u00f3wnie\u017c bezpieczniejsze w kontrolowanym \u015brodowisku. Ze wzgl\u0119du na wi\u0119ksz\u0105 moc istnieje mniejsze ryzyko przedawkowania. Ponadto nieoszlifowana heroina zapewnia mniej skutk\u00f3w ubocznych i mniejsze ryzyko uzale\u017cnienia ni\u017c inne formy heroiny. W rzeczywisto\u015bci u\u017cytkownicy stwierdzili nawet, \u017ce \u0142atwiej jest znale\u017a\u0107 czysty i silny\u00a0<strong><a href=\"https:\/\/www.google.com\/search?q=Buy+Uncut+Heroin+Online&amp;sca_esv=7d1b82273738a5db&amp;sxsrf=AHTn8zqSop3OM4vkMObcHMIO6R9xb_KCdw%3A1742905711939&amp;ei=b6HiZ_v3OKmeseMP__7noQ0&amp;ved=0ahUKEwi769jenaWMAxUpT2wGHX__OdQQ4dUDCA8&amp;uact=5&amp;oq=Buy+Uncut+Heroin+Online&amp;gs_lp=Egxnd3Mtd2l6LXNlcnAiF0J1eSBVbmN1dCBIZXJvaW4gT25saW5lSLkNUIUCWIUCcAF4AJABAJgB2QGgAdkBqgEDMi0xuAEDyAEA-AEB-AECmAIBoAJbqAIQwgIHECMYJxjqAsICFxAAGIAEGJECGLQCGMcDGIoFGOoC2AEBwgIQEAAYAxi0AhjqAhiPAdgBAZgDW_EFrG91rDpW1GO6BgYIARABGAGSBwExoAdTsgcAuAcA&amp;sclient=gws-wiz-serp\">nieoszlifowana heroina online<\/a>\u00a0<\/strong>w Narco Powders.<\/p>\n<h3 style=\"text-align: justify;\">Skutki uboczne nieoszlifowanej heroiny<\/h3>\n<p style=\"text-align: justify;\">Zagro\u017cenia dla zdrowia zwi\u0105zane z za\u017cywaniem nieoczyszczonej heroiny obejmuj\u0105 zwi\u0119kszone ryzyko uzale\u017cnienia i przedawkowania, a tak\u017ce wy\u017csze ryzyko zaka\u017cenia wirusem HIV i innymi zaka\u017ceniami. <a href=\"https:\/\/duckduckgo.com\/?q=Buy+Uncut+Heroin+Online&amp;t=h_&amp;ia=web\">Uncut heroin<\/a> Mo\u017ce r\u00f3wnie\u017c powodowa\u0107 skutki fizyczne, takie jak nudno\u015bci, wymioty, przyspieszenie akcji serca i zwi\u0119kszone ryzyko przedawkowania. W niekt\u00f3rych przypadkach mo\u017ce r\u00f3wnie\u017c prowadzi\u0107 do \u015bmierci.<\/p>\n<h3 style=\"text-align: justify;\">Gdzie kupi\u0107 nieoszlifowan\u0105 heroin\u0119 online?<\/h3>\n<p style=\"text-align: justify;\">podczas badania\u00a0<a href=\"https:\/\/www.bing.com\/search?q=Buy%20Uncut%20Heroin%20Online&amp;qs=n&amp;form=QBRE&amp;sp=-1&amp;lq=0&amp;pq=buy%20uncut%20heroin%20online&amp;sc=0-23&amp;sk=&amp;cvid=C47FB2A3D0B84EA8801EC7F34ACFAE77&amp;ghsh=0&amp;ghacc=0&amp;ghpl=\"><strong>nieoszlifowana heroina luzem online<\/strong><\/a>, poszukaj \u017ar\u00f3de\u0142 takich jak Narco Powders, kt\u00f3re zosta\u0142y zweryfikowane przez zewn\u0119trzne \u017ar\u00f3d\u0142a jako produkty wysokiej jako\u015bci. Rozwa\u017caj\u0105c ceny nieci\u0119tej heroiny online, nale\u017cy pami\u0119ta\u0107, \u017ce ceny mog\u0105 si\u0119 znacznie r\u00f3\u017cni\u0107 w zale\u017cno\u015bci od lokalizacji (np. p\u0142atno\u015b\u0107 (karty kredytowe maj\u0105 zwykle wy\u017csze stawki ni\u017c PayPal) itp. Wa\u017cne jest, aby nie zag\u0142\u0119bia\u0107 si\u0119 zbytnio w szczeg\u00f3\u0142y dotycz\u0105ce cen, poniewa\u017c ostatecznie to, co kupujesz, prawdopodobnie i tak b\u0119dzie zawiera\u0142o inne substancje, niezale\u017cnie od \u017ar\u00f3d\u0142a, wi\u0119c p\u0142acenie uwaga g\u0142\u00f3wnie zapewnia utrzymanie poziom\u00f3w czysto\u015bci i \u015bwie\u017co\u015bci przez ca\u0142y proces transportu i zakupu, a nie tylko na etapie produktu ko\u0144cowego.<\/p>\n<h3 style=\"text-align: justify;\">Kup nieoszlifowan\u0105 heroin\u0119 online w Narco Powders<\/h3>\n<p style=\"text-align: justify;\">Nale\u017cy pami\u0119ta\u0107, \u017ce u\u017cywanie nieci\u0119tej heroiny mo\u017ce mie\u0107 powa\u017cne konsekwencje, je\u015bli nie jest stosowane prawid\u0142owo lub odpowiedzialnie. Wi\u0119c musisz tylko <a href=\"https:\/\/duckduckgo.com\/?q=Buy+Uncut+Heroin+Online&amp;t=h_&amp;ia=web\"><strong>zam\u00f3w nieoszlifowan\u0105 heroin\u0119 online<\/strong><\/a> z renomowanych aptek, takich jak Narco Powders. Sprzedajemy hurtowo tylko autentyczn\u0105, nieoszlifowan\u0105 heroin\u0119 w najlepszej cenie.<\/p>","protected":false},"excerpt":{"rendered":"<p>Buy Uncut Heroin Online Uncut heroin can be bought online from certain vendors, but this comes with its own risks. So, if you have been wondering where to buy uncut heroin online that is authentic and safe,\u00a0Narco Powders is your go-to store. How Is Uncut Heroin Made? Uncut heroin is made from the dried pods [&hellip;]<\/p>","protected":false},"featured_media":19241,"comment_status":"open","ping_status":"closed","template":"","meta":{"_joinchat":[]},"product_brand":[],"product_cat":[1168],"product_tag":[],"class_list":{"0":"post-19219","1":"product","2":"type-product","3":"status-publish","4":"has-post-thumbnail","6":"product_cat-buy-heroin-online","8":"first","9":"instock","10":"shipping-taxable","11":"purchasable","12":"product-type-variable","13":"add-to-wishlist-after_add_to_cart"},"yoast_head":"<!-- This site is optimized with the Yoast SEO plugin v25.9 - https:\/\/yoast.com\/wordpress\/plugins\/seo\/ -->\n<title>Buy Uncut Heroin Online - High Purity Uncut Heroin for Sale<\/title>\n<meta name=\"description\" content=\"if you are looking to buy uncut heroin online at best price, we are a reliable source where you can get high purity uncut heroin for sale. Order Now!\" \/>\n<meta name=\"robots\" content=\"index, follow, max-snippet:-1, max-image-preview:large, max-video-preview:-1\" \/>\n<link rel=\"canonical\" href=\"https:\/\/narcopowders.com\/pl\/produkt\/nieoszlifowana-heroina\/\" \/>\n<meta property=\"og:locale\" content=\"pl_PL\" \/>\n<meta property=\"og:type\" content=\"article\" \/>\n<meta property=\"og:title\" content=\"Buy Uncut Heroin Online - High Purity Uncut Heroin for Sale\" \/>\n<meta property=\"og:description\" content=\"if you are looking to buy uncut heroin online at best price, we are a reliable source where you can get high purity uncut heroin for sale. Order Now!\" \/>\n<meta property=\"og:url\" content=\"https:\/\/narcopowders.com\/pl\/produkt\/nieoszlifowana-heroina\/\" \/>\n<meta property=\"og:site_name\" content=\"Narco Powders\" \/>\n<meta property=\"article:modified_time\" content=\"2025-03-25T12:37:48+00:00\" \/>\n<meta property=\"og:image\" content=\"https:\/\/narcopowders.com\/wp-content\/uploads\/2023\/01\/uncut-heroin.jpg\" \/>\n\t<meta property=\"og:image:width\" content=\"600\" \/>\n\t<meta property=\"og:image:height\" content=\"600\" \/>\n\t<meta property=\"og:image:type\" content=\"image\/jpeg\" \/>\n<meta name=\"twitter:card\" content=\"summary_large_image\" \/>\n<meta name=\"twitter:label1\" content=\"Szacowany czas czytania\" \/>\n\t<meta name=\"twitter:data1\" content=\"3 minuty\" \/>\n<!-- \/ Yoast SEO plugin. -->","yoast_head_json":{"title":"Kup nieoszlifowan\u0105 heroin\u0119 online - na sprzeda\u017c nieoszlifowana heroina o wysokiej czysto\u015bci","description":"je\u015bli chcesz kupi\u0107 nieoszlifowan\u0105 heroin\u0119 online w najlepszej cenie, jeste\u015bmy wiarygodnym \u017ar\u00f3d\u0142em, w kt\u00f3rym mo\u017cesz kupi\u0107 na sprzeda\u017c nieoszlifowan\u0105 heroin\u0119 o wysokiej czysto\u015bci. Zam\u00f3w teraz!","robots":{"index":"index","follow":"follow","max-snippet":"max-snippet:-1","max-image-preview":"max-image-preview:large","max-video-preview":"max-video-preview:-1"},"canonical":"https:\/\/narcopowders.com\/pl\/produkt\/nieoszlifowana-heroina\/","og_locale":"pl_PL","og_type":"article","og_title":"Buy Uncut Heroin Online - High Purity Uncut Heroin for Sale","og_description":"if you are looking to buy uncut heroin online at best price, we are a reliable source where you can get high purity uncut heroin for sale. Order Now!","og_url":"https:\/\/narcopowders.com\/pl\/produkt\/nieoszlifowana-heroina\/","og_site_name":"Narco Powders","article_modified_time":"2025-03-25T12:37:48+00:00","og_image":[{"width":600,"height":600,"url":"https:\/\/narcopowders.com\/wp-content\/uploads\/2023\/01\/uncut-heroin.jpg","type":"image\/jpeg"}],"twitter_card":"summary_large_image","twitter_misc":{"Szacowany czas czytania":"3 minuty"},"schema":{"@context":"https:\/\/schema.org","@graph":[{"@type":"WebPage","@id":"https:\/\/narcopowders.com\/product\/uncut-heroin\/","url":"https:\/\/narcopowders.com\/product\/uncut-heroin\/","name":"Kup nieoszlifowan\u0105 heroin\u0119 online - na sprzeda\u017c nieoszlifowana heroina o wysokiej czysto\u015bci","isPartOf":{"@id":"https:\/\/narcopowders.com\/#website"},"primaryImageOfPage":{"@id":"https:\/\/narcopowders.com\/product\/uncut-heroin\/#primaryimage"},"image":{"@id":"https:\/\/narcopowders.com\/product\/uncut-heroin\/#primaryimage"},"thumbnailUrl":"https:\/\/narcopowders.com\/wp-content\/uploads\/2023\/01\/uncut-heroin.jpg","datePublished":"2023-01-03T09:18:43+00:00","dateModified":"2025-03-25T12:37:48+00:00","description":"je\u015bli chcesz kupi\u0107 nieoszlifowan\u0105 heroin\u0119 online w najlepszej cenie, jeste\u015bmy wiarygodnym \u017ar\u00f3d\u0142em, w kt\u00f3rym mo\u017cesz kupi\u0107 na sprzeda\u017c nieoszlifowan\u0105 heroin\u0119 o wysokiej czysto\u015bci. Zam\u00f3w teraz!","breadcrumb":{"@id":"https:\/\/narcopowders.com\/product\/uncut-heroin\/#breadcrumb"},"inLanguage":"pl-PL","potentialAction":[{"@type":"ReadAction","target":["https:\/\/narcopowders.com\/product\/uncut-heroin\/"]}]},{"@type":"ImageObject","inLanguage":"pl-PL","@id":"https:\/\/narcopowders.com\/product\/uncut-heroin\/#primaryimage","url":"https:\/\/narcopowders.com\/wp-content\/uploads\/2023\/01\/uncut-heroin.jpg","contentUrl":"https:\/\/narcopowders.com\/wp-content\/uploads\/2023\/01\/uncut-heroin.jpg","width":600,"height":600,"caption":"Buy Uncut Heroin Online"},{"@type":"BreadcrumbList","@id":"https:\/\/narcopowders.com\/product\/uncut-heroin\/#breadcrumb","itemListElement":[{"@type":"ListItem","position":1,"name":"Home","item":"https:\/\/narcopowders.com\/"},{"@type":"ListItem","position":2,"name":"Shop Page","item":"https:\/\/narcopowders.com\/shop\/"},{"@type":"ListItem","position":3,"name":"Uncut Heroin"}]},{"@type":"WebSite","@id":"https:\/\/narcopowders.com\/#website","url":"https:\/\/narcopowders.com\/","name":"Proszki Narco","description":"M\u00f3j blog WordPress","potentialAction":[{"@type":"SearchAction","target":{"@type":"EntryPoint","urlTemplate":"https:\/\/narcopowders.com\/?s={search_term_string}"},"query-input":{"@type":"PropertyValueSpecification","valueRequired":true,"valueName":"search_term_string"}}],"inLanguage":"pl-PL"}]}},"_links":{"self":[{"href":"https:\/\/narcopowders.com\/pl\/wp-json\/wp\/v2\/product\/19219","targetHints":{"allow":["GET"]}}],"collection":[{"href":"https:\/\/narcopowders.com\/pl\/wp-json\/wp\/v2\/product"}],"about":[{"href":"https:\/\/narcopowders.com\/pl\/wp-json\/wp\/v2\/types\/product"}],"replies":[{"embeddable":true,"href":"https:\/\/narcopowders.com\/pl\/wp-json\/wp\/v2\/comments?post=19219"}],"wp:featuredmedia":[{"embeddable":true,"href":"https:\/\/narcopowders.com\/pl\/wp-json\/wp\/v2\/media\/19241"}],"wp:attachment":[{"href":"https:\/\/narcopowders.com\/pl\/wp-json\/wp\/v2\/media?parent=19219"}],"wp:term":[{"taxonomy":"product_brand","embeddable":true,"href":"https:\/\/narcopowders.com\/pl\/wp-json\/wp\/v2\/product_brand?post=19219"},{"taxonomy":"product_cat","embeddable":true,"href":"https:\/\/narcopowders.com\/pl\/wp-json\/wp\/v2\/product_cat?post=19219"},{"taxonomy":"product_tag","embeddable":true,"href":"https:\/\/narcopowders.com\/pl\/wp-json\/wp\/v2\/product_tag?post=19219"}],"curies":[{"name":"wp","href":"https:\/\/api.w.org\/{rel}","templated":true}]}}