{"id":19470,"date":"2023-07-29T08:57:33","date_gmt":"2023-07-29T08:57:33","guid":{"rendered":"https:\/\/narcopowders.com\/?post_type=product&#038;p=19470"},"modified":"2025-09-25T08:12:30","modified_gmt":"2025-09-25T08:12:30","slug":"buy-ketamine-liquid-500mg-10ml","status":"publish","type":"product","link":"https:\/\/narcopowders.com\/pl\/produkt\/kupic-ketamina-plyn-500mg-10ml\/","title":{"rendered":"Kup ketamin\u0119 w p\u0142ynie 500mg\/10ml"},"content":{"rendered":"<h2>Kup ketamin\u0119 w p\u0142ynie 500mg\/10ml<\/h2>\n<p><strong>Ketamina 500 mg\/10 ml | Ketamina w p\u0142ynie na sprzeda\u017c<\/strong><\/p>\n<p>We are currently a top provider of <a href=\"https:\/\/narcopowders.com\/pl\/produkt\/kupic-ketamina-plyn-500mg-10ml\/\">Calypsol Ketamine Hcl<\/a>\u00a0 use in medicine and research. Additionally, <a href=\"https:\/\/en.wikipedia.org\/wiki\/Ketamine\">We is authorised to transport legally all over the world<\/a>. Dodatkowo, je\u015bli znajdziesz si\u0119 w ryzykownej sytuacji, mo\u017ce to by\u0107 niebezpieczne. Dlatego istniej\u0105 pewne szczeg\u00f3\u0142owe informacje na temat <a href=\"https:\/\/narcopowders.com\/pl\/\">ketamine<\/a> kt\u00f3re s\u0105 wa\u017cne do poznania. Je\u015bli stale przyjmujesz witamin\u0119 K i wierzysz, \u017ce jeste\u015b ekspertem we wszystkim,<a href=\"https:\/\/en.wikipedia.org\/wiki\/Ketamine\">.<\/a><\/p>\n<h3>zam\u00f3w ketamin\u0119 500 mg\/10 ml na sprzeda\u017c<\/h3>\n<p><a href=\"https:\/\/duckduckgo.com\/?q=Buy+Ketamine+Liquid+500mg%2F10ml+online&amp;t=h_&amp;ia=web\">Ketamina<\/a> is known to be obtained through the diversion of <a href=\"https:\/\/www.bing.com\/search?q=Buy%20Ketamine%20Liquid%20500mg%2F10ml%20online&amp;qs=n&amp;form=QBRE&amp;sp=-1&amp;lq=0&amp;pq=buy%20ketamine%20liquid%20500mg%2F10ml%20online&amp;sc=0-37&amp;sk=&amp;cvid=0EC77725CE214E038A859FEA76F0E8EB&amp;ghsh=0&amp;ghacc=0&amp;ghpl=\">prescription drugs<\/a>Ketamina jest znana z tego, \u017ce mo\u017cna j\u0105 pozyska\u0107 poprzez przekierowanie lek\u00f3w na recept\u0119. W zwi\u0105zku z tym zdarza\u0142y si\u0119 przypadki kradzie\u017cy zapas\u00f3w ketaminy z gabinet\u00f3w weterynaryjnych<a href=\"https:\/\/narcopowders.com\/pl\/produkt\/kolumbijska-kokaina\/\">.<\/a><\/p>\n<p>A dose of 1 to 2 mg per kg of body weight causes strong hallucinogenic and dissociative effects that last for about an hour. Additionally, levitation, stimulation, and visual effects are <a href=\"https:\/\/www.google.com\/search?q=Buy+Ketamine+Liquid+500mg%2F10ml+online&amp;sca_esv=2a2a93e8be91f013&amp;sxsrf=AHTn8zqcEInv9wi3fiWT2jsf8SaBU4IP7w%3A1742968978536&amp;ei=kpjjZ6GrIKDtseMPmuyQoQ0&amp;ved=0ahUKEwihvMe2iaeMAxWgdmwGHRo2JNQQ4dUDCA8&amp;uact=5&amp;oq=Buy+Ketamine+Liquid+500mg%2F10ml+online&amp;gs_lp=Egxnd3Mtd2l6LXNlcnAiJUJ1eSBLZXRhbWluZSBMaXF1aWQgNTAwbWcvMTBtbCBvbmxpbmVIqwVQAFgAcAB4AJABAJgBrgKgAa4CqgEDMy0xuAEDyAEA-AEC-AEBmAIAoAIAmAMAkgcAoAdZsgcAuAcA&amp;sclient=gws-wiz-serp\">all possible sensations<\/a>Dodatkowo mo\u017cliwe s\u0105 lewitacja, stymulacja i efekty wizualne. \"K-hole\" mo\u017ce zatem wyst\u0105pi\u0107 przy wy\u017cszych dawkach. Ponadto uwa\u017ca si\u0119, \u017ce u\u017cytkownicy symuluj\u0105 do\u015bwiadczenie \"poza cia\u0142em\" lub \"bliskie \u015bmierci\" i s\u0105 bliscy ca\u0142kowitej senno\u015bci. Wysokie dawki mog\u0105 stanowi\u0107 zagro\u017cenie poprzez zmniejszenie oddychania, prowadzi\u0107 do powa\u017cnej dezorientacji, zawrot\u00f3w g\u0142owy, problem\u00f3w z r\u00f3wnowag\u0105, niewyra\u017anej mowy, skurcz\u00f3w mi\u0119\u015bni lub os\u0142abienia, zaburze\u0144 wzroku, nudno\u015bci i wymiot\u00f3w. Zakup ketaminy online | Zakup ketaminy online w USA | Zam\u00f3w Calypsol Ketamine Hcl<a href=\"https:\/\/www.bing.com\/search?q=Buy%20Ketamine%20Liquid%20500mg%2F10ml%20online&amp;qs=n&amp;form=QBRE&amp;sp=-1&amp;lq=0&amp;pq=buy%20ketamine%20liquid%20500mg%2F10ml%20online&amp;sc=0-37&amp;sk=&amp;cvid=0EC77725CE214E038A859FEA76F0E8EB&amp;ghsh=0&amp;ghacc=0&amp;ghpl=\">Order Calypsol Ketamine Hcl<\/a><\/p>\n<h3>NA SPRZEDA\u017b: KETAMINA 500 MG\/10 ML<\/h3>\n<p>How to get ketamine online and where to <a href=\"https:\/\/duckduckgo.com\/?q=Buy+Ketamine+Liquid+500mg%2F10ml+online&amp;t=h_&amp;ia=web\">buy cheap ketamine<\/a>. Additionally, <a href=\"https:\/\/www.google.com\/search?q=Buy+Ketamine+Liquid+500mg%2F10ml+online&amp;sca_esv=2a2a93e8be91f013&amp;sxsrf=AHTn8zqcEInv9wi3fiWT2jsf8SaBU4IP7w%3A1742968978536&amp;ei=kpjjZ6GrIKDtseMPmuyQoQ0&amp;ved=0ahUKEwihvMe2iaeMAxWgdmwGHRo2JNQQ4dUDCA8&amp;uact=5&amp;oq=Buy+Ketamine+Liquid+500mg%2F10ml+online&amp;gs_lp=Egxnd3Mtd2l6LXNlcnAiJUJ1eSBLZXRhbWluZSBMaXF1aWQgNTAwbWcvMTBtbCBvbmxpbmVIqwVQAFgAcAB4AJABAJgBrgKgAa4CqgEDMy0xuAEDyAEA-AEC-AEBmAIAoAIAmAMAkgcAoAdZsgcAuAcA&amp;sclient=gws-wiz-serp\">buy ketamine online usa<\/a>Jak zdoby\u0107 ketamin\u0119 online i gdzie kupi\u0107 tani\u0105 ketamin\u0119. Dodatkowo, kup ketamin\u0119 online w USA, kup ketamin\u0119 online bez recepty, zakup online, zakup ketaminy online i kup ketamin\u0119 na sprzeda\u017c. Ketamina<a href=\"https:\/\/narcopowders.com\/pl\/\">.<\/a><\/p>","protected":false},"excerpt":{"rendered":"<p>Buy Ketamine Liquid 500mg\/10ml ketamine 500 mg\/10 ml | Ketamine Liquid for sale We are currently a top provider of Calypsol Ketamine Hcl\u00a0 use in medicine and research. Additionally, We is authorised to transport legally all over the world. Additionally, if you find yourself in a risky scenario, it may be dangerous. Therefore, there are [&hellip;]<\/p>","protected":false},"featured_media":19502,"comment_status":"open","ping_status":"closed","template":"","meta":{"_joinchat":[]},"product_brand":[],"product_cat":[1325],"product_tag":[],"class_list":{"0":"post-19470","1":"product","2":"type-product","3":"status-publish","4":"has-post-thumbnail","6":"product_cat-buy-ketamine-online","8":"first","9":"instock","10":"shipping-taxable","11":"purchasable","12":"product-type-variable","13":"add-to-wishlist-after_add_to_cart"},"yoast_head":"<!-- This site is optimized with the Yoast SEO plugin v25.9 - https:\/\/yoast.com\/wordpress\/plugins\/seo\/ -->\n<title>ketamine 500 mg\/10 ml - Narco Powders<\/title>\n<meta name=\"description\" content=\"ketamine 500 mg\/10 ml, Buy Calypsol Ketamine Hcl 500mg 10ml With Bitcoin Online-Work only needs 10-30 minutes of working time per day,\" \/>\n<meta name=\"robots\" content=\"index, follow, max-snippet:-1, max-image-preview:large, max-video-preview:-1\" \/>\n<link rel=\"canonical\" href=\"https:\/\/narcopowders.com\/pl\/produkt\/kupic-ketamina-plyn-500mg-10ml\/\" \/>\n<meta property=\"og:locale\" content=\"pl_PL\" \/>\n<meta property=\"og:type\" content=\"article\" \/>\n<meta property=\"og:title\" content=\"ketamine 500 mg\/10 ml - Narco Powders\" \/>\n<meta property=\"og:description\" content=\"ketamine 500 mg\/10 ml, Buy Calypsol Ketamine Hcl 500mg 10ml With Bitcoin Online-Work only needs 10-30 minutes of working time per day,\" \/>\n<meta property=\"og:url\" content=\"https:\/\/narcopowders.com\/pl\/produkt\/kupic-ketamina-plyn-500mg-10ml\/\" \/>\n<meta property=\"og:site_name\" content=\"Narco Powders\" \/>\n<meta property=\"article:modified_time\" content=\"2025-09-25T08:12:30+00:00\" \/>\n<meta property=\"og:image\" content=\"https:\/\/narcopowders.com\/wp-content\/uploads\/2023\/07\/Buy-Ketamine-Liquid.jpg\" \/>\n\t<meta property=\"og:image:width\" content=\"600\" \/>\n\t<meta property=\"og:image:height\" content=\"600\" \/>\n\t<meta property=\"og:image:type\" content=\"image\/jpeg\" \/>\n<meta name=\"twitter:card\" content=\"summary_large_image\" \/>\n<meta name=\"twitter:label1\" content=\"Szacowany czas czytania\" \/>\n\t<meta name=\"twitter:data1\" content=\"2 minuty\" \/>\n<!-- \/ Yoast SEO plugin. -->","yoast_head_json":{"title":"ketamina 500 mg\/10 ml - Narco Powders","description":"ketamina 500 mg\/10 ml, Kup Calypsol Ketamine Hcl 500mg 10ml Z Bitcoin Online-Praca wymaga tylko 10-30 minut czasu pracy dziennie,","robots":{"index":"index","follow":"follow","max-snippet":"max-snippet:-1","max-image-preview":"max-image-preview:large","max-video-preview":"max-video-preview:-1"},"canonical":"https:\/\/narcopowders.com\/pl\/produkt\/kupic-ketamina-plyn-500mg-10ml\/","og_locale":"pl_PL","og_type":"article","og_title":"ketamine 500 mg\/10 ml - Narco Powders","og_description":"ketamine 500 mg\/10 ml, Buy Calypsol Ketamine Hcl 500mg 10ml With Bitcoin Online-Work only needs 10-30 minutes of working time per day,","og_url":"https:\/\/narcopowders.com\/pl\/produkt\/kupic-ketamina-plyn-500mg-10ml\/","og_site_name":"Narco Powders","article_modified_time":"2025-09-25T08:12:30+00:00","og_image":[{"width":600,"height":600,"url":"https:\/\/narcopowders.com\/wp-content\/uploads\/2023\/07\/Buy-Ketamine-Liquid.jpg","type":"image\/jpeg"}],"twitter_card":"summary_large_image","twitter_misc":{"Szacowany czas czytania":"2 minuty"},"schema":{"@context":"https:\/\/schema.org","@graph":[{"@type":"WebPage","@id":"https:\/\/narcopowders.com\/product\/buy-ketamine-liquid-500mg-10ml\/","url":"https:\/\/narcopowders.com\/product\/buy-ketamine-liquid-500mg-10ml\/","name":"ketamina 500 mg\/10 ml - Narco Powders","isPartOf":{"@id":"https:\/\/narcopowders.com\/#website"},"primaryImageOfPage":{"@id":"https:\/\/narcopowders.com\/product\/buy-ketamine-liquid-500mg-10ml\/#primaryimage"},"image":{"@id":"https:\/\/narcopowders.com\/product\/buy-ketamine-liquid-500mg-10ml\/#primaryimage"},"thumbnailUrl":"https:\/\/narcopowders.com\/wp-content\/uploads\/2023\/07\/Buy-Ketamine-Liquid.jpg","datePublished":"2023-07-29T08:57:33+00:00","dateModified":"2025-09-25T08:12:30+00:00","description":"ketamina 500 mg\/10 ml, Kup Calypsol Ketamine Hcl 500mg 10ml Z Bitcoin Online-Praca wymaga tylko 10-30 minut czasu pracy dziennie,","breadcrumb":{"@id":"https:\/\/narcopowders.com\/product\/buy-ketamine-liquid-500mg-10ml\/#breadcrumb"},"inLanguage":"pl-PL","potentialAction":[{"@type":"ReadAction","target":["https:\/\/narcopowders.com\/product\/buy-ketamine-liquid-500mg-10ml\/"]}]},{"@type":"ImageObject","inLanguage":"pl-PL","@id":"https:\/\/narcopowders.com\/product\/buy-ketamine-liquid-500mg-10ml\/#primaryimage","url":"https:\/\/narcopowders.com\/wp-content\/uploads\/2023\/07\/Buy-Ketamine-Liquid.jpg","contentUrl":"https:\/\/narcopowders.com\/wp-content\/uploads\/2023\/07\/Buy-Ketamine-Liquid.jpg","width":600,"height":600,"caption":"Buy-Ketamine-Liquid online"},{"@type":"BreadcrumbList","@id":"https:\/\/narcopowders.com\/product\/buy-ketamine-liquid-500mg-10ml\/#breadcrumb","itemListElement":[{"@type":"ListItem","position":1,"name":"Home","item":"https:\/\/narcopowders.com\/"},{"@type":"ListItem","position":2,"name":"Shop Page","item":"https:\/\/narcopowders.com\/shop\/"},{"@type":"ListItem","position":3,"name":"Buy Ketamine Liquid 500mg\/10ml"}]},{"@type":"WebSite","@id":"https:\/\/narcopowders.com\/#website","url":"https:\/\/narcopowders.com\/","name":"Proszki Narco","description":"M\u00f3j blog WordPress","potentialAction":[{"@type":"SearchAction","target":{"@type":"EntryPoint","urlTemplate":"https:\/\/narcopowders.com\/?s={search_term_string}"},"query-input":{"@type":"PropertyValueSpecification","valueRequired":true,"valueName":"search_term_string"}}],"inLanguage":"pl-PL"}]}},"_links":{"self":[{"href":"https:\/\/narcopowders.com\/pl\/wp-json\/wp\/v2\/product\/19470","targetHints":{"allow":["GET"]}}],"collection":[{"href":"https:\/\/narcopowders.com\/pl\/wp-json\/wp\/v2\/product"}],"about":[{"href":"https:\/\/narcopowders.com\/pl\/wp-json\/wp\/v2\/types\/product"}],"replies":[{"embeddable":true,"href":"https:\/\/narcopowders.com\/pl\/wp-json\/wp\/v2\/comments?post=19470"}],"wp:featuredmedia":[{"embeddable":true,"href":"https:\/\/narcopowders.com\/pl\/wp-json\/wp\/v2\/media\/19502"}],"wp:attachment":[{"href":"https:\/\/narcopowders.com\/pl\/wp-json\/wp\/v2\/media?parent=19470"}],"wp:term":[{"taxonomy":"product_brand","embeddable":true,"href":"https:\/\/narcopowders.com\/pl\/wp-json\/wp\/v2\/product_brand?post=19470"},{"taxonomy":"product_cat","embeddable":true,"href":"https:\/\/narcopowders.com\/pl\/wp-json\/wp\/v2\/product_cat?post=19470"},{"taxonomy":"product_tag","embeddable":true,"href":"https:\/\/narcopowders.com\/pl\/wp-json\/wp\/v2\/product_tag?post=19470"}],"curies":[{"name":"wp","href":"https:\/\/api.w.org\/{rel}","templated":true}]}}