{"id":19507,"date":"2023-07-29T09:21:56","date_gmt":"2023-07-29T09:21:56","guid":{"rendered":"https:\/\/narcopowders.com\/?post_type=product&#038;p=19507"},"modified":"2025-09-25T08:20:55","modified_gmt":"2025-09-25T08:20:55","slug":"buy-ketamine-rotex-50mg-1ml","status":"publish","type":"product","link":"https:\/\/narcopowders.com\/pl\/produkt\/kupic-ketamina-rotex-50mg-1ml\/","title":{"rendered":"Kup Ketamine Rotex 50mg\/1ml"},"content":{"rendered":"<h2>Kup Ketamine Rotex 50mg\/1ml<\/h2>\n<p><a href=\"https:\/\/narcopowders.com\/pl\/produkt\/kupic-ketamina-rotex-50mg-1ml\/\">Kup Ketamine Rotex online<\/a><\/p>\n<p>Gwa\u0142towny haj wywo\u0142any przez ketamin\u0119 trwa oko\u0142o godziny. Rozpoczyna si\u0119 2 do 5 minut po wypaleniu lub spo\u017cyciu dawki. W przypadku u\u017cycia zastrzyku, pojawia si\u0119 on oko\u0142o 30 sekund po wstrzykni\u0119ciu. <a href=\"https:\/\/narcopowders.com\/pl\/\">ketamina rotex online<\/a><\/p>\n<p>La <a href=\"https:\/\/www.bing.com\/search?q=Buy%20Ketamine%20Rotex%20Online&amp;qs=n&amp;form=QBRE&amp;sp=-1&amp;lq=0&amp;pq=buy%20ketamine%20rotex%20online&amp;sc=0-25&amp;sk=&amp;cvid=90D7C64D59B34FACBA43D679EB0165F5&amp;ghsh=0&amp;ghacc=0&amp;ghpl=\">Niezwyk\u0142e poczucie relaksu, jakie odczuwasz<\/a> Obezw\u0142adniaj\u0105ce poczucie relaksu, kt\u00f3rego u\u017cytkownik do\u015bwiadcza jako pocz\u0105tkowego haju, jest cz\u0119sto okre\u015blane jako brz\u0119czenie ca\u0142ego cia\u0142a. Niekt\u00f3rzy u\u017cytkownicy twierdz\u0105, \u017ce czuj\u0105 si\u0119, jakby unosili si\u0119 w powietrzu, a niekt\u00f3rzy nawet m\u00f3wi\u0105, \u017ce czuj\u0105 si\u0119, jakby nie byli w swoim ciele.<\/p>\n<p>Halucynacje s\u0105 powszechne i cz\u0119sto trwaj\u0105 d\u0142u\u017cej ni\u017c efekty znieczulenia. Zakupy ketaminy rotex online<a href=\"https:\/\/en.wikipedia.org\/wiki\/Ketamine\">Zakupy ketaminy Rotex online<\/a><\/p>\n<p><a href=\"https:\/\/www.google.com\/search?q=Buy+Ketamine+Rotex+Online&amp;sca_esv=2a2a93e8be91f013&amp;sxsrf=AHTn8zoVEDh58FZV0RrZSO-V2d31RQyAOA%3A1742969362343&amp;ei=EprjZ63aFNGNseMP84OF8Ao&amp;ved=0ahUKEwitq8ntiqeMAxXRRmwGHfNBAa4Q4dUDCA8&amp;uact=5&amp;oq=Buy+Ketamine+Rotex+Online&amp;gs_lp=Egxnd3Mtd2l6LXNlcnAiGUJ1eSBLZXRhbWluZSBSb3RleCBPbmxpbmVI1QlQ2gRY2gRwAngAkAEBmAGpAqAB5gOqAQUwLjEuMbgBA8gBAPgBAvgBAZgCAKACAJgDAIgGAZIHAKAHowGyBwC4BwA&amp;sclient=gws-wiz-serp\">Users report complete<\/a> U\u017cytkownicy zg\u0142aszaj\u0105 ca\u0142kowit\u0105 i ca\u0142kowit\u0105 dysocjacj\u0119 od swoich cia\u0142 przy wy\u017cszych dawkach, co mo\u017ce mie\u0107 powa\u017cniejsze skutki.<\/p>\n<h3>Tanie Ketamine Rotex 50mg\/1ml mo\u017cna kupi\u0107 online.<\/h3>\n<p>W niedawnym badaniu zbadano skuteczno\u015b\u0107 <a href=\"https:\/\/www.bing.com\/search?q=Buy%20Ketamine%20Rotex%20Online&amp;qs=n&amp;form=QBRE&amp;sp=-1&amp;lq=0&amp;pq=buy%20ketamine%20rotex%20online&amp;sc=0-25&amp;sk=&amp;cvid=90D7C64D59B34FACBA43D679EB0165F5&amp;ghsh=0&amp;ghacc=0&amp;ghpl=\">ketamine in reducing social tension<\/a>.<\/p>\n<p>18 doros\u0142ych, u kt\u00f3rych stwierdzono<\/p>\n<p>Marka Rotex jest u\u017cywana przez firm\u0119 produkuj\u0105c\u0105 roztw\u00f3r ketaminy. <a href=\"https:\/\/duckduckgo.com\/?q=Buy+Ketamine+Rotex+Online&amp;t=h_&amp;ia=web\">manufactures ketamine solution<\/a>.<\/p>\n<p>Jest to lek, kt\u00f3ry rozpoczyna proces oddzielania si\u0119 od obecnej sytuacji.<\/p>\n<p>Jest to dysocjacyjny \u015brodek uspokajaj\u0105cy, wi\u0119c stabilizuje ci\u0119, pomaga zapomnie\u0107, ale nie ca\u0142kowicie ci\u0119 powala.<\/p>\n<p>Po za\u017cyciu jednego z tych lek\u00f3w masz ochot\u0119 odp\u0142yn\u0105\u0107.<\/p>\n<p>It is an artificial <a href=\"https:\/\/www.google.com\/search?q=Buy+Ketamine+Rotex+Online&amp;sca_esv=2a2a93e8be91f013&amp;sxsrf=AHTn8zoVEDh58FZV0RrZSO-V2d31RQyAOA%3A1742969362343&amp;ei=EprjZ63aFNGNseMP84OF8Ao&amp;ved=0ahUKEwitq8ntiqeMAxXRRmwGHfNBAa4Q4dUDCA8&amp;uact=5&amp;oq=Buy+Ketamine+Rotex+Online&amp;gs_lp=Egxnd3Mtd2l6LXNlcnAiGUJ1eSBLZXRhbWluZSBSb3RleCBPbmxpbmVI1QlQ2gRY2gRwAngAkAEBmAGpAqAB5gOqAQUwLjEuMbgBA8gBAPgBAvgBAZgCAKACAJgDAIgGAZIHAKAHowGyBwC4BwA&amp;sclient=gws-wiz-serp\">NMDA<\/a> Agonista receptora. N-metylo-D-asparaginian jest okre\u015blany jako NMDA. Najnowsza teoria sugeruje, \u017ce dzia\u0142a on poprzez metabolit lub rozk\u0142ad. <a href=\"https:\/\/duckduckgo.com\/?q=Buy+Ketamine+Rotex+Online&amp;t=h_&amp;ia=web\">product of ketamine<\/a>, podczas gdy dok\u0142adny mechanizm dzia\u0142ania jest nadal niejasny. Kliknij tutaj, aby zapozna\u0107 si\u0119 ze szczeg\u00f3\u0142ow\u0105 definicj\u0105 ketaminy.<\/p>\n<p>&nbsp;<\/p>","protected":false},"excerpt":{"rendered":"<p>Buy Ketamine Rotex 50mg\/1ml Buy Ketamine Rotex Online The rapid high that ketamine causes lasts for roughly one hour. It begins 2 to 5 minutes after smoking or ingesting the dose. When an injection is used, it occurs about 30 seconds after the injection. online rotex ketamine The overpowering sense of relaxation that the user [&hellip;]<\/p>","protected":false},"featured_media":19511,"comment_status":"open","ping_status":"closed","template":"","meta":{"_joinchat":[]},"product_brand":[],"product_cat":[1325],"product_tag":[],"class_list":{"0":"post-19507","1":"product","2":"type-product","3":"status-publish","4":"has-post-thumbnail","6":"product_cat-buy-ketamine-online","8":"first","9":"instock","10":"shipping-taxable","11":"purchasable","12":"product-type-variable","13":"add-to-wishlist-after_add_to_cart"},"yoast_head":"<!-- This site is optimized with the Yoast SEO plugin v25.9 - https:\/\/yoast.com\/wordpress\/plugins\/seo\/ -->\n<title>Buy Ketamine Rotex 50mg\/1ml - Narco Powders<\/title>\n<meta name=\"description\" content=\"Buy Ketamine Rotex Online, Narcopowders is Selling Good Grade Ketamine for Bulk Order Rotex Ketamine online, High-Quality Bulk Ketamine Supply.\" \/>\n<meta name=\"robots\" content=\"index, follow, max-snippet:-1, max-image-preview:large, max-video-preview:-1\" \/>\n<link rel=\"canonical\" href=\"https:\/\/narcopowders.com\/pl\/produkt\/kupic-ketamina-rotex-50mg-1ml\/\" \/>\n<meta property=\"og:locale\" content=\"pl_PL\" \/>\n<meta property=\"og:type\" content=\"article\" \/>\n<meta property=\"og:title\" content=\"Buy Ketamine Rotex 50mg\/1ml - Narco Powders\" \/>\n<meta property=\"og:description\" content=\"Buy Ketamine Rotex Online, Narcopowders is Selling Good Grade Ketamine for Bulk Order Rotex Ketamine online, High-Quality Bulk Ketamine Supply.\" \/>\n<meta property=\"og:url\" content=\"https:\/\/narcopowders.com\/pl\/produkt\/kupic-ketamina-rotex-50mg-1ml\/\" \/>\n<meta property=\"og:site_name\" content=\"Narco Powders\" \/>\n<meta property=\"article:modified_time\" content=\"2025-09-25T08:20:55+00:00\" \/>\n<meta property=\"og:image\" content=\"https:\/\/narcopowders.com\/wp-content\/uploads\/2023\/07\/Buy-Ketamine-Rotex.jpg\" \/>\n\t<meta property=\"og:image:width\" content=\"600\" \/>\n\t<meta property=\"og:image:height\" content=\"600\" \/>\n\t<meta property=\"og:image:type\" content=\"image\/jpeg\" \/>\n<meta name=\"twitter:card\" content=\"summary_large_image\" \/>\n<meta name=\"twitter:label1\" content=\"Szacowany czas czytania\" \/>\n\t<meta name=\"twitter:data1\" content=\"2 minuty\" \/>\n<!-- \/ Yoast SEO plugin. -->","yoast_head_json":{"title":"Kup Ketamine Rotex 50mg\/1ml - Proszki Narko","description":"Buy Ketamine Rotex Online, Narcopowders is Selling Good Grade Ketamine for Bulk Order Rotex Ketamine online, High-Quality Bulk Ketamine Supply.","robots":{"index":"index","follow":"follow","max-snippet":"max-snippet:-1","max-image-preview":"max-image-preview:large","max-video-preview":"max-video-preview:-1"},"canonical":"https:\/\/narcopowders.com\/pl\/produkt\/kupic-ketamina-rotex-50mg-1ml\/","og_locale":"pl_PL","og_type":"article","og_title":"Buy Ketamine Rotex 50mg\/1ml - Narco Powders","og_description":"Buy Ketamine Rotex Online, Narcopowders is Selling Good Grade Ketamine for Bulk Order Rotex Ketamine online, High-Quality Bulk Ketamine Supply.","og_url":"https:\/\/narcopowders.com\/pl\/produkt\/kupic-ketamina-rotex-50mg-1ml\/","og_site_name":"Narco Powders","article_modified_time":"2025-09-25T08:20:55+00:00","og_image":[{"width":600,"height":600,"url":"https:\/\/narcopowders.com\/wp-content\/uploads\/2023\/07\/Buy-Ketamine-Rotex.jpg","type":"image\/jpeg"}],"twitter_card":"summary_large_image","twitter_misc":{"Szacowany czas czytania":"2 minuty"},"schema":{"@context":"https:\/\/schema.org","@graph":[{"@type":"WebPage","@id":"https:\/\/narcopowders.com\/product\/buy-ketamine-rotex-50mg-1ml\/","url":"https:\/\/narcopowders.com\/product\/buy-ketamine-rotex-50mg-1ml\/","name":"Kup Ketamine Rotex 50mg\/1ml - Proszki Narko","isPartOf":{"@id":"https:\/\/narcopowders.com\/#website"},"primaryImageOfPage":{"@id":"https:\/\/narcopowders.com\/product\/buy-ketamine-rotex-50mg-1ml\/#primaryimage"},"image":{"@id":"https:\/\/narcopowders.com\/product\/buy-ketamine-rotex-50mg-1ml\/#primaryimage"},"thumbnailUrl":"https:\/\/narcopowders.com\/wp-content\/uploads\/2023\/07\/Buy-Ketamine-Rotex.jpg","datePublished":"2023-07-29T09:21:56+00:00","dateModified":"2025-09-25T08:20:55+00:00","description":"Buy Ketamine Rotex Online, Narcopowders is Selling Good Grade Ketamine for Bulk Order Rotex Ketamine online, High-Quality Bulk Ketamine Supply.","breadcrumb":{"@id":"https:\/\/narcopowders.com\/product\/buy-ketamine-rotex-50mg-1ml\/#breadcrumb"},"inLanguage":"pl-PL","potentialAction":[{"@type":"ReadAction","target":["https:\/\/narcopowders.com\/product\/buy-ketamine-rotex-50mg-1ml\/"]}]},{"@type":"ImageObject","inLanguage":"pl-PL","@id":"https:\/\/narcopowders.com\/product\/buy-ketamine-rotex-50mg-1ml\/#primaryimage","url":"https:\/\/narcopowders.com\/wp-content\/uploads\/2023\/07\/Buy-Ketamine-Rotex.jpg","contentUrl":"https:\/\/narcopowders.com\/wp-content\/uploads\/2023\/07\/Buy-Ketamine-Rotex.jpg","width":600,"height":600,"caption":"Buy-Ketamine-Rotex online"},{"@type":"BreadcrumbList","@id":"https:\/\/narcopowders.com\/product\/buy-ketamine-rotex-50mg-1ml\/#breadcrumb","itemListElement":[{"@type":"ListItem","position":1,"name":"Home","item":"https:\/\/narcopowders.com\/"},{"@type":"ListItem","position":2,"name":"Shop Page","item":"https:\/\/narcopowders.com\/shop\/"},{"@type":"ListItem","position":3,"name":"Buy Ketamine Rotex 50mg\/1ml"}]},{"@type":"WebSite","@id":"https:\/\/narcopowders.com\/#website","url":"https:\/\/narcopowders.com\/","name":"Proszki Narco","description":"M\u00f3j blog WordPress","potentialAction":[{"@type":"SearchAction","target":{"@type":"EntryPoint","urlTemplate":"https:\/\/narcopowders.com\/?s={search_term_string}"},"query-input":{"@type":"PropertyValueSpecification","valueRequired":true,"valueName":"search_term_string"}}],"inLanguage":"pl-PL"}]}},"_links":{"self":[{"href":"https:\/\/narcopowders.com\/pl\/wp-json\/wp\/v2\/product\/19507","targetHints":{"allow":["GET"]}}],"collection":[{"href":"https:\/\/narcopowders.com\/pl\/wp-json\/wp\/v2\/product"}],"about":[{"href":"https:\/\/narcopowders.com\/pl\/wp-json\/wp\/v2\/types\/product"}],"replies":[{"embeddable":true,"href":"https:\/\/narcopowders.com\/pl\/wp-json\/wp\/v2\/comments?post=19507"}],"wp:featuredmedia":[{"embeddable":true,"href":"https:\/\/narcopowders.com\/pl\/wp-json\/wp\/v2\/media\/19511"}],"wp:attachment":[{"href":"https:\/\/narcopowders.com\/pl\/wp-json\/wp\/v2\/media?parent=19507"}],"wp:term":[{"taxonomy":"product_brand","embeddable":true,"href":"https:\/\/narcopowders.com\/pl\/wp-json\/wp\/v2\/product_brand?post=19507"},{"taxonomy":"product_cat","embeddable":true,"href":"https:\/\/narcopowders.com\/pl\/wp-json\/wp\/v2\/product_cat?post=19507"},{"taxonomy":"product_tag","embeddable":true,"href":"https:\/\/narcopowders.com\/pl\/wp-json\/wp\/v2\/product_tag?post=19507"}],"curies":[{"name":"wp","href":"https:\/\/api.w.org\/{rel}","templated":true}]}}