{"id":19548,"date":"2023-07-29T09:44:14","date_gmt":"2023-07-29T09:44:14","guid":{"rendered":"https:\/\/narcopowders.com\/?post_type=product&#038;p=19548"},"modified":"2025-09-25T08:27:16","modified_gmt":"2025-09-25T08:27:16","slug":"buy-ketanir-ketamine-500mg-10","status":"publish","type":"product","link":"https:\/\/narcopowders.com\/pl\/produkt\/kupic-ketanir-ketamina-500mg-10\/","title":{"rendered":"Kup Ketanir Ketamine 500mg\/10"},"content":{"rendered":"<h2>Kup ketamin\u0119 Ketanir<\/h2>\n<p><a href=\"https:\/\/narcopowders.com\/pl\/produkt\/kupic-ketanir-ketamina-500mg-10\/\">Kup Ketanir Ketamine online<\/a><\/p>\n<p>Typowe zastosowanie substancji <a href=\"https:\/\/narcopowders.com\/pl\/\">ketamine HCL is anaesthesia<\/a>. Chronic pain and sedation in acute care are <a href=\"https:\/\/en.wikipedia.org\/wiki\/Ketamine\">further applications<\/a>.<\/p>\n<p>Szybki wzrost, kt\u00f3ry <a href=\"https:\/\/www.bing.com\/search?q=Buy%20Ketanir%20Ketamine%20online&amp;qs=n&amp;form=QBRE&amp;sp=-1&amp;lq=0&amp;pq=buy%20ketanir%20ketamine%20online&amp;sc=0-27&amp;sk=&amp;cvid=2317054633F94C5A8BB2FAFDA4EC6C6F&amp;ghsh=0&amp;ghacc=0&amp;ghpl=\">ketamine causes<\/a> Gwa\u0142towny haj wywo\u0142any przez ketamin\u0119 trwa oko\u0142o godziny. Rozpoczyna si\u0119 2 do 5 minut po wypaleniu lub spo\u017cyciu dawki. W przypadku u\u017cycia zastrzyku, pojawia si\u0119 on oko\u0142o 30 sekund po wstrzykni\u0119ciu. <a href=\"https:\/\/www.google.com\/search?q=Buy+Ketanir+Ketamine+online&amp;sca_esv=2a2a93e8be91f013&amp;sxsrf=AHTn8zqZ0ZhZJouHVYWfDUqUn5ELqbuZmw%3A1742971169561&amp;ei=IaHjZ-L_IZSwseMPtf6l-Q8&amp;ved=0ahUKEwiilKnLkaeMAxUUWGwGHTV_Kf8Q4dUDCA8&amp;uact=5&amp;oq=Buy+Ketanir+Ketamine+online&amp;gs_lp=Egxnd3Mtd2l6LXNlcnAiG0J1eSBLZXRhbmlyIEtldGFtaW5lIG9ubGluZUiiCFCyA1iyA3ADeACQAQCYAZIDoAGSA6oBAzQtMbgBA8gBAPgBAvgBAZgCAKACAJgDAIgGAZIHAKAH0AGyBwC4BwA&amp;sclient=gws-wiz-serp\">500 mg\/10 ml of Ketanir Ketamine<\/a><\/p>\n<p>La abrumadora <a href=\"https:\/\/www.google.com\/search?q=Buy+Ketanir+Ketamine+online&amp;sca_esv=2a2a93e8be91f013&amp;sxsrf=AHTn8zqZ0ZhZJouHVYWfDUqUn5ELqbuZmw%3A1742971169561&amp;ei=IaHjZ-L_IZSwseMPtf6l-Q8&amp;ved=0ahUKEwiilKnLkaeMAxUUWGwGHTV_Kf8Q4dUDCA8&amp;uact=5&amp;oq=Buy+Ketanir+Ketamine+online&amp;gs_lp=Egxnd3Mtd2l6LXNlcnAiG0J1eSBLZXRhbmlyIEtldGFtaW5lIG9ubGluZUiiCFCyA1iyA3ADeACQAQCYAZIDoAGSA6oBAzQtMbgBA8gBAPgBAvgBAZgCAKACAJgDAIgGAZIHAKAH0AGyBwC4BwA&amp;sclient=gws-wiz-serp\">Niezwyk\u0142e poczucie relaksu, jakie odczuwasz<\/a> Obezw\u0142adniaj\u0105ce poczucie relaksu, kt\u00f3rego u\u017cytkownik do\u015bwiadcza jako pocz\u0105tkowego haju, jest cz\u0119sto okre\u015blane jako brz\u0119czenie ca\u0142ego cia\u0142a. Niekt\u00f3rzy u\u017cytkownicy twierdz\u0105, \u017ce czuj\u0105 si\u0119, jakby unosili si\u0119 w powietrzu, a niekt\u00f3rzy nawet m\u00f3wi\u0105, \u017ce czuj\u0105 si\u0119, jakby nie byli w swoim ciele. <a href=\"https:\/\/duckduckgo.com\/?q=Buy+Ketanir+Ketamine+online&amp;t=h_&amp;ia=web\">Halucynacje s\u0105 cz\u0119ste<\/a> Halucynacje s\u0105 powszechne i cz\u0119sto trwaj\u0105 d\u0142u\u017cej ni\u017c efekty znieczulenia. Zakupy ketaminy rotex online<\/p>\n<p>U\u017cytkownicy zg\u0142aszali pe\u0142ne i ca\u0142kowite od\u0142\u0105czenie si\u0119 od swoich cia\u0142 w wyniku powa\u017cniejszych efekt\u00f3w, jakie mog\u0105 wywo\u0142a\u0107 wy\u017csze dawki. Wra\u017cenia te okre\u015blane s\u0105 jako bycie w \"dziurze K\" i s\u0105 por\u00f3wnywalne do tych, kt\u00f3rych do\u015bwiadczy\u0142y osoby, kt\u00f3re mia\u0142y do\u015bwiadczenia bliskie \u015bmierci.<a href=\"https:\/\/duckduckgo.com\/?q=Buy+Ketanir+Ketamine+online&amp;t=h_&amp;ia=web\">K-hole<\/a>e\u201d i s\u0105 por\u00f3wnywalne do tych, kt\u00f3rych do\u015bwiadczy\u0142y osoby, kt\u00f3re prze\u017cy\u0142y do\u015bwiadczenia bliskie \u015bmierci.<\/p>\n<p><a href=\"https:\/\/www.bing.com\/search?q=Buy%20Ketanir%20Ketamine%20online&amp;qs=n&amp;form=QBRE&amp;sp=-1&amp;lq=0&amp;pq=buy%20ketanir%20ketamine%20online&amp;sc=0-27&amp;sk=&amp;cvid=2317054633F94C5A8BB2FAFDA4EC6C6F&amp;ghsh=0&amp;ghacc=0&amp;ghpl=\">Tanie Ketanir Ketamine 500mg\/10ml mo\u017cna kupi\u0107 online.<\/a>.<\/p>\n<p>&nbsp;<\/p>","protected":false},"excerpt":{"rendered":"<p>Buy Ketanir Ketamine Buy Ketanir Ketamine online A common application for the substance ketamine HCL is anaesthesia. Chronic pain and sedation in acute care are further applications. The rapid high that ketamine causes lasts for roughly one hour. It begins 2 to 5 minutes after smoking or ingesting the dose. When an injection is used, [&hellip;]<\/p>","protected":false},"featured_media":19549,"comment_status":"open","ping_status":"closed","template":"","meta":{"_joinchat":[]},"product_brand":[],"product_cat":[1325],"product_tag":[],"class_list":{"0":"post-19548","1":"product","2":"type-product","3":"status-publish","4":"has-post-thumbnail","6":"product_cat-buy-ketamine-online","8":"first","9":"instock","10":"shipping-taxable","11":"purchasable","12":"product-type-variable","13":"add-to-wishlist-after_add_to_cart"},"yoast_head":"<!-- This site is optimized with the Yoast SEO plugin v25.9 - https:\/\/yoast.com\/wordpress\/plugins\/seo\/ -->\n<title>Buy Ketanir Ketamine 500mg\/10 - Narco Powders<\/title>\n<meta name=\"robots\" content=\"index, follow, max-snippet:-1, max-image-preview:large, max-video-preview:-1\" \/>\n<link rel=\"canonical\" href=\"https:\/\/narcopowders.com\/pl\/produkt\/kupic-ketanir-ketamina-500mg-10\/\" \/>\n<meta property=\"og:locale\" content=\"pl_PL\" \/>\n<meta property=\"og:type\" content=\"article\" \/>\n<meta property=\"og:title\" content=\"Buy Ketanir Ketamine 500mg\/10 - Narco Powders\" \/>\n<meta property=\"og:description\" content=\"Buy Ketanir Ketamine Buy Ketanir Ketamine online A common application for the substance ketamine HCL is anaesthesia. Chronic pain and sedation in acute care are further applications. The rapid high that ketamine causes lasts for roughly one hour. It begins 2 to 5 minutes after smoking or ingesting the dose. When an injection is used, [&hellip;]\" \/>\n<meta property=\"og:url\" content=\"https:\/\/narcopowders.com\/pl\/produkt\/kupic-ketanir-ketamina-500mg-10\/\" \/>\n<meta property=\"og:site_name\" content=\"Narco Powders\" \/>\n<meta property=\"article:modified_time\" content=\"2025-09-25T08:27:16+00:00\" \/>\n<meta property=\"og:image\" content=\"https:\/\/narcopowders.com\/wp-content\/uploads\/2023\/07\/Buy-Ketanir-Ketamine.jpg\" \/>\n\t<meta property=\"og:image:width\" content=\"600\" \/>\n\t<meta property=\"og:image:height\" content=\"600\" \/>\n\t<meta property=\"og:image:type\" content=\"image\/jpeg\" \/>\n<meta name=\"twitter:card\" content=\"summary_large_image\" \/>\n<meta name=\"twitter:label1\" content=\"Szacowany czas czytania\" \/>\n\t<meta name=\"twitter:data1\" content=\"1 minuta\" \/>\n<!-- \/ Yoast SEO plugin. -->","yoast_head_json":{"title":"Kup Ketanir Ketamine 500mg\/10 - Narco Powders","robots":{"index":"index","follow":"follow","max-snippet":"max-snippet:-1","max-image-preview":"max-image-preview:large","max-video-preview":"max-video-preview:-1"},"canonical":"https:\/\/narcopowders.com\/pl\/produkt\/kupic-ketanir-ketamina-500mg-10\/","og_locale":"pl_PL","og_type":"article","og_title":"Buy Ketanir Ketamine 500mg\/10 - Narco Powders","og_description":"Buy Ketanir Ketamine Buy Ketanir Ketamine online A common application for the substance ketamine HCL is anaesthesia. Chronic pain and sedation in acute care are further applications. The rapid high that ketamine causes lasts for roughly one hour. It begins 2 to 5 minutes after smoking or ingesting the dose. When an injection is used, [&hellip;]","og_url":"https:\/\/narcopowders.com\/pl\/produkt\/kupic-ketanir-ketamina-500mg-10\/","og_site_name":"Narco Powders","article_modified_time":"2025-09-25T08:27:16+00:00","og_image":[{"width":600,"height":600,"url":"https:\/\/narcopowders.com\/wp-content\/uploads\/2023\/07\/Buy-Ketanir-Ketamine.jpg","type":"image\/jpeg"}],"twitter_card":"summary_large_image","twitter_misc":{"Szacowany czas czytania":"1 minuta"},"schema":{"@context":"https:\/\/schema.org","@graph":[{"@type":"WebPage","@id":"https:\/\/narcopowders.com\/product\/buy-ketanir-ketamine-500mg-10\/","url":"https:\/\/narcopowders.com\/product\/buy-ketanir-ketamine-500mg-10\/","name":"Kup Ketanir Ketamine 500mg\/10 - Narco Powders","isPartOf":{"@id":"https:\/\/narcopowders.com\/#website"},"primaryImageOfPage":{"@id":"https:\/\/narcopowders.com\/product\/buy-ketanir-ketamine-500mg-10\/#primaryimage"},"image":{"@id":"https:\/\/narcopowders.com\/product\/buy-ketanir-ketamine-500mg-10\/#primaryimage"},"thumbnailUrl":"https:\/\/narcopowders.com\/wp-content\/uploads\/2023\/07\/Buy-Ketanir-Ketamine.jpg","datePublished":"2023-07-29T09:44:14+00:00","dateModified":"2025-09-25T08:27:16+00:00","breadcrumb":{"@id":"https:\/\/narcopowders.com\/product\/buy-ketanir-ketamine-500mg-10\/#breadcrumb"},"inLanguage":"pl-PL","potentialAction":[{"@type":"ReadAction","target":["https:\/\/narcopowders.com\/product\/buy-ketanir-ketamine-500mg-10\/"]}]},{"@type":"ImageObject","inLanguage":"pl-PL","@id":"https:\/\/narcopowders.com\/product\/buy-ketanir-ketamine-500mg-10\/#primaryimage","url":"https:\/\/narcopowders.com\/wp-content\/uploads\/2023\/07\/Buy-Ketanir-Ketamine.jpg","contentUrl":"https:\/\/narcopowders.com\/wp-content\/uploads\/2023\/07\/Buy-Ketanir-Ketamine.jpg","width":600,"height":600,"caption":"Buy-Ketanir-Ketamine online"},{"@type":"BreadcrumbList","@id":"https:\/\/narcopowders.com\/product\/buy-ketanir-ketamine-500mg-10\/#breadcrumb","itemListElement":[{"@type":"ListItem","position":1,"name":"Home","item":"https:\/\/narcopowders.com\/"},{"@type":"ListItem","position":2,"name":"Shop Page","item":"https:\/\/narcopowders.com\/shop\/"},{"@type":"ListItem","position":3,"name":"Buy Ketanir Ketamine 500mg\/10"}]},{"@type":"WebSite","@id":"https:\/\/narcopowders.com\/#website","url":"https:\/\/narcopowders.com\/","name":"Proszki Narco","description":"M\u00f3j blog WordPress","potentialAction":[{"@type":"SearchAction","target":{"@type":"EntryPoint","urlTemplate":"https:\/\/narcopowders.com\/?s={search_term_string}"},"query-input":{"@type":"PropertyValueSpecification","valueRequired":true,"valueName":"search_term_string"}}],"inLanguage":"pl-PL"}]}},"_links":{"self":[{"href":"https:\/\/narcopowders.com\/pl\/wp-json\/wp\/v2\/product\/19548","targetHints":{"allow":["GET"]}}],"collection":[{"href":"https:\/\/narcopowders.com\/pl\/wp-json\/wp\/v2\/product"}],"about":[{"href":"https:\/\/narcopowders.com\/pl\/wp-json\/wp\/v2\/types\/product"}],"replies":[{"embeddable":true,"href":"https:\/\/narcopowders.com\/pl\/wp-json\/wp\/v2\/comments?post=19548"}],"wp:featuredmedia":[{"embeddable":true,"href":"https:\/\/narcopowders.com\/pl\/wp-json\/wp\/v2\/media\/19549"}],"wp:attachment":[{"href":"https:\/\/narcopowders.com\/pl\/wp-json\/wp\/v2\/media?parent=19548"}],"wp:term":[{"taxonomy":"product_brand","embeddable":true,"href":"https:\/\/narcopowders.com\/pl\/wp-json\/wp\/v2\/product_brand?post=19548"},{"taxonomy":"product_cat","embeddable":true,"href":"https:\/\/narcopowders.com\/pl\/wp-json\/wp\/v2\/product_cat?post=19548"},{"taxonomy":"product_tag","embeddable":true,"href":"https:\/\/narcopowders.com\/pl\/wp-json\/wp\/v2\/product_tag?post=19548"}],"curies":[{"name":"wp","href":"https:\/\/api.w.org\/{rel}","templated":true}]}}