{"id":19778,"date":"2023-09-21T08:53:54","date_gmt":"2023-09-21T08:53:54","guid":{"rendered":"https:\/\/narcopowders.com\/?post_type=product&#038;p=19778"},"modified":"2025-03-25T11:42:10","modified_gmt":"2025-03-25T11:42:10","slug":"2c-b-pink-cocaine-buy","status":"publish","type":"product","link":"https:\/\/narcopowders.com\/pl\/produkt\/2c-b-zakup-rozowej-kokainy\/","title":{"rendered":"Kup 2C-B Pink Cocaine online"},"content":{"rendered":"<h2>Kup 2C-B Pink Cocaine w proszku dost\u0119pny w sprzeda\u017cy.<\/h2>\n<p><a href=\"https:\/\/www.bing.com\/search?q=Buy%202C-B%20Pink%20Cocaine%20Online&amp;qs=n&amp;form=QBRE&amp;sp=-1&amp;lq=0&amp;pq=buy%202c-b%20pink%20cocaine%20online&amp;sc=0-28&amp;sk=&amp;cvid=F7564225A3114A759942C92E1FFEC817&amp;ghsh=0&amp;ghacc=0&amp;ghpl=\">2C-B Kupno r\u00f3\u017cowej kokainy<\/a>, 2. R\u00f3\u017cowa kokaina w proszku jest najcz\u0119stsz\u0105 form\u0105 wsp\u00f3lnego u\u017cytku, ludzie nazywaj\u0105 j\u0105 \u201eTu\u0441\u0456b\u0456\u201d, \u201eelitarnym narkotykiem\u201d ze wzgl\u0119du na jej wysok\u0105 cen\u0119. Ma r\u00f3wnie\u017c inne nazwy, takie jak Venus, Er\u043ex, Nexus, MFT, r\u00f3\u017cowy. R\u00f3\u017cowa kokaina zyska\u0142a popularno\u015b\u0107 w latach osiemdziesi\u0105tych, kiedy odkryto wiele innych syntetycznych narkotyk\u00f3w <a href=\"https:\/\/www.bing.com\/search?q=Buy%202C-B%20Pink%20Cocaine%20Online&amp;qs=n&amp;form=QBRE&amp;sp=-1&amp;lq=0&amp;pq=buy%202c-b%20pink%20cocaine%20online&amp;sc=0-28&amp;sk=&amp;cvid=F7564225A3114A759942C92E1FFEC817&amp;ghsh=0&amp;ghacc=0&amp;ghpl=\">Kup 2C-B r\u00f3\u017cowy proszek kokainowy<\/a><a href=\"https:\/\/en.wikipedia.org\/wiki\/2C-B\">.<\/a><\/p>\n<h3>2C-B R\u00f3\u017cowa kokaina<\/h3>\n<p><a href=\"https:\/\/www.google.de\/search?q=Buy+2C-B+Pink+Cocaine+Online&amp;sca_esv=1a2a07081c7891bb&amp;rlz=1C1RXQR_enIN1098IN1098&amp;ei=0rfOZ5-yL9m0vr0PhfEx&amp;ved=0ahUKEwif46-joP-LAxVZmq8BHYV4DAAQ4dUDCBA&amp;uact=5&amp;oq=Buy+2C-B+Pink+Cocaine+Online&amp;gs_lp=Egxnd3Mtd2l6LXNlcnAiHEJ1eSAyQy1CIFBpbmsgQ29jYWluZSBPbmxpbmVIvQdQ-QJY-QJwAngAkAEAmAHgAaAB4AGqAQMyLTG4AQPIAQD4AQL4AQGYAgCgAgCYAwCIBgGSBwCgB9EB&amp;sclient=gws-wiz-serp\">2C-B (P\u0456nk\u00a0Cocaine)<\/a> Jest syntetycznym narkotykiem stymuluj\u0105cym. Oznacza to, \u017ce mo\u017cna go wytworzy\u0107 lub zsyntetyzowa\u0107 w laboratorium z substancj\u0105 chemiczn\u0105. Ten fakt odr\u00f3\u017cnia go od innych narkotyk\u00f3w wytwarzanych z naturalnych ro\u015blin, takich jak marihuana lub\u00a0<a href=\"https:\/\/www.google.de\/search?q=Buy+2C-B+Pink+Cocaine+Online&amp;sca_esv=1a2a07081c7891bb&amp;rlz=1C1RXQR_enIN1098IN1098&amp;ei=0rfOZ5-yL9m0vr0PhfEx&amp;ved=0ahUKEwif46-joP-LAxVZmq8BHYV4DAAQ4dUDCBA&amp;uact=5&amp;oq=Buy+2C-B+Pink+Cocaine+Online&amp;gs_lp=Egxnd3Mtd2l6LXNlcnAiHEJ1eSAyQy1CIFBpbmsgQ29jYWluZSBPbmxpbmVIvQdQ-QJY-QJwAngAkAEAmAHgAaAB4AGqAQMyLTG4AQPIAQD4AQL4AQGYAgCgAgCYAwCIBgGSBwCgB9EB&amp;sclient=gws-wiz-serp\">Kokaina<\/a><\/p>\n<p><a href=\"https:\/\/duckduckgo.com\/?q=Buy+2C-B+Pink+Cocaine+Online&amp;t=h_&amp;ia=web\">2C-B (Pink Cocaine)<\/a> ) wjecha\u0142 do Kolumbii przez Medellin. Nast\u0119pnie cz\u0142owiek, kt\u00f3rego wszyscy nazywali \"Al\u00e9j\u043e Tusibi\", pr\u00f3bowa\u0142 zrobi\u0107 lokaln\u0105 sprzeda\u017c narkotyku.<\/p>\n<h2><span data-preserver-spaces=\"true\">R\u00f3\u017cowa kokaina .<\/span><\/h2>\n<p><a href=\"https:\/\/duckduckgo.com\/?q=Buy+2C-B+Pink+Cocaine+Online&amp;t=h_&amp;ia=web\"><span data-preserver-spaces=\"true\">2C-B (P\u0456nk\u00a0<\/span><span data-preserver-spaces=\"true\">Kokaina<\/span><\/a><span data-preserver-spaces=\"true\"><a href=\"https:\/\/duckduckgo.com\/?q=Buy+2C-B+Pink+Cocaine+Online&amp;t=h_&amp;ia=web\">)<\/a> Jest syntetycznym narkotykiem stymuluj\u0105cym. Oznacza to, \u017ce mo\u017cna go wytworzy\u0107 lub zsyntetyzowa\u0107 w laboratorium z substancj\u0105 chemiczn\u0105. Ten fakt odr\u00f3\u017cnia go od innych narkotyk\u00f3w wytwarzanych z naturalnych ro\u015blin, takich jak marihuana lub\u00a0<\/span><span data-preserver-spaces=\"true\">Kokaina<\/span><span data-preserver-spaces=\"true\">.<\/span><\/p>\n<p><span data-preserver-spaces=\"true\">przy zakupie r\u00f3\u017cowej kokainy 2C-B (<\/span><a href=\"https:\/\/narcopowders.com\/pl\/produkt\/2c-b-zakup-rozowej-kokainy\/\"><span data-preserver-spaces=\"true\">R\u00f3\u017cowa kokaina<\/span><\/a><span data-preserver-spaces=\"true\">) wjecha\u0142 do Kolumbii przez Medellin. Nast\u0119pnie cz\u0142owiek, kt\u00f3rego wszyscy nazywali \"Al\u00e9j\u043e Tusibi\", pr\u00f3bowa\u0142 zrobi\u0107 lokaln\u0105 sprzeda\u017c narkotyku.<a href=\"https:\/\/narcopowders.com\/pl\/\">.<\/a><\/span><\/p>\n<h3>2C-B na sprzeda\u017c<\/h3>\n<p>2C-B na sprzeda\u017c. <strong>Ludzie nazywaj\u0105 Tucibi \"elitarnym lekarstwem\" ze wzgl\u0119du na jego wysok\u0105 cen\u0119. <\/strong>Ma te\u017c inne nazwy, takie jak Venus, Erox, Nexus, MFT, r\u00f3\u017cowa kokaina, \u017ceby wymieni\u0107 tylko kilka. Jej nazwa Pochodzenie to <a href=\"https:\/\/en.wikipedia.org\/wiki\/2C-B\">2C-B<\/a>Ma r\u00f3wnie\u017c inne nazwy, takie jak Venus, Erox, Nexus, MFT, r\u00f3\u017cowa kokaina, \u017ceby wymieni\u0107 tylko kilka. Jego nazwa pochodzi od 2C-B, w ten spos\u00f3b jest klasyfikowany jako narkotyk. Jednak osoby angloj\u0119zyczne nazwa\u0142y j\u0105 2C-B, a kiedy osoby hiszpa\u0144skoj\u0119zyczne zaadaptowa\u0142y t\u0119 nazw\u0119, sta\u0142a si\u0119 Tu-Ci-Bi (po hiszpa\u0144sku wymawiane \"Too-See-Bee\").<span id=\"more-39925\"><\/span><\/p>\n<p><strong>Media m\u00f3wi\u0105 o nim jak o nowym narkotyku. Prawda jest taka, \u017ce istnieje on od 1974 roku. <\/strong>M\u0119\u017cczyzna o imieniu Alexander Shulgin stworzy\u0142 formu\u0142\u0119 w laboratorium w Kalifornii. Wiele os\u00f3b twierdzi, \u017ce zosta\u0142a ona wynaleziona w Niemczech, ale to nieprawda.<\/p>\n<p><strong>Tucibi jest lekiem syntetycznym. Oznacza to, \u017ce mo\u017cna go wytworzy\u0107 lub zsyntetyzowa\u0107 w laboratorium za pomoc\u0105 chemikali\u00f3w. <\/strong>To odr\u00f3\u017cnia j\u0105 od innych narkotyk\u00f3w wytwarzanych z naturalnych ro\u015blin, takich jak marihuana czy kokaina. 2C-B Pink Cocaine Kupno <a href=\"https:\/\/narcopowders.com\/pl\/\">2C-B Kupno r\u00f3\u017cowej kokainy<\/a><\/p>","protected":false},"excerpt":{"rendered":"<p>Buy 2C-B Pink Cocaine powder Av\u0430\u0456l\u0430bl\u0435 For S\u0430l\u0435. 2C-B Pink Cocaine Buy, 2\u0441 P\u0456nk Cocaine P\u043ewd\u0435r \u0456\u0455 th\u0435 m\u043e\u0455t common f\u043erm \u043ef \u0455\u0443nth\u0435t\u0456\u0441 \u0441\u043e\u0441\u0430\u0456n\u0435, \u0440\u0435\u043e\u0440l\u0435 call \u0456t \u201cTu\u0441\u0456b\u0456\u201d, th\u0435 \u201celite drug\u201d because \u043ef \u0456t\u0455 h\u0456gh \u0440r\u0456\u0441\u0435. It has \u043eth\u0435r names \u0430\u0455 w\u0435ll, l\u0456k\u0435 V\u0435nu\u0455, Er\u043ex, Nexus, MFT, \u0440\u0456nk \u0441\u043e\u0441\u0430\u0456n\u0435. Pink Cocaine b\u0435\u0441\u0430m\u0435 \u0440\u043e\u0440ul\u0430r dur\u0456ng th\u0435 [&hellip;]<\/p>","protected":false},"featured_media":19779,"comment_status":"open","ping_status":"closed","template":"","meta":{"_joinchat":[]},"product_brand":[],"product_cat":[1179],"product_tag":[1338,1344,1345,1339,1340,1341,1342,1343],"class_list":{"0":"post-19778","1":"product","2":"type-product","3":"status-publish","4":"has-post-thumbnail","6":"product_cat-buy-cocaine-online","7":"product_tag-2c-b-pink-cocaine-for-sale","8":"product_tag-2c-b-pink-cocaine-powder-for-sale-europe","9":"product_tag-2c-b-pink-cocaine-powder-for-sale-in-netherland","10":"product_tag-2c-pink-cocaine-powder-for-sale","11":"product_tag-buy-2c-b-pink-cocaine","12":"product_tag-buy-2c-b-pink-powder-cocaine","13":"product_tag-buy-2c-pink-cocaine-powder","14":"product_tag-purchase-2c-b-pink-cocaine","16":"first","17":"instock","18":"shipping-taxable","19":"purchasable","20":"product-type-variable","21":"add-to-wishlist-after_add_to_cart"},"yoast_head":"<!-- This site is optimized with the Yoast SEO plugin v25.9 - https:\/\/yoast.com\/wordpress\/plugins\/seo\/ -->\n<title>2C-B Pink Cocaine Buy - Order 2C-B (Pink Cocaine)<\/title>\n<meta name=\"description\" content=\"2C-B Pink Cocaine Buy, 2C-B for sale. You can also call it Tucibi . It also has other names, such as Venus, Nexus, pink Cocaine. Buy Tucibi Cocaine or pink.\" \/>\n<meta name=\"robots\" content=\"index, follow, max-snippet:-1, max-image-preview:large, max-video-preview:-1\" \/>\n<link rel=\"canonical\" href=\"https:\/\/narcopowders.com\/pl\/produkt\/2c-b-zakup-rozowej-kokainy\/\" \/>\n<meta property=\"og:locale\" content=\"pl_PL\" \/>\n<meta property=\"og:type\" content=\"article\" \/>\n<meta property=\"og:title\" content=\"2C-B Pink Cocaine Buy - Order 2C-B (Pink Cocaine)\" \/>\n<meta property=\"og:description\" content=\"2C-B Pink Cocaine Buy, 2C-B for sale. You can also call it Tucibi . It also has other names, such as Venus, Nexus, pink Cocaine. Buy Tucibi Cocaine or pink.\" \/>\n<meta property=\"og:url\" content=\"https:\/\/narcopowders.com\/pl\/produkt\/2c-b-zakup-rozowej-kokainy\/\" \/>\n<meta property=\"og:site_name\" content=\"Narco Powders\" \/>\n<meta property=\"article:modified_time\" content=\"2025-03-25T11:42:10+00:00\" \/>\n<meta property=\"og:image\" content=\"https:\/\/narcopowders.com\/wp-content\/uploads\/2023\/09\/2cb-powder.webp\" \/>\n\t<meta property=\"og:image:width\" content=\"768\" \/>\n\t<meta property=\"og:image:height\" content=\"841\" \/>\n\t<meta property=\"og:image:type\" content=\"image\/webp\" \/>\n<meta name=\"twitter:card\" content=\"summary_large_image\" \/>\n<meta name=\"twitter:label1\" content=\"Szacowany czas czytania\" \/>\n\t<meta name=\"twitter:data1\" content=\"2 minuty\" \/>\n<!-- \/ Yoast SEO plugin. -->","yoast_head_json":{"title":"2C-B Pink Cocaine Buy - Zam\u00f3w 2C-B (r\u00f3\u017cowa kokaina)","description":"2C-B Pink Cocaine Buy, 2C-B na sprzeda\u017c. Mo\u017cna go r\u00f3wnie\u017c nazwa\u0107 Tucibi. Ma r\u00f3wnie\u017c inne nazwy, takie jak Venus, Nexus, r\u00f3\u017cowa kokaina. Kup Tucibi Kokaina lub r\u00f3\u017cowy.","robots":{"index":"index","follow":"follow","max-snippet":"max-snippet:-1","max-image-preview":"max-image-preview:large","max-video-preview":"max-video-preview:-1"},"canonical":"https:\/\/narcopowders.com\/pl\/produkt\/2c-b-zakup-rozowej-kokainy\/","og_locale":"pl_PL","og_type":"article","og_title":"2C-B Pink Cocaine Buy - Order 2C-B (Pink Cocaine)","og_description":"2C-B Pink Cocaine Buy, 2C-B for sale. You can also call it Tucibi . It also has other names, such as Venus, Nexus, pink Cocaine. Buy Tucibi Cocaine or pink.","og_url":"https:\/\/narcopowders.com\/pl\/produkt\/2c-b-zakup-rozowej-kokainy\/","og_site_name":"Narco Powders","article_modified_time":"2025-03-25T11:42:10+00:00","og_image":[{"width":768,"height":841,"url":"https:\/\/narcopowders.com\/wp-content\/uploads\/2023\/09\/2cb-powder.webp","type":"image\/webp"}],"twitter_card":"summary_large_image","twitter_misc":{"Szacowany czas czytania":"2 minuty"},"schema":{"@context":"https:\/\/schema.org","@graph":[{"@type":"WebPage","@id":"https:\/\/narcopowders.com\/product\/2c-b-pink-cocaine-buy\/","url":"https:\/\/narcopowders.com\/product\/2c-b-pink-cocaine-buy\/","name":"2C-B Pink Cocaine Buy - Zam\u00f3w 2C-B (r\u00f3\u017cowa kokaina)","isPartOf":{"@id":"https:\/\/narcopowders.com\/#website"},"primaryImageOfPage":{"@id":"https:\/\/narcopowders.com\/product\/2c-b-pink-cocaine-buy\/#primaryimage"},"image":{"@id":"https:\/\/narcopowders.com\/product\/2c-b-pink-cocaine-buy\/#primaryimage"},"thumbnailUrl":"https:\/\/narcopowders.com\/wp-content\/uploads\/2023\/09\/2cb-powder.webp","datePublished":"2023-09-21T08:53:54+00:00","dateModified":"2025-03-25T11:42:10+00:00","description":"2C-B Pink Cocaine Buy, 2C-B na sprzeda\u017c. Mo\u017cna go r\u00f3wnie\u017c nazwa\u0107 Tucibi. Ma r\u00f3wnie\u017c inne nazwy, takie jak Venus, Nexus, r\u00f3\u017cowa kokaina. Kup Tucibi Kokaina lub r\u00f3\u017cowy.","breadcrumb":{"@id":"https:\/\/narcopowders.com\/product\/2c-b-pink-cocaine-buy\/#breadcrumb"},"inLanguage":"pl-PL","potentialAction":[{"@type":"ReadAction","target":["https:\/\/narcopowders.com\/product\/2c-b-pink-cocaine-buy\/"]}]},{"@type":"ImageObject","inLanguage":"pl-PL","@id":"https:\/\/narcopowders.com\/product\/2c-b-pink-cocaine-buy\/#primaryimage","url":"https:\/\/narcopowders.com\/wp-content\/uploads\/2023\/09\/2cb-powder.webp","contentUrl":"https:\/\/narcopowders.com\/wp-content\/uploads\/2023\/09\/2cb-powder.webp","width":768,"height":841,"caption":"Buy 2C-B Pink Cocaine Online"},{"@type":"BreadcrumbList","@id":"https:\/\/narcopowders.com\/product\/2c-b-pink-cocaine-buy\/#breadcrumb","itemListElement":[{"@type":"ListItem","position":1,"name":"Home","item":"https:\/\/narcopowders.com\/"},{"@type":"ListItem","position":2,"name":"Shop Page","item":"https:\/\/narcopowders.com\/shop\/"},{"@type":"ListItem","position":3,"name":"Buy 2C-B Pink Cocaine Online"}]},{"@type":"WebSite","@id":"https:\/\/narcopowders.com\/#website","url":"https:\/\/narcopowders.com\/","name":"Proszki Narco","description":"M\u00f3j blog WordPress","potentialAction":[{"@type":"SearchAction","target":{"@type":"EntryPoint","urlTemplate":"https:\/\/narcopowders.com\/?s={search_term_string}"},"query-input":{"@type":"PropertyValueSpecification","valueRequired":true,"valueName":"search_term_string"}}],"inLanguage":"pl-PL"}]}},"_links":{"self":[{"href":"https:\/\/narcopowders.com\/pl\/wp-json\/wp\/v2\/product\/19778","targetHints":{"allow":["GET"]}}],"collection":[{"href":"https:\/\/narcopowders.com\/pl\/wp-json\/wp\/v2\/product"}],"about":[{"href":"https:\/\/narcopowders.com\/pl\/wp-json\/wp\/v2\/types\/product"}],"replies":[{"embeddable":true,"href":"https:\/\/narcopowders.com\/pl\/wp-json\/wp\/v2\/comments?post=19778"}],"wp:featuredmedia":[{"embeddable":true,"href":"https:\/\/narcopowders.com\/pl\/wp-json\/wp\/v2\/media\/19779"}],"wp:attachment":[{"href":"https:\/\/narcopowders.com\/pl\/wp-json\/wp\/v2\/media?parent=19778"}],"wp:term":[{"taxonomy":"product_brand","embeddable":true,"href":"https:\/\/narcopowders.com\/pl\/wp-json\/wp\/v2\/product_brand?post=19778"},{"taxonomy":"product_cat","embeddable":true,"href":"https:\/\/narcopowders.com\/pl\/wp-json\/wp\/v2\/product_cat?post=19778"},{"taxonomy":"product_tag","embeddable":true,"href":"https:\/\/narcopowders.com\/pl\/wp-json\/wp\/v2\/product_tag?post=19778"}],"curies":[{"name":"wp","href":"https:\/\/api.w.org\/{rel}","templated":true}]}}