{"id":20481,"date":"2024-05-23T06:14:06","date_gmt":"2024-05-23T06:14:06","guid":{"rendered":"https:\/\/narcopowders.com\/?post_type=product&#038;p=20481"},"modified":"2025-03-26T07:53:12","modified_gmt":"2025-03-26T07:53:12","slug":"buy-5f-mdp-online","status":"publish","type":"product","link":"https:\/\/narcopowders.com\/pl\/produkt\/5f-mdp\/","title":{"rendered":"Kup 5F-MDP online"},"content":{"rendered":"<h2>Kup 5F-MDP online<\/h2>\n<p><a href=\"https:\/\/narcopowders.com\/pl\/produkt\/5f-mdp\/\">Buy 5F-MDP<\/a>, syntetyczny indazol 5F-MDP jest blisko spokrewniony z 5f-mdmb-2201. Jest to syntetyczna forma indazolo-3-karboksyamidu, kt\u00f3ra jest szeroko stosowana. S\u0105 one bardzo silnymi agonistami CB1. Nie jest uznawana za uznan\u0105 substancj\u0119 w \u017cadnej cz\u0119\u015bci kraju lub jurysdykcji. Uwa\u017ca si\u0119, \u017ce s\u0105 to analogi 5F lub pokrewnych zwi\u0105zk\u00f3w. Poniewa\u017c jest sprzedawany jako substancja chemiczna do bada\u0144, nie nadaje si\u0119 do spo\u017cycia przez ludzi ani zwierz\u0119ta. Mog\u0105 by\u0107 u\u017cywane wy\u0142\u0105cznie przez wykwalifikowanych specjalist\u00f3w kryminalistycznych lub laboratoryjnych. Mo\u017cesz <a href=\"https:\/\/narcopowders.com\/pl\/\">purchase 5F-MDP online<\/a> at a reasonable price from <a href=\"https:\/\/en.wikipedia.org\/wiki\/5F-MDMB-PICA\">NarcoPowders<\/a> .<\/p>\n<h3>Przesz\u0142o\u015b\u0107 5F-MDP<\/h3>\n<p>5F-MDP crystals are also known as <a href=\"https:\/\/www.bing.com\/search?q=Buy%205F-MDP%20online&amp;qs=n&amp;form=QBRE&amp;sp=-1&amp;lq=0&amp;pq=buy%205f-mdp%20online&amp;sc=9-17&amp;sk=&amp;cvid=6901E34219794B65A3244E12C26E5706&amp;ghsh=0&amp;ghacc=0&amp;ghpl=\">5F-AMB-PICA<\/a>, 5F-MMB-PICA i I-AMB. Ten sztuczny kannabinoid pochodzi z indolo-3-karboksyamidu. Jest sprzedawany jako narkotyk designerski i jest uwa\u017cany za aktywny sk\u0142adnik syntetycznych mieszanek konopi indyjskich. Zosta\u0142 on wprowadzony do u\u017cytku na Bia\u0142orusi i w Rosji w styczniu 2014 roku. Analogiem jest rdze\u0144 indolowy 5F-AMB. Nowsze syntetyczne zwi\u0105zki kannabinoidowe z rdzeniem indolo-3-karboksyamidowym lub indazolo-3-karboksyamidowym, w tym grup\u0105 N-1-metoksykarbonylow\u0105 z przy\u0142\u0105czonym podstawnikiem izopropylowym lub t-butylowym, okaza\u0142y si\u0119 mniej niebezpieczne ni\u017c starsze syntetyczne zwi\u0105zki konopi indyjskich<\/p>\n<h3>Dlaczego jeste\u015bmy najlepszym miejscem do zakupu 5F-MDP?<\/h3>\n<p>If you want to <a href=\"https:\/\/www.bing.com\/search?q=Buy%205F-MDP%20online&amp;qs=n&amp;form=QBRE&amp;sp=-1&amp;lq=0&amp;pq=buy%205f-mdp%20online&amp;sc=9-17&amp;sk=&amp;cvid=6901E34219794B65A3244E12C26E5706&amp;ghsh=0&amp;ghacc=0&amp;ghpl=\">kup 5F-MDP online<\/a> Bez konieczno\u015bci okazywania recepty komukolwiek, trafi\u0142e\u015b we w\u0142a\u015bciwe miejsce. Oferujemy szeroki wyb\u00f3r chemikali\u00f3w w konkurencyjnych cenach.<\/p>\n<p>Naszym celem jest oferowanie najlepszej mo\u017cliwej us\u0142ugi dostawy towar\u00f3w premium w mo\u017cliwie najkr\u00f3tszym czasie.<\/p>\n<p>Przy masie molowej 376,5 g mol -1, nasz sklep internetowy ma kolor br\u0105zowy lub \u017c\u00f3\u0142ty. Wz\u00f3r cz\u0105steczkowy cz\u0105steczki to C21H29FN203, a jej czysto\u015b\u0107 wynosi ponad 99,7%. Substancja chemiczna mo\u017ce by\u0107 r\u00f3wnie\u017c transportowana do najbardziej odleg\u0142ych zak\u0105tk\u00f3w ziemi. Obiecujemy r\u00f3wnie\u017c, \u017ce produkty zostan\u0105 dostarczone w idealnym stanie.<\/p>\n<p>Contact our online store to buy 5F-MDP. We will securely pack your entire order and deliver it to you. <a href=\"https:\/\/duckduckgo.com\/?q=Buy+5F-MDP+online&amp;t=h_&amp;ia=web\">Get 5F-MDP now<\/a>!<\/p>\n<h3>Zam\u00f3w 5F-MDP w Buy Nembutal ju\u017c dzi\u015b!<\/h3>\n<p>5F-MDMB-2201 for sale is a powerful <a href=\"https:\/\/www.google.com\/search?q=Buy+5F-MDP+online&amp;sca_esv=2a2a93e8be91f013&amp;sxsrf=AHTn8zrFZUv2vyzplVAmMnvJTgMv8Ix2Ag%3A1742975117935&amp;ei=jbDjZ8DhOI-hseMPieTPsQU&amp;ved=0ahUKEwiA3IamoKeMAxWPUGwGHQnyM1YQ4dUDCA8&amp;uact=5&amp;oq=Buy+5F-MDP+online&amp;gs_lp=Egxnd3Mtd2l6LXNlcnAiEUJ1eSA1Ri1NRFAgb25saW5lMgQQIxgnMgUQABjvBUjzBlDCAVjCAXABeACQAQCYAfoBoAH6AaoBAzItMbgBA8gBAPgBAfgBApgCAqACqAKoAhTCAgcQIxgnGOoCwgIUEAAYgAQYkQIYtAIYigUY6gLYAQHCAhQQABiABBjjBBi0AhjpBBjqAtgBAcICEBAAGAMYtAIY6gIYjwHYAQHCAhAQLhgDGLQCGOoCGI8B2AEBmAMk8QU8T4IcLrT-_boGBggBEAEYAZIHBTEuMC4xoAfXArIHAzItMbgHhAI&amp;sclient=gws-wiz-serp\">substancja chemiczna do bada\u0144<\/a> 5F-MDMB-2201 na sprzeda\u017c to pot\u0119\u017cna substancja chemiczna do bada\u0144, kt\u00f3ra staje si\u0119 coraz bardziej popularna w\u015br\u00f3d naukowc\u00f3w, badaczy i hobbyst\u00f3w. Zwi\u0105zek ten znany jest z r\u00f3\u017cnych korzy\u015bci medycznych i zosta\u0142 r\u00f3wnie\u017c zidentyfikowany jako potencjalny kandydat na lek. W NarcoPowders mo\u017cna \u0142atwo kupi\u0107 5F-MDMB-2201 online w przyst\u0119pnych cenach. <a href=\"https:\/\/duckduckgo.com\/?q=Buy+5F-MDP+online&amp;t=h_&amp;ia=web\">NarcoPowders<\/a>, you can easily buy 5F-MDMB-2201 online at affordable prices.<\/p>\n<h3>Zalety i zastosowanie 5F-MDP.<\/h3>\n<p><a href=\"https:\/\/www.google.com\/search?q=Buy+5F-MDP+online&amp;sca_esv=2a2a93e8be91f013&amp;sxsrf=AHTn8zrFZUv2vyzplVAmMnvJTgMv8Ix2Ag%3A1742975117935&amp;ei=jbDjZ8DhOI-hseMPieTPsQU&amp;ved=0ahUKEwiA3IamoKeMAxWPUGwGHQnyM1YQ4dUDCA8&amp;uact=5&amp;oq=Buy+5F-MDP+online&amp;gs_lp=Egxnd3Mtd2l6LXNlcnAiEUJ1eSA1Ri1NRFAgb25saW5lMgQQIxgnMgUQABjvBUjzBlDCAVjCAXABeACQAQCYAfoBoAH6AaoBAzItMbgBA8gBAPgBAfgBApgCAqACqAKoAhTCAgcQIxgnGOoCwgIUEAAYgAQYkQIYtAIYigUY6gLYAQHCAhQQABiABBjjBBi0AhjpBBjqAtgBAcICEBAAGAMYtAIY6gIYjwHYAQHCAhAQLhgDGLQCGOoCGI8B2AEBmAMk8QU8T4IcLrT-_boGBggBEAEYAZIHBTEuMC4xoAfXArIHAzItMbgHhAI&amp;sclient=gws-wiz-serp\">5f Mdmb 2201<\/a> to syntetyczny kannabinoid, kt\u00f3ry, jak si\u0119 uwa\u017ca, ma wiele takich samych w\u0142a\u015bciwo\u015bci leczniczych jak THC. Zwi\u0105zek ten jest obecnie badany pod k\u0105tem jego potencjalnej warto\u015bci terapeutycznej w r\u00f3\u017cnych chorobach. W niekt\u00f3rych schorzeniach wykazano, \u017ce 5F MDMB 2201 online jest skuteczny w leczeniu padaczki i l\u0119ku. Ponadto wykazano, \u017ce 5f Mdmb 2201 jest skuteczny przeciwko chorobie Alzheimera i innym formom demencji. Chocia\u017c nadal istniej\u0105 pewne niejasno\u015bci dotycz\u0105ce pe\u0142nego zakresu efekt\u00f3w terapeutycznych 5f Mdmb 2201, istnieje ogromny potencja\u0142, aby zwi\u0105zek ten sta\u0142 si\u0119 g\u0142\u00f3wnym graczem w leczeniu medycznym w przysz\u0142o\u015bci.<\/p>","protected":false},"excerpt":{"rendered":"<p>Buy 5F-MDP online Buy 5F-MDP, The synthetic indazole 5F-MDP is closely related to 5f-mdmb-2201. It is a synthetic form of indazole-3-carboxamide that is widely used. They are highly potent CB1 agonists. It is not recognized as a recognized substance in any part of the country or jurisdiction. These are believed to be analogues of 5F [&hellip;]<\/p>","protected":false},"featured_media":21302,"comment_status":"open","ping_status":"closed","template":"","meta":{"_joinchat":[]},"product_brand":[],"product_cat":[1724,1538],"product_tag":[],"class_list":{"0":"post-20481","1":"product","2":"type-product","3":"status-publish","4":"has-post-thumbnail","6":"product_cat-research-chemicals","7":"product_cat-cannabinoids","9":"first","10":"instock","11":"shipping-taxable","12":"purchasable","13":"product-type-variable","14":"add-to-wishlist-after_add_to_cart"},"yoast_head":"<!-- This site is optimized with the Yoast SEO plugin v25.9 - https:\/\/yoast.com\/wordpress\/plugins\/seo\/ -->\n<title>Buy 5F-MDP Online - 5F-MDP for Sale | NarcoPowders<\/title>\n<meta name=\"description\" content=\"Discover top-notch 5f-mdp for sale at our online store - buy 5f-mdp powder conveniently and securely to fuel your research. Explore and buy 5f-mdp online, advancing your scientific endeavors with ease. Order Now!\" \/>\n<meta name=\"robots\" content=\"index, follow, max-snippet:-1, max-image-preview:large, max-video-preview:-1\" \/>\n<link rel=\"canonical\" href=\"https:\/\/narcopowders.com\/pl\/produkt\/5f-mdp\/\" \/>\n<meta property=\"og:locale\" content=\"pl_PL\" \/>\n<meta property=\"og:type\" content=\"article\" \/>\n<meta property=\"og:title\" content=\"Buy 5F-MDP Online - 5F-MDP for Sale | NarcoPowders\" \/>\n<meta property=\"og:description\" content=\"Discover top-notch 5f-mdp for sale at our online store - buy 5f-mdp powder conveniently and securely to fuel your research. Explore and buy 5f-mdp online, advancing your scientific endeavors with ease. Order Now!\" \/>\n<meta property=\"og:url\" content=\"https:\/\/narcopowders.com\/pl\/produkt\/5f-mdp\/\" \/>\n<meta property=\"og:site_name\" content=\"Narco Powders\" \/>\n<meta property=\"article:modified_time\" content=\"2025-03-26T07:53:12+00:00\" \/>\n<meta property=\"og:image\" content=\"https:\/\/narcopowders.com\/wp-content\/uploads\/2024\/05\/5f-mdp.gif\" \/>\n\t<meta property=\"og:image:width\" content=\"600\" \/>\n\t<meta property=\"og:image:height\" content=\"600\" \/>\n\t<meta property=\"og:image:type\" content=\"image\/gif\" \/>\n<meta name=\"twitter:card\" content=\"summary_large_image\" \/>\n<meta name=\"twitter:label1\" content=\"Szacowany czas czytania\" \/>\n\t<meta name=\"twitter:data1\" content=\"3 minuty\" \/>\n<!-- \/ Yoast SEO plugin. -->","yoast_head_json":{"title":"Kup 5F-MDP online - 5F-MDP na sprzeda\u017c | NarcoPowders","description":"Odkryj najwy\u017cszej klasy 5f-mdp na sprzeda\u017c w naszym sklepie internetowym - kupuj proszek 5f-mdp wygodnie i bezpiecznie, aby nap\u0119dza\u0107 swoje badania. Przegl\u0105daj i kupuj 5f-mdp online, z \u0142atwo\u015bci\u0105 rozwijaj\u0105c swoje wysi\u0142ki naukowe. Zam\u00f3w teraz!","robots":{"index":"index","follow":"follow","max-snippet":"max-snippet:-1","max-image-preview":"max-image-preview:large","max-video-preview":"max-video-preview:-1"},"canonical":"https:\/\/narcopowders.com\/pl\/produkt\/5f-mdp\/","og_locale":"pl_PL","og_type":"article","og_title":"Buy 5F-MDP Online - 5F-MDP for Sale | NarcoPowders","og_description":"Discover top-notch 5f-mdp for sale at our online store - buy 5f-mdp powder conveniently and securely to fuel your research. Explore and buy 5f-mdp online, advancing your scientific endeavors with ease. Order Now!","og_url":"https:\/\/narcopowders.com\/pl\/produkt\/5f-mdp\/","og_site_name":"Narco Powders","article_modified_time":"2025-03-26T07:53:12+00:00","og_image":[{"width":600,"height":600,"url":"https:\/\/narcopowders.com\/wp-content\/uploads\/2024\/05\/5f-mdp.gif","type":"image\/gif"}],"twitter_card":"summary_large_image","twitter_misc":{"Szacowany czas czytania":"3 minuty"},"schema":{"@context":"https:\/\/schema.org","@graph":[{"@type":"WebPage","@id":"https:\/\/narcopowders.com\/product\/buy-5f-mdp-online\/","url":"https:\/\/narcopowders.com\/product\/buy-5f-mdp-online\/","name":"Kup 5F-MDP online - 5F-MDP na sprzeda\u017c | NarcoPowders","isPartOf":{"@id":"https:\/\/narcopowders.com\/#website"},"primaryImageOfPage":{"@id":"https:\/\/narcopowders.com\/product\/buy-5f-mdp-online\/#primaryimage"},"image":{"@id":"https:\/\/narcopowders.com\/product\/buy-5f-mdp-online\/#primaryimage"},"thumbnailUrl":"https:\/\/narcopowders.com\/wp-content\/uploads\/2024\/05\/5f-mdp.gif","datePublished":"2024-05-23T06:14:06+00:00","dateModified":"2025-03-26T07:53:12+00:00","description":"Odkryj najwy\u017cszej klasy 5f-mdp na sprzeda\u017c w naszym sklepie internetowym - kupuj proszek 5f-mdp wygodnie i bezpiecznie, aby nap\u0119dza\u0107 swoje badania. Przegl\u0105daj i kupuj 5f-mdp online, z \u0142atwo\u015bci\u0105 rozwijaj\u0105c swoje wysi\u0142ki naukowe. Zam\u00f3w teraz!","breadcrumb":{"@id":"https:\/\/narcopowders.com\/product\/buy-5f-mdp-online\/#breadcrumb"},"inLanguage":"pl-PL","potentialAction":[{"@type":"ReadAction","target":["https:\/\/narcopowders.com\/product\/buy-5f-mdp-online\/"]}]},{"@type":"ImageObject","inLanguage":"pl-PL","@id":"https:\/\/narcopowders.com\/product\/buy-5f-mdp-online\/#primaryimage","url":"https:\/\/narcopowders.com\/wp-content\/uploads\/2024\/05\/5f-mdp.gif","contentUrl":"https:\/\/narcopowders.com\/wp-content\/uploads\/2024\/05\/5f-mdp.gif","width":600,"height":600,"caption":"Buy 5f-mdp Online"},{"@type":"BreadcrumbList","@id":"https:\/\/narcopowders.com\/product\/buy-5f-mdp-online\/#breadcrumb","itemListElement":[{"@type":"ListItem","position":1,"name":"Home","item":"https:\/\/narcopowders.com\/"},{"@type":"ListItem","position":2,"name":"Shop Page","item":"https:\/\/narcopowders.com\/shop\/"},{"@type":"ListItem","position":3,"name":"Buy 5F-MDP Online"}]},{"@type":"WebSite","@id":"https:\/\/narcopowders.com\/#website","url":"https:\/\/narcopowders.com\/","name":"Proszki Narco","description":"M\u00f3j blog WordPress","potentialAction":[{"@type":"SearchAction","target":{"@type":"EntryPoint","urlTemplate":"https:\/\/narcopowders.com\/?s={search_term_string}"},"query-input":{"@type":"PropertyValueSpecification","valueRequired":true,"valueName":"search_term_string"}}],"inLanguage":"pl-PL"}]}},"_links":{"self":[{"href":"https:\/\/narcopowders.com\/pl\/wp-json\/wp\/v2\/product\/20481","targetHints":{"allow":["GET"]}}],"collection":[{"href":"https:\/\/narcopowders.com\/pl\/wp-json\/wp\/v2\/product"}],"about":[{"href":"https:\/\/narcopowders.com\/pl\/wp-json\/wp\/v2\/types\/product"}],"replies":[{"embeddable":true,"href":"https:\/\/narcopowders.com\/pl\/wp-json\/wp\/v2\/comments?post=20481"}],"wp:featuredmedia":[{"embeddable":true,"href":"https:\/\/narcopowders.com\/pl\/wp-json\/wp\/v2\/media\/21302"}],"wp:attachment":[{"href":"https:\/\/narcopowders.com\/pl\/wp-json\/wp\/v2\/media?parent=20481"}],"wp:term":[{"taxonomy":"product_brand","embeddable":true,"href":"https:\/\/narcopowders.com\/pl\/wp-json\/wp\/v2\/product_brand?post=20481"},{"taxonomy":"product_cat","embeddable":true,"href":"https:\/\/narcopowders.com\/pl\/wp-json\/wp\/v2\/product_cat?post=20481"},{"taxonomy":"product_tag","embeddable":true,"href":"https:\/\/narcopowders.com\/pl\/wp-json\/wp\/v2\/product_tag?post=20481"}],"curies":[{"name":"wp","href":"https:\/\/api.w.org\/{rel}","templated":true}]}}